{"id":14492,"date":"2019-09-02T10:16:39","date_gmt":"2019-09-02T10:16:39","guid":{"rendered":"https:\/\/www.apen.es\/?page_id=14492"},"modified":"2025-03-31T06:24:16","modified_gmt":"2025-03-31T06:24:16","slug":"manteniment-informatic-argentona","status":"publish","type":"page","link":"https:\/\/www.apen.es\/ca\/mantenimiento-informatico\/mantenimiento-informatico-argentona\/","title":{"rendered":"Manteniment inform\u00e0tic Argentona"},"content":{"rendered":"<p>A Apen podem oferir-te el millor equip t\u00e8cnic perqu\u00e8 gaudeixis d&#039;un&nbsp;<strong>manteniment inform\u00e0tic<\/strong>&nbsp;professional i comprom\u00e8s a Argentona. Comptem amb tres opcions perqu\u00e8 les PIMES escullen el tipus de manteniment que m\u00e9s s&#039;adapti a les seves necessitats, tenint en compte factors com els objectius empresarials, la quantitat d&#039;equips inform\u00e0tics que necessita, el pressupost, si ja compta amb un departament inform\u00e0tic propi, etc.<\/p>\n\n\n\n<p>El que s\u00ed que podem garantir-te \u00e9s que qualsevol empresa, sigui petita mitjana o gran, necessita comptar amb un departament inform\u00e0tic professional i amb una gran experi\u00e8ncia en el sector, que pugui resoldre tota mena d&#039;anomalies, errors al sistema o virus inform\u00e0tics, tal com fem a Apen. Nosaltres sempre donarem una resposta r\u00e0pida i resolutiva, per prevenir, corregir i solucionar qualsevol problema que es pugui derivar relacionat amb el&nbsp;<strong>manteniment inform\u00e0tic&nbsp;<\/strong>a<strong>&nbsp;Argentona<\/strong>, de manera que podr\u00e0s estar tranquil perqu\u00e8 els teus equips es mantindran sempre segurs i estables.<\/p>\n\n\n\n<p>Els tres tipus de manteniment inform\u00e0tic que us oferim es basen en el manteniment base, el manteniment outsourcing i el manteniment Premium. Els clients poden escollir des d&#039;un manteniment m\u00e9s essencial i b\u00e0sic per protegir els seus equips fins a un servei integral de gran qualitat. El&nbsp;<strong>manteniment inform\u00e0tic<\/strong>&nbsp;Premium a&nbsp;<strong>Argentona<\/strong>&nbsp;es basa en el monitoratge dels sistemes, aix\u00ed com en la prevenci\u00f3 i experi\u00e8ncia dels t\u00e8cnics inform\u00e0tics, per tal de reduir riscos i despeses. A m\u00e9s de cobrir les incid\u00e8ncies dels equips i tamb\u00e9 les instal\u00b7lacions contractades, completa el suport i el servei preventius per tal de mantenir el correcte funcionament dels equips.<\/p>\n\n\n\n<p>Entra a la nostra p\u00e0gina web i descobreix tot el que podem oferir a la teva PIME. Des de les nostres solucions cloud a les solucions d&#039;impressi\u00f3, els serveis de&nbsp;<strong>manteniment inform\u00e0tic<\/strong>&nbsp;a&nbsp;<strong>Argentona<\/strong>&nbsp;i el nostre servei de seguretat inform\u00e0tica. Al nostre portal web tamb\u00e9 podreu veure els casos d&#039;\u00e8xit d&#039;empreses que han confiat en nosaltres i que han obtingut molt bons resultats.<\/p>\n\n\n\n<p>I si vols estar al dia de tot el que estigui relacionat amb els sistemes inform\u00e0tics, la seguretat dels teus equips, sistemes d&#039;emmagatzematge al n\u00favol, programes de gesti\u00f3 o les noves tecnologies, et recomanem seguir el nostre bloc, on publiquem freq\u00fcentment articles que podran ajudar-te en la gesti\u00f3 de la teva empresa i en la cura i manteniment dels teus equips inform\u00e0tics. A Apen podr\u00e0s trobar la teva empresa inform\u00e0tica de confian\u00e7a, amb qu\u00e8 podr\u00e0s comptar sempre que ho necessitis. Aportem solucions per a la gesti\u00f3 d&#039;empreses per tal de millorar-ne la capacitat competitiva i proporcionar sistemes inform\u00e0tics evolutius d&#039;\u00faltima generaci\u00f3, que s&#039;adaptin a les necessitats de l&#039;empresa ia les demandes actuals del mercat.<\/p>","protected":false},"excerpt":{"rendered":"<p>En Apen podemos ofrecerte el mejor equipo t\u00e9cnico para que disfrutes de un&nbsp;mantenimiento inform\u00e1tico&nbsp;profesional y comprometido en Argentona. Contamos con tres opciones para que las PYMES escojan el tipo de mantenimiento que m\u00e1s se adapte a sus necesidades, teniendo en cuenta factores como sus objetivos empresariales, la cantidad de equipos inform\u00e1ticos que necesita, su presupuesto,&#8230;<\/p>","protected":false},"author":4,"featured_media":0,"parent":1357,"menu_order":0,"comment_status":"closed","ping_status":"closed","template":"page-servicio-informatico.php","meta":{"_acf_changed":false,"_kad_blocks_custom_css":"","_kad_blocks_head_custom_js":"","_kad_blocks_body_custom_js":"","_kad_blocks_footer_custom_js":"","_kad_post_transparent":"","_kad_post_title":"","_kad_post_layout":"","_kad_post_sidebar_id":"","_kad_post_content_style":"","_kad_post_vertical_padding":"","_kad_post_feature":"","_kad_post_feature_position":"","_kad_post_header":false,"_kad_post_footer":false,"_kad_post_classname":"","footnotes":""},"class_list":["post-14492","page","type-page","status-publish","hentry"],"acf":[],"yoast_head":"<!-- This site is optimized with the Yoast SEO plugin v27.4 - https:\/\/yoast.com\/product\/yoast-seo-wordpress\/ -->\n<title>Mantenimiento inform\u00e1tico Argentona - Apen Inform\u00e1tica<\/title>\n<meta name=\"description\" content=\"Servicio de mantenimiento inform\u00e1tico para empresas en Argentona. Mantenimiento de ordenadores y servidores. Ofrecemos tarifas empresa.\" \/>\n<meta name=\"robots\" content=\"index, follow, max-snippet:-1, max-image-preview:large, max-video-preview:-1\" \/>\n<link rel=\"canonical\" href=\"https:\/\/www.apen.es\/ca\/manteniment-informatic\/manteniment-informatic-argentona\/\" \/>\n<meta property=\"og:locale\" content=\"ca_ES\" \/>\n<meta property=\"og:type\" content=\"article\" \/>\n<meta property=\"og:title\" content=\"Mantenimiento inform\u00e1tico Argentona - Apen Inform\u00e1tica\" \/>\n<meta property=\"og:description\" content=\"Servicio de mantenimiento inform\u00e1tico para empresas en Argentona. Mantenimiento de ordenadores y servidores. Ofrecemos tarifas empresa.\" \/>\n<meta property=\"og:url\" content=\"https:\/\/www.apen.es\/ca\/manteniment-informatic\/manteniment-informatic-argentona\/\" \/>\n<meta property=\"og:site_name\" content=\"Apen Inform\u00e1tica\" \/>\n<meta property=\"article:publisher\" content=\"https:\/\/www.facebook.com\/apensolucions\" \/>\n<meta property=\"article:modified_time\" content=\"2025-03-31T06:24:16+00:00\" \/>\n<meta property=\"og:image\" content=\"https:\/\/www.apen.es\/wp-content\/uploads\/2016\/05\/logo-apen-231x82-trasparent.png\" \/>\n\t<meta property=\"og:image:width\" content=\"231\" \/>\n\t<meta property=\"og:image:height\" content=\"82\" \/>\n\t<meta property=\"og:image:type\" content=\"image\/png\" \/>\n<meta name=\"twitter:card\" content=\"summary_large_image\" \/>\n<meta name=\"twitter:label1\" content=\"Temps estimat de lectura\" \/>\n\t<meta name=\"twitter:data1\" content=\"10 minuts\" \/>\n<script type=\"application\/ld+json\" class=\"yoast-schema-graph\">{\"@context\":\"https:\\\/\\\/schema.org\",\"@graph\":[{\"@type\":\"WebPage\",\"@id\":\"https:\\\/\\\/www.apen.es\\\/mantenimiento-informatico\\\/mantenimiento-informatico-argentona\\\/\",\"url\":\"https:\\\/\\\/www.apen.es\\\/mantenimiento-informatico\\\/mantenimiento-informatico-argentona\\\/\",\"name\":\"Mantenimiento inform\u00e1tico Argentona - Apen Inform\u00e1tica\",\"isPartOf\":{\"@id\":\"https:\\\/\\\/www.apen.es\\\/#website\"},\"datePublished\":\"2019-09-02T10:16:39+00:00\",\"dateModified\":\"2025-03-31T06:24:16+00:00\",\"description\":\"Servicio de mantenimiento inform\u00e1tico para empresas en Argentona. Mantenimiento de ordenadores y servidores. Ofrecemos tarifas empresa.\",\"breadcrumb\":{\"@id\":\"https:\\\/\\\/www.apen.es\\\/mantenimiento-informatico\\\/mantenimiento-informatico-argentona\\\/#breadcrumb\"},\"inLanguage\":\"ca\",\"potentialAction\":[{\"@type\":\"ReadAction\",\"target\":[\"https:\\\/\\\/www.apen.es\\\/mantenimiento-informatico\\\/mantenimiento-informatico-argentona\\\/\"]}]},{\"@type\":\"BreadcrumbList\",\"@id\":\"https:\\\/\\\/www.apen.es\\\/mantenimiento-informatico\\\/mantenimiento-informatico-argentona\\\/#breadcrumb\",\"itemListElement\":[{\"@type\":\"ListItem\",\"position\":1,\"name\":\"Portada\",\"item\":\"https:\\\/\\\/www.apen.es\\\/\"},{\"@type\":\"ListItem\",\"position\":2,\"name\":\"Mantenimiento inform\u00e1tico\",\"item\":\"https:\\\/\\\/www.apen.es\\\/mantenimiento-informatico\\\/\"},{\"@type\":\"ListItem\",\"position\":3,\"name\":\"Mantenimiento inform\u00e1tico Argentona\"}]},{\"@type\":\"WebSite\",\"@id\":\"https:\\\/\\\/www.apen.es\\\/#website\",\"url\":\"https:\\\/\\\/www.apen.es\\\/\",\"name\":\"Apen Inform\u00e1tica\",\"description\":\"Mantenimiento Inform\u00e1tico , Software de Gesti\u00f3n, Soluciones de impresi\u00f3n\",\"publisher\":{\"@id\":\"https:\\\/\\\/www.apen.es\\\/#organization\"},\"potentialAction\":[{\"@type\":\"SearchAction\",\"target\":{\"@type\":\"EntryPoint\",\"urlTemplate\":\"https:\\\/\\\/www.apen.es\\\/?s={search_term_string}\"},\"query-input\":{\"@type\":\"PropertyValueSpecification\",\"valueRequired\":true,\"valueName\":\"search_term_string\"}}],\"inLanguage\":\"ca\"},{\"@type\":\"Organization\",\"@id\":\"https:\\\/\\\/www.apen.es\\\/#organization\",\"name\":\"Apen: Soluciones inform\u00e1ticas\",\"url\":\"https:\\\/\\\/www.apen.es\\\/\",\"logo\":{\"@type\":\"ImageObject\",\"inLanguage\":\"ca\",\"@id\":\"https:\\\/\\\/www.apen.es\\\/#\\\/schema\\\/logo\\\/image\\\/\",\"url\":\"https:\\\/\\\/www.apen.es\\\/wp-content\\\/uploads\\\/2022\\\/08\\\/logo-apenok-231x82-1.png\",\"contentUrl\":\"https:\\\/\\\/www.apen.es\\\/wp-content\\\/uploads\\\/2022\\\/08\\\/logo-apenok-231x82-1.png\",\"width\":231,\"height\":82,\"caption\":\"Apen: Soluciones inform\u00e1ticas\"},\"image\":{\"@id\":\"https:\\\/\\\/www.apen.es\\\/#\\\/schema\\\/logo\\\/image\\\/\"},\"sameAs\":[\"https:\\\/\\\/www.facebook.com\\\/apensolucions\",\"https:\\\/\\\/www.youtube.com\\\/user\\\/ApenCentreInformatic\",\"https:\\\/\\\/www.linkedin.com\\\/company\\\/1021771?trk=tyah&trkInfo=clickedVerticalcompanyclickedEntityId1021771idx2-1-2tarId1464195271196tasapenin\"]}]}<\/script>\n<!-- \/ Yoast SEO plugin. -->","yoast_head_json":{"title":"Manteniment inform\u00e0tic Argentona - Apen Inform\u00e0tica","description":"Servei de manteniment inform\u00e0tic per a empreses a Argentona. Manteniment dordinadors i servidors. Oferim tarifes empresa.","robots":{"index":"index","follow":"follow","max-snippet":"max-snippet:-1","max-image-preview":"max-image-preview:large","max-video-preview":"max-video-preview:-1"},"canonical":"https:\/\/www.apen.es\/ca\/manteniment-informatic\/manteniment-informatic-argentona\/","og_locale":"ca_ES","og_type":"article","og_title":"Mantenimiento inform\u00e1tico Argentona - Apen Inform\u00e1tica","og_description":"Servicio de mantenimiento inform\u00e1tico para empresas en Argentona. Mantenimiento de ordenadores y servidores. Ofrecemos tarifas empresa.","og_url":"https:\/\/www.apen.es\/ca\/manteniment-informatic\/manteniment-informatic-argentona\/","og_site_name":"Apen Inform\u00e1tica","article_publisher":"https:\/\/www.facebook.com\/apensolucions","article_modified_time":"2025-03-31T06:24:16+00:00","og_image":[{"width":231,"height":82,"url":"https:\/\/www.apen.es\/wp-content\/uploads\/2016\/05\/logo-apen-231x82-trasparent.png","type":"image\/png"}],"twitter_card":"summary_large_image","twitter_misc":{"Temps estimat de lectura":"10 minuts"},"schema":{"@context":"https:\/\/schema.org","@graph":[{"@type":"WebPage","@id":"https:\/\/www.apen.es\/mantenimiento-informatico\/mantenimiento-informatico-argentona\/","url":"https:\/\/www.apen.es\/mantenimiento-informatico\/mantenimiento-informatico-argentona\/","name":"Manteniment inform\u00e0tic Argentona - Apen Inform\u00e0tica","isPartOf":{"@id":"https:\/\/www.apen.es\/#website"},"datePublished":"2019-09-02T10:16:39+00:00","dateModified":"2025-03-31T06:24:16+00:00","description":"Servei de manteniment inform\u00e0tic per a empreses a Argentona. Manteniment dordinadors i servidors. Oferim tarifes empresa.","breadcrumb":{"@id":"https:\/\/www.apen.es\/mantenimiento-informatico\/mantenimiento-informatico-argentona\/#breadcrumb"},"inLanguage":"ca","potentialAction":[{"@type":"ReadAction","target":["https:\/\/www.apen.es\/mantenimiento-informatico\/mantenimiento-informatico-argentona\/"]}]},{"@type":"BreadcrumbList","@id":"https:\/\/www.apen.es\/mantenimiento-informatico\/mantenimiento-informatico-argentona\/#breadcrumb","itemListElement":[{"@type":"ListItem","position":1,"name":"Portada","item":"https:\/\/www.apen.es\/"},{"@type":"ListItem","position":2,"name":"Mantenimiento inform\u00e1tico","item":"https:\/\/www.apen.es\/mantenimiento-informatico\/"},{"@type":"ListItem","position":3,"name":"Mantenimiento inform\u00e1tico Argentona"}]},{"@type":"WebSite","@id":"https:\/\/www.apen.es\/#website","url":"https:\/\/www.apen.es\/","name":"Apen Inform\u00e0tica","description":"Manteniment inform\u00e0tic , programari de gesti\u00f3, solucions d&#039;impressi\u00f3","publisher":{"@id":"https:\/\/www.apen.es\/#organization"},"potentialAction":[{"@type":"SearchAction","target":{"@type":"EntryPoint","urlTemplate":"https:\/\/www.apen.es\/?s={search_term_string}"},"query-input":{"@type":"PropertyValueSpecification","valueRequired":true,"valueName":"search_term_string"}}],"inLanguage":"ca"},{"@type":"Organization","@id":"https:\/\/www.apen.es\/#organization","name":"Apen: Solucions inform\u00e0tiques","url":"https:\/\/www.apen.es\/","logo":{"@type":"ImageObject","inLanguage":"ca","@id":"https:\/\/www.apen.es\/#\/schema\/logo\/image\/","url":"https:\/\/www.apen.es\/wp-content\/uploads\/2022\/08\/logo-apenok-231x82-1.png","contentUrl":"https:\/\/www.apen.es\/wp-content\/uploads\/2022\/08\/logo-apenok-231x82-1.png","width":231,"height":82,"caption":"Apen: Soluciones inform\u00e1ticas"},"image":{"@id":"https:\/\/www.apen.es\/#\/schema\/logo\/image\/"},"sameAs":["https:\/\/www.facebook.com\/apensolucions","https:\/\/www.youtube.com\/user\/ApenCentreInformatic","https:\/\/www.linkedin.com\/company\/1021771?trk=tyah&trkInfo=clickedVerticalcompanyclickedEntityId1021771idx2-1-2tarId1464195271196tasapenin"]}]}},"taxonomy_info":[],"featured_image_src_large":false,"author_info":{"display_name":"marqueting","author_link":"https:\/\/www.apen.es\/ca\/blog\/author\/marqueting\/"},"comment_info":0,"_links":{"self":[{"href":"https:\/\/www.apen.es\/ca\/wp-json\/wp\/v2\/pages\/14492","targetHints":{"allow":["GET"]}}],"collection":[{"href":"https:\/\/www.apen.es\/ca\/wp-json\/wp\/v2\/pages"}],"about":[{"href":"https:\/\/www.apen.es\/ca\/wp-json\/wp\/v2\/types\/page"}],"author":[{"embeddable":true,"href":"https:\/\/www.apen.es\/ca\/wp-json\/wp\/v2\/users\/4"}],"replies":[{"embeddable":true,"href":"https:\/\/www.apen.es\/ca\/wp-json\/wp\/v2\/comments?post=14492"}],"version-history":[{"count":2,"href":"https:\/\/www.apen.es\/ca\/wp-json\/wp\/v2\/pages\/14492\/revisions"}],"predecessor-version":[{"id":54504,"href":"https:\/\/www.apen.es\/ca\/wp-json\/wp\/v2\/pages\/14492\/revisions\/54504"}],"up":[{"embeddable":true,"href":"https:\/\/www.apen.es\/ca\/wp-json\/wp\/v2\/pages\/1357"}],"wp:attachment":[{"href":"https:\/\/www.apen.es\/ca\/wp-json\/wp\/v2\/media?parent=14492"}],"curies":[{"name":"wp","href":"https:\/\/api.w.org\/{rel}","templated":true}]}}