{"id":14489,"date":"2019-09-02T08:44:38","date_gmt":"2019-09-02T08:44:38","guid":{"rendered":"https:\/\/www.apen.es\/?page_id=14489"},"modified":"2025-03-31T07:09:28","modified_gmt":"2025-03-31T07:09:28","slug":"manteniment-informatic-castellar-de-les-valls","status":"publish","type":"page","link":"https:\/\/www.apen.es\/ca\/mantenimiento-informatico\/mantenimiento-informatico-castellar-del-valles\/","title":{"rendered":"Manteniment inform\u00e0tic Castellar del Vall\u00e8s"},"content":{"rendered":"<p>Si sou una empresa i esteu a la recerca d&#039;una altra empresa que us encarregueu d&#039;oferir-vos serveis inform\u00e0tics i tecnol\u00f2gics perqu\u00e8 us puguin ajudin a portar tot aquest tema i que per tant us ajudin a modernitzar-vos ia estar al dia, Apen, \u00e9s l&#039;empresa perfecta per a vosaltres, ja que gr\u00e0cies a la gran quantitat de serveis que oferim, entre els quals hem de destacar&nbsp;<strong>manteniment inform\u00e0tic a Castellar del Vall\u00e8s<\/strong>&nbsp;aconseguireu augmentar els vostres beneficis a final de cada mes i podreu portar un millor control de totes les seccions del vostre negoci, com per exemple la comptabilitat, sense necessitat de preocupar-vos per cap tipus de fallada t\u00e8cnica en aquests dispositius.<\/p>\n\n\n\n<p>Oferim molts serveis diferents per\u00f2 entre tots ells, com ja hem dit, destaca el&nbsp;<strong>manteniment inform\u00e0tic a Castellar del Vall\u00e8s<\/strong>, ja que \u00e9s necessari per a tot tipus d&#039;empreses independentment del sector al qual es dediquin, per\u00f2 com sabem que totes les empreses no s\u00f3n iguals i n&#039;hi ha algunes de m\u00e9s grans, d&#039;altres de m\u00e9s petites, amb molts clients, amb magatzems petits, amb una gran facturaci\u00f3 al mes, etc\u00e8tera, oferim un servei totalment personalitzat, en el qual a partir de tres plans predeterminats que tenim les que es poden ajuda.<\/p>\n\n\n\n<p>Un d&#039;aquests plans \u00e9s el manteniment Premium, que com us podreu imaginar pel nom \u00e9s el m\u00e9s complet, per la qual cosa \u00e9s el m\u00e9s recomanat per a totes aquelles empreses que us vulgueu oblidar de tot all\u00f2 relacionat amb la inform\u00e0tica i preferiu deixar-ho en mans de professionals, a m\u00e9s en tenir un preu tancat cap m\u00e9s tindreu despeses extres, ja que estan inclosos. Un altre dels plans de<strong>&nbsp;manteniment inform\u00e0tic a Castellar del Vall\u00e8s<\/strong>&nbsp;que oferim \u00e9s el manteniment Base, que inclou els serveis b\u00e0sics, com per exemple tenir un t\u00e8cnic habitual quan necessiteu i un descompte a la resta de serveis que no estan inclosos al pla. Finalment, el tercer dels plans que oferim \u00e9s el manteniment Outsourcing, que \u00e9s un punt mitj\u00e0 entre el Base i el Premium, \u00e9s a dir que us entren m\u00e9s serveis que al base per\u00f2 no tots com al Premium i amb aquesta elecci\u00f3 tamb\u00e9 gaudireu de nombrosos descomptes que podreu utilitzar en cas que es produeixi algun imprevist.<\/p>\n\n\n\n<p>La qualitat dels serveis que oferim de&nbsp;<strong>manteniment inform\u00e0tic a Castellar del Vall\u00e8s<\/strong>&nbsp;\u00e9s gr\u00e0cies al nostre gran equip de professionals els quals no nom\u00e9s tenen tots els estudis i els coneixements necessaris, sin\u00f3 que tamb\u00e9 compten amb les qualitats necess\u00e0ries, per poder dur a terme la nostra filosofia i poder-vos oferir un servei proper i personalitzat.<\/p>","protected":false},"excerpt":{"rendered":"<p>Si sois una empresa y est\u00e1is en busca de otra empresa que se encargue de ofreceros servicios inform\u00e1ticos y tecnol\u00f3gicos para que os puedan ayuden a llevar todo este tema y que por lo tanto os ayuden a modernizaros y a estar al d\u00eda, Apen, es la empresa perfecta para vosotros, ya que gracias a&#8230;<\/p>","protected":false},"author":4,"featured_media":0,"parent":1357,"menu_order":0,"comment_status":"closed","ping_status":"closed","template":"page-servicio-informatico.php","meta":{"_acf_changed":false,"_kad_blocks_custom_css":"","_kad_blocks_head_custom_js":"","_kad_blocks_body_custom_js":"","_kad_blocks_footer_custom_js":"","_kad_post_transparent":"","_kad_post_title":"","_kad_post_layout":"","_kad_post_sidebar_id":"","_kad_post_content_style":"","_kad_post_vertical_padding":"","_kad_post_feature":"","_kad_post_feature_position":"","_kad_post_header":false,"_kad_post_footer":false,"_kad_post_classname":"","footnotes":""},"class_list":["post-14489","page","type-page","status-publish","hentry"],"acf":[],"yoast_head":"<!-- This site is optimized with the Yoast SEO plugin v27.4 - https:\/\/yoast.com\/product\/yoast-seo-wordpress\/ -->\n<title>Mantenimiento inform\u00e1tico Castellar del Vall\u00e8s - Apen Inform\u00e1tica<\/title>\n<meta name=\"description\" content=\"Servicio de mantenimiento inform\u00e1tico para empresas en Castellar del Vall\u00e8s. Mantenimiento de ordenadores y servidores. Ofrecemos tarifas tu empresa\" \/>\n<meta name=\"robots\" content=\"index, follow, max-snippet:-1, max-image-preview:large, max-video-preview:-1\" \/>\n<link rel=\"canonical\" href=\"https:\/\/www.apen.es\/ca\/manteniment-informatic\/manteniment-informatic-castellar-de-les-valls\/\" \/>\n<meta property=\"og:locale\" content=\"ca_ES\" \/>\n<meta property=\"og:type\" content=\"article\" \/>\n<meta property=\"og:title\" content=\"Mantenimiento inform\u00e1tico Castellar del Vall\u00e8s - Apen Inform\u00e1tica\" \/>\n<meta property=\"og:description\" content=\"Servicio de mantenimiento inform\u00e1tico para empresas en Castellar del Vall\u00e8s. Mantenimiento de ordenadores y servidores. Ofrecemos tarifas tu empresa\" \/>\n<meta property=\"og:url\" content=\"https:\/\/www.apen.es\/ca\/manteniment-informatic\/manteniment-informatic-castellar-de-les-valls\/\" \/>\n<meta property=\"og:site_name\" content=\"Apen Inform\u00e1tica\" \/>\n<meta property=\"article:publisher\" content=\"https:\/\/www.facebook.com\/apensolucions\" \/>\n<meta property=\"article:modified_time\" content=\"2025-03-31T07:09:28+00:00\" \/>\n<meta property=\"og:image\" content=\"https:\/\/www.apen.es\/wp-content\/uploads\/2016\/05\/logo-apen-231x82-trasparent.png\" \/>\n\t<meta property=\"og:image:width\" content=\"231\" \/>\n\t<meta property=\"og:image:height\" content=\"82\" \/>\n\t<meta property=\"og:image:type\" content=\"image\/png\" \/>\n<meta name=\"twitter:card\" content=\"summary_large_image\" \/>\n<meta name=\"twitter:label1\" content=\"Temps estimat de lectura\" \/>\n\t<meta name=\"twitter:data1\" content=\"10 minuts\" \/>\n<script type=\"application\/ld+json\" class=\"yoast-schema-graph\">{\"@context\":\"https:\\\/\\\/schema.org\",\"@graph\":[{\"@type\":\"WebPage\",\"@id\":\"https:\\\/\\\/www.apen.es\\\/mantenimiento-informatico\\\/mantenimiento-informatico-castellar-del-valles\\\/\",\"url\":\"https:\\\/\\\/www.apen.es\\\/mantenimiento-informatico\\\/mantenimiento-informatico-castellar-del-valles\\\/\",\"name\":\"Mantenimiento inform\u00e1tico Castellar del Vall\u00e8s - Apen Inform\u00e1tica\",\"isPartOf\":{\"@id\":\"https:\\\/\\\/www.apen.es\\\/#website\"},\"datePublished\":\"2019-09-02T08:44:38+00:00\",\"dateModified\":\"2025-03-31T07:09:28+00:00\",\"description\":\"Servicio de mantenimiento inform\u00e1tico para empresas en Castellar del Vall\u00e8s. Mantenimiento de ordenadores y servidores. Ofrecemos tarifas tu empresa\",\"breadcrumb\":{\"@id\":\"https:\\\/\\\/www.apen.es\\\/mantenimiento-informatico\\\/mantenimiento-informatico-castellar-del-valles\\\/#breadcrumb\"},\"inLanguage\":\"ca\",\"potentialAction\":[{\"@type\":\"ReadAction\",\"target\":[\"https:\\\/\\\/www.apen.es\\\/mantenimiento-informatico\\\/mantenimiento-informatico-castellar-del-valles\\\/\"]}]},{\"@type\":\"BreadcrumbList\",\"@id\":\"https:\\\/\\\/www.apen.es\\\/mantenimiento-informatico\\\/mantenimiento-informatico-castellar-del-valles\\\/#breadcrumb\",\"itemListElement\":[{\"@type\":\"ListItem\",\"position\":1,\"name\":\"Portada\",\"item\":\"https:\\\/\\\/www.apen.es\\\/\"},{\"@type\":\"ListItem\",\"position\":2,\"name\":\"Mantenimiento inform\u00e1tico\",\"item\":\"https:\\\/\\\/www.apen.es\\\/mantenimiento-informatico\\\/\"},{\"@type\":\"ListItem\",\"position\":3,\"name\":\"Mantenimiento inform\u00e1tico Castellar del Vall\u00e8s\"}]},{\"@type\":\"WebSite\",\"@id\":\"https:\\\/\\\/www.apen.es\\\/#website\",\"url\":\"https:\\\/\\\/www.apen.es\\\/\",\"name\":\"Apen Inform\u00e1tica\",\"description\":\"Mantenimiento Inform\u00e1tico , Software de Gesti\u00f3n, Soluciones de impresi\u00f3n\",\"publisher\":{\"@id\":\"https:\\\/\\\/www.apen.es\\\/#organization\"},\"potentialAction\":[{\"@type\":\"SearchAction\",\"target\":{\"@type\":\"EntryPoint\",\"urlTemplate\":\"https:\\\/\\\/www.apen.es\\\/?s={search_term_string}\"},\"query-input\":{\"@type\":\"PropertyValueSpecification\",\"valueRequired\":true,\"valueName\":\"search_term_string\"}}],\"inLanguage\":\"ca\"},{\"@type\":\"Organization\",\"@id\":\"https:\\\/\\\/www.apen.es\\\/#organization\",\"name\":\"Apen: Soluciones inform\u00e1ticas\",\"url\":\"https:\\\/\\\/www.apen.es\\\/\",\"logo\":{\"@type\":\"ImageObject\",\"inLanguage\":\"ca\",\"@id\":\"https:\\\/\\\/www.apen.es\\\/#\\\/schema\\\/logo\\\/image\\\/\",\"url\":\"https:\\\/\\\/www.apen.es\\\/wp-content\\\/uploads\\\/2022\\\/08\\\/logo-apenok-231x82-1.png\",\"contentUrl\":\"https:\\\/\\\/www.apen.es\\\/wp-content\\\/uploads\\\/2022\\\/08\\\/logo-apenok-231x82-1.png\",\"width\":231,\"height\":82,\"caption\":\"Apen: Soluciones inform\u00e1ticas\"},\"image\":{\"@id\":\"https:\\\/\\\/www.apen.es\\\/#\\\/schema\\\/logo\\\/image\\\/\"},\"sameAs\":[\"https:\\\/\\\/www.facebook.com\\\/apensolucions\",\"https:\\\/\\\/www.youtube.com\\\/user\\\/ApenCentreInformatic\",\"https:\\\/\\\/www.linkedin.com\\\/company\\\/1021771?trk=tyah&trkInfo=clickedVerticalcompanyclickedEntityId1021771idx2-1-2tarId1464195271196tasapenin\"]}]}<\/script>\n<!-- \/ Yoast SEO plugin. -->","yoast_head_json":{"title":"Manteniment inform\u00e0tic Castellar del Vall\u00e8s - Apen Inform\u00e0tica","description":"Servei de manteniment inform\u00e0tic per a empreses a Castellar del Vall\u00e8s. Manteniment dordinadors i servidors. Oferim tarifes la teva empresa","robots":{"index":"index","follow":"follow","max-snippet":"max-snippet:-1","max-image-preview":"max-image-preview:large","max-video-preview":"max-video-preview:-1"},"canonical":"https:\/\/www.apen.es\/ca\/manteniment-informatic\/manteniment-informatic-castellar-de-les-valls\/","og_locale":"ca_ES","og_type":"article","og_title":"Mantenimiento inform\u00e1tico Castellar del Vall\u00e8s - Apen Inform\u00e1tica","og_description":"Servicio de mantenimiento inform\u00e1tico para empresas en Castellar del Vall\u00e8s. Mantenimiento de ordenadores y servidores. Ofrecemos tarifas tu empresa","og_url":"https:\/\/www.apen.es\/ca\/manteniment-informatic\/manteniment-informatic-castellar-de-les-valls\/","og_site_name":"Apen Inform\u00e1tica","article_publisher":"https:\/\/www.facebook.com\/apensolucions","article_modified_time":"2025-03-31T07:09:28+00:00","og_image":[{"width":231,"height":82,"url":"https:\/\/www.apen.es\/wp-content\/uploads\/2016\/05\/logo-apen-231x82-trasparent.png","type":"image\/png"}],"twitter_card":"summary_large_image","twitter_misc":{"Temps estimat de lectura":"10 minuts"},"schema":{"@context":"https:\/\/schema.org","@graph":[{"@type":"WebPage","@id":"https:\/\/www.apen.es\/mantenimiento-informatico\/mantenimiento-informatico-castellar-del-valles\/","url":"https:\/\/www.apen.es\/mantenimiento-informatico\/mantenimiento-informatico-castellar-del-valles\/","name":"Manteniment inform\u00e0tic Castellar del Vall\u00e8s - Apen Inform\u00e0tica","isPartOf":{"@id":"https:\/\/www.apen.es\/#website"},"datePublished":"2019-09-02T08:44:38+00:00","dateModified":"2025-03-31T07:09:28+00:00","description":"Servei de manteniment inform\u00e0tic per a empreses a Castellar del Vall\u00e8s. Manteniment dordinadors i servidors. Oferim tarifes la teva empresa","breadcrumb":{"@id":"https:\/\/www.apen.es\/mantenimiento-informatico\/mantenimiento-informatico-castellar-del-valles\/#breadcrumb"},"inLanguage":"ca","potentialAction":[{"@type":"ReadAction","target":["https:\/\/www.apen.es\/mantenimiento-informatico\/mantenimiento-informatico-castellar-del-valles\/"]}]},{"@type":"BreadcrumbList","@id":"https:\/\/www.apen.es\/mantenimiento-informatico\/mantenimiento-informatico-castellar-del-valles\/#breadcrumb","itemListElement":[{"@type":"ListItem","position":1,"name":"Portada","item":"https:\/\/www.apen.es\/"},{"@type":"ListItem","position":2,"name":"Mantenimiento inform\u00e1tico","item":"https:\/\/www.apen.es\/mantenimiento-informatico\/"},{"@type":"ListItem","position":3,"name":"Mantenimiento inform\u00e1tico Castellar del Vall\u00e8s"}]},{"@type":"WebSite","@id":"https:\/\/www.apen.es\/#website","url":"https:\/\/www.apen.es\/","name":"Apen Inform\u00e0tica","description":"Manteniment inform\u00e0tic , programari de gesti\u00f3, solucions d&#039;impressi\u00f3","publisher":{"@id":"https:\/\/www.apen.es\/#organization"},"potentialAction":[{"@type":"SearchAction","target":{"@type":"EntryPoint","urlTemplate":"https:\/\/www.apen.es\/?s={search_term_string}"},"query-input":{"@type":"PropertyValueSpecification","valueRequired":true,"valueName":"search_term_string"}}],"inLanguage":"ca"},{"@type":"Organization","@id":"https:\/\/www.apen.es\/#organization","name":"Apen: Solucions inform\u00e0tiques","url":"https:\/\/www.apen.es\/","logo":{"@type":"ImageObject","inLanguage":"ca","@id":"https:\/\/www.apen.es\/#\/schema\/logo\/image\/","url":"https:\/\/www.apen.es\/wp-content\/uploads\/2022\/08\/logo-apenok-231x82-1.png","contentUrl":"https:\/\/www.apen.es\/wp-content\/uploads\/2022\/08\/logo-apenok-231x82-1.png","width":231,"height":82,"caption":"Apen: Soluciones inform\u00e1ticas"},"image":{"@id":"https:\/\/www.apen.es\/#\/schema\/logo\/image\/"},"sameAs":["https:\/\/www.facebook.com\/apensolucions","https:\/\/www.youtube.com\/user\/ApenCentreInformatic","https:\/\/www.linkedin.com\/company\/1021771?trk=tyah&trkInfo=clickedVerticalcompanyclickedEntityId1021771idx2-1-2tarId1464195271196tasapenin"]}]}},"taxonomy_info":[],"featured_image_src_large":false,"author_info":{"display_name":"marqueting","author_link":"https:\/\/www.apen.es\/ca\/blog\/author\/marqueting\/"},"comment_info":0,"_links":{"self":[{"href":"https:\/\/www.apen.es\/ca\/wp-json\/wp\/v2\/pages\/14489","targetHints":{"allow":["GET"]}}],"collection":[{"href":"https:\/\/www.apen.es\/ca\/wp-json\/wp\/v2\/pages"}],"about":[{"href":"https:\/\/www.apen.es\/ca\/wp-json\/wp\/v2\/types\/page"}],"author":[{"embeddable":true,"href":"https:\/\/www.apen.es\/ca\/wp-json\/wp\/v2\/users\/4"}],"replies":[{"embeddable":true,"href":"https:\/\/www.apen.es\/ca\/wp-json\/wp\/v2\/comments?post=14489"}],"version-history":[{"count":2,"href":"https:\/\/www.apen.es\/ca\/wp-json\/wp\/v2\/pages\/14489\/revisions"}],"predecessor-version":[{"id":54599,"href":"https:\/\/www.apen.es\/ca\/wp-json\/wp\/v2\/pages\/14489\/revisions\/54599"}],"up":[{"embeddable":true,"href":"https:\/\/www.apen.es\/ca\/wp-json\/wp\/v2\/pages\/1357"}],"wp:attachment":[{"href":"https:\/\/www.apen.es\/ca\/wp-json\/wp\/v2\/media?parent=14489"}],"curies":[{"name":"wp","href":"https:\/\/api.w.org\/{rel}","templated":true}]}}