{"id":14485,"date":"2019-09-02T08:40:42","date_gmt":"2019-09-02T08:40:42","guid":{"rendered":"https:\/\/www.apen.es\/?page_id=14485"},"modified":"2025-03-31T07:07:17","modified_gmt":"2025-03-31T07:07:17","slug":"manteniment-informatic-montcada-i-reixac","status":"publish","type":"page","link":"https:\/\/www.apen.es\/ca\/mantenimiento-informatico\/mantenimiento-informatico-montcada-i-reixac\/","title":{"rendered":"Manteniment inform\u00e0tic Montcada i Reixac"},"content":{"rendered":"<p>Apen, som una amb m\u00e9s de 25 anys d&#039;experi\u00e8ncia en aquest sector, oferint les millors solucions inform\u00e0tiques i de tecnologia com ara el&nbsp;<strong>manteniment inform\u00e0tic a Montcada i Reixac<\/strong>. En aquests anys, hem anat aconseguint formar una gran fam\u00edlia i una gran base de dades en la qual estan tots aquells clients que hem tingut i que han quedat satisfets amb la feina feta, per la qual cosa han seguit confiant en nosaltres durant tots aquests anys i actualment ho segueixen fent, per la qual cosa estem molt orgullosos del que hem aconseguit fins ara i aix\u00f2 ens d\u00f3na forces per seguir treballant i \u00e9s.<\/p>\n\n\n\n<p>Entre la gran varietat de solucions inform\u00e0tiques que oferim a la nostra empresa, els serveis m\u00e9s comuns s\u00f3n la instal\u00b7laci\u00f3 de programes inform\u00e0tics, la instal\u00b7laci\u00f3 de sistemes antivirus, la realitzaci\u00f3 de c\u00f2pies de seguretat, la detecci\u00f3 i l&#039;eliminaci\u00f3 de codi malici\u00f3s (malware), la implantaci\u00f3 d&#039;ERP, les instal\u00b7lacions i el manteniment de les xarxes locals i tot all\u00f2 que estigui relacionat amb el&nbsp;<strong>manteniment inform\u00e0tic a Montcada i Reixac<\/strong>.<\/p>\n\n\n\n<p>Oferim tres tipus diferents de plans diferents, els quals us explicarem a continuaci\u00f3, per\u00f2 abans deveu tenir clara una cosa molt i \u00e9s que no hi ha cap pla que sigui millor que un altre, sin\u00f3 que cadascun t\u00e9 unes caracter\u00edstiques diferents i especifiques, les quals s&#039;adapten millor o pitjor a cadascun dels nostres clients, ja que tenim una gran diversitat d&#039;empreses que acudeixen a la nostra ajuda les quals s\u00f3n molt diferents entre elles, sector al qual es dediquin compten amb algun tipus d&#039;equip inform\u00e0tic, ja que \u00e9s de gran ajuda sobretot per a la gesti\u00f3 di\u00e0ria del negoci, encara que a cada empresa es pot fer servir per a una cosa.<\/p>\n\n\n\n<p>Com hem dit, a la nostra empresa tenim tres plans diferents de<strong>&nbsp;manteniment inform\u00e0tic a Montcada i Reixac<\/strong>, aquests plans anomenats des del menys complet fins al m\u00e9s complet s\u00f3n el manteniment base, el manteniment Outsourcing i el manteniment Premium SPC (Suport \u2013 Prevenci\u00f3 \u2013 Correctiu) i encara que amb l&#039;\u00faltima podreu gaudir de tots els serveis sense cap cost addicional, hem de destacar que els altres dos plans en cas de necessitar algun dels serveis que no estan inclosos, gaudireu d&#039;un gran descompte.<\/p>\n\n\n\n<p>Si voleu saber m\u00e9s sobre el&nbsp;<strong>manteniment inform\u00e0tic a Montcada i Reixac<\/strong>, o sobre qualsevol dels serveis que oferim a la nostra empresa, no dubteu a posar-vos en contacte amb nosaltres, ja que estarem encantats de poder-vos ajudar en tot el que estigui a les nostres mans.<\/p>","protected":false},"excerpt":{"rendered":"<p>Apen, somos una con m\u00e1s de 25 a\u00f1os de experiencia en este sector, ofreciendo las mejores soluciones inform\u00e1ticas y de tecnolog\u00eda como por ejemplo el&nbsp;mantenimiento inform\u00e1tico en Montcada i Reixac. En estos a\u00f1os, hemos ido consiguiendo formar una gran familia y una gran base de datos en la cual est\u00e1n todos aquellos clientes que hemos&#8230;<\/p>","protected":false},"author":4,"featured_media":0,"parent":1357,"menu_order":0,"comment_status":"closed","ping_status":"closed","template":"page-servicio-informatico.php","meta":{"_acf_changed":false,"_kad_blocks_custom_css":"","_kad_blocks_head_custom_js":"","_kad_blocks_body_custom_js":"","_kad_blocks_footer_custom_js":"","_kad_post_transparent":"","_kad_post_title":"","_kad_post_layout":"","_kad_post_sidebar_id":"","_kad_post_content_style":"","_kad_post_vertical_padding":"","_kad_post_feature":"","_kad_post_feature_position":"","_kad_post_header":false,"_kad_post_footer":false,"_kad_post_classname":"","footnotes":""},"class_list":["post-14485","page","type-page","status-publish","hentry"],"acf":[],"yoast_head":"<!-- This site is optimized with the Yoast SEO plugin v27.4 - https:\/\/yoast.com\/product\/yoast-seo-wordpress\/ -->\n<title>Mantenimiento inform\u00e1tico Montcada i Reixac - Apen Inform\u00e1tica<\/title>\n<meta name=\"description\" content=\"Servicio de mantenimiento inform\u00e1tico para empresas en Montcada i Reixach. Mantenimiento de ordenadores y servidores. L\u00edderes en Barcelona.\" \/>\n<meta name=\"robots\" content=\"index, follow, max-snippet:-1, max-image-preview:large, max-video-preview:-1\" \/>\n<link rel=\"canonical\" href=\"https:\/\/www.apen.es\/ca\/manteniment-informatic\/manteniment-informatic-montcada-i-reixac\/\" \/>\n<meta property=\"og:locale\" content=\"ca_ES\" \/>\n<meta property=\"og:type\" content=\"article\" \/>\n<meta property=\"og:title\" content=\"Mantenimiento inform\u00e1tico Montcada i Reixac - Apen Inform\u00e1tica\" \/>\n<meta property=\"og:description\" content=\"Servicio de mantenimiento inform\u00e1tico para empresas en Montcada i Reixach. Mantenimiento de ordenadores y servidores. L\u00edderes en Barcelona.\" \/>\n<meta property=\"og:url\" content=\"https:\/\/www.apen.es\/ca\/manteniment-informatic\/manteniment-informatic-montcada-i-reixac\/\" \/>\n<meta property=\"og:site_name\" content=\"Apen Inform\u00e1tica\" \/>\n<meta property=\"article:publisher\" content=\"https:\/\/www.facebook.com\/apensolucions\" \/>\n<meta property=\"article:modified_time\" content=\"2025-03-31T07:07:17+00:00\" \/>\n<meta property=\"og:image\" content=\"https:\/\/www.apen.es\/wp-content\/uploads\/2016\/05\/logo-apen-231x82-trasparent.png\" \/>\n\t<meta property=\"og:image:width\" content=\"231\" \/>\n\t<meta property=\"og:image:height\" content=\"82\" \/>\n\t<meta property=\"og:image:type\" content=\"image\/png\" \/>\n<meta name=\"twitter:card\" content=\"summary_large_image\" \/>\n<meta name=\"twitter:label1\" content=\"Temps estimat de lectura\" \/>\n\t<meta name=\"twitter:data1\" content=\"10 minuts\" \/>\n<script type=\"application\/ld+json\" class=\"yoast-schema-graph\">{\"@context\":\"https:\\\/\\\/schema.org\",\"@graph\":[{\"@type\":\"WebPage\",\"@id\":\"https:\\\/\\\/www.apen.es\\\/mantenimiento-informatico\\\/mantenimiento-informatico-montcada-i-reixac\\\/\",\"url\":\"https:\\\/\\\/www.apen.es\\\/mantenimiento-informatico\\\/mantenimiento-informatico-montcada-i-reixac\\\/\",\"name\":\"Mantenimiento inform\u00e1tico Montcada i Reixac - Apen Inform\u00e1tica\",\"isPartOf\":{\"@id\":\"https:\\\/\\\/www.apen.es\\\/#website\"},\"datePublished\":\"2019-09-02T08:40:42+00:00\",\"dateModified\":\"2025-03-31T07:07:17+00:00\",\"description\":\"Servicio de mantenimiento inform\u00e1tico para empresas en Montcada i Reixach. Mantenimiento de ordenadores y servidores. L\u00edderes en Barcelona.\",\"breadcrumb\":{\"@id\":\"https:\\\/\\\/www.apen.es\\\/mantenimiento-informatico\\\/mantenimiento-informatico-montcada-i-reixac\\\/#breadcrumb\"},\"inLanguage\":\"ca\",\"potentialAction\":[{\"@type\":\"ReadAction\",\"target\":[\"https:\\\/\\\/www.apen.es\\\/mantenimiento-informatico\\\/mantenimiento-informatico-montcada-i-reixac\\\/\"]}]},{\"@type\":\"BreadcrumbList\",\"@id\":\"https:\\\/\\\/www.apen.es\\\/mantenimiento-informatico\\\/mantenimiento-informatico-montcada-i-reixac\\\/#breadcrumb\",\"itemListElement\":[{\"@type\":\"ListItem\",\"position\":1,\"name\":\"Portada\",\"item\":\"https:\\\/\\\/www.apen.es\\\/\"},{\"@type\":\"ListItem\",\"position\":2,\"name\":\"Mantenimiento inform\u00e1tico\",\"item\":\"https:\\\/\\\/www.apen.es\\\/mantenimiento-informatico\\\/\"},{\"@type\":\"ListItem\",\"position\":3,\"name\":\"Mantenimiento inform\u00e1tico Montcada i Reixac\"}]},{\"@type\":\"WebSite\",\"@id\":\"https:\\\/\\\/www.apen.es\\\/#website\",\"url\":\"https:\\\/\\\/www.apen.es\\\/\",\"name\":\"Apen Inform\u00e1tica\",\"description\":\"Mantenimiento Inform\u00e1tico , Software de Gesti\u00f3n, Soluciones de impresi\u00f3n\",\"publisher\":{\"@id\":\"https:\\\/\\\/www.apen.es\\\/#organization\"},\"potentialAction\":[{\"@type\":\"SearchAction\",\"target\":{\"@type\":\"EntryPoint\",\"urlTemplate\":\"https:\\\/\\\/www.apen.es\\\/?s={search_term_string}\"},\"query-input\":{\"@type\":\"PropertyValueSpecification\",\"valueRequired\":true,\"valueName\":\"search_term_string\"}}],\"inLanguage\":\"ca\"},{\"@type\":\"Organization\",\"@id\":\"https:\\\/\\\/www.apen.es\\\/#organization\",\"name\":\"Apen: Soluciones inform\u00e1ticas\",\"url\":\"https:\\\/\\\/www.apen.es\\\/\",\"logo\":{\"@type\":\"ImageObject\",\"inLanguage\":\"ca\",\"@id\":\"https:\\\/\\\/www.apen.es\\\/#\\\/schema\\\/logo\\\/image\\\/\",\"url\":\"https:\\\/\\\/www.apen.es\\\/wp-content\\\/uploads\\\/2022\\\/08\\\/logo-apenok-231x82-1.png\",\"contentUrl\":\"https:\\\/\\\/www.apen.es\\\/wp-content\\\/uploads\\\/2022\\\/08\\\/logo-apenok-231x82-1.png\",\"width\":231,\"height\":82,\"caption\":\"Apen: Soluciones inform\u00e1ticas\"},\"image\":{\"@id\":\"https:\\\/\\\/www.apen.es\\\/#\\\/schema\\\/logo\\\/image\\\/\"},\"sameAs\":[\"https:\\\/\\\/www.facebook.com\\\/apensolucions\",\"https:\\\/\\\/www.youtube.com\\\/user\\\/ApenCentreInformatic\",\"https:\\\/\\\/www.linkedin.com\\\/company\\\/1021771?trk=tyah&trkInfo=clickedVerticalcompanyclickedEntityId1021771idx2-1-2tarId1464195271196tasapenin\"]}]}<\/script>\n<!-- \/ Yoast SEO plugin. -->","yoast_head_json":{"title":"Manteniment inform\u00e0tic Montcada i Reixac - Apen Inform\u00e0tica","description":"Servei de manteniment inform\u00e0tic per a empreses a Montcada i Reixach. Manteniment dordinadors i servidors. L\u00edders a Barcelona.","robots":{"index":"index","follow":"follow","max-snippet":"max-snippet:-1","max-image-preview":"max-image-preview:large","max-video-preview":"max-video-preview:-1"},"canonical":"https:\/\/www.apen.es\/ca\/manteniment-informatic\/manteniment-informatic-montcada-i-reixac\/","og_locale":"ca_ES","og_type":"article","og_title":"Mantenimiento inform\u00e1tico Montcada i Reixac - Apen Inform\u00e1tica","og_description":"Servicio de mantenimiento inform\u00e1tico para empresas en Montcada i Reixach. Mantenimiento de ordenadores y servidores. L\u00edderes en Barcelona.","og_url":"https:\/\/www.apen.es\/ca\/manteniment-informatic\/manteniment-informatic-montcada-i-reixac\/","og_site_name":"Apen Inform\u00e1tica","article_publisher":"https:\/\/www.facebook.com\/apensolucions","article_modified_time":"2025-03-31T07:07:17+00:00","og_image":[{"width":231,"height":82,"url":"https:\/\/www.apen.es\/wp-content\/uploads\/2016\/05\/logo-apen-231x82-trasparent.png","type":"image\/png"}],"twitter_card":"summary_large_image","twitter_misc":{"Temps estimat de lectura":"10 minuts"},"schema":{"@context":"https:\/\/schema.org","@graph":[{"@type":"WebPage","@id":"https:\/\/www.apen.es\/mantenimiento-informatico\/mantenimiento-informatico-montcada-i-reixac\/","url":"https:\/\/www.apen.es\/mantenimiento-informatico\/mantenimiento-informatico-montcada-i-reixac\/","name":"Manteniment inform\u00e0tic Montcada i Reixac - Apen Inform\u00e0tica","isPartOf":{"@id":"https:\/\/www.apen.es\/#website"},"datePublished":"2019-09-02T08:40:42+00:00","dateModified":"2025-03-31T07:07:17+00:00","description":"Servei de manteniment inform\u00e0tic per a empreses a Montcada i Reixach. Manteniment dordinadors i servidors. L\u00edders a Barcelona.","breadcrumb":{"@id":"https:\/\/www.apen.es\/mantenimiento-informatico\/mantenimiento-informatico-montcada-i-reixac\/#breadcrumb"},"inLanguage":"ca","potentialAction":[{"@type":"ReadAction","target":["https:\/\/www.apen.es\/mantenimiento-informatico\/mantenimiento-informatico-montcada-i-reixac\/"]}]},{"@type":"BreadcrumbList","@id":"https:\/\/www.apen.es\/mantenimiento-informatico\/mantenimiento-informatico-montcada-i-reixac\/#breadcrumb","itemListElement":[{"@type":"ListItem","position":1,"name":"Portada","item":"https:\/\/www.apen.es\/"},{"@type":"ListItem","position":2,"name":"Mantenimiento inform\u00e1tico","item":"https:\/\/www.apen.es\/mantenimiento-informatico\/"},{"@type":"ListItem","position":3,"name":"Mantenimiento inform\u00e1tico Montcada i Reixac"}]},{"@type":"WebSite","@id":"https:\/\/www.apen.es\/#website","url":"https:\/\/www.apen.es\/","name":"Apen Inform\u00e0tica","description":"Manteniment inform\u00e0tic , programari de gesti\u00f3, solucions d&#039;impressi\u00f3","publisher":{"@id":"https:\/\/www.apen.es\/#organization"},"potentialAction":[{"@type":"SearchAction","target":{"@type":"EntryPoint","urlTemplate":"https:\/\/www.apen.es\/?s={search_term_string}"},"query-input":{"@type":"PropertyValueSpecification","valueRequired":true,"valueName":"search_term_string"}}],"inLanguage":"ca"},{"@type":"Organization","@id":"https:\/\/www.apen.es\/#organization","name":"Apen: Solucions inform\u00e0tiques","url":"https:\/\/www.apen.es\/","logo":{"@type":"ImageObject","inLanguage":"ca","@id":"https:\/\/www.apen.es\/#\/schema\/logo\/image\/","url":"https:\/\/www.apen.es\/wp-content\/uploads\/2022\/08\/logo-apenok-231x82-1.png","contentUrl":"https:\/\/www.apen.es\/wp-content\/uploads\/2022\/08\/logo-apenok-231x82-1.png","width":231,"height":82,"caption":"Apen: Soluciones inform\u00e1ticas"},"image":{"@id":"https:\/\/www.apen.es\/#\/schema\/logo\/image\/"},"sameAs":["https:\/\/www.facebook.com\/apensolucions","https:\/\/www.youtube.com\/user\/ApenCentreInformatic","https:\/\/www.linkedin.com\/company\/1021771?trk=tyah&trkInfo=clickedVerticalcompanyclickedEntityId1021771idx2-1-2tarId1464195271196tasapenin"]}]}},"taxonomy_info":[],"featured_image_src_large":false,"author_info":{"display_name":"marqueting","author_link":"https:\/\/www.apen.es\/ca\/blog\/author\/marqueting\/"},"comment_info":0,"_links":{"self":[{"href":"https:\/\/www.apen.es\/ca\/wp-json\/wp\/v2\/pages\/14485","targetHints":{"allow":["GET"]}}],"collection":[{"href":"https:\/\/www.apen.es\/ca\/wp-json\/wp\/v2\/pages"}],"about":[{"href":"https:\/\/www.apen.es\/ca\/wp-json\/wp\/v2\/types\/page"}],"author":[{"embeddable":true,"href":"https:\/\/www.apen.es\/ca\/wp-json\/wp\/v2\/users\/4"}],"replies":[{"embeddable":true,"href":"https:\/\/www.apen.es\/ca\/wp-json\/wp\/v2\/comments?post=14485"}],"version-history":[{"count":2,"href":"https:\/\/www.apen.es\/ca\/wp-json\/wp\/v2\/pages\/14485\/revisions"}],"predecessor-version":[{"id":54595,"href":"https:\/\/www.apen.es\/ca\/wp-json\/wp\/v2\/pages\/14485\/revisions\/54595"}],"up":[{"embeddable":true,"href":"https:\/\/www.apen.es\/ca\/wp-json\/wp\/v2\/pages\/1357"}],"wp:attachment":[{"href":"https:\/\/www.apen.es\/ca\/wp-json\/wp\/v2\/media?parent=14485"}],"curies":[{"name":"wp","href":"https:\/\/api.w.org\/{rel}","templated":true}]}}