{"id":14479,"date":"2019-09-02T08:30:09","date_gmt":"2019-09-02T08:30:09","guid":{"rendered":"https:\/\/www.apen.es\/?page_id=14479"},"modified":"2025-03-31T06:23:41","modified_gmt":"2025-03-31T06:23:41","slug":"manteniment-informatic-vilalba-sasserra","status":"publish","type":"page","link":"https:\/\/www.apen.es\/ca\/mantenimiento-informatico\/mantenimiento-informatico-vilalba-sasserra\/","title":{"rendered":"Manteniment inform\u00e0tic Vilalba Sasserra"},"content":{"rendered":"<p>Per tots aquells que encara no ens coneixeu, Apen, som una empresa d&#039;inform\u00e0tica especialitzada entre altres coses al&nbsp;<strong>manteniment<\/strong>&nbsp;<strong>inform\u00e0tic a Vilalba Sasserra<\/strong>, en la qual oferim una cobertura que cobreix als nostres clients els 365 dies a l&#039;any durant les 24 hores del dia, per aix\u00f2 estem davant d&#039;una garantia total que \u00e9s ideal per a totes aquelles empreses que no vulguin deixar el rendiment dels seus sistemes inform\u00e0tics a l&#039;atzar i que els preocupi tenir grans despeses extres relacionades amb aquests dispositius.<\/p>\n\n\n\n<p>A m\u00e9s, hem de destacar que a la nostra empresa comptem amb una traject\u00f2ria de m\u00e9s de vint-i-cinc anys en aquest sector, per la qual cosa a poc a poc hem anat creixent i aprenent tot all\u00f2 que necessitem saber per tal de poder-vos oferir el millor resultat amb garanties de qualitat. Tamb\u00e9, en aquests anys hem apr\u00e8s la import\u00e0ncia que t\u00e9, comptar amb un equip de professionals molt ben qualificat que segueixin els valors de la nostra empresa, per la qual cosa avui dia podem dir que som una de les millors opcions per dur a terme&nbsp;<strong>manteniment<\/strong>&nbsp;<strong>inform\u00e0tic a Vilalba Sasserra<\/strong>&nbsp;de la vostra empresa.<\/p>\n\n\n\n<p>Dins la nostra gran oferta de&nbsp;<strong>manteniment<\/strong>&nbsp;<strong>inform\u00e0tic a Vilalba Sasserra,&nbsp;<\/strong>podreu trobar tres serveis ben diferenciats, els quals tenen unes prestacions diferents. En primer lloc, tenim el manteniment Base que \u00e9s un dels plans m\u00e9s senzill per\u00f2 m\u00e9s que suficient per a les empreses petites amb pocs equips inform\u00e0tics, en segon lloc hi ha el manteniment Outsourcing que \u00e9s un punt mitj\u00e0 entre els altres dos plans i per \u00faltim, hi ha el manteniment Premium, que \u00e9s una de les opci\u00f3 m\u00e9s completes i que recomanem a aquelles empreses que treballin cont\u00ednuament amb equips inform\u00e0tics. Per tant, escollir un o altre dependr\u00e0 de moltes coses, per\u00f2 principalment de les necessitats que tingueu a la vostra empresa<\/p>\n\n\n\n<p>Tamb\u00e9 volem destacar que a Apen no nom\u00e9s oferim el servei de&nbsp;<strong>manteniment inform\u00e0tic a Vilalba Sasserra<\/strong>, sin\u00f3 que tamb\u00e9 oferim molts altres serveis relacionats amb els sistemes inform\u00e0tics de les empreses, com ara el servei de r\u00e8nting d&#039;equips inform\u00e0tics, de solucions d&#039;impressi\u00f3, d&#039;instal\u00b7lar antivirus, fer c\u00f2pies de seguretat, d&#039;implantar un programari de gesti\u00f3 empresarial, entre d&#039;altres.<\/p>\n\n\n\n<p>Com veieu comptem amb un gran ventall de serveis entre els quals segur que trobem el que necessiteu, aix\u00ed que si voleu saber m\u00e9s informaci\u00f3 d&#039;algun d&#039;aquests serveis que tenim a la vostra disposici\u00f3, us convidem a entrar a la nostra p\u00e0gina web i fer una ullada ja que coneixereu una mica m\u00e9s sobre nosaltres i sobre cada servei, per\u00f2 si us queda algun dubte, podeu posar-vos en contacte amb nosaltres.<\/p>","protected":false},"excerpt":{"rendered":"<p>Para todos aquellos que todav\u00eda no nos conoc\u00e9is, Apen, somos una empresa de inform\u00e1tica especializada entre otras cosas en el&nbsp;mantenimiento&nbsp;inform\u00e1tico en Vilalba Sasserra, en la cual ofrecemos una cobertura que cubre a nuestros clientes los 365 d\u00edas al a\u00f1o durante las 24 horas del d\u00eda, por lo que estamos ante una garant\u00eda total que es&#8230;<\/p>","protected":false},"author":4,"featured_media":0,"parent":1357,"menu_order":0,"comment_status":"closed","ping_status":"closed","template":"page-servicio-informatico.php","meta":{"_acf_changed":false,"_kad_blocks_custom_css":"","_kad_blocks_head_custom_js":"","_kad_blocks_body_custom_js":"","_kad_blocks_footer_custom_js":"","_kad_post_transparent":"","_kad_post_title":"","_kad_post_layout":"","_kad_post_sidebar_id":"","_kad_post_content_style":"","_kad_post_vertical_padding":"","_kad_post_feature":"","_kad_post_feature_position":"","_kad_post_header":false,"_kad_post_footer":false,"_kad_post_classname":"","footnotes":""},"class_list":["post-14479","page","type-page","status-publish","hentry"],"acf":[],"yoast_head":"<!-- This site is optimized with the Yoast SEO plugin v27.4 - https:\/\/yoast.com\/product\/yoast-seo-wordpress\/ -->\n<title>Mantenimiento inform\u00e1tico Vilalba Sasserra - Apen Inform\u00e1tica<\/title>\n<meta name=\"description\" content=\"Servicio de mantenimiento inform\u00e1tico para empresas en Vilalba Sasserra. Mantenimiento de ordenadores y servidores. L\u00edderes en Barcelona.\" \/>\n<meta name=\"robots\" content=\"index, follow, max-snippet:-1, max-image-preview:large, max-video-preview:-1\" \/>\n<link rel=\"canonical\" href=\"https:\/\/www.apen.es\/ca\/manteniment-informatic\/manteniment-informatic-vilalba-sasserra\/\" \/>\n<meta property=\"og:locale\" content=\"ca_ES\" \/>\n<meta property=\"og:type\" content=\"article\" \/>\n<meta property=\"og:title\" content=\"Mantenimiento inform\u00e1tico Vilalba Sasserra - Apen Inform\u00e1tica\" \/>\n<meta property=\"og:description\" content=\"Servicio de mantenimiento inform\u00e1tico para empresas en Vilalba Sasserra. Mantenimiento de ordenadores y servidores. L\u00edderes en Barcelona.\" \/>\n<meta property=\"og:url\" content=\"https:\/\/www.apen.es\/ca\/manteniment-informatic\/manteniment-informatic-vilalba-sasserra\/\" \/>\n<meta property=\"og:site_name\" content=\"Apen Inform\u00e1tica\" \/>\n<meta property=\"article:publisher\" content=\"https:\/\/www.facebook.com\/apensolucions\" \/>\n<meta property=\"article:modified_time\" content=\"2025-03-31T06:23:41+00:00\" \/>\n<meta property=\"og:image\" content=\"https:\/\/www.apen.es\/wp-content\/uploads\/2016\/05\/logo-apen-231x82-trasparent.png\" \/>\n\t<meta property=\"og:image:width\" content=\"231\" \/>\n\t<meta property=\"og:image:height\" content=\"82\" \/>\n\t<meta property=\"og:image:type\" content=\"image\/png\" \/>\n<meta name=\"twitter:card\" content=\"summary_large_image\" \/>\n<meta name=\"twitter:label1\" content=\"Temps estimat de lectura\" \/>\n\t<meta name=\"twitter:data1\" content=\"10 minuts\" \/>\n<script type=\"application\/ld+json\" class=\"yoast-schema-graph\">{\"@context\":\"https:\\\/\\\/schema.org\",\"@graph\":[{\"@type\":\"WebPage\",\"@id\":\"https:\\\/\\\/www.apen.es\\\/mantenimiento-informatico\\\/mantenimiento-informatico-vilalba-sasserra\\\/\",\"url\":\"https:\\\/\\\/www.apen.es\\\/mantenimiento-informatico\\\/mantenimiento-informatico-vilalba-sasserra\\\/\",\"name\":\"Mantenimiento inform\u00e1tico Vilalba Sasserra - Apen Inform\u00e1tica\",\"isPartOf\":{\"@id\":\"https:\\\/\\\/www.apen.es\\\/#website\"},\"datePublished\":\"2019-09-02T08:30:09+00:00\",\"dateModified\":\"2025-03-31T06:23:41+00:00\",\"description\":\"Servicio de mantenimiento inform\u00e1tico para empresas en Vilalba Sasserra. Mantenimiento de ordenadores y servidores. L\u00edderes en Barcelona.\",\"breadcrumb\":{\"@id\":\"https:\\\/\\\/www.apen.es\\\/mantenimiento-informatico\\\/mantenimiento-informatico-vilalba-sasserra\\\/#breadcrumb\"},\"inLanguage\":\"ca\",\"potentialAction\":[{\"@type\":\"ReadAction\",\"target\":[\"https:\\\/\\\/www.apen.es\\\/mantenimiento-informatico\\\/mantenimiento-informatico-vilalba-sasserra\\\/\"]}]},{\"@type\":\"BreadcrumbList\",\"@id\":\"https:\\\/\\\/www.apen.es\\\/mantenimiento-informatico\\\/mantenimiento-informatico-vilalba-sasserra\\\/#breadcrumb\",\"itemListElement\":[{\"@type\":\"ListItem\",\"position\":1,\"name\":\"Portada\",\"item\":\"https:\\\/\\\/www.apen.es\\\/\"},{\"@type\":\"ListItem\",\"position\":2,\"name\":\"Mantenimiento inform\u00e1tico\",\"item\":\"https:\\\/\\\/www.apen.es\\\/mantenimiento-informatico\\\/\"},{\"@type\":\"ListItem\",\"position\":3,\"name\":\"Mantenimiento inform\u00e1tico Vilalba Sasserra\"}]},{\"@type\":\"WebSite\",\"@id\":\"https:\\\/\\\/www.apen.es\\\/#website\",\"url\":\"https:\\\/\\\/www.apen.es\\\/\",\"name\":\"Apen Inform\u00e1tica\",\"description\":\"Mantenimiento Inform\u00e1tico , Software de Gesti\u00f3n, Soluciones de impresi\u00f3n\",\"publisher\":{\"@id\":\"https:\\\/\\\/www.apen.es\\\/#organization\"},\"potentialAction\":[{\"@type\":\"SearchAction\",\"target\":{\"@type\":\"EntryPoint\",\"urlTemplate\":\"https:\\\/\\\/www.apen.es\\\/?s={search_term_string}\"},\"query-input\":{\"@type\":\"PropertyValueSpecification\",\"valueRequired\":true,\"valueName\":\"search_term_string\"}}],\"inLanguage\":\"ca\"},{\"@type\":\"Organization\",\"@id\":\"https:\\\/\\\/www.apen.es\\\/#organization\",\"name\":\"Apen: Soluciones inform\u00e1ticas\",\"url\":\"https:\\\/\\\/www.apen.es\\\/\",\"logo\":{\"@type\":\"ImageObject\",\"inLanguage\":\"ca\",\"@id\":\"https:\\\/\\\/www.apen.es\\\/#\\\/schema\\\/logo\\\/image\\\/\",\"url\":\"https:\\\/\\\/www.apen.es\\\/wp-content\\\/uploads\\\/2022\\\/08\\\/logo-apenok-231x82-1.png\",\"contentUrl\":\"https:\\\/\\\/www.apen.es\\\/wp-content\\\/uploads\\\/2022\\\/08\\\/logo-apenok-231x82-1.png\",\"width\":231,\"height\":82,\"caption\":\"Apen: Soluciones inform\u00e1ticas\"},\"image\":{\"@id\":\"https:\\\/\\\/www.apen.es\\\/#\\\/schema\\\/logo\\\/image\\\/\"},\"sameAs\":[\"https:\\\/\\\/www.facebook.com\\\/apensolucions\",\"https:\\\/\\\/www.youtube.com\\\/user\\\/ApenCentreInformatic\",\"https:\\\/\\\/www.linkedin.com\\\/company\\\/1021771?trk=tyah&trkInfo=clickedVerticalcompanyclickedEntityId1021771idx2-1-2tarId1464195271196tasapenin\"]}]}<\/script>\n<!-- \/ Yoast SEO plugin. -->","yoast_head_json":{"title":"Manteniment inform\u00e0tic Vilalba Sasserra - Apen Inform\u00e0tica","description":"Servei de manteniment inform\u00e0tic per a empreses a Vilalba Sasserra. Manteniment dordinadors i servidors. L\u00edders a Barcelona.","robots":{"index":"index","follow":"follow","max-snippet":"max-snippet:-1","max-image-preview":"max-image-preview:large","max-video-preview":"max-video-preview:-1"},"canonical":"https:\/\/www.apen.es\/ca\/manteniment-informatic\/manteniment-informatic-vilalba-sasserra\/","og_locale":"ca_ES","og_type":"article","og_title":"Mantenimiento inform\u00e1tico Vilalba Sasserra - Apen Inform\u00e1tica","og_description":"Servicio de mantenimiento inform\u00e1tico para empresas en Vilalba Sasserra. Mantenimiento de ordenadores y servidores. L\u00edderes en Barcelona.","og_url":"https:\/\/www.apen.es\/ca\/manteniment-informatic\/manteniment-informatic-vilalba-sasserra\/","og_site_name":"Apen Inform\u00e1tica","article_publisher":"https:\/\/www.facebook.com\/apensolucions","article_modified_time":"2025-03-31T06:23:41+00:00","og_image":[{"width":231,"height":82,"url":"https:\/\/www.apen.es\/wp-content\/uploads\/2016\/05\/logo-apen-231x82-trasparent.png","type":"image\/png"}],"twitter_card":"summary_large_image","twitter_misc":{"Temps estimat de lectura":"10 minuts"},"schema":{"@context":"https:\/\/schema.org","@graph":[{"@type":"WebPage","@id":"https:\/\/www.apen.es\/mantenimiento-informatico\/mantenimiento-informatico-vilalba-sasserra\/","url":"https:\/\/www.apen.es\/mantenimiento-informatico\/mantenimiento-informatico-vilalba-sasserra\/","name":"Manteniment inform\u00e0tic Vilalba Sasserra - Apen Inform\u00e0tica","isPartOf":{"@id":"https:\/\/www.apen.es\/#website"},"datePublished":"2019-09-02T08:30:09+00:00","dateModified":"2025-03-31T06:23:41+00:00","description":"Servei de manteniment inform\u00e0tic per a empreses a Vilalba Sasserra. Manteniment dordinadors i servidors. L\u00edders a Barcelona.","breadcrumb":{"@id":"https:\/\/www.apen.es\/mantenimiento-informatico\/mantenimiento-informatico-vilalba-sasserra\/#breadcrumb"},"inLanguage":"ca","potentialAction":[{"@type":"ReadAction","target":["https:\/\/www.apen.es\/mantenimiento-informatico\/mantenimiento-informatico-vilalba-sasserra\/"]}]},{"@type":"BreadcrumbList","@id":"https:\/\/www.apen.es\/mantenimiento-informatico\/mantenimiento-informatico-vilalba-sasserra\/#breadcrumb","itemListElement":[{"@type":"ListItem","position":1,"name":"Portada","item":"https:\/\/www.apen.es\/"},{"@type":"ListItem","position":2,"name":"Mantenimiento inform\u00e1tico","item":"https:\/\/www.apen.es\/mantenimiento-informatico\/"},{"@type":"ListItem","position":3,"name":"Mantenimiento inform\u00e1tico Vilalba Sasserra"}]},{"@type":"WebSite","@id":"https:\/\/www.apen.es\/#website","url":"https:\/\/www.apen.es\/","name":"Apen Inform\u00e0tica","description":"Manteniment inform\u00e0tic , programari de gesti\u00f3, solucions d&#039;impressi\u00f3","publisher":{"@id":"https:\/\/www.apen.es\/#organization"},"potentialAction":[{"@type":"SearchAction","target":{"@type":"EntryPoint","urlTemplate":"https:\/\/www.apen.es\/?s={search_term_string}"},"query-input":{"@type":"PropertyValueSpecification","valueRequired":true,"valueName":"search_term_string"}}],"inLanguage":"ca"},{"@type":"Organization","@id":"https:\/\/www.apen.es\/#organization","name":"Apen: Solucions inform\u00e0tiques","url":"https:\/\/www.apen.es\/","logo":{"@type":"ImageObject","inLanguage":"ca","@id":"https:\/\/www.apen.es\/#\/schema\/logo\/image\/","url":"https:\/\/www.apen.es\/wp-content\/uploads\/2022\/08\/logo-apenok-231x82-1.png","contentUrl":"https:\/\/www.apen.es\/wp-content\/uploads\/2022\/08\/logo-apenok-231x82-1.png","width":231,"height":82,"caption":"Apen: Soluciones inform\u00e1ticas"},"image":{"@id":"https:\/\/www.apen.es\/#\/schema\/logo\/image\/"},"sameAs":["https:\/\/www.facebook.com\/apensolucions","https:\/\/www.youtube.com\/user\/ApenCentreInformatic","https:\/\/www.linkedin.com\/company\/1021771?trk=tyah&trkInfo=clickedVerticalcompanyclickedEntityId1021771idx2-1-2tarId1464195271196tasapenin"]}]}},"taxonomy_info":[],"featured_image_src_large":false,"author_info":{"display_name":"marqueting","author_link":"https:\/\/www.apen.es\/ca\/blog\/author\/marqueting\/"},"comment_info":0,"_links":{"self":[{"href":"https:\/\/www.apen.es\/ca\/wp-json\/wp\/v2\/pages\/14479","targetHints":{"allow":["GET"]}}],"collection":[{"href":"https:\/\/www.apen.es\/ca\/wp-json\/wp\/v2\/pages"}],"about":[{"href":"https:\/\/www.apen.es\/ca\/wp-json\/wp\/v2\/types\/page"}],"author":[{"embeddable":true,"href":"https:\/\/www.apen.es\/ca\/wp-json\/wp\/v2\/users\/4"}],"replies":[{"embeddable":true,"href":"https:\/\/www.apen.es\/ca\/wp-json\/wp\/v2\/comments?post=14479"}],"version-history":[{"count":2,"href":"https:\/\/www.apen.es\/ca\/wp-json\/wp\/v2\/pages\/14479\/revisions"}],"predecessor-version":[{"id":54501,"href":"https:\/\/www.apen.es\/ca\/wp-json\/wp\/v2\/pages\/14479\/revisions\/54501"}],"up":[{"embeddable":true,"href":"https:\/\/www.apen.es\/ca\/wp-json\/wp\/v2\/pages\/1357"}],"wp:attachment":[{"href":"https:\/\/www.apen.es\/ca\/wp-json\/wp\/v2\/media?parent=14479"}],"curies":[{"name":"wp","href":"https:\/\/api.w.org\/{rel}","templated":true}]}}