{"id":14462,"date":"2019-09-02T08:01:47","date_gmt":"2019-09-02T08:01:47","guid":{"rendered":"https:\/\/www.apen.es\/?page_id=14462"},"modified":"2025-03-31T06:23:59","modified_gmt":"2025-03-31T06:23:59","slug":"manteniment-informatic-alella","status":"publish","type":"page","link":"https:\/\/www.apen.es\/ca\/mantenimiento-informatico\/mantenimiento-informatico-alella\/","title":{"rendered":"Manteniment inform\u00e0tic Alella"},"content":{"rendered":"<p>Si teniu una empresa i no disposeu de departament inform\u00e0tic propi o b\u00e9 voleu complementar el vostre, el millor \u00e9s comptar amb l&#039;ajuda d&#039;una empresa especialitzada i amb molta experi\u00e8ncia en el sector. A Apen comptem amb m\u00e9s de 25 anys d&#039;experi\u00e8ncia al sector i som una empresa especialitzada en la seguretat i <strong>manteniment inform\u00e0tic<\/strong> a <strong>Alella<\/strong>, per la qual cosa podem garantir-te un treball professional, comprom\u00e8s i resolutiu.<\/p>\n\n\n\n<p>Segons les necessitats reals de la teva empresa, a Apen pots disposar de tres modalitats diferents de <strong>manteniment inform\u00e0tic<\/strong> a <strong>Alella<\/strong>. La primera opci\u00f3 consisteix en un manteniment b\u00e0sic, la segona en un manteniment outsourcing (per a empreses que no disposen de departament inform\u00e0tic o que volen complementar el seu) i un manteniment inform\u00e0tic Premium, per a una opci\u00f3 molt completa. \u00c9s un servei m\u00e9s que recomanable per a empreses que vulguin comptar amb lajuda dexperts inform\u00e0tics, mitjan\u00e7ant la contractaci\u00f3 de serveis t\u00e8cnics especialitzats.<\/p>\n\n\n\n<p>A Apen et proposem diferents m\u00e8todes per gaudir del millor <strong>manteniment inform\u00e0tic <\/strong>a <strong>Alella<\/strong>, no nom\u00e9s a trav\u00e9s del manteniment sin\u00f3 tamb\u00e9 mitjan\u00e7ant la seguretat inform\u00e0tica i altres opcions com s\u00f3n les solucions d&#039;impressi\u00f3 o la implantaci\u00f3 d&#039;un programari empresarial. Pel que fa a les impressions oferim un servei de r\u00e8nting amb impressores multifuncionals d&#039;\u00faltima generaci\u00f3, que permeten realitzar diferents tasques des d&#039;un mateix lloc i amb el programari ERP l&#039;empresa podr\u00e0 unificar tots els departaments de l&#039;empresa en un mateix programa, podent disposar d&#039;un control m\u00e9s gran, millorar-ne la productivitat, estalviar costos, prendre millors decisions, augmentar les vendes, millorar la imatge. Som especialistes en la implantaci\u00f3 i el manteniment d&#039;equips inform\u00e0tics aportant solucions professionals per a la gesti\u00f3 empresarial, amb l&#039;objectiu de millorar la capacitat competitiva de tots els nostres clients.<\/p>\n\n\n\n<p>A Apen podr\u00e0s trobar assessorament especialitzat i permanent, sempre que els clients ho requereixin, facilitat en la comunicaci\u00f3 i trobar solucions personalitzades que estiguin a l&#039;al\u00e7ada de les exig\u00e8ncies actuals del mercat, serveis integrals a preus assequibles i la m\u00e0xima qualitat en tots els nostres productes i serveis.<\/p>\n\n\n\n<p>A la nostra p\u00e0gina web t&#039;expliquem en qu\u00e8 consisteixen cadascun dels nostres serveis, com \u00e9s el <strong>manteniment inform\u00e0tic<\/strong> a <strong>Alella<\/strong>. Al nostre portal web podr\u00e0s veure casos d&#039;\u00e8xit de molts clients que ja disposen i gaudeixen del nostre manteniment inform\u00e0tic com s\u00f3n Hotel Blancafort, Teatre Auditori de Granollers, Shingels, Sirsa\u2026 Empreses que reflecteixen la seva satisfacci\u00f3 per comptar amb un suport inform\u00e0tic de m\u00e0xima qualitat sempre que ho necessiten.<\/p>\n\n\n\n<p>Tamb\u00e9 trobar\u00e0s el nostre bloc, on publiquem not\u00edcies i informacions relacionades amb el manteniment i la seguretat inform\u00e0tica, les solucions d&#039;impressi\u00f3, el programari de gesti\u00f3 i tot all\u00f2 que ens sembla interessant i que estigui relacionat amb la inform\u00e0tica i amb les noves tecnologies.<\/p>","protected":false},"excerpt":{"rendered":"<p>Si tienes una empresa y no dispones de departamento inform\u00e1tico propio o bien quieres complementar el tuyo, lo mejor es contar con la ayuda de una empresa especializada y con mucha experiencia en el sector. En Apen contamos con m\u00e1s de 25 a\u00f1os de experiencia en el sector y somos una empresa especializada en la&#8230;<\/p>","protected":false},"author":4,"featured_media":0,"parent":1357,"menu_order":0,"comment_status":"closed","ping_status":"closed","template":"page-servicio-informatico.php","meta":{"_acf_changed":false,"_kad_blocks_custom_css":"","_kad_blocks_head_custom_js":"","_kad_blocks_body_custom_js":"","_kad_blocks_footer_custom_js":"","_kad_post_transparent":"","_kad_post_title":"","_kad_post_layout":"","_kad_post_sidebar_id":"","_kad_post_content_style":"","_kad_post_vertical_padding":"","_kad_post_feature":"","_kad_post_feature_position":"","_kad_post_header":false,"_kad_post_footer":false,"_kad_post_classname":"","footnotes":""},"class_list":["post-14462","page","type-page","status-publish","hentry"],"acf":[],"yoast_head":"<!-- This site is optimized with the Yoast SEO plugin v27.4 - https:\/\/yoast.com\/product\/yoast-seo-wordpress\/ -->\n<title>Mantenimiento inform\u00e1tico Alella - Apen Inform\u00e1tica<\/title>\n<meta name=\"description\" content=\"Servicio de mantenimiento inform\u00e1tico para empresas en Alella. Mantenimiento de ordenadores y servidores. Ofrecemos tarifas adaptadas a tu empresa.\" \/>\n<meta name=\"robots\" content=\"index, follow, max-snippet:-1, max-image-preview:large, max-video-preview:-1\" \/>\n<link rel=\"canonical\" href=\"https:\/\/www.apen.es\/ca\/manteniment-informatic\/manteniment-informatic-alella\/\" \/>\n<meta property=\"og:locale\" content=\"ca_ES\" \/>\n<meta property=\"og:type\" content=\"article\" \/>\n<meta property=\"og:title\" content=\"Mantenimiento inform\u00e1tico Alella - Apen Inform\u00e1tica\" \/>\n<meta property=\"og:description\" content=\"Servicio de mantenimiento inform\u00e1tico para empresas en Alella. Mantenimiento de ordenadores y servidores. Ofrecemos tarifas adaptadas a tu empresa.\" \/>\n<meta property=\"og:url\" content=\"https:\/\/www.apen.es\/ca\/manteniment-informatic\/manteniment-informatic-alella\/\" \/>\n<meta property=\"og:site_name\" content=\"Apen Inform\u00e1tica\" \/>\n<meta property=\"article:publisher\" content=\"https:\/\/www.facebook.com\/apensolucions\" \/>\n<meta property=\"article:modified_time\" content=\"2025-03-31T06:23:59+00:00\" \/>\n<meta property=\"og:image\" content=\"https:\/\/www.apen.es\/wp-content\/uploads\/2016\/05\/logo-apen-231x82-trasparent.png\" \/>\n\t<meta property=\"og:image:width\" content=\"231\" \/>\n\t<meta property=\"og:image:height\" content=\"82\" \/>\n\t<meta property=\"og:image:type\" content=\"image\/png\" \/>\n<meta name=\"twitter:card\" content=\"summary_large_image\" \/>\n<meta name=\"twitter:label1\" content=\"Temps estimat de lectura\" \/>\n\t<meta name=\"twitter:data1\" content=\"10 minuts\" \/>\n<script type=\"application\/ld+json\" class=\"yoast-schema-graph\">{\"@context\":\"https:\\\/\\\/schema.org\",\"@graph\":[{\"@type\":\"WebPage\",\"@id\":\"https:\\\/\\\/www.apen.es\\\/mantenimiento-informatico\\\/mantenimiento-informatico-alella\\\/\",\"url\":\"https:\\\/\\\/www.apen.es\\\/mantenimiento-informatico\\\/mantenimiento-informatico-alella\\\/\",\"name\":\"Mantenimiento inform\u00e1tico Alella - Apen Inform\u00e1tica\",\"isPartOf\":{\"@id\":\"https:\\\/\\\/www.apen.es\\\/#website\"},\"datePublished\":\"2019-09-02T08:01:47+00:00\",\"dateModified\":\"2025-03-31T06:23:59+00:00\",\"description\":\"Servicio de mantenimiento inform\u00e1tico para empresas en Alella. Mantenimiento de ordenadores y servidores. Ofrecemos tarifas adaptadas a tu empresa.\",\"breadcrumb\":{\"@id\":\"https:\\\/\\\/www.apen.es\\\/mantenimiento-informatico\\\/mantenimiento-informatico-alella\\\/#breadcrumb\"},\"inLanguage\":\"ca\",\"potentialAction\":[{\"@type\":\"ReadAction\",\"target\":[\"https:\\\/\\\/www.apen.es\\\/mantenimiento-informatico\\\/mantenimiento-informatico-alella\\\/\"]}]},{\"@type\":\"BreadcrumbList\",\"@id\":\"https:\\\/\\\/www.apen.es\\\/mantenimiento-informatico\\\/mantenimiento-informatico-alella\\\/#breadcrumb\",\"itemListElement\":[{\"@type\":\"ListItem\",\"position\":1,\"name\":\"Portada\",\"item\":\"https:\\\/\\\/www.apen.es\\\/\"},{\"@type\":\"ListItem\",\"position\":2,\"name\":\"Mantenimiento inform\u00e1tico\",\"item\":\"https:\\\/\\\/www.apen.es\\\/mantenimiento-informatico\\\/\"},{\"@type\":\"ListItem\",\"position\":3,\"name\":\"Mantenimiento inform\u00e1tico Alella\"}]},{\"@type\":\"WebSite\",\"@id\":\"https:\\\/\\\/www.apen.es\\\/#website\",\"url\":\"https:\\\/\\\/www.apen.es\\\/\",\"name\":\"Apen Inform\u00e1tica\",\"description\":\"Mantenimiento Inform\u00e1tico , Software de Gesti\u00f3n, Soluciones de impresi\u00f3n\",\"publisher\":{\"@id\":\"https:\\\/\\\/www.apen.es\\\/#organization\"},\"potentialAction\":[{\"@type\":\"SearchAction\",\"target\":{\"@type\":\"EntryPoint\",\"urlTemplate\":\"https:\\\/\\\/www.apen.es\\\/?s={search_term_string}\"},\"query-input\":{\"@type\":\"PropertyValueSpecification\",\"valueRequired\":true,\"valueName\":\"search_term_string\"}}],\"inLanguage\":\"ca\"},{\"@type\":\"Organization\",\"@id\":\"https:\\\/\\\/www.apen.es\\\/#organization\",\"name\":\"Apen: Soluciones inform\u00e1ticas\",\"url\":\"https:\\\/\\\/www.apen.es\\\/\",\"logo\":{\"@type\":\"ImageObject\",\"inLanguage\":\"ca\",\"@id\":\"https:\\\/\\\/www.apen.es\\\/#\\\/schema\\\/logo\\\/image\\\/\",\"url\":\"https:\\\/\\\/www.apen.es\\\/wp-content\\\/uploads\\\/2022\\\/08\\\/logo-apenok-231x82-1.png\",\"contentUrl\":\"https:\\\/\\\/www.apen.es\\\/wp-content\\\/uploads\\\/2022\\\/08\\\/logo-apenok-231x82-1.png\",\"width\":231,\"height\":82,\"caption\":\"Apen: Soluciones inform\u00e1ticas\"},\"image\":{\"@id\":\"https:\\\/\\\/www.apen.es\\\/#\\\/schema\\\/logo\\\/image\\\/\"},\"sameAs\":[\"https:\\\/\\\/www.facebook.com\\\/apensolucions\",\"https:\\\/\\\/www.youtube.com\\\/user\\\/ApenCentreInformatic\",\"https:\\\/\\\/www.linkedin.com\\\/company\\\/1021771?trk=tyah&trkInfo=clickedVerticalcompanyclickedEntityId1021771idx2-1-2tarId1464195271196tasapenin\"]}]}<\/script>\n<!-- \/ Yoast SEO plugin. -->","yoast_head_json":{"title":"Manteniment inform\u00e0tic Alella - Apen Inform\u00e0tica","description":"Servei de manteniment inform\u00e0tic per a empreses a Alella. Manteniment dordinadors i servidors. Oferim tarifes adaptades a la teva empresa.","robots":{"index":"index","follow":"follow","max-snippet":"max-snippet:-1","max-image-preview":"max-image-preview:large","max-video-preview":"max-video-preview:-1"},"canonical":"https:\/\/www.apen.es\/ca\/manteniment-informatic\/manteniment-informatic-alella\/","og_locale":"ca_ES","og_type":"article","og_title":"Mantenimiento inform\u00e1tico Alella - Apen Inform\u00e1tica","og_description":"Servicio de mantenimiento inform\u00e1tico para empresas en Alella. Mantenimiento de ordenadores y servidores. Ofrecemos tarifas adaptadas a tu empresa.","og_url":"https:\/\/www.apen.es\/ca\/manteniment-informatic\/manteniment-informatic-alella\/","og_site_name":"Apen Inform\u00e1tica","article_publisher":"https:\/\/www.facebook.com\/apensolucions","article_modified_time":"2025-03-31T06:23:59+00:00","og_image":[{"width":231,"height":82,"url":"https:\/\/www.apen.es\/wp-content\/uploads\/2016\/05\/logo-apen-231x82-trasparent.png","type":"image\/png"}],"twitter_card":"summary_large_image","twitter_misc":{"Temps estimat de lectura":"10 minuts"},"schema":{"@context":"https:\/\/schema.org","@graph":[{"@type":"WebPage","@id":"https:\/\/www.apen.es\/mantenimiento-informatico\/mantenimiento-informatico-alella\/","url":"https:\/\/www.apen.es\/mantenimiento-informatico\/mantenimiento-informatico-alella\/","name":"Manteniment inform\u00e0tic Alella - Apen Inform\u00e0tica","isPartOf":{"@id":"https:\/\/www.apen.es\/#website"},"datePublished":"2019-09-02T08:01:47+00:00","dateModified":"2025-03-31T06:23:59+00:00","description":"Servei de manteniment inform\u00e0tic per a empreses a Alella. Manteniment dordinadors i servidors. Oferim tarifes adaptades a la teva empresa.","breadcrumb":{"@id":"https:\/\/www.apen.es\/mantenimiento-informatico\/mantenimiento-informatico-alella\/#breadcrumb"},"inLanguage":"ca","potentialAction":[{"@type":"ReadAction","target":["https:\/\/www.apen.es\/mantenimiento-informatico\/mantenimiento-informatico-alella\/"]}]},{"@type":"BreadcrumbList","@id":"https:\/\/www.apen.es\/mantenimiento-informatico\/mantenimiento-informatico-alella\/#breadcrumb","itemListElement":[{"@type":"ListItem","position":1,"name":"Portada","item":"https:\/\/www.apen.es\/"},{"@type":"ListItem","position":2,"name":"Mantenimiento inform\u00e1tico","item":"https:\/\/www.apen.es\/mantenimiento-informatico\/"},{"@type":"ListItem","position":3,"name":"Mantenimiento inform\u00e1tico Alella"}]},{"@type":"WebSite","@id":"https:\/\/www.apen.es\/#website","url":"https:\/\/www.apen.es\/","name":"Apen Inform\u00e0tica","description":"Manteniment inform\u00e0tic , programari de gesti\u00f3, solucions d&#039;impressi\u00f3","publisher":{"@id":"https:\/\/www.apen.es\/#organization"},"potentialAction":[{"@type":"SearchAction","target":{"@type":"EntryPoint","urlTemplate":"https:\/\/www.apen.es\/?s={search_term_string}"},"query-input":{"@type":"PropertyValueSpecification","valueRequired":true,"valueName":"search_term_string"}}],"inLanguage":"ca"},{"@type":"Organization","@id":"https:\/\/www.apen.es\/#organization","name":"Apen: Solucions inform\u00e0tiques","url":"https:\/\/www.apen.es\/","logo":{"@type":"ImageObject","inLanguage":"ca","@id":"https:\/\/www.apen.es\/#\/schema\/logo\/image\/","url":"https:\/\/www.apen.es\/wp-content\/uploads\/2022\/08\/logo-apenok-231x82-1.png","contentUrl":"https:\/\/www.apen.es\/wp-content\/uploads\/2022\/08\/logo-apenok-231x82-1.png","width":231,"height":82,"caption":"Apen: Soluciones inform\u00e1ticas"},"image":{"@id":"https:\/\/www.apen.es\/#\/schema\/logo\/image\/"},"sameAs":["https:\/\/www.facebook.com\/apensolucions","https:\/\/www.youtube.com\/user\/ApenCentreInformatic","https:\/\/www.linkedin.com\/company\/1021771?trk=tyah&trkInfo=clickedVerticalcompanyclickedEntityId1021771idx2-1-2tarId1464195271196tasapenin"]}]}},"taxonomy_info":[],"featured_image_src_large":false,"author_info":{"display_name":"marqueting","author_link":"https:\/\/www.apen.es\/ca\/blog\/author\/marqueting\/"},"comment_info":0,"_links":{"self":[{"href":"https:\/\/www.apen.es\/ca\/wp-json\/wp\/v2\/pages\/14462","targetHints":{"allow":["GET"]}}],"collection":[{"href":"https:\/\/www.apen.es\/ca\/wp-json\/wp\/v2\/pages"}],"about":[{"href":"https:\/\/www.apen.es\/ca\/wp-json\/wp\/v2\/types\/page"}],"author":[{"embeddable":true,"href":"https:\/\/www.apen.es\/ca\/wp-json\/wp\/v2\/users\/4"}],"replies":[{"embeddable":true,"href":"https:\/\/www.apen.es\/ca\/wp-json\/wp\/v2\/comments?post=14462"}],"version-history":[{"count":2,"href":"https:\/\/www.apen.es\/ca\/wp-json\/wp\/v2\/pages\/14462\/revisions"}],"predecessor-version":[{"id":54498,"href":"https:\/\/www.apen.es\/ca\/wp-json\/wp\/v2\/pages\/14462\/revisions\/54498"}],"up":[{"embeddable":true,"href":"https:\/\/www.apen.es\/ca\/wp-json\/wp\/v2\/pages\/1357"}],"wp:attachment":[{"href":"https:\/\/www.apen.es\/ca\/wp-json\/wp\/v2\/media?parent=14462"}],"curies":[{"name":"wp","href":"https:\/\/api.w.org\/{rel}","templated":true}]}}