{"id":14067,"date":"2019-05-31T09:54:46","date_gmt":"2019-05-31T09:54:46","guid":{"rendered":"https:\/\/www.apen.es\/?page_id=14067"},"modified":"2025-03-31T07:06:18","modified_gmt":"2025-03-31T07:06:18","slug":"manteniment-informatic-vilanova-de-les-valls","status":"publish","type":"page","link":"https:\/\/www.apen.es\/ca\/mantenimiento-informatico\/mantenimiento-informatico-vilanova-del-valles\/","title":{"rendered":"Manteniment inform\u00e0tic Vilanova del Vall\u00e8s"},"content":{"rendered":"<p>Si esteu buscant un servei de&nbsp;<strong>manteniment inform\u00e0tic a Vilanova del Vall\u00e8s<\/strong>, que pugui cobrir les necessitats reals que han sorgit a la vostra empresa arran de les noves tecnologies, a Apen estem disposats a ajudar-vos i assessorar-vos de forma professional, gr\u00e0cies al fet que comptem amb una llarga experi\u00e8ncia i una experimentada traject\u00f2ria de m\u00e9s de 25 anys, en els quals hem treballat de forma especialitzada tant en la seguretat inform\u00e0tica com en el manteniment inform\u00e0tic aquest sector a la prov\u00edncia de Barcelona i els seus voltants.<\/p>\n\n\n\n<p>Oferim una gran varietat de serveis, entre els quals destaca el&nbsp;<strong>manteniment inform\u00e0tic a Vilanova del Vall\u00e8s<\/strong>, un servei que engloba tot el que necessita la vostra empresa per evitar qualsevol tipus de contratemps, com per exemple la instal\u00b7laci\u00f3 d&#039;un antivirus o la seguretat de poder comptar amb un t\u00e8cnic sempre que necessiteu.<\/p>\n\n\n\n<p>A m\u00e9s, aquest servei de&nbsp;<strong>manteniment inform\u00e0tic a Vilanova del Vall\u00e8s<\/strong>, s&#039;adapta perfectament a les necessitats de cadascun dels nostres clients, per la qual cosa \u00e9s totalment personalitzat, per la qual cosa el primer que fem abans de comen\u00e7ar amb el servei \u00e9s fer un estudi previ de la vostra empresa i de les necessitats que teniu, aix\u00ed a partir d&#039;un dels tres plans que tenim podrem readaptar-lo perqu\u00e8 sigui perfecte per a vosaltres.<\/p>\n\n\n\n<p>Un d&#039;aquests plans \u00e9s el manteniment Premium, que sens dubte \u00e9s el m\u00e9s complet i un dels m\u00e9s recomanat per a aquelles empreses que us vulgueu oblidar d&#039;aquest tema i deixar-lo en mans de professionals amb un preu tancat i que cap mes canvia, ja que inclou tot all\u00f2 relacionat amb els vostres equips inform\u00e0tics, fins i tot els serveis correctius i preventius. Un altre dels plans que oferim \u00e9s el manteniment Base, que inclou els serveis b\u00e0sics, com ara tenir un t\u00e8cnic habitual i un descompte a la resta de serveis que oferim a la nostra empresa Apen. Finalment, el tercer dels plans que oferim de&nbsp;<strong>manteniment inform\u00e0tic a Vilanova del Vall\u00e8s<\/strong>, \u00e9s el pla de manteniment Outsourcing, que \u00e9s un punt mitj\u00e0 entre el Base i el Premium.<\/p>\n\n\n\n<p>Si voleu m\u00e9s informaci\u00f3 sobre aquest servei o sobre qualsevol dels serveis que oferim a la nostra empresa, podeu contactar amb nosaltres sense cap mena de comprom\u00eds, i el nostre departament comercial estar\u00e0 encantat d&#039;atendre-us i assessorar-vos en tot all\u00f2 que necessiteu. A Apen ha trobat una empresa especialitzada en el&nbsp;<strong>manteniment inform\u00e0tic a Vilanova del Vall\u00e8s<\/strong>, caracteritzada pel bon tracte amb el client, fruit d\u00b4una filosofia on l\u00b4atenci\u00f3 i l\u00b4acompanyament al client \u00e9s un dels eixos fonamentals de la nostra empresa.<\/p>","protected":false},"excerpt":{"rendered":"<p>Si est\u00e1is buscando un servicio de&nbsp;mantenimiento inform\u00e1tico en Vilanova del Vall\u00e8s, que pueda cubrir las necesidades reales que han surgido en vuestra empresa a ra\u00edz de las nuevas tecnolog\u00edas, en Apen estamos dispuestos a ayudaros y asesoraros de forma profesional, gracias a que contamos con una larga experiencia y una experimentada trayectoria de m\u00e1s de&#8230;<\/p>","protected":false},"author":4,"featured_media":0,"parent":1357,"menu_order":0,"comment_status":"closed","ping_status":"closed","template":"page-servicio-informatico.php","meta":{"_acf_changed":false,"_kad_blocks_custom_css":"","_kad_blocks_head_custom_js":"","_kad_blocks_body_custom_js":"","_kad_blocks_footer_custom_js":"","_kad_post_transparent":"","_kad_post_title":"","_kad_post_layout":"","_kad_post_sidebar_id":"","_kad_post_content_style":"","_kad_post_vertical_padding":"","_kad_post_feature":"","_kad_post_feature_position":"","_kad_post_header":false,"_kad_post_footer":false,"_kad_post_classname":"","footnotes":""},"class_list":["post-14067","page","type-page","status-publish","hentry"],"acf":[],"yoast_head":"<!-- This site is optimized with the Yoast SEO plugin v27.4 - https:\/\/yoast.com\/product\/yoast-seo-wordpress\/ -->\n<title>Mantenimiento inform\u00e1tico Vilanova del Vall\u00e8s - Apen Inform\u00e1tica<\/title>\n<meta name=\"description\" content=\"Servicio de mantenimiento inform\u00e1tico para empresas en Vilanova del Vall\u00e8s. Mantenimiento de ordenadores y servidores. L\u00edderes en Barcelona.\" \/>\n<meta name=\"robots\" content=\"index, follow, max-snippet:-1, max-image-preview:large, max-video-preview:-1\" \/>\n<link rel=\"canonical\" href=\"https:\/\/www.apen.es\/ca\/manteniment-informatic\/manteniment-informatic-vilanova-de-les-valls\/\" \/>\n<meta property=\"og:locale\" content=\"ca_ES\" \/>\n<meta property=\"og:type\" content=\"article\" \/>\n<meta property=\"og:title\" content=\"Mantenimiento inform\u00e1tico Vilanova del Vall\u00e8s - Apen Inform\u00e1tica\" \/>\n<meta property=\"og:description\" content=\"Servicio de mantenimiento inform\u00e1tico para empresas en Vilanova del Vall\u00e8s. Mantenimiento de ordenadores y servidores. L\u00edderes en Barcelona.\" \/>\n<meta property=\"og:url\" content=\"https:\/\/www.apen.es\/ca\/manteniment-informatic\/manteniment-informatic-vilanova-de-les-valls\/\" \/>\n<meta property=\"og:site_name\" content=\"Apen Inform\u00e1tica\" \/>\n<meta property=\"article:publisher\" content=\"https:\/\/www.facebook.com\/apensolucions\" \/>\n<meta property=\"article:modified_time\" content=\"2025-03-31T07:06:18+00:00\" \/>\n<meta property=\"og:image\" content=\"https:\/\/www.apen.es\/wp-content\/uploads\/2016\/05\/logo-apen-231x82-trasparent.png\" \/>\n\t<meta property=\"og:image:width\" content=\"231\" \/>\n\t<meta property=\"og:image:height\" content=\"82\" \/>\n\t<meta property=\"og:image:type\" content=\"image\/png\" \/>\n<meta name=\"twitter:card\" content=\"summary_large_image\" \/>\n<meta name=\"twitter:label1\" content=\"Temps estimat de lectura\" \/>\n\t<meta name=\"twitter:data1\" content=\"10 minuts\" \/>\n<script type=\"application\/ld+json\" class=\"yoast-schema-graph\">{\"@context\":\"https:\\\/\\\/schema.org\",\"@graph\":[{\"@type\":\"WebPage\",\"@id\":\"https:\\\/\\\/www.apen.es\\\/mantenimiento-informatico\\\/mantenimiento-informatico-vilanova-del-valles\\\/\",\"url\":\"https:\\\/\\\/www.apen.es\\\/mantenimiento-informatico\\\/mantenimiento-informatico-vilanova-del-valles\\\/\",\"name\":\"Mantenimiento inform\u00e1tico Vilanova del Vall\u00e8s - Apen Inform\u00e1tica\",\"isPartOf\":{\"@id\":\"https:\\\/\\\/www.apen.es\\\/#website\"},\"datePublished\":\"2019-05-31T09:54:46+00:00\",\"dateModified\":\"2025-03-31T07:06:18+00:00\",\"description\":\"Servicio de mantenimiento inform\u00e1tico para empresas en Vilanova del Vall\u00e8s. Mantenimiento de ordenadores y servidores. L\u00edderes en Barcelona.\",\"breadcrumb\":{\"@id\":\"https:\\\/\\\/www.apen.es\\\/mantenimiento-informatico\\\/mantenimiento-informatico-vilanova-del-valles\\\/#breadcrumb\"},\"inLanguage\":\"ca\",\"potentialAction\":[{\"@type\":\"ReadAction\",\"target\":[\"https:\\\/\\\/www.apen.es\\\/mantenimiento-informatico\\\/mantenimiento-informatico-vilanova-del-valles\\\/\"]}]},{\"@type\":\"BreadcrumbList\",\"@id\":\"https:\\\/\\\/www.apen.es\\\/mantenimiento-informatico\\\/mantenimiento-informatico-vilanova-del-valles\\\/#breadcrumb\",\"itemListElement\":[{\"@type\":\"ListItem\",\"position\":1,\"name\":\"Portada\",\"item\":\"https:\\\/\\\/www.apen.es\\\/\"},{\"@type\":\"ListItem\",\"position\":2,\"name\":\"Mantenimiento inform\u00e1tico\",\"item\":\"https:\\\/\\\/www.apen.es\\\/mantenimiento-informatico\\\/\"},{\"@type\":\"ListItem\",\"position\":3,\"name\":\"Mantenimiento inform\u00e1tico Vilanova del Vall\u00e8s\"}]},{\"@type\":\"WebSite\",\"@id\":\"https:\\\/\\\/www.apen.es\\\/#website\",\"url\":\"https:\\\/\\\/www.apen.es\\\/\",\"name\":\"Apen Inform\u00e1tica\",\"description\":\"Mantenimiento Inform\u00e1tico , Software de Gesti\u00f3n, Soluciones de impresi\u00f3n\",\"publisher\":{\"@id\":\"https:\\\/\\\/www.apen.es\\\/#organization\"},\"potentialAction\":[{\"@type\":\"SearchAction\",\"target\":{\"@type\":\"EntryPoint\",\"urlTemplate\":\"https:\\\/\\\/www.apen.es\\\/?s={search_term_string}\"},\"query-input\":{\"@type\":\"PropertyValueSpecification\",\"valueRequired\":true,\"valueName\":\"search_term_string\"}}],\"inLanguage\":\"ca\"},{\"@type\":\"Organization\",\"@id\":\"https:\\\/\\\/www.apen.es\\\/#organization\",\"name\":\"Apen: Soluciones inform\u00e1ticas\",\"url\":\"https:\\\/\\\/www.apen.es\\\/\",\"logo\":{\"@type\":\"ImageObject\",\"inLanguage\":\"ca\",\"@id\":\"https:\\\/\\\/www.apen.es\\\/#\\\/schema\\\/logo\\\/image\\\/\",\"url\":\"https:\\\/\\\/www.apen.es\\\/wp-content\\\/uploads\\\/2022\\\/08\\\/logo-apenok-231x82-1.png\",\"contentUrl\":\"https:\\\/\\\/www.apen.es\\\/wp-content\\\/uploads\\\/2022\\\/08\\\/logo-apenok-231x82-1.png\",\"width\":231,\"height\":82,\"caption\":\"Apen: Soluciones inform\u00e1ticas\"},\"image\":{\"@id\":\"https:\\\/\\\/www.apen.es\\\/#\\\/schema\\\/logo\\\/image\\\/\"},\"sameAs\":[\"https:\\\/\\\/www.facebook.com\\\/apensolucions\",\"https:\\\/\\\/www.youtube.com\\\/user\\\/ApenCentreInformatic\",\"https:\\\/\\\/www.linkedin.com\\\/company\\\/1021771?trk=tyah&trkInfo=clickedVerticalcompanyclickedEntityId1021771idx2-1-2tarId1464195271196tasapenin\"]}]}<\/script>\n<!-- \/ Yoast SEO plugin. -->","yoast_head_json":{"title":"Manteniment inform\u00e0tic Vilanova del Vall\u00e8s - Apen Inform\u00e0tica","description":"Servei de manteniment inform\u00e0tic per a empreses a Vilanova del Vall\u00e8s. Manteniment dordinadors i servidors. L\u00edders a Barcelona.","robots":{"index":"index","follow":"follow","max-snippet":"max-snippet:-1","max-image-preview":"max-image-preview:large","max-video-preview":"max-video-preview:-1"},"canonical":"https:\/\/www.apen.es\/ca\/manteniment-informatic\/manteniment-informatic-vilanova-de-les-valls\/","og_locale":"ca_ES","og_type":"article","og_title":"Mantenimiento inform\u00e1tico Vilanova del Vall\u00e8s - Apen Inform\u00e1tica","og_description":"Servicio de mantenimiento inform\u00e1tico para empresas en Vilanova del Vall\u00e8s. Mantenimiento de ordenadores y servidores. L\u00edderes en Barcelona.","og_url":"https:\/\/www.apen.es\/ca\/manteniment-informatic\/manteniment-informatic-vilanova-de-les-valls\/","og_site_name":"Apen Inform\u00e1tica","article_publisher":"https:\/\/www.facebook.com\/apensolucions","article_modified_time":"2025-03-31T07:06:18+00:00","og_image":[{"width":231,"height":82,"url":"https:\/\/www.apen.es\/wp-content\/uploads\/2016\/05\/logo-apen-231x82-trasparent.png","type":"image\/png"}],"twitter_card":"summary_large_image","twitter_misc":{"Temps estimat de lectura":"10 minuts"},"schema":{"@context":"https:\/\/schema.org","@graph":[{"@type":"WebPage","@id":"https:\/\/www.apen.es\/mantenimiento-informatico\/mantenimiento-informatico-vilanova-del-valles\/","url":"https:\/\/www.apen.es\/mantenimiento-informatico\/mantenimiento-informatico-vilanova-del-valles\/","name":"Manteniment inform\u00e0tic Vilanova del Vall\u00e8s - Apen Inform\u00e0tica","isPartOf":{"@id":"https:\/\/www.apen.es\/#website"},"datePublished":"2019-05-31T09:54:46+00:00","dateModified":"2025-03-31T07:06:18+00:00","description":"Servei de manteniment inform\u00e0tic per a empreses a Vilanova del Vall\u00e8s. Manteniment dordinadors i servidors. L\u00edders a Barcelona.","breadcrumb":{"@id":"https:\/\/www.apen.es\/mantenimiento-informatico\/mantenimiento-informatico-vilanova-del-valles\/#breadcrumb"},"inLanguage":"ca","potentialAction":[{"@type":"ReadAction","target":["https:\/\/www.apen.es\/mantenimiento-informatico\/mantenimiento-informatico-vilanova-del-valles\/"]}]},{"@type":"BreadcrumbList","@id":"https:\/\/www.apen.es\/mantenimiento-informatico\/mantenimiento-informatico-vilanova-del-valles\/#breadcrumb","itemListElement":[{"@type":"ListItem","position":1,"name":"Portada","item":"https:\/\/www.apen.es\/"},{"@type":"ListItem","position":2,"name":"Mantenimiento inform\u00e1tico","item":"https:\/\/www.apen.es\/mantenimiento-informatico\/"},{"@type":"ListItem","position":3,"name":"Mantenimiento inform\u00e1tico Vilanova del Vall\u00e8s"}]},{"@type":"WebSite","@id":"https:\/\/www.apen.es\/#website","url":"https:\/\/www.apen.es\/","name":"Apen Inform\u00e0tica","description":"Manteniment inform\u00e0tic , programari de gesti\u00f3, solucions d&#039;impressi\u00f3","publisher":{"@id":"https:\/\/www.apen.es\/#organization"},"potentialAction":[{"@type":"SearchAction","target":{"@type":"EntryPoint","urlTemplate":"https:\/\/www.apen.es\/?s={search_term_string}"},"query-input":{"@type":"PropertyValueSpecification","valueRequired":true,"valueName":"search_term_string"}}],"inLanguage":"ca"},{"@type":"Organization","@id":"https:\/\/www.apen.es\/#organization","name":"Apen: Solucions inform\u00e0tiques","url":"https:\/\/www.apen.es\/","logo":{"@type":"ImageObject","inLanguage":"ca","@id":"https:\/\/www.apen.es\/#\/schema\/logo\/image\/","url":"https:\/\/www.apen.es\/wp-content\/uploads\/2022\/08\/logo-apenok-231x82-1.png","contentUrl":"https:\/\/www.apen.es\/wp-content\/uploads\/2022\/08\/logo-apenok-231x82-1.png","width":231,"height":82,"caption":"Apen: Soluciones inform\u00e1ticas"},"image":{"@id":"https:\/\/www.apen.es\/#\/schema\/logo\/image\/"},"sameAs":["https:\/\/www.facebook.com\/apensolucions","https:\/\/www.youtube.com\/user\/ApenCentreInformatic","https:\/\/www.linkedin.com\/company\/1021771?trk=tyah&trkInfo=clickedVerticalcompanyclickedEntityId1021771idx2-1-2tarId1464195271196tasapenin"]}]}},"taxonomy_info":[],"featured_image_src_large":false,"author_info":{"display_name":"marqueting","author_link":"https:\/\/www.apen.es\/ca\/blog\/author\/marqueting\/"},"comment_info":0,"_links":{"self":[{"href":"https:\/\/www.apen.es\/ca\/wp-json\/wp\/v2\/pages\/14067","targetHints":{"allow":["GET"]}}],"collection":[{"href":"https:\/\/www.apen.es\/ca\/wp-json\/wp\/v2\/pages"}],"about":[{"href":"https:\/\/www.apen.es\/ca\/wp-json\/wp\/v2\/types\/page"}],"author":[{"embeddable":true,"href":"https:\/\/www.apen.es\/ca\/wp-json\/wp\/v2\/users\/4"}],"replies":[{"embeddable":true,"href":"https:\/\/www.apen.es\/ca\/wp-json\/wp\/v2\/comments?post=14067"}],"version-history":[{"count":2,"href":"https:\/\/www.apen.es\/ca\/wp-json\/wp\/v2\/pages\/14067\/revisions"}],"predecessor-version":[{"id":54590,"href":"https:\/\/www.apen.es\/ca\/wp-json\/wp\/v2\/pages\/14067\/revisions\/54590"}],"up":[{"embeddable":true,"href":"https:\/\/www.apen.es\/ca\/wp-json\/wp\/v2\/pages\/1357"}],"wp:attachment":[{"href":"https:\/\/www.apen.es\/ca\/wp-json\/wp\/v2\/media?parent=14067"}],"curies":[{"name":"wp","href":"https:\/\/api.w.org\/{rel}","templated":true}]}}