{"id":14065,"date":"2019-05-31T09:52:57","date_gmt":"2019-05-31T09:52:57","guid":{"rendered":"https:\/\/www.apen.es\/?page_id=14065"},"modified":"2025-03-31T07:06:06","modified_gmt":"2025-03-31T07:06:06","slug":"manteniment-informatic-badia-de-les-valls","status":"publish","type":"page","link":"https:\/\/www.apen.es\/ca\/mantenimiento-informatico\/mantenimiento-informatico-badia-del-valles\/","title":{"rendered":"Manteniment inform\u00e0tic Badia del Vall\u00e8s"},"content":{"rendered":"<p>Avui dia, despr\u00e9s del gran auge inform\u00e0tic i tecnol\u00f2gic que hi ha hagut a la nostra societat, s\u00f3n moltes les empreses de diferents sectors, que compten amb equips inform\u00e0tics que utilitzen en el dia a dia per a una millor gesti\u00f3 de les diferents seccions de l&#039;empresa, des del control d&#039;estoc, fins a la comptabilitat, per aquesta ra\u00f3, ha sorgit una nova necessitat per a les empreses que \u00e9s el&nbsp;<strong>manteniment inform\u00e0tic a Badia del Vall\u00e8s<\/strong>, sempre de la m\u00e0 de professionals d&#039;alta qualitat.<\/p>\n\n\n\n<p>Apen, som una empresa d&#039;inform\u00e0tica, on oferim una cobertura de 365 dies a l&#039;any durant les 24 hores del dia, cosa que representa una garantia total per a aquelles empreses que no vulguin deixar a l&#039;atzar el rendiment dels seus sistemes inform\u00e0tics, per la qual cosa som les millor opci\u00f3 per portar el&nbsp;<strong>manteniment inform\u00e0tic a Badia del Vall\u00e8s<\/strong>&nbsp;de la vostra empresa, ja que comptem amb m\u00e9s de vint-i-cinc anys al sector que ens ha fet aprendre tot all\u00f2 que necessitem saber, per oferir-vos el millor resultat amb garanties de qualitat.<\/p>\n\n\n\n<p>Aix\u00f2, en part, \u00e9s gr\u00e0cies als nostres equip professional que est\u00e0 format per aut\u00e8ntics professionals, els quals no nom\u00e9s tenen tots els estudis i els coneixements necessaris, sin\u00f3 que tamb\u00e9 compten amb les qualitats necess\u00e0ries, per poder complir els nostres requisits i poder-vos oferir un servei proper i personalitzat.<\/p>\n\n\n\n<p>A Apen, ens prenem molt seriosament el fet d&#039;oferir un servei de&nbsp;<strong>manteniment inform\u00e0tic a Badia del Vall\u00e8s<\/strong>, totalment personalitzat que s&#039;adapti a les necessitats de cadascun dels nostres clients, ja que com hem dit anteriorment, s\u00f3n moltes les empreses que necessiten aquest servei i cadascuna \u00e9s diferent. Aix\u00ed, comptem amb tres plans diferents, que s\u00f3n el manteniment Base, el manteniment Outsourcing i el manteniment Premium. Cadasc\u00fa s&#039;adapta i es pot modificar en funci\u00f3 del que busquin els clients.<\/p>\n\n\n\n<p>El&nbsp;<strong>manteniment inform\u00e0tic a Badia del Vall\u00e8s<\/strong>, es tracta d&#039;un sistema segur i assequible per a totes aquelles empreses que vulguin obtenir el benefici m\u00e9s gran, podent confiar en una empresa externa amb total confian\u00e7a, que estigui capacitada per dur a terme aquest servei amb totes les garanties.<\/p>\n\n\n\n<p>A Apen, podem assegurar el bon funcionament de la teva PIME oferint-te tots els avantatges d&#039;aquest servei professional, que us permet, entre altres coses, l&#039;estalvi en els costos anuals de la vostra empresa, aix\u00ed que si voleu saber-ne m\u00e9s&nbsp;<strong>manteniment inform\u00e0tic a Badia del Vall\u00e8s<\/strong>, o sobre qualsevol dels serveis que oferim, els quals podreu consultar a la nostra web, no dubteu en posar-vos en contacte amb nosaltres, ja que, estarem encantats de poder-vos ajudar en tot el que estigui a les nostres mans.<\/p>","protected":false},"excerpt":{"rendered":"<p>Hoy en d\u00eda, despu\u00e9s del gran auge inform\u00e1tico y tecnol\u00f3gico que ha habido en nuestra sociedad, son muchas las empresas de diferentes sectores, que cuentan con equipos inform\u00e1ticos que utilizan en el d\u00eda a d\u00eda para una mejor gesti\u00f3n de las diferentes secciones de la empresa, desde el control de stock, hasta la contabilidad, por&#8230;<\/p>","protected":false},"author":4,"featured_media":0,"parent":1357,"menu_order":0,"comment_status":"closed","ping_status":"closed","template":"page-servicio-informatico.php","meta":{"_acf_changed":false,"_kad_blocks_custom_css":"","_kad_blocks_head_custom_js":"","_kad_blocks_body_custom_js":"","_kad_blocks_footer_custom_js":"","_kad_post_transparent":"","_kad_post_title":"","_kad_post_layout":"","_kad_post_sidebar_id":"","_kad_post_content_style":"","_kad_post_vertical_padding":"","_kad_post_feature":"","_kad_post_feature_position":"","_kad_post_header":false,"_kad_post_footer":false,"_kad_post_classname":"","footnotes":""},"class_list":["post-14065","page","type-page","status-publish","hentry"],"acf":[],"yoast_head":"<!-- This site is optimized with the Yoast SEO plugin v27.4 - https:\/\/yoast.com\/product\/yoast-seo-wordpress\/ -->\n<title>Mantenimiento inform\u00e1tico Badia del Vall\u00e8s - Apen Inform\u00e1tica<\/title>\n<meta name=\"description\" content=\"Servicio de mantenimiento inform\u00e1tico para empresas en Badia del Vall\u00e8s. Mantenimiento de ordenadores y servidores. L\u00edderes en Barcelona.\" \/>\n<meta name=\"robots\" content=\"index, follow, max-snippet:-1, max-image-preview:large, max-video-preview:-1\" \/>\n<link rel=\"canonical\" href=\"https:\/\/www.apen.es\/ca\/manteniment-informatic\/manteniment-informatic-badia-de-les-valls\/\" \/>\n<meta property=\"og:locale\" content=\"ca_ES\" \/>\n<meta property=\"og:type\" content=\"article\" \/>\n<meta property=\"og:title\" content=\"Mantenimiento inform\u00e1tico Badia del Vall\u00e8s - Apen Inform\u00e1tica\" \/>\n<meta property=\"og:description\" content=\"Servicio de mantenimiento inform\u00e1tico para empresas en Badia del Vall\u00e8s. Mantenimiento de ordenadores y servidores. L\u00edderes en Barcelona.\" \/>\n<meta property=\"og:url\" content=\"https:\/\/www.apen.es\/ca\/manteniment-informatic\/manteniment-informatic-badia-de-les-valls\/\" \/>\n<meta property=\"og:site_name\" content=\"Apen Inform\u00e1tica\" \/>\n<meta property=\"article:publisher\" content=\"https:\/\/www.facebook.com\/apensolucions\" \/>\n<meta property=\"article:modified_time\" content=\"2025-03-31T07:06:06+00:00\" \/>\n<meta property=\"og:image\" content=\"https:\/\/www.apen.es\/wp-content\/uploads\/2016\/05\/logo-apen-231x82-trasparent.png\" \/>\n\t<meta property=\"og:image:width\" content=\"231\" \/>\n\t<meta property=\"og:image:height\" content=\"82\" \/>\n\t<meta property=\"og:image:type\" content=\"image\/png\" \/>\n<meta name=\"twitter:card\" content=\"summary_large_image\" \/>\n<meta name=\"twitter:label1\" content=\"Temps estimat de lectura\" \/>\n\t<meta name=\"twitter:data1\" content=\"10 minuts\" \/>\n<script type=\"application\/ld+json\" class=\"yoast-schema-graph\">{\"@context\":\"https:\\\/\\\/schema.org\",\"@graph\":[{\"@type\":\"WebPage\",\"@id\":\"https:\\\/\\\/www.apen.es\\\/mantenimiento-informatico\\\/mantenimiento-informatico-badia-del-valles\\\/\",\"url\":\"https:\\\/\\\/www.apen.es\\\/mantenimiento-informatico\\\/mantenimiento-informatico-badia-del-valles\\\/\",\"name\":\"Mantenimiento inform\u00e1tico Badia del Vall\u00e8s - Apen Inform\u00e1tica\",\"isPartOf\":{\"@id\":\"https:\\\/\\\/www.apen.es\\\/#website\"},\"datePublished\":\"2019-05-31T09:52:57+00:00\",\"dateModified\":\"2025-03-31T07:06:06+00:00\",\"description\":\"Servicio de mantenimiento inform\u00e1tico para empresas en Badia del Vall\u00e8s. Mantenimiento de ordenadores y servidores. L\u00edderes en Barcelona.\",\"breadcrumb\":{\"@id\":\"https:\\\/\\\/www.apen.es\\\/mantenimiento-informatico\\\/mantenimiento-informatico-badia-del-valles\\\/#breadcrumb\"},\"inLanguage\":\"ca\",\"potentialAction\":[{\"@type\":\"ReadAction\",\"target\":[\"https:\\\/\\\/www.apen.es\\\/mantenimiento-informatico\\\/mantenimiento-informatico-badia-del-valles\\\/\"]}]},{\"@type\":\"BreadcrumbList\",\"@id\":\"https:\\\/\\\/www.apen.es\\\/mantenimiento-informatico\\\/mantenimiento-informatico-badia-del-valles\\\/#breadcrumb\",\"itemListElement\":[{\"@type\":\"ListItem\",\"position\":1,\"name\":\"Portada\",\"item\":\"https:\\\/\\\/www.apen.es\\\/\"},{\"@type\":\"ListItem\",\"position\":2,\"name\":\"Mantenimiento inform\u00e1tico\",\"item\":\"https:\\\/\\\/www.apen.es\\\/mantenimiento-informatico\\\/\"},{\"@type\":\"ListItem\",\"position\":3,\"name\":\"Mantenimiento inform\u00e1tico Badia del Vall\u00e8s\"}]},{\"@type\":\"WebSite\",\"@id\":\"https:\\\/\\\/www.apen.es\\\/#website\",\"url\":\"https:\\\/\\\/www.apen.es\\\/\",\"name\":\"Apen Inform\u00e1tica\",\"description\":\"Mantenimiento Inform\u00e1tico , Software de Gesti\u00f3n, Soluciones de impresi\u00f3n\",\"publisher\":{\"@id\":\"https:\\\/\\\/www.apen.es\\\/#organization\"},\"potentialAction\":[{\"@type\":\"SearchAction\",\"target\":{\"@type\":\"EntryPoint\",\"urlTemplate\":\"https:\\\/\\\/www.apen.es\\\/?s={search_term_string}\"},\"query-input\":{\"@type\":\"PropertyValueSpecification\",\"valueRequired\":true,\"valueName\":\"search_term_string\"}}],\"inLanguage\":\"ca\"},{\"@type\":\"Organization\",\"@id\":\"https:\\\/\\\/www.apen.es\\\/#organization\",\"name\":\"Apen: Soluciones inform\u00e1ticas\",\"url\":\"https:\\\/\\\/www.apen.es\\\/\",\"logo\":{\"@type\":\"ImageObject\",\"inLanguage\":\"ca\",\"@id\":\"https:\\\/\\\/www.apen.es\\\/#\\\/schema\\\/logo\\\/image\\\/\",\"url\":\"https:\\\/\\\/www.apen.es\\\/wp-content\\\/uploads\\\/2022\\\/08\\\/logo-apenok-231x82-1.png\",\"contentUrl\":\"https:\\\/\\\/www.apen.es\\\/wp-content\\\/uploads\\\/2022\\\/08\\\/logo-apenok-231x82-1.png\",\"width\":231,\"height\":82,\"caption\":\"Apen: Soluciones inform\u00e1ticas\"},\"image\":{\"@id\":\"https:\\\/\\\/www.apen.es\\\/#\\\/schema\\\/logo\\\/image\\\/\"},\"sameAs\":[\"https:\\\/\\\/www.facebook.com\\\/apensolucions\",\"https:\\\/\\\/www.youtube.com\\\/user\\\/ApenCentreInformatic\",\"https:\\\/\\\/www.linkedin.com\\\/company\\\/1021771?trk=tyah&trkInfo=clickedVerticalcompanyclickedEntityId1021771idx2-1-2tarId1464195271196tasapenin\"]}]}<\/script>\n<!-- \/ Yoast SEO plugin. -->","yoast_head_json":{"title":"Manteniment inform\u00e0tic Badia del Vall\u00e8s - Apen Inform\u00e0tica","description":"Servei de manteniment inform\u00e0tic per a empreses a Badia del Vall\u00e8s. Manteniment dordinadors i servidors. L\u00edders a Barcelona.","robots":{"index":"index","follow":"follow","max-snippet":"max-snippet:-1","max-image-preview":"max-image-preview:large","max-video-preview":"max-video-preview:-1"},"canonical":"https:\/\/www.apen.es\/ca\/manteniment-informatic\/manteniment-informatic-badia-de-les-valls\/","og_locale":"ca_ES","og_type":"article","og_title":"Mantenimiento inform\u00e1tico Badia del Vall\u00e8s - Apen Inform\u00e1tica","og_description":"Servicio de mantenimiento inform\u00e1tico para empresas en Badia del Vall\u00e8s. Mantenimiento de ordenadores y servidores. L\u00edderes en Barcelona.","og_url":"https:\/\/www.apen.es\/ca\/manteniment-informatic\/manteniment-informatic-badia-de-les-valls\/","og_site_name":"Apen Inform\u00e1tica","article_publisher":"https:\/\/www.facebook.com\/apensolucions","article_modified_time":"2025-03-31T07:06:06+00:00","og_image":[{"width":231,"height":82,"url":"https:\/\/www.apen.es\/wp-content\/uploads\/2016\/05\/logo-apen-231x82-trasparent.png","type":"image\/png"}],"twitter_card":"summary_large_image","twitter_misc":{"Temps estimat de lectura":"10 minuts"},"schema":{"@context":"https:\/\/schema.org","@graph":[{"@type":"WebPage","@id":"https:\/\/www.apen.es\/mantenimiento-informatico\/mantenimiento-informatico-badia-del-valles\/","url":"https:\/\/www.apen.es\/mantenimiento-informatico\/mantenimiento-informatico-badia-del-valles\/","name":"Manteniment inform\u00e0tic Badia del Vall\u00e8s - Apen Inform\u00e0tica","isPartOf":{"@id":"https:\/\/www.apen.es\/#website"},"datePublished":"2019-05-31T09:52:57+00:00","dateModified":"2025-03-31T07:06:06+00:00","description":"Servei de manteniment inform\u00e0tic per a empreses a Badia del Vall\u00e8s. Manteniment dordinadors i servidors. L\u00edders a Barcelona.","breadcrumb":{"@id":"https:\/\/www.apen.es\/mantenimiento-informatico\/mantenimiento-informatico-badia-del-valles\/#breadcrumb"},"inLanguage":"ca","potentialAction":[{"@type":"ReadAction","target":["https:\/\/www.apen.es\/mantenimiento-informatico\/mantenimiento-informatico-badia-del-valles\/"]}]},{"@type":"BreadcrumbList","@id":"https:\/\/www.apen.es\/mantenimiento-informatico\/mantenimiento-informatico-badia-del-valles\/#breadcrumb","itemListElement":[{"@type":"ListItem","position":1,"name":"Portada","item":"https:\/\/www.apen.es\/"},{"@type":"ListItem","position":2,"name":"Mantenimiento inform\u00e1tico","item":"https:\/\/www.apen.es\/mantenimiento-informatico\/"},{"@type":"ListItem","position":3,"name":"Mantenimiento inform\u00e1tico Badia del Vall\u00e8s"}]},{"@type":"WebSite","@id":"https:\/\/www.apen.es\/#website","url":"https:\/\/www.apen.es\/","name":"Apen Inform\u00e0tica","description":"Manteniment inform\u00e0tic , programari de gesti\u00f3, solucions d&#039;impressi\u00f3","publisher":{"@id":"https:\/\/www.apen.es\/#organization"},"potentialAction":[{"@type":"SearchAction","target":{"@type":"EntryPoint","urlTemplate":"https:\/\/www.apen.es\/?s={search_term_string}"},"query-input":{"@type":"PropertyValueSpecification","valueRequired":true,"valueName":"search_term_string"}}],"inLanguage":"ca"},{"@type":"Organization","@id":"https:\/\/www.apen.es\/#organization","name":"Apen: Solucions inform\u00e0tiques","url":"https:\/\/www.apen.es\/","logo":{"@type":"ImageObject","inLanguage":"ca","@id":"https:\/\/www.apen.es\/#\/schema\/logo\/image\/","url":"https:\/\/www.apen.es\/wp-content\/uploads\/2022\/08\/logo-apenok-231x82-1.png","contentUrl":"https:\/\/www.apen.es\/wp-content\/uploads\/2022\/08\/logo-apenok-231x82-1.png","width":231,"height":82,"caption":"Apen: Soluciones inform\u00e1ticas"},"image":{"@id":"https:\/\/www.apen.es\/#\/schema\/logo\/image\/"},"sameAs":["https:\/\/www.facebook.com\/apensolucions","https:\/\/www.youtube.com\/user\/ApenCentreInformatic","https:\/\/www.linkedin.com\/company\/1021771?trk=tyah&trkInfo=clickedVerticalcompanyclickedEntityId1021771idx2-1-2tarId1464195271196tasapenin"]}]}},"taxonomy_info":[],"featured_image_src_large":false,"author_info":{"display_name":"marqueting","author_link":"https:\/\/www.apen.es\/ca\/blog\/author\/marqueting\/"},"comment_info":0,"_links":{"self":[{"href":"https:\/\/www.apen.es\/ca\/wp-json\/wp\/v2\/pages\/14065","targetHints":{"allow":["GET"]}}],"collection":[{"href":"https:\/\/www.apen.es\/ca\/wp-json\/wp\/v2\/pages"}],"about":[{"href":"https:\/\/www.apen.es\/ca\/wp-json\/wp\/v2\/types\/page"}],"author":[{"embeddable":true,"href":"https:\/\/www.apen.es\/ca\/wp-json\/wp\/v2\/users\/4"}],"replies":[{"embeddable":true,"href":"https:\/\/www.apen.es\/ca\/wp-json\/wp\/v2\/comments?post=14065"}],"version-history":[{"count":2,"href":"https:\/\/www.apen.es\/ca\/wp-json\/wp\/v2\/pages\/14065\/revisions"}],"predecessor-version":[{"id":54589,"href":"https:\/\/www.apen.es\/ca\/wp-json\/wp\/v2\/pages\/14065\/revisions\/54589"}],"up":[{"embeddable":true,"href":"https:\/\/www.apen.es\/ca\/wp-json\/wp\/v2\/pages\/1357"}],"wp:attachment":[{"href":"https:\/\/www.apen.es\/ca\/wp-json\/wp\/v2\/media?parent=14065"}],"curies":[{"name":"wp","href":"https:\/\/api.w.org\/{rel}","templated":true}]}}