{"id":14063,"date":"2019-05-31T09:50:02","date_gmt":"2019-05-31T09:50:02","guid":{"rendered":"https:\/\/www.apen.es\/?page_id=14063"},"modified":"2025-03-31T07:05:55","modified_gmt":"2025-03-31T07:05:55","slug":"manteniment-informatic-vallromanes","status":"publish","type":"page","link":"https:\/\/www.apen.es\/ca\/mantenimiento-informatico\/mantenimiento-informatico-vallromanes\/","title":{"rendered":"Manteniment inform\u00e0tic Vallromanes"},"content":{"rendered":"<p>Apen, som una empreses on comptem amb m\u00e9s de 25 anys d&#039;experi\u00e8ncia en el sector de les solucions inform\u00e0tiques i de tecnologia, en els quals hem aconseguit formar una gran fam\u00edlia i una gran base de dades on hi ha tots els clients satisfets que han confiat en nosaltres durant tots aquests anys i que ho segueixen fent.<\/p>\n\n\n\n<p>Entre les solucions inform\u00e0tiques que oferim, els serveis m\u00e9s comuns s\u00f3n: La instal\u00b7laci\u00f3 de sistemes antivirus, la implantaci\u00f3 d&#039;ERP, les c\u00f2pies de seguretat, la instal\u00b7laci\u00f3 de programes inform\u00e0tics, la detecci\u00f3 i eliminaci\u00f3 de codi malici\u00f3s, les instal\u00b7lacions i el manteniment de xarxes locals i tot el que engloba el&nbsp;<strong>manteniment inform\u00e0tic a Vallromanes<\/strong>.<\/p>\n\n\n\n<p>Una de les coses que ens caracteritza com a empresa i que ens ha fet arribar al lloc on estem avui dia, \u00e9s que mai deixem d&#039;innovar i d&#039;inventar noves f\u00f3rmules que ens permetin oferir-vos el millor servei de&nbsp;<strong>manteniment inform\u00e0tic a Vallromanes<\/strong>, per a ells, sempre apostem per les millors marques i materials per poder garantir la m\u00e0xima qualitat en tots els productes i serveis que oferim des de la nostra empresa, Apen.<\/p>\n\n\n\n<p>El servei de&nbsp;<strong>manteniment inform\u00e0tic a Vallromanes<\/strong>, que oferim \u00e9s totalment integral i innovador ia m\u00e9s, s&#039;adapta a les necessitats de cadascun dels nostres clients, \u00e9s a dir que oferim un pla personalitzat per a cadascun de vosaltres, partint de les tres propostes que tenim, les quals es poden modificar.<\/p>\n\n\n\n<p>D&#039;una banda, tenim el manteniment Premium SPC (Suport \u2013 Prevenci\u00f3 \u2013 Correctiu), que sens dubte \u00e9s un dels m\u00e9s recomanables, ja que \u00e9s l&#039;opci\u00f3 m\u00e9s completa de totes, en la qual amb un preu tancat al mes, estaran inclosos tots els serveis de&nbsp;<strong>manteniment inform\u00e0tic a Vallromanes<\/strong>, que necessiteu. D&#039;altra banda, tenim el manteniment Base, que nom\u00e9s cobreix els aspectes m\u00e9s b\u00e0sics, per\u00f2 podreu gaudir d&#039;altres serveis a un preu m\u00e9s redu\u00eft. Per \u00faltim, tenim un pla intermedi que \u00e9s el manteniment Outsourcing, amb el que tamb\u00e9 podreu gaudir de meravellosos descomptes.<\/p>\n\n\n\n<p>Finalment, volem destacar que a la nostra empresa, Apen, comptem amb un gran equip t\u00e8cnic molt ben qualificat que \u00e9s capa\u00e7 de dur a terme el millor&nbsp;<strong>manteniment inform\u00e0tic a Vallromanes<\/strong>, i de resoldre qualsevol anomalia que es presenti, prestant especial import\u00e0ncia a la realitzaci\u00f3 dun manteniment preventiu. Aix\u00ed que si esteu pensant en incorporar un equip que us ofereixi un servei inform\u00e0tic professional a la vostra empresa, no dubteu a posar-vos en contacte amb nosaltres, ja que estarem encantats de poder-vos ajudar en tot el que estigui a les nostres mans, i d&#039;aquesta manera, aconseguireu un gran benefici, no nom\u00e9s en els vostres equips sin\u00f3 tamb\u00e9 en la gesti\u00f3 empresarial.<\/p>","protected":false},"excerpt":{"rendered":"<p>Apen, somos una empresas en la que contamos con m\u00e1s de 25 a\u00f1os de experiencia en el sector de las soluciones inform\u00e1ticas y de tecnolog\u00eda, en los cuales hemos conseguido formar una gran familia y una gran base de datos donde est\u00e1n todos los clientes satisfechos que han confiado en nosotros durante todos estos a\u00f1os&#8230;<\/p>","protected":false},"author":4,"featured_media":0,"parent":1357,"menu_order":0,"comment_status":"closed","ping_status":"closed","template":"page-servicio-informatico.php","meta":{"_acf_changed":false,"_kad_blocks_custom_css":"","_kad_blocks_head_custom_js":"","_kad_blocks_body_custom_js":"","_kad_blocks_footer_custom_js":"","_kad_post_transparent":"","_kad_post_title":"","_kad_post_layout":"","_kad_post_sidebar_id":"","_kad_post_content_style":"","_kad_post_vertical_padding":"","_kad_post_feature":"","_kad_post_feature_position":"","_kad_post_header":false,"_kad_post_footer":false,"_kad_post_classname":"","footnotes":""},"class_list":["post-14063","page","type-page","status-publish","hentry"],"acf":[],"yoast_head":"<!-- This site is optimized with the Yoast SEO plugin v27.4 - https:\/\/yoast.com\/product\/yoast-seo-wordpress\/ -->\n<title>Mantenimiento inform\u00e1tico Vallromanes - Apen Inform\u00e1tica<\/title>\n<meta name=\"description\" content=\"Servicio de mantenimiento inform\u00e1tico para empresas en Vallromanes. Mantenimiento de ordenadores y servidores. Ll\u00e1manos al 938 606 220 sin compromiso.\" \/>\n<meta name=\"robots\" content=\"index, follow, max-snippet:-1, max-image-preview:large, max-video-preview:-1\" \/>\n<link rel=\"canonical\" href=\"https:\/\/www.apen.es\/ca\/manteniment-informatic\/manteniment-informatic-vallromanes\/\" \/>\n<meta property=\"og:locale\" content=\"ca_ES\" \/>\n<meta property=\"og:type\" content=\"article\" \/>\n<meta property=\"og:title\" content=\"Mantenimiento inform\u00e1tico Vallromanes - Apen Inform\u00e1tica\" \/>\n<meta property=\"og:description\" content=\"Servicio de mantenimiento inform\u00e1tico para empresas en Vallromanes. Mantenimiento de ordenadores y servidores. Ll\u00e1manos al 938 606 220 sin compromiso.\" \/>\n<meta property=\"og:url\" content=\"https:\/\/www.apen.es\/ca\/manteniment-informatic\/manteniment-informatic-vallromanes\/\" \/>\n<meta property=\"og:site_name\" content=\"Apen Inform\u00e1tica\" \/>\n<meta property=\"article:publisher\" content=\"https:\/\/www.facebook.com\/apensolucions\" \/>\n<meta property=\"article:modified_time\" content=\"2025-03-31T07:05:55+00:00\" \/>\n<meta property=\"og:image\" content=\"https:\/\/www.apen.es\/wp-content\/uploads\/2016\/05\/logo-apen-231x82-trasparent.png\" \/>\n\t<meta property=\"og:image:width\" content=\"231\" \/>\n\t<meta property=\"og:image:height\" content=\"82\" \/>\n\t<meta property=\"og:image:type\" content=\"image\/png\" \/>\n<meta name=\"twitter:card\" content=\"summary_large_image\" \/>\n<meta name=\"twitter:label1\" content=\"Temps estimat de lectura\" \/>\n\t<meta name=\"twitter:data1\" content=\"10 minuts\" \/>\n<script type=\"application\/ld+json\" class=\"yoast-schema-graph\">{\"@context\":\"https:\\\/\\\/schema.org\",\"@graph\":[{\"@type\":\"WebPage\",\"@id\":\"https:\\\/\\\/www.apen.es\\\/mantenimiento-informatico\\\/mantenimiento-informatico-vallromanes\\\/\",\"url\":\"https:\\\/\\\/www.apen.es\\\/mantenimiento-informatico\\\/mantenimiento-informatico-vallromanes\\\/\",\"name\":\"Mantenimiento inform\u00e1tico Vallromanes - Apen Inform\u00e1tica\",\"isPartOf\":{\"@id\":\"https:\\\/\\\/www.apen.es\\\/#website\"},\"datePublished\":\"2019-05-31T09:50:02+00:00\",\"dateModified\":\"2025-03-31T07:05:55+00:00\",\"description\":\"Servicio de mantenimiento inform\u00e1tico para empresas en Vallromanes. Mantenimiento de ordenadores y servidores. Ll\u00e1manos al 938 606 220 sin compromiso.\",\"breadcrumb\":{\"@id\":\"https:\\\/\\\/www.apen.es\\\/mantenimiento-informatico\\\/mantenimiento-informatico-vallromanes\\\/#breadcrumb\"},\"inLanguage\":\"ca\",\"potentialAction\":[{\"@type\":\"ReadAction\",\"target\":[\"https:\\\/\\\/www.apen.es\\\/mantenimiento-informatico\\\/mantenimiento-informatico-vallromanes\\\/\"]}]},{\"@type\":\"BreadcrumbList\",\"@id\":\"https:\\\/\\\/www.apen.es\\\/mantenimiento-informatico\\\/mantenimiento-informatico-vallromanes\\\/#breadcrumb\",\"itemListElement\":[{\"@type\":\"ListItem\",\"position\":1,\"name\":\"Portada\",\"item\":\"https:\\\/\\\/www.apen.es\\\/\"},{\"@type\":\"ListItem\",\"position\":2,\"name\":\"Mantenimiento inform\u00e1tico\",\"item\":\"https:\\\/\\\/www.apen.es\\\/mantenimiento-informatico\\\/\"},{\"@type\":\"ListItem\",\"position\":3,\"name\":\"Mantenimiento inform\u00e1tico Vallromanes\"}]},{\"@type\":\"WebSite\",\"@id\":\"https:\\\/\\\/www.apen.es\\\/#website\",\"url\":\"https:\\\/\\\/www.apen.es\\\/\",\"name\":\"Apen Inform\u00e1tica\",\"description\":\"Mantenimiento Inform\u00e1tico , Software de Gesti\u00f3n, Soluciones de impresi\u00f3n\",\"publisher\":{\"@id\":\"https:\\\/\\\/www.apen.es\\\/#organization\"},\"potentialAction\":[{\"@type\":\"SearchAction\",\"target\":{\"@type\":\"EntryPoint\",\"urlTemplate\":\"https:\\\/\\\/www.apen.es\\\/?s={search_term_string}\"},\"query-input\":{\"@type\":\"PropertyValueSpecification\",\"valueRequired\":true,\"valueName\":\"search_term_string\"}}],\"inLanguage\":\"ca\"},{\"@type\":\"Organization\",\"@id\":\"https:\\\/\\\/www.apen.es\\\/#organization\",\"name\":\"Apen: Soluciones inform\u00e1ticas\",\"url\":\"https:\\\/\\\/www.apen.es\\\/\",\"logo\":{\"@type\":\"ImageObject\",\"inLanguage\":\"ca\",\"@id\":\"https:\\\/\\\/www.apen.es\\\/#\\\/schema\\\/logo\\\/image\\\/\",\"url\":\"https:\\\/\\\/www.apen.es\\\/wp-content\\\/uploads\\\/2022\\\/08\\\/logo-apenok-231x82-1.png\",\"contentUrl\":\"https:\\\/\\\/www.apen.es\\\/wp-content\\\/uploads\\\/2022\\\/08\\\/logo-apenok-231x82-1.png\",\"width\":231,\"height\":82,\"caption\":\"Apen: Soluciones inform\u00e1ticas\"},\"image\":{\"@id\":\"https:\\\/\\\/www.apen.es\\\/#\\\/schema\\\/logo\\\/image\\\/\"},\"sameAs\":[\"https:\\\/\\\/www.facebook.com\\\/apensolucions\",\"https:\\\/\\\/www.youtube.com\\\/user\\\/ApenCentreInformatic\",\"https:\\\/\\\/www.linkedin.com\\\/company\\\/1021771?trk=tyah&trkInfo=clickedVerticalcompanyclickedEntityId1021771idx2-1-2tarId1464195271196tasapenin\"]}]}<\/script>\n<!-- \/ Yoast SEO plugin. -->","yoast_head_json":{"title":"Manteniment inform\u00e0tic Vallromanes - Apen Inform\u00e0tica","description":"Servei de manteniment inform\u00e0tic per a empreses a Vallromanes. Manteniment dordinadors i servidors. Truca&#039;ns al 938 606 220 sense comprom\u00eds.","robots":{"index":"index","follow":"follow","max-snippet":"max-snippet:-1","max-image-preview":"max-image-preview:large","max-video-preview":"max-video-preview:-1"},"canonical":"https:\/\/www.apen.es\/ca\/manteniment-informatic\/manteniment-informatic-vallromanes\/","og_locale":"ca_ES","og_type":"article","og_title":"Mantenimiento inform\u00e1tico Vallromanes - Apen Inform\u00e1tica","og_description":"Servicio de mantenimiento inform\u00e1tico para empresas en Vallromanes. Mantenimiento de ordenadores y servidores. Ll\u00e1manos al 938 606 220 sin compromiso.","og_url":"https:\/\/www.apen.es\/ca\/manteniment-informatic\/manteniment-informatic-vallromanes\/","og_site_name":"Apen Inform\u00e1tica","article_publisher":"https:\/\/www.facebook.com\/apensolucions","article_modified_time":"2025-03-31T07:05:55+00:00","og_image":[{"width":231,"height":82,"url":"https:\/\/www.apen.es\/wp-content\/uploads\/2016\/05\/logo-apen-231x82-trasparent.png","type":"image\/png"}],"twitter_card":"summary_large_image","twitter_misc":{"Temps estimat de lectura":"10 minuts"},"schema":{"@context":"https:\/\/schema.org","@graph":[{"@type":"WebPage","@id":"https:\/\/www.apen.es\/mantenimiento-informatico\/mantenimiento-informatico-vallromanes\/","url":"https:\/\/www.apen.es\/mantenimiento-informatico\/mantenimiento-informatico-vallromanes\/","name":"Manteniment inform\u00e0tic Vallromanes - Apen Inform\u00e0tica","isPartOf":{"@id":"https:\/\/www.apen.es\/#website"},"datePublished":"2019-05-31T09:50:02+00:00","dateModified":"2025-03-31T07:05:55+00:00","description":"Servei de manteniment inform\u00e0tic per a empreses a Vallromanes. Manteniment dordinadors i servidors. Truca&#039;ns al 938 606 220 sense comprom\u00eds.","breadcrumb":{"@id":"https:\/\/www.apen.es\/mantenimiento-informatico\/mantenimiento-informatico-vallromanes\/#breadcrumb"},"inLanguage":"ca","potentialAction":[{"@type":"ReadAction","target":["https:\/\/www.apen.es\/mantenimiento-informatico\/mantenimiento-informatico-vallromanes\/"]}]},{"@type":"BreadcrumbList","@id":"https:\/\/www.apen.es\/mantenimiento-informatico\/mantenimiento-informatico-vallromanes\/#breadcrumb","itemListElement":[{"@type":"ListItem","position":1,"name":"Portada","item":"https:\/\/www.apen.es\/"},{"@type":"ListItem","position":2,"name":"Mantenimiento inform\u00e1tico","item":"https:\/\/www.apen.es\/mantenimiento-informatico\/"},{"@type":"ListItem","position":3,"name":"Mantenimiento inform\u00e1tico Vallromanes"}]},{"@type":"WebSite","@id":"https:\/\/www.apen.es\/#website","url":"https:\/\/www.apen.es\/","name":"Apen Inform\u00e0tica","description":"Manteniment inform\u00e0tic , programari de gesti\u00f3, solucions d&#039;impressi\u00f3","publisher":{"@id":"https:\/\/www.apen.es\/#organization"},"potentialAction":[{"@type":"SearchAction","target":{"@type":"EntryPoint","urlTemplate":"https:\/\/www.apen.es\/?s={search_term_string}"},"query-input":{"@type":"PropertyValueSpecification","valueRequired":true,"valueName":"search_term_string"}}],"inLanguage":"ca"},{"@type":"Organization","@id":"https:\/\/www.apen.es\/#organization","name":"Apen: Solucions inform\u00e0tiques","url":"https:\/\/www.apen.es\/","logo":{"@type":"ImageObject","inLanguage":"ca","@id":"https:\/\/www.apen.es\/#\/schema\/logo\/image\/","url":"https:\/\/www.apen.es\/wp-content\/uploads\/2022\/08\/logo-apenok-231x82-1.png","contentUrl":"https:\/\/www.apen.es\/wp-content\/uploads\/2022\/08\/logo-apenok-231x82-1.png","width":231,"height":82,"caption":"Apen: Soluciones inform\u00e1ticas"},"image":{"@id":"https:\/\/www.apen.es\/#\/schema\/logo\/image\/"},"sameAs":["https:\/\/www.facebook.com\/apensolucions","https:\/\/www.youtube.com\/user\/ApenCentreInformatic","https:\/\/www.linkedin.com\/company\/1021771?trk=tyah&trkInfo=clickedVerticalcompanyclickedEntityId1021771idx2-1-2tarId1464195271196tasapenin"]}]}},"taxonomy_info":[],"featured_image_src_large":false,"author_info":{"display_name":"marqueting","author_link":"https:\/\/www.apen.es\/ca\/blog\/author\/marqueting\/"},"comment_info":0,"_links":{"self":[{"href":"https:\/\/www.apen.es\/ca\/wp-json\/wp\/v2\/pages\/14063","targetHints":{"allow":["GET"]}}],"collection":[{"href":"https:\/\/www.apen.es\/ca\/wp-json\/wp\/v2\/pages"}],"about":[{"href":"https:\/\/www.apen.es\/ca\/wp-json\/wp\/v2\/types\/page"}],"author":[{"embeddable":true,"href":"https:\/\/www.apen.es\/ca\/wp-json\/wp\/v2\/users\/4"}],"replies":[{"embeddable":true,"href":"https:\/\/www.apen.es\/ca\/wp-json\/wp\/v2\/comments?post=14063"}],"version-history":[{"count":2,"href":"https:\/\/www.apen.es\/ca\/wp-json\/wp\/v2\/pages\/14063\/revisions"}],"predecessor-version":[{"id":54588,"href":"https:\/\/www.apen.es\/ca\/wp-json\/wp\/v2\/pages\/14063\/revisions\/54588"}],"up":[{"embeddable":true,"href":"https:\/\/www.apen.es\/ca\/wp-json\/wp\/v2\/pages\/1357"}],"wp:attachment":[{"href":"https:\/\/www.apen.es\/ca\/wp-json\/wp\/v2\/media?parent=14063"}],"curies":[{"name":"wp","href":"https:\/\/api.w.org\/{rel}","templated":true}]}}