{"id":14056,"date":"2019-05-30T14:21:01","date_gmt":"2019-05-30T14:21:01","guid":{"rendered":"https:\/\/www.apen.es\/?page_id=14056"},"modified":"2025-03-31T07:05:44","modified_gmt":"2025-03-31T07:05:44","slug":"manteniment-informatic-santa-maria-de-palautordera","status":"publish","type":"page","link":"https:\/\/www.apen.es\/ca\/mantenimiento-informatico\/mantenimiento-informatico-santa-maria-de-palautordera\/","title":{"rendered":"Manteniment inform\u00e0tic Santa Maria de Palautordera"},"content":{"rendered":"<p>Apen, som una empresa en la qual comptem amb una experi\u00e8ncia de m\u00e9s de vint-i-cinc anys al sector, oferint un servei excel\u00b7lent de&nbsp;<strong>manteniment inform\u00e0tic a Santa Maria de Palautordera<\/strong>, ja que hem estat all\u00e0 en el gran auge tecnol\u00f2gic que hi ha hagut en els darrers anys, per la qual cosa ens hem sabut adaptar a la perfecci\u00f3 a tots els aven\u00e7os i sabem quines s\u00f3n les necessitats de totes i cadascuna de les empreses, que les podr\u00edem resumir en; tenir una bona c\u00f2pia de seguretat, comptar amb equips professionals de m\u00e0xima qualitat, tenir un r\u00e8nting tecnol\u00f2gic, uns bons servidors i una seguretat garantida.<\/p>\n\n\n\n<p>Per aquesta ra\u00f3, el nostre servei n\u00famero u \u00e9s el&nbsp;<strong>manteniment inform\u00e0tic a Santa Maria de Palautordera<\/strong>, ja que \u00e9s imprescindible per a totes les PIMEs d&#039;avui dia que volen tenir tot sota control, per la qual cosa aquest servei inclou tot el necessari per\u00f2 basant-nos en les necessitats de cada empresa, ja que comptem amb tres plans diferents a partir dels quals podem treballar i podem readaptar a les necessitats reals de cada empresa, depenent de la quantitat d&#039;equips que tinguin, el sector al qual es dediqui.<\/p>\n\n\n\n<p>Un d&#039;aquests plans que oferim de&nbsp;<strong>manteniment inform\u00e0tic a Santa Maria de Palautordera<\/strong>, \u00e9s el manteniment Base, on tindreu tots els serveis b\u00e0sics coberts ia m\u00e9s, una gran quantitat de descomptes en hores. Un altre dels serveis \u00e9s el manteniment Outsourcing, amb el qual disposareu d&#039;un t\u00e8cnic de confian\u00e7a disponible en tot moment durant les hores contractades, i per finalitzar, tenim el pla m\u00e9s complet que \u00e9s el manteniment Premium, amb el qual podreu gaudir d&#039;una tarifa plana on tot est\u00e0 incl\u00f2s.<\/p>\n\n\n\n<p>Amb els diferents plans de&nbsp;<strong>manteniment inform\u00e0tic a Santa Maria de Palautordera<\/strong>, tindreu a la vostra disposici\u00f3 un dels t\u00e8cnics que formen el nostre gran equip de professionals, els quals us garantim que tenen tots els coneixements necessaris i que us oferiran el millor servei.<\/p>\n\n\n\n<p>Per finalitzar, volem destacar que a la nostra empresa Apen no nom\u00e9s ens dediquem al&nbsp;<strong>manteniment inform\u00e0tic a Santa Maria de Palautordera,<\/strong>&nbsp;sin\u00f3 que som especialistes en assessorar i oferir una gran quantitat de solucions tecnol\u00f2giques que van m\u00e9s enll\u00e0 del manteniment d&#039;ordinadors, com ara centraletes virtuals, impressores amb preu per c\u00f2pia, formaci\u00f3 i instal\u00b7laci\u00f3 de programaris de gesti\u00f3 i molt m\u00e9s. Aix\u00ed que si voleu saber m\u00e9s sobre qualsevol d&#039;aquests serveis i ser la propera empresa en gaudir dels beneficis de comptar amb nosaltres, no dubteu en contacteu com m\u00e9s aviat millor amb alguna persona del nostre equip, ja que estarem encantats de poder-vos ajudar.<\/p>","protected":false},"excerpt":{"rendered":"<p>Apen, somos una empresa en la cual contamos con una experiencia de m\u00e1s de veinticinco a\u00f1os en el sector, ofreciendo un servicio excelente de&nbsp;mantenimiento inform\u00e1tico en Santa Maria de Palautordera, ya que hemos estado ah\u00ed en el gran auge tecnol\u00f3gico que ha habido en los \u00faltimos a\u00f1os, por lo que nos hemos sabido adaptar a&#8230;<\/p>","protected":false},"author":4,"featured_media":0,"parent":1357,"menu_order":0,"comment_status":"closed","ping_status":"closed","template":"page-servicio-informatico.php","meta":{"_acf_changed":false,"_kad_blocks_custom_css":"","_kad_blocks_head_custom_js":"","_kad_blocks_body_custom_js":"","_kad_blocks_footer_custom_js":"","_kad_post_transparent":"","_kad_post_title":"","_kad_post_layout":"","_kad_post_sidebar_id":"","_kad_post_content_style":"","_kad_post_vertical_padding":"","_kad_post_feature":"","_kad_post_feature_position":"","_kad_post_header":false,"_kad_post_footer":false,"_kad_post_classname":"","footnotes":""},"class_list":["post-14056","page","type-page","status-publish","hentry"],"acf":[],"yoast_head":"<!-- This site is optimized with the Yoast SEO plugin v27.4 - https:\/\/yoast.com\/product\/yoast-seo-wordpress\/ -->\n<title>Mantenimiento inform\u00e1tico Santa Maria de Palautordera - Apen Inform\u00e1tica<\/title>\n<meta name=\"description\" content=\"Servicio de mantenimiento inform\u00e1tico para empresas en Santa Maria de Palautordera. Mantenimiento de ordenadores y servidores. L\u00edderes en Barcelona.\" \/>\n<meta name=\"robots\" content=\"index, follow, max-snippet:-1, max-image-preview:large, max-video-preview:-1\" \/>\n<link rel=\"canonical\" href=\"https:\/\/www.apen.es\/ca\/manteniment-informatic\/manteniment-informatic-santa-maria-de-palautordera\/\" \/>\n<meta property=\"og:locale\" content=\"ca_ES\" \/>\n<meta property=\"og:type\" content=\"article\" \/>\n<meta property=\"og:title\" content=\"Mantenimiento inform\u00e1tico Santa Maria de Palautordera - Apen Inform\u00e1tica\" \/>\n<meta property=\"og:description\" content=\"Servicio de mantenimiento inform\u00e1tico para empresas en Santa Maria de Palautordera. Mantenimiento de ordenadores y servidores. L\u00edderes en Barcelona.\" \/>\n<meta property=\"og:url\" content=\"https:\/\/www.apen.es\/ca\/manteniment-informatic\/manteniment-informatic-santa-maria-de-palautordera\/\" \/>\n<meta property=\"og:site_name\" content=\"Apen Inform\u00e1tica\" \/>\n<meta property=\"article:publisher\" content=\"https:\/\/www.facebook.com\/apensolucions\" \/>\n<meta property=\"article:modified_time\" content=\"2025-03-31T07:05:44+00:00\" \/>\n<meta property=\"og:image\" content=\"https:\/\/www.apen.es\/wp-content\/uploads\/2016\/05\/logo-apen-231x82-trasparent.png\" \/>\n\t<meta property=\"og:image:width\" content=\"231\" \/>\n\t<meta property=\"og:image:height\" content=\"82\" \/>\n\t<meta property=\"og:image:type\" content=\"image\/png\" \/>\n<meta name=\"twitter:card\" content=\"summary_large_image\" \/>\n<meta name=\"twitter:label1\" content=\"Temps estimat de lectura\" \/>\n\t<meta name=\"twitter:data1\" content=\"10 minuts\" \/>\n<script type=\"application\/ld+json\" class=\"yoast-schema-graph\">{\"@context\":\"https:\\\/\\\/schema.org\",\"@graph\":[{\"@type\":\"WebPage\",\"@id\":\"https:\\\/\\\/www.apen.es\\\/mantenimiento-informatico\\\/mantenimiento-informatico-santa-maria-de-palautordera\\\/\",\"url\":\"https:\\\/\\\/www.apen.es\\\/mantenimiento-informatico\\\/mantenimiento-informatico-santa-maria-de-palautordera\\\/\",\"name\":\"Mantenimiento inform\u00e1tico Santa Maria de Palautordera - Apen Inform\u00e1tica\",\"isPartOf\":{\"@id\":\"https:\\\/\\\/www.apen.es\\\/#website\"},\"datePublished\":\"2019-05-30T14:21:01+00:00\",\"dateModified\":\"2025-03-31T07:05:44+00:00\",\"description\":\"Servicio de mantenimiento inform\u00e1tico para empresas en Santa Maria de Palautordera. Mantenimiento de ordenadores y servidores. L\u00edderes en Barcelona.\",\"breadcrumb\":{\"@id\":\"https:\\\/\\\/www.apen.es\\\/mantenimiento-informatico\\\/mantenimiento-informatico-santa-maria-de-palautordera\\\/#breadcrumb\"},\"inLanguage\":\"ca\",\"potentialAction\":[{\"@type\":\"ReadAction\",\"target\":[\"https:\\\/\\\/www.apen.es\\\/mantenimiento-informatico\\\/mantenimiento-informatico-santa-maria-de-palautordera\\\/\"]}]},{\"@type\":\"BreadcrumbList\",\"@id\":\"https:\\\/\\\/www.apen.es\\\/mantenimiento-informatico\\\/mantenimiento-informatico-santa-maria-de-palautordera\\\/#breadcrumb\",\"itemListElement\":[{\"@type\":\"ListItem\",\"position\":1,\"name\":\"Portada\",\"item\":\"https:\\\/\\\/www.apen.es\\\/\"},{\"@type\":\"ListItem\",\"position\":2,\"name\":\"Mantenimiento inform\u00e1tico\",\"item\":\"https:\\\/\\\/www.apen.es\\\/mantenimiento-informatico\\\/\"},{\"@type\":\"ListItem\",\"position\":3,\"name\":\"Mantenimiento inform\u00e1tico Santa Maria de Palautordera\"}]},{\"@type\":\"WebSite\",\"@id\":\"https:\\\/\\\/www.apen.es\\\/#website\",\"url\":\"https:\\\/\\\/www.apen.es\\\/\",\"name\":\"Apen Inform\u00e1tica\",\"description\":\"Mantenimiento Inform\u00e1tico , Software de Gesti\u00f3n, Soluciones de impresi\u00f3n\",\"publisher\":{\"@id\":\"https:\\\/\\\/www.apen.es\\\/#organization\"},\"potentialAction\":[{\"@type\":\"SearchAction\",\"target\":{\"@type\":\"EntryPoint\",\"urlTemplate\":\"https:\\\/\\\/www.apen.es\\\/?s={search_term_string}\"},\"query-input\":{\"@type\":\"PropertyValueSpecification\",\"valueRequired\":true,\"valueName\":\"search_term_string\"}}],\"inLanguage\":\"ca\"},{\"@type\":\"Organization\",\"@id\":\"https:\\\/\\\/www.apen.es\\\/#organization\",\"name\":\"Apen: Soluciones inform\u00e1ticas\",\"url\":\"https:\\\/\\\/www.apen.es\\\/\",\"logo\":{\"@type\":\"ImageObject\",\"inLanguage\":\"ca\",\"@id\":\"https:\\\/\\\/www.apen.es\\\/#\\\/schema\\\/logo\\\/image\\\/\",\"url\":\"https:\\\/\\\/www.apen.es\\\/wp-content\\\/uploads\\\/2022\\\/08\\\/logo-apenok-231x82-1.png\",\"contentUrl\":\"https:\\\/\\\/www.apen.es\\\/wp-content\\\/uploads\\\/2022\\\/08\\\/logo-apenok-231x82-1.png\",\"width\":231,\"height\":82,\"caption\":\"Apen: Soluciones inform\u00e1ticas\"},\"image\":{\"@id\":\"https:\\\/\\\/www.apen.es\\\/#\\\/schema\\\/logo\\\/image\\\/\"},\"sameAs\":[\"https:\\\/\\\/www.facebook.com\\\/apensolucions\",\"https:\\\/\\\/www.youtube.com\\\/user\\\/ApenCentreInformatic\",\"https:\\\/\\\/www.linkedin.com\\\/company\\\/1021771?trk=tyah&trkInfo=clickedVerticalcompanyclickedEntityId1021771idx2-1-2tarId1464195271196tasapenin\"]}]}<\/script>\n<!-- \/ Yoast SEO plugin. -->","yoast_head_json":{"title":"Manteniment inform\u00e0tic Santa Maria de Palautordera - Apen Inform\u00e0tica","description":"Servei de manteniment inform\u00e0tic per a empreses a Santa Maria de Palautordera. Manteniment dordinadors i servidors. L\u00edders a Barcelona.","robots":{"index":"index","follow":"follow","max-snippet":"max-snippet:-1","max-image-preview":"max-image-preview:large","max-video-preview":"max-video-preview:-1"},"canonical":"https:\/\/www.apen.es\/ca\/manteniment-informatic\/manteniment-informatic-santa-maria-de-palautordera\/","og_locale":"ca_ES","og_type":"article","og_title":"Mantenimiento inform\u00e1tico Santa Maria de Palautordera - Apen Inform\u00e1tica","og_description":"Servicio de mantenimiento inform\u00e1tico para empresas en Santa Maria de Palautordera. Mantenimiento de ordenadores y servidores. L\u00edderes en Barcelona.","og_url":"https:\/\/www.apen.es\/ca\/manteniment-informatic\/manteniment-informatic-santa-maria-de-palautordera\/","og_site_name":"Apen Inform\u00e1tica","article_publisher":"https:\/\/www.facebook.com\/apensolucions","article_modified_time":"2025-03-31T07:05:44+00:00","og_image":[{"width":231,"height":82,"url":"https:\/\/www.apen.es\/wp-content\/uploads\/2016\/05\/logo-apen-231x82-trasparent.png","type":"image\/png"}],"twitter_card":"summary_large_image","twitter_misc":{"Temps estimat de lectura":"10 minuts"},"schema":{"@context":"https:\/\/schema.org","@graph":[{"@type":"WebPage","@id":"https:\/\/www.apen.es\/mantenimiento-informatico\/mantenimiento-informatico-santa-maria-de-palautordera\/","url":"https:\/\/www.apen.es\/mantenimiento-informatico\/mantenimiento-informatico-santa-maria-de-palautordera\/","name":"Manteniment inform\u00e0tic Santa Maria de Palautordera - Apen Inform\u00e0tica","isPartOf":{"@id":"https:\/\/www.apen.es\/#website"},"datePublished":"2019-05-30T14:21:01+00:00","dateModified":"2025-03-31T07:05:44+00:00","description":"Servei de manteniment inform\u00e0tic per a empreses a Santa Maria de Palautordera. Manteniment dordinadors i servidors. L\u00edders a Barcelona.","breadcrumb":{"@id":"https:\/\/www.apen.es\/mantenimiento-informatico\/mantenimiento-informatico-santa-maria-de-palautordera\/#breadcrumb"},"inLanguage":"ca","potentialAction":[{"@type":"ReadAction","target":["https:\/\/www.apen.es\/mantenimiento-informatico\/mantenimiento-informatico-santa-maria-de-palautordera\/"]}]},{"@type":"BreadcrumbList","@id":"https:\/\/www.apen.es\/mantenimiento-informatico\/mantenimiento-informatico-santa-maria-de-palautordera\/#breadcrumb","itemListElement":[{"@type":"ListItem","position":1,"name":"Portada","item":"https:\/\/www.apen.es\/"},{"@type":"ListItem","position":2,"name":"Mantenimiento inform\u00e1tico","item":"https:\/\/www.apen.es\/mantenimiento-informatico\/"},{"@type":"ListItem","position":3,"name":"Mantenimiento inform\u00e1tico Santa Maria de Palautordera"}]},{"@type":"WebSite","@id":"https:\/\/www.apen.es\/#website","url":"https:\/\/www.apen.es\/","name":"Apen Inform\u00e0tica","description":"Manteniment inform\u00e0tic , programari de gesti\u00f3, solucions d&#039;impressi\u00f3","publisher":{"@id":"https:\/\/www.apen.es\/#organization"},"potentialAction":[{"@type":"SearchAction","target":{"@type":"EntryPoint","urlTemplate":"https:\/\/www.apen.es\/?s={search_term_string}"},"query-input":{"@type":"PropertyValueSpecification","valueRequired":true,"valueName":"search_term_string"}}],"inLanguage":"ca"},{"@type":"Organization","@id":"https:\/\/www.apen.es\/#organization","name":"Apen: Solucions inform\u00e0tiques","url":"https:\/\/www.apen.es\/","logo":{"@type":"ImageObject","inLanguage":"ca","@id":"https:\/\/www.apen.es\/#\/schema\/logo\/image\/","url":"https:\/\/www.apen.es\/wp-content\/uploads\/2022\/08\/logo-apenok-231x82-1.png","contentUrl":"https:\/\/www.apen.es\/wp-content\/uploads\/2022\/08\/logo-apenok-231x82-1.png","width":231,"height":82,"caption":"Apen: Soluciones inform\u00e1ticas"},"image":{"@id":"https:\/\/www.apen.es\/#\/schema\/logo\/image\/"},"sameAs":["https:\/\/www.facebook.com\/apensolucions","https:\/\/www.youtube.com\/user\/ApenCentreInformatic","https:\/\/www.linkedin.com\/company\/1021771?trk=tyah&trkInfo=clickedVerticalcompanyclickedEntityId1021771idx2-1-2tarId1464195271196tasapenin"]}]}},"taxonomy_info":[],"featured_image_src_large":false,"author_info":{"display_name":"marqueting","author_link":"https:\/\/www.apen.es\/ca\/blog\/author\/marqueting\/"},"comment_info":0,"_links":{"self":[{"href":"https:\/\/www.apen.es\/ca\/wp-json\/wp\/v2\/pages\/14056","targetHints":{"allow":["GET"]}}],"collection":[{"href":"https:\/\/www.apen.es\/ca\/wp-json\/wp\/v2\/pages"}],"about":[{"href":"https:\/\/www.apen.es\/ca\/wp-json\/wp\/v2\/types\/page"}],"author":[{"embeddable":true,"href":"https:\/\/www.apen.es\/ca\/wp-json\/wp\/v2\/users\/4"}],"replies":[{"embeddable":true,"href":"https:\/\/www.apen.es\/ca\/wp-json\/wp\/v2\/comments?post=14056"}],"version-history":[{"count":2,"href":"https:\/\/www.apen.es\/ca\/wp-json\/wp\/v2\/pages\/14056\/revisions"}],"predecessor-version":[{"id":54587,"href":"https:\/\/www.apen.es\/ca\/wp-json\/wp\/v2\/pages\/14056\/revisions\/54587"}],"up":[{"embeddable":true,"href":"https:\/\/www.apen.es\/ca\/wp-json\/wp\/v2\/pages\/1357"}],"wp:attachment":[{"href":"https:\/\/www.apen.es\/ca\/wp-json\/wp\/v2\/media?parent=14056"}],"curies":[{"name":"wp","href":"https:\/\/api.w.org\/{rel}","templated":true}]}}