{"id":14054,"date":"2019-05-30T14:16:48","date_gmt":"2019-05-30T14:16:48","guid":{"rendered":"https:\/\/www.apen.es\/?page_id=14054"},"modified":"2025-03-31T06:21:29","modified_gmt":"2025-03-31T06:21:29","slug":"manteniment-informatic-santa-maria-de-martorelles","status":"publish","type":"page","link":"https:\/\/www.apen.es\/ca\/mantenimiento-informatico\/mantenimiento-informatico-santa-maria-de-martorelles\/","title":{"rendered":"Manteniment inform\u00e0tic Santa Maria de Martorelles"},"content":{"rendered":"<p>Apen, som una empresa d&#039;inform\u00e0tica que portem prestant el servei de&nbsp;<strong>manteniment inform\u00e0tic a Santa Maria de Martorelles<\/strong>&nbsp;des de fa un quart de segle, per aix\u00f2 tenim una llarga experi\u00e8ncia en el sector en la qual ens hem convertit en un recurs imprescindible i molt important per a una gran quantitat d&#039;empreses de la prov\u00edncia de Barcelona.<\/p>\n\n\n\n<p>Per\u00f2 a la nostra empresa no nom\u00e9s oferim el servei de&nbsp;<strong>manteniment inform\u00e0tic a Santa Maria de Martorelles<\/strong>, sin\u00f3 que tamb\u00e9 som especialistes en dotar d&#039;eines tecnol\u00f2giques que dotin les empreses d&#039;un avantatge competitiu al mercat, com s\u00f3n els programaris de gesti\u00f3 empresarial, solucions d&#039;impressi\u00f3 (el revolucionari sistema del preu per c\u00f2pia), desenvolupament de p\u00e0gines web, venda d&#039;equips inform\u00e0tics i molt m\u00e9s que podreu trobar a la nostra web.<\/p>\n\n\n\n<p>Per\u00f2 sens dubte, el nostre servei estrella \u00e9s el&nbsp;<strong>manteniment inform\u00e0tic a Santa Maria de Martorelles<\/strong>, ja que cada vegada s\u00f3n m\u00e9s les empreses que compten amb equips inform\u00e0tics i tecnol\u00f2gics per dur a terme el seu negoci, per la qual cosa sorgeix una nova necessitat de protegir aquests equips i per tant tota la informaci\u00f3 que emmagatzemen, com per exemple d&#039;un virus o qualsevol altre atac inform\u00e0tic, ja que de la mateixa manera que s&#039;expandeixen els equips inform\u00e0tics, tamb\u00e9 s&#039;expandeixen les persones que creen protegiu-vos a vosaltres ia la vostra empresa.<\/p>\n\n\n\n<p>A m\u00e9s, no nom\u00e9s protegim d&#039;un virus, sin\u00f3 que ens encarreguem de realitzar tots els serveis que siguin necessaris per garantir que no hi hagi cap error, i en cas que n&#039;hi hagi, des d&#039;Apen, ens encarregarem de solucionar-lo, ja que comptem amb un gran equip de professionals molt ben qualificat que s&#039;encarregaran d&#039;oferir-vos el millor&nbsp;<strong>manteniment inform\u00e0tic a Santa Maria de Martorelles.<\/strong><\/p>\n\n\n\n<p>Per tal d&#039;oferir el millor servei personalitzat, que s&#039;adapti a cadascun dels nostres clients, comptem amb tres propostes diferents de&nbsp;<strong>manteniment inform\u00e0tic a Santa Maria de Martorelles<\/strong>, les quals es poden modificar el que calgui, per\u00f2 que ens serveixen de base per oferir-vos aquest servei.<\/p>\n\n\n\n<p>Aquests tres plans que oferim, s\u00f3n el manteniment Base, amb el qual gaudireu d&#039;un servei de qualitat i amb una gran quantitat de descomptes en altres serveis que oferim, despr\u00e9s tenim el manteniment Outsourcing, que \u00e9s una mica m\u00e9s complet que l&#039;anterior, i per \u00faltim, tenim el manteniment Premium SPC que \u00e9s perfecte per despreocupar-vos totalment de tot all\u00f2 relacionat amb el&nbsp;<strong>manteniment inform\u00e0tic a Santa Maria de Martorelles<\/strong>, aix\u00ed que si voleu saber m\u00e9s sobre cadascun d&#039;aquests plans, no dubteu a posar-vos en contacte amb nosaltres, ja que estarem encantats de poder-vos ajudar.<\/p>","protected":false},"excerpt":{"rendered":"<p>Apen, somos una empresa de inform\u00e1tica que llevamos prestando el servicio de&nbsp;mantenimiento inform\u00e1tico en Santa Maria de Martorelles&nbsp;desde hace un cuarto de siglo, por lo que tenemos una larga experiencia en el sector en la cual nos hemos convertido en un recurso imprescindible y muy importante para una gran cantidad de empresas de la provincia&#8230;<\/p>","protected":false},"author":4,"featured_media":0,"parent":1357,"menu_order":0,"comment_status":"closed","ping_status":"closed","template":"page-servicio-informatico.php","meta":{"_acf_changed":false,"_kad_blocks_custom_css":"","_kad_blocks_head_custom_js":"","_kad_blocks_body_custom_js":"","_kad_blocks_footer_custom_js":"","_kad_post_transparent":"","_kad_post_title":"","_kad_post_layout":"","_kad_post_sidebar_id":"","_kad_post_content_style":"","_kad_post_vertical_padding":"","_kad_post_feature":"","_kad_post_feature_position":"","_kad_post_header":false,"_kad_post_footer":false,"_kad_post_classname":"","footnotes":""},"class_list":["post-14054","page","type-page","status-publish","hentry"],"acf":[],"yoast_head":"<!-- This site is optimized with the Yoast SEO plugin v27.4 - https:\/\/yoast.com\/product\/yoast-seo-wordpress\/ -->\n<title>Mantenimiento inform\u00e1tico Santa Maria de Martorelles - Apen Inform\u00e1tica<\/title>\n<meta name=\"description\" content=\"Servicio de mantenimiento inform\u00e1tico para empresas en Santa Maria de Martorelles. Mantenimiento de ordenadores y servidores. L\u00edderes en Barcelona.\" \/>\n<meta name=\"robots\" content=\"index, follow, max-snippet:-1, max-image-preview:large, max-video-preview:-1\" \/>\n<link rel=\"canonical\" href=\"https:\/\/www.apen.es\/ca\/manteniment-informatic\/manteniment-informatic-santa-maria-de-martorelles\/\" \/>\n<meta property=\"og:locale\" content=\"ca_ES\" \/>\n<meta property=\"og:type\" content=\"article\" \/>\n<meta property=\"og:title\" content=\"Mantenimiento inform\u00e1tico Santa Maria de Martorelles - Apen Inform\u00e1tica\" \/>\n<meta property=\"og:description\" content=\"Servicio de mantenimiento inform\u00e1tico para empresas en Santa Maria de Martorelles. Mantenimiento de ordenadores y servidores. L\u00edderes en Barcelona.\" \/>\n<meta property=\"og:url\" content=\"https:\/\/www.apen.es\/ca\/manteniment-informatic\/manteniment-informatic-santa-maria-de-martorelles\/\" \/>\n<meta property=\"og:site_name\" content=\"Apen Inform\u00e1tica\" \/>\n<meta property=\"article:publisher\" content=\"https:\/\/www.facebook.com\/apensolucions\" \/>\n<meta property=\"article:modified_time\" content=\"2025-03-31T06:21:29+00:00\" \/>\n<meta property=\"og:image\" content=\"https:\/\/www.apen.es\/wp-content\/uploads\/2016\/05\/logo-apen-231x82-trasparent.png\" \/>\n\t<meta property=\"og:image:width\" content=\"231\" \/>\n\t<meta property=\"og:image:height\" content=\"82\" \/>\n\t<meta property=\"og:image:type\" content=\"image\/png\" \/>\n<meta name=\"twitter:card\" content=\"summary_large_image\" \/>\n<meta name=\"twitter:label1\" content=\"Temps estimat de lectura\" \/>\n\t<meta name=\"twitter:data1\" content=\"10 minuts\" \/>\n<script type=\"application\/ld+json\" class=\"yoast-schema-graph\">{\"@context\":\"https:\\\/\\\/schema.org\",\"@graph\":[{\"@type\":\"WebPage\",\"@id\":\"https:\\\/\\\/www.apen.es\\\/mantenimiento-informatico\\\/mantenimiento-informatico-santa-maria-de-martorelles\\\/\",\"url\":\"https:\\\/\\\/www.apen.es\\\/mantenimiento-informatico\\\/mantenimiento-informatico-santa-maria-de-martorelles\\\/\",\"name\":\"Mantenimiento inform\u00e1tico Santa Maria de Martorelles - Apen Inform\u00e1tica\",\"isPartOf\":{\"@id\":\"https:\\\/\\\/www.apen.es\\\/#website\"},\"datePublished\":\"2019-05-30T14:16:48+00:00\",\"dateModified\":\"2025-03-31T06:21:29+00:00\",\"description\":\"Servicio de mantenimiento inform\u00e1tico para empresas en Santa Maria de Martorelles. Mantenimiento de ordenadores y servidores. L\u00edderes en Barcelona.\",\"breadcrumb\":{\"@id\":\"https:\\\/\\\/www.apen.es\\\/mantenimiento-informatico\\\/mantenimiento-informatico-santa-maria-de-martorelles\\\/#breadcrumb\"},\"inLanguage\":\"ca\",\"potentialAction\":[{\"@type\":\"ReadAction\",\"target\":[\"https:\\\/\\\/www.apen.es\\\/mantenimiento-informatico\\\/mantenimiento-informatico-santa-maria-de-martorelles\\\/\"]}]},{\"@type\":\"BreadcrumbList\",\"@id\":\"https:\\\/\\\/www.apen.es\\\/mantenimiento-informatico\\\/mantenimiento-informatico-santa-maria-de-martorelles\\\/#breadcrumb\",\"itemListElement\":[{\"@type\":\"ListItem\",\"position\":1,\"name\":\"Portada\",\"item\":\"https:\\\/\\\/www.apen.es\\\/\"},{\"@type\":\"ListItem\",\"position\":2,\"name\":\"Mantenimiento inform\u00e1tico\",\"item\":\"https:\\\/\\\/www.apen.es\\\/mantenimiento-informatico\\\/\"},{\"@type\":\"ListItem\",\"position\":3,\"name\":\"Mantenimiento inform\u00e1tico Santa Maria de Martorelles\"}]},{\"@type\":\"WebSite\",\"@id\":\"https:\\\/\\\/www.apen.es\\\/#website\",\"url\":\"https:\\\/\\\/www.apen.es\\\/\",\"name\":\"Apen Inform\u00e1tica\",\"description\":\"Mantenimiento Inform\u00e1tico , Software de Gesti\u00f3n, Soluciones de impresi\u00f3n\",\"publisher\":{\"@id\":\"https:\\\/\\\/www.apen.es\\\/#organization\"},\"potentialAction\":[{\"@type\":\"SearchAction\",\"target\":{\"@type\":\"EntryPoint\",\"urlTemplate\":\"https:\\\/\\\/www.apen.es\\\/?s={search_term_string}\"},\"query-input\":{\"@type\":\"PropertyValueSpecification\",\"valueRequired\":true,\"valueName\":\"search_term_string\"}}],\"inLanguage\":\"ca\"},{\"@type\":\"Organization\",\"@id\":\"https:\\\/\\\/www.apen.es\\\/#organization\",\"name\":\"Apen: Soluciones inform\u00e1ticas\",\"url\":\"https:\\\/\\\/www.apen.es\\\/\",\"logo\":{\"@type\":\"ImageObject\",\"inLanguage\":\"ca\",\"@id\":\"https:\\\/\\\/www.apen.es\\\/#\\\/schema\\\/logo\\\/image\\\/\",\"url\":\"https:\\\/\\\/www.apen.es\\\/wp-content\\\/uploads\\\/2022\\\/08\\\/logo-apenok-231x82-1.png\",\"contentUrl\":\"https:\\\/\\\/www.apen.es\\\/wp-content\\\/uploads\\\/2022\\\/08\\\/logo-apenok-231x82-1.png\",\"width\":231,\"height\":82,\"caption\":\"Apen: Soluciones inform\u00e1ticas\"},\"image\":{\"@id\":\"https:\\\/\\\/www.apen.es\\\/#\\\/schema\\\/logo\\\/image\\\/\"},\"sameAs\":[\"https:\\\/\\\/www.facebook.com\\\/apensolucions\",\"https:\\\/\\\/www.youtube.com\\\/user\\\/ApenCentreInformatic\",\"https:\\\/\\\/www.linkedin.com\\\/company\\\/1021771?trk=tyah&trkInfo=clickedVerticalcompanyclickedEntityId1021771idx2-1-2tarId1464195271196tasapenin\"]}]}<\/script>\n<!-- \/ Yoast SEO plugin. -->","yoast_head_json":{"title":"Manteniment inform\u00e0tic Santa Maria de Martorelles - Apen Inform\u00e0tica","description":"Servei de manteniment inform\u00e0tic per a empreses a Santa Maria de Martorelles. Manteniment dordinadors i servidors. L\u00edders a Barcelona.","robots":{"index":"index","follow":"follow","max-snippet":"max-snippet:-1","max-image-preview":"max-image-preview:large","max-video-preview":"max-video-preview:-1"},"canonical":"https:\/\/www.apen.es\/ca\/manteniment-informatic\/manteniment-informatic-santa-maria-de-martorelles\/","og_locale":"ca_ES","og_type":"article","og_title":"Mantenimiento inform\u00e1tico Santa Maria de Martorelles - Apen Inform\u00e1tica","og_description":"Servicio de mantenimiento inform\u00e1tico para empresas en Santa Maria de Martorelles. Mantenimiento de ordenadores y servidores. L\u00edderes en Barcelona.","og_url":"https:\/\/www.apen.es\/ca\/manteniment-informatic\/manteniment-informatic-santa-maria-de-martorelles\/","og_site_name":"Apen Inform\u00e1tica","article_publisher":"https:\/\/www.facebook.com\/apensolucions","article_modified_time":"2025-03-31T06:21:29+00:00","og_image":[{"width":231,"height":82,"url":"https:\/\/www.apen.es\/wp-content\/uploads\/2016\/05\/logo-apen-231x82-trasparent.png","type":"image\/png"}],"twitter_card":"summary_large_image","twitter_misc":{"Temps estimat de lectura":"10 minuts"},"schema":{"@context":"https:\/\/schema.org","@graph":[{"@type":"WebPage","@id":"https:\/\/www.apen.es\/mantenimiento-informatico\/mantenimiento-informatico-santa-maria-de-martorelles\/","url":"https:\/\/www.apen.es\/mantenimiento-informatico\/mantenimiento-informatico-santa-maria-de-martorelles\/","name":"Manteniment inform\u00e0tic Santa Maria de Martorelles - Apen Inform\u00e0tica","isPartOf":{"@id":"https:\/\/www.apen.es\/#website"},"datePublished":"2019-05-30T14:16:48+00:00","dateModified":"2025-03-31T06:21:29+00:00","description":"Servei de manteniment inform\u00e0tic per a empreses a Santa Maria de Martorelles. Manteniment dordinadors i servidors. L\u00edders a Barcelona.","breadcrumb":{"@id":"https:\/\/www.apen.es\/mantenimiento-informatico\/mantenimiento-informatico-santa-maria-de-martorelles\/#breadcrumb"},"inLanguage":"ca","potentialAction":[{"@type":"ReadAction","target":["https:\/\/www.apen.es\/mantenimiento-informatico\/mantenimiento-informatico-santa-maria-de-martorelles\/"]}]},{"@type":"BreadcrumbList","@id":"https:\/\/www.apen.es\/mantenimiento-informatico\/mantenimiento-informatico-santa-maria-de-martorelles\/#breadcrumb","itemListElement":[{"@type":"ListItem","position":1,"name":"Portada","item":"https:\/\/www.apen.es\/"},{"@type":"ListItem","position":2,"name":"Mantenimiento inform\u00e1tico","item":"https:\/\/www.apen.es\/mantenimiento-informatico\/"},{"@type":"ListItem","position":3,"name":"Mantenimiento inform\u00e1tico Santa Maria de Martorelles"}]},{"@type":"WebSite","@id":"https:\/\/www.apen.es\/#website","url":"https:\/\/www.apen.es\/","name":"Apen Inform\u00e0tica","description":"Manteniment inform\u00e0tic , programari de gesti\u00f3, solucions d&#039;impressi\u00f3","publisher":{"@id":"https:\/\/www.apen.es\/#organization"},"potentialAction":[{"@type":"SearchAction","target":{"@type":"EntryPoint","urlTemplate":"https:\/\/www.apen.es\/?s={search_term_string}"},"query-input":{"@type":"PropertyValueSpecification","valueRequired":true,"valueName":"search_term_string"}}],"inLanguage":"ca"},{"@type":"Organization","@id":"https:\/\/www.apen.es\/#organization","name":"Apen: Solucions inform\u00e0tiques","url":"https:\/\/www.apen.es\/","logo":{"@type":"ImageObject","inLanguage":"ca","@id":"https:\/\/www.apen.es\/#\/schema\/logo\/image\/","url":"https:\/\/www.apen.es\/wp-content\/uploads\/2022\/08\/logo-apenok-231x82-1.png","contentUrl":"https:\/\/www.apen.es\/wp-content\/uploads\/2022\/08\/logo-apenok-231x82-1.png","width":231,"height":82,"caption":"Apen: Soluciones inform\u00e1ticas"},"image":{"@id":"https:\/\/www.apen.es\/#\/schema\/logo\/image\/"},"sameAs":["https:\/\/www.facebook.com\/apensolucions","https:\/\/www.youtube.com\/user\/ApenCentreInformatic","https:\/\/www.linkedin.com\/company\/1021771?trk=tyah&trkInfo=clickedVerticalcompanyclickedEntityId1021771idx2-1-2tarId1464195271196tasapenin"]}]}},"taxonomy_info":[],"featured_image_src_large":false,"author_info":{"display_name":"marqueting","author_link":"https:\/\/www.apen.es\/ca\/blog\/author\/marqueting\/"},"comment_info":0,"_links":{"self":[{"href":"https:\/\/www.apen.es\/ca\/wp-json\/wp\/v2\/pages\/14054","targetHints":{"allow":["GET"]}}],"collection":[{"href":"https:\/\/www.apen.es\/ca\/wp-json\/wp\/v2\/pages"}],"about":[{"href":"https:\/\/www.apen.es\/ca\/wp-json\/wp\/v2\/types\/page"}],"author":[{"embeddable":true,"href":"https:\/\/www.apen.es\/ca\/wp-json\/wp\/v2\/users\/4"}],"replies":[{"embeddable":true,"href":"https:\/\/www.apen.es\/ca\/wp-json\/wp\/v2\/comments?post=14054"}],"version-history":[{"count":2,"href":"https:\/\/www.apen.es\/ca\/wp-json\/wp\/v2\/pages\/14054\/revisions"}],"predecessor-version":[{"id":54495,"href":"https:\/\/www.apen.es\/ca\/wp-json\/wp\/v2\/pages\/14054\/revisions\/54495"}],"up":[{"embeddable":true,"href":"https:\/\/www.apen.es\/ca\/wp-json\/wp\/v2\/pages\/1357"}],"wp:attachment":[{"href":"https:\/\/www.apen.es\/ca\/wp-json\/wp\/v2\/media?parent=14054"}],"curies":[{"name":"wp","href":"https:\/\/api.w.org\/{rel}","templated":true}]}}