{"id":14034,"date":"2019-05-29T14:56:59","date_gmt":"2019-05-29T14:56:59","guid":{"rendered":"https:\/\/www.apen.es\/?page_id=14034"},"modified":"2025-03-31T07:05:20","modified_gmt":"2025-03-31T07:05:20","slug":"manteniment-informatic-sant-quirze-safaja","status":"publish","type":"page","link":"https:\/\/www.apen.es\/ca\/mantenimiento-informatico\/mantenimiento-informatico-sant-quirze-safaja\/","title":{"rendered":"Manteniment inform\u00e0tic Sant Quirze Safaja"},"content":{"rendered":"<p>Apen, som una empresa que ofereix una gran quantitat de solucions inform\u00e0tiques i de tecnologia dirigides principalment a petites i mitjanes empreses que necessiten algun dels nostres serveis, entre els quals, es troba el&nbsp;<strong>manteniment inform\u00e0tic a Sant Quirze Safaja&nbsp;<\/strong>que sens dubte \u00e9s una de les millors opcions per a vosaltres, ja que ens hem convertit en l&#039;empresa l\u00edder en aquest sector.<\/p>\n\n\n\n<p>El servei de&nbsp;<strong>manteniment inform\u00e0tic a Sant Quirze Safaja<\/strong>&nbsp;que oferim a la nostra empresa, posa a la vostra disposici\u00f3 una gran quantitat de beneficis per a vosaltres, utilitzant sempre la millor metodologia per resoldre qualsevol tipus de problema relacionat amb els vostres equips inform\u00e0tics, com per exemple un dels serveis b\u00e0sics, \u00e9s realitzar c\u00f2pies de seguretat, ja que s&#039;estableixen els mecanismes adequats perqu\u00e8 tingueu una c\u00f2pia de tota la informaci\u00f3 important que teniu d&#039;alguna informaci\u00f3 tindreu la informaci\u00f3 a m\u00e0.<\/p>\n\n\n\n<p>Sense cap dubte, les c\u00f2pies de seguretat s\u00f3n claus al servei de&nbsp;<strong>manteniment inform\u00e0tic a Sant Quirze Safaja,<\/strong>&nbsp;ja que avui dia amb el gran auge d&#039;aquest sector, han crescut les amenaces externes, per aquesta ra\u00f3, el millor \u00e9s establir diferents protocols de seguretat, instal\u00b7lar i configurar programes antivirus de garanties, i qui ho far\u00e0 millor que la nostra empresa Apen, una empresa on ens preocupem des de fa m\u00e9s de vint-i-cinc anys per la seguretat de tots i cadascun dels nostres clients.<\/p>\n\n\n\n<p>Tot aix\u00f2 \u00e9s possible gr\u00e0cies al nostre gran equip de professionals, que coneixen a la perfecci\u00f3 quin \u00e9s aquest sector i quins s\u00f3n els principals problemes i amenaces. A m\u00e9s, el nostre equip sempre se centra a con\u00e8ixer-vos personalment i poder oferir-vos una soluci\u00f3 personalitzada que s&#039;adapti a les necessitats del vostre negoci, d&#039;aquesta manera, oferim tres modalitats diferents de&nbsp;<strong>manteniment inform\u00e0tic a Sant Quirze Safaja.<\/strong><\/p>\n\n\n\n<p>Aquestes tres modalitats diferents de&nbsp;<strong>manteniment inform\u00e0tic a Sant Quirze Safaja&nbsp;<\/strong>que oferim a la nostra empresa, heu de tenir en compte que no \u00e9s un servei tancat, sin\u00f3 que es pot millorar i canviar en funci\u00f3 de les vostres necessitats.<\/p>\n\n\n\n<p>En primer lloc, ens trobem el manteniment Base, que ofereix els serveis m\u00e9s b\u00e0sics com una auditoria a l&#039;any o el pr\u00e9stec d&#039;equips en cas que sigui necessari, en segon lloc, tenim el manteniment Outsourcing, que \u00e9s una mica m\u00e9s complet, per la qual cosa s&#039;inclouen coses com els despla\u00e7aments que siguin necessaris, i finalment, hi ha el manteniment Premium SPC (Suport \u2013 Prevenci\u00f3 \u2013 Correctiu), que m\u00e9s inclou que tots els serveis pugueu imaginar perqu\u00e8 tingueu en temps record una resposta i una soluci\u00f3 als vostres problemes.<\/p>","protected":false},"excerpt":{"rendered":"<p>Apen, somos una empresa que ofrece una gran cantidad de soluciones inform\u00e1ticas y de tecnolog\u00eda dirigidas principalmente a peque\u00f1as y medianas empresas que necesitan alguno de nuestros servicios, entre los cuales, se encuentra el&nbsp;mantenimiento inform\u00e1tico en Sant Quirze Safaja&nbsp;que sin ninguna duda, es una de las mejores opciones para vosotros, ya que nos hemos convertido&#8230;<\/p>","protected":false},"author":4,"featured_media":0,"parent":1357,"menu_order":0,"comment_status":"closed","ping_status":"closed","template":"page-servicio-informatico.php","meta":{"_acf_changed":false,"_kad_blocks_custom_css":"","_kad_blocks_head_custom_js":"","_kad_blocks_body_custom_js":"","_kad_blocks_footer_custom_js":"","_kad_post_transparent":"","_kad_post_title":"","_kad_post_layout":"","_kad_post_sidebar_id":"","_kad_post_content_style":"","_kad_post_vertical_padding":"","_kad_post_feature":"","_kad_post_feature_position":"","_kad_post_header":false,"_kad_post_footer":false,"_kad_post_classname":"","footnotes":""},"class_list":["post-14034","page","type-page","status-publish","hentry"],"acf":[],"yoast_head":"<!-- This site is optimized with the Yoast SEO plugin v27.4 - https:\/\/yoast.com\/product\/yoast-seo-wordpress\/ -->\n<title>Mantenimiento inform\u00e1tico Sant Quirze Safaja - Apen Inform\u00e1tica<\/title>\n<meta name=\"description\" content=\"Servicio de mantenimiento inform\u00e1tico para empresas en Sant Quirze e Safaja. Mantenimiento de ordenadores y servidores. Ll\u00e1manos al 938 606 220 sin compromiso.\" \/>\n<meta name=\"robots\" content=\"index, follow, max-snippet:-1, max-image-preview:large, max-video-preview:-1\" \/>\n<link rel=\"canonical\" href=\"https:\/\/www.apen.es\/ca\/manteniment-informatic\/manteniment-informatic-sant-quirze-safaja\/\" \/>\n<meta property=\"og:locale\" content=\"ca_ES\" \/>\n<meta property=\"og:type\" content=\"article\" \/>\n<meta property=\"og:title\" content=\"Mantenimiento inform\u00e1tico Sant Quirze Safaja - Apen Inform\u00e1tica\" \/>\n<meta property=\"og:description\" content=\"Servicio de mantenimiento inform\u00e1tico para empresas en Sant Quirze e Safaja. Mantenimiento de ordenadores y servidores. Ll\u00e1manos al 938 606 220 sin compromiso.\" \/>\n<meta property=\"og:url\" content=\"https:\/\/www.apen.es\/ca\/manteniment-informatic\/manteniment-informatic-sant-quirze-safaja\/\" \/>\n<meta property=\"og:site_name\" content=\"Apen Inform\u00e1tica\" \/>\n<meta property=\"article:publisher\" content=\"https:\/\/www.facebook.com\/apensolucions\" \/>\n<meta property=\"article:modified_time\" content=\"2025-03-31T07:05:20+00:00\" \/>\n<meta property=\"og:image\" content=\"https:\/\/www.apen.es\/wp-content\/uploads\/2016\/05\/logo-apen-231x82-trasparent.png\" \/>\n\t<meta property=\"og:image:width\" content=\"231\" \/>\n\t<meta property=\"og:image:height\" content=\"82\" \/>\n\t<meta property=\"og:image:type\" content=\"image\/png\" \/>\n<meta name=\"twitter:card\" content=\"summary_large_image\" \/>\n<meta name=\"twitter:label1\" content=\"Temps estimat de lectura\" \/>\n\t<meta name=\"twitter:data1\" content=\"10 minuts\" \/>\n<script type=\"application\/ld+json\" class=\"yoast-schema-graph\">{\"@context\":\"https:\\\/\\\/schema.org\",\"@graph\":[{\"@type\":\"WebPage\",\"@id\":\"https:\\\/\\\/www.apen.es\\\/mantenimiento-informatico\\\/mantenimiento-informatico-sant-quirze-safaja\\\/\",\"url\":\"https:\\\/\\\/www.apen.es\\\/mantenimiento-informatico\\\/mantenimiento-informatico-sant-quirze-safaja\\\/\",\"name\":\"Mantenimiento inform\u00e1tico Sant Quirze Safaja - Apen Inform\u00e1tica\",\"isPartOf\":{\"@id\":\"https:\\\/\\\/www.apen.es\\\/#website\"},\"datePublished\":\"2019-05-29T14:56:59+00:00\",\"dateModified\":\"2025-03-31T07:05:20+00:00\",\"description\":\"Servicio de mantenimiento inform\u00e1tico para empresas en Sant Quirze e Safaja. Mantenimiento de ordenadores y servidores. Ll\u00e1manos al 938 606 220 sin compromiso.\",\"breadcrumb\":{\"@id\":\"https:\\\/\\\/www.apen.es\\\/mantenimiento-informatico\\\/mantenimiento-informatico-sant-quirze-safaja\\\/#breadcrumb\"},\"inLanguage\":\"ca\",\"potentialAction\":[{\"@type\":\"ReadAction\",\"target\":[\"https:\\\/\\\/www.apen.es\\\/mantenimiento-informatico\\\/mantenimiento-informatico-sant-quirze-safaja\\\/\"]}]},{\"@type\":\"BreadcrumbList\",\"@id\":\"https:\\\/\\\/www.apen.es\\\/mantenimiento-informatico\\\/mantenimiento-informatico-sant-quirze-safaja\\\/#breadcrumb\",\"itemListElement\":[{\"@type\":\"ListItem\",\"position\":1,\"name\":\"Portada\",\"item\":\"https:\\\/\\\/www.apen.es\\\/\"},{\"@type\":\"ListItem\",\"position\":2,\"name\":\"Mantenimiento inform\u00e1tico\",\"item\":\"https:\\\/\\\/www.apen.es\\\/mantenimiento-informatico\\\/\"},{\"@type\":\"ListItem\",\"position\":3,\"name\":\"Mantenimiento inform\u00e1tico Sant Quirze Safaja\"}]},{\"@type\":\"WebSite\",\"@id\":\"https:\\\/\\\/www.apen.es\\\/#website\",\"url\":\"https:\\\/\\\/www.apen.es\\\/\",\"name\":\"Apen Inform\u00e1tica\",\"description\":\"Mantenimiento Inform\u00e1tico , Software de Gesti\u00f3n, Soluciones de impresi\u00f3n\",\"publisher\":{\"@id\":\"https:\\\/\\\/www.apen.es\\\/#organization\"},\"potentialAction\":[{\"@type\":\"SearchAction\",\"target\":{\"@type\":\"EntryPoint\",\"urlTemplate\":\"https:\\\/\\\/www.apen.es\\\/?s={search_term_string}\"},\"query-input\":{\"@type\":\"PropertyValueSpecification\",\"valueRequired\":true,\"valueName\":\"search_term_string\"}}],\"inLanguage\":\"ca\"},{\"@type\":\"Organization\",\"@id\":\"https:\\\/\\\/www.apen.es\\\/#organization\",\"name\":\"Apen: Soluciones inform\u00e1ticas\",\"url\":\"https:\\\/\\\/www.apen.es\\\/\",\"logo\":{\"@type\":\"ImageObject\",\"inLanguage\":\"ca\",\"@id\":\"https:\\\/\\\/www.apen.es\\\/#\\\/schema\\\/logo\\\/image\\\/\",\"url\":\"https:\\\/\\\/www.apen.es\\\/wp-content\\\/uploads\\\/2022\\\/08\\\/logo-apenok-231x82-1.png\",\"contentUrl\":\"https:\\\/\\\/www.apen.es\\\/wp-content\\\/uploads\\\/2022\\\/08\\\/logo-apenok-231x82-1.png\",\"width\":231,\"height\":82,\"caption\":\"Apen: Soluciones inform\u00e1ticas\"},\"image\":{\"@id\":\"https:\\\/\\\/www.apen.es\\\/#\\\/schema\\\/logo\\\/image\\\/\"},\"sameAs\":[\"https:\\\/\\\/www.facebook.com\\\/apensolucions\",\"https:\\\/\\\/www.youtube.com\\\/user\\\/ApenCentreInformatic\",\"https:\\\/\\\/www.linkedin.com\\\/company\\\/1021771?trk=tyah&trkInfo=clickedVerticalcompanyclickedEntityId1021771idx2-1-2tarId1464195271196tasapenin\"]}]}<\/script>\n<!-- \/ Yoast SEO plugin. -->","yoast_head_json":{"title":"Manteniment inform\u00e0tic Sant Quirze Safaja - Apen Inform\u00e0tica","description":"Servei de manteniment inform\u00e0tic per a empreses a Sant Quirze e Safaja. Manteniment dordinadors i servidors. Truca&#039;ns al 938 606 220 sense comprom\u00eds.","robots":{"index":"index","follow":"follow","max-snippet":"max-snippet:-1","max-image-preview":"max-image-preview:large","max-video-preview":"max-video-preview:-1"},"canonical":"https:\/\/www.apen.es\/ca\/manteniment-informatic\/manteniment-informatic-sant-quirze-safaja\/","og_locale":"ca_ES","og_type":"article","og_title":"Mantenimiento inform\u00e1tico Sant Quirze Safaja - Apen Inform\u00e1tica","og_description":"Servicio de mantenimiento inform\u00e1tico para empresas en Sant Quirze e Safaja. Mantenimiento de ordenadores y servidores. Ll\u00e1manos al 938 606 220 sin compromiso.","og_url":"https:\/\/www.apen.es\/ca\/manteniment-informatic\/manteniment-informatic-sant-quirze-safaja\/","og_site_name":"Apen Inform\u00e1tica","article_publisher":"https:\/\/www.facebook.com\/apensolucions","article_modified_time":"2025-03-31T07:05:20+00:00","og_image":[{"width":231,"height":82,"url":"https:\/\/www.apen.es\/wp-content\/uploads\/2016\/05\/logo-apen-231x82-trasparent.png","type":"image\/png"}],"twitter_card":"summary_large_image","twitter_misc":{"Temps estimat de lectura":"10 minuts"},"schema":{"@context":"https:\/\/schema.org","@graph":[{"@type":"WebPage","@id":"https:\/\/www.apen.es\/mantenimiento-informatico\/mantenimiento-informatico-sant-quirze-safaja\/","url":"https:\/\/www.apen.es\/mantenimiento-informatico\/mantenimiento-informatico-sant-quirze-safaja\/","name":"Manteniment inform\u00e0tic Sant Quirze Safaja - Apen Inform\u00e0tica","isPartOf":{"@id":"https:\/\/www.apen.es\/#website"},"datePublished":"2019-05-29T14:56:59+00:00","dateModified":"2025-03-31T07:05:20+00:00","description":"Servei de manteniment inform\u00e0tic per a empreses a Sant Quirze e Safaja. Manteniment dordinadors i servidors. Truca&#039;ns al 938 606 220 sense comprom\u00eds.","breadcrumb":{"@id":"https:\/\/www.apen.es\/mantenimiento-informatico\/mantenimiento-informatico-sant-quirze-safaja\/#breadcrumb"},"inLanguage":"ca","potentialAction":[{"@type":"ReadAction","target":["https:\/\/www.apen.es\/mantenimiento-informatico\/mantenimiento-informatico-sant-quirze-safaja\/"]}]},{"@type":"BreadcrumbList","@id":"https:\/\/www.apen.es\/mantenimiento-informatico\/mantenimiento-informatico-sant-quirze-safaja\/#breadcrumb","itemListElement":[{"@type":"ListItem","position":1,"name":"Portada","item":"https:\/\/www.apen.es\/"},{"@type":"ListItem","position":2,"name":"Mantenimiento inform\u00e1tico","item":"https:\/\/www.apen.es\/mantenimiento-informatico\/"},{"@type":"ListItem","position":3,"name":"Mantenimiento inform\u00e1tico Sant Quirze Safaja"}]},{"@type":"WebSite","@id":"https:\/\/www.apen.es\/#website","url":"https:\/\/www.apen.es\/","name":"Apen Inform\u00e0tica","description":"Manteniment inform\u00e0tic , programari de gesti\u00f3, solucions d&#039;impressi\u00f3","publisher":{"@id":"https:\/\/www.apen.es\/#organization"},"potentialAction":[{"@type":"SearchAction","target":{"@type":"EntryPoint","urlTemplate":"https:\/\/www.apen.es\/?s={search_term_string}"},"query-input":{"@type":"PropertyValueSpecification","valueRequired":true,"valueName":"search_term_string"}}],"inLanguage":"ca"},{"@type":"Organization","@id":"https:\/\/www.apen.es\/#organization","name":"Apen: Solucions inform\u00e0tiques","url":"https:\/\/www.apen.es\/","logo":{"@type":"ImageObject","inLanguage":"ca","@id":"https:\/\/www.apen.es\/#\/schema\/logo\/image\/","url":"https:\/\/www.apen.es\/wp-content\/uploads\/2022\/08\/logo-apenok-231x82-1.png","contentUrl":"https:\/\/www.apen.es\/wp-content\/uploads\/2022\/08\/logo-apenok-231x82-1.png","width":231,"height":82,"caption":"Apen: Soluciones inform\u00e1ticas"},"image":{"@id":"https:\/\/www.apen.es\/#\/schema\/logo\/image\/"},"sameAs":["https:\/\/www.facebook.com\/apensolucions","https:\/\/www.youtube.com\/user\/ApenCentreInformatic","https:\/\/www.linkedin.com\/company\/1021771?trk=tyah&trkInfo=clickedVerticalcompanyclickedEntityId1021771idx2-1-2tarId1464195271196tasapenin"]}]}},"taxonomy_info":[],"featured_image_src_large":false,"author_info":{"display_name":"marqueting","author_link":"https:\/\/www.apen.es\/ca\/blog\/author\/marqueting\/"},"comment_info":0,"_links":{"self":[{"href":"https:\/\/www.apen.es\/ca\/wp-json\/wp\/v2\/pages\/14034","targetHints":{"allow":["GET"]}}],"collection":[{"href":"https:\/\/www.apen.es\/ca\/wp-json\/wp\/v2\/pages"}],"about":[{"href":"https:\/\/www.apen.es\/ca\/wp-json\/wp\/v2\/types\/page"}],"author":[{"embeddable":true,"href":"https:\/\/www.apen.es\/ca\/wp-json\/wp\/v2\/users\/4"}],"replies":[{"embeddable":true,"href":"https:\/\/www.apen.es\/ca\/wp-json\/wp\/v2\/comments?post=14034"}],"version-history":[{"count":2,"href":"https:\/\/www.apen.es\/ca\/wp-json\/wp\/v2\/pages\/14034\/revisions"}],"predecessor-version":[{"id":54585,"href":"https:\/\/www.apen.es\/ca\/wp-json\/wp\/v2\/pages\/14034\/revisions\/54585"}],"up":[{"embeddable":true,"href":"https:\/\/www.apen.es\/ca\/wp-json\/wp\/v2\/pages\/1357"}],"wp:attachment":[{"href":"https:\/\/www.apen.es\/ca\/wp-json\/wp\/v2\/media?parent=14034"}],"curies":[{"name":"wp","href":"https:\/\/api.w.org\/{rel}","templated":true}]}}