{"id":14021,"date":"2019-05-24T12:34:43","date_gmt":"2019-05-24T12:34:43","guid":{"rendered":"https:\/\/www.apen.es\/?page_id=14021"},"modified":"2025-03-31T07:05:00","modified_gmt":"2025-03-31T07:05:00","slug":"manteniment-informatic-sant-antoni-de-vilamajor","status":"publish","type":"page","link":"https:\/\/www.apen.es\/ca\/mantenimiento-informatico\/mantenimiento-informatico-sant-antoni-de-vilamajor\/","title":{"rendered":"Manteniment inform\u00e0tic Sant Antoni de Vilamajor"},"content":{"rendered":"<p>Apen, som una empresa dedicada al&nbsp;<strong>manteniment inform\u00e0tic a Sant Antoni de<\/strong>&nbsp;<strong>Vilamajor<\/strong>, en la qual comptem amb m\u00e9s de vint-i-cinc anys d&#039;experi\u00e8ncia durant els quals ens hem anat formant i especialitzant en tres grans \u00e0rees relacionades amb la inform\u00e0tica, les solucions d&#039;impressi\u00f3, la implantaci\u00f3 de programaris de gesti\u00f3 (a3ERP) i el manteniment inform\u00e0tic per a tot tipus d&#039;empreses, que sense cap mena de dubte \u00e9s un dels nostres serveis m\u00e9s populars, pel que \u00e9s en tot all\u00f2 que ens anem PIMES, independentment del sector al qual es dediquin, ja que avui dia a tots els sectors compten amb equips inform\u00e0tics per controlar de forma m\u00e9s senzilla i eficient diferents factors de l&#039;empresa.<\/p>\n\n\n\n<p>Per\u00f2, perqu\u00e8 aquests equips que teniu a la vostra empresa puguin mantenir-se en un estat \u00f2ptim durant molt de temps cal que els presteu l&#039;atenci\u00f3 necess\u00e0ria i que els protegiu, per\u00f2 sabem que no \u00e9s una tasca f\u00e0cil i que segurament no teniu tots els coneixements per dur-ho a terme, aix\u00ed que el millor que podeu fer \u00e9s contractar el servei de&nbsp;<strong>manteniment inform\u00e0tic a Sant Antoni de<\/strong>&nbsp;<strong>Vilamajor<\/strong>, de la m\u00e0 d&#039;una empresa externa a la vostra que s&#039;ocupi d&#039;aquest proc\u00e9s i que compti amb grans professionals del sector per garantir-vos el millor resultat.<\/p>\n\n\n\n<p>A la nostra empresa, Apen, el nostre principal objectiu \u00e9s obtenir la satisfacci\u00f3 de tots i cadascun dels nostres clients, per aquesta ra\u00f3 oferim un servei cent per cent personalitzat de&nbsp;<strong>manteniment inform\u00e0tic a Sant Antoni de<\/strong>&nbsp;<strong>Vilamajor<\/strong>, el qual es basa en un dels tres plans que podreu trobar explicats a la nostra p\u00e0gina web, que s\u00f3n el manteniment Base, el manteniment Outsourcing i el manteniment Premium SPC.<\/p>\n\n\n\n<p>Per\u00f2 per oferir-vos aquest servei cal que estiguem sempre al dia no nom\u00e9s en el nostre sector de la inform\u00e0tica sin\u00f3 que en molts altres, ja que els nostres clients es dediquen a sectors molt diferents, per aquesta ra\u00f3, com nosaltres ens prenem molt seriosament oferir el millor servei, sempre intentem estar informats i acudir a totes les fires i convencions, d&#039;aquesta manera podem estar al dia dels darrers aven\u00e7os tecnol\u00f2gics&nbsp;<strong>manteniment inform\u00e0tic a Sant Antoni de<\/strong>&nbsp;<strong>Vilamajor<\/strong>.<\/p>\n\n\n\n<p>Ja s\u00f3n moltes les empreses que confien en nosaltres i que han acabat contents amb els nostres resultats, aix\u00ed que si voleu ser els propers a rebre la nostra ajuda i augmentar els vostres beneficis de forma indirecta, no dubteu a posar-vos en contacte amb nosaltres com m\u00e9s aviat millor, ja que estarem encantats de poder-vos ajudar en tot el que estigui a les nostres mans.<\/p>","protected":false},"excerpt":{"rendered":"<p>Apen, somos una empresa dedicada al&nbsp;mantenimiento inform\u00e1tico en Sant Antoni de&nbsp;Vilamajor, en la cual contamos con m\u00e1s de veinticinco a\u00f1os de experiencia durante los cuales nos hemos ido formando y especializando en tres grandes \u00e1reas relacionadas con la inform\u00e1tica, las soluciones de impresi\u00f3n, la implantaci\u00f3n de softwares de gesti\u00f3n (a3ERP) y el mantenimiento inform\u00e1tico para&#8230;<\/p>","protected":false},"author":4,"featured_media":0,"parent":1357,"menu_order":0,"comment_status":"closed","ping_status":"closed","template":"page-servicio-informatico.php","meta":{"_acf_changed":false,"_kad_blocks_custom_css":"","_kad_blocks_head_custom_js":"","_kad_blocks_body_custom_js":"","_kad_blocks_footer_custom_js":"","_kad_post_transparent":"","_kad_post_title":"","_kad_post_layout":"","_kad_post_sidebar_id":"","_kad_post_content_style":"","_kad_post_vertical_padding":"","_kad_post_feature":"","_kad_post_feature_position":"","_kad_post_header":false,"_kad_post_footer":false,"_kad_post_classname":"","footnotes":""},"class_list":["post-14021","page","type-page","status-publish","hentry"],"acf":[],"yoast_head":"<!-- This site is optimized with the Yoast SEO plugin v27.4 - https:\/\/yoast.com\/product\/yoast-seo-wordpress\/ -->\n<title>Mantenimiento inform\u00e1tico Sant Antoni de Vilamajor - Apen Inform\u00e1tica<\/title>\n<meta name=\"description\" content=\"Servicio de mantenimiento inform\u00e1tico para empresas en Sant Antoni de Vilamajor. Mantenimiento de ordenadores y servidores. L\u00edderes en Barcelona.\" \/>\n<meta name=\"robots\" content=\"index, follow, max-snippet:-1, max-image-preview:large, max-video-preview:-1\" \/>\n<link rel=\"canonical\" href=\"https:\/\/www.apen.es\/ca\/manteniment-informatic\/manteniment-informatic-sant-antoni-de-vilamajor\/\" \/>\n<meta property=\"og:locale\" content=\"ca_ES\" \/>\n<meta property=\"og:type\" content=\"article\" \/>\n<meta property=\"og:title\" content=\"Mantenimiento inform\u00e1tico Sant Antoni de Vilamajor - Apen Inform\u00e1tica\" \/>\n<meta property=\"og:description\" content=\"Servicio de mantenimiento inform\u00e1tico para empresas en Sant Antoni de Vilamajor. Mantenimiento de ordenadores y servidores. L\u00edderes en Barcelona.\" \/>\n<meta property=\"og:url\" content=\"https:\/\/www.apen.es\/ca\/manteniment-informatic\/manteniment-informatic-sant-antoni-de-vilamajor\/\" \/>\n<meta property=\"og:site_name\" content=\"Apen Inform\u00e1tica\" \/>\n<meta property=\"article:publisher\" content=\"https:\/\/www.facebook.com\/apensolucions\" \/>\n<meta property=\"article:modified_time\" content=\"2025-03-31T07:05:00+00:00\" \/>\n<meta property=\"og:image\" content=\"https:\/\/www.apen.es\/wp-content\/uploads\/2016\/05\/logo-apen-231x82-trasparent.png\" \/>\n\t<meta property=\"og:image:width\" content=\"231\" \/>\n\t<meta property=\"og:image:height\" content=\"82\" \/>\n\t<meta property=\"og:image:type\" content=\"image\/png\" \/>\n<meta name=\"twitter:card\" content=\"summary_large_image\" \/>\n<meta name=\"twitter:label1\" content=\"Temps estimat de lectura\" \/>\n\t<meta name=\"twitter:data1\" content=\"10 minuts\" \/>\n<script type=\"application\/ld+json\" class=\"yoast-schema-graph\">{\"@context\":\"https:\\\/\\\/schema.org\",\"@graph\":[{\"@type\":\"WebPage\",\"@id\":\"https:\\\/\\\/www.apen.es\\\/mantenimiento-informatico\\\/mantenimiento-informatico-sant-antoni-de-vilamajor\\\/\",\"url\":\"https:\\\/\\\/www.apen.es\\\/mantenimiento-informatico\\\/mantenimiento-informatico-sant-antoni-de-vilamajor\\\/\",\"name\":\"Mantenimiento inform\u00e1tico Sant Antoni de Vilamajor - Apen Inform\u00e1tica\",\"isPartOf\":{\"@id\":\"https:\\\/\\\/www.apen.es\\\/#website\"},\"datePublished\":\"2019-05-24T12:34:43+00:00\",\"dateModified\":\"2025-03-31T07:05:00+00:00\",\"description\":\"Servicio de mantenimiento inform\u00e1tico para empresas en Sant Antoni de Vilamajor. Mantenimiento de ordenadores y servidores. L\u00edderes en Barcelona.\",\"breadcrumb\":{\"@id\":\"https:\\\/\\\/www.apen.es\\\/mantenimiento-informatico\\\/mantenimiento-informatico-sant-antoni-de-vilamajor\\\/#breadcrumb\"},\"inLanguage\":\"ca\",\"potentialAction\":[{\"@type\":\"ReadAction\",\"target\":[\"https:\\\/\\\/www.apen.es\\\/mantenimiento-informatico\\\/mantenimiento-informatico-sant-antoni-de-vilamajor\\\/\"]}]},{\"@type\":\"BreadcrumbList\",\"@id\":\"https:\\\/\\\/www.apen.es\\\/mantenimiento-informatico\\\/mantenimiento-informatico-sant-antoni-de-vilamajor\\\/#breadcrumb\",\"itemListElement\":[{\"@type\":\"ListItem\",\"position\":1,\"name\":\"Portada\",\"item\":\"https:\\\/\\\/www.apen.es\\\/\"},{\"@type\":\"ListItem\",\"position\":2,\"name\":\"Mantenimiento inform\u00e1tico\",\"item\":\"https:\\\/\\\/www.apen.es\\\/mantenimiento-informatico\\\/\"},{\"@type\":\"ListItem\",\"position\":3,\"name\":\"Mantenimiento inform\u00e1tico Sant Antoni de Vilamajor\"}]},{\"@type\":\"WebSite\",\"@id\":\"https:\\\/\\\/www.apen.es\\\/#website\",\"url\":\"https:\\\/\\\/www.apen.es\\\/\",\"name\":\"Apen Inform\u00e1tica\",\"description\":\"Mantenimiento Inform\u00e1tico , Software de Gesti\u00f3n, Soluciones de impresi\u00f3n\",\"publisher\":{\"@id\":\"https:\\\/\\\/www.apen.es\\\/#organization\"},\"potentialAction\":[{\"@type\":\"SearchAction\",\"target\":{\"@type\":\"EntryPoint\",\"urlTemplate\":\"https:\\\/\\\/www.apen.es\\\/?s={search_term_string}\"},\"query-input\":{\"@type\":\"PropertyValueSpecification\",\"valueRequired\":true,\"valueName\":\"search_term_string\"}}],\"inLanguage\":\"ca\"},{\"@type\":\"Organization\",\"@id\":\"https:\\\/\\\/www.apen.es\\\/#organization\",\"name\":\"Apen: Soluciones inform\u00e1ticas\",\"url\":\"https:\\\/\\\/www.apen.es\\\/\",\"logo\":{\"@type\":\"ImageObject\",\"inLanguage\":\"ca\",\"@id\":\"https:\\\/\\\/www.apen.es\\\/#\\\/schema\\\/logo\\\/image\\\/\",\"url\":\"https:\\\/\\\/www.apen.es\\\/wp-content\\\/uploads\\\/2022\\\/08\\\/logo-apenok-231x82-1.png\",\"contentUrl\":\"https:\\\/\\\/www.apen.es\\\/wp-content\\\/uploads\\\/2022\\\/08\\\/logo-apenok-231x82-1.png\",\"width\":231,\"height\":82,\"caption\":\"Apen: Soluciones inform\u00e1ticas\"},\"image\":{\"@id\":\"https:\\\/\\\/www.apen.es\\\/#\\\/schema\\\/logo\\\/image\\\/\"},\"sameAs\":[\"https:\\\/\\\/www.facebook.com\\\/apensolucions\",\"https:\\\/\\\/www.youtube.com\\\/user\\\/ApenCentreInformatic\",\"https:\\\/\\\/www.linkedin.com\\\/company\\\/1021771?trk=tyah&trkInfo=clickedVerticalcompanyclickedEntityId1021771idx2-1-2tarId1464195271196tasapenin\"]}]}<\/script>\n<!-- \/ Yoast SEO plugin. -->","yoast_head_json":{"title":"Manteniment inform\u00e0tic Sant Antoni de Vilamajor - Apen Inform\u00e0tica","description":"Servei de manteniment inform\u00e0tic per a empreses a Sant Antoni de Vilamajor. Manteniment dordinadors i servidors. L\u00edders a Barcelona.","robots":{"index":"index","follow":"follow","max-snippet":"max-snippet:-1","max-image-preview":"max-image-preview:large","max-video-preview":"max-video-preview:-1"},"canonical":"https:\/\/www.apen.es\/ca\/manteniment-informatic\/manteniment-informatic-sant-antoni-de-vilamajor\/","og_locale":"ca_ES","og_type":"article","og_title":"Mantenimiento inform\u00e1tico Sant Antoni de Vilamajor - Apen Inform\u00e1tica","og_description":"Servicio de mantenimiento inform\u00e1tico para empresas en Sant Antoni de Vilamajor. Mantenimiento de ordenadores y servidores. L\u00edderes en Barcelona.","og_url":"https:\/\/www.apen.es\/ca\/manteniment-informatic\/manteniment-informatic-sant-antoni-de-vilamajor\/","og_site_name":"Apen Inform\u00e1tica","article_publisher":"https:\/\/www.facebook.com\/apensolucions","article_modified_time":"2025-03-31T07:05:00+00:00","og_image":[{"width":231,"height":82,"url":"https:\/\/www.apen.es\/wp-content\/uploads\/2016\/05\/logo-apen-231x82-trasparent.png","type":"image\/png"}],"twitter_card":"summary_large_image","twitter_misc":{"Temps estimat de lectura":"10 minuts"},"schema":{"@context":"https:\/\/schema.org","@graph":[{"@type":"WebPage","@id":"https:\/\/www.apen.es\/mantenimiento-informatico\/mantenimiento-informatico-sant-antoni-de-vilamajor\/","url":"https:\/\/www.apen.es\/mantenimiento-informatico\/mantenimiento-informatico-sant-antoni-de-vilamajor\/","name":"Manteniment inform\u00e0tic Sant Antoni de Vilamajor - Apen Inform\u00e0tica","isPartOf":{"@id":"https:\/\/www.apen.es\/#website"},"datePublished":"2019-05-24T12:34:43+00:00","dateModified":"2025-03-31T07:05:00+00:00","description":"Servei de manteniment inform\u00e0tic per a empreses a Sant Antoni de Vilamajor. Manteniment dordinadors i servidors. L\u00edders a Barcelona.","breadcrumb":{"@id":"https:\/\/www.apen.es\/mantenimiento-informatico\/mantenimiento-informatico-sant-antoni-de-vilamajor\/#breadcrumb"},"inLanguage":"ca","potentialAction":[{"@type":"ReadAction","target":["https:\/\/www.apen.es\/mantenimiento-informatico\/mantenimiento-informatico-sant-antoni-de-vilamajor\/"]}]},{"@type":"BreadcrumbList","@id":"https:\/\/www.apen.es\/mantenimiento-informatico\/mantenimiento-informatico-sant-antoni-de-vilamajor\/#breadcrumb","itemListElement":[{"@type":"ListItem","position":1,"name":"Portada","item":"https:\/\/www.apen.es\/"},{"@type":"ListItem","position":2,"name":"Mantenimiento inform\u00e1tico","item":"https:\/\/www.apen.es\/mantenimiento-informatico\/"},{"@type":"ListItem","position":3,"name":"Mantenimiento inform\u00e1tico Sant Antoni de Vilamajor"}]},{"@type":"WebSite","@id":"https:\/\/www.apen.es\/#website","url":"https:\/\/www.apen.es\/","name":"Apen Inform\u00e0tica","description":"Manteniment inform\u00e0tic , programari de gesti\u00f3, solucions d&#039;impressi\u00f3","publisher":{"@id":"https:\/\/www.apen.es\/#organization"},"potentialAction":[{"@type":"SearchAction","target":{"@type":"EntryPoint","urlTemplate":"https:\/\/www.apen.es\/?s={search_term_string}"},"query-input":{"@type":"PropertyValueSpecification","valueRequired":true,"valueName":"search_term_string"}}],"inLanguage":"ca"},{"@type":"Organization","@id":"https:\/\/www.apen.es\/#organization","name":"Apen: Solucions inform\u00e0tiques","url":"https:\/\/www.apen.es\/","logo":{"@type":"ImageObject","inLanguage":"ca","@id":"https:\/\/www.apen.es\/#\/schema\/logo\/image\/","url":"https:\/\/www.apen.es\/wp-content\/uploads\/2022\/08\/logo-apenok-231x82-1.png","contentUrl":"https:\/\/www.apen.es\/wp-content\/uploads\/2022\/08\/logo-apenok-231x82-1.png","width":231,"height":82,"caption":"Apen: Soluciones inform\u00e1ticas"},"image":{"@id":"https:\/\/www.apen.es\/#\/schema\/logo\/image\/"},"sameAs":["https:\/\/www.facebook.com\/apensolucions","https:\/\/www.youtube.com\/user\/ApenCentreInformatic","https:\/\/www.linkedin.com\/company\/1021771?trk=tyah&trkInfo=clickedVerticalcompanyclickedEntityId1021771idx2-1-2tarId1464195271196tasapenin"]}]}},"taxonomy_info":[],"featured_image_src_large":false,"author_info":{"display_name":"marqueting","author_link":"https:\/\/www.apen.es\/ca\/blog\/author\/marqueting\/"},"comment_info":0,"_links":{"self":[{"href":"https:\/\/www.apen.es\/ca\/wp-json\/wp\/v2\/pages\/14021","targetHints":{"allow":["GET"]}}],"collection":[{"href":"https:\/\/www.apen.es\/ca\/wp-json\/wp\/v2\/pages"}],"about":[{"href":"https:\/\/www.apen.es\/ca\/wp-json\/wp\/v2\/types\/page"}],"author":[{"embeddable":true,"href":"https:\/\/www.apen.es\/ca\/wp-json\/wp\/v2\/users\/4"}],"replies":[{"embeddable":true,"href":"https:\/\/www.apen.es\/ca\/wp-json\/wp\/v2\/comments?post=14021"}],"version-history":[{"count":2,"href":"https:\/\/www.apen.es\/ca\/wp-json\/wp\/v2\/pages\/14021\/revisions"}],"predecessor-version":[{"id":54583,"href":"https:\/\/www.apen.es\/ca\/wp-json\/wp\/v2\/pages\/14021\/revisions\/54583"}],"up":[{"embeddable":true,"href":"https:\/\/www.apen.es\/ca\/wp-json\/wp\/v2\/pages\/1357"}],"wp:attachment":[{"href":"https:\/\/www.apen.es\/ca\/wp-json\/wp\/v2\/media?parent=14021"}],"curies":[{"name":"wp","href":"https:\/\/api.w.org\/{rel}","templated":true}]}}