{"id":14019,"date":"2019-05-24T12:32:51","date_gmt":"2019-05-24T12:32:51","guid":{"rendered":"https:\/\/www.apen.es\/?page_id=14019"},"modified":"2025-03-31T07:04:48","modified_gmt":"2025-03-31T07:04:48","slug":"manteniment-informatic-llinars-de-les-valls","status":"publish","type":"page","link":"https:\/\/www.apen.es\/ca\/mantenimiento-informatico\/mantenimiento-informatico-llinars-del-valles\/","title":{"rendered":"Manteniment inform\u00e0tic Llinars del Vall\u00e8s"},"content":{"rendered":"<p>Tot just som una empresa de&nbsp;<strong>manteniment inform\u00e0tic a Llinars del Vall\u00e8s<\/strong>, en la qual oferim diferents serveis a totes aquelles empreses ja siguin m\u00e9s grans o m\u00e9s petites, que compten amb diferents equips inform\u00e0tics, que avui en dia s\u00f3n pr\u00e0cticament tots els negocis, ja que aquestes noves tecnologies ens permeten tenir tot sota control i d&#039;una forma m\u00e9s segura i efica\u00e7, per\u00f2 com tot, aix\u00f2 tamb\u00e9 t\u00e9 la seva part dolenta, ja que aquest tipus de productes inform\u00e0tics amb el pas del temps, en algun moment \u00e9s possible tota la informaci\u00f3 que tenim emmagatzemada.<\/p>\n\n\n\n<p>Per\u00f2 no us heu de preocupar, ja que per aquesta ra\u00f3, un dels serveis estrella que oferim a la nostra empresa \u00e9s el&nbsp;<strong>manteniment inform\u00e0tic a Llinars del Vall\u00e8s<\/strong>, que ens permet protegir una gran quantitat de coses relacionades amb els equips inform\u00e0tics del vostre negoci, com ara les dades dels clients, la informaci\u00f3 de cadascun dels treballadors, les compres i les vendes realitzades i molt m\u00e9s. Per tant, gr\u00e0cies a aquest servei podrem obtenir una gran quantitat de beneficis, principalment estalviareu molt de temps ja que nosaltres ens encarreguem de tot, per la qual cosa tamb\u00e9 estalviareu diners, augmentant aix\u00ed els beneficis al final de mes.<\/p>\n\n\n\n<p>Per tant des de la nostra empresa de&nbsp;<strong>manteniment inform\u00e0tic a Llinars del Vall\u00e8s<\/strong>, us recomanem a tots els negocis, independentment del sector al qual es dediquin, que deixin aquest servei i aquestes funcions en mans d&#039;una empresa externa, ja que el m\u00e9s probable \u00e9s que en la majoria de negocis els mateixos treballadors no tenen els coneixements ni el temps necessari per encarregar-se del bon funcionament de tot el sistema inform\u00e0tic ni el pressupost suficient per tenir un empleat que \u00fanicament es dediqui a aix\u00f2, deixar-ho en mans de qualsevol, per la qual cosa no dubteu a comptar amb grans professionals, com els de la nostra empresa Apen.<\/p>\n\n\n\n<p>Finalment, volem destacar que a la web de la nostra empresa de&nbsp;<strong>manteniment inform\u00e0tic a Llinars del Vall\u00e8s<\/strong>, disposem d&#039;un bloc on trobareu una gran varietat de relacionades amb aquest sector, els quals podreu llegir sempre que vulgueu per tal d&#039;aprendre i adquirir m\u00e9s coneixements que seran de gran ajuda per a la vostra empresa. A m\u00e9s a la nostra web, tamb\u00e9 trobareu la forma de posar-vos en contacte amb nosaltres sempre que ho necessiteu, com per exemple per informar-vos dels tres plans de&nbsp;<strong>manteniment inform\u00e0tic a Llinars del Vall\u00e8s<\/strong>&nbsp;que oferim, que s\u00f3n el manteniment base, el manteniment Outsourcing i el manteniment Premium SPC, aix\u00ed que no us ho penseu m\u00e9s i contacteu amb nosaltres.<\/p>","protected":false},"excerpt":{"rendered":"<p>Apen somos una empresa de&nbsp;mantenimiento inform\u00e1tico en Llinars del Vall\u00e8s, en la cual ofrecemos diferentes servicios a todas aquellas empresas ya sean m\u00e1s grandes o m\u00e1s peque\u00f1as, que cuentan con diferentes equipos inform\u00e1ticos, que hoy en d\u00eda son pr\u00e1cticamente todos los negocios, ya que estas nuevas tecnolog\u00edas nos permiten tener todo bajo control y de&#8230;<\/p>","protected":false},"author":4,"featured_media":0,"parent":1357,"menu_order":0,"comment_status":"closed","ping_status":"closed","template":"page-servicio-informatico.php","meta":{"_acf_changed":false,"_kad_blocks_custom_css":"","_kad_blocks_head_custom_js":"","_kad_blocks_body_custom_js":"","_kad_blocks_footer_custom_js":"","_kad_post_transparent":"","_kad_post_title":"","_kad_post_layout":"","_kad_post_sidebar_id":"","_kad_post_content_style":"","_kad_post_vertical_padding":"","_kad_post_feature":"","_kad_post_feature_position":"","_kad_post_header":false,"_kad_post_footer":false,"_kad_post_classname":"","footnotes":""},"class_list":["post-14019","page","type-page","status-publish","hentry"],"acf":[],"yoast_head":"<!-- This site is optimized with the Yoast SEO plugin v27.4 - https:\/\/yoast.com\/product\/yoast-seo-wordpress\/ -->\n<title>Mantenimiento inform\u00e1tico Llinars del Vall\u00e8s - Apen Inform\u00e1tica<\/title>\n<meta name=\"description\" content=\"Servicio de mantenimiento inform\u00e1tico para empresas en Llinars del Vall\u00e8s. Mantenimiento de ordenadores y servidores. L\u00edderes en Barcelona.\" \/>\n<meta name=\"robots\" content=\"index, follow, max-snippet:-1, max-image-preview:large, max-video-preview:-1\" \/>\n<link rel=\"canonical\" href=\"https:\/\/www.apen.es\/ca\/manteniment-informatic\/manteniment-informatic-llinars-de-les-valls\/\" \/>\n<meta property=\"og:locale\" content=\"ca_ES\" \/>\n<meta property=\"og:type\" content=\"article\" \/>\n<meta property=\"og:title\" content=\"Mantenimiento inform\u00e1tico Llinars del Vall\u00e8s - Apen Inform\u00e1tica\" \/>\n<meta property=\"og:description\" content=\"Servicio de mantenimiento inform\u00e1tico para empresas en Llinars del Vall\u00e8s. Mantenimiento de ordenadores y servidores. L\u00edderes en Barcelona.\" \/>\n<meta property=\"og:url\" content=\"https:\/\/www.apen.es\/ca\/manteniment-informatic\/manteniment-informatic-llinars-de-les-valls\/\" \/>\n<meta property=\"og:site_name\" content=\"Apen Inform\u00e1tica\" \/>\n<meta property=\"article:publisher\" content=\"https:\/\/www.facebook.com\/apensolucions\" \/>\n<meta property=\"article:modified_time\" content=\"2025-03-31T07:04:48+00:00\" \/>\n<meta property=\"og:image\" content=\"https:\/\/www.apen.es\/wp-content\/uploads\/2016\/05\/logo-apen-231x82-trasparent.png\" \/>\n\t<meta property=\"og:image:width\" content=\"231\" \/>\n\t<meta property=\"og:image:height\" content=\"82\" \/>\n\t<meta property=\"og:image:type\" content=\"image\/png\" \/>\n<meta name=\"twitter:card\" content=\"summary_large_image\" \/>\n<meta name=\"twitter:label1\" content=\"Temps estimat de lectura\" \/>\n\t<meta name=\"twitter:data1\" content=\"10 minuts\" \/>\n<script type=\"application\/ld+json\" class=\"yoast-schema-graph\">{\"@context\":\"https:\\\/\\\/schema.org\",\"@graph\":[{\"@type\":\"WebPage\",\"@id\":\"https:\\\/\\\/www.apen.es\\\/mantenimiento-informatico\\\/mantenimiento-informatico-llinars-del-valles\\\/\",\"url\":\"https:\\\/\\\/www.apen.es\\\/mantenimiento-informatico\\\/mantenimiento-informatico-llinars-del-valles\\\/\",\"name\":\"Mantenimiento inform\u00e1tico Llinars del Vall\u00e8s - Apen Inform\u00e1tica\",\"isPartOf\":{\"@id\":\"https:\\\/\\\/www.apen.es\\\/#website\"},\"datePublished\":\"2019-05-24T12:32:51+00:00\",\"dateModified\":\"2025-03-31T07:04:48+00:00\",\"description\":\"Servicio de mantenimiento inform\u00e1tico para empresas en Llinars del Vall\u00e8s. Mantenimiento de ordenadores y servidores. L\u00edderes en Barcelona.\",\"breadcrumb\":{\"@id\":\"https:\\\/\\\/www.apen.es\\\/mantenimiento-informatico\\\/mantenimiento-informatico-llinars-del-valles\\\/#breadcrumb\"},\"inLanguage\":\"ca\",\"potentialAction\":[{\"@type\":\"ReadAction\",\"target\":[\"https:\\\/\\\/www.apen.es\\\/mantenimiento-informatico\\\/mantenimiento-informatico-llinars-del-valles\\\/\"]}]},{\"@type\":\"BreadcrumbList\",\"@id\":\"https:\\\/\\\/www.apen.es\\\/mantenimiento-informatico\\\/mantenimiento-informatico-llinars-del-valles\\\/#breadcrumb\",\"itemListElement\":[{\"@type\":\"ListItem\",\"position\":1,\"name\":\"Portada\",\"item\":\"https:\\\/\\\/www.apen.es\\\/\"},{\"@type\":\"ListItem\",\"position\":2,\"name\":\"Mantenimiento inform\u00e1tico\",\"item\":\"https:\\\/\\\/www.apen.es\\\/mantenimiento-informatico\\\/\"},{\"@type\":\"ListItem\",\"position\":3,\"name\":\"Mantenimiento inform\u00e1tico Llinars del Vall\u00e8s\"}]},{\"@type\":\"WebSite\",\"@id\":\"https:\\\/\\\/www.apen.es\\\/#website\",\"url\":\"https:\\\/\\\/www.apen.es\\\/\",\"name\":\"Apen Inform\u00e1tica\",\"description\":\"Mantenimiento Inform\u00e1tico , Software de Gesti\u00f3n, Soluciones de impresi\u00f3n\",\"publisher\":{\"@id\":\"https:\\\/\\\/www.apen.es\\\/#organization\"},\"potentialAction\":[{\"@type\":\"SearchAction\",\"target\":{\"@type\":\"EntryPoint\",\"urlTemplate\":\"https:\\\/\\\/www.apen.es\\\/?s={search_term_string}\"},\"query-input\":{\"@type\":\"PropertyValueSpecification\",\"valueRequired\":true,\"valueName\":\"search_term_string\"}}],\"inLanguage\":\"ca\"},{\"@type\":\"Organization\",\"@id\":\"https:\\\/\\\/www.apen.es\\\/#organization\",\"name\":\"Apen: Soluciones inform\u00e1ticas\",\"url\":\"https:\\\/\\\/www.apen.es\\\/\",\"logo\":{\"@type\":\"ImageObject\",\"inLanguage\":\"ca\",\"@id\":\"https:\\\/\\\/www.apen.es\\\/#\\\/schema\\\/logo\\\/image\\\/\",\"url\":\"https:\\\/\\\/www.apen.es\\\/wp-content\\\/uploads\\\/2022\\\/08\\\/logo-apenok-231x82-1.png\",\"contentUrl\":\"https:\\\/\\\/www.apen.es\\\/wp-content\\\/uploads\\\/2022\\\/08\\\/logo-apenok-231x82-1.png\",\"width\":231,\"height\":82,\"caption\":\"Apen: Soluciones inform\u00e1ticas\"},\"image\":{\"@id\":\"https:\\\/\\\/www.apen.es\\\/#\\\/schema\\\/logo\\\/image\\\/\"},\"sameAs\":[\"https:\\\/\\\/www.facebook.com\\\/apensolucions\",\"https:\\\/\\\/www.youtube.com\\\/user\\\/ApenCentreInformatic\",\"https:\\\/\\\/www.linkedin.com\\\/company\\\/1021771?trk=tyah&trkInfo=clickedVerticalcompanyclickedEntityId1021771idx2-1-2tarId1464195271196tasapenin\"]}]}<\/script>\n<!-- \/ Yoast SEO plugin. -->","yoast_head_json":{"title":"Manteniment inform\u00e0tic Llinars del Vall\u00e8s - Apen Inform\u00e0tica","description":"Servei de manteniment inform\u00e0tic per a empreses a Llinars del Vall\u00e8s. Manteniment dordinadors i servidors. L\u00edders a Barcelona.","robots":{"index":"index","follow":"follow","max-snippet":"max-snippet:-1","max-image-preview":"max-image-preview:large","max-video-preview":"max-video-preview:-1"},"canonical":"https:\/\/www.apen.es\/ca\/manteniment-informatic\/manteniment-informatic-llinars-de-les-valls\/","og_locale":"ca_ES","og_type":"article","og_title":"Mantenimiento inform\u00e1tico Llinars del Vall\u00e8s - Apen Inform\u00e1tica","og_description":"Servicio de mantenimiento inform\u00e1tico para empresas en Llinars del Vall\u00e8s. Mantenimiento de ordenadores y servidores. L\u00edderes en Barcelona.","og_url":"https:\/\/www.apen.es\/ca\/manteniment-informatic\/manteniment-informatic-llinars-de-les-valls\/","og_site_name":"Apen Inform\u00e1tica","article_publisher":"https:\/\/www.facebook.com\/apensolucions","article_modified_time":"2025-03-31T07:04:48+00:00","og_image":[{"width":231,"height":82,"url":"https:\/\/www.apen.es\/wp-content\/uploads\/2016\/05\/logo-apen-231x82-trasparent.png","type":"image\/png"}],"twitter_card":"summary_large_image","twitter_misc":{"Temps estimat de lectura":"10 minuts"},"schema":{"@context":"https:\/\/schema.org","@graph":[{"@type":"WebPage","@id":"https:\/\/www.apen.es\/mantenimiento-informatico\/mantenimiento-informatico-llinars-del-valles\/","url":"https:\/\/www.apen.es\/mantenimiento-informatico\/mantenimiento-informatico-llinars-del-valles\/","name":"Manteniment inform\u00e0tic Llinars del Vall\u00e8s - Apen Inform\u00e0tica","isPartOf":{"@id":"https:\/\/www.apen.es\/#website"},"datePublished":"2019-05-24T12:32:51+00:00","dateModified":"2025-03-31T07:04:48+00:00","description":"Servei de manteniment inform\u00e0tic per a empreses a Llinars del Vall\u00e8s. Manteniment dordinadors i servidors. L\u00edders a Barcelona.","breadcrumb":{"@id":"https:\/\/www.apen.es\/mantenimiento-informatico\/mantenimiento-informatico-llinars-del-valles\/#breadcrumb"},"inLanguage":"ca","potentialAction":[{"@type":"ReadAction","target":["https:\/\/www.apen.es\/mantenimiento-informatico\/mantenimiento-informatico-llinars-del-valles\/"]}]},{"@type":"BreadcrumbList","@id":"https:\/\/www.apen.es\/mantenimiento-informatico\/mantenimiento-informatico-llinars-del-valles\/#breadcrumb","itemListElement":[{"@type":"ListItem","position":1,"name":"Portada","item":"https:\/\/www.apen.es\/"},{"@type":"ListItem","position":2,"name":"Mantenimiento inform\u00e1tico","item":"https:\/\/www.apen.es\/mantenimiento-informatico\/"},{"@type":"ListItem","position":3,"name":"Mantenimiento inform\u00e1tico Llinars del Vall\u00e8s"}]},{"@type":"WebSite","@id":"https:\/\/www.apen.es\/#website","url":"https:\/\/www.apen.es\/","name":"Apen Inform\u00e0tica","description":"Manteniment inform\u00e0tic , programari de gesti\u00f3, solucions d&#039;impressi\u00f3","publisher":{"@id":"https:\/\/www.apen.es\/#organization"},"potentialAction":[{"@type":"SearchAction","target":{"@type":"EntryPoint","urlTemplate":"https:\/\/www.apen.es\/?s={search_term_string}"},"query-input":{"@type":"PropertyValueSpecification","valueRequired":true,"valueName":"search_term_string"}}],"inLanguage":"ca"},{"@type":"Organization","@id":"https:\/\/www.apen.es\/#organization","name":"Apen: Solucions inform\u00e0tiques","url":"https:\/\/www.apen.es\/","logo":{"@type":"ImageObject","inLanguage":"ca","@id":"https:\/\/www.apen.es\/#\/schema\/logo\/image\/","url":"https:\/\/www.apen.es\/wp-content\/uploads\/2022\/08\/logo-apenok-231x82-1.png","contentUrl":"https:\/\/www.apen.es\/wp-content\/uploads\/2022\/08\/logo-apenok-231x82-1.png","width":231,"height":82,"caption":"Apen: Soluciones inform\u00e1ticas"},"image":{"@id":"https:\/\/www.apen.es\/#\/schema\/logo\/image\/"},"sameAs":["https:\/\/www.facebook.com\/apensolucions","https:\/\/www.youtube.com\/user\/ApenCentreInformatic","https:\/\/www.linkedin.com\/company\/1021771?trk=tyah&trkInfo=clickedVerticalcompanyclickedEntityId1021771idx2-1-2tarId1464195271196tasapenin"]}]}},"taxonomy_info":[],"featured_image_src_large":false,"author_info":{"display_name":"marqueting","author_link":"https:\/\/www.apen.es\/ca\/blog\/author\/marqueting\/"},"comment_info":0,"_links":{"self":[{"href":"https:\/\/www.apen.es\/ca\/wp-json\/wp\/v2\/pages\/14019","targetHints":{"allow":["GET"]}}],"collection":[{"href":"https:\/\/www.apen.es\/ca\/wp-json\/wp\/v2\/pages"}],"about":[{"href":"https:\/\/www.apen.es\/ca\/wp-json\/wp\/v2\/types\/page"}],"author":[{"embeddable":true,"href":"https:\/\/www.apen.es\/ca\/wp-json\/wp\/v2\/users\/4"}],"replies":[{"embeddable":true,"href":"https:\/\/www.apen.es\/ca\/wp-json\/wp\/v2\/comments?post=14019"}],"version-history":[{"count":2,"href":"https:\/\/www.apen.es\/ca\/wp-json\/wp\/v2\/pages\/14019\/revisions"}],"predecessor-version":[{"id":54582,"href":"https:\/\/www.apen.es\/ca\/wp-json\/wp\/v2\/pages\/14019\/revisions\/54582"}],"up":[{"embeddable":true,"href":"https:\/\/www.apen.es\/ca\/wp-json\/wp\/v2\/pages\/1357"}],"wp:attachment":[{"href":"https:\/\/www.apen.es\/ca\/wp-json\/wp\/v2\/media?parent=14019"}],"curies":[{"name":"wp","href":"https:\/\/api.w.org\/{rel}","templated":true}]}}