{"id":14017,"date":"2019-05-24T12:31:05","date_gmt":"2019-05-24T12:31:05","guid":{"rendered":"https:\/\/www.apen.es\/?page_id=14017"},"modified":"2025-03-31T07:04:34","modified_gmt":"2025-03-31T07:04:34","slug":"manteniment-informatic-llica-de-vall","status":"publish","type":"page","link":"https:\/\/www.apen.es\/ca\/mantenimiento-informatico\/mantenimiento-informatico-llica-de-vall\/","title":{"rendered":"Manteniment inform\u00e0tic Lli\u00e7\u00e0 de Vall"},"content":{"rendered":"<p>Totes les PIME d&#039;avui dia haurien de comptar amb el servei professional i especialitzat d&#039;una empresa de&nbsp;<strong>manteniment inform\u00e0tic a Lli\u00e7\u00e0 de Vall<\/strong>, com per exemple la nostra empresa Apen, ja que aix\u00ed podreu assegurar-vos que tots els vostres equips funcionen correctament, que no hi ha perill que entre un virus a l&#039;ordinador i altres riscos que s\u00f3n molt comuns a les empreses i que poden causar grans problemes.<\/p>\n\n\n\n<p>Tot just som una empresa de&nbsp;<strong>manteniment inform\u00e0tic a Lli\u00e7\u00e0 de Vall<\/strong>, molt compromesa amb tot el que fem, per aquesta ra\u00f3, sempre intentem resoldre els problemes t\u00e8cnics de la forma m\u00e9s r\u00e0pida i professional possible, per aix\u00f2 comptem amb les prestacions i les funcionalitats adequades, les quals adaptem a les necessitats de la vostra empresa. D&#039;aquesta manera, gr\u00e0cies al nostre servei estrella aconseguirem que augmenti la productivitat i els beneficis de la vostra empresa, sense haver de preocupar-vos per res relacionat amb la inform\u00e0tica.<\/p>\n\n\n\n<p>Encara que el&nbsp;<strong>manteniment inform\u00e0tic a Lli\u00e7\u00e0 de Vall<\/strong>, \u00e9s un dels serveis m\u00e9s populars de la nostra empresa, tamb\u00e9 oferim altres coses com per exemple equips d&#039;\u00faltima generaci\u00f3 disposats a oferir-te prestacions i funcionalitats totalment adaptades a les necessitats reals de la vostra empresa, sempre de forma personalitzada, per aix\u00f2 primer de tot ens agrada con\u00e8ixer als nostres clients en persona per poder descobrir quines s\u00f3n les vostres necessitats i quines coses podem fer per vosaltres per millorar la gesti\u00f3 empresarial, la salut, la salut empresarial, la salut estalviar en els costos anuals.<\/p>\n\n\n\n<p>Per aquesta ra\u00f3 oferim tres serveis de&nbsp;<strong>manteniment inform\u00e0tic a Lli\u00e7\u00e0 de Vall<\/strong>, per tal de trobar el m\u00e9s adequat per a vosaltres. Aquests s\u00f3n el manteniment inform\u00e0tic Base, l&#039;Outsourcing i el Premium SPS (Suport \u2013 Prevenci\u00f3 \u2013 Correctiu).<\/p>\n\n\n\n<p>Una altra de les coses que ens agradaria destacar de la nostra empresa de&nbsp;<strong>manteniment inform\u00e0tic a Lli\u00e7\u00e0 de Vall<\/strong>, \u00e9s que tenim la gran sort de comptar amb un equip format per grans professionals del sector, els quals tenen totes les capacitats que requereix treballar en una empresa com la nostra on ens hem d&#039;adaptar a una gran quantitat de clients i de situacions totalment diferents entre elles.<\/p>\n\n\n\n<p>Per finalitzar, us recordem que si voleu saber m\u00e9s sobre la nostra empresa d&#039;inform\u00e0tica i de tecnologia, del nostre servei de&nbsp;<strong>manteniment inform\u00e0tic a Lli\u00e7\u00e0 de Vall<\/strong>, o sobre qualsevol dels serveis que oferim a la nostra empresa, no dubteu a posar-vos en contacte amb nosaltres per qualsevol via, ja sigui per tel\u00e8fon, per mail, venint a les nostres oficines o des de la nostra web, ja que sigui com sigui, estarem encantats d&#039;ajudar-vos i de poder-vos atendre en tot el que estigui a les nostres mans.<\/p>","protected":false},"excerpt":{"rendered":"<p>Todas las PYMEs de hoy en d\u00eda deber\u00edan contar con el servicio profesional y&nbsp; especializado de una empresa de&nbsp;mantenimiento inform\u00e1tico en Lli\u00e7\u00e0 de Vall, como por ejemplo nuestra empresa Apen, ya que de esta forma podr\u00e9is aseguraros de que todos vuestros equipos funcionan correctamente, que no hay peligro a que entre un virus en el&#8230;<\/p>","protected":false},"author":4,"featured_media":0,"parent":1357,"menu_order":0,"comment_status":"closed","ping_status":"closed","template":"page-servicio-informatico.php","meta":{"_acf_changed":false,"_kad_blocks_custom_css":"","_kad_blocks_head_custom_js":"","_kad_blocks_body_custom_js":"","_kad_blocks_footer_custom_js":"","_kad_post_transparent":"","_kad_post_title":"","_kad_post_layout":"","_kad_post_sidebar_id":"","_kad_post_content_style":"","_kad_post_vertical_padding":"","_kad_post_feature":"","_kad_post_feature_position":"","_kad_post_header":false,"_kad_post_footer":false,"_kad_post_classname":"","footnotes":""},"class_list":["post-14017","page","type-page","status-publish","hentry"],"acf":[],"yoast_head":"<!-- This site is optimized with the Yoast SEO plugin v27.4 - https:\/\/yoast.com\/product\/yoast-seo-wordpress\/ -->\n<title>Mantenimiento inform\u00e1tico Lli\u00e7\u00e0 de Vall - Apen Inform\u00e1tica<\/title>\n<meta name=\"description\" content=\"Servicio de mantenimiento inform\u00e1tico para empresas en Lli\u00e7a de Vall. Mantenimiento de ordenadores y servidores. Ll\u00e1manos al 938 606 220 sin compromiso.\" \/>\n<meta name=\"robots\" content=\"index, follow, max-snippet:-1, max-image-preview:large, max-video-preview:-1\" \/>\n<link rel=\"canonical\" href=\"https:\/\/www.apen.es\/ca\/manteniment-informatic\/manteniment-informatic-llica-de-vall\/\" \/>\n<meta property=\"og:locale\" content=\"ca_ES\" \/>\n<meta property=\"og:type\" content=\"article\" \/>\n<meta property=\"og:title\" content=\"Mantenimiento inform\u00e1tico Lli\u00e7\u00e0 de Vall - Apen Inform\u00e1tica\" \/>\n<meta property=\"og:description\" content=\"Servicio de mantenimiento inform\u00e1tico para empresas en Lli\u00e7a de Vall. Mantenimiento de ordenadores y servidores. Ll\u00e1manos al 938 606 220 sin compromiso.\" \/>\n<meta property=\"og:url\" content=\"https:\/\/www.apen.es\/ca\/manteniment-informatic\/manteniment-informatic-llica-de-vall\/\" \/>\n<meta property=\"og:site_name\" content=\"Apen Inform\u00e1tica\" \/>\n<meta property=\"article:publisher\" content=\"https:\/\/www.facebook.com\/apensolucions\" \/>\n<meta property=\"article:modified_time\" content=\"2025-03-31T07:04:34+00:00\" \/>\n<meta property=\"og:image\" content=\"https:\/\/www.apen.es\/wp-content\/uploads\/2016\/05\/logo-apen-231x82-trasparent.png\" \/>\n\t<meta property=\"og:image:width\" content=\"231\" \/>\n\t<meta property=\"og:image:height\" content=\"82\" \/>\n\t<meta property=\"og:image:type\" content=\"image\/png\" \/>\n<meta name=\"twitter:card\" content=\"summary_large_image\" \/>\n<meta name=\"twitter:label1\" content=\"Temps estimat de lectura\" \/>\n\t<meta name=\"twitter:data1\" content=\"10 minuts\" \/>\n<script type=\"application\/ld+json\" class=\"yoast-schema-graph\">{\"@context\":\"https:\\\/\\\/schema.org\",\"@graph\":[{\"@type\":\"WebPage\",\"@id\":\"https:\\\/\\\/www.apen.es\\\/mantenimiento-informatico\\\/mantenimiento-informatico-llica-de-vall\\\/\",\"url\":\"https:\\\/\\\/www.apen.es\\\/mantenimiento-informatico\\\/mantenimiento-informatico-llica-de-vall\\\/\",\"name\":\"Mantenimiento inform\u00e1tico Lli\u00e7\u00e0 de Vall - Apen Inform\u00e1tica\",\"isPartOf\":{\"@id\":\"https:\\\/\\\/www.apen.es\\\/#website\"},\"datePublished\":\"2019-05-24T12:31:05+00:00\",\"dateModified\":\"2025-03-31T07:04:34+00:00\",\"description\":\"Servicio de mantenimiento inform\u00e1tico para empresas en Lli\u00e7a de Vall. Mantenimiento de ordenadores y servidores. Ll\u00e1manos al 938 606 220 sin compromiso.\",\"breadcrumb\":{\"@id\":\"https:\\\/\\\/www.apen.es\\\/mantenimiento-informatico\\\/mantenimiento-informatico-llica-de-vall\\\/#breadcrumb\"},\"inLanguage\":\"ca\",\"potentialAction\":[{\"@type\":\"ReadAction\",\"target\":[\"https:\\\/\\\/www.apen.es\\\/mantenimiento-informatico\\\/mantenimiento-informatico-llica-de-vall\\\/\"]}]},{\"@type\":\"BreadcrumbList\",\"@id\":\"https:\\\/\\\/www.apen.es\\\/mantenimiento-informatico\\\/mantenimiento-informatico-llica-de-vall\\\/#breadcrumb\",\"itemListElement\":[{\"@type\":\"ListItem\",\"position\":1,\"name\":\"Portada\",\"item\":\"https:\\\/\\\/www.apen.es\\\/\"},{\"@type\":\"ListItem\",\"position\":2,\"name\":\"Mantenimiento inform\u00e1tico\",\"item\":\"https:\\\/\\\/www.apen.es\\\/mantenimiento-informatico\\\/\"},{\"@type\":\"ListItem\",\"position\":3,\"name\":\"Mantenimiento inform\u00e1tico Lli\u00e7\u00e0 de Vall\"}]},{\"@type\":\"WebSite\",\"@id\":\"https:\\\/\\\/www.apen.es\\\/#website\",\"url\":\"https:\\\/\\\/www.apen.es\\\/\",\"name\":\"Apen Inform\u00e1tica\",\"description\":\"Mantenimiento Inform\u00e1tico , Software de Gesti\u00f3n, Soluciones de impresi\u00f3n\",\"publisher\":{\"@id\":\"https:\\\/\\\/www.apen.es\\\/#organization\"},\"potentialAction\":[{\"@type\":\"SearchAction\",\"target\":{\"@type\":\"EntryPoint\",\"urlTemplate\":\"https:\\\/\\\/www.apen.es\\\/?s={search_term_string}\"},\"query-input\":{\"@type\":\"PropertyValueSpecification\",\"valueRequired\":true,\"valueName\":\"search_term_string\"}}],\"inLanguage\":\"ca\"},{\"@type\":\"Organization\",\"@id\":\"https:\\\/\\\/www.apen.es\\\/#organization\",\"name\":\"Apen: Soluciones inform\u00e1ticas\",\"url\":\"https:\\\/\\\/www.apen.es\\\/\",\"logo\":{\"@type\":\"ImageObject\",\"inLanguage\":\"ca\",\"@id\":\"https:\\\/\\\/www.apen.es\\\/#\\\/schema\\\/logo\\\/image\\\/\",\"url\":\"https:\\\/\\\/www.apen.es\\\/wp-content\\\/uploads\\\/2022\\\/08\\\/logo-apenok-231x82-1.png\",\"contentUrl\":\"https:\\\/\\\/www.apen.es\\\/wp-content\\\/uploads\\\/2022\\\/08\\\/logo-apenok-231x82-1.png\",\"width\":231,\"height\":82,\"caption\":\"Apen: Soluciones inform\u00e1ticas\"},\"image\":{\"@id\":\"https:\\\/\\\/www.apen.es\\\/#\\\/schema\\\/logo\\\/image\\\/\"},\"sameAs\":[\"https:\\\/\\\/www.facebook.com\\\/apensolucions\",\"https:\\\/\\\/www.youtube.com\\\/user\\\/ApenCentreInformatic\",\"https:\\\/\\\/www.linkedin.com\\\/company\\\/1021771?trk=tyah&trkInfo=clickedVerticalcompanyclickedEntityId1021771idx2-1-2tarId1464195271196tasapenin\"]}]}<\/script>\n<!-- \/ Yoast SEO plugin. -->","yoast_head_json":{"title":"Manteniment inform\u00e0tic Lli\u00e7\u00e0 de Vall - Apen Inform\u00e0tica","description":"Servei de manteniment inform\u00e0tic per a empreses a Lli\u00e7a de Vall. Manteniment dordinadors i servidors. Truca&#039;ns al 938 606 220 sense comprom\u00eds.","robots":{"index":"index","follow":"follow","max-snippet":"max-snippet:-1","max-image-preview":"max-image-preview:large","max-video-preview":"max-video-preview:-1"},"canonical":"https:\/\/www.apen.es\/ca\/manteniment-informatic\/manteniment-informatic-llica-de-vall\/","og_locale":"ca_ES","og_type":"article","og_title":"Mantenimiento inform\u00e1tico Lli\u00e7\u00e0 de Vall - Apen Inform\u00e1tica","og_description":"Servicio de mantenimiento inform\u00e1tico para empresas en Lli\u00e7a de Vall. Mantenimiento de ordenadores y servidores. Ll\u00e1manos al 938 606 220 sin compromiso.","og_url":"https:\/\/www.apen.es\/ca\/manteniment-informatic\/manteniment-informatic-llica-de-vall\/","og_site_name":"Apen Inform\u00e1tica","article_publisher":"https:\/\/www.facebook.com\/apensolucions","article_modified_time":"2025-03-31T07:04:34+00:00","og_image":[{"width":231,"height":82,"url":"https:\/\/www.apen.es\/wp-content\/uploads\/2016\/05\/logo-apen-231x82-trasparent.png","type":"image\/png"}],"twitter_card":"summary_large_image","twitter_misc":{"Temps estimat de lectura":"10 minuts"},"schema":{"@context":"https:\/\/schema.org","@graph":[{"@type":"WebPage","@id":"https:\/\/www.apen.es\/mantenimiento-informatico\/mantenimiento-informatico-llica-de-vall\/","url":"https:\/\/www.apen.es\/mantenimiento-informatico\/mantenimiento-informatico-llica-de-vall\/","name":"Manteniment inform\u00e0tic Lli\u00e7\u00e0 de Vall - Apen Inform\u00e0tica","isPartOf":{"@id":"https:\/\/www.apen.es\/#website"},"datePublished":"2019-05-24T12:31:05+00:00","dateModified":"2025-03-31T07:04:34+00:00","description":"Servei de manteniment inform\u00e0tic per a empreses a Lli\u00e7a de Vall. Manteniment dordinadors i servidors. Truca&#039;ns al 938 606 220 sense comprom\u00eds.","breadcrumb":{"@id":"https:\/\/www.apen.es\/mantenimiento-informatico\/mantenimiento-informatico-llica-de-vall\/#breadcrumb"},"inLanguage":"ca","potentialAction":[{"@type":"ReadAction","target":["https:\/\/www.apen.es\/mantenimiento-informatico\/mantenimiento-informatico-llica-de-vall\/"]}]},{"@type":"BreadcrumbList","@id":"https:\/\/www.apen.es\/mantenimiento-informatico\/mantenimiento-informatico-llica-de-vall\/#breadcrumb","itemListElement":[{"@type":"ListItem","position":1,"name":"Portada","item":"https:\/\/www.apen.es\/"},{"@type":"ListItem","position":2,"name":"Mantenimiento inform\u00e1tico","item":"https:\/\/www.apen.es\/mantenimiento-informatico\/"},{"@type":"ListItem","position":3,"name":"Mantenimiento inform\u00e1tico Lli\u00e7\u00e0 de Vall"}]},{"@type":"WebSite","@id":"https:\/\/www.apen.es\/#website","url":"https:\/\/www.apen.es\/","name":"Apen Inform\u00e0tica","description":"Manteniment inform\u00e0tic , programari de gesti\u00f3, solucions d&#039;impressi\u00f3","publisher":{"@id":"https:\/\/www.apen.es\/#organization"},"potentialAction":[{"@type":"SearchAction","target":{"@type":"EntryPoint","urlTemplate":"https:\/\/www.apen.es\/?s={search_term_string}"},"query-input":{"@type":"PropertyValueSpecification","valueRequired":true,"valueName":"search_term_string"}}],"inLanguage":"ca"},{"@type":"Organization","@id":"https:\/\/www.apen.es\/#organization","name":"Apen: Solucions inform\u00e0tiques","url":"https:\/\/www.apen.es\/","logo":{"@type":"ImageObject","inLanguage":"ca","@id":"https:\/\/www.apen.es\/#\/schema\/logo\/image\/","url":"https:\/\/www.apen.es\/wp-content\/uploads\/2022\/08\/logo-apenok-231x82-1.png","contentUrl":"https:\/\/www.apen.es\/wp-content\/uploads\/2022\/08\/logo-apenok-231x82-1.png","width":231,"height":82,"caption":"Apen: Soluciones inform\u00e1ticas"},"image":{"@id":"https:\/\/www.apen.es\/#\/schema\/logo\/image\/"},"sameAs":["https:\/\/www.facebook.com\/apensolucions","https:\/\/www.youtube.com\/user\/ApenCentreInformatic","https:\/\/www.linkedin.com\/company\/1021771?trk=tyah&trkInfo=clickedVerticalcompanyclickedEntityId1021771idx2-1-2tarId1464195271196tasapenin"]}]}},"taxonomy_info":[],"featured_image_src_large":false,"author_info":{"display_name":"marqueting","author_link":"https:\/\/www.apen.es\/ca\/blog\/author\/marqueting\/"},"comment_info":0,"_links":{"self":[{"href":"https:\/\/www.apen.es\/ca\/wp-json\/wp\/v2\/pages\/14017","targetHints":{"allow":["GET"]}}],"collection":[{"href":"https:\/\/www.apen.es\/ca\/wp-json\/wp\/v2\/pages"}],"about":[{"href":"https:\/\/www.apen.es\/ca\/wp-json\/wp\/v2\/types\/page"}],"author":[{"embeddable":true,"href":"https:\/\/www.apen.es\/ca\/wp-json\/wp\/v2\/users\/4"}],"replies":[{"embeddable":true,"href":"https:\/\/www.apen.es\/ca\/wp-json\/wp\/v2\/comments?post=14017"}],"version-history":[{"count":2,"href":"https:\/\/www.apen.es\/ca\/wp-json\/wp\/v2\/pages\/14017\/revisions"}],"predecessor-version":[{"id":54581,"href":"https:\/\/www.apen.es\/ca\/wp-json\/wp\/v2\/pages\/14017\/revisions\/54581"}],"up":[{"embeddable":true,"href":"https:\/\/www.apen.es\/ca\/wp-json\/wp\/v2\/pages\/1357"}],"wp:attachment":[{"href":"https:\/\/www.apen.es\/ca\/wp-json\/wp\/v2\/media?parent=14017"}],"curies":[{"name":"wp","href":"https:\/\/api.w.org\/{rel}","templated":true}]}}