{"id":14015,"date":"2019-05-24T12:28:28","date_gmt":"2019-05-24T12:28:28","guid":{"rendered":"https:\/\/www.apen.es\/?page_id=14015"},"modified":"2025-03-31T06:20:30","modified_gmt":"2025-03-31T06:20:30","slug":"manteniment-informatic-lica-damunt","status":"publish","type":"page","link":"https:\/\/www.apen.es\/ca\/mantenimiento-informatico\/mantenimiento-informatico-llica-damunt\/","title":{"rendered":"Manteniment inform\u00e0tic Lli\u00e7\u00e0 d&#039;Amunt"},"content":{"rendered":"<p>Entre la gran quantitat de serveis que oferim a la nostra empresa de solucions inform\u00e0tiques i de tecnologia, trobem el servei de&nbsp;<strong>manteniment inform\u00e0tic a Lli\u00e7\u00e0 d&#039;Amunt<\/strong>, que sens dubte us ho recomanem a totes les empreses, independentment del sector al qual es dediquin i de la seva mida, ja que avui dia totes les empreses compten amb equips inform\u00e0tic, i gr\u00e0cies a aquest servei podreu gaudir d&#039;una gran quantitat de beneficis, com per exemple comptar amb un sistema intel\u00b7ligent i professional, que estigui adaptat a les necessitats de la vostra empresa i que sigui segur, fiable i estable t\u00e8cnics ni per anomalies.<\/p>\n\n\n\n<p>Tot aix\u00f2 \u00e9s gr\u00e0cies al fet que a la nostra empresa de&nbsp;<strong>manteniment inform\u00e0tic a Lli\u00e7\u00e0 d&#039;Amunt<\/strong>, comptem amb un gran equip que est\u00e0 format per aut\u00e8ntics professionals del sector, els quals han passat per diferents fases i han estat elegits per tal de fer un equip on estiguin els millors professionals del sector, els quals tenen tota la formaci\u00f3, els coneixements i les capacitats que s\u00f3n necess\u00e0ries per poder complir amb els objectius que ens representen com a empresa, com per exemple, oferir sempre el millor resultat de qualitat i personalitzat, que \u00e9s sempre el millor resultat de qualitat i personalitzat.<\/p>\n\n\n\n<p>Oferir un servei personalitzat creiem que \u00e9s una de les coses m\u00e9s importants que ha d&#039;oferir una empresa i m\u00e9s en aquest sector, on cada situaci\u00f3 \u00e9s un m\u00f3n totalment diferent i per aix\u00f2 necessita unes solucions concretes i \u00faniques. D&#039;aquesta manera, hem establert tres plans diferents de&nbsp;<strong>manteniment inform\u00e0tic a Lli\u00e7\u00e0 d&#039;Amunt<\/strong>, que es poden modificar per\u00f2 que ens serveixen com a base. En primer lloc hi ha el manteniment Base, en segon lloc el manteniment Outsourcing i per \u00faltim, el manteniment Premium.<\/p>\n\n\n\n<p>A la nostra empresa de&nbsp;<strong>manteniment inform\u00e0tic a Lli\u00e7\u00e0 d&#039;Amunt<\/strong>, comptem amb m\u00e9s de vint-i-cinc anys d&#039;experi\u00e8ncia en aquest sector, en els quals de mica en mica ens hem anat posicionant com una empresa l\u00edder, ja que hem anat creixent juntament amb el sector, un sector que est\u00e0 en ple canvi constant i en el qual \u00e9s imprescindible estar sempre al dia per poder oferir el millor servei als nostres clients.<\/p>\n\n\n\n<p>A m\u00e9s, com hem dit anteriorment, tot aix\u00f2 ha estat gr\u00e0cies al fet que totes les bases de la nostra filosofia es basen a assolir el nostre objectiu principal, que \u00e9s aconseguir la satisfacci\u00f3 de tots i cadascun dels clients que acudeixen a nosaltres a la recerca d&#039;ajuda i que quedin satisfets amb el resultat final. Aix\u00ed que si voleu ser els propers, no dubteu a posar-vos en contacte amb nosaltres i preguntar pel servei de&nbsp;<strong>manteniment inform\u00e0tic a Lli\u00e7\u00e0 d&#039;Amunt<\/strong>, ja que estarem encantats de poder-vos ajudar.<\/p>","protected":false},"excerpt":{"rendered":"<p>Entre la gran cantidad de servicios que ofrecemos en nuestra empresa de soluciones inform\u00e1ticas y de tecnolog\u00eda, encontramos el servicio de&nbsp;mantenimiento inform\u00e1tico en Lli\u00e7\u00e0 d\u2019Amunt, que sin ninguna duda se lo recomendamos a todas las empresas, independientemente del sector al que se dediquen y de su tama\u00f1o, ya que hoy en d\u00eda todas las empresas&#8230;<\/p>","protected":false},"author":4,"featured_media":0,"parent":1357,"menu_order":0,"comment_status":"closed","ping_status":"closed","template":"page-servicio-informatico.php","meta":{"_acf_changed":false,"_kad_blocks_custom_css":"","_kad_blocks_head_custom_js":"","_kad_blocks_body_custom_js":"","_kad_blocks_footer_custom_js":"","_kad_post_transparent":"","_kad_post_title":"","_kad_post_layout":"","_kad_post_sidebar_id":"","_kad_post_content_style":"","_kad_post_vertical_padding":"","_kad_post_feature":"","_kad_post_feature_position":"","_kad_post_header":false,"_kad_post_footer":false,"_kad_post_classname":"","footnotes":""},"class_list":["post-14015","page","type-page","status-publish","hentry"],"acf":[],"yoast_head":"<!-- This site is optimized with the Yoast SEO plugin v27.4 - https:\/\/yoast.com\/product\/yoast-seo-wordpress\/ -->\n<title>Mantenimiento inform\u00e1tico Lli\u00e7\u00e0 d\u2019Amunt - Apen Inform\u00e1tica<\/title>\n<meta name=\"description\" content=\"Servicio de mantenimiento inform\u00e1tico para empresas en Lli\u00e7a d&#039;Amunt. Mantenimiento de ordenadores y servidores. Ll\u00e1manos al 938 606 220 sin compromiso.\" \/>\n<meta name=\"robots\" content=\"index, follow, max-snippet:-1, max-image-preview:large, max-video-preview:-1\" \/>\n<link rel=\"canonical\" href=\"https:\/\/www.apen.es\/ca\/manteniment-informatic\/manteniment-informatic-lica-damunt\/\" \/>\n<meta property=\"og:locale\" content=\"ca_ES\" \/>\n<meta property=\"og:type\" content=\"article\" \/>\n<meta property=\"og:title\" content=\"Mantenimiento inform\u00e1tico Lli\u00e7\u00e0 d\u2019Amunt - Apen Inform\u00e1tica\" \/>\n<meta property=\"og:description\" content=\"Servicio de mantenimiento inform\u00e1tico para empresas en Lli\u00e7a d&#039;Amunt. Mantenimiento de ordenadores y servidores. Ll\u00e1manos al 938 606 220 sin compromiso.\" \/>\n<meta property=\"og:url\" content=\"https:\/\/www.apen.es\/ca\/manteniment-informatic\/manteniment-informatic-lica-damunt\/\" \/>\n<meta property=\"og:site_name\" content=\"Apen Inform\u00e1tica\" \/>\n<meta property=\"article:publisher\" content=\"https:\/\/www.facebook.com\/apensolucions\" \/>\n<meta property=\"article:modified_time\" content=\"2025-03-31T06:20:30+00:00\" \/>\n<meta property=\"og:image\" content=\"https:\/\/www.apen.es\/wp-content\/uploads\/2016\/05\/logo-apen-231x82-trasparent.png\" \/>\n\t<meta property=\"og:image:width\" content=\"231\" \/>\n\t<meta property=\"og:image:height\" content=\"82\" \/>\n\t<meta property=\"og:image:type\" content=\"image\/png\" \/>\n<meta name=\"twitter:card\" content=\"summary_large_image\" \/>\n<meta name=\"twitter:label1\" content=\"Temps estimat de lectura\" \/>\n\t<meta name=\"twitter:data1\" content=\"10 minuts\" \/>\n<script type=\"application\/ld+json\" class=\"yoast-schema-graph\">{\"@context\":\"https:\\\/\\\/schema.org\",\"@graph\":[{\"@type\":\"WebPage\",\"@id\":\"https:\\\/\\\/www.apen.es\\\/mantenimiento-informatico\\\/mantenimiento-informatico-llica-damunt\\\/\",\"url\":\"https:\\\/\\\/www.apen.es\\\/mantenimiento-informatico\\\/mantenimiento-informatico-llica-damunt\\\/\",\"name\":\"Mantenimiento inform\u00e1tico Lli\u00e7\u00e0 d\u2019Amunt - Apen Inform\u00e1tica\",\"isPartOf\":{\"@id\":\"https:\\\/\\\/www.apen.es\\\/#website\"},\"datePublished\":\"2019-05-24T12:28:28+00:00\",\"dateModified\":\"2025-03-31T06:20:30+00:00\",\"description\":\"Servicio de mantenimiento inform\u00e1tico para empresas en Lli\u00e7a d'Amunt. Mantenimiento de ordenadores y servidores. Ll\u00e1manos al 938 606 220 sin compromiso.\",\"breadcrumb\":{\"@id\":\"https:\\\/\\\/www.apen.es\\\/mantenimiento-informatico\\\/mantenimiento-informatico-llica-damunt\\\/#breadcrumb\"},\"inLanguage\":\"ca\",\"potentialAction\":[{\"@type\":\"ReadAction\",\"target\":[\"https:\\\/\\\/www.apen.es\\\/mantenimiento-informatico\\\/mantenimiento-informatico-llica-damunt\\\/\"]}]},{\"@type\":\"BreadcrumbList\",\"@id\":\"https:\\\/\\\/www.apen.es\\\/mantenimiento-informatico\\\/mantenimiento-informatico-llica-damunt\\\/#breadcrumb\",\"itemListElement\":[{\"@type\":\"ListItem\",\"position\":1,\"name\":\"Portada\",\"item\":\"https:\\\/\\\/www.apen.es\\\/\"},{\"@type\":\"ListItem\",\"position\":2,\"name\":\"Mantenimiento inform\u00e1tico\",\"item\":\"https:\\\/\\\/www.apen.es\\\/mantenimiento-informatico\\\/\"},{\"@type\":\"ListItem\",\"position\":3,\"name\":\"Mantenimiento inform\u00e1tico Lli\u00e7\u00e0 d\u2019Amunt\"}]},{\"@type\":\"WebSite\",\"@id\":\"https:\\\/\\\/www.apen.es\\\/#website\",\"url\":\"https:\\\/\\\/www.apen.es\\\/\",\"name\":\"Apen Inform\u00e1tica\",\"description\":\"Mantenimiento Inform\u00e1tico , Software de Gesti\u00f3n, Soluciones de impresi\u00f3n\",\"publisher\":{\"@id\":\"https:\\\/\\\/www.apen.es\\\/#organization\"},\"potentialAction\":[{\"@type\":\"SearchAction\",\"target\":{\"@type\":\"EntryPoint\",\"urlTemplate\":\"https:\\\/\\\/www.apen.es\\\/?s={search_term_string}\"},\"query-input\":{\"@type\":\"PropertyValueSpecification\",\"valueRequired\":true,\"valueName\":\"search_term_string\"}}],\"inLanguage\":\"ca\"},{\"@type\":\"Organization\",\"@id\":\"https:\\\/\\\/www.apen.es\\\/#organization\",\"name\":\"Apen: Soluciones inform\u00e1ticas\",\"url\":\"https:\\\/\\\/www.apen.es\\\/\",\"logo\":{\"@type\":\"ImageObject\",\"inLanguage\":\"ca\",\"@id\":\"https:\\\/\\\/www.apen.es\\\/#\\\/schema\\\/logo\\\/image\\\/\",\"url\":\"https:\\\/\\\/www.apen.es\\\/wp-content\\\/uploads\\\/2022\\\/08\\\/logo-apenok-231x82-1.png\",\"contentUrl\":\"https:\\\/\\\/www.apen.es\\\/wp-content\\\/uploads\\\/2022\\\/08\\\/logo-apenok-231x82-1.png\",\"width\":231,\"height\":82,\"caption\":\"Apen: Soluciones inform\u00e1ticas\"},\"image\":{\"@id\":\"https:\\\/\\\/www.apen.es\\\/#\\\/schema\\\/logo\\\/image\\\/\"},\"sameAs\":[\"https:\\\/\\\/www.facebook.com\\\/apensolucions\",\"https:\\\/\\\/www.youtube.com\\\/user\\\/ApenCentreInformatic\",\"https:\\\/\\\/www.linkedin.com\\\/company\\\/1021771?trk=tyah&trkInfo=clickedVerticalcompanyclickedEntityId1021771idx2-1-2tarId1464195271196tasapenin\"]}]}<\/script>\n<!-- \/ Yoast SEO plugin. -->","yoast_head_json":{"title":"Manteniment inform\u00e0tic Lli\u00e7\u00e0 d&#039;Amunt - Apen Inform\u00e0tica","description":"Servei de manteniment inform\u00e0tic per a empreses a Lli\u00e7a d&#039;Amunt. Manteniment dordinadors i servidors. Truca&#039;ns al 938 606 220 sense comprom\u00eds.","robots":{"index":"index","follow":"follow","max-snippet":"max-snippet:-1","max-image-preview":"max-image-preview:large","max-video-preview":"max-video-preview:-1"},"canonical":"https:\/\/www.apen.es\/ca\/manteniment-informatic\/manteniment-informatic-lica-damunt\/","og_locale":"ca_ES","og_type":"article","og_title":"Mantenimiento inform\u00e1tico Lli\u00e7\u00e0 d\u2019Amunt - Apen Inform\u00e1tica","og_description":"Servicio de mantenimiento inform\u00e1tico para empresas en Lli\u00e7a d'Amunt. Mantenimiento de ordenadores y servidores. Ll\u00e1manos al 938 606 220 sin compromiso.","og_url":"https:\/\/www.apen.es\/ca\/manteniment-informatic\/manteniment-informatic-lica-damunt\/","og_site_name":"Apen Inform\u00e1tica","article_publisher":"https:\/\/www.facebook.com\/apensolucions","article_modified_time":"2025-03-31T06:20:30+00:00","og_image":[{"width":231,"height":82,"url":"https:\/\/www.apen.es\/wp-content\/uploads\/2016\/05\/logo-apen-231x82-trasparent.png","type":"image\/png"}],"twitter_card":"summary_large_image","twitter_misc":{"Temps estimat de lectura":"10 minuts"},"schema":{"@context":"https:\/\/schema.org","@graph":[{"@type":"WebPage","@id":"https:\/\/www.apen.es\/mantenimiento-informatico\/mantenimiento-informatico-llica-damunt\/","url":"https:\/\/www.apen.es\/mantenimiento-informatico\/mantenimiento-informatico-llica-damunt\/","name":"Manteniment inform\u00e0tic Lli\u00e7\u00e0 d&#039;Amunt - Apen Inform\u00e0tica","isPartOf":{"@id":"https:\/\/www.apen.es\/#website"},"datePublished":"2019-05-24T12:28:28+00:00","dateModified":"2025-03-31T06:20:30+00:00","description":"Servei de manteniment inform\u00e0tic per a empreses a Lli\u00e7a d&#039;Amunt. Manteniment dordinadors i servidors. Truca&#039;ns al 938 606 220 sense comprom\u00eds.","breadcrumb":{"@id":"https:\/\/www.apen.es\/mantenimiento-informatico\/mantenimiento-informatico-llica-damunt\/#breadcrumb"},"inLanguage":"ca","potentialAction":[{"@type":"ReadAction","target":["https:\/\/www.apen.es\/mantenimiento-informatico\/mantenimiento-informatico-llica-damunt\/"]}]},{"@type":"BreadcrumbList","@id":"https:\/\/www.apen.es\/mantenimiento-informatico\/mantenimiento-informatico-llica-damunt\/#breadcrumb","itemListElement":[{"@type":"ListItem","position":1,"name":"Portada","item":"https:\/\/www.apen.es\/"},{"@type":"ListItem","position":2,"name":"Mantenimiento inform\u00e1tico","item":"https:\/\/www.apen.es\/mantenimiento-informatico\/"},{"@type":"ListItem","position":3,"name":"Mantenimiento inform\u00e1tico Lli\u00e7\u00e0 d\u2019Amunt"}]},{"@type":"WebSite","@id":"https:\/\/www.apen.es\/#website","url":"https:\/\/www.apen.es\/","name":"Apen Inform\u00e0tica","description":"Manteniment inform\u00e0tic , programari de gesti\u00f3, solucions d&#039;impressi\u00f3","publisher":{"@id":"https:\/\/www.apen.es\/#organization"},"potentialAction":[{"@type":"SearchAction","target":{"@type":"EntryPoint","urlTemplate":"https:\/\/www.apen.es\/?s={search_term_string}"},"query-input":{"@type":"PropertyValueSpecification","valueRequired":true,"valueName":"search_term_string"}}],"inLanguage":"ca"},{"@type":"Organization","@id":"https:\/\/www.apen.es\/#organization","name":"Apen: Solucions inform\u00e0tiques","url":"https:\/\/www.apen.es\/","logo":{"@type":"ImageObject","inLanguage":"ca","@id":"https:\/\/www.apen.es\/#\/schema\/logo\/image\/","url":"https:\/\/www.apen.es\/wp-content\/uploads\/2022\/08\/logo-apenok-231x82-1.png","contentUrl":"https:\/\/www.apen.es\/wp-content\/uploads\/2022\/08\/logo-apenok-231x82-1.png","width":231,"height":82,"caption":"Apen: Soluciones inform\u00e1ticas"},"image":{"@id":"https:\/\/www.apen.es\/#\/schema\/logo\/image\/"},"sameAs":["https:\/\/www.facebook.com\/apensolucions","https:\/\/www.youtube.com\/user\/ApenCentreInformatic","https:\/\/www.linkedin.com\/company\/1021771?trk=tyah&trkInfo=clickedVerticalcompanyclickedEntityId1021771idx2-1-2tarId1464195271196tasapenin"]}]}},"taxonomy_info":[],"featured_image_src_large":false,"author_info":{"display_name":"marqueting","author_link":"https:\/\/www.apen.es\/ca\/blog\/author\/marqueting\/"},"comment_info":0,"_links":{"self":[{"href":"https:\/\/www.apen.es\/ca\/wp-json\/wp\/v2\/pages\/14015","targetHints":{"allow":["GET"]}}],"collection":[{"href":"https:\/\/www.apen.es\/ca\/wp-json\/wp\/v2\/pages"}],"about":[{"href":"https:\/\/www.apen.es\/ca\/wp-json\/wp\/v2\/types\/page"}],"author":[{"embeddable":true,"href":"https:\/\/www.apen.es\/ca\/wp-json\/wp\/v2\/users\/4"}],"replies":[{"embeddable":true,"href":"https:\/\/www.apen.es\/ca\/wp-json\/wp\/v2\/comments?post=14015"}],"version-history":[{"count":2,"href":"https:\/\/www.apen.es\/ca\/wp-json\/wp\/v2\/pages\/14015\/revisions"}],"predecessor-version":[{"id":54491,"href":"https:\/\/www.apen.es\/ca\/wp-json\/wp\/v2\/pages\/14015\/revisions\/54491"}],"up":[{"embeddable":true,"href":"https:\/\/www.apen.es\/ca\/wp-json\/wp\/v2\/pages\/1357"}],"wp:attachment":[{"href":"https:\/\/www.apen.es\/ca\/wp-json\/wp\/v2\/media?parent=14015"}],"curies":[{"name":"wp","href":"https:\/\/api.w.org\/{rel}","templated":true}]}}