{"id":13947,"date":"2019-05-21T13:17:02","date_gmt":"2019-05-21T13:17:02","guid":{"rendered":"https:\/\/www.apen.es\/?page_id=13947"},"modified":"2025-03-31T06:19:35","modified_gmt":"2025-03-31T06:19:35","slug":"manteniment-informatic-figaro-montmany","status":"publish","type":"page","link":"https:\/\/www.apen.es\/ca\/mantenimiento-informatico\/mantenimiento-informatico-figaro-montmany\/","title":{"rendered":"Manteniment inform\u00e0tic Figar\u00f3-Montmany"},"content":{"rendered":"<p>A Apen portem m\u00e9s de vint-i-cinc anys d&#039;experi\u00e8ncia treballant dia rere dia per aconseguir solucions fetes a mida per a les empreses tant grans com petites, gr\u00e0cies a la nostra llarga experi\u00e8ncia, avui dia, podem garantir un servei molt professional, personalitzat, comprom\u00e8s amb cadascun dels nostres clients, efica\u00e7, durador i proper. Entre tots els serveis que oferim, n&#039;hi ha un que destaca entre els altres, i aquest \u00e9s el&nbsp;<strong>manteniment inform\u00e0tic a Figar\u00f3-Montmany<\/strong>, ja que \u00e9s un servei imprescindible per a totes aquelles empreses que tenen equips inform\u00e0tics ja sigui en major mesura o en menys, \u00e9s a dir que \u00e9s imprescindible per a pr\u00e0cticament totes les empreses, ja que actualment hi ha hagut una gran revoluci\u00f3 tecnol\u00f2gica i gaireb\u00e9 totes les empreses independentment del sector a qu\u00e8 es dediquin, tenen equips inform\u00e0tics.<\/p>\n\n\n\n<p>Per tal de poder oferir el millor servei i aconseguir el nostre principal objectiu que \u00e9s la satisfacci\u00f3 de tots els nostres clients que contracten el servei de&nbsp;<strong>manteniment inform\u00e0tic a Figar\u00f3-Montmany<\/strong>, hem de tenir en compte diferents factors, en primer lloc, comptar amb un equip t\u00e8cnic que estigui altament qualificat i que sigui proper i transparent, en segon lloc, creiem que \u00e9s imprescindible que tots els productes que utilitzem provinguin de primeres marques, l\u00edders al mercat nacional i internacional.<\/p>\n\n\n\n<p>A m\u00e9s, per obtenir una satisfacci\u00f3 completa, sempre oferim un servei integral i personalitzat que s&#039;adapti a les vostres necessitats, per aquesta ra\u00f3, podreu triar entre tres tipus de&nbsp;<strong>manteniment inform\u00e0tic a Figar\u00f3-Montmany<\/strong>. Per escollir el correcte, ens haurem de basar en les necessitats que tingueu a la vostra empresa i en el pressupost que tingueu pensat.<\/p>\n\n\n\n<p>En primer lloc, tenim el&nbsp;<strong>manteniment inform\u00e0tic a Figar\u00f3-Montmany<\/strong>&nbsp;Base, que \u00e9s un dels plans m\u00e9s senzills que oferim, en segon lloc, tenim el manteniment Outsourcing, que \u00e9s m\u00e9s complet que l&#039;anterior per\u00f2 no tant com l&#039;\u00faltim, que \u00e9s el m\u00e9s complet de tots i s&#039;anomena manteniment Premium SPC (Suport \u2013 Prevenci\u00f3 \u2013 Correctiu), que est\u00e0 dirigit a empreses m\u00e9s grans o que compten amb una gran quantitat d&#039;equips inform\u00e0tics i tec.<\/p>\n\n\n\n<p>\u00c9s important que no pensem que el&nbsp;<strong>manteniment inform\u00e0tic a Figar\u00f3-Montmany<\/strong>&nbsp;Premium \u00e9s millor que el Base, ja que simplement, cadascun dels plans est\u00e0 pensat per cobrir unes necessitats concretes, a m\u00e9s, tamb\u00e9 cal destacar que s\u00f3n plans preestablerts per\u00f2 que es pot personalitzar per tal de readaptar-los i adequar-los a cadascun dels nostres clients. Si voleu saber m\u00e9s sobre el&nbsp;<strong>manteniment inform\u00e0tic a Figar\u00f3-Montmany<\/strong>&nbsp;o sobre qualsevol dels serveis que oferim a la nostra empresa de serveis inform\u00e0tics i tecnol\u00f2gics, no dubteu en posar-vos en contacte amb nosaltres ja que estarem encantats de poder-vos ajudar en tot el que estigui a les nostres mans.<\/p>","protected":false},"excerpt":{"rendered":"<p>En Apen llevamos m\u00e1s de veinticinco a\u00f1os de experiencia trabajando d\u00eda tras d\u00eda para conseguir soluciones hechas a medida para las empresas tanto grandes como peque\u00f1as, gracias a nuestra larga experiencia, hoy en d\u00eda, podemos garantizar un servicio muy profesional, personalizado, comprometido con cada uno de nuestros clientes, eficaz, duradero y cercano. Entre todos los&#8230;<\/p>","protected":false},"author":4,"featured_media":0,"parent":1357,"menu_order":0,"comment_status":"closed","ping_status":"closed","template":"page-servicio-informatico.php","meta":{"_acf_changed":false,"_kad_blocks_custom_css":"","_kad_blocks_head_custom_js":"","_kad_blocks_body_custom_js":"","_kad_blocks_footer_custom_js":"","_kad_post_transparent":"","_kad_post_title":"","_kad_post_layout":"","_kad_post_sidebar_id":"","_kad_post_content_style":"","_kad_post_vertical_padding":"","_kad_post_feature":"","_kad_post_feature_position":"","_kad_post_header":false,"_kad_post_footer":false,"_kad_post_classname":"","footnotes":""},"class_list":["post-13947","page","type-page","status-publish","hentry"],"acf":[],"yoast_head":"<!-- This site is optimized with the Yoast SEO plugin v27.4 - https:\/\/yoast.com\/product\/yoast-seo-wordpress\/ -->\n<title>Mantenimiento inform\u00e1tico Figar\u00f3-Montmany - Apen Inform\u00e1tica<\/title>\n<meta name=\"description\" content=\"Servicio de mantenimiento inform\u00e1tico para empresas en Montmany. Mantenimiento de ordenadores y servidores. Ll\u00e1manos al 938 606 220 sin compromiso.\" \/>\n<meta name=\"robots\" content=\"index, follow, max-snippet:-1, max-image-preview:large, max-video-preview:-1\" \/>\n<link rel=\"canonical\" href=\"https:\/\/www.apen.es\/ca\/manteniment-informatic\/manteniment-informatic-figaro-montmany\/\" \/>\n<meta property=\"og:locale\" content=\"ca_ES\" \/>\n<meta property=\"og:type\" content=\"article\" \/>\n<meta property=\"og:title\" content=\"Mantenimiento inform\u00e1tico Figar\u00f3-Montmany - Apen Inform\u00e1tica\" \/>\n<meta property=\"og:description\" content=\"Servicio de mantenimiento inform\u00e1tico para empresas en Montmany. Mantenimiento de ordenadores y servidores. Ll\u00e1manos al 938 606 220 sin compromiso.\" \/>\n<meta property=\"og:url\" content=\"https:\/\/www.apen.es\/ca\/manteniment-informatic\/manteniment-informatic-figaro-montmany\/\" \/>\n<meta property=\"og:site_name\" content=\"Apen Inform\u00e1tica\" \/>\n<meta property=\"article:publisher\" content=\"https:\/\/www.facebook.com\/apensolucions\" \/>\n<meta property=\"article:modified_time\" content=\"2025-03-31T06:19:35+00:00\" \/>\n<meta property=\"og:image\" content=\"https:\/\/www.apen.es\/wp-content\/uploads\/2016\/05\/logo-apen-231x82-trasparent.png\" \/>\n\t<meta property=\"og:image:width\" content=\"231\" \/>\n\t<meta property=\"og:image:height\" content=\"82\" \/>\n\t<meta property=\"og:image:type\" content=\"image\/png\" \/>\n<meta name=\"twitter:card\" content=\"summary_large_image\" \/>\n<meta name=\"twitter:label1\" content=\"Temps estimat de lectura\" \/>\n\t<meta name=\"twitter:data1\" content=\"10 minuts\" \/>\n<script type=\"application\/ld+json\" class=\"yoast-schema-graph\">{\"@context\":\"https:\\\/\\\/schema.org\",\"@graph\":[{\"@type\":\"WebPage\",\"@id\":\"https:\\\/\\\/www.apen.es\\\/mantenimiento-informatico\\\/mantenimiento-informatico-figaro-montmany\\\/\",\"url\":\"https:\\\/\\\/www.apen.es\\\/mantenimiento-informatico\\\/mantenimiento-informatico-figaro-montmany\\\/\",\"name\":\"Mantenimiento inform\u00e1tico Figar\u00f3-Montmany - Apen Inform\u00e1tica\",\"isPartOf\":{\"@id\":\"https:\\\/\\\/www.apen.es\\\/#website\"},\"datePublished\":\"2019-05-21T13:17:02+00:00\",\"dateModified\":\"2025-03-31T06:19:35+00:00\",\"description\":\"Servicio de mantenimiento inform\u00e1tico para empresas en Montmany. Mantenimiento de ordenadores y servidores. Ll\u00e1manos al 938 606 220 sin compromiso.\",\"breadcrumb\":{\"@id\":\"https:\\\/\\\/www.apen.es\\\/mantenimiento-informatico\\\/mantenimiento-informatico-figaro-montmany\\\/#breadcrumb\"},\"inLanguage\":\"ca\",\"potentialAction\":[{\"@type\":\"ReadAction\",\"target\":[\"https:\\\/\\\/www.apen.es\\\/mantenimiento-informatico\\\/mantenimiento-informatico-figaro-montmany\\\/\"]}]},{\"@type\":\"BreadcrumbList\",\"@id\":\"https:\\\/\\\/www.apen.es\\\/mantenimiento-informatico\\\/mantenimiento-informatico-figaro-montmany\\\/#breadcrumb\",\"itemListElement\":[{\"@type\":\"ListItem\",\"position\":1,\"name\":\"Portada\",\"item\":\"https:\\\/\\\/www.apen.es\\\/\"},{\"@type\":\"ListItem\",\"position\":2,\"name\":\"Mantenimiento inform\u00e1tico\",\"item\":\"https:\\\/\\\/www.apen.es\\\/mantenimiento-informatico\\\/\"},{\"@type\":\"ListItem\",\"position\":3,\"name\":\"Mantenimiento inform\u00e1tico Figar\u00f3-Montmany\"}]},{\"@type\":\"WebSite\",\"@id\":\"https:\\\/\\\/www.apen.es\\\/#website\",\"url\":\"https:\\\/\\\/www.apen.es\\\/\",\"name\":\"Apen Inform\u00e1tica\",\"description\":\"Mantenimiento Inform\u00e1tico , Software de Gesti\u00f3n, Soluciones de impresi\u00f3n\",\"publisher\":{\"@id\":\"https:\\\/\\\/www.apen.es\\\/#organization\"},\"potentialAction\":[{\"@type\":\"SearchAction\",\"target\":{\"@type\":\"EntryPoint\",\"urlTemplate\":\"https:\\\/\\\/www.apen.es\\\/?s={search_term_string}\"},\"query-input\":{\"@type\":\"PropertyValueSpecification\",\"valueRequired\":true,\"valueName\":\"search_term_string\"}}],\"inLanguage\":\"ca\"},{\"@type\":\"Organization\",\"@id\":\"https:\\\/\\\/www.apen.es\\\/#organization\",\"name\":\"Apen: Soluciones inform\u00e1ticas\",\"url\":\"https:\\\/\\\/www.apen.es\\\/\",\"logo\":{\"@type\":\"ImageObject\",\"inLanguage\":\"ca\",\"@id\":\"https:\\\/\\\/www.apen.es\\\/#\\\/schema\\\/logo\\\/image\\\/\",\"url\":\"https:\\\/\\\/www.apen.es\\\/wp-content\\\/uploads\\\/2022\\\/08\\\/logo-apenok-231x82-1.png\",\"contentUrl\":\"https:\\\/\\\/www.apen.es\\\/wp-content\\\/uploads\\\/2022\\\/08\\\/logo-apenok-231x82-1.png\",\"width\":231,\"height\":82,\"caption\":\"Apen: Soluciones inform\u00e1ticas\"},\"image\":{\"@id\":\"https:\\\/\\\/www.apen.es\\\/#\\\/schema\\\/logo\\\/image\\\/\"},\"sameAs\":[\"https:\\\/\\\/www.facebook.com\\\/apensolucions\",\"https:\\\/\\\/www.youtube.com\\\/user\\\/ApenCentreInformatic\",\"https:\\\/\\\/www.linkedin.com\\\/company\\\/1021771?trk=tyah&trkInfo=clickedVerticalcompanyclickedEntityId1021771idx2-1-2tarId1464195271196tasapenin\"]}]}<\/script>\n<!-- \/ Yoast SEO plugin. -->","yoast_head_json":{"title":"Manteniment inform\u00e0tic Figar\u00f3-Montmany - Apen Inform\u00e0tica","description":"Servei de manteniment inform\u00e0tic per a empreses a Montmany. Manteniment dordinadors i servidors. Truca&#039;ns al 938 606 220 sense comprom\u00eds.","robots":{"index":"index","follow":"follow","max-snippet":"max-snippet:-1","max-image-preview":"max-image-preview:large","max-video-preview":"max-video-preview:-1"},"canonical":"https:\/\/www.apen.es\/ca\/manteniment-informatic\/manteniment-informatic-figaro-montmany\/","og_locale":"ca_ES","og_type":"article","og_title":"Mantenimiento inform\u00e1tico Figar\u00f3-Montmany - Apen Inform\u00e1tica","og_description":"Servicio de mantenimiento inform\u00e1tico para empresas en Montmany. Mantenimiento de ordenadores y servidores. Ll\u00e1manos al 938 606 220 sin compromiso.","og_url":"https:\/\/www.apen.es\/ca\/manteniment-informatic\/manteniment-informatic-figaro-montmany\/","og_site_name":"Apen Inform\u00e1tica","article_publisher":"https:\/\/www.facebook.com\/apensolucions","article_modified_time":"2025-03-31T06:19:35+00:00","og_image":[{"width":231,"height":82,"url":"https:\/\/www.apen.es\/wp-content\/uploads\/2016\/05\/logo-apen-231x82-trasparent.png","type":"image\/png"}],"twitter_card":"summary_large_image","twitter_misc":{"Temps estimat de lectura":"10 minuts"},"schema":{"@context":"https:\/\/schema.org","@graph":[{"@type":"WebPage","@id":"https:\/\/www.apen.es\/mantenimiento-informatico\/mantenimiento-informatico-figaro-montmany\/","url":"https:\/\/www.apen.es\/mantenimiento-informatico\/mantenimiento-informatico-figaro-montmany\/","name":"Manteniment inform\u00e0tic Figar\u00f3-Montmany - Apen Inform\u00e0tica","isPartOf":{"@id":"https:\/\/www.apen.es\/#website"},"datePublished":"2019-05-21T13:17:02+00:00","dateModified":"2025-03-31T06:19:35+00:00","description":"Servei de manteniment inform\u00e0tic per a empreses a Montmany. Manteniment dordinadors i servidors. Truca&#039;ns al 938 606 220 sense comprom\u00eds.","breadcrumb":{"@id":"https:\/\/www.apen.es\/mantenimiento-informatico\/mantenimiento-informatico-figaro-montmany\/#breadcrumb"},"inLanguage":"ca","potentialAction":[{"@type":"ReadAction","target":["https:\/\/www.apen.es\/mantenimiento-informatico\/mantenimiento-informatico-figaro-montmany\/"]}]},{"@type":"BreadcrumbList","@id":"https:\/\/www.apen.es\/mantenimiento-informatico\/mantenimiento-informatico-figaro-montmany\/#breadcrumb","itemListElement":[{"@type":"ListItem","position":1,"name":"Portada","item":"https:\/\/www.apen.es\/"},{"@type":"ListItem","position":2,"name":"Mantenimiento inform\u00e1tico","item":"https:\/\/www.apen.es\/mantenimiento-informatico\/"},{"@type":"ListItem","position":3,"name":"Mantenimiento inform\u00e1tico Figar\u00f3-Montmany"}]},{"@type":"WebSite","@id":"https:\/\/www.apen.es\/#website","url":"https:\/\/www.apen.es\/","name":"Apen Inform\u00e0tica","description":"Manteniment inform\u00e0tic , programari de gesti\u00f3, solucions d&#039;impressi\u00f3","publisher":{"@id":"https:\/\/www.apen.es\/#organization"},"potentialAction":[{"@type":"SearchAction","target":{"@type":"EntryPoint","urlTemplate":"https:\/\/www.apen.es\/?s={search_term_string}"},"query-input":{"@type":"PropertyValueSpecification","valueRequired":true,"valueName":"search_term_string"}}],"inLanguage":"ca"},{"@type":"Organization","@id":"https:\/\/www.apen.es\/#organization","name":"Apen: Solucions inform\u00e0tiques","url":"https:\/\/www.apen.es\/","logo":{"@type":"ImageObject","inLanguage":"ca","@id":"https:\/\/www.apen.es\/#\/schema\/logo\/image\/","url":"https:\/\/www.apen.es\/wp-content\/uploads\/2022\/08\/logo-apenok-231x82-1.png","contentUrl":"https:\/\/www.apen.es\/wp-content\/uploads\/2022\/08\/logo-apenok-231x82-1.png","width":231,"height":82,"caption":"Apen: Soluciones inform\u00e1ticas"},"image":{"@id":"https:\/\/www.apen.es\/#\/schema\/logo\/image\/"},"sameAs":["https:\/\/www.facebook.com\/apensolucions","https:\/\/www.youtube.com\/user\/ApenCentreInformatic","https:\/\/www.linkedin.com\/company\/1021771?trk=tyah&trkInfo=clickedVerticalcompanyclickedEntityId1021771idx2-1-2tarId1464195271196tasapenin"]}]}},"taxonomy_info":[],"featured_image_src_large":false,"author_info":{"display_name":"marqueting","author_link":"https:\/\/www.apen.es\/ca\/blog\/author\/marqueting\/"},"comment_info":0,"_links":{"self":[{"href":"https:\/\/www.apen.es\/ca\/wp-json\/wp\/v2\/pages\/13947","targetHints":{"allow":["GET"]}}],"collection":[{"href":"https:\/\/www.apen.es\/ca\/wp-json\/wp\/v2\/pages"}],"about":[{"href":"https:\/\/www.apen.es\/ca\/wp-json\/wp\/v2\/types\/page"}],"author":[{"embeddable":true,"href":"https:\/\/www.apen.es\/ca\/wp-json\/wp\/v2\/users\/4"}],"replies":[{"embeddable":true,"href":"https:\/\/www.apen.es\/ca\/wp-json\/wp\/v2\/comments?post=13947"}],"version-history":[{"count":2,"href":"https:\/\/www.apen.es\/ca\/wp-json\/wp\/v2\/pages\/13947\/revisions"}],"predecessor-version":[{"id":54487,"href":"https:\/\/www.apen.es\/ca\/wp-json\/wp\/v2\/pages\/13947\/revisions\/54487"}],"up":[{"embeddable":true,"href":"https:\/\/www.apen.es\/ca\/wp-json\/wp\/v2\/pages\/1357"}],"wp:attachment":[{"href":"https:\/\/www.apen.es\/ca\/wp-json\/wp\/v2\/media?parent=13947"}],"curies":[{"name":"wp","href":"https:\/\/api.w.org\/{rel}","templated":true}]}}