{"id":13925,"date":"2019-05-16T11:27:55","date_gmt":"2019-05-16T11:27:55","guid":{"rendered":"https:\/\/www.apen.es\/?page_id=13925"},"modified":"2025-03-31T07:00:20","modified_gmt":"2025-03-31T07:00:20","slug":"manteniment-informatic-aiguafreda","status":"publish","type":"page","link":"https:\/\/www.apen.es\/ca\/mantenimiento-informatico\/mantenimiento-informatico-aiguafreda\/","title":{"rendered":"Manteniment inform\u00e0tic Aiguafreda"},"content":{"rendered":"<p>En els nous temps que corren, cada vegada s\u00f3n m\u00e9s les empreses en les quals la inform\u00e0tica s&#039;ha convertit en una pe\u00e7a clau per a l&#039;\u00e8xit empresarial, ja que cada vegada podem digitalitzar m\u00e9s aspectes d&#039;una empresa, com les dades dels nostres clients, les factures, les compres i molt m\u00e9s, per la qual cosa contractar un servei de&nbsp;<strong>manteniment<\/strong>&nbsp;<strong>inform\u00e0tic a Aiguafreda<\/strong>&nbsp;s&#039;ha convertit en una pe\u00e7a clau per a l&#039;\u00e8xit empresarial, ja que gr\u00e0cies a aquest servei, podrem controlar una gran quantitat d&#039;aspectes, com ara fer c\u00f2pies de seguretat, els servidors, obtenir un r\u00e8nting tecnol\u00f2gic, comptar amb equips professionals i per tant tenir una gran seguretat a les diferents xarxes i comunicacions.<\/p>\n\n\n\n<p>La tranquil\u00b7litat de tenir contractat un bon&nbsp;<strong>manteniment inform\u00e0tic a<\/strong><strong>Aiguafreda<\/strong>&nbsp;\u00e9s essencial per a qualsevol empresa, ja que tindran la seguretat que totes les dades emmagatzemades als seus equips i el funcionament de totes les m\u00e0quines digitalitzades, ja que per contra, no disposar d&#039;un sistema inform\u00e0tic actualitzat i segur pot suposar greus problemes per a una empresa, com ara la infecci\u00f3 o p\u00e8rdua d&#039;arxius o una baixa productivitat dels treballadors.<\/p>\n\n\n\n<p>\u00c9s a dir que el servei de&nbsp;<strong>manteniment inform\u00e0tic a Aiguafreda<\/strong>&nbsp;\u00e9s una inversi\u00f3 molt favorable per a la vostra empresa, ja que obtindreu beneficis directes en la productivitat i l&#039;activitat econ\u00f2mica de la vostra empresa, gr\u00e0cies a l&#039;optimitzaci\u00f3 de la xarxa inform\u00e0tica.<\/p>\n\n\n\n<p>Des de la nostra empresa d&#039;inform\u00e0tica, oferim una gran quantitat de serveis diferents pensats per a les empreses per\u00f2 concretament ens hem especialitzat en&nbsp;<strong>manteniment inform\u00e0tic a Aiguafreda<\/strong>&nbsp;de tot tipus d&#039;empreses, ja que sabem que totes s\u00f3n diferents, per aix\u00f2 sempre ens intentem adaptar a cadascun dels nostres clients, oferint aix\u00ed tres plans diferents.<\/p>\n\n\n\n<p>A Apen no nom\u00e9s volem reparar el dany sin\u00f3 que el nostre principal objectiu amb aquest servei de manteniment&nbsp;<strong>inform\u00e0tic a Aiguafreda<\/strong>&nbsp;\u00e9s prevenir, per aquesta ra\u00f3 als nostres paquets trobareu solucions de prevenci\u00f3, auditories de sistemes inform\u00e0tics, consulta directa amb un t\u00e8cnic inform\u00e0tic designat per a la vostra empresa, prestem d&#039;equips inform\u00e0tics, despla\u00e7aments\u2026<\/p>\n\n\n\n<p>En primer lloc, hi ha el manteniment base que est\u00e0 dirigit a empreses petites que necessiten un manteniment dels elements IT. En segon lloc, podeu obtenir el&nbsp;<strong>manteniment inform\u00e0tic a Aiguafreda<\/strong>&nbsp;Outsourcing, que est\u00e0 m\u00e9s pensat per a aquelles empreses que no tenen departament inform\u00e0tic o grans corporacions que ho volen completar. Finalment, hi ha el m\u00e9s complet, que \u00e9s el manteniment Premium SPC (Suport \u2013 Prevenci\u00f3 \u2013 Correctiu) que est\u00e0 dirigit a empreses que tenen un interlocutor responsable de la inform\u00e0tica i que volen disponibilitat, servei i bon preu.<\/p>\n\n\n\n<p>Si voleu m\u00e9s informaci\u00f3 sobre els nostres serveis, no dubteu a posar-vos en contacte amb nosaltres, ja que estarem encantats de poder-vos ajudar.<\/p>","protected":false},"excerpt":{"rendered":"<p>En los nuevos tiempos que corren, son cada vez m\u00e1s y m\u00e1s las empresas en las cuales la inform\u00e1tica se ha convertido en una pieza clave para el \u00e9xito empresarial, ya que cada vez podemos digitalizar m\u00e1s aspectos de una empresa, como los datos de nuestros clientes, las facturas, las compras y mucho m\u00e1s, por&#8230;<\/p>","protected":false},"author":4,"featured_media":0,"parent":1357,"menu_order":0,"comment_status":"closed","ping_status":"closed","template":"page-servicio-informatico.php","meta":{"_acf_changed":false,"_kad_blocks_custom_css":"","_kad_blocks_head_custom_js":"","_kad_blocks_body_custom_js":"","_kad_blocks_footer_custom_js":"","_kad_post_transparent":"","_kad_post_title":"","_kad_post_layout":"","_kad_post_sidebar_id":"","_kad_post_content_style":"","_kad_post_vertical_padding":"","_kad_post_feature":"","_kad_post_feature_position":"","_kad_post_header":false,"_kad_post_footer":false,"_kad_post_classname":"","footnotes":""},"class_list":["post-13925","page","type-page","status-publish","hentry"],"acf":[],"yoast_head":"<!-- This site is optimized with the Yoast SEO plugin v27.4 - https:\/\/yoast.com\/product\/yoast-seo-wordpress\/ -->\n<title>Mantenimiento inform\u00e1tico Aiguafreda - Apen Inform\u00e1tica<\/title>\n<meta name=\"description\" content=\"Servicio de mantenimiento inform\u00e1tico para empresas en Aiguafreda. Mantenimiento de ordenadores y servidores. Ofrecemos tarifas adaptadas.\" \/>\n<meta name=\"robots\" content=\"index, follow, max-snippet:-1, max-image-preview:large, max-video-preview:-1\" \/>\n<link rel=\"canonical\" href=\"https:\/\/www.apen.es\/ca\/manteniment-informatic\/manteniment-informatic-aiguafreda\/\" \/>\n<meta property=\"og:locale\" content=\"ca_ES\" \/>\n<meta property=\"og:type\" content=\"article\" \/>\n<meta property=\"og:title\" content=\"Mantenimiento inform\u00e1tico Aiguafreda - Apen Inform\u00e1tica\" \/>\n<meta property=\"og:description\" content=\"Servicio de mantenimiento inform\u00e1tico para empresas en Aiguafreda. Mantenimiento de ordenadores y servidores. Ofrecemos tarifas adaptadas.\" \/>\n<meta property=\"og:url\" content=\"https:\/\/www.apen.es\/ca\/manteniment-informatic\/manteniment-informatic-aiguafreda\/\" \/>\n<meta property=\"og:site_name\" content=\"Apen Inform\u00e1tica\" \/>\n<meta property=\"article:publisher\" content=\"https:\/\/www.facebook.com\/apensolucions\" \/>\n<meta property=\"article:modified_time\" content=\"2025-03-31T07:00:20+00:00\" \/>\n<meta property=\"og:image\" content=\"https:\/\/www.apen.es\/wp-content\/uploads\/2016\/05\/logo-apen-231x82-trasparent.png\" \/>\n\t<meta property=\"og:image:width\" content=\"231\" \/>\n\t<meta property=\"og:image:height\" content=\"82\" \/>\n\t<meta property=\"og:image:type\" content=\"image\/png\" \/>\n<meta name=\"twitter:card\" content=\"summary_large_image\" \/>\n<meta name=\"twitter:label1\" content=\"Temps estimat de lectura\" \/>\n\t<meta name=\"twitter:data1\" content=\"10 minuts\" \/>\n<script type=\"application\/ld+json\" class=\"yoast-schema-graph\">{\"@context\":\"https:\\\/\\\/schema.org\",\"@graph\":[{\"@type\":\"WebPage\",\"@id\":\"https:\\\/\\\/www.apen.es\\\/mantenimiento-informatico\\\/mantenimiento-informatico-aiguafreda\\\/\",\"url\":\"https:\\\/\\\/www.apen.es\\\/mantenimiento-informatico\\\/mantenimiento-informatico-aiguafreda\\\/\",\"name\":\"Mantenimiento inform\u00e1tico Aiguafreda - Apen Inform\u00e1tica\",\"isPartOf\":{\"@id\":\"https:\\\/\\\/www.apen.es\\\/#website\"},\"datePublished\":\"2019-05-16T11:27:55+00:00\",\"dateModified\":\"2025-03-31T07:00:20+00:00\",\"description\":\"Servicio de mantenimiento inform\u00e1tico para empresas en Aiguafreda. Mantenimiento de ordenadores y servidores. Ofrecemos tarifas adaptadas.\",\"breadcrumb\":{\"@id\":\"https:\\\/\\\/www.apen.es\\\/mantenimiento-informatico\\\/mantenimiento-informatico-aiguafreda\\\/#breadcrumb\"},\"inLanguage\":\"ca\",\"potentialAction\":[{\"@type\":\"ReadAction\",\"target\":[\"https:\\\/\\\/www.apen.es\\\/mantenimiento-informatico\\\/mantenimiento-informatico-aiguafreda\\\/\"]}]},{\"@type\":\"BreadcrumbList\",\"@id\":\"https:\\\/\\\/www.apen.es\\\/mantenimiento-informatico\\\/mantenimiento-informatico-aiguafreda\\\/#breadcrumb\",\"itemListElement\":[{\"@type\":\"ListItem\",\"position\":1,\"name\":\"Portada\",\"item\":\"https:\\\/\\\/www.apen.es\\\/\"},{\"@type\":\"ListItem\",\"position\":2,\"name\":\"Mantenimiento inform\u00e1tico\",\"item\":\"https:\\\/\\\/www.apen.es\\\/mantenimiento-informatico\\\/\"},{\"@type\":\"ListItem\",\"position\":3,\"name\":\"Mantenimiento inform\u00e1tico Aiguafreda\"}]},{\"@type\":\"WebSite\",\"@id\":\"https:\\\/\\\/www.apen.es\\\/#website\",\"url\":\"https:\\\/\\\/www.apen.es\\\/\",\"name\":\"Apen Inform\u00e1tica\",\"description\":\"Mantenimiento Inform\u00e1tico , Software de Gesti\u00f3n, Soluciones de impresi\u00f3n\",\"publisher\":{\"@id\":\"https:\\\/\\\/www.apen.es\\\/#organization\"},\"potentialAction\":[{\"@type\":\"SearchAction\",\"target\":{\"@type\":\"EntryPoint\",\"urlTemplate\":\"https:\\\/\\\/www.apen.es\\\/?s={search_term_string}\"},\"query-input\":{\"@type\":\"PropertyValueSpecification\",\"valueRequired\":true,\"valueName\":\"search_term_string\"}}],\"inLanguage\":\"ca\"},{\"@type\":\"Organization\",\"@id\":\"https:\\\/\\\/www.apen.es\\\/#organization\",\"name\":\"Apen: Soluciones inform\u00e1ticas\",\"url\":\"https:\\\/\\\/www.apen.es\\\/\",\"logo\":{\"@type\":\"ImageObject\",\"inLanguage\":\"ca\",\"@id\":\"https:\\\/\\\/www.apen.es\\\/#\\\/schema\\\/logo\\\/image\\\/\",\"url\":\"https:\\\/\\\/www.apen.es\\\/wp-content\\\/uploads\\\/2022\\\/08\\\/logo-apenok-231x82-1.png\",\"contentUrl\":\"https:\\\/\\\/www.apen.es\\\/wp-content\\\/uploads\\\/2022\\\/08\\\/logo-apenok-231x82-1.png\",\"width\":231,\"height\":82,\"caption\":\"Apen: Soluciones inform\u00e1ticas\"},\"image\":{\"@id\":\"https:\\\/\\\/www.apen.es\\\/#\\\/schema\\\/logo\\\/image\\\/\"},\"sameAs\":[\"https:\\\/\\\/www.facebook.com\\\/apensolucions\",\"https:\\\/\\\/www.youtube.com\\\/user\\\/ApenCentreInformatic\",\"https:\\\/\\\/www.linkedin.com\\\/company\\\/1021771?trk=tyah&trkInfo=clickedVerticalcompanyclickedEntityId1021771idx2-1-2tarId1464195271196tasapenin\"]}]}<\/script>\n<!-- \/ Yoast SEO plugin. -->","yoast_head_json":{"title":"Manteniment inform\u00e0tic Aiguafreda - Apen Inform\u00e0tica","description":"Servei de manteniment inform\u00e0tic per a empreses a Aiguafreda. Manteniment dordinadors i servidors. Oferim tarifes adaptades.","robots":{"index":"index","follow":"follow","max-snippet":"max-snippet:-1","max-image-preview":"max-image-preview:large","max-video-preview":"max-video-preview:-1"},"canonical":"https:\/\/www.apen.es\/ca\/manteniment-informatic\/manteniment-informatic-aiguafreda\/","og_locale":"ca_ES","og_type":"article","og_title":"Mantenimiento inform\u00e1tico Aiguafreda - Apen Inform\u00e1tica","og_description":"Servicio de mantenimiento inform\u00e1tico para empresas en Aiguafreda. Mantenimiento de ordenadores y servidores. Ofrecemos tarifas adaptadas.","og_url":"https:\/\/www.apen.es\/ca\/manteniment-informatic\/manteniment-informatic-aiguafreda\/","og_site_name":"Apen Inform\u00e1tica","article_publisher":"https:\/\/www.facebook.com\/apensolucions","article_modified_time":"2025-03-31T07:00:20+00:00","og_image":[{"width":231,"height":82,"url":"https:\/\/www.apen.es\/wp-content\/uploads\/2016\/05\/logo-apen-231x82-trasparent.png","type":"image\/png"}],"twitter_card":"summary_large_image","twitter_misc":{"Temps estimat de lectura":"10 minuts"},"schema":{"@context":"https:\/\/schema.org","@graph":[{"@type":"WebPage","@id":"https:\/\/www.apen.es\/mantenimiento-informatico\/mantenimiento-informatico-aiguafreda\/","url":"https:\/\/www.apen.es\/mantenimiento-informatico\/mantenimiento-informatico-aiguafreda\/","name":"Manteniment inform\u00e0tic Aiguafreda - Apen Inform\u00e0tica","isPartOf":{"@id":"https:\/\/www.apen.es\/#website"},"datePublished":"2019-05-16T11:27:55+00:00","dateModified":"2025-03-31T07:00:20+00:00","description":"Servei de manteniment inform\u00e0tic per a empreses a Aiguafreda. Manteniment dordinadors i servidors. Oferim tarifes adaptades.","breadcrumb":{"@id":"https:\/\/www.apen.es\/mantenimiento-informatico\/mantenimiento-informatico-aiguafreda\/#breadcrumb"},"inLanguage":"ca","potentialAction":[{"@type":"ReadAction","target":["https:\/\/www.apen.es\/mantenimiento-informatico\/mantenimiento-informatico-aiguafreda\/"]}]},{"@type":"BreadcrumbList","@id":"https:\/\/www.apen.es\/mantenimiento-informatico\/mantenimiento-informatico-aiguafreda\/#breadcrumb","itemListElement":[{"@type":"ListItem","position":1,"name":"Portada","item":"https:\/\/www.apen.es\/"},{"@type":"ListItem","position":2,"name":"Mantenimiento inform\u00e1tico","item":"https:\/\/www.apen.es\/mantenimiento-informatico\/"},{"@type":"ListItem","position":3,"name":"Mantenimiento inform\u00e1tico Aiguafreda"}]},{"@type":"WebSite","@id":"https:\/\/www.apen.es\/#website","url":"https:\/\/www.apen.es\/","name":"Apen Inform\u00e0tica","description":"Manteniment inform\u00e0tic , programari de gesti\u00f3, solucions d&#039;impressi\u00f3","publisher":{"@id":"https:\/\/www.apen.es\/#organization"},"potentialAction":[{"@type":"SearchAction","target":{"@type":"EntryPoint","urlTemplate":"https:\/\/www.apen.es\/?s={search_term_string}"},"query-input":{"@type":"PropertyValueSpecification","valueRequired":true,"valueName":"search_term_string"}}],"inLanguage":"ca"},{"@type":"Organization","@id":"https:\/\/www.apen.es\/#organization","name":"Apen: Solucions inform\u00e0tiques","url":"https:\/\/www.apen.es\/","logo":{"@type":"ImageObject","inLanguage":"ca","@id":"https:\/\/www.apen.es\/#\/schema\/logo\/image\/","url":"https:\/\/www.apen.es\/wp-content\/uploads\/2022\/08\/logo-apenok-231x82-1.png","contentUrl":"https:\/\/www.apen.es\/wp-content\/uploads\/2022\/08\/logo-apenok-231x82-1.png","width":231,"height":82,"caption":"Apen: Soluciones inform\u00e1ticas"},"image":{"@id":"https:\/\/www.apen.es\/#\/schema\/logo\/image\/"},"sameAs":["https:\/\/www.facebook.com\/apensolucions","https:\/\/www.youtube.com\/user\/ApenCentreInformatic","https:\/\/www.linkedin.com\/company\/1021771?trk=tyah&trkInfo=clickedVerticalcompanyclickedEntityId1021771idx2-1-2tarId1464195271196tasapenin"]}]}},"taxonomy_info":[],"featured_image_src_large":false,"author_info":{"display_name":"marqueting","author_link":"https:\/\/www.apen.es\/ca\/blog\/author\/marqueting\/"},"comment_info":0,"_links":{"self":[{"href":"https:\/\/www.apen.es\/ca\/wp-json\/wp\/v2\/pages\/13925","targetHints":{"allow":["GET"]}}],"collection":[{"href":"https:\/\/www.apen.es\/ca\/wp-json\/wp\/v2\/pages"}],"about":[{"href":"https:\/\/www.apen.es\/ca\/wp-json\/wp\/v2\/types\/page"}],"author":[{"embeddable":true,"href":"https:\/\/www.apen.es\/ca\/wp-json\/wp\/v2\/users\/4"}],"replies":[{"embeddable":true,"href":"https:\/\/www.apen.es\/ca\/wp-json\/wp\/v2\/comments?post=13925"}],"version-history":[{"count":2,"href":"https:\/\/www.apen.es\/ca\/wp-json\/wp\/v2\/pages\/13925\/revisions"}],"predecessor-version":[{"id":54576,"href":"https:\/\/www.apen.es\/ca\/wp-json\/wp\/v2\/pages\/13925\/revisions\/54576"}],"up":[{"embeddable":true,"href":"https:\/\/www.apen.es\/ca\/wp-json\/wp\/v2\/pages\/1357"}],"wp:attachment":[{"href":"https:\/\/www.apen.es\/ca\/wp-json\/wp\/v2\/media?parent=13925"}],"curies":[{"name":"wp","href":"https:\/\/api.w.org\/{rel}","templated":true}]}}