{"id":13843,"date":"2019-04-15T09:24:10","date_gmt":"2019-04-15T09:24:10","guid":{"rendered":"https:\/\/www.apen.es\/?page_id=13843"},"modified":"2025-03-31T06:59:48","modified_gmt":"2025-03-31T06:59:48","slug":"servei-informatic-vic","status":"publish","type":"page","link":"https:\/\/www.apen.es\/ca\/mantenimiento-informatico\/servicio-informatico\/servicio-informatico-vic\/","title":{"rendered":"Servei inform\u00e0tic Vic"},"content":{"rendered":"<p>Durant els m\u00e9s de vint-i-cinc anys de traject\u00f2ria oferint&nbsp;<strong>serveis inform\u00e0tics a Vic<\/strong>&nbsp;que portem recorreguts a la nostra empresa, hem hagut de superar un gran nombre d&#039;obstacles, per\u00f2 que hem aconseguit sobrepassar gr\u00e0cies als nostres valors gots en l&#039;esfor\u00e7, el comprom\u00eds i la vocaci\u00f3 cap a aquesta professi\u00f3, ja que, en les darreres dues d\u00e8cades la nostra societat, com b\u00e9 sabreu, ha anat evolucionant molt al m\u00f3n de les tecnologies.<\/p>\n\n\n\n<p>Aquests grans canvis tecnol\u00f2gics que hem viscut els darrers anys, ha provocat que la nostra empresa tamb\u00e9 hagi d&#039;evolucionar, per tal d&#039;oferir-vos serveis d&#039;acord amb les vostres necessitats, ja que en pr\u00e0cticament totes les empreses la majoria de dades estan digitalitzades, fins i tot hi ha m\u00e0quines que funcionen a trav\u00e9s d&#039;un ordinador, per la qual cosa \u00e9s imprescindible que aquestes empreses comptin amb els nostres&nbsp;<strong>serveis inform\u00e0tics a Vic<\/strong>, per tal d&#039;evitar qualsevol tipus d&#039;improvist.<\/p>\n\n\n\n<p>A la nostra empresa, Apen, oferim diferents tipus de&nbsp;<strong>serveis inform\u00e0tics a Vic<\/strong>, entre els quals, destacar el manteniment inform\u00e0tic, el qual posa a la vostra disposici\u00f3 un servei que es caracteritza per la seva qualitat i efic\u00e0cia, pel fet que s&#039;adapta a les necessitats de cada empresa segons els seus requeriments, ja que, ens agrada oferir un servei personalitzat, partint de la base que tots els nostres clients s\u00f3n diferents de manera que els serveis que necessiten per assolir la m\u00e0xima satisfacci\u00f3 s\u00f3n diferents.<\/p>\n\n\n\n<p>A m\u00e9s, tots els nostres serveis de manteniment inform\u00e0tic, sempre van de la m\u00e0 dels millors t\u00e8cnics professionals que existeixen avui dia al sector, ja que, tenen tots els estudis, els coneixements i les capacitats necess\u00e0ries per prevenir qualsevol tipus de risc i per garantir-nos fiabilitat i oferir-vos la garantia que mereixeu.<\/p>\n\n\n\n<p>D&#039;aquesta manera, gr\u00e0cies als diferents&nbsp;<strong>serveis inform\u00e0tics a Vic<\/strong>&nbsp;de manteniment que oferim des de la nostra empresa, Apen, aconseguireu tenir m\u00e9s tranquil\u00b7litat a la vostra empresa, ia m\u00e9s, aix\u00f2 far\u00e0 que augmenti la vostra productivitat i per tant un augment dels vostres beneficis. \u00c9s a dir, si a la vostra empresa teniu moltes dades digitalitzades o les m\u00e0quines funcionen gr\u00e0cies a un ordinador, i aquest ordinador es fa malb\u00e9, \u00e9s possible que es perdin totes les dades que havien emmagatzemades i les m\u00e0quines deixarien de funcionar, d&#039;aquesta manera, perdr\u00edem molt de temps a reparar el problema i tornar a la normalitat, i tot aix\u00f2, seria temps perdut.<\/p>\n\n\n\n<p>Com podeu observar, sens dubte, la millor empresa que ofereixi&nbsp;<strong>serveis<\/strong>&nbsp;<strong>inform\u00e0tics a Vic<\/strong>, com per exemple un bon manteniment dels diferents aparells inform\u00e0tics de la vostra empresa, som nosaltres, l&#039;empresa Apen, aix\u00ed que si teniu qualsevol tipus de dubte i voleu saber m\u00e9s informaci\u00f3 sobre els diferents serveis que teniu a la vostra disposici\u00f3, no dubteu a posar-vos en contacte amb nosaltres.<\/p>","protected":false},"excerpt":{"rendered":"<p>Durante los m\u00e1s de veinticinco a\u00f1os de trayectoria ofreciendo&nbsp;servicios inform\u00e1ticos en Vic&nbsp;que llevamos recorridos en nuestra empresa, hemos tenido que superar un gran n\u00famero de obst\u00e1culos, pero que hemos conseguido sobrepasar gracias a nuestros valores vasados en el esfuerzo, el compromiso y la vocaci\u00f3n hacia esta profesi\u00f3n, ya que, en las \u00faltimas dos d\u00e9cadas nuestra&#8230;<\/p>","protected":false},"author":4,"featured_media":0,"parent":13823,"menu_order":0,"comment_status":"closed","ping_status":"closed","template":"page-servicio-informatico.php","meta":{"_acf_changed":false,"_kad_blocks_custom_css":"","_kad_blocks_head_custom_js":"","_kad_blocks_body_custom_js":"","_kad_blocks_footer_custom_js":"","_kad_post_transparent":"","_kad_post_title":"","_kad_post_layout":"","_kad_post_sidebar_id":"","_kad_post_content_style":"","_kad_post_vertical_padding":"","_kad_post_feature":"","_kad_post_feature_position":"","_kad_post_header":false,"_kad_post_footer":false,"_kad_post_classname":"","footnotes":""},"class_list":["post-13843","page","type-page","status-publish","hentry"],"acf":[],"yoast_head":"<!-- This site is optimized with the Yoast SEO plugin v27.4 - https:\/\/yoast.com\/product\/yoast-seo-wordpress\/ -->\n<title>Servicio inform\u00e1tico Vic - Apen Inform\u00e1tica<\/title>\n<meta name=\"description\" content=\"\u00bfNecesitas un servicio inform\u00e1tico especializado en la localidad de Vic? Apen cuenta con t\u00e9cnicos inform\u00e1ticos profesionales\" \/>\n<meta name=\"robots\" content=\"index, follow, max-snippet:-1, max-image-preview:large, max-video-preview:-1\" \/>\n<link rel=\"canonical\" href=\"https:\/\/www.apen.es\/ca\/manteniment-informatic\/servei-informatic\/servei-informatic-vic\/\" \/>\n<meta property=\"og:locale\" content=\"ca_ES\" \/>\n<meta property=\"og:type\" content=\"article\" \/>\n<meta property=\"og:title\" content=\"Servicio inform\u00e1tico Vic - Apen Inform\u00e1tica\" \/>\n<meta property=\"og:description\" content=\"\u00bfNecesitas un servicio inform\u00e1tico especializado en la localidad de Vic? Apen cuenta con t\u00e9cnicos inform\u00e1ticos profesionales\" \/>\n<meta property=\"og:url\" content=\"https:\/\/www.apen.es\/ca\/manteniment-informatic\/servei-informatic\/servei-informatic-vic\/\" \/>\n<meta property=\"og:site_name\" content=\"Apen Inform\u00e1tica\" \/>\n<meta property=\"article:publisher\" content=\"https:\/\/www.facebook.com\/apensolucions\" \/>\n<meta property=\"article:modified_time\" content=\"2025-03-31T06:59:48+00:00\" \/>\n<meta property=\"og:image\" content=\"https:\/\/www.apen.es\/wp-content\/uploads\/2016\/05\/logo-apen-231x82-trasparent.png\" \/>\n\t<meta property=\"og:image:width\" content=\"231\" \/>\n\t<meta property=\"og:image:height\" content=\"82\" \/>\n\t<meta property=\"og:image:type\" content=\"image\/png\" \/>\n<meta name=\"twitter:card\" content=\"summary_large_image\" \/>\n<meta name=\"twitter:label1\" content=\"Temps estimat de lectura\" \/>\n\t<meta name=\"twitter:data1\" content=\"10 minuts\" \/>\n<script type=\"application\/ld+json\" class=\"yoast-schema-graph\">{\"@context\":\"https:\\\/\\\/schema.org\",\"@graph\":[{\"@type\":\"WebPage\",\"@id\":\"https:\\\/\\\/www.apen.es\\\/mantenimiento-informatico\\\/servicio-informatico\\\/servicio-informatico-vic\\\/\",\"url\":\"https:\\\/\\\/www.apen.es\\\/mantenimiento-informatico\\\/servicio-informatico\\\/servicio-informatico-vic\\\/\",\"name\":\"Servicio inform\u00e1tico Vic - Apen Inform\u00e1tica\",\"isPartOf\":{\"@id\":\"https:\\\/\\\/www.apen.es\\\/#website\"},\"datePublished\":\"2019-04-15T09:24:10+00:00\",\"dateModified\":\"2025-03-31T06:59:48+00:00\",\"description\":\"\u00bfNecesitas un servicio inform\u00e1tico especializado en la localidad de Vic? Apen cuenta con t\u00e9cnicos inform\u00e1ticos profesionales\",\"breadcrumb\":{\"@id\":\"https:\\\/\\\/www.apen.es\\\/mantenimiento-informatico\\\/servicio-informatico\\\/servicio-informatico-vic\\\/#breadcrumb\"},\"inLanguage\":\"ca\",\"potentialAction\":[{\"@type\":\"ReadAction\",\"target\":[\"https:\\\/\\\/www.apen.es\\\/mantenimiento-informatico\\\/servicio-informatico\\\/servicio-informatico-vic\\\/\"]}]},{\"@type\":\"BreadcrumbList\",\"@id\":\"https:\\\/\\\/www.apen.es\\\/mantenimiento-informatico\\\/servicio-informatico\\\/servicio-informatico-vic\\\/#breadcrumb\",\"itemListElement\":[{\"@type\":\"ListItem\",\"position\":1,\"name\":\"Portada\",\"item\":\"https:\\\/\\\/www.apen.es\\\/\"},{\"@type\":\"ListItem\",\"position\":2,\"name\":\"Mantenimiento inform\u00e1tico\",\"item\":\"https:\\\/\\\/www.apen.es\\\/mantenimiento-informatico\\\/\"},{\"@type\":\"ListItem\",\"position\":3,\"name\":\"Servicio inform\u00e1tico\",\"item\":\"https:\\\/\\\/www.apen.es\\\/mantenimiento-informatico\\\/servicio-informatico\\\/\"},{\"@type\":\"ListItem\",\"position\":4,\"name\":\"Servicio inform\u00e1tico Vic\"}]},{\"@type\":\"WebSite\",\"@id\":\"https:\\\/\\\/www.apen.es\\\/#website\",\"url\":\"https:\\\/\\\/www.apen.es\\\/\",\"name\":\"Apen Inform\u00e1tica\",\"description\":\"Mantenimiento Inform\u00e1tico , Software de Gesti\u00f3n, Soluciones de impresi\u00f3n\",\"publisher\":{\"@id\":\"https:\\\/\\\/www.apen.es\\\/#organization\"},\"potentialAction\":[{\"@type\":\"SearchAction\",\"target\":{\"@type\":\"EntryPoint\",\"urlTemplate\":\"https:\\\/\\\/www.apen.es\\\/?s={search_term_string}\"},\"query-input\":{\"@type\":\"PropertyValueSpecification\",\"valueRequired\":true,\"valueName\":\"search_term_string\"}}],\"inLanguage\":\"ca\"},{\"@type\":\"Organization\",\"@id\":\"https:\\\/\\\/www.apen.es\\\/#organization\",\"name\":\"Apen: Soluciones inform\u00e1ticas\",\"url\":\"https:\\\/\\\/www.apen.es\\\/\",\"logo\":{\"@type\":\"ImageObject\",\"inLanguage\":\"ca\",\"@id\":\"https:\\\/\\\/www.apen.es\\\/#\\\/schema\\\/logo\\\/image\\\/\",\"url\":\"https:\\\/\\\/www.apen.es\\\/wp-content\\\/uploads\\\/2022\\\/08\\\/logo-apenok-231x82-1.png\",\"contentUrl\":\"https:\\\/\\\/www.apen.es\\\/wp-content\\\/uploads\\\/2022\\\/08\\\/logo-apenok-231x82-1.png\",\"width\":231,\"height\":82,\"caption\":\"Apen: Soluciones inform\u00e1ticas\"},\"image\":{\"@id\":\"https:\\\/\\\/www.apen.es\\\/#\\\/schema\\\/logo\\\/image\\\/\"},\"sameAs\":[\"https:\\\/\\\/www.facebook.com\\\/apensolucions\",\"https:\\\/\\\/www.youtube.com\\\/user\\\/ApenCentreInformatic\",\"https:\\\/\\\/www.linkedin.com\\\/company\\\/1021771?trk=tyah&trkInfo=clickedVerticalcompanyclickedEntityId1021771idx2-1-2tarId1464195271196tasapenin\"]}]}<\/script>\n<!-- \/ Yoast SEO plugin. -->","yoast_head_json":{"title":"Servei inform\u00e0tic Vic - Apen Inform\u00e0tica","description":"Necessites un servei inform\u00e0tic especialitzat a la localitat de Vic? Apen compta amb t\u00e8cnics inform\u00e0tics professionals","robots":{"index":"index","follow":"follow","max-snippet":"max-snippet:-1","max-image-preview":"max-image-preview:large","max-video-preview":"max-video-preview:-1"},"canonical":"https:\/\/www.apen.es\/ca\/manteniment-informatic\/servei-informatic\/servei-informatic-vic\/","og_locale":"ca_ES","og_type":"article","og_title":"Servicio inform\u00e1tico Vic - Apen Inform\u00e1tica","og_description":"\u00bfNecesitas un servicio inform\u00e1tico especializado en la localidad de Vic? Apen cuenta con t\u00e9cnicos inform\u00e1ticos profesionales","og_url":"https:\/\/www.apen.es\/ca\/manteniment-informatic\/servei-informatic\/servei-informatic-vic\/","og_site_name":"Apen Inform\u00e1tica","article_publisher":"https:\/\/www.facebook.com\/apensolucions","article_modified_time":"2025-03-31T06:59:48+00:00","og_image":[{"width":231,"height":82,"url":"https:\/\/www.apen.es\/wp-content\/uploads\/2016\/05\/logo-apen-231x82-trasparent.png","type":"image\/png"}],"twitter_card":"summary_large_image","twitter_misc":{"Temps estimat de lectura":"10 minuts"},"schema":{"@context":"https:\/\/schema.org","@graph":[{"@type":"WebPage","@id":"https:\/\/www.apen.es\/mantenimiento-informatico\/servicio-informatico\/servicio-informatico-vic\/","url":"https:\/\/www.apen.es\/mantenimiento-informatico\/servicio-informatico\/servicio-informatico-vic\/","name":"Servei inform\u00e0tic Vic - Apen Inform\u00e0tica","isPartOf":{"@id":"https:\/\/www.apen.es\/#website"},"datePublished":"2019-04-15T09:24:10+00:00","dateModified":"2025-03-31T06:59:48+00:00","description":"Necessites un servei inform\u00e0tic especialitzat a la localitat de Vic? Apen compta amb t\u00e8cnics inform\u00e0tics professionals","breadcrumb":{"@id":"https:\/\/www.apen.es\/mantenimiento-informatico\/servicio-informatico\/servicio-informatico-vic\/#breadcrumb"},"inLanguage":"ca","potentialAction":[{"@type":"ReadAction","target":["https:\/\/www.apen.es\/mantenimiento-informatico\/servicio-informatico\/servicio-informatico-vic\/"]}]},{"@type":"BreadcrumbList","@id":"https:\/\/www.apen.es\/mantenimiento-informatico\/servicio-informatico\/servicio-informatico-vic\/#breadcrumb","itemListElement":[{"@type":"ListItem","position":1,"name":"Portada","item":"https:\/\/www.apen.es\/"},{"@type":"ListItem","position":2,"name":"Mantenimiento inform\u00e1tico","item":"https:\/\/www.apen.es\/mantenimiento-informatico\/"},{"@type":"ListItem","position":3,"name":"Servicio inform\u00e1tico","item":"https:\/\/www.apen.es\/mantenimiento-informatico\/servicio-informatico\/"},{"@type":"ListItem","position":4,"name":"Servicio inform\u00e1tico Vic"}]},{"@type":"WebSite","@id":"https:\/\/www.apen.es\/#website","url":"https:\/\/www.apen.es\/","name":"Apen Inform\u00e0tica","description":"Manteniment inform\u00e0tic , programari de gesti\u00f3, solucions d&#039;impressi\u00f3","publisher":{"@id":"https:\/\/www.apen.es\/#organization"},"potentialAction":[{"@type":"SearchAction","target":{"@type":"EntryPoint","urlTemplate":"https:\/\/www.apen.es\/?s={search_term_string}"},"query-input":{"@type":"PropertyValueSpecification","valueRequired":true,"valueName":"search_term_string"}}],"inLanguage":"ca"},{"@type":"Organization","@id":"https:\/\/www.apen.es\/#organization","name":"Apen: Solucions inform\u00e0tiques","url":"https:\/\/www.apen.es\/","logo":{"@type":"ImageObject","inLanguage":"ca","@id":"https:\/\/www.apen.es\/#\/schema\/logo\/image\/","url":"https:\/\/www.apen.es\/wp-content\/uploads\/2022\/08\/logo-apenok-231x82-1.png","contentUrl":"https:\/\/www.apen.es\/wp-content\/uploads\/2022\/08\/logo-apenok-231x82-1.png","width":231,"height":82,"caption":"Apen: Soluciones inform\u00e1ticas"},"image":{"@id":"https:\/\/www.apen.es\/#\/schema\/logo\/image\/"},"sameAs":["https:\/\/www.facebook.com\/apensolucions","https:\/\/www.youtube.com\/user\/ApenCentreInformatic","https:\/\/www.linkedin.com\/company\/1021771?trk=tyah&trkInfo=clickedVerticalcompanyclickedEntityId1021771idx2-1-2tarId1464195271196tasapenin"]}]}},"taxonomy_info":[],"featured_image_src_large":false,"author_info":{"display_name":"marqueting","author_link":"https:\/\/www.apen.es\/ca\/blog\/author\/marqueting\/"},"comment_info":0,"_links":{"self":[{"href":"https:\/\/www.apen.es\/ca\/wp-json\/wp\/v2\/pages\/13843","targetHints":{"allow":["GET"]}}],"collection":[{"href":"https:\/\/www.apen.es\/ca\/wp-json\/wp\/v2\/pages"}],"about":[{"href":"https:\/\/www.apen.es\/ca\/wp-json\/wp\/v2\/types\/page"}],"author":[{"embeddable":true,"href":"https:\/\/www.apen.es\/ca\/wp-json\/wp\/v2\/users\/4"}],"replies":[{"embeddable":true,"href":"https:\/\/www.apen.es\/ca\/wp-json\/wp\/v2\/comments?post=13843"}],"version-history":[{"count":2,"href":"https:\/\/www.apen.es\/ca\/wp-json\/wp\/v2\/pages\/13843\/revisions"}],"predecessor-version":[{"id":54573,"href":"https:\/\/www.apen.es\/ca\/wp-json\/wp\/v2\/pages\/13843\/revisions\/54573"}],"up":[{"embeddable":true,"href":"https:\/\/www.apen.es\/ca\/wp-json\/wp\/v2\/pages\/13823"}],"wp:attachment":[{"href":"https:\/\/www.apen.es\/ca\/wp-json\/wp\/v2\/media?parent=13843"}],"curies":[{"name":"wp","href":"https:\/\/api.w.org\/{rel}","templated":true}]}}