{"id":13837,"date":"2019-04-15T09:18:37","date_gmt":"2019-04-15T09:18:37","guid":{"rendered":"https:\/\/www.apen.es\/?page_id=13837"},"modified":"2025-03-31T06:18:13","modified_gmt":"2025-03-31T06:18:13","slug":"servei-informatic-sabadell","status":"publish","type":"page","link":"https:\/\/www.apen.es\/ca\/mantenimiento-informatico\/servicio-informatico\/servicio-informatico-sabadell\/","title":{"rendered":"Servei inform\u00e0tic Sabadell"},"content":{"rendered":"<p>A Apen som especialistes en la implantaci\u00f3 i el manteniment d&#039;equips inform\u00e0tics, i tenim un objectiu molt clar, que \u00e9s aportar sempre els millors&nbsp;<strong>serveis inform\u00e0tics a Sabadell<\/strong>&nbsp;i les millors solucions per a la gesti\u00f3 de les empreses, per tal de millorar la capacitat competitiva de tots i cadascun dels nostres clients, sempre d&#039;una manera molt personalitzada.<\/p>\n\n\n\n<p>Amb aix\u00f2, ens referim al fet que tots els nostres serveis s&#039;adapten com un guant a tots i cadascun dels nostres clients, ja que sabem que totes les empreses no s\u00f3n iguals, sin\u00f3 que cadascuna fa una funci\u00f3 diferent i t\u00e9 unes necessitats determinades, per la qual cosa necessita una empresa com la nostra en la qual ofereixin un servei integral, que comenci per con\u00e8ixer b\u00e9 a cada un dels clients ia les seves necessitats i aix\u00ed poder oferir-los.<\/p>\n\n\n\n<p>Per aix\u00f2, \u00e9s molt important que comptem amb una gran oferta de serveis, com per exemple de manteniment inform\u00e0tic, i sobretot, que comptem amb un gran equip format per grans especialistes que coneguin a la perfecci\u00f3 aquest sector i per tant es puguin adaptar sense cap mena de problema a qualsevol situaci\u00f3, a m\u00e9s, a Apen, tamb\u00e9 valorem molt el tracte amb els nostres clients, per aquesta ra\u00f3 portem m\u00e9s de vint&nbsp;<strong>serveis<\/strong>&nbsp;<strong>inform\u00e0tics a Sabadell<\/strong>&nbsp;i recopilant una gran llista de clients satisfets.<\/p>\n\n\n\n<p>El manteniment inform\u00e0tic \u00e9s una pe\u00e7a clau per assolir l&#039;\u00e8xit en totes les empreses actuals, ja que avui dia, gran part de la informaci\u00f3, la tenim emmagatzemada de forma digital, per la qual cosa un virus o qualsevol altre problema, podria fer que perd\u00e9ssim totes les dades, per la qual cosa seria una gran cat\u00e0strofe, a m\u00e9s si a la vostra empresa us dediqueu a treballar amb equips inform\u00e0tics i tenen un error produir\u00e0 un gran malbaratament de temps i per tant perdreu diners.<\/p>\n\n\n\n<p>Entre tots els&nbsp;<strong>serveis inform\u00e0tics a Sabadell<\/strong>&nbsp;que oferim des de la nostra empresa Apen, tenim el de manteniment per a empreses, que principalment oferim tres plans, en primer lloc el manteniment b\u00e0sic, en segon lloc, el manteniment Outsourcing, i per \u00faltim, el manteniment Premium SPC (Suport-Prevenci\u00f3-Correctiu).<\/p>\n\n\n\n<p>Aquest ampli ventall de plans de manteniment \u00e9s degut a que un dels nostres objectius principals \u00e9s oferir a cada client exactament el que necessita, ja que totes les empreses s\u00f3n diferents, per la qual cosa tenen unes necessitats i uns problemes diferents, aix\u00ed que us assegurem que sempre trobareu el servei m\u00e9s adequat per a vosaltres, aix\u00ed que si voleu saber m\u00e9s informaci\u00f3 sobre ells i sobre la resta de&nbsp;<strong>serveis inform\u00e0tics a Sabadell<\/strong>&nbsp;que oferim, no dubteu a consultar-nos.<\/p>","protected":false},"excerpt":{"rendered":"<p>En Apen somos especialistas en la implantaci\u00f3n y el mantenimiento de equipos inform\u00e1ticos, y tenemos un objetivo muy claro, que es aportar siempre los mejores&nbsp;servicios inform\u00e1ticos en Sabadell&nbsp;y las mejores soluciones para la gesti\u00f3n de las empresas, con tal de mejorar la capacidad competitiva de todos y cada uno de nuestros clientes, siempre de una&#8230;<\/p>","protected":false},"author":4,"featured_media":0,"parent":13823,"menu_order":0,"comment_status":"closed","ping_status":"closed","template":"page-servicio-informatico.php","meta":{"_acf_changed":false,"_kad_blocks_custom_css":"","_kad_blocks_head_custom_js":"","_kad_blocks_body_custom_js":"","_kad_blocks_footer_custom_js":"","_kad_post_transparent":"","_kad_post_title":"","_kad_post_layout":"","_kad_post_sidebar_id":"","_kad_post_content_style":"","_kad_post_vertical_padding":"","_kad_post_feature":"","_kad_post_feature_position":"","_kad_post_header":false,"_kad_post_footer":false,"_kad_post_classname":"","footnotes":""},"class_list":["post-13837","page","type-page","status-publish","hentry"],"acf":[],"yoast_head":"<!-- This site is optimized with the Yoast SEO plugin v27.4 - https:\/\/yoast.com\/product\/yoast-seo-wordpress\/ -->\n<title>Servicio inform\u00e1tico Sabadell - Apen Inform\u00e1tica<\/title>\n<meta name=\"description\" content=\"\u00bfTu empresa necesita un servicio inform\u00e1tico en Sabadell? Ofrecemos soluciones tecnolog\u00edcas que ayudamos a las empresas a digitalizarse. Conf\u00eda en Apen.\" \/>\n<meta name=\"robots\" content=\"index, follow, max-snippet:-1, max-image-preview:large, max-video-preview:-1\" \/>\n<link rel=\"canonical\" href=\"https:\/\/www.apen.es\/ca\/manteniment-informatic\/servei-informatic\/servei-informatic-sabadell\/\" \/>\n<meta property=\"og:locale\" content=\"ca_ES\" \/>\n<meta property=\"og:type\" content=\"article\" \/>\n<meta property=\"og:title\" content=\"Servicio inform\u00e1tico Sabadell - Apen Inform\u00e1tica\" \/>\n<meta property=\"og:description\" content=\"\u00bfTu empresa necesita un servicio inform\u00e1tico en Sabadell? Ofrecemos soluciones tecnolog\u00edcas que ayudamos a las empresas a digitalizarse. Conf\u00eda en Apen.\" \/>\n<meta property=\"og:url\" content=\"https:\/\/www.apen.es\/ca\/manteniment-informatic\/servei-informatic\/servei-informatic-sabadell\/\" \/>\n<meta property=\"og:site_name\" content=\"Apen Inform\u00e1tica\" \/>\n<meta property=\"article:publisher\" content=\"https:\/\/www.facebook.com\/apensolucions\" \/>\n<meta property=\"article:modified_time\" content=\"2025-03-31T06:18:13+00:00\" \/>\n<meta property=\"og:image\" content=\"https:\/\/www.apen.es\/wp-content\/uploads\/2016\/05\/logo-apen-231x82-trasparent.png\" \/>\n\t<meta property=\"og:image:width\" content=\"231\" \/>\n\t<meta property=\"og:image:height\" content=\"82\" \/>\n\t<meta property=\"og:image:type\" content=\"image\/png\" \/>\n<meta name=\"twitter:card\" content=\"summary_large_image\" \/>\n<meta name=\"twitter:label1\" content=\"Temps estimat de lectura\" \/>\n\t<meta name=\"twitter:data1\" content=\"10 minuts\" \/>\n<script type=\"application\/ld+json\" class=\"yoast-schema-graph\">{\"@context\":\"https:\\\/\\\/schema.org\",\"@graph\":[{\"@type\":\"WebPage\",\"@id\":\"https:\\\/\\\/www.apen.es\\\/mantenimiento-informatico\\\/servicio-informatico\\\/servicio-informatico-sabadell\\\/\",\"url\":\"https:\\\/\\\/www.apen.es\\\/mantenimiento-informatico\\\/servicio-informatico\\\/servicio-informatico-sabadell\\\/\",\"name\":\"Servicio inform\u00e1tico Sabadell - Apen Inform\u00e1tica\",\"isPartOf\":{\"@id\":\"https:\\\/\\\/www.apen.es\\\/#website\"},\"datePublished\":\"2019-04-15T09:18:37+00:00\",\"dateModified\":\"2025-03-31T06:18:13+00:00\",\"description\":\"\u00bfTu empresa necesita un servicio inform\u00e1tico en Sabadell? Ofrecemos soluciones tecnolog\u00edcas que ayudamos a las empresas a digitalizarse. Conf\u00eda en Apen.\",\"breadcrumb\":{\"@id\":\"https:\\\/\\\/www.apen.es\\\/mantenimiento-informatico\\\/servicio-informatico\\\/servicio-informatico-sabadell\\\/#breadcrumb\"},\"inLanguage\":\"ca\",\"potentialAction\":[{\"@type\":\"ReadAction\",\"target\":[\"https:\\\/\\\/www.apen.es\\\/mantenimiento-informatico\\\/servicio-informatico\\\/servicio-informatico-sabadell\\\/\"]}]},{\"@type\":\"BreadcrumbList\",\"@id\":\"https:\\\/\\\/www.apen.es\\\/mantenimiento-informatico\\\/servicio-informatico\\\/servicio-informatico-sabadell\\\/#breadcrumb\",\"itemListElement\":[{\"@type\":\"ListItem\",\"position\":1,\"name\":\"Portada\",\"item\":\"https:\\\/\\\/www.apen.es\\\/\"},{\"@type\":\"ListItem\",\"position\":2,\"name\":\"Mantenimiento inform\u00e1tico\",\"item\":\"https:\\\/\\\/www.apen.es\\\/mantenimiento-informatico\\\/\"},{\"@type\":\"ListItem\",\"position\":3,\"name\":\"Servicio inform\u00e1tico\",\"item\":\"https:\\\/\\\/www.apen.es\\\/mantenimiento-informatico\\\/servicio-informatico\\\/\"},{\"@type\":\"ListItem\",\"position\":4,\"name\":\"Servicio inform\u00e1tico Sabadell\"}]},{\"@type\":\"WebSite\",\"@id\":\"https:\\\/\\\/www.apen.es\\\/#website\",\"url\":\"https:\\\/\\\/www.apen.es\\\/\",\"name\":\"Apen Inform\u00e1tica\",\"description\":\"Mantenimiento Inform\u00e1tico , Software de Gesti\u00f3n, Soluciones de impresi\u00f3n\",\"publisher\":{\"@id\":\"https:\\\/\\\/www.apen.es\\\/#organization\"},\"potentialAction\":[{\"@type\":\"SearchAction\",\"target\":{\"@type\":\"EntryPoint\",\"urlTemplate\":\"https:\\\/\\\/www.apen.es\\\/?s={search_term_string}\"},\"query-input\":{\"@type\":\"PropertyValueSpecification\",\"valueRequired\":true,\"valueName\":\"search_term_string\"}}],\"inLanguage\":\"ca\"},{\"@type\":\"Organization\",\"@id\":\"https:\\\/\\\/www.apen.es\\\/#organization\",\"name\":\"Apen: Soluciones inform\u00e1ticas\",\"url\":\"https:\\\/\\\/www.apen.es\\\/\",\"logo\":{\"@type\":\"ImageObject\",\"inLanguage\":\"ca\",\"@id\":\"https:\\\/\\\/www.apen.es\\\/#\\\/schema\\\/logo\\\/image\\\/\",\"url\":\"https:\\\/\\\/www.apen.es\\\/wp-content\\\/uploads\\\/2022\\\/08\\\/logo-apenok-231x82-1.png\",\"contentUrl\":\"https:\\\/\\\/www.apen.es\\\/wp-content\\\/uploads\\\/2022\\\/08\\\/logo-apenok-231x82-1.png\",\"width\":231,\"height\":82,\"caption\":\"Apen: Soluciones inform\u00e1ticas\"},\"image\":{\"@id\":\"https:\\\/\\\/www.apen.es\\\/#\\\/schema\\\/logo\\\/image\\\/\"},\"sameAs\":[\"https:\\\/\\\/www.facebook.com\\\/apensolucions\",\"https:\\\/\\\/www.youtube.com\\\/user\\\/ApenCentreInformatic\",\"https:\\\/\\\/www.linkedin.com\\\/company\\\/1021771?trk=tyah&trkInfo=clickedVerticalcompanyclickedEntityId1021771idx2-1-2tarId1464195271196tasapenin\"]}]}<\/script>\n<!-- \/ Yoast SEO plugin. -->","yoast_head_json":{"title":"Servei inform\u00e0tic Sabadell - Apen Inform\u00e0tica","description":"La teva empresa necessita un servei inform\u00e0tic a Sabadell? Oferim solucions tecnol\u00f2giques que ajudem les empreses a digitalitzar-se. Confia en Apen.","robots":{"index":"index","follow":"follow","max-snippet":"max-snippet:-1","max-image-preview":"max-image-preview:large","max-video-preview":"max-video-preview:-1"},"canonical":"https:\/\/www.apen.es\/ca\/manteniment-informatic\/servei-informatic\/servei-informatic-sabadell\/","og_locale":"ca_ES","og_type":"article","og_title":"Servicio inform\u00e1tico Sabadell - Apen Inform\u00e1tica","og_description":"\u00bfTu empresa necesita un servicio inform\u00e1tico en Sabadell? Ofrecemos soluciones tecnolog\u00edcas que ayudamos a las empresas a digitalizarse. Conf\u00eda en Apen.","og_url":"https:\/\/www.apen.es\/ca\/manteniment-informatic\/servei-informatic\/servei-informatic-sabadell\/","og_site_name":"Apen Inform\u00e1tica","article_publisher":"https:\/\/www.facebook.com\/apensolucions","article_modified_time":"2025-03-31T06:18:13+00:00","og_image":[{"width":231,"height":82,"url":"https:\/\/www.apen.es\/wp-content\/uploads\/2016\/05\/logo-apen-231x82-trasparent.png","type":"image\/png"}],"twitter_card":"summary_large_image","twitter_misc":{"Temps estimat de lectura":"10 minuts"},"schema":{"@context":"https:\/\/schema.org","@graph":[{"@type":"WebPage","@id":"https:\/\/www.apen.es\/mantenimiento-informatico\/servicio-informatico\/servicio-informatico-sabadell\/","url":"https:\/\/www.apen.es\/mantenimiento-informatico\/servicio-informatico\/servicio-informatico-sabadell\/","name":"Servei inform\u00e0tic Sabadell - Apen Inform\u00e0tica","isPartOf":{"@id":"https:\/\/www.apen.es\/#website"},"datePublished":"2019-04-15T09:18:37+00:00","dateModified":"2025-03-31T06:18:13+00:00","description":"La teva empresa necessita un servei inform\u00e0tic a Sabadell? Oferim solucions tecnol\u00f2giques que ajudem les empreses a digitalitzar-se. Confia en Apen.","breadcrumb":{"@id":"https:\/\/www.apen.es\/mantenimiento-informatico\/servicio-informatico\/servicio-informatico-sabadell\/#breadcrumb"},"inLanguage":"ca","potentialAction":[{"@type":"ReadAction","target":["https:\/\/www.apen.es\/mantenimiento-informatico\/servicio-informatico\/servicio-informatico-sabadell\/"]}]},{"@type":"BreadcrumbList","@id":"https:\/\/www.apen.es\/mantenimiento-informatico\/servicio-informatico\/servicio-informatico-sabadell\/#breadcrumb","itemListElement":[{"@type":"ListItem","position":1,"name":"Portada","item":"https:\/\/www.apen.es\/"},{"@type":"ListItem","position":2,"name":"Mantenimiento inform\u00e1tico","item":"https:\/\/www.apen.es\/mantenimiento-informatico\/"},{"@type":"ListItem","position":3,"name":"Servicio inform\u00e1tico","item":"https:\/\/www.apen.es\/mantenimiento-informatico\/servicio-informatico\/"},{"@type":"ListItem","position":4,"name":"Servicio inform\u00e1tico Sabadell"}]},{"@type":"WebSite","@id":"https:\/\/www.apen.es\/#website","url":"https:\/\/www.apen.es\/","name":"Apen Inform\u00e0tica","description":"Manteniment inform\u00e0tic , programari de gesti\u00f3, solucions d&#039;impressi\u00f3","publisher":{"@id":"https:\/\/www.apen.es\/#organization"},"potentialAction":[{"@type":"SearchAction","target":{"@type":"EntryPoint","urlTemplate":"https:\/\/www.apen.es\/?s={search_term_string}"},"query-input":{"@type":"PropertyValueSpecification","valueRequired":true,"valueName":"search_term_string"}}],"inLanguage":"ca"},{"@type":"Organization","@id":"https:\/\/www.apen.es\/#organization","name":"Apen: Solucions inform\u00e0tiques","url":"https:\/\/www.apen.es\/","logo":{"@type":"ImageObject","inLanguage":"ca","@id":"https:\/\/www.apen.es\/#\/schema\/logo\/image\/","url":"https:\/\/www.apen.es\/wp-content\/uploads\/2022\/08\/logo-apenok-231x82-1.png","contentUrl":"https:\/\/www.apen.es\/wp-content\/uploads\/2022\/08\/logo-apenok-231x82-1.png","width":231,"height":82,"caption":"Apen: Soluciones inform\u00e1ticas"},"image":{"@id":"https:\/\/www.apen.es\/#\/schema\/logo\/image\/"},"sameAs":["https:\/\/www.facebook.com\/apensolucions","https:\/\/www.youtube.com\/user\/ApenCentreInformatic","https:\/\/www.linkedin.com\/company\/1021771?trk=tyah&trkInfo=clickedVerticalcompanyclickedEntityId1021771idx2-1-2tarId1464195271196tasapenin"]}]}},"taxonomy_info":[],"featured_image_src_large":false,"author_info":{"display_name":"marqueting","author_link":"https:\/\/www.apen.es\/ca\/blog\/author\/marqueting\/"},"comment_info":0,"_links":{"self":[{"href":"https:\/\/www.apen.es\/ca\/wp-json\/wp\/v2\/pages\/13837","targetHints":{"allow":["GET"]}}],"collection":[{"href":"https:\/\/www.apen.es\/ca\/wp-json\/wp\/v2\/pages"}],"about":[{"href":"https:\/\/www.apen.es\/ca\/wp-json\/wp\/v2\/types\/page"}],"author":[{"embeddable":true,"href":"https:\/\/www.apen.es\/ca\/wp-json\/wp\/v2\/users\/4"}],"replies":[{"embeddable":true,"href":"https:\/\/www.apen.es\/ca\/wp-json\/wp\/v2\/comments?post=13837"}],"version-history":[{"count":2,"href":"https:\/\/www.apen.es\/ca\/wp-json\/wp\/v2\/pages\/13837\/revisions"}],"predecessor-version":[{"id":54482,"href":"https:\/\/www.apen.es\/ca\/wp-json\/wp\/v2\/pages\/13837\/revisions\/54482"}],"up":[{"embeddable":true,"href":"https:\/\/www.apen.es\/ca\/wp-json\/wp\/v2\/pages\/13823"}],"wp:attachment":[{"href":"https:\/\/www.apen.es\/ca\/wp-json\/wp\/v2\/media?parent=13837"}],"curies":[{"name":"wp","href":"https:\/\/api.w.org\/{rel}","templated":true}]}}