{"id":13835,"date":"2019-04-15T09:16:41","date_gmt":"2019-04-15T09:16:41","guid":{"rendered":"https:\/\/www.apen.es\/?page_id=13835"},"modified":"2025-03-31T06:17:57","modified_gmt":"2025-03-31T06:17:57","slug":"servei-informatic-mollet","status":"publish","type":"page","link":"https:\/\/www.apen.es\/ca\/mantenimiento-informatico\/servicio-informatico\/servicio-informatico-mollet\/","title":{"rendered":"Servei inform\u00e0tic Mollet"},"content":{"rendered":"<p>A la nostra empresa Apen, som grans especialistes oferint una llarga quantitat de&nbsp;<strong>serveis inform\u00e0tics a Mollet<\/strong>, entre els quals destaca el servei de manteniment inform\u00e0tic dirigit a empreses, ja que \u00e9s un servei totalment personalitzat que s&#039;adapta a la perfecci\u00f3 a les necessitats de tots i cadascun dels nostres clients. Per\u00f2 encara que els nostres serveis sempre s&#039;adaptin a les vostres necessitats, primer de tot, haureu d&#039;escollir entre els tres tipus de serveis de manteniment que oferim, el manteniment inform\u00e0tic base, l&#039;Outsourcing i el Premium SPC.<\/p>\n\n\n\n<p>En primer lloc, com un dels&nbsp;<strong>serveis inform\u00e0tics a Mollet<\/strong>&nbsp;m\u00e9s destacats, tenim el manteniment inform\u00e0tic base, en el qual les diferents empreses que el contractin, podran gaudir d&#039;una resposta molt r\u00e0pida, de menys de quatre hora, a tots els problemes inform\u00e0tics, altres anualment tamb\u00e9 s&#039;inclou una auditoria, per tal de garantir el bon funcionament inform\u00e0tic dels equips i posteriorment no emportar-se sorpreses. Tamb\u00e9 oferim el pr\u00e9stec dequips inform\u00e0tics i un t\u00e8cnic que ha estat assignat a vosaltres i que estar\u00e0 sempre disponible.<\/p>\n\n\n\n<p>El manteniment Outosurcing, \u00e9s un altre dels&nbsp;<strong>serveis inform\u00e0tics a Mollet<\/strong>&nbsp;de manteniment, per\u00f2 aquest, a m\u00e9s del que ofereix manteniment base, inclou el cost del despla\u00e7ament dels t\u00e8cnics inform\u00e0tic que es requereixin i una cobertura de manteniment inform\u00e0tic de cinc dies durant 10 hores cada dia.<\/p>\n\n\n\n<p>Finalment tenim manteniment Premium SPC (Suport \u2013 Prevenci\u00f3 \u2013 Correctiu), que sens dubte, \u00e9s el m\u00e9s complet per a la vostra empresa, ja que amb aquest servei podreu gaudir del millor manteniment inform\u00e0tic, en el qual trobareu diferents solucions, com per exemple un manteniment dels elements IT, basat en el monitoratge dels sistemes, en la prevenci\u00f3 i en la nostra experi\u00e8ncia, per reduir riscos i despeses.<\/p>\n\n\n\n<p>Com podeu observar, segur que trobareu el servei que m\u00e9s s&#039;adapta a vosaltres, i en cas de tenir qualsevol mena de dubte, sempre us podeu posar en contacte amb nosaltres, ja que us ajudarem en tot all\u00f2 que puguem, i us aconsellarem, sobre quin servei d&#039;aquests tres s&#039;adapta m\u00e9s a la vostra empresa.<\/p>\n\n\n\n<p>A m\u00e9s, tamb\u00e9 hem de tenir molt en compte que a la nostra empresa portem les de vint-i-cinc anys oferint el millor&nbsp;<strong>servei inform\u00e0tic a Mollet<\/strong>, pel que tenim grans coneixement i una llarga experi\u00e8ncia que ens ha fet aprendre molt per poder oferir-vos els millors resultats.<\/p>\n\n\n\n<p>D&#039;aquesta manera, sempre comptem amb els millors professionals dins aquest sector, els quals tenen tots els coneixements necessaris, per poder dur a terme aquestes funcions i garantir sempre a tots i cadascun dels nostres clients el resultat que esperaven ia un preu molt competitiu que s&#039;adapta a la perfecci\u00f3 a les necessitats del mercat.<\/p>","protected":false},"excerpt":{"rendered":"<p>En nuestra empresa Apen, somos grandes especialistas ofreciendo una larga cantidad de&nbsp;servicios inform\u00e1ticos en Mollet, entre los cuales destaca el servicio de mantenimiento inform\u00e1tico dirigido a empresas, ya que, es un servicio totalmente personalizado que se adapta a la perfecci\u00f3n a las necesidades de todos y cada uno de nuestros clientes. Pero aunque nuestros servicios&#8230;<\/p>","protected":false},"author":4,"featured_media":0,"parent":13823,"menu_order":0,"comment_status":"closed","ping_status":"closed","template":"page-servicio-informatico.php","meta":{"_acf_changed":false,"_kad_blocks_custom_css":"","_kad_blocks_head_custom_js":"","_kad_blocks_body_custom_js":"","_kad_blocks_footer_custom_js":"","_kad_post_transparent":"","_kad_post_title":"","_kad_post_layout":"","_kad_post_sidebar_id":"","_kad_post_content_style":"","_kad_post_vertical_padding":"","_kad_post_feature":"","_kad_post_feature_position":"","_kad_post_header":false,"_kad_post_footer":false,"_kad_post_classname":"","footnotes":""},"class_list":["post-13835","page","type-page","status-publish","hentry"],"acf":[],"yoast_head":"<!-- This site is optimized with the Yoast SEO plugin v27.4 - https:\/\/yoast.com\/product\/yoast-seo-wordpress\/ -->\n<title>Servicio inform\u00e1tico Mollet - Apen Inform\u00e1tica<\/title>\n<meta name=\"description\" content=\"\u00bfTu empresa necesita un servicio inform\u00e1tico en Mollet? Ofrecemos soluciones tecnolog\u00edcas que ayudamos a las empresas a digitalizarse. Conf\u00eda en Apen.\" \/>\n<meta name=\"robots\" content=\"index, follow, max-snippet:-1, max-image-preview:large, max-video-preview:-1\" \/>\n<link rel=\"canonical\" href=\"https:\/\/www.apen.es\/ca\/manteniment-informatic\/servei-informatic\/servei-informatic-mollet\/\" \/>\n<meta property=\"og:locale\" content=\"ca_ES\" \/>\n<meta property=\"og:type\" content=\"article\" \/>\n<meta property=\"og:title\" content=\"Servicio inform\u00e1tico Mollet - Apen Inform\u00e1tica\" \/>\n<meta property=\"og:description\" content=\"\u00bfTu empresa necesita un servicio inform\u00e1tico en Mollet? Ofrecemos soluciones tecnolog\u00edcas que ayudamos a las empresas a digitalizarse. Conf\u00eda en Apen.\" \/>\n<meta property=\"og:url\" content=\"https:\/\/www.apen.es\/ca\/manteniment-informatic\/servei-informatic\/servei-informatic-mollet\/\" \/>\n<meta property=\"og:site_name\" content=\"Apen Inform\u00e1tica\" \/>\n<meta property=\"article:publisher\" content=\"https:\/\/www.facebook.com\/apensolucions\" \/>\n<meta property=\"article:modified_time\" content=\"2025-03-31T06:17:57+00:00\" \/>\n<meta property=\"og:image\" content=\"https:\/\/www.apen.es\/wp-content\/uploads\/2016\/05\/logo-apen-231x82-trasparent.png\" \/>\n\t<meta property=\"og:image:width\" content=\"231\" \/>\n\t<meta property=\"og:image:height\" content=\"82\" \/>\n\t<meta property=\"og:image:type\" content=\"image\/png\" \/>\n<meta name=\"twitter:card\" content=\"summary_large_image\" \/>\n<meta name=\"twitter:label1\" content=\"Temps estimat de lectura\" \/>\n\t<meta name=\"twitter:data1\" content=\"10 minuts\" \/>\n<script type=\"application\/ld+json\" class=\"yoast-schema-graph\">{\"@context\":\"https:\\\/\\\/schema.org\",\"@graph\":[{\"@type\":\"WebPage\",\"@id\":\"https:\\\/\\\/www.apen.es\\\/mantenimiento-informatico\\\/servicio-informatico\\\/servicio-informatico-mollet\\\/\",\"url\":\"https:\\\/\\\/www.apen.es\\\/mantenimiento-informatico\\\/servicio-informatico\\\/servicio-informatico-mollet\\\/\",\"name\":\"Servicio inform\u00e1tico Mollet - Apen Inform\u00e1tica\",\"isPartOf\":{\"@id\":\"https:\\\/\\\/www.apen.es\\\/#website\"},\"datePublished\":\"2019-04-15T09:16:41+00:00\",\"dateModified\":\"2025-03-31T06:17:57+00:00\",\"description\":\"\u00bfTu empresa necesita un servicio inform\u00e1tico en Mollet? Ofrecemos soluciones tecnolog\u00edcas que ayudamos a las empresas a digitalizarse. Conf\u00eda en Apen.\",\"breadcrumb\":{\"@id\":\"https:\\\/\\\/www.apen.es\\\/mantenimiento-informatico\\\/servicio-informatico\\\/servicio-informatico-mollet\\\/#breadcrumb\"},\"inLanguage\":\"ca\",\"potentialAction\":[{\"@type\":\"ReadAction\",\"target\":[\"https:\\\/\\\/www.apen.es\\\/mantenimiento-informatico\\\/servicio-informatico\\\/servicio-informatico-mollet\\\/\"]}]},{\"@type\":\"BreadcrumbList\",\"@id\":\"https:\\\/\\\/www.apen.es\\\/mantenimiento-informatico\\\/servicio-informatico\\\/servicio-informatico-mollet\\\/#breadcrumb\",\"itemListElement\":[{\"@type\":\"ListItem\",\"position\":1,\"name\":\"Portada\",\"item\":\"https:\\\/\\\/www.apen.es\\\/\"},{\"@type\":\"ListItem\",\"position\":2,\"name\":\"Mantenimiento inform\u00e1tico\",\"item\":\"https:\\\/\\\/www.apen.es\\\/mantenimiento-informatico\\\/\"},{\"@type\":\"ListItem\",\"position\":3,\"name\":\"Servicio inform\u00e1tico\",\"item\":\"https:\\\/\\\/www.apen.es\\\/mantenimiento-informatico\\\/servicio-informatico\\\/\"},{\"@type\":\"ListItem\",\"position\":4,\"name\":\"Servicio inform\u00e1tico Mollet\"}]},{\"@type\":\"WebSite\",\"@id\":\"https:\\\/\\\/www.apen.es\\\/#website\",\"url\":\"https:\\\/\\\/www.apen.es\\\/\",\"name\":\"Apen Inform\u00e1tica\",\"description\":\"Mantenimiento Inform\u00e1tico , Software de Gesti\u00f3n, Soluciones de impresi\u00f3n\",\"publisher\":{\"@id\":\"https:\\\/\\\/www.apen.es\\\/#organization\"},\"potentialAction\":[{\"@type\":\"SearchAction\",\"target\":{\"@type\":\"EntryPoint\",\"urlTemplate\":\"https:\\\/\\\/www.apen.es\\\/?s={search_term_string}\"},\"query-input\":{\"@type\":\"PropertyValueSpecification\",\"valueRequired\":true,\"valueName\":\"search_term_string\"}}],\"inLanguage\":\"ca\"},{\"@type\":\"Organization\",\"@id\":\"https:\\\/\\\/www.apen.es\\\/#organization\",\"name\":\"Apen: Soluciones inform\u00e1ticas\",\"url\":\"https:\\\/\\\/www.apen.es\\\/\",\"logo\":{\"@type\":\"ImageObject\",\"inLanguage\":\"ca\",\"@id\":\"https:\\\/\\\/www.apen.es\\\/#\\\/schema\\\/logo\\\/image\\\/\",\"url\":\"https:\\\/\\\/www.apen.es\\\/wp-content\\\/uploads\\\/2022\\\/08\\\/logo-apenok-231x82-1.png\",\"contentUrl\":\"https:\\\/\\\/www.apen.es\\\/wp-content\\\/uploads\\\/2022\\\/08\\\/logo-apenok-231x82-1.png\",\"width\":231,\"height\":82,\"caption\":\"Apen: Soluciones inform\u00e1ticas\"},\"image\":{\"@id\":\"https:\\\/\\\/www.apen.es\\\/#\\\/schema\\\/logo\\\/image\\\/\"},\"sameAs\":[\"https:\\\/\\\/www.facebook.com\\\/apensolucions\",\"https:\\\/\\\/www.youtube.com\\\/user\\\/ApenCentreInformatic\",\"https:\\\/\\\/www.linkedin.com\\\/company\\\/1021771?trk=tyah&trkInfo=clickedVerticalcompanyclickedEntityId1021771idx2-1-2tarId1464195271196tasapenin\"]}]}<\/script>\n<!-- \/ Yoast SEO plugin. -->","yoast_head_json":{"title":"Servei inform\u00e0tic Mollet - Apen Inform\u00e0tica","description":"La teva empresa necessita un servei inform\u00e0tic a Mollet? Oferim solucions tecnol\u00f2giques que ajudem les empreses a digitalitzar-se. Confia en Apen.","robots":{"index":"index","follow":"follow","max-snippet":"max-snippet:-1","max-image-preview":"max-image-preview:large","max-video-preview":"max-video-preview:-1"},"canonical":"https:\/\/www.apen.es\/ca\/manteniment-informatic\/servei-informatic\/servei-informatic-mollet\/","og_locale":"ca_ES","og_type":"article","og_title":"Servicio inform\u00e1tico Mollet - Apen Inform\u00e1tica","og_description":"\u00bfTu empresa necesita un servicio inform\u00e1tico en Mollet? Ofrecemos soluciones tecnolog\u00edcas que ayudamos a las empresas a digitalizarse. Conf\u00eda en Apen.","og_url":"https:\/\/www.apen.es\/ca\/manteniment-informatic\/servei-informatic\/servei-informatic-mollet\/","og_site_name":"Apen Inform\u00e1tica","article_publisher":"https:\/\/www.facebook.com\/apensolucions","article_modified_time":"2025-03-31T06:17:57+00:00","og_image":[{"width":231,"height":82,"url":"https:\/\/www.apen.es\/wp-content\/uploads\/2016\/05\/logo-apen-231x82-trasparent.png","type":"image\/png"}],"twitter_card":"summary_large_image","twitter_misc":{"Temps estimat de lectura":"10 minuts"},"schema":{"@context":"https:\/\/schema.org","@graph":[{"@type":"WebPage","@id":"https:\/\/www.apen.es\/mantenimiento-informatico\/servicio-informatico\/servicio-informatico-mollet\/","url":"https:\/\/www.apen.es\/mantenimiento-informatico\/servicio-informatico\/servicio-informatico-mollet\/","name":"Servei inform\u00e0tic Mollet - Apen Inform\u00e0tica","isPartOf":{"@id":"https:\/\/www.apen.es\/#website"},"datePublished":"2019-04-15T09:16:41+00:00","dateModified":"2025-03-31T06:17:57+00:00","description":"La teva empresa necessita un servei inform\u00e0tic a Mollet? Oferim solucions tecnol\u00f2giques que ajudem les empreses a digitalitzar-se. Confia en Apen.","breadcrumb":{"@id":"https:\/\/www.apen.es\/mantenimiento-informatico\/servicio-informatico\/servicio-informatico-mollet\/#breadcrumb"},"inLanguage":"ca","potentialAction":[{"@type":"ReadAction","target":["https:\/\/www.apen.es\/mantenimiento-informatico\/servicio-informatico\/servicio-informatico-mollet\/"]}]},{"@type":"BreadcrumbList","@id":"https:\/\/www.apen.es\/mantenimiento-informatico\/servicio-informatico\/servicio-informatico-mollet\/#breadcrumb","itemListElement":[{"@type":"ListItem","position":1,"name":"Portada","item":"https:\/\/www.apen.es\/"},{"@type":"ListItem","position":2,"name":"Mantenimiento inform\u00e1tico","item":"https:\/\/www.apen.es\/mantenimiento-informatico\/"},{"@type":"ListItem","position":3,"name":"Servicio inform\u00e1tico","item":"https:\/\/www.apen.es\/mantenimiento-informatico\/servicio-informatico\/"},{"@type":"ListItem","position":4,"name":"Servicio inform\u00e1tico Mollet"}]},{"@type":"WebSite","@id":"https:\/\/www.apen.es\/#website","url":"https:\/\/www.apen.es\/","name":"Apen Inform\u00e0tica","description":"Manteniment inform\u00e0tic , programari de gesti\u00f3, solucions d&#039;impressi\u00f3","publisher":{"@id":"https:\/\/www.apen.es\/#organization"},"potentialAction":[{"@type":"SearchAction","target":{"@type":"EntryPoint","urlTemplate":"https:\/\/www.apen.es\/?s={search_term_string}"},"query-input":{"@type":"PropertyValueSpecification","valueRequired":true,"valueName":"search_term_string"}}],"inLanguage":"ca"},{"@type":"Organization","@id":"https:\/\/www.apen.es\/#organization","name":"Apen: Solucions inform\u00e0tiques","url":"https:\/\/www.apen.es\/","logo":{"@type":"ImageObject","inLanguage":"ca","@id":"https:\/\/www.apen.es\/#\/schema\/logo\/image\/","url":"https:\/\/www.apen.es\/wp-content\/uploads\/2022\/08\/logo-apenok-231x82-1.png","contentUrl":"https:\/\/www.apen.es\/wp-content\/uploads\/2022\/08\/logo-apenok-231x82-1.png","width":231,"height":82,"caption":"Apen: Soluciones inform\u00e1ticas"},"image":{"@id":"https:\/\/www.apen.es\/#\/schema\/logo\/image\/"},"sameAs":["https:\/\/www.facebook.com\/apensolucions","https:\/\/www.youtube.com\/user\/ApenCentreInformatic","https:\/\/www.linkedin.com\/company\/1021771?trk=tyah&trkInfo=clickedVerticalcompanyclickedEntityId1021771idx2-1-2tarId1464195271196tasapenin"]}]}},"taxonomy_info":[],"featured_image_src_large":false,"author_info":{"display_name":"marqueting","author_link":"https:\/\/www.apen.es\/ca\/blog\/author\/marqueting\/"},"comment_info":0,"_links":{"self":[{"href":"https:\/\/www.apen.es\/ca\/wp-json\/wp\/v2\/pages\/13835","targetHints":{"allow":["GET"]}}],"collection":[{"href":"https:\/\/www.apen.es\/ca\/wp-json\/wp\/v2\/pages"}],"about":[{"href":"https:\/\/www.apen.es\/ca\/wp-json\/wp\/v2\/types\/page"}],"author":[{"embeddable":true,"href":"https:\/\/www.apen.es\/ca\/wp-json\/wp\/v2\/users\/4"}],"replies":[{"embeddable":true,"href":"https:\/\/www.apen.es\/ca\/wp-json\/wp\/v2\/comments?post=13835"}],"version-history":[{"count":2,"href":"https:\/\/www.apen.es\/ca\/wp-json\/wp\/v2\/pages\/13835\/revisions"}],"predecessor-version":[{"id":54481,"href":"https:\/\/www.apen.es\/ca\/wp-json\/wp\/v2\/pages\/13835\/revisions\/54481"}],"up":[{"embeddable":true,"href":"https:\/\/www.apen.es\/ca\/wp-json\/wp\/v2\/pages\/13823"}],"wp:attachment":[{"href":"https:\/\/www.apen.es\/ca\/wp-json\/wp\/v2\/media?parent=13835"}],"curies":[{"name":"wp","href":"https:\/\/api.w.org\/{rel}","templated":true}]}}