{"id":13833,"date":"2019-04-15T09:14:49","date_gmt":"2019-04-15T09:14:49","guid":{"rendered":"https:\/\/www.apen.es\/?page_id=13833"},"modified":"2025-03-31T06:17:43","modified_gmt":"2025-03-31T06:17:43","slug":"servei-informatic-mataro","status":"publish","type":"page","link":"https:\/\/www.apen.es\/ca\/mantenimiento-informatico\/servicio-informatico\/servicio-informatico-mataro\/","title":{"rendered":"Servei inform\u00e0tic Matar\u00f3"},"content":{"rendered":"<p>Apen, som una empresa amb m\u00e9s de 25 anys oferint el millor&nbsp;<strong>servei<\/strong>&nbsp;<strong>inform\u00e0tic a Matar\u00f3<\/strong>, ja que durant tots aquests anys hem tingut un objectiu molt clar, que \u00e9s que mai un problema als ordinadors o en equips inform\u00e0tics alenteixin la productivitat de cap empresa, ja que aix\u00f2 tindria grans conseq\u00fc\u00e8ncies per a ells, baixant la productivitat i perdent molts diners, per aquesta ra\u00f3, per a nosaltres s\u00f3n molt importants els nostres clients.<\/p>\n\n\n\n<p>D&#039;aquesta manera, oferim un&nbsp;<strong>servei inform\u00e0tic a Matar\u00f3<\/strong>&nbsp;de gran qualitat, tant per als clients m\u00e9s veterans com per als nous clients, oferint-los un servei de manteniment totalment personalitzat, \u00e9s a dir, en primer lloc, quan tenim un nou client, el primer que fem \u00e9s fer un estudi de quines s\u00f3n les necessitats que t\u00e9, d&#039;aquesta manera, els podem oferir diferents serveis i ajudar-los a escollir quin s&#039;adapta millor a les seves necessitats.<\/p>\n\n\n\n<p>A m\u00e9s, aquest proc\u00e9s sempre est\u00e0 realitzat de la m\u00e0 dels millors professionals del sector, els quals han passat diferents fases, en les quals han demostrat que s\u00f3n totalment capa\u00e7os de realitzar amb \u00e8xit tots els treballs de la nostra empresa i que a m\u00e9s, s\u00f3n capa\u00e7os d&#039;improvisar davant de qualsevol imprevist, ja que al m\u00f3n de la inform\u00e0tica, sempre poden apar\u00e8ixer aquest tipus d&#039;imprevists.<\/p>\n\n\n\n<p>Entre tots els&nbsp;<strong>serveis inform\u00e0tics a Matar\u00f3<\/strong>&nbsp;que oferim, destaquem els de manteniment inform\u00e0tic per a empreses, ja que creiem que per garantir el bon funcionament de l&#039;empresa, \u00e9s important tenir personal extern que s&#039;encarregui de fer un manteniment peri\u00f2dic dels dispositius, ja que si no, anem deixant passar la data de fer una revisi\u00f3 i al final se&#039;ns acaba fent malb\u00e9, per la qual cosa solucionar el problema pot ser molt m\u00e9s car que haver realitzat un.<\/p>\n\n\n\n<p>En les revisions i el manteniment que oferim a la nostra empresa, Apen, us assegurem que fem una inspecci\u00f3 profunda de tots els aspectes dels productes inform\u00e0tics de la vostra empresa, per tal de garantir que no hi ha cap error, i en cas d&#039;haver-ho, ho reparem abans que sigui massa tard.<\/p>\n\n\n\n<p>Amb aquest servei de manteniment gaudireu d&#039;un sistema segur i assequible per a empreses que busquin experts aliens a la vostra companyia, per\u00f2 capacitats i grans entesos del medi, amb un personal t\u00e8cnic altament qualificat, aix\u00ed que si voleu m\u00e9s informaci\u00f3 sobre tots els&nbsp;<strong>serveis inform\u00e0tics a Matar\u00f3<\/strong>&nbsp;que oferim a la nostra empresa, com per exemple el de manteniment, o molts m\u00e9s que trobareu a la nostra p\u00e0gina web, no dubteu a posar-vos en contacte amb nosaltres, ja que estarem encantats de poder-vos atendre i ajudar en tot el que estigui a les nostres mans, aix\u00ed que no espereu m\u00e9s, us estem esperant.<\/p>","protected":false},"excerpt":{"rendered":"<p>Apen, somos una empresa con m\u00e1s de 25 a\u00f1os ofreciendo el mejor&nbsp;servicio&nbsp;inform\u00e1tico en Matar\u00f3, ya que durante todos estos a\u00f1os hemos tenido un objetivo muy claro, que es que nunca un problema en los ordenadores o en equipos inform\u00e1ticos ralenticen la productividad de ninguna empresa, ya que esto tendr\u00eda grandes consecuencias para ellos, bajando la&#8230;<\/p>","protected":false},"author":4,"featured_media":0,"parent":13823,"menu_order":0,"comment_status":"closed","ping_status":"closed","template":"page-servicio-informatico.php","meta":{"_acf_changed":false,"_kad_blocks_custom_css":"","_kad_blocks_head_custom_js":"","_kad_blocks_body_custom_js":"","_kad_blocks_footer_custom_js":"","_kad_post_transparent":"","_kad_post_title":"","_kad_post_layout":"","_kad_post_sidebar_id":"","_kad_post_content_style":"","_kad_post_vertical_padding":"","_kad_post_feature":"","_kad_post_feature_position":"","_kad_post_header":false,"_kad_post_footer":false,"_kad_post_classname":"","footnotes":""},"class_list":["post-13833","page","type-page","status-publish","hentry"],"acf":[],"yoast_head":"<!-- This site is optimized with the Yoast SEO plugin v27.4 - https:\/\/yoast.com\/product\/yoast-seo-wordpress\/ -->\n<title>Servicio inform\u00e1tico Matar\u00f3 - Apen Inform\u00e1tica<\/title>\n<meta name=\"description\" content=\"\u00bfTu empresa necesita un servicio inform\u00e1tico en Mataro? Ofrecemos soluciones tecnolog\u00edcas que ayudamos a las empresas a digitalizarse. Conf\u00eda en Apen.\" \/>\n<meta name=\"robots\" content=\"index, follow, max-snippet:-1, max-image-preview:large, max-video-preview:-1\" \/>\n<link rel=\"canonical\" href=\"https:\/\/www.apen.es\/ca\/manteniment-informatic\/servei-informatic\/servei-informatic-mataro\/\" \/>\n<meta property=\"og:locale\" content=\"ca_ES\" \/>\n<meta property=\"og:type\" content=\"article\" \/>\n<meta property=\"og:title\" content=\"Servicio inform\u00e1tico Matar\u00f3 - Apen Inform\u00e1tica\" \/>\n<meta property=\"og:description\" content=\"\u00bfTu empresa necesita un servicio inform\u00e1tico en Mataro? Ofrecemos soluciones tecnolog\u00edcas que ayudamos a las empresas a digitalizarse. Conf\u00eda en Apen.\" \/>\n<meta property=\"og:url\" content=\"https:\/\/www.apen.es\/ca\/manteniment-informatic\/servei-informatic\/servei-informatic-mataro\/\" \/>\n<meta property=\"og:site_name\" content=\"Apen Inform\u00e1tica\" \/>\n<meta property=\"article:publisher\" content=\"https:\/\/www.facebook.com\/apensolucions\" \/>\n<meta property=\"article:modified_time\" content=\"2025-03-31T06:17:43+00:00\" \/>\n<meta property=\"og:image\" content=\"https:\/\/www.apen.es\/wp-content\/uploads\/2016\/05\/logo-apen-231x82-trasparent.png\" \/>\n\t<meta property=\"og:image:width\" content=\"231\" \/>\n\t<meta property=\"og:image:height\" content=\"82\" \/>\n\t<meta property=\"og:image:type\" content=\"image\/png\" \/>\n<meta name=\"twitter:card\" content=\"summary_large_image\" \/>\n<meta name=\"twitter:label1\" content=\"Temps estimat de lectura\" \/>\n\t<meta name=\"twitter:data1\" content=\"10 minuts\" \/>\n<script type=\"application\/ld+json\" class=\"yoast-schema-graph\">{\"@context\":\"https:\\\/\\\/schema.org\",\"@graph\":[{\"@type\":\"WebPage\",\"@id\":\"https:\\\/\\\/www.apen.es\\\/mantenimiento-informatico\\\/servicio-informatico\\\/servicio-informatico-mataro\\\/\",\"url\":\"https:\\\/\\\/www.apen.es\\\/mantenimiento-informatico\\\/servicio-informatico\\\/servicio-informatico-mataro\\\/\",\"name\":\"Servicio inform\u00e1tico Matar\u00f3 - Apen Inform\u00e1tica\",\"isPartOf\":{\"@id\":\"https:\\\/\\\/www.apen.es\\\/#website\"},\"datePublished\":\"2019-04-15T09:14:49+00:00\",\"dateModified\":\"2025-03-31T06:17:43+00:00\",\"description\":\"\u00bfTu empresa necesita un servicio inform\u00e1tico en Mataro? Ofrecemos soluciones tecnolog\u00edcas que ayudamos a las empresas a digitalizarse. Conf\u00eda en Apen.\",\"breadcrumb\":{\"@id\":\"https:\\\/\\\/www.apen.es\\\/mantenimiento-informatico\\\/servicio-informatico\\\/servicio-informatico-mataro\\\/#breadcrumb\"},\"inLanguage\":\"ca\",\"potentialAction\":[{\"@type\":\"ReadAction\",\"target\":[\"https:\\\/\\\/www.apen.es\\\/mantenimiento-informatico\\\/servicio-informatico\\\/servicio-informatico-mataro\\\/\"]}]},{\"@type\":\"BreadcrumbList\",\"@id\":\"https:\\\/\\\/www.apen.es\\\/mantenimiento-informatico\\\/servicio-informatico\\\/servicio-informatico-mataro\\\/#breadcrumb\",\"itemListElement\":[{\"@type\":\"ListItem\",\"position\":1,\"name\":\"Portada\",\"item\":\"https:\\\/\\\/www.apen.es\\\/\"},{\"@type\":\"ListItem\",\"position\":2,\"name\":\"Mantenimiento inform\u00e1tico\",\"item\":\"https:\\\/\\\/www.apen.es\\\/mantenimiento-informatico\\\/\"},{\"@type\":\"ListItem\",\"position\":3,\"name\":\"Servicio inform\u00e1tico\",\"item\":\"https:\\\/\\\/www.apen.es\\\/mantenimiento-informatico\\\/servicio-informatico\\\/\"},{\"@type\":\"ListItem\",\"position\":4,\"name\":\"Servicio inform\u00e1tico Matar\u00f3\"}]},{\"@type\":\"WebSite\",\"@id\":\"https:\\\/\\\/www.apen.es\\\/#website\",\"url\":\"https:\\\/\\\/www.apen.es\\\/\",\"name\":\"Apen Inform\u00e1tica\",\"description\":\"Mantenimiento Inform\u00e1tico , Software de Gesti\u00f3n, Soluciones de impresi\u00f3n\",\"publisher\":{\"@id\":\"https:\\\/\\\/www.apen.es\\\/#organization\"},\"potentialAction\":[{\"@type\":\"SearchAction\",\"target\":{\"@type\":\"EntryPoint\",\"urlTemplate\":\"https:\\\/\\\/www.apen.es\\\/?s={search_term_string}\"},\"query-input\":{\"@type\":\"PropertyValueSpecification\",\"valueRequired\":true,\"valueName\":\"search_term_string\"}}],\"inLanguage\":\"ca\"},{\"@type\":\"Organization\",\"@id\":\"https:\\\/\\\/www.apen.es\\\/#organization\",\"name\":\"Apen: Soluciones inform\u00e1ticas\",\"url\":\"https:\\\/\\\/www.apen.es\\\/\",\"logo\":{\"@type\":\"ImageObject\",\"inLanguage\":\"ca\",\"@id\":\"https:\\\/\\\/www.apen.es\\\/#\\\/schema\\\/logo\\\/image\\\/\",\"url\":\"https:\\\/\\\/www.apen.es\\\/wp-content\\\/uploads\\\/2022\\\/08\\\/logo-apenok-231x82-1.png\",\"contentUrl\":\"https:\\\/\\\/www.apen.es\\\/wp-content\\\/uploads\\\/2022\\\/08\\\/logo-apenok-231x82-1.png\",\"width\":231,\"height\":82,\"caption\":\"Apen: Soluciones inform\u00e1ticas\"},\"image\":{\"@id\":\"https:\\\/\\\/www.apen.es\\\/#\\\/schema\\\/logo\\\/image\\\/\"},\"sameAs\":[\"https:\\\/\\\/www.facebook.com\\\/apensolucions\",\"https:\\\/\\\/www.youtube.com\\\/user\\\/ApenCentreInformatic\",\"https:\\\/\\\/www.linkedin.com\\\/company\\\/1021771?trk=tyah&trkInfo=clickedVerticalcompanyclickedEntityId1021771idx2-1-2tarId1464195271196tasapenin\"]}]}<\/script>\n<!-- \/ Yoast SEO plugin. -->","yoast_head_json":{"title":"Servei inform\u00e0tic Matar\u00f3 - Apen Inform\u00e0tica","description":"La teva empresa necessita un servei inform\u00e0tic a Mataro? Oferim solucions tecnol\u00f2giques que ajudem les empreses a digitalitzar-se. Confia en Apen.","robots":{"index":"index","follow":"follow","max-snippet":"max-snippet:-1","max-image-preview":"max-image-preview:large","max-video-preview":"max-video-preview:-1"},"canonical":"https:\/\/www.apen.es\/ca\/manteniment-informatic\/servei-informatic\/servei-informatic-mataro\/","og_locale":"ca_ES","og_type":"article","og_title":"Servicio inform\u00e1tico Matar\u00f3 - Apen Inform\u00e1tica","og_description":"\u00bfTu empresa necesita un servicio inform\u00e1tico en Mataro? Ofrecemos soluciones tecnolog\u00edcas que ayudamos a las empresas a digitalizarse. Conf\u00eda en Apen.","og_url":"https:\/\/www.apen.es\/ca\/manteniment-informatic\/servei-informatic\/servei-informatic-mataro\/","og_site_name":"Apen Inform\u00e1tica","article_publisher":"https:\/\/www.facebook.com\/apensolucions","article_modified_time":"2025-03-31T06:17:43+00:00","og_image":[{"width":231,"height":82,"url":"https:\/\/www.apen.es\/wp-content\/uploads\/2016\/05\/logo-apen-231x82-trasparent.png","type":"image\/png"}],"twitter_card":"summary_large_image","twitter_misc":{"Temps estimat de lectura":"10 minuts"},"schema":{"@context":"https:\/\/schema.org","@graph":[{"@type":"WebPage","@id":"https:\/\/www.apen.es\/mantenimiento-informatico\/servicio-informatico\/servicio-informatico-mataro\/","url":"https:\/\/www.apen.es\/mantenimiento-informatico\/servicio-informatico\/servicio-informatico-mataro\/","name":"Servei inform\u00e0tic Matar\u00f3 - Apen Inform\u00e0tica","isPartOf":{"@id":"https:\/\/www.apen.es\/#website"},"datePublished":"2019-04-15T09:14:49+00:00","dateModified":"2025-03-31T06:17:43+00:00","description":"La teva empresa necessita un servei inform\u00e0tic a Mataro? Oferim solucions tecnol\u00f2giques que ajudem les empreses a digitalitzar-se. Confia en Apen.","breadcrumb":{"@id":"https:\/\/www.apen.es\/mantenimiento-informatico\/servicio-informatico\/servicio-informatico-mataro\/#breadcrumb"},"inLanguage":"ca","potentialAction":[{"@type":"ReadAction","target":["https:\/\/www.apen.es\/mantenimiento-informatico\/servicio-informatico\/servicio-informatico-mataro\/"]}]},{"@type":"BreadcrumbList","@id":"https:\/\/www.apen.es\/mantenimiento-informatico\/servicio-informatico\/servicio-informatico-mataro\/#breadcrumb","itemListElement":[{"@type":"ListItem","position":1,"name":"Portada","item":"https:\/\/www.apen.es\/"},{"@type":"ListItem","position":2,"name":"Mantenimiento inform\u00e1tico","item":"https:\/\/www.apen.es\/mantenimiento-informatico\/"},{"@type":"ListItem","position":3,"name":"Servicio inform\u00e1tico","item":"https:\/\/www.apen.es\/mantenimiento-informatico\/servicio-informatico\/"},{"@type":"ListItem","position":4,"name":"Servicio inform\u00e1tico Matar\u00f3"}]},{"@type":"WebSite","@id":"https:\/\/www.apen.es\/#website","url":"https:\/\/www.apen.es\/","name":"Apen Inform\u00e0tica","description":"Manteniment inform\u00e0tic , programari de gesti\u00f3, solucions d&#039;impressi\u00f3","publisher":{"@id":"https:\/\/www.apen.es\/#organization"},"potentialAction":[{"@type":"SearchAction","target":{"@type":"EntryPoint","urlTemplate":"https:\/\/www.apen.es\/?s={search_term_string}"},"query-input":{"@type":"PropertyValueSpecification","valueRequired":true,"valueName":"search_term_string"}}],"inLanguage":"ca"},{"@type":"Organization","@id":"https:\/\/www.apen.es\/#organization","name":"Apen: Solucions inform\u00e0tiques","url":"https:\/\/www.apen.es\/","logo":{"@type":"ImageObject","inLanguage":"ca","@id":"https:\/\/www.apen.es\/#\/schema\/logo\/image\/","url":"https:\/\/www.apen.es\/wp-content\/uploads\/2022\/08\/logo-apenok-231x82-1.png","contentUrl":"https:\/\/www.apen.es\/wp-content\/uploads\/2022\/08\/logo-apenok-231x82-1.png","width":231,"height":82,"caption":"Apen: Soluciones inform\u00e1ticas"},"image":{"@id":"https:\/\/www.apen.es\/#\/schema\/logo\/image\/"},"sameAs":["https:\/\/www.facebook.com\/apensolucions","https:\/\/www.youtube.com\/user\/ApenCentreInformatic","https:\/\/www.linkedin.com\/company\/1021771?trk=tyah&trkInfo=clickedVerticalcompanyclickedEntityId1021771idx2-1-2tarId1464195271196tasapenin"]}]}},"taxonomy_info":[],"featured_image_src_large":false,"author_info":{"display_name":"marqueting","author_link":"https:\/\/www.apen.es\/ca\/blog\/author\/marqueting\/"},"comment_info":0,"_links":{"self":[{"href":"https:\/\/www.apen.es\/ca\/wp-json\/wp\/v2\/pages\/13833","targetHints":{"allow":["GET"]}}],"collection":[{"href":"https:\/\/www.apen.es\/ca\/wp-json\/wp\/v2\/pages"}],"about":[{"href":"https:\/\/www.apen.es\/ca\/wp-json\/wp\/v2\/types\/page"}],"author":[{"embeddable":true,"href":"https:\/\/www.apen.es\/ca\/wp-json\/wp\/v2\/users\/4"}],"replies":[{"embeddable":true,"href":"https:\/\/www.apen.es\/ca\/wp-json\/wp\/v2\/comments?post=13833"}],"version-history":[{"count":2,"href":"https:\/\/www.apen.es\/ca\/wp-json\/wp\/v2\/pages\/13833\/revisions"}],"predecessor-version":[{"id":54479,"href":"https:\/\/www.apen.es\/ca\/wp-json\/wp\/v2\/pages\/13833\/revisions\/54479"}],"up":[{"embeddable":true,"href":"https:\/\/www.apen.es\/ca\/wp-json\/wp\/v2\/pages\/13823"}],"wp:attachment":[{"href":"https:\/\/www.apen.es\/ca\/wp-json\/wp\/v2\/media?parent=13833"}],"curies":[{"name":"wp","href":"https:\/\/api.w.org\/{rel}","templated":true}]}}