{"id":13831,"date":"2019-04-15T09:12:52","date_gmt":"2019-04-15T09:12:52","guid":{"rendered":"https:\/\/www.apen.es\/?page_id=13831"},"modified":"2025-03-31T06:17:31","modified_gmt":"2025-03-31T06:17:31","slug":"servei-informatic-hospitalet","status":"publish","type":"page","link":"https:\/\/www.apen.es\/ca\/mantenimiento-informatico\/servicio-informatico\/servicio-informatico-hospitalet\/","title":{"rendered":"Servei inform\u00e0tic Hospitalet"},"content":{"rendered":"<p>Si est\u00e0s buscant un&nbsp;<strong>servei inform\u00e0tic<\/strong>&nbsp;professional a&nbsp;<strong>Hospitalet<\/strong>&nbsp;que pugui cobrir les necessitats reals de la teva empresa, a Apen estem disposats a ajudar-te i assessorar-te professionalment. Comptem amb una llarga i experimentada traject\u00f2ria de m\u00e9s de 25 anys treballant de manera especialitzada tant en la seguretat inform\u00e0tica com en el manteniment inform\u00e0tic, que ens ha perm\u00e8s ser actualment una de les empreses m\u00e9s reconegudes d&#039;aquest sector a la prov\u00edncia de Barcelona.<\/p>\n\n\n\n<p>No deixem mai d&#039;innovar i d&#039;inventar noves f\u00f3rmules que permetin obtenir el millor&nbsp;<strong>servei inform\u00e0tic<\/strong>&nbsp;a&nbsp;<strong>Hospitalet<\/strong>&nbsp;als nostres clients, apostant sempre per les millors marques i materials per poder garantir la m\u00e0xima qualitat a tots els nostres productes i serveis. Oferim un servei integral que posa a la disposici\u00f3 del client un sistema innovador i adaptat completament a les seves necessitats. A m\u00e9s, comptem amb un equip t\u00e8cnic qualificat capa\u00e7 de resoldre qualsevol anomalia que es presenti, prestant especial import\u00e0ncia a la realitzaci\u00f3 d&#039;un manteniment preventiu, al&nbsp;<strong>servei inform\u00e0tic<\/strong>&nbsp;a&nbsp;<strong>Hospitalet<\/strong>. Si decideixes incorporar un servei inform\u00e0tic professional a la teva empresa aconseguir\u00e0s un gran benefici, no nom\u00e9s als teus equips sin\u00f3 tamb\u00e9 a la gesti\u00f3 empresarial. Perqu\u00e8 invertir en un&nbsp;<strong>servei inform\u00e0tic<\/strong>&nbsp;professional a&nbsp;<strong>Hospitalet<\/strong>&nbsp;\u00e9s apostar per un recurs intel\u00b7ligent per a la teva empresa, efica\u00e7 i fet a mida, que et permetr\u00e0 cr\u00e9ixer de manera exponencial. Mitjan\u00e7ant la intervenci\u00f3 i el suport professional del nostre equip t\u00e8cnic comptareu amb un servei de qualitat que t\u00e9 la capacitat d&#039;oferir tot all\u00f2 que la vostra empresa necessita, mitjan\u00e7ant les tres modalitats de manteniment inform\u00e0tic que us presentem a Apen: Manteniment Base, manteniment Outsourcing i manteniment Premium SPC. Tres possibilitats que van des del&nbsp;<strong>servei inform\u00e0tic<\/strong>&nbsp;a&nbsp;<strong>Hospitalet<\/strong>&nbsp;m\u00e9s b\u00e0sic fins a lopci\u00f3 m\u00e9s complexa, tenint en compte que totes aquestes opcions tenen la possibilitat de readaptar-se a cada tipus dempresa.<\/p>\n\n\n\n<p>Es tracta d&#039;un sistema segur i assequible per a totes aquelles empreses que vulguin obtenir el benefici m\u00e9s gran del&nbsp;<strong>servei inform\u00e0tic<\/strong>&nbsp;a&nbsp;<strong>Hospitalet<\/strong>, podent confiar en una empresa externa amb total confian\u00e7a, que estigui capacitada per dur a terme aquest servei amb totes les garanties. A Apen podem assegurar el bon funcionament de la teva PIME oferint-te tots els avantatges d&#039;aquest servei professional, que a m\u00e9s de permetre&#039;t gaudir d&#039;una tecnologia d&#039;\u00faltima generaci\u00f3 i de l&#039;estalvi als costos anuals de la teva empresa.<\/p>\n\n\n\n<p>A Apen ens podem ocupar del manteniment d&#039;ordinadors de servei de r\u00e8nting d&#039;equips inform\u00e0tics, de solucions d&#039;impressi\u00f3, implantar un programari de gesti\u00f3 empresarial, fer c\u00f2pies de seguretat, instal\u00b7lar antivirus, etc. Si vols con\u00e8ixer tots els serveis que et podem oferir et convidem a entrar a la nostra p\u00e0gina web, on podr\u00e0s descobrir una mica m\u00e9s sobre nosaltres i saber tot el que inclou el nostre&nbsp;<strong>servei inform\u00e0tic<\/strong>&nbsp;professional a&nbsp;<strong>Hospitalet<\/strong>.<\/p>","protected":false},"excerpt":{"rendered":"<p>Si est\u00e1s buscando un&nbsp;servicio inform\u00e1tico&nbsp;profesional en&nbsp;Hospitalet&nbsp;que pueda cubrir las necesidades reales de tu empresa, en Apen estamos dispuestos a ayudarte y asesorarte profesionalmente. Contamos con una larga y experimentada trayectoria de m\u00e1s de 25 a\u00f1os trabajando de forma especializada tanto en la seguridad inform\u00e1tica como en el mantenimiento inform\u00e1tico, que nos ha permitido ser actualmente&#8230;<\/p>","protected":false},"author":4,"featured_media":0,"parent":13823,"menu_order":0,"comment_status":"closed","ping_status":"closed","template":"page-servicio-informatico.php","meta":{"_acf_changed":false,"_kad_blocks_custom_css":"","_kad_blocks_head_custom_js":"","_kad_blocks_body_custom_js":"","_kad_blocks_footer_custom_js":"","_kad_post_transparent":"","_kad_post_title":"","_kad_post_layout":"","_kad_post_sidebar_id":"","_kad_post_content_style":"","_kad_post_vertical_padding":"","_kad_post_feature":"","_kad_post_feature_position":"","_kad_post_header":false,"_kad_post_footer":false,"_kad_post_classname":"","footnotes":""},"class_list":["post-13831","page","type-page","status-publish","hentry"],"acf":[],"yoast_head":"<!-- This site is optimized with the Yoast SEO plugin v27.4 - https:\/\/yoast.com\/product\/yoast-seo-wordpress\/ -->\n<title>Servicio inform\u00e1tico Hospitalet - Apen Inform\u00e1tica<\/title>\n<meta name=\"description\" content=\"\u00bfTu empresa necesita un servicio inform\u00e1tico en Hospitalet Ofrecemos soluciones tecnolog\u00edcas que ayudamos a las empresas a digitalizarse. Conf\u00eda en Apen.\" \/>\n<meta name=\"robots\" content=\"index, follow, max-snippet:-1, max-image-preview:large, max-video-preview:-1\" \/>\n<link rel=\"canonical\" href=\"https:\/\/www.apen.es\/ca\/manteniment-informatic\/servei-informatic\/servei-informatic-hospitalet\/\" \/>\n<meta property=\"og:locale\" content=\"ca_ES\" \/>\n<meta property=\"og:type\" content=\"article\" \/>\n<meta property=\"og:title\" content=\"Servicio inform\u00e1tico Hospitalet - Apen Inform\u00e1tica\" \/>\n<meta property=\"og:description\" content=\"\u00bfTu empresa necesita un servicio inform\u00e1tico en Hospitalet Ofrecemos soluciones tecnolog\u00edcas que ayudamos a las empresas a digitalizarse. Conf\u00eda en Apen.\" \/>\n<meta property=\"og:url\" content=\"https:\/\/www.apen.es\/ca\/manteniment-informatic\/servei-informatic\/servei-informatic-hospitalet\/\" \/>\n<meta property=\"og:site_name\" content=\"Apen Inform\u00e1tica\" \/>\n<meta property=\"article:publisher\" content=\"https:\/\/www.facebook.com\/apensolucions\" \/>\n<meta property=\"article:modified_time\" content=\"2025-03-31T06:17:31+00:00\" \/>\n<meta property=\"og:image\" content=\"https:\/\/www.apen.es\/wp-content\/uploads\/2016\/05\/logo-apen-231x82-trasparent.png\" \/>\n\t<meta property=\"og:image:width\" content=\"231\" \/>\n\t<meta property=\"og:image:height\" content=\"82\" \/>\n\t<meta property=\"og:image:type\" content=\"image\/png\" \/>\n<meta name=\"twitter:card\" content=\"summary_large_image\" \/>\n<meta name=\"twitter:label1\" content=\"Temps estimat de lectura\" \/>\n\t<meta name=\"twitter:data1\" content=\"10 minuts\" \/>\n<script type=\"application\/ld+json\" class=\"yoast-schema-graph\">{\"@context\":\"https:\\\/\\\/schema.org\",\"@graph\":[{\"@type\":\"WebPage\",\"@id\":\"https:\\\/\\\/www.apen.es\\\/mantenimiento-informatico\\\/servicio-informatico\\\/servicio-informatico-hospitalet\\\/\",\"url\":\"https:\\\/\\\/www.apen.es\\\/mantenimiento-informatico\\\/servicio-informatico\\\/servicio-informatico-hospitalet\\\/\",\"name\":\"Servicio inform\u00e1tico Hospitalet - Apen Inform\u00e1tica\",\"isPartOf\":{\"@id\":\"https:\\\/\\\/www.apen.es\\\/#website\"},\"datePublished\":\"2019-04-15T09:12:52+00:00\",\"dateModified\":\"2025-03-31T06:17:31+00:00\",\"description\":\"\u00bfTu empresa necesita un servicio inform\u00e1tico en Hospitalet Ofrecemos soluciones tecnolog\u00edcas que ayudamos a las empresas a digitalizarse. Conf\u00eda en Apen.\",\"breadcrumb\":{\"@id\":\"https:\\\/\\\/www.apen.es\\\/mantenimiento-informatico\\\/servicio-informatico\\\/servicio-informatico-hospitalet\\\/#breadcrumb\"},\"inLanguage\":\"ca\",\"potentialAction\":[{\"@type\":\"ReadAction\",\"target\":[\"https:\\\/\\\/www.apen.es\\\/mantenimiento-informatico\\\/servicio-informatico\\\/servicio-informatico-hospitalet\\\/\"]}]},{\"@type\":\"BreadcrumbList\",\"@id\":\"https:\\\/\\\/www.apen.es\\\/mantenimiento-informatico\\\/servicio-informatico\\\/servicio-informatico-hospitalet\\\/#breadcrumb\",\"itemListElement\":[{\"@type\":\"ListItem\",\"position\":1,\"name\":\"Portada\",\"item\":\"https:\\\/\\\/www.apen.es\\\/\"},{\"@type\":\"ListItem\",\"position\":2,\"name\":\"Mantenimiento inform\u00e1tico\",\"item\":\"https:\\\/\\\/www.apen.es\\\/mantenimiento-informatico\\\/\"},{\"@type\":\"ListItem\",\"position\":3,\"name\":\"Servicio inform\u00e1tico\",\"item\":\"https:\\\/\\\/www.apen.es\\\/mantenimiento-informatico\\\/servicio-informatico\\\/\"},{\"@type\":\"ListItem\",\"position\":4,\"name\":\"Servicio inform\u00e1tico Hospitalet\"}]},{\"@type\":\"WebSite\",\"@id\":\"https:\\\/\\\/www.apen.es\\\/#website\",\"url\":\"https:\\\/\\\/www.apen.es\\\/\",\"name\":\"Apen Inform\u00e1tica\",\"description\":\"Mantenimiento Inform\u00e1tico , Software de Gesti\u00f3n, Soluciones de impresi\u00f3n\",\"publisher\":{\"@id\":\"https:\\\/\\\/www.apen.es\\\/#organization\"},\"potentialAction\":[{\"@type\":\"SearchAction\",\"target\":{\"@type\":\"EntryPoint\",\"urlTemplate\":\"https:\\\/\\\/www.apen.es\\\/?s={search_term_string}\"},\"query-input\":{\"@type\":\"PropertyValueSpecification\",\"valueRequired\":true,\"valueName\":\"search_term_string\"}}],\"inLanguage\":\"ca\"},{\"@type\":\"Organization\",\"@id\":\"https:\\\/\\\/www.apen.es\\\/#organization\",\"name\":\"Apen: Soluciones inform\u00e1ticas\",\"url\":\"https:\\\/\\\/www.apen.es\\\/\",\"logo\":{\"@type\":\"ImageObject\",\"inLanguage\":\"ca\",\"@id\":\"https:\\\/\\\/www.apen.es\\\/#\\\/schema\\\/logo\\\/image\\\/\",\"url\":\"https:\\\/\\\/www.apen.es\\\/wp-content\\\/uploads\\\/2022\\\/08\\\/logo-apenok-231x82-1.png\",\"contentUrl\":\"https:\\\/\\\/www.apen.es\\\/wp-content\\\/uploads\\\/2022\\\/08\\\/logo-apenok-231x82-1.png\",\"width\":231,\"height\":82,\"caption\":\"Apen: Soluciones inform\u00e1ticas\"},\"image\":{\"@id\":\"https:\\\/\\\/www.apen.es\\\/#\\\/schema\\\/logo\\\/image\\\/\"},\"sameAs\":[\"https:\\\/\\\/www.facebook.com\\\/apensolucions\",\"https:\\\/\\\/www.youtube.com\\\/user\\\/ApenCentreInformatic\",\"https:\\\/\\\/www.linkedin.com\\\/company\\\/1021771?trk=tyah&trkInfo=clickedVerticalcompanyclickedEntityId1021771idx2-1-2tarId1464195271196tasapenin\"]}]}<\/script>\n<!-- \/ Yoast SEO plugin. -->","yoast_head_json":{"title":"Servei inform\u00e0tic Hospitalet - Apen Inform\u00e0tica","description":"La teva empresa necessita un servei inform\u00e0tic a Hospitalet Oferim solucions tecnol\u00f2giques que ajudem les empreses a digitalitzar-se. Confia en Apen.","robots":{"index":"index","follow":"follow","max-snippet":"max-snippet:-1","max-image-preview":"max-image-preview:large","max-video-preview":"max-video-preview:-1"},"canonical":"https:\/\/www.apen.es\/ca\/manteniment-informatic\/servei-informatic\/servei-informatic-hospitalet\/","og_locale":"ca_ES","og_type":"article","og_title":"Servicio inform\u00e1tico Hospitalet - Apen Inform\u00e1tica","og_description":"\u00bfTu empresa necesita un servicio inform\u00e1tico en Hospitalet Ofrecemos soluciones tecnolog\u00edcas que ayudamos a las empresas a digitalizarse. Conf\u00eda en Apen.","og_url":"https:\/\/www.apen.es\/ca\/manteniment-informatic\/servei-informatic\/servei-informatic-hospitalet\/","og_site_name":"Apen Inform\u00e1tica","article_publisher":"https:\/\/www.facebook.com\/apensolucions","article_modified_time":"2025-03-31T06:17:31+00:00","og_image":[{"width":231,"height":82,"url":"https:\/\/www.apen.es\/wp-content\/uploads\/2016\/05\/logo-apen-231x82-trasparent.png","type":"image\/png"}],"twitter_card":"summary_large_image","twitter_misc":{"Temps estimat de lectura":"10 minuts"},"schema":{"@context":"https:\/\/schema.org","@graph":[{"@type":"WebPage","@id":"https:\/\/www.apen.es\/mantenimiento-informatico\/servicio-informatico\/servicio-informatico-hospitalet\/","url":"https:\/\/www.apen.es\/mantenimiento-informatico\/servicio-informatico\/servicio-informatico-hospitalet\/","name":"Servei inform\u00e0tic Hospitalet - Apen Inform\u00e0tica","isPartOf":{"@id":"https:\/\/www.apen.es\/#website"},"datePublished":"2019-04-15T09:12:52+00:00","dateModified":"2025-03-31T06:17:31+00:00","description":"La teva empresa necessita un servei inform\u00e0tic a Hospitalet Oferim solucions tecnol\u00f2giques que ajudem les empreses a digitalitzar-se. Confia en Apen.","breadcrumb":{"@id":"https:\/\/www.apen.es\/mantenimiento-informatico\/servicio-informatico\/servicio-informatico-hospitalet\/#breadcrumb"},"inLanguage":"ca","potentialAction":[{"@type":"ReadAction","target":["https:\/\/www.apen.es\/mantenimiento-informatico\/servicio-informatico\/servicio-informatico-hospitalet\/"]}]},{"@type":"BreadcrumbList","@id":"https:\/\/www.apen.es\/mantenimiento-informatico\/servicio-informatico\/servicio-informatico-hospitalet\/#breadcrumb","itemListElement":[{"@type":"ListItem","position":1,"name":"Portada","item":"https:\/\/www.apen.es\/"},{"@type":"ListItem","position":2,"name":"Mantenimiento inform\u00e1tico","item":"https:\/\/www.apen.es\/mantenimiento-informatico\/"},{"@type":"ListItem","position":3,"name":"Servicio inform\u00e1tico","item":"https:\/\/www.apen.es\/mantenimiento-informatico\/servicio-informatico\/"},{"@type":"ListItem","position":4,"name":"Servicio inform\u00e1tico Hospitalet"}]},{"@type":"WebSite","@id":"https:\/\/www.apen.es\/#website","url":"https:\/\/www.apen.es\/","name":"Apen Inform\u00e0tica","description":"Manteniment inform\u00e0tic , programari de gesti\u00f3, solucions d&#039;impressi\u00f3","publisher":{"@id":"https:\/\/www.apen.es\/#organization"},"potentialAction":[{"@type":"SearchAction","target":{"@type":"EntryPoint","urlTemplate":"https:\/\/www.apen.es\/?s={search_term_string}"},"query-input":{"@type":"PropertyValueSpecification","valueRequired":true,"valueName":"search_term_string"}}],"inLanguage":"ca"},{"@type":"Organization","@id":"https:\/\/www.apen.es\/#organization","name":"Apen: Solucions inform\u00e0tiques","url":"https:\/\/www.apen.es\/","logo":{"@type":"ImageObject","inLanguage":"ca","@id":"https:\/\/www.apen.es\/#\/schema\/logo\/image\/","url":"https:\/\/www.apen.es\/wp-content\/uploads\/2022\/08\/logo-apenok-231x82-1.png","contentUrl":"https:\/\/www.apen.es\/wp-content\/uploads\/2022\/08\/logo-apenok-231x82-1.png","width":231,"height":82,"caption":"Apen: Soluciones inform\u00e1ticas"},"image":{"@id":"https:\/\/www.apen.es\/#\/schema\/logo\/image\/"},"sameAs":["https:\/\/www.facebook.com\/apensolucions","https:\/\/www.youtube.com\/user\/ApenCentreInformatic","https:\/\/www.linkedin.com\/company\/1021771?trk=tyah&trkInfo=clickedVerticalcompanyclickedEntityId1021771idx2-1-2tarId1464195271196tasapenin"]}]}},"taxonomy_info":[],"featured_image_src_large":false,"author_info":{"display_name":"marqueting","author_link":"https:\/\/www.apen.es\/ca\/blog\/author\/marqueting\/"},"comment_info":0,"_links":{"self":[{"href":"https:\/\/www.apen.es\/ca\/wp-json\/wp\/v2\/pages\/13831","targetHints":{"allow":["GET"]}}],"collection":[{"href":"https:\/\/www.apen.es\/ca\/wp-json\/wp\/v2\/pages"}],"about":[{"href":"https:\/\/www.apen.es\/ca\/wp-json\/wp\/v2\/types\/page"}],"author":[{"embeddable":true,"href":"https:\/\/www.apen.es\/ca\/wp-json\/wp\/v2\/users\/4"}],"replies":[{"embeddable":true,"href":"https:\/\/www.apen.es\/ca\/wp-json\/wp\/v2\/comments?post=13831"}],"version-history":[{"count":2,"href":"https:\/\/www.apen.es\/ca\/wp-json\/wp\/v2\/pages\/13831\/revisions"}],"predecessor-version":[{"id":54478,"href":"https:\/\/www.apen.es\/ca\/wp-json\/wp\/v2\/pages\/13831\/revisions\/54478"}],"up":[{"embeddable":true,"href":"https:\/\/www.apen.es\/ca\/wp-json\/wp\/v2\/pages\/13823"}],"wp:attachment":[{"href":"https:\/\/www.apen.es\/ca\/wp-json\/wp\/v2\/media?parent=13831"}],"curies":[{"name":"wp","href":"https:\/\/api.w.org\/{rel}","templated":true}]}}