{"id":13825,"date":"2019-04-15T09:09:06","date_gmt":"2019-04-15T09:09:06","guid":{"rendered":"https:\/\/www.apen.es\/?page_id=13825"},"modified":"2025-03-31T06:17:08","modified_gmt":"2025-03-31T06:17:08","slug":"servei-informatic-barcelona","status":"publish","type":"page","link":"https:\/\/www.apen.es\/ca\/mantenimiento-informatico\/servicio-informatico\/servicio-informatico-barcelona\/","title":{"rendered":"Servei inform\u00e0tic Barcelona"},"content":{"rendered":"<p>Tot just som una empresa on podreu trobar una gran quantitat de&nbsp;<strong>serveis<\/strong>&nbsp;<strong>inform\u00e0tics a Barcelona<\/strong>, tots ells amb grans resultats, personalitzats i totalment integrals. Us donem la total confian\u00e7a que els nostres serveis compleixen aquestes qualitats i que ens adaptem a diferents situacions com ara el manteniment d&#039;ordinadors, el manteniment de servidors o fins i tot de sistemes inform\u00e0tics, la instal\u00b7laci\u00f3 de sistemes antivirus, la implantaci\u00f3 d&#039;ERP, la realitzaci\u00f3 de c\u00f2pies de seguretat, la instal\u00b7laci\u00f3 de programes inform\u00e0tics, la detecci\u00f3 i l&#039;eliminaci\u00f3 de codi malici\u00f3s, instal\u00b7lacions i manteniment de xarxes locals.<\/p>\n\n\n\n<p>Si el que busqueu \u00e9s l&#039;\u00e8xit de la vostra empresa, i la tranquil\u00b7litat per a vosaltres i els vostres treballadors, una de les mesures imprescindibles que haur\u00edeu de prendre \u00e9s contractar els&nbsp;<strong>serveis inform\u00e0tics a Barcelona<\/strong>&nbsp;que oferim a la nostra empresa Apen, ja que segurament ja tingueu moltes coses per les que preocupar-vos i per les quals estar pendents dia a dia, com per haver de preocupar-vos tamb\u00e9 de si es produeix alguna fallada en els vostres equips inform\u00e0tics.<\/p>\n\n\n\n<p>Que es produ\u00eds un error en algun tipus d&#039;equip inform\u00e0tic d&#039;una empresa, avui dia, podria ser una gran cat\u00e0strofe, ja que pr\u00e0cticament tot est\u00e0 digitalitzat, per la qual cosa haver d&#039;esperar a reparar alguna pe\u00e7a, ens pot portar dies i per tant, compartiria una p\u00e8rdua de diners molt important, per aix\u00f2 la nostra recomanaci\u00f3 \u00e9s que contracteu un servei de manteniment.<\/p>\n\n\n\n<p>D&#039;aquesta manera, amb el servei de manteniment podreu gaudir d&#039;un sistema totalment segur per a vosaltres i molt assequible, de la m\u00e0 d&#039;aut\u00e8ntics professionals que estan totalment capacitats, ja que deixar aquesta feina en mans d&#039;algun treballador intern a l&#039;empresa pot ser molt perill\u00f3s si no coneixeu b\u00e9 quines s\u00f3n les t\u00e8cniques a utilitzar en cada moment i en cada situaci\u00f3 en concret.<\/p>\n\n\n\n<p>Si voleu saber m\u00e9s sobre els&nbsp;<strong>serveis inform\u00e0tics a Barcelona<\/strong>&nbsp;que oferim des de la nostra empresa, Apen, no dubteu a posar-vos en contacte amb nosaltres, ja que som una gran empresa amb m\u00e9s de 25 anys d&#039;experi\u00e8ncia, en els quals hem aconseguit molts \u00e8xits que ens han fet anar creixent i poder solucionar els problemes d&#039;una gran quantitat d&#039;empreses, per la qual cosa estarem encantats de poder-vos ajudar en all\u00f2 que estigui a les nostres mans.<\/p>\n\n\n\n<p>Durant aquests anys hem anat evolucionant juntament amb la tecnologia, per tal de poder oferir sempre als nostres clients el millor&nbsp;<strong>servei inform\u00e0tic a Barcelona<\/strong>, sempre per tal de trobar la vostra satisfacci\u00f3, i aix\u00f2 ho aconseguim gr\u00e0cies al comprom\u00eds ia la vocaci\u00f3 que sentim per la professi\u00f3 que exercim, ja que sens dubte, aix\u00f2 \u00e9s un altre dels grans punts a favor de la nostra empresa, que comptem amb un gran equip de professionals que us oferiran un servei molt personal.<\/p>","protected":false},"excerpt":{"rendered":"<p>Apen somos una empresa en la que podr\u00e9is encontrar una gran cantidad de&nbsp;servicios&nbsp;inform\u00e1ticos en Barcelona, todos ellos con grandes resultados, personalizados y totalmente integrales. Os damos la total confianza de que nuestros servicios cumplen estas cualidades y que nos adaptamos a diferentes situaciones como por ejemplo, el mantenimiento de ordenadores, el mantenimiento de servidores o&#8230;<\/p>","protected":false},"author":4,"featured_media":0,"parent":13823,"menu_order":0,"comment_status":"closed","ping_status":"closed","template":"page-servicio-informatico.php","meta":{"_acf_changed":false,"_kad_blocks_custom_css":"","_kad_blocks_head_custom_js":"","_kad_blocks_body_custom_js":"","_kad_blocks_footer_custom_js":"","_kad_post_transparent":"","_kad_post_title":"","_kad_post_layout":"","_kad_post_sidebar_id":"","_kad_post_content_style":"","_kad_post_vertical_padding":"","_kad_post_feature":"","_kad_post_feature_position":"","_kad_post_header":false,"_kad_post_footer":false,"_kad_post_classname":"","footnotes":""},"class_list":["post-13825","page","type-page","status-publish","hentry"],"acf":[],"yoast_head":"<!-- This site is optimized with the Yoast SEO plugin v27.4 - https:\/\/yoast.com\/product\/yoast-seo-wordpress\/ -->\n<title>Servicio inform\u00e1tico Barcelona - Apen Inform\u00e1tica<\/title>\n<meta name=\"description\" content=\"\u00bfTu empresa necesita un servicio inform\u00e1tico en Barcelona? Ofrecemos soluciones tecnolog\u00edcas que ayudamos a las empresas a digitalizarse. Conf\u00eda en Apen.\" \/>\n<meta name=\"robots\" content=\"index, follow, max-snippet:-1, max-image-preview:large, max-video-preview:-1\" \/>\n<link rel=\"canonical\" href=\"https:\/\/www.apen.es\/ca\/manteniment-informatic\/servei-informatic\/servei-informatic-barcelona\/\" \/>\n<meta property=\"og:locale\" content=\"ca_ES\" \/>\n<meta property=\"og:type\" content=\"article\" \/>\n<meta property=\"og:title\" content=\"Servicio inform\u00e1tico Barcelona - Apen Inform\u00e1tica\" \/>\n<meta property=\"og:description\" content=\"\u00bfTu empresa necesita un servicio inform\u00e1tico en Barcelona? Ofrecemos soluciones tecnolog\u00edcas que ayudamos a las empresas a digitalizarse. Conf\u00eda en Apen.\" \/>\n<meta property=\"og:url\" content=\"https:\/\/www.apen.es\/ca\/manteniment-informatic\/servei-informatic\/servei-informatic-barcelona\/\" \/>\n<meta property=\"og:site_name\" content=\"Apen Inform\u00e1tica\" \/>\n<meta property=\"article:publisher\" content=\"https:\/\/www.facebook.com\/apensolucions\" \/>\n<meta property=\"article:modified_time\" content=\"2025-03-31T06:17:08+00:00\" \/>\n<meta property=\"og:image\" content=\"https:\/\/www.apen.es\/wp-content\/uploads\/2016\/05\/logo-apen-231x82-trasparent.png\" \/>\n\t<meta property=\"og:image:width\" content=\"231\" \/>\n\t<meta property=\"og:image:height\" content=\"82\" \/>\n\t<meta property=\"og:image:type\" content=\"image\/png\" \/>\n<meta name=\"twitter:card\" content=\"summary_large_image\" \/>\n<meta name=\"twitter:label1\" content=\"Temps estimat de lectura\" \/>\n\t<meta name=\"twitter:data1\" content=\"10 minuts\" \/>\n<script type=\"application\/ld+json\" class=\"yoast-schema-graph\">{\"@context\":\"https:\\\/\\\/schema.org\",\"@graph\":[{\"@type\":\"WebPage\",\"@id\":\"https:\\\/\\\/www.apen.es\\\/mantenimiento-informatico\\\/servicio-informatico\\\/servicio-informatico-barcelona\\\/\",\"url\":\"https:\\\/\\\/www.apen.es\\\/mantenimiento-informatico\\\/servicio-informatico\\\/servicio-informatico-barcelona\\\/\",\"name\":\"Servicio inform\u00e1tico Barcelona - Apen Inform\u00e1tica\",\"isPartOf\":{\"@id\":\"https:\\\/\\\/www.apen.es\\\/#website\"},\"datePublished\":\"2019-04-15T09:09:06+00:00\",\"dateModified\":\"2025-03-31T06:17:08+00:00\",\"description\":\"\u00bfTu empresa necesita un servicio inform\u00e1tico en Barcelona? Ofrecemos soluciones tecnolog\u00edcas que ayudamos a las empresas a digitalizarse. Conf\u00eda en Apen.\",\"breadcrumb\":{\"@id\":\"https:\\\/\\\/www.apen.es\\\/mantenimiento-informatico\\\/servicio-informatico\\\/servicio-informatico-barcelona\\\/#breadcrumb\"},\"inLanguage\":\"ca\",\"potentialAction\":[{\"@type\":\"ReadAction\",\"target\":[\"https:\\\/\\\/www.apen.es\\\/mantenimiento-informatico\\\/servicio-informatico\\\/servicio-informatico-barcelona\\\/\"]}]},{\"@type\":\"BreadcrumbList\",\"@id\":\"https:\\\/\\\/www.apen.es\\\/mantenimiento-informatico\\\/servicio-informatico\\\/servicio-informatico-barcelona\\\/#breadcrumb\",\"itemListElement\":[{\"@type\":\"ListItem\",\"position\":1,\"name\":\"Portada\",\"item\":\"https:\\\/\\\/www.apen.es\\\/\"},{\"@type\":\"ListItem\",\"position\":2,\"name\":\"Mantenimiento inform\u00e1tico\",\"item\":\"https:\\\/\\\/www.apen.es\\\/mantenimiento-informatico\\\/\"},{\"@type\":\"ListItem\",\"position\":3,\"name\":\"Servicio inform\u00e1tico\",\"item\":\"https:\\\/\\\/www.apen.es\\\/mantenimiento-informatico\\\/servicio-informatico\\\/\"},{\"@type\":\"ListItem\",\"position\":4,\"name\":\"Servicio inform\u00e1tico Barcelona\"}]},{\"@type\":\"WebSite\",\"@id\":\"https:\\\/\\\/www.apen.es\\\/#website\",\"url\":\"https:\\\/\\\/www.apen.es\\\/\",\"name\":\"Apen Inform\u00e1tica\",\"description\":\"Mantenimiento Inform\u00e1tico , Software de Gesti\u00f3n, Soluciones de impresi\u00f3n\",\"publisher\":{\"@id\":\"https:\\\/\\\/www.apen.es\\\/#organization\"},\"potentialAction\":[{\"@type\":\"SearchAction\",\"target\":{\"@type\":\"EntryPoint\",\"urlTemplate\":\"https:\\\/\\\/www.apen.es\\\/?s={search_term_string}\"},\"query-input\":{\"@type\":\"PropertyValueSpecification\",\"valueRequired\":true,\"valueName\":\"search_term_string\"}}],\"inLanguage\":\"ca\"},{\"@type\":\"Organization\",\"@id\":\"https:\\\/\\\/www.apen.es\\\/#organization\",\"name\":\"Apen: Soluciones inform\u00e1ticas\",\"url\":\"https:\\\/\\\/www.apen.es\\\/\",\"logo\":{\"@type\":\"ImageObject\",\"inLanguage\":\"ca\",\"@id\":\"https:\\\/\\\/www.apen.es\\\/#\\\/schema\\\/logo\\\/image\\\/\",\"url\":\"https:\\\/\\\/www.apen.es\\\/wp-content\\\/uploads\\\/2022\\\/08\\\/logo-apenok-231x82-1.png\",\"contentUrl\":\"https:\\\/\\\/www.apen.es\\\/wp-content\\\/uploads\\\/2022\\\/08\\\/logo-apenok-231x82-1.png\",\"width\":231,\"height\":82,\"caption\":\"Apen: Soluciones inform\u00e1ticas\"},\"image\":{\"@id\":\"https:\\\/\\\/www.apen.es\\\/#\\\/schema\\\/logo\\\/image\\\/\"},\"sameAs\":[\"https:\\\/\\\/www.facebook.com\\\/apensolucions\",\"https:\\\/\\\/www.youtube.com\\\/user\\\/ApenCentreInformatic\",\"https:\\\/\\\/www.linkedin.com\\\/company\\\/1021771?trk=tyah&trkInfo=clickedVerticalcompanyclickedEntityId1021771idx2-1-2tarId1464195271196tasapenin\"]}]}<\/script>\n<!-- \/ Yoast SEO plugin. -->","yoast_head_json":{"title":"Servei inform\u00e0tic Barcelona - Apen Inform\u00e0tica","description":"La teva empresa necessita un servei inform\u00e0tic a Barcelona? Oferim solucions tecnol\u00f2giques que ajudem les empreses a digitalitzar-se. Confia en Apen.","robots":{"index":"index","follow":"follow","max-snippet":"max-snippet:-1","max-image-preview":"max-image-preview:large","max-video-preview":"max-video-preview:-1"},"canonical":"https:\/\/www.apen.es\/ca\/manteniment-informatic\/servei-informatic\/servei-informatic-barcelona\/","og_locale":"ca_ES","og_type":"article","og_title":"Servicio inform\u00e1tico Barcelona - Apen Inform\u00e1tica","og_description":"\u00bfTu empresa necesita un servicio inform\u00e1tico en Barcelona? Ofrecemos soluciones tecnolog\u00edcas que ayudamos a las empresas a digitalizarse. Conf\u00eda en Apen.","og_url":"https:\/\/www.apen.es\/ca\/manteniment-informatic\/servei-informatic\/servei-informatic-barcelona\/","og_site_name":"Apen Inform\u00e1tica","article_publisher":"https:\/\/www.facebook.com\/apensolucions","article_modified_time":"2025-03-31T06:17:08+00:00","og_image":[{"width":231,"height":82,"url":"https:\/\/www.apen.es\/wp-content\/uploads\/2016\/05\/logo-apen-231x82-trasparent.png","type":"image\/png"}],"twitter_card":"summary_large_image","twitter_misc":{"Temps estimat de lectura":"10 minuts"},"schema":{"@context":"https:\/\/schema.org","@graph":[{"@type":"WebPage","@id":"https:\/\/www.apen.es\/mantenimiento-informatico\/servicio-informatico\/servicio-informatico-barcelona\/","url":"https:\/\/www.apen.es\/mantenimiento-informatico\/servicio-informatico\/servicio-informatico-barcelona\/","name":"Servei inform\u00e0tic Barcelona - Apen Inform\u00e0tica","isPartOf":{"@id":"https:\/\/www.apen.es\/#website"},"datePublished":"2019-04-15T09:09:06+00:00","dateModified":"2025-03-31T06:17:08+00:00","description":"La teva empresa necessita un servei inform\u00e0tic a Barcelona? Oferim solucions tecnol\u00f2giques que ajudem les empreses a digitalitzar-se. Confia en Apen.","breadcrumb":{"@id":"https:\/\/www.apen.es\/mantenimiento-informatico\/servicio-informatico\/servicio-informatico-barcelona\/#breadcrumb"},"inLanguage":"ca","potentialAction":[{"@type":"ReadAction","target":["https:\/\/www.apen.es\/mantenimiento-informatico\/servicio-informatico\/servicio-informatico-barcelona\/"]}]},{"@type":"BreadcrumbList","@id":"https:\/\/www.apen.es\/mantenimiento-informatico\/servicio-informatico\/servicio-informatico-barcelona\/#breadcrumb","itemListElement":[{"@type":"ListItem","position":1,"name":"Portada","item":"https:\/\/www.apen.es\/"},{"@type":"ListItem","position":2,"name":"Mantenimiento inform\u00e1tico","item":"https:\/\/www.apen.es\/mantenimiento-informatico\/"},{"@type":"ListItem","position":3,"name":"Servicio inform\u00e1tico","item":"https:\/\/www.apen.es\/mantenimiento-informatico\/servicio-informatico\/"},{"@type":"ListItem","position":4,"name":"Servicio inform\u00e1tico Barcelona"}]},{"@type":"WebSite","@id":"https:\/\/www.apen.es\/#website","url":"https:\/\/www.apen.es\/","name":"Apen Inform\u00e0tica","description":"Manteniment inform\u00e0tic , programari de gesti\u00f3, solucions d&#039;impressi\u00f3","publisher":{"@id":"https:\/\/www.apen.es\/#organization"},"potentialAction":[{"@type":"SearchAction","target":{"@type":"EntryPoint","urlTemplate":"https:\/\/www.apen.es\/?s={search_term_string}"},"query-input":{"@type":"PropertyValueSpecification","valueRequired":true,"valueName":"search_term_string"}}],"inLanguage":"ca"},{"@type":"Organization","@id":"https:\/\/www.apen.es\/#organization","name":"Apen: Solucions inform\u00e0tiques","url":"https:\/\/www.apen.es\/","logo":{"@type":"ImageObject","inLanguage":"ca","@id":"https:\/\/www.apen.es\/#\/schema\/logo\/image\/","url":"https:\/\/www.apen.es\/wp-content\/uploads\/2022\/08\/logo-apenok-231x82-1.png","contentUrl":"https:\/\/www.apen.es\/wp-content\/uploads\/2022\/08\/logo-apenok-231x82-1.png","width":231,"height":82,"caption":"Apen: Soluciones inform\u00e1ticas"},"image":{"@id":"https:\/\/www.apen.es\/#\/schema\/logo\/image\/"},"sameAs":["https:\/\/www.facebook.com\/apensolucions","https:\/\/www.youtube.com\/user\/ApenCentreInformatic","https:\/\/www.linkedin.com\/company\/1021771?trk=tyah&trkInfo=clickedVerticalcompanyclickedEntityId1021771idx2-1-2tarId1464195271196tasapenin"]}]}},"taxonomy_info":[],"featured_image_src_large":false,"author_info":{"display_name":"marqueting","author_link":"https:\/\/www.apen.es\/ca\/blog\/author\/marqueting\/"},"comment_info":0,"_links":{"self":[{"href":"https:\/\/www.apen.es\/ca\/wp-json\/wp\/v2\/pages\/13825","targetHints":{"allow":["GET"]}}],"collection":[{"href":"https:\/\/www.apen.es\/ca\/wp-json\/wp\/v2\/pages"}],"about":[{"href":"https:\/\/www.apen.es\/ca\/wp-json\/wp\/v2\/types\/page"}],"author":[{"embeddable":true,"href":"https:\/\/www.apen.es\/ca\/wp-json\/wp\/v2\/users\/4"}],"replies":[{"embeddable":true,"href":"https:\/\/www.apen.es\/ca\/wp-json\/wp\/v2\/comments?post=13825"}],"version-history":[{"count":7,"href":"https:\/\/www.apen.es\/ca\/wp-json\/wp\/v2\/pages\/13825\/revisions"}],"predecessor-version":[{"id":54476,"href":"https:\/\/www.apen.es\/ca\/wp-json\/wp\/v2\/pages\/13825\/revisions\/54476"}],"up":[{"embeddable":true,"href":"https:\/\/www.apen.es\/ca\/wp-json\/wp\/v2\/pages\/13823"}],"wp:attachment":[{"href":"https:\/\/www.apen.es\/ca\/wp-json\/wp\/v2\/media?parent=13825"}],"curies":[{"name":"wp","href":"https:\/\/api.w.org\/{rel}","templated":true}]}}