{"id":13821,"date":"2019-04-15T08:49:15","date_gmt":"2019-04-15T08:49:15","guid":{"rendered":"https:\/\/www.apen.es\/?page_id=13821"},"modified":"2025-07-09T10:14:48","modified_gmt":"2025-07-09T10:14:48","slug":"reparacio-dequips-informatics","status":"publish","type":"page","link":"https:\/\/www.apen.es\/ca\/mantenimiento-informatico\/reparacion-de-equipos-informaticos\/","title":{"rendered":"Reparaci\u00f3 d&#039;equips inform\u00e0tics"},"content":{"rendered":"<p>A Apen ens ocupem de la instal\u00b7laci\u00f3, configuraci\u00f3 i&nbsp;<strong>reparaci\u00f3 de&nbsp;<\/strong>els<strong>&nbsp;equips inform\u00e0tics<\/strong>&nbsp;de les empreses. Comptem amb un equip t\u00e8cnic professional altament qualificat que, a m\u00e9s de prestar especial atenci\u00f3 al manteniment i la seguretat inform\u00e0tica dels equips dels nostres clients, s&#039;ocupen de la&nbsp;<strong>reparaci\u00f3 de&nbsp;<\/strong>els<strong>&nbsp;equips inform\u00e0tics<\/strong>&nbsp;sempre que calgui oferint solucions resolutives, efectives i duradores.<\/p>\n\n\n\n<p>Si la teva empresa disposa dels serveis professionals d&#039;una empresa especialitzada en la reparaci\u00f3 d&#039;equips inform\u00e0tics, aix\u00f2 et permetr\u00e0 treballar de forma m\u00e9s tranquil\u00b7la, productiva i eficient amb els teus equips, perqu\u00e8 podr\u00e0s obtenir una soluci\u00f3 r\u00e0pida i segura cada vegada que pugui sorgir un problema o anomalia t\u00e8cnica. El nostre suport t\u00e8cnic \u00e9s una garantia de qualitat que et permetr\u00e0 mantenir els teus equips en un estat \u00f2ptim i allunyats de virus inform\u00e0tics, errors al sistema, etc.<\/p>\n\n\n\n<p>A Apen podr\u00e0s trobar un manteniment segur, assequible i estable per als teus equips de darrera generaci\u00f3, que podran treballar a ple rendiment i oferint-te la m\u00e0xima qualitat en tot moment. Per\u00f2 en el cas de necessitar solucionar qualsevol tipus de problema, amb nosaltres trobar\u00e0s solucions r\u00e0pides i eficaces mitjan\u00e7ant la&nbsp;<strong>reparaci\u00f3 d&#039;equips inform\u00e0tics<\/strong>, de manera que aconseguirem reparar aquesta anomalia t\u00e8cnica en el menor temps possible i amb la resposta m\u00e9s resolutiva. A m\u00e9s, durant el proc\u00e9s de reparaci\u00f3 sempre obtindr\u00e0s un equip de substituci\u00f3 perqu\u00e8 puguis seguir treballant amb total normalitat fins que l&#039;equip hagi estat totalment reparat amb \u00e8xit.<\/p>\n\n\n\n<p>\u00c9s una forma intel\u00b7ligent d&#039;estalviar en els costos anuals de la teva empresa i de no posar en risc els teus equips, ni la valuosa informaci\u00f3 que hi guardes. El manteniment de xarxes inform\u00e0tiques \u00e9s realment vital per aconseguir que el ritme de treball sigui el millor possible i que res pari el bon funcionament de la gesti\u00f3 empresarial.<br>Si comptes amb un servei inform\u00e0tic professional podr\u00e0s resoldre qualsevol problema que se&#039;t presenti i disposar, sempre, dels millors equips possibles de primeres marques durant molt m\u00e9s temps tenint la millor resposta, sempre que necessitis una&nbsp;<strong>reparaci\u00f3 de&nbsp;<\/strong>els teus<strong>&nbsp;equips inform\u00e0tics<\/strong>.<\/p>\n\n\n\n<p>A la nostra p\u00e0gina web us mostrem els tres tipus de manteniment inform\u00e0tic que us podem oferir (B\u00e0sic, Outsourcing i Premium) i tamb\u00e9 un altre tipus de propostes com les solucions d&#039;impressi\u00f3 amb equips multifuncionals d&#039;\u00faltima generaci\u00f3, la implantaci\u00f3 d&#039;un programari de gesti\u00f3 empresarial per unificar totes les \u00e0rees de la vostra empresa, etc.<\/p>\n\n\n\n<p>A m\u00e9s tamb\u00e9 podr\u00e0s seguir els nostres blocs, on publiquem informacions molt interessants per al sector empresarial, relacionades amb el manteniment i la seguretat inform\u00e0tica, eines i apps relacionades amb la gesti\u00f3 empresarial o els aven\u00e7os tecnol\u00f2gics, plataformes d&#039;emmagatzematge, consells pr\u00e0ctics per combatre possibles virus inform\u00e0tics o per millorar la productivitat, entre moltes altres q\u00fcestions.<\/p>","protected":false},"excerpt":{"rendered":"<p>A Apen ens ocupem de la instal\u00b7laci\u00f3, configuraci\u00f3 i reparaci\u00f3 dels equips inform\u00e0tics de les empreses. Comptem amb un equip t\u00e8cnic professional altament qualificat que, a m\u00e9s de prestar especial atenci\u00f3 al manteniment i seguretat inform\u00e0tica dels equips dels nostres clients, s&#039;ocupen de la reparaci\u00f3 dels equips inform\u00e0tics sempre que sigui necessari oferint solucions resolutives, efectives i duradores. Si\u2026<\/p>","protected":false},"author":4,"featured_media":0,"parent":1357,"menu_order":0,"comment_status":"closed","ping_status":"closed","template":"page-servicio-informatico-2.php","meta":{"_acf_changed":false,"_kad_blocks_custom_css":"","_kad_blocks_head_custom_js":"","_kad_blocks_body_custom_js":"","_kad_blocks_footer_custom_js":"","_kad_post_transparent":"","_kad_post_title":"","_kad_post_layout":"","_kad_post_sidebar_id":"","_kad_post_content_style":"","_kad_post_vertical_padding":"","_kad_post_feature":"","_kad_post_feature_position":"","_kad_post_header":false,"_kad_post_footer":false,"_kad_post_classname":"","footnotes":""},"class_list":["post-13821","page","type-page","status-publish","hentry"],"acf":[],"yoast_head":"<!-- This site is optimized with the Yoast SEO plugin v27.4 - https:\/\/yoast.com\/product\/yoast-seo-wordpress\/ -->\n<title>Reparaci\u00f3n de equipos inform\u00e1ticos - Apen Inform\u00e1tica<\/title>\n<meta name=\"description\" content=\"Somos especialistas en reparaci\u00f3n de equipos inform\u00e1ticos para empresas. Ofrecemos soluciones tecnolog\u00edcas para ayudar a las empresas.\" \/>\n<meta name=\"robots\" content=\"index, follow, max-snippet:-1, max-image-preview:large, max-video-preview:-1\" \/>\n<link rel=\"canonical\" href=\"https:\/\/www.apen.es\/ca\/manteniment-informatic\/reparacio-dequips-informatics\/\" \/>\n<meta property=\"og:locale\" content=\"ca_ES\" \/>\n<meta property=\"og:type\" content=\"article\" \/>\n<meta property=\"og:title\" content=\"Reparaci\u00f3n de equipos inform\u00e1ticos - Apen Inform\u00e1tica\" \/>\n<meta property=\"og:description\" content=\"Somos especialistas en reparaci\u00f3n de equipos inform\u00e1ticos para empresas. Ofrecemos soluciones tecnolog\u00edcas para ayudar a las empresas.\" \/>\n<meta property=\"og:url\" content=\"https:\/\/www.apen.es\/ca\/manteniment-informatic\/reparacio-dequips-informatics\/\" \/>\n<meta property=\"og:site_name\" content=\"Apen Inform\u00e1tica\" \/>\n<meta property=\"article:publisher\" content=\"https:\/\/www.facebook.com\/apensolucions\" \/>\n<meta property=\"article:modified_time\" content=\"2025-07-09T10:14:48+00:00\" \/>\n<meta property=\"og:image\" content=\"https:\/\/www.apen.es\/wp-content\/uploads\/2016\/05\/logo-apen-231x82-trasparent.png\" \/>\n\t<meta property=\"og:image:width\" content=\"231\" \/>\n\t<meta property=\"og:image:height\" content=\"82\" \/>\n\t<meta property=\"og:image:type\" content=\"image\/png\" \/>\n<meta name=\"twitter:card\" content=\"summary_large_image\" \/>\n<meta name=\"twitter:label1\" content=\"Temps estimat de lectura\" \/>\n\t<meta name=\"twitter:data1\" content=\"10 minuts\" \/>\n<script type=\"application\/ld+json\" class=\"yoast-schema-graph\">{\"@context\":\"https:\\\/\\\/schema.org\",\"@graph\":[{\"@type\":\"WebPage\",\"@id\":\"https:\\\/\\\/www.apen.es\\\/mantenimiento-informatico\\\/reparacion-de-equipos-informaticos\\\/\",\"url\":\"https:\\\/\\\/www.apen.es\\\/mantenimiento-informatico\\\/reparacion-de-equipos-informaticos\\\/\",\"name\":\"Reparaci\u00f3n de equipos inform\u00e1ticos - Apen Inform\u00e1tica\",\"isPartOf\":{\"@id\":\"https:\\\/\\\/www.apen.es\\\/#website\"},\"datePublished\":\"2019-04-15T08:49:15+00:00\",\"dateModified\":\"2025-07-09T10:14:48+00:00\",\"description\":\"Somos especialistas en reparaci\u00f3n de equipos inform\u00e1ticos para empresas. Ofrecemos soluciones tecnolog\u00edcas para ayudar a las empresas.\",\"breadcrumb\":{\"@id\":\"https:\\\/\\\/www.apen.es\\\/mantenimiento-informatico\\\/reparacion-de-equipos-informaticos\\\/#breadcrumb\"},\"inLanguage\":\"ca\",\"potentialAction\":[{\"@type\":\"ReadAction\",\"target\":[\"https:\\\/\\\/www.apen.es\\\/mantenimiento-informatico\\\/reparacion-de-equipos-informaticos\\\/\"]}]},{\"@type\":\"BreadcrumbList\",\"@id\":\"https:\\\/\\\/www.apen.es\\\/mantenimiento-informatico\\\/reparacion-de-equipos-informaticos\\\/#breadcrumb\",\"itemListElement\":[{\"@type\":\"ListItem\",\"position\":1,\"name\":\"Portada\",\"item\":\"https:\\\/\\\/www.apen.es\\\/\"},{\"@type\":\"ListItem\",\"position\":2,\"name\":\"Mantenimiento inform\u00e1tico\",\"item\":\"https:\\\/\\\/www.apen.es\\\/mantenimiento-informatico\\\/\"},{\"@type\":\"ListItem\",\"position\":3,\"name\":\"Reparaci\u00f3n de equipos inform\u00e1ticos\"}]},{\"@type\":\"WebSite\",\"@id\":\"https:\\\/\\\/www.apen.es\\\/#website\",\"url\":\"https:\\\/\\\/www.apen.es\\\/\",\"name\":\"Apen Inform\u00e1tica\",\"description\":\"Mantenimiento Inform\u00e1tico , Software de Gesti\u00f3n, Soluciones de impresi\u00f3n\",\"publisher\":{\"@id\":\"https:\\\/\\\/www.apen.es\\\/#organization\"},\"potentialAction\":[{\"@type\":\"SearchAction\",\"target\":{\"@type\":\"EntryPoint\",\"urlTemplate\":\"https:\\\/\\\/www.apen.es\\\/?s={search_term_string}\"},\"query-input\":{\"@type\":\"PropertyValueSpecification\",\"valueRequired\":true,\"valueName\":\"search_term_string\"}}],\"inLanguage\":\"ca\"},{\"@type\":\"Organization\",\"@id\":\"https:\\\/\\\/www.apen.es\\\/#organization\",\"name\":\"Apen: Soluciones inform\u00e1ticas\",\"url\":\"https:\\\/\\\/www.apen.es\\\/\",\"logo\":{\"@type\":\"ImageObject\",\"inLanguage\":\"ca\",\"@id\":\"https:\\\/\\\/www.apen.es\\\/#\\\/schema\\\/logo\\\/image\\\/\",\"url\":\"https:\\\/\\\/www.apen.es\\\/wp-content\\\/uploads\\\/2022\\\/08\\\/logo-apenok-231x82-1.png\",\"contentUrl\":\"https:\\\/\\\/www.apen.es\\\/wp-content\\\/uploads\\\/2022\\\/08\\\/logo-apenok-231x82-1.png\",\"width\":231,\"height\":82,\"caption\":\"Apen: Soluciones inform\u00e1ticas\"},\"image\":{\"@id\":\"https:\\\/\\\/www.apen.es\\\/#\\\/schema\\\/logo\\\/image\\\/\"},\"sameAs\":[\"https:\\\/\\\/www.facebook.com\\\/apensolucions\",\"https:\\\/\\\/www.youtube.com\\\/user\\\/ApenCentreInformatic\",\"https:\\\/\\\/www.linkedin.com\\\/company\\\/1021771?trk=tyah&trkInfo=clickedVerticalcompanyclickedEntityId1021771idx2-1-2tarId1464195271196tasapenin\"]}]}<\/script>\n<!-- \/ Yoast SEO plugin. -->","yoast_head_json":{"title":"Reparaci\u00f3 d&#039;equips inform\u00e0tics - Apen Inform\u00e0tica","description":"Som especialistes en la reparaci\u00f3 d&#039;equips inform\u00e0tics per a empreses. Oferim solucions tecnol\u00f2giques per ajudar les empreses.","robots":{"index":"index","follow":"follow","max-snippet":"max-snippet:-1","max-image-preview":"max-image-preview:large","max-video-preview":"max-video-preview:-1"},"canonical":"https:\/\/www.apen.es\/ca\/manteniment-informatic\/reparacio-dequips-informatics\/","og_locale":"ca_ES","og_type":"article","og_title":"Reparaci\u00f3n de equipos inform\u00e1ticos - Apen Inform\u00e1tica","og_description":"Somos especialistas en reparaci\u00f3n de equipos inform\u00e1ticos para empresas. Ofrecemos soluciones tecnolog\u00edcas para ayudar a las empresas.","og_url":"https:\/\/www.apen.es\/ca\/manteniment-informatic\/reparacio-dequips-informatics\/","og_site_name":"Apen Inform\u00e1tica","article_publisher":"https:\/\/www.facebook.com\/apensolucions","article_modified_time":"2025-07-09T10:14:48+00:00","og_image":[{"width":231,"height":82,"url":"https:\/\/www.apen.es\/wp-content\/uploads\/2016\/05\/logo-apen-231x82-trasparent.png","type":"image\/png"}],"twitter_card":"summary_large_image","twitter_misc":{"Temps estimat de lectura":"10 minuts"},"schema":{"@context":"https:\/\/schema.org","@graph":[{"@type":"WebPage","@id":"https:\/\/www.apen.es\/mantenimiento-informatico\/reparacion-de-equipos-informaticos\/","url":"https:\/\/www.apen.es\/mantenimiento-informatico\/reparacion-de-equipos-informaticos\/","name":"Reparaci\u00f3 d&#039;equips inform\u00e0tics - Apen Inform\u00e0tica","isPartOf":{"@id":"https:\/\/www.apen.es\/#website"},"datePublished":"2019-04-15T08:49:15+00:00","dateModified":"2025-07-09T10:14:48+00:00","description":"Som especialistes en la reparaci\u00f3 d&#039;equips inform\u00e0tics per a empreses. Oferim solucions tecnol\u00f2giques per ajudar les empreses.","breadcrumb":{"@id":"https:\/\/www.apen.es\/mantenimiento-informatico\/reparacion-de-equipos-informaticos\/#breadcrumb"},"inLanguage":"ca","potentialAction":[{"@type":"ReadAction","target":["https:\/\/www.apen.es\/mantenimiento-informatico\/reparacion-de-equipos-informaticos\/"]}]},{"@type":"BreadcrumbList","@id":"https:\/\/www.apen.es\/mantenimiento-informatico\/reparacion-de-equipos-informaticos\/#breadcrumb","itemListElement":[{"@type":"ListItem","position":1,"name":"Portada","item":"https:\/\/www.apen.es\/"},{"@type":"ListItem","position":2,"name":"Mantenimiento inform\u00e1tico","item":"https:\/\/www.apen.es\/mantenimiento-informatico\/"},{"@type":"ListItem","position":3,"name":"Reparaci\u00f3n de equipos inform\u00e1ticos"}]},{"@type":"WebSite","@id":"https:\/\/www.apen.es\/#website","url":"https:\/\/www.apen.es\/","name":"Apen Inform\u00e0tica","description":"Manteniment inform\u00e0tic , programari de gesti\u00f3, solucions d&#039;impressi\u00f3","publisher":{"@id":"https:\/\/www.apen.es\/#organization"},"potentialAction":[{"@type":"SearchAction","target":{"@type":"EntryPoint","urlTemplate":"https:\/\/www.apen.es\/?s={search_term_string}"},"query-input":{"@type":"PropertyValueSpecification","valueRequired":true,"valueName":"search_term_string"}}],"inLanguage":"ca"},{"@type":"Organization","@id":"https:\/\/www.apen.es\/#organization","name":"Apen: Solucions inform\u00e0tiques","url":"https:\/\/www.apen.es\/","logo":{"@type":"ImageObject","inLanguage":"ca","@id":"https:\/\/www.apen.es\/#\/schema\/logo\/image\/","url":"https:\/\/www.apen.es\/wp-content\/uploads\/2022\/08\/logo-apenok-231x82-1.png","contentUrl":"https:\/\/www.apen.es\/wp-content\/uploads\/2022\/08\/logo-apenok-231x82-1.png","width":231,"height":82,"caption":"Apen: Soluciones inform\u00e1ticas"},"image":{"@id":"https:\/\/www.apen.es\/#\/schema\/logo\/image\/"},"sameAs":["https:\/\/www.facebook.com\/apensolucions","https:\/\/www.youtube.com\/user\/ApenCentreInformatic","https:\/\/www.linkedin.com\/company\/1021771?trk=tyah&trkInfo=clickedVerticalcompanyclickedEntityId1021771idx2-1-2tarId1464195271196tasapenin"]}]}},"taxonomy_info":[],"featured_image_src_large":false,"author_info":{"display_name":"marqueting","author_link":"https:\/\/www.apen.es\/ca\/blog\/author\/marqueting\/"},"comment_info":0,"_links":{"self":[{"href":"https:\/\/www.apen.es\/ca\/wp-json\/wp\/v2\/pages\/13821","targetHints":{"allow":["GET"]}}],"collection":[{"href":"https:\/\/www.apen.es\/ca\/wp-json\/wp\/v2\/pages"}],"about":[{"href":"https:\/\/www.apen.es\/ca\/wp-json\/wp\/v2\/types\/page"}],"author":[{"embeddable":true,"href":"https:\/\/www.apen.es\/ca\/wp-json\/wp\/v2\/users\/4"}],"replies":[{"embeddable":true,"href":"https:\/\/www.apen.es\/ca\/wp-json\/wp\/v2\/comments?post=13821"}],"version-history":[{"count":3,"href":"https:\/\/www.apen.es\/ca\/wp-json\/wp\/v2\/pages\/13821\/revisions"}],"predecessor-version":[{"id":54474,"href":"https:\/\/www.apen.es\/ca\/wp-json\/wp\/v2\/pages\/13821\/revisions\/54474"}],"up":[{"embeddable":true,"href":"https:\/\/www.apen.es\/ca\/wp-json\/wp\/v2\/pages\/1357"}],"wp:attachment":[{"href":"https:\/\/www.apen.es\/ca\/wp-json\/wp\/v2\/media?parent=13821"}],"curies":[{"name":"wp","href":"https:\/\/api.w.org\/{rel}","templated":true}]}}