{"id":13815,"date":"2019-04-15T08:38:04","date_gmt":"2019-04-15T08:38:04","guid":{"rendered":"https:\/\/www.apen.es\/?page_id=13815"},"modified":"2025-03-31T06:56:20","modified_gmt":"2025-03-31T06:56:20","slug":"manteniment-de-xarxes-vic","status":"publish","type":"page","link":"https:\/\/www.apen.es\/ca\/mantenimiento-informatico\/mantenimiento-de-redes\/mantenimiento-de-redes-vic\/","title":{"rendered":"Manteniment de xarxes Vic"},"content":{"rendered":"<p>Si vols que tots els teus equips es mantinguin en un estat \u00f2ptim i funcionin a ple rendiment durant molt de temps, et recomanem invertir en un&nbsp;<strong>manteniment de xarxes&nbsp;<\/strong>a<strong>&nbsp;Vic<\/strong>. D&#039;aquesta manera podr\u00e0s gaudir d&#039;una xarxa inform\u00e0tica de qualitat des del primer dia, obtenint m\u00e9s seguretat i estabilitat en tots els teus equips.<\/p>\n\n\n\n<p>Gr\u00e0cies al servei de&nbsp;<strong>manteniment de xarxes&nbsp;<\/strong>a<strong>&nbsp;Vic<\/strong>&nbsp;que oferim a Apen els teus equips es mantindran lliures de virus inform\u00e0tics, treballaran de forma m\u00e9s productiva, tindran una connexi\u00f3 de xarxes m\u00e9s proactiva i eficient i podr\u00e0s gaudir de totes les seves prestacions i funcionalitats, sense t\u00e9mer errors al sistema ni problemes t\u00e8cnics de forma constant.<\/p>\n\n\n\n<p>El teu PIME podr\u00e0 gaudir de grans avantatges amb el&nbsp;<strong>manteniment de xarxes&nbsp;<\/strong>a<strong>&nbsp;Vic<\/strong>, gr\u00e0cies al treball professional i resolutiu del nostre equip t\u00e8cnic especialitzat en el manteniment i la seguretat inform\u00e0tica. A m\u00e9s, et proposem tres opcions per disposar del millor servei de manteniment inform\u00e0tic, com \u00e9s un manteniment Base, un manteniment Outsourcing i un manteniment Premium. Tres opcions diferents, de menys a m\u00e9s complexa, que et podran ajudar a resoldre qualsevol tipus d&#039;anomalia t\u00e8cnica o fallada en el sistema, a protegir el teu equip d&#039;atacs o virus inform\u00e0tics ia posar en pr\u00e0ctica tot all\u00f2 que el pugui beneficiar i fer-lo treballar a ple rendiment.<\/p>\n\n\n\n<p>Comptem amb una experi\u00e8ncia en aquest sector de m\u00e9s de 25 anys i aix\u00f2 ens ha perm\u00e8s aprendre molt, perqu\u00e8 hem pogut donar resposta a tota mena de situacions en empreses de tota mena. Amb els anys hem anat perfeccionant la nostra t\u00e8cnica, encara que no hem perdut el nostre principal objectiu que \u00e9s satisfer les necessitats del client fent propostes personalitzades i molt adaptades a cada PIME.<\/p>\n\n\n\n<p>A Apen podr\u00e0s trobar un assessorament i unes solucions fetes a mida, per gaudir de la millor manera possible dels teus equips de darrera generaci\u00f3. A Apen sempre treballem amb primeres marques per poder garantir la m\u00e0xima qualitat als nostres equips inform\u00e0tics i, a m\u00e9s, prestem un servei de r\u00e8nting tecnol\u00f2gic per fer que qualsevol tipus d&#039;empresa pugui disposar dels avantatges que ofereixen els equips inform\u00e0tics d&#039;\u00faltima generaci\u00f3.<\/p>\n\n\n\n<p>Els avantatges de disposar d&#039;un&nbsp;<strong>manteniment<\/strong>&nbsp;professional&nbsp;<strong>de xarxes&nbsp;<\/strong>inform\u00e0tiques a<strong>&nbsp;Vic<\/strong>&nbsp;s\u00f3n moltes, com ara obtenir un sistema intel\u00b7ligent, professional i adaptat, per gaudir d&#039;una xarxa d&#039;ordinadors eficients i capa\u00e7os d&#039;augmentar la productivitat entre els treballadors.<\/p>\n\n\n\n<p>A la nostra p\u00e0gina web podr\u00e0s trobar la descripci\u00f3 de cadascun dels serveis que et podem oferir, des del&nbsp;<strong>manteniment de xarxes inform\u00e0tiques&nbsp;<\/strong>a<strong>&nbsp;Vic<\/strong>&nbsp;fins a les millors solucions d&#039;impressi\u00f3 per a la vostra empresa o la implantaci\u00f3 d&#039;un programari a3ERP, que unifica tots els departaments del vostre PIME en un mateix programa.<\/p>","protected":false},"excerpt":{"rendered":"<p>Si quieres que todos tus equipos se mantengan en un estado \u00f3ptimo y funcionen a pleno rendimiento durante mucho tiempo, te recomendamos invertir en un&nbsp;mantenimiento de redes&nbsp;en&nbsp;Vic. De esta forma podr\u00e1s disfrutar de una red inform\u00e1tica de calidad desde el primer d\u00eda, obteniendo una mayor seguridad y estabilidad en todos tus equipos. Gracias al servicio&#8230;<\/p>","protected":false},"author":4,"featured_media":0,"parent":13742,"menu_order":0,"comment_status":"closed","ping_status":"closed","template":"page-servicio-informatico.php","meta":{"_acf_changed":false,"_kad_blocks_custom_css":"","_kad_blocks_head_custom_js":"","_kad_blocks_body_custom_js":"","_kad_blocks_footer_custom_js":"","_kad_post_transparent":"","_kad_post_title":"","_kad_post_layout":"","_kad_post_sidebar_id":"","_kad_post_content_style":"","_kad_post_vertical_padding":"","_kad_post_feature":"","_kad_post_feature_position":"","_kad_post_header":false,"_kad_post_footer":false,"_kad_post_classname":"","footnotes":""},"class_list":["post-13815","page","type-page","status-publish","hentry"],"acf":[],"yoast_head":"<!-- This site is optimized with the Yoast SEO plugin v27.4 - https:\/\/yoast.com\/product\/yoast-seo-wordpress\/ -->\n<title>Mantenimiento de redes Vic - Apen Inform\u00e1tica<\/title>\n<meta name=\"description\" content=\"Servicio de mantenieminto de redes inform\u00e1ticas en Vic. Disponemos de personal especializado en el mantenimiento y reparaci\u00f3n de redes. Conf\u00eda en Apen.\" \/>\n<meta name=\"robots\" content=\"index, follow, max-snippet:-1, max-image-preview:large, max-video-preview:-1\" \/>\n<link rel=\"canonical\" href=\"https:\/\/www.apen.es\/ca\/manteniment-informatic\/manteniment-de-xarxes\/manteniment-de-xarxes-vic\/\" \/>\n<meta property=\"og:locale\" content=\"ca_ES\" \/>\n<meta property=\"og:type\" content=\"article\" \/>\n<meta property=\"og:title\" content=\"Mantenimiento de redes Vic - Apen Inform\u00e1tica\" \/>\n<meta property=\"og:description\" content=\"Servicio de mantenieminto de redes inform\u00e1ticas en Vic. Disponemos de personal especializado en el mantenimiento y reparaci\u00f3n de redes. Conf\u00eda en Apen.\" \/>\n<meta property=\"og:url\" content=\"https:\/\/www.apen.es\/ca\/manteniment-informatic\/manteniment-de-xarxes\/manteniment-de-xarxes-vic\/\" \/>\n<meta property=\"og:site_name\" content=\"Apen Inform\u00e1tica\" \/>\n<meta property=\"article:publisher\" content=\"https:\/\/www.facebook.com\/apensolucions\" \/>\n<meta property=\"article:modified_time\" content=\"2025-03-31T06:56:20+00:00\" \/>\n<meta property=\"og:image\" content=\"https:\/\/www.apen.es\/wp-content\/uploads\/2016\/05\/logo-apen-231x82-trasparent.png\" \/>\n\t<meta property=\"og:image:width\" content=\"231\" \/>\n\t<meta property=\"og:image:height\" content=\"82\" \/>\n\t<meta property=\"og:image:type\" content=\"image\/png\" \/>\n<meta name=\"twitter:card\" content=\"summary_large_image\" \/>\n<meta name=\"twitter:label1\" content=\"Temps estimat de lectura\" \/>\n\t<meta name=\"twitter:data1\" content=\"10 minuts\" \/>\n<script type=\"application\/ld+json\" class=\"yoast-schema-graph\">{\"@context\":\"https:\\\/\\\/schema.org\",\"@graph\":[{\"@type\":\"WebPage\",\"@id\":\"https:\\\/\\\/www.apen.es\\\/mantenimiento-informatico\\\/mantenimiento-de-redes\\\/mantenimiento-de-redes-vic\\\/\",\"url\":\"https:\\\/\\\/www.apen.es\\\/mantenimiento-informatico\\\/mantenimiento-de-redes\\\/mantenimiento-de-redes-vic\\\/\",\"name\":\"Mantenimiento de redes Vic - Apen Inform\u00e1tica\",\"isPartOf\":{\"@id\":\"https:\\\/\\\/www.apen.es\\\/#website\"},\"datePublished\":\"2019-04-15T08:38:04+00:00\",\"dateModified\":\"2025-03-31T06:56:20+00:00\",\"description\":\"Servicio de mantenieminto de redes inform\u00e1ticas en Vic. Disponemos de personal especializado en el mantenimiento y reparaci\u00f3n de redes. Conf\u00eda en Apen.\",\"breadcrumb\":{\"@id\":\"https:\\\/\\\/www.apen.es\\\/mantenimiento-informatico\\\/mantenimiento-de-redes\\\/mantenimiento-de-redes-vic\\\/#breadcrumb\"},\"inLanguage\":\"ca\",\"potentialAction\":[{\"@type\":\"ReadAction\",\"target\":[\"https:\\\/\\\/www.apen.es\\\/mantenimiento-informatico\\\/mantenimiento-de-redes\\\/mantenimiento-de-redes-vic\\\/\"]}]},{\"@type\":\"BreadcrumbList\",\"@id\":\"https:\\\/\\\/www.apen.es\\\/mantenimiento-informatico\\\/mantenimiento-de-redes\\\/mantenimiento-de-redes-vic\\\/#breadcrumb\",\"itemListElement\":[{\"@type\":\"ListItem\",\"position\":1,\"name\":\"Portada\",\"item\":\"https:\\\/\\\/www.apen.es\\\/\"},{\"@type\":\"ListItem\",\"position\":2,\"name\":\"Mantenimiento inform\u00e1tico\",\"item\":\"https:\\\/\\\/www.apen.es\\\/mantenimiento-informatico\\\/\"},{\"@type\":\"ListItem\",\"position\":3,\"name\":\"Mantenimiento de redes\",\"item\":\"https:\\\/\\\/www.apen.es\\\/mantenimiento-informatico\\\/mantenimiento-de-redes\\\/\"},{\"@type\":\"ListItem\",\"position\":4,\"name\":\"Mantenimiento de redes Vic\"}]},{\"@type\":\"WebSite\",\"@id\":\"https:\\\/\\\/www.apen.es\\\/#website\",\"url\":\"https:\\\/\\\/www.apen.es\\\/\",\"name\":\"Apen Inform\u00e1tica\",\"description\":\"Mantenimiento Inform\u00e1tico , Software de Gesti\u00f3n, Soluciones de impresi\u00f3n\",\"publisher\":{\"@id\":\"https:\\\/\\\/www.apen.es\\\/#organization\"},\"potentialAction\":[{\"@type\":\"SearchAction\",\"target\":{\"@type\":\"EntryPoint\",\"urlTemplate\":\"https:\\\/\\\/www.apen.es\\\/?s={search_term_string}\"},\"query-input\":{\"@type\":\"PropertyValueSpecification\",\"valueRequired\":true,\"valueName\":\"search_term_string\"}}],\"inLanguage\":\"ca\"},{\"@type\":\"Organization\",\"@id\":\"https:\\\/\\\/www.apen.es\\\/#organization\",\"name\":\"Apen: Soluciones inform\u00e1ticas\",\"url\":\"https:\\\/\\\/www.apen.es\\\/\",\"logo\":{\"@type\":\"ImageObject\",\"inLanguage\":\"ca\",\"@id\":\"https:\\\/\\\/www.apen.es\\\/#\\\/schema\\\/logo\\\/image\\\/\",\"url\":\"https:\\\/\\\/www.apen.es\\\/wp-content\\\/uploads\\\/2022\\\/08\\\/logo-apenok-231x82-1.png\",\"contentUrl\":\"https:\\\/\\\/www.apen.es\\\/wp-content\\\/uploads\\\/2022\\\/08\\\/logo-apenok-231x82-1.png\",\"width\":231,\"height\":82,\"caption\":\"Apen: Soluciones inform\u00e1ticas\"},\"image\":{\"@id\":\"https:\\\/\\\/www.apen.es\\\/#\\\/schema\\\/logo\\\/image\\\/\"},\"sameAs\":[\"https:\\\/\\\/www.facebook.com\\\/apensolucions\",\"https:\\\/\\\/www.youtube.com\\\/user\\\/ApenCentreInformatic\",\"https:\\\/\\\/www.linkedin.com\\\/company\\\/1021771?trk=tyah&trkInfo=clickedVerticalcompanyclickedEntityId1021771idx2-1-2tarId1464195271196tasapenin\"]}]}<\/script>\n<!-- \/ Yoast SEO plugin. -->","yoast_head_json":{"title":"Manteniment de xarxes Vic - Apen Inform\u00e0tica","description":"Servei de manteniment de xarxes inform\u00e0tiques a Vic. Disposem de personal especialitzat en el manteniment i reparaci\u00f3 de xarxes. Confia en Apen.","robots":{"index":"index","follow":"follow","max-snippet":"max-snippet:-1","max-image-preview":"max-image-preview:large","max-video-preview":"max-video-preview:-1"},"canonical":"https:\/\/www.apen.es\/ca\/manteniment-informatic\/manteniment-de-xarxes\/manteniment-de-xarxes-vic\/","og_locale":"ca_ES","og_type":"article","og_title":"Mantenimiento de redes Vic - Apen Inform\u00e1tica","og_description":"Servicio de mantenieminto de redes inform\u00e1ticas en Vic. Disponemos de personal especializado en el mantenimiento y reparaci\u00f3n de redes. Conf\u00eda en Apen.","og_url":"https:\/\/www.apen.es\/ca\/manteniment-informatic\/manteniment-de-xarxes\/manteniment-de-xarxes-vic\/","og_site_name":"Apen Inform\u00e1tica","article_publisher":"https:\/\/www.facebook.com\/apensolucions","article_modified_time":"2025-03-31T06:56:20+00:00","og_image":[{"width":231,"height":82,"url":"https:\/\/www.apen.es\/wp-content\/uploads\/2016\/05\/logo-apen-231x82-trasparent.png","type":"image\/png"}],"twitter_card":"summary_large_image","twitter_misc":{"Temps estimat de lectura":"10 minuts"},"schema":{"@context":"https:\/\/schema.org","@graph":[{"@type":"WebPage","@id":"https:\/\/www.apen.es\/mantenimiento-informatico\/mantenimiento-de-redes\/mantenimiento-de-redes-vic\/","url":"https:\/\/www.apen.es\/mantenimiento-informatico\/mantenimiento-de-redes\/mantenimiento-de-redes-vic\/","name":"Manteniment de xarxes Vic - Apen Inform\u00e0tica","isPartOf":{"@id":"https:\/\/www.apen.es\/#website"},"datePublished":"2019-04-15T08:38:04+00:00","dateModified":"2025-03-31T06:56:20+00:00","description":"Servei de manteniment de xarxes inform\u00e0tiques a Vic. Disposem de personal especialitzat en el manteniment i reparaci\u00f3 de xarxes. Confia en Apen.","breadcrumb":{"@id":"https:\/\/www.apen.es\/mantenimiento-informatico\/mantenimiento-de-redes\/mantenimiento-de-redes-vic\/#breadcrumb"},"inLanguage":"ca","potentialAction":[{"@type":"ReadAction","target":["https:\/\/www.apen.es\/mantenimiento-informatico\/mantenimiento-de-redes\/mantenimiento-de-redes-vic\/"]}]},{"@type":"BreadcrumbList","@id":"https:\/\/www.apen.es\/mantenimiento-informatico\/mantenimiento-de-redes\/mantenimiento-de-redes-vic\/#breadcrumb","itemListElement":[{"@type":"ListItem","position":1,"name":"Portada","item":"https:\/\/www.apen.es\/"},{"@type":"ListItem","position":2,"name":"Mantenimiento inform\u00e1tico","item":"https:\/\/www.apen.es\/mantenimiento-informatico\/"},{"@type":"ListItem","position":3,"name":"Mantenimiento de redes","item":"https:\/\/www.apen.es\/mantenimiento-informatico\/mantenimiento-de-redes\/"},{"@type":"ListItem","position":4,"name":"Mantenimiento de redes Vic"}]},{"@type":"WebSite","@id":"https:\/\/www.apen.es\/#website","url":"https:\/\/www.apen.es\/","name":"Apen Inform\u00e0tica","description":"Manteniment inform\u00e0tic , programari de gesti\u00f3, solucions d&#039;impressi\u00f3","publisher":{"@id":"https:\/\/www.apen.es\/#organization"},"potentialAction":[{"@type":"SearchAction","target":{"@type":"EntryPoint","urlTemplate":"https:\/\/www.apen.es\/?s={search_term_string}"},"query-input":{"@type":"PropertyValueSpecification","valueRequired":true,"valueName":"search_term_string"}}],"inLanguage":"ca"},{"@type":"Organization","@id":"https:\/\/www.apen.es\/#organization","name":"Apen: Solucions inform\u00e0tiques","url":"https:\/\/www.apen.es\/","logo":{"@type":"ImageObject","inLanguage":"ca","@id":"https:\/\/www.apen.es\/#\/schema\/logo\/image\/","url":"https:\/\/www.apen.es\/wp-content\/uploads\/2022\/08\/logo-apenok-231x82-1.png","contentUrl":"https:\/\/www.apen.es\/wp-content\/uploads\/2022\/08\/logo-apenok-231x82-1.png","width":231,"height":82,"caption":"Apen: Soluciones inform\u00e1ticas"},"image":{"@id":"https:\/\/www.apen.es\/#\/schema\/logo\/image\/"},"sameAs":["https:\/\/www.facebook.com\/apensolucions","https:\/\/www.youtube.com\/user\/ApenCentreInformatic","https:\/\/www.linkedin.com\/company\/1021771?trk=tyah&trkInfo=clickedVerticalcompanyclickedEntityId1021771idx2-1-2tarId1464195271196tasapenin"]}]}},"taxonomy_info":[],"featured_image_src_large":false,"author_info":{"display_name":"marqueting","author_link":"https:\/\/www.apen.es\/ca\/blog\/author\/marqueting\/"},"comment_info":0,"_links":{"self":[{"href":"https:\/\/www.apen.es\/ca\/wp-json\/wp\/v2\/pages\/13815","targetHints":{"allow":["GET"]}}],"collection":[{"href":"https:\/\/www.apen.es\/ca\/wp-json\/wp\/v2\/pages"}],"about":[{"href":"https:\/\/www.apen.es\/ca\/wp-json\/wp\/v2\/types\/page"}],"author":[{"embeddable":true,"href":"https:\/\/www.apen.es\/ca\/wp-json\/wp\/v2\/users\/4"}],"replies":[{"embeddable":true,"href":"https:\/\/www.apen.es\/ca\/wp-json\/wp\/v2\/comments?post=13815"}],"version-history":[{"count":2,"href":"https:\/\/www.apen.es\/ca\/wp-json\/wp\/v2\/pages\/13815\/revisions"}],"predecessor-version":[{"id":54557,"href":"https:\/\/www.apen.es\/ca\/wp-json\/wp\/v2\/pages\/13815\/revisions\/54557"}],"up":[{"embeddable":true,"href":"https:\/\/www.apen.es\/ca\/wp-json\/wp\/v2\/pages\/13742"}],"wp:attachment":[{"href":"https:\/\/www.apen.es\/ca\/wp-json\/wp\/v2\/media?parent=13815"}],"curies":[{"name":"wp","href":"https:\/\/api.w.org\/{rel}","templated":true}]}}