{"id":13809,"date":"2019-04-15T08:31:28","date_gmt":"2019-04-15T08:31:28","guid":{"rendered":"https:\/\/www.apen.es\/?page_id=13809"},"modified":"2025-03-31T06:55:46","modified_gmt":"2025-03-31T06:55:46","slug":"manteniment-de-xarxes-mollet","status":"publish","type":"page","link":"https:\/\/www.apen.es\/ca\/mantenimiento-informatico\/mantenimiento-de-redes\/mantenimiento-de-redes-mollet\/","title":{"rendered":"Manteniment de xarxes Mollet"},"content":{"rendered":"<p>Descobreix els avantatges que pots aconseguir a la teva empresa gr\u00e0cies al&nbsp;<strong>manteniment de xarxes<\/strong>&nbsp;a&nbsp;<strong>Mollet<\/strong>&nbsp;que t&#039;oferim a Apen. Es tracta d&#039;un sistema inform\u00e0tic professional amb qu\u00e8 podr\u00e0s aconseguir que els equips treballin amb el m\u00e0xim rendiment possible i millorar la connexi\u00f3 entre ells d&#039;una manera m\u00e9s eficient i intel\u00b7ligent. La connexi\u00f3 de xarxes dels teus equips \u00e9s un factor fonamental per poder treballar d&#039;una forma productiva, proactiva i resolutiva i per aix\u00f2 \u00e9s imprescindible comptar amb un equip t\u00e8cnic professional capa\u00e7 de resoldre qualsevol anomalia t\u00e8cnica, possibles fallades al sistema, virus inform\u00e0tics, temes relacionats amb les c\u00f2pies de seguretat o la detecci\u00f3 i eliminaci\u00f3 de codi malici\u00f3s, etc.<\/p>\n\n\n\n<p>El nostre equip t\u00e8cnic, altament qualificat, respon de manera efectiva i molt eficient donant sempre la millor resposta en el menor temps possible. A Apen trobar\u00e0s aut\u00e8ntics professionals del&nbsp;<strong>manteniment<\/strong>&nbsp;de&nbsp;<strong>xarxes<\/strong>&nbsp;a&nbsp;<strong>Mollet<\/strong>, que et permetran gaudir dels teus equips i de totes les prestacions i funcionalitats d&#039;una forma c\u00f2moda, segura i estable. Contractar aquest tipus de servei \u00e9s una garantia de confian\u00e7a i seguretat en els teus equips, perqu\u00e8 tindr\u00e0s un ajut professional pel que fa al suport t\u00e8cnic sempre que ho necessitis en contractar els nostres serveis professionals de manteniment t\u00e8cnic. Podr\u00e0s triar entre tres opcions diferents; Manteniment Base, manteniment Outsourcing i manteniment Premium. S\u00f3n tres tipus de servei adaptats a diverses necessitats, encara que tots es poden reajustar i adaptar completament i ser \u00fatils per a tot tipus de PIMES.<\/p>\n\n\n\n<p>A Apen trobar\u00e0s una empresa inform\u00e0tica professional especialitzada en el manteniment i la seguretat inform\u00e0tica, amb la qual aconseguir\u00e0s treure el m\u00e0xim profit als recursos que t&#039;ofereixen els teus equips i aconseguir\u00e0s un sistema inform\u00e0tic estable i productiu. T&#039;aportem la flexibilitat que necessites a cada moment, per proveir-te d&#039;un sistema inform\u00e0tic estable i segur. Aportem un coneixement t\u00e8cnic especialitzat a la teva empresa que et permetr\u00e0 mantenir la teva infraestructura inform\u00e0tica i la teva xarxa en un estat \u00f2ptim i eficient. Som persones properes i la nostra missi\u00f3 \u00e9s acompanyar-te i assessorar-te al&nbsp;<strong>manteniment de xarxes&nbsp;<\/strong>a&nbsp;<strong>Mollet<\/strong>.<\/p>\n\n\n\n<p>A la nostra p\u00e0gina web podr\u00e0s veure en qu\u00e8 consisteixen cadascun dels nostres serveis principals, com ara les solucions d&#039;impressi\u00f3, la implantaci\u00f3 de sistemes a3ERP amb qu\u00e8 podr\u00e0s unificar tots els departaments de la teva empresa en un mateix programa i aconseguir una gesti\u00f3 empresarial molt m\u00e9s productiva i competitiva o el manteniment i la seguretat inform\u00e0tica.  A m\u00e9s, tamb\u00e9 comptem amb un bloc on anem publicant not\u00edcies i informacions relacionades amb aquest sector, amb la intenci\u00f3 d&#039;ajudar-te a trobar eines i plataformes per millorar la competitivitat i la productivitat a la teva PIME. Si est\u00e0s interessat en el&nbsp;<strong>manteniment de xarxes&nbsp;<\/strong>a<strong>&nbsp;Mollet<\/strong>&nbsp;oa qualsevol dels nostres serveis o productes, contacta amb nosaltres i estarem encantats de poder ajudar-te.<\/p>","protected":false},"excerpt":{"rendered":"<p>Descubre las ventajas que puedes conseguir en tu empresa gracias al&nbsp;mantenimiento de redes&nbsp;en&nbsp;Mollet&nbsp;que te ofrecemos en Apen. Se trata de un sistema inform\u00e1tico profesional con el que podr\u00e1s conseguir que los equipos trabajen con el mayor rendimiento posible y mejorar la conexi\u00f3n entre ellos de una forma m\u00e1s eficiente e inteligente. La conexi\u00f3n de redes&#8230;<\/p>","protected":false},"author":4,"featured_media":0,"parent":13742,"menu_order":0,"comment_status":"closed","ping_status":"closed","template":"page-servicio-informatico.php","meta":{"_acf_changed":false,"_kad_blocks_custom_css":"","_kad_blocks_head_custom_js":"","_kad_blocks_body_custom_js":"","_kad_blocks_footer_custom_js":"","_kad_post_transparent":"","_kad_post_title":"","_kad_post_layout":"","_kad_post_sidebar_id":"","_kad_post_content_style":"","_kad_post_vertical_padding":"","_kad_post_feature":"","_kad_post_feature_position":"","_kad_post_header":false,"_kad_post_footer":false,"_kad_post_classname":"","footnotes":""},"class_list":["post-13809","page","type-page","status-publish","hentry"],"acf":[],"yoast_head":"<!-- This site is optimized with the Yoast SEO plugin v27.4 - https:\/\/yoast.com\/product\/yoast-seo-wordpress\/ -->\n<title>Mantenimiento de redes Mollet - Apen Inform\u00e1tica<\/title>\n<meta name=\"description\" content=\"Servicio de mantenieminto de redes inform\u00e1ticas en Mollet. Disponemos de personal especializado en el mantenimiento y reparaci\u00f3n de redes.Conf\u00eda en Apen.\" \/>\n<meta name=\"robots\" content=\"index, follow, max-snippet:-1, max-image-preview:large, max-video-preview:-1\" \/>\n<link rel=\"canonical\" href=\"https:\/\/www.apen.es\/ca\/manteniment-informatic\/manteniment-de-xarxes\/manteniment-de-xarxes-mollet\/\" \/>\n<meta property=\"og:locale\" content=\"ca_ES\" \/>\n<meta property=\"og:type\" content=\"article\" \/>\n<meta property=\"og:title\" content=\"Mantenimiento de redes Mollet - Apen Inform\u00e1tica\" \/>\n<meta property=\"og:description\" content=\"Servicio de mantenieminto de redes inform\u00e1ticas en Mollet. Disponemos de personal especializado en el mantenimiento y reparaci\u00f3n de redes.Conf\u00eda en Apen.\" \/>\n<meta property=\"og:url\" content=\"https:\/\/www.apen.es\/ca\/manteniment-informatic\/manteniment-de-xarxes\/manteniment-de-xarxes-mollet\/\" \/>\n<meta property=\"og:site_name\" content=\"Apen Inform\u00e1tica\" \/>\n<meta property=\"article:publisher\" content=\"https:\/\/www.facebook.com\/apensolucions\" \/>\n<meta property=\"article:modified_time\" content=\"2025-03-31T06:55:46+00:00\" \/>\n<meta property=\"og:image\" content=\"https:\/\/www.apen.es\/wp-content\/uploads\/2016\/05\/logo-apen-231x82-trasparent.png\" \/>\n\t<meta property=\"og:image:width\" content=\"231\" \/>\n\t<meta property=\"og:image:height\" content=\"82\" \/>\n\t<meta property=\"og:image:type\" content=\"image\/png\" \/>\n<meta name=\"twitter:card\" content=\"summary_large_image\" \/>\n<meta name=\"twitter:label1\" content=\"Temps estimat de lectura\" \/>\n\t<meta name=\"twitter:data1\" content=\"10 minuts\" \/>\n<script type=\"application\/ld+json\" class=\"yoast-schema-graph\">{\"@context\":\"https:\\\/\\\/schema.org\",\"@graph\":[{\"@type\":\"WebPage\",\"@id\":\"https:\\\/\\\/www.apen.es\\\/mantenimiento-informatico\\\/mantenimiento-de-redes\\\/mantenimiento-de-redes-mollet\\\/\",\"url\":\"https:\\\/\\\/www.apen.es\\\/mantenimiento-informatico\\\/mantenimiento-de-redes\\\/mantenimiento-de-redes-mollet\\\/\",\"name\":\"Mantenimiento de redes Mollet - Apen Inform\u00e1tica\",\"isPartOf\":{\"@id\":\"https:\\\/\\\/www.apen.es\\\/#website\"},\"datePublished\":\"2019-04-15T08:31:28+00:00\",\"dateModified\":\"2025-03-31T06:55:46+00:00\",\"description\":\"Servicio de mantenieminto de redes inform\u00e1ticas en Mollet. Disponemos de personal especializado en el mantenimiento y reparaci\u00f3n de redes.Conf\u00eda en Apen.\",\"breadcrumb\":{\"@id\":\"https:\\\/\\\/www.apen.es\\\/mantenimiento-informatico\\\/mantenimiento-de-redes\\\/mantenimiento-de-redes-mollet\\\/#breadcrumb\"},\"inLanguage\":\"ca\",\"potentialAction\":[{\"@type\":\"ReadAction\",\"target\":[\"https:\\\/\\\/www.apen.es\\\/mantenimiento-informatico\\\/mantenimiento-de-redes\\\/mantenimiento-de-redes-mollet\\\/\"]}]},{\"@type\":\"BreadcrumbList\",\"@id\":\"https:\\\/\\\/www.apen.es\\\/mantenimiento-informatico\\\/mantenimiento-de-redes\\\/mantenimiento-de-redes-mollet\\\/#breadcrumb\",\"itemListElement\":[{\"@type\":\"ListItem\",\"position\":1,\"name\":\"Portada\",\"item\":\"https:\\\/\\\/www.apen.es\\\/\"},{\"@type\":\"ListItem\",\"position\":2,\"name\":\"Mantenimiento inform\u00e1tico\",\"item\":\"https:\\\/\\\/www.apen.es\\\/mantenimiento-informatico\\\/\"},{\"@type\":\"ListItem\",\"position\":3,\"name\":\"Mantenimiento de redes\",\"item\":\"https:\\\/\\\/www.apen.es\\\/mantenimiento-informatico\\\/mantenimiento-de-redes\\\/\"},{\"@type\":\"ListItem\",\"position\":4,\"name\":\"Mantenimiento de redes Mollet\"}]},{\"@type\":\"WebSite\",\"@id\":\"https:\\\/\\\/www.apen.es\\\/#website\",\"url\":\"https:\\\/\\\/www.apen.es\\\/\",\"name\":\"Apen Inform\u00e1tica\",\"description\":\"Mantenimiento Inform\u00e1tico , Software de Gesti\u00f3n, Soluciones de impresi\u00f3n\",\"publisher\":{\"@id\":\"https:\\\/\\\/www.apen.es\\\/#organization\"},\"potentialAction\":[{\"@type\":\"SearchAction\",\"target\":{\"@type\":\"EntryPoint\",\"urlTemplate\":\"https:\\\/\\\/www.apen.es\\\/?s={search_term_string}\"},\"query-input\":{\"@type\":\"PropertyValueSpecification\",\"valueRequired\":true,\"valueName\":\"search_term_string\"}}],\"inLanguage\":\"ca\"},{\"@type\":\"Organization\",\"@id\":\"https:\\\/\\\/www.apen.es\\\/#organization\",\"name\":\"Apen: Soluciones inform\u00e1ticas\",\"url\":\"https:\\\/\\\/www.apen.es\\\/\",\"logo\":{\"@type\":\"ImageObject\",\"inLanguage\":\"ca\",\"@id\":\"https:\\\/\\\/www.apen.es\\\/#\\\/schema\\\/logo\\\/image\\\/\",\"url\":\"https:\\\/\\\/www.apen.es\\\/wp-content\\\/uploads\\\/2022\\\/08\\\/logo-apenok-231x82-1.png\",\"contentUrl\":\"https:\\\/\\\/www.apen.es\\\/wp-content\\\/uploads\\\/2022\\\/08\\\/logo-apenok-231x82-1.png\",\"width\":231,\"height\":82,\"caption\":\"Apen: Soluciones inform\u00e1ticas\"},\"image\":{\"@id\":\"https:\\\/\\\/www.apen.es\\\/#\\\/schema\\\/logo\\\/image\\\/\"},\"sameAs\":[\"https:\\\/\\\/www.facebook.com\\\/apensolucions\",\"https:\\\/\\\/www.youtube.com\\\/user\\\/ApenCentreInformatic\",\"https:\\\/\\\/www.linkedin.com\\\/company\\\/1021771?trk=tyah&trkInfo=clickedVerticalcompanyclickedEntityId1021771idx2-1-2tarId1464195271196tasapenin\"]}]}<\/script>\n<!-- \/ Yoast SEO plugin. -->","yoast_head_json":{"title":"Manteniment de xarxes Mollet - Apen Inform\u00e0tica","description":"Servei de manteniment de xarxes inform\u00e0tiques a Mollet. Disposem de personal especialitzat en el manteniment i reparaci\u00f3 de xarxes. Confia a Apen.","robots":{"index":"index","follow":"follow","max-snippet":"max-snippet:-1","max-image-preview":"max-image-preview:large","max-video-preview":"max-video-preview:-1"},"canonical":"https:\/\/www.apen.es\/ca\/manteniment-informatic\/manteniment-de-xarxes\/manteniment-de-xarxes-mollet\/","og_locale":"ca_ES","og_type":"article","og_title":"Mantenimiento de redes Mollet - Apen Inform\u00e1tica","og_description":"Servicio de mantenieminto de redes inform\u00e1ticas en Mollet. Disponemos de personal especializado en el mantenimiento y reparaci\u00f3n de redes.Conf\u00eda en Apen.","og_url":"https:\/\/www.apen.es\/ca\/manteniment-informatic\/manteniment-de-xarxes\/manteniment-de-xarxes-mollet\/","og_site_name":"Apen Inform\u00e1tica","article_publisher":"https:\/\/www.facebook.com\/apensolucions","article_modified_time":"2025-03-31T06:55:46+00:00","og_image":[{"width":231,"height":82,"url":"https:\/\/www.apen.es\/wp-content\/uploads\/2016\/05\/logo-apen-231x82-trasparent.png","type":"image\/png"}],"twitter_card":"summary_large_image","twitter_misc":{"Temps estimat de lectura":"10 minuts"},"schema":{"@context":"https:\/\/schema.org","@graph":[{"@type":"WebPage","@id":"https:\/\/www.apen.es\/mantenimiento-informatico\/mantenimiento-de-redes\/mantenimiento-de-redes-mollet\/","url":"https:\/\/www.apen.es\/mantenimiento-informatico\/mantenimiento-de-redes\/mantenimiento-de-redes-mollet\/","name":"Manteniment de xarxes Mollet - Apen Inform\u00e0tica","isPartOf":{"@id":"https:\/\/www.apen.es\/#website"},"datePublished":"2019-04-15T08:31:28+00:00","dateModified":"2025-03-31T06:55:46+00:00","description":"Servei de manteniment de xarxes inform\u00e0tiques a Mollet. Disposem de personal especialitzat en el manteniment i reparaci\u00f3 de xarxes. Confia a Apen.","breadcrumb":{"@id":"https:\/\/www.apen.es\/mantenimiento-informatico\/mantenimiento-de-redes\/mantenimiento-de-redes-mollet\/#breadcrumb"},"inLanguage":"ca","potentialAction":[{"@type":"ReadAction","target":["https:\/\/www.apen.es\/mantenimiento-informatico\/mantenimiento-de-redes\/mantenimiento-de-redes-mollet\/"]}]},{"@type":"BreadcrumbList","@id":"https:\/\/www.apen.es\/mantenimiento-informatico\/mantenimiento-de-redes\/mantenimiento-de-redes-mollet\/#breadcrumb","itemListElement":[{"@type":"ListItem","position":1,"name":"Portada","item":"https:\/\/www.apen.es\/"},{"@type":"ListItem","position":2,"name":"Mantenimiento inform\u00e1tico","item":"https:\/\/www.apen.es\/mantenimiento-informatico\/"},{"@type":"ListItem","position":3,"name":"Mantenimiento de redes","item":"https:\/\/www.apen.es\/mantenimiento-informatico\/mantenimiento-de-redes\/"},{"@type":"ListItem","position":4,"name":"Mantenimiento de redes Mollet"}]},{"@type":"WebSite","@id":"https:\/\/www.apen.es\/#website","url":"https:\/\/www.apen.es\/","name":"Apen Inform\u00e0tica","description":"Manteniment inform\u00e0tic , programari de gesti\u00f3, solucions d&#039;impressi\u00f3","publisher":{"@id":"https:\/\/www.apen.es\/#organization"},"potentialAction":[{"@type":"SearchAction","target":{"@type":"EntryPoint","urlTemplate":"https:\/\/www.apen.es\/?s={search_term_string}"},"query-input":{"@type":"PropertyValueSpecification","valueRequired":true,"valueName":"search_term_string"}}],"inLanguage":"ca"},{"@type":"Organization","@id":"https:\/\/www.apen.es\/#organization","name":"Apen: Solucions inform\u00e0tiques","url":"https:\/\/www.apen.es\/","logo":{"@type":"ImageObject","inLanguage":"ca","@id":"https:\/\/www.apen.es\/#\/schema\/logo\/image\/","url":"https:\/\/www.apen.es\/wp-content\/uploads\/2022\/08\/logo-apenok-231x82-1.png","contentUrl":"https:\/\/www.apen.es\/wp-content\/uploads\/2022\/08\/logo-apenok-231x82-1.png","width":231,"height":82,"caption":"Apen: Soluciones inform\u00e1ticas"},"image":{"@id":"https:\/\/www.apen.es\/#\/schema\/logo\/image\/"},"sameAs":["https:\/\/www.facebook.com\/apensolucions","https:\/\/www.youtube.com\/user\/ApenCentreInformatic","https:\/\/www.linkedin.com\/company\/1021771?trk=tyah&trkInfo=clickedVerticalcompanyclickedEntityId1021771idx2-1-2tarId1464195271196tasapenin"]}]}},"taxonomy_info":[],"featured_image_src_large":false,"author_info":{"display_name":"marqueting","author_link":"https:\/\/www.apen.es\/ca\/blog\/author\/marqueting\/"},"comment_info":0,"_links":{"self":[{"href":"https:\/\/www.apen.es\/ca\/wp-json\/wp\/v2\/pages\/13809","targetHints":{"allow":["GET"]}}],"collection":[{"href":"https:\/\/www.apen.es\/ca\/wp-json\/wp\/v2\/pages"}],"about":[{"href":"https:\/\/www.apen.es\/ca\/wp-json\/wp\/v2\/types\/page"}],"author":[{"embeddable":true,"href":"https:\/\/www.apen.es\/ca\/wp-json\/wp\/v2\/users\/4"}],"replies":[{"embeddable":true,"href":"https:\/\/www.apen.es\/ca\/wp-json\/wp\/v2\/comments?post=13809"}],"version-history":[{"count":2,"href":"https:\/\/www.apen.es\/ca\/wp-json\/wp\/v2\/pages\/13809\/revisions"}],"predecessor-version":[{"id":54554,"href":"https:\/\/www.apen.es\/ca\/wp-json\/wp\/v2\/pages\/13809\/revisions\/54554"}],"up":[{"embeddable":true,"href":"https:\/\/www.apen.es\/ca\/wp-json\/wp\/v2\/pages\/13742"}],"wp:attachment":[{"href":"https:\/\/www.apen.es\/ca\/wp-json\/wp\/v2\/media?parent=13809"}],"curies":[{"name":"wp","href":"https:\/\/api.w.org\/{rel}","templated":true}]}}