{"id":13807,"date":"2019-04-15T08:29:34","date_gmt":"2019-04-15T08:29:34","guid":{"rendered":"https:\/\/www.apen.es\/?page_id=13807"},"modified":"2025-03-31T06:55:31","modified_gmt":"2025-03-31T06:55:31","slug":"manteniment-de-xarxes-mataro","status":"publish","type":"page","link":"https:\/\/www.apen.es\/ca\/mantenimiento-informatico\/mantenimiento-de-redes\/mantenimiento-de-redes-mataro\/","title":{"rendered":"Manteniment de xarxes Matar\u00f3"},"content":{"rendered":"<p>A Apen ens encarreguem del&nbsp;<strong>manteniment de xarxes<\/strong>&nbsp;a&nbsp;<strong>Matar\u00f3<\/strong>&nbsp;de la teva empresa, oferint-te tres tipus de manteniment inform\u00e0tic molt flexibles, que es poden adaptar i reajustar per ser una eina eficient per a tot tipus de PIMES. Aquests tipus de manteniment inform\u00e0tic per a empreses s\u00f3n correctius, preventius i evolutius, de manera que permeten total llibertat devoluci\u00f3 a lempresa i caminen al mateix ritme que la PIME, per la qual cosa es mostren com un servei eficient i durador. El manteniment correctiu serveix per detectar errors a la configuraci\u00f3 de la xarxa o el maquinari, per tal d&#039;aplicar una reparaci\u00f3 o una reconfiguraci\u00f3 a l&#039;equip. El manteniment preventiu, per la seva banda, revisa els equips per confirmar i assegurar-se que no hi ha problemes que puguin posar-lo en perill. I el manteniment evolutiu es refereix al fet que l&#039;equip s&#039;adapta als aven\u00e7os tecnol\u00f2gics i al creixement de l&#039;empresa i mai no queda obsolet ni mostra un baix rendiment. El&nbsp;<strong>manteniment<\/strong>&nbsp;inform\u00e0tic&nbsp;<strong>de xarxes<\/strong>&nbsp;a&nbsp;<strong>Matar\u00f3<\/strong>&nbsp;permet contemplar la revisi\u00f3 de cadascun dels dispositius duna xarxa, des dordinadors fins a impressores o servidors. A Apen prestem atenci\u00f3 a tots els equips que formen part de les xarxes inform\u00e0tiques donant una atenci\u00f3 especial a les c\u00f2pies de seguretat, que s&#039;ocupen de mantenir fora de perill la informaci\u00f3 de l&#039;empresa.<\/p>\n\n\n\n<p>Comptar amb els serveis de&nbsp;<strong>manteniment de xarxes<\/strong>&nbsp;a&nbsp;<strong>Matar\u00f3<\/strong>&nbsp;a la teva empresa especialitzada com la nostra, et permetr\u00e0 oblidar-te dels maldecaps que poden suposar els problemes t\u00e8cnics. Amb Apen, despr\u00e9s de m\u00e9s de 25 anys treballant en aquest sector, podem garantir-te el millor servei de&nbsp;<strong>manteniment de xarxes&nbsp;<\/strong>a<strong>&nbsp;Matar\u00f3<\/strong>, amb qu\u00e8 gaudir\u00e0s de m\u00faltiples beneficis a la teva empresa des del primer dia. Nosaltres escoltarem les teves peticions i projectarem la millor soluci\u00f3 per a la teva empresa, tenint en compte tots els aven\u00e7os tecnol\u00f2gics i les eines de qu\u00e8 disposem.<\/p>\n\n\n\n<p>A Apen sempre mantenim la comunicaci\u00f3 amb els nostres clients, mantenint un llenguatge entenedor i lluny de tecnicismes, per aconseguir una conversa fluida i directa des del primer dia. A la nostra p\u00e0gina web podr\u00e0s trobar tot all\u00f2 que necessites per mantenir els teus equips segurs i estables, mitjan\u00e7ant el manteniment i la seguretat inform\u00e0tica, la implantaci\u00f3 d&#039;un ERP per millorar la gesti\u00f3 empresarial o les solucions d&#039;impressi\u00f3 intel\u00b7ligent. Una infinitat de possibilitats per gaudir de serveis personalitzats, aconseguint sempre resultats professionals i el millor suport t\u00e8cnic a cada moment.<\/p>\n\n\n\n<p>&nbsp;Tamb\u00e9 disposem d&#039;un bloc on podr\u00e0s llegir articles i informacions d&#039;inter\u00e8s empresarial relacionades amb aquest sector, perqu\u00e8 estiguis al dia de totes les novetats, plataformes, eines o consells pr\u00e0ctics que podr\u00e0s posar en pr\u00e0ctica a la teva PIME.  Si t&#039;interessa algun dels nostres serveis, nosaltres estarem encantats d&#039;escoltar-te i d&#039;oferir-te solucions fetes a mida amb qu\u00e8 aconseguir\u00e0s obtenir grans avantatges des del primer dia, com el&nbsp;<strong>manteniment de xarxes<\/strong>&nbsp;a&nbsp;<strong>Matar\u00f3<\/strong>.<\/p>","protected":false},"excerpt":{"rendered":"<p>En Apen nos encargamos del&nbsp;mantenimiento de redes&nbsp;en&nbsp;Matar\u00f3&nbsp;de tu empresa, ofreci\u00e9ndote tres tipos de mantenimiento inform\u00e1tico muy flexibles, que pueden adaptarse y reajustarse para ser una herramienta eficiente para todo tipo de PYMES. Estos tipos de mantenimiento inform\u00e1tico para empresas son correctivos, preventivos y evolutivos, de forma que permiten total libertad de evoluci\u00f3n a la empresa&#8230;<\/p>","protected":false},"author":4,"featured_media":0,"parent":13742,"menu_order":0,"comment_status":"closed","ping_status":"closed","template":"page-servicio-informatico.php","meta":{"_acf_changed":false,"_kad_blocks_custom_css":"","_kad_blocks_head_custom_js":"","_kad_blocks_body_custom_js":"","_kad_blocks_footer_custom_js":"","_kad_post_transparent":"","_kad_post_title":"","_kad_post_layout":"","_kad_post_sidebar_id":"","_kad_post_content_style":"","_kad_post_vertical_padding":"","_kad_post_feature":"","_kad_post_feature_position":"","_kad_post_header":false,"_kad_post_footer":false,"_kad_post_classname":"","footnotes":""},"class_list":["post-13807","page","type-page","status-publish","hentry"],"acf":[],"yoast_head":"<!-- This site is optimized with the Yoast SEO plugin v27.4 - https:\/\/yoast.com\/product\/yoast-seo-wordpress\/ -->\n<title>Mantenimiento de redes Matar\u00f3 - Apen Inform\u00e1tica<\/title>\n<meta name=\"description\" content=\"Servicio de mantenieminto de redes inform\u00e1ticas en Mataro. Disponemos de personal especializado en el mantenimiento y reparaci\u00f3n de redes.\" \/>\n<meta name=\"robots\" content=\"index, follow, max-snippet:-1, max-image-preview:large, max-video-preview:-1\" \/>\n<link rel=\"canonical\" href=\"https:\/\/www.apen.es\/ca\/manteniment-informatic\/manteniment-de-xarxes\/manteniment-de-xarxes-mataro\/\" \/>\n<meta property=\"og:locale\" content=\"ca_ES\" \/>\n<meta property=\"og:type\" content=\"article\" \/>\n<meta property=\"og:title\" content=\"Mantenimiento de redes Matar\u00f3 - Apen Inform\u00e1tica\" \/>\n<meta property=\"og:description\" content=\"Servicio de mantenieminto de redes inform\u00e1ticas en Mataro. Disponemos de personal especializado en el mantenimiento y reparaci\u00f3n de redes.\" \/>\n<meta property=\"og:url\" content=\"https:\/\/www.apen.es\/ca\/manteniment-informatic\/manteniment-de-xarxes\/manteniment-de-xarxes-mataro\/\" \/>\n<meta property=\"og:site_name\" content=\"Apen Inform\u00e1tica\" \/>\n<meta property=\"article:publisher\" content=\"https:\/\/www.facebook.com\/apensolucions\" \/>\n<meta property=\"article:modified_time\" content=\"2025-03-31T06:55:31+00:00\" \/>\n<meta property=\"og:image\" content=\"https:\/\/www.apen.es\/wp-content\/uploads\/2016\/05\/logo-apen-231x82-trasparent.png\" \/>\n\t<meta property=\"og:image:width\" content=\"231\" \/>\n\t<meta property=\"og:image:height\" content=\"82\" \/>\n\t<meta property=\"og:image:type\" content=\"image\/png\" \/>\n<meta name=\"twitter:card\" content=\"summary_large_image\" \/>\n<meta name=\"twitter:label1\" content=\"Temps estimat de lectura\" \/>\n\t<meta name=\"twitter:data1\" content=\"10 minuts\" \/>\n<script type=\"application\/ld+json\" class=\"yoast-schema-graph\">{\"@context\":\"https:\\\/\\\/schema.org\",\"@graph\":[{\"@type\":\"WebPage\",\"@id\":\"https:\\\/\\\/www.apen.es\\\/mantenimiento-informatico\\\/mantenimiento-de-redes\\\/mantenimiento-de-redes-mataro\\\/\",\"url\":\"https:\\\/\\\/www.apen.es\\\/mantenimiento-informatico\\\/mantenimiento-de-redes\\\/mantenimiento-de-redes-mataro\\\/\",\"name\":\"Mantenimiento de redes Matar\u00f3 - Apen Inform\u00e1tica\",\"isPartOf\":{\"@id\":\"https:\\\/\\\/www.apen.es\\\/#website\"},\"datePublished\":\"2019-04-15T08:29:34+00:00\",\"dateModified\":\"2025-03-31T06:55:31+00:00\",\"description\":\"Servicio de mantenieminto de redes inform\u00e1ticas en Mataro. Disponemos de personal especializado en el mantenimiento y reparaci\u00f3n de redes.\",\"breadcrumb\":{\"@id\":\"https:\\\/\\\/www.apen.es\\\/mantenimiento-informatico\\\/mantenimiento-de-redes\\\/mantenimiento-de-redes-mataro\\\/#breadcrumb\"},\"inLanguage\":\"ca\",\"potentialAction\":[{\"@type\":\"ReadAction\",\"target\":[\"https:\\\/\\\/www.apen.es\\\/mantenimiento-informatico\\\/mantenimiento-de-redes\\\/mantenimiento-de-redes-mataro\\\/\"]}]},{\"@type\":\"BreadcrumbList\",\"@id\":\"https:\\\/\\\/www.apen.es\\\/mantenimiento-informatico\\\/mantenimiento-de-redes\\\/mantenimiento-de-redes-mataro\\\/#breadcrumb\",\"itemListElement\":[{\"@type\":\"ListItem\",\"position\":1,\"name\":\"Portada\",\"item\":\"https:\\\/\\\/www.apen.es\\\/\"},{\"@type\":\"ListItem\",\"position\":2,\"name\":\"Mantenimiento inform\u00e1tico\",\"item\":\"https:\\\/\\\/www.apen.es\\\/mantenimiento-informatico\\\/\"},{\"@type\":\"ListItem\",\"position\":3,\"name\":\"Mantenimiento de redes\",\"item\":\"https:\\\/\\\/www.apen.es\\\/mantenimiento-informatico\\\/mantenimiento-de-redes\\\/\"},{\"@type\":\"ListItem\",\"position\":4,\"name\":\"Mantenimiento de redes Matar\u00f3\"}]},{\"@type\":\"WebSite\",\"@id\":\"https:\\\/\\\/www.apen.es\\\/#website\",\"url\":\"https:\\\/\\\/www.apen.es\\\/\",\"name\":\"Apen Inform\u00e1tica\",\"description\":\"Mantenimiento Inform\u00e1tico , Software de Gesti\u00f3n, Soluciones de impresi\u00f3n\",\"publisher\":{\"@id\":\"https:\\\/\\\/www.apen.es\\\/#organization\"},\"potentialAction\":[{\"@type\":\"SearchAction\",\"target\":{\"@type\":\"EntryPoint\",\"urlTemplate\":\"https:\\\/\\\/www.apen.es\\\/?s={search_term_string}\"},\"query-input\":{\"@type\":\"PropertyValueSpecification\",\"valueRequired\":true,\"valueName\":\"search_term_string\"}}],\"inLanguage\":\"ca\"},{\"@type\":\"Organization\",\"@id\":\"https:\\\/\\\/www.apen.es\\\/#organization\",\"name\":\"Apen: Soluciones inform\u00e1ticas\",\"url\":\"https:\\\/\\\/www.apen.es\\\/\",\"logo\":{\"@type\":\"ImageObject\",\"inLanguage\":\"ca\",\"@id\":\"https:\\\/\\\/www.apen.es\\\/#\\\/schema\\\/logo\\\/image\\\/\",\"url\":\"https:\\\/\\\/www.apen.es\\\/wp-content\\\/uploads\\\/2022\\\/08\\\/logo-apenok-231x82-1.png\",\"contentUrl\":\"https:\\\/\\\/www.apen.es\\\/wp-content\\\/uploads\\\/2022\\\/08\\\/logo-apenok-231x82-1.png\",\"width\":231,\"height\":82,\"caption\":\"Apen: Soluciones inform\u00e1ticas\"},\"image\":{\"@id\":\"https:\\\/\\\/www.apen.es\\\/#\\\/schema\\\/logo\\\/image\\\/\"},\"sameAs\":[\"https:\\\/\\\/www.facebook.com\\\/apensolucions\",\"https:\\\/\\\/www.youtube.com\\\/user\\\/ApenCentreInformatic\",\"https:\\\/\\\/www.linkedin.com\\\/company\\\/1021771?trk=tyah&trkInfo=clickedVerticalcompanyclickedEntityId1021771idx2-1-2tarId1464195271196tasapenin\"]}]}<\/script>\n<!-- \/ Yoast SEO plugin. -->","yoast_head_json":{"title":"Manteniment de xarxes Matar\u00f3 - Apen Inform\u00e0tica","description":"Servei de manteniment de xarxes inform\u00e0tiques a Mataro. Disposem de personal especialitzat en el manteniment i la reparaci\u00f3 de xarxes.","robots":{"index":"index","follow":"follow","max-snippet":"max-snippet:-1","max-image-preview":"max-image-preview:large","max-video-preview":"max-video-preview:-1"},"canonical":"https:\/\/www.apen.es\/ca\/manteniment-informatic\/manteniment-de-xarxes\/manteniment-de-xarxes-mataro\/","og_locale":"ca_ES","og_type":"article","og_title":"Mantenimiento de redes Matar\u00f3 - Apen Inform\u00e1tica","og_description":"Servicio de mantenieminto de redes inform\u00e1ticas en Mataro. Disponemos de personal especializado en el mantenimiento y reparaci\u00f3n de redes.","og_url":"https:\/\/www.apen.es\/ca\/manteniment-informatic\/manteniment-de-xarxes\/manteniment-de-xarxes-mataro\/","og_site_name":"Apen Inform\u00e1tica","article_publisher":"https:\/\/www.facebook.com\/apensolucions","article_modified_time":"2025-03-31T06:55:31+00:00","og_image":[{"width":231,"height":82,"url":"https:\/\/www.apen.es\/wp-content\/uploads\/2016\/05\/logo-apen-231x82-trasparent.png","type":"image\/png"}],"twitter_card":"summary_large_image","twitter_misc":{"Temps estimat de lectura":"10 minuts"},"schema":{"@context":"https:\/\/schema.org","@graph":[{"@type":"WebPage","@id":"https:\/\/www.apen.es\/mantenimiento-informatico\/mantenimiento-de-redes\/mantenimiento-de-redes-mataro\/","url":"https:\/\/www.apen.es\/mantenimiento-informatico\/mantenimiento-de-redes\/mantenimiento-de-redes-mataro\/","name":"Manteniment de xarxes Matar\u00f3 - Apen Inform\u00e0tica","isPartOf":{"@id":"https:\/\/www.apen.es\/#website"},"datePublished":"2019-04-15T08:29:34+00:00","dateModified":"2025-03-31T06:55:31+00:00","description":"Servei de manteniment de xarxes inform\u00e0tiques a Mataro. Disposem de personal especialitzat en el manteniment i la reparaci\u00f3 de xarxes.","breadcrumb":{"@id":"https:\/\/www.apen.es\/mantenimiento-informatico\/mantenimiento-de-redes\/mantenimiento-de-redes-mataro\/#breadcrumb"},"inLanguage":"ca","potentialAction":[{"@type":"ReadAction","target":["https:\/\/www.apen.es\/mantenimiento-informatico\/mantenimiento-de-redes\/mantenimiento-de-redes-mataro\/"]}]},{"@type":"BreadcrumbList","@id":"https:\/\/www.apen.es\/mantenimiento-informatico\/mantenimiento-de-redes\/mantenimiento-de-redes-mataro\/#breadcrumb","itemListElement":[{"@type":"ListItem","position":1,"name":"Portada","item":"https:\/\/www.apen.es\/"},{"@type":"ListItem","position":2,"name":"Mantenimiento inform\u00e1tico","item":"https:\/\/www.apen.es\/mantenimiento-informatico\/"},{"@type":"ListItem","position":3,"name":"Mantenimiento de redes","item":"https:\/\/www.apen.es\/mantenimiento-informatico\/mantenimiento-de-redes\/"},{"@type":"ListItem","position":4,"name":"Mantenimiento de redes Matar\u00f3"}]},{"@type":"WebSite","@id":"https:\/\/www.apen.es\/#website","url":"https:\/\/www.apen.es\/","name":"Apen Inform\u00e0tica","description":"Manteniment inform\u00e0tic , programari de gesti\u00f3, solucions d&#039;impressi\u00f3","publisher":{"@id":"https:\/\/www.apen.es\/#organization"},"potentialAction":[{"@type":"SearchAction","target":{"@type":"EntryPoint","urlTemplate":"https:\/\/www.apen.es\/?s={search_term_string}"},"query-input":{"@type":"PropertyValueSpecification","valueRequired":true,"valueName":"search_term_string"}}],"inLanguage":"ca"},{"@type":"Organization","@id":"https:\/\/www.apen.es\/#organization","name":"Apen: Solucions inform\u00e0tiques","url":"https:\/\/www.apen.es\/","logo":{"@type":"ImageObject","inLanguage":"ca","@id":"https:\/\/www.apen.es\/#\/schema\/logo\/image\/","url":"https:\/\/www.apen.es\/wp-content\/uploads\/2022\/08\/logo-apenok-231x82-1.png","contentUrl":"https:\/\/www.apen.es\/wp-content\/uploads\/2022\/08\/logo-apenok-231x82-1.png","width":231,"height":82,"caption":"Apen: Soluciones inform\u00e1ticas"},"image":{"@id":"https:\/\/www.apen.es\/#\/schema\/logo\/image\/"},"sameAs":["https:\/\/www.facebook.com\/apensolucions","https:\/\/www.youtube.com\/user\/ApenCentreInformatic","https:\/\/www.linkedin.com\/company\/1021771?trk=tyah&trkInfo=clickedVerticalcompanyclickedEntityId1021771idx2-1-2tarId1464195271196tasapenin"]}]}},"taxonomy_info":[],"featured_image_src_large":false,"author_info":{"display_name":"marqueting","author_link":"https:\/\/www.apen.es\/ca\/blog\/author\/marqueting\/"},"comment_info":0,"_links":{"self":[{"href":"https:\/\/www.apen.es\/ca\/wp-json\/wp\/v2\/pages\/13807","targetHints":{"allow":["GET"]}}],"collection":[{"href":"https:\/\/www.apen.es\/ca\/wp-json\/wp\/v2\/pages"}],"about":[{"href":"https:\/\/www.apen.es\/ca\/wp-json\/wp\/v2\/types\/page"}],"author":[{"embeddable":true,"href":"https:\/\/www.apen.es\/ca\/wp-json\/wp\/v2\/users\/4"}],"replies":[{"embeddable":true,"href":"https:\/\/www.apen.es\/ca\/wp-json\/wp\/v2\/comments?post=13807"}],"version-history":[{"count":2,"href":"https:\/\/www.apen.es\/ca\/wp-json\/wp\/v2\/pages\/13807\/revisions"}],"predecessor-version":[{"id":54553,"href":"https:\/\/www.apen.es\/ca\/wp-json\/wp\/v2\/pages\/13807\/revisions\/54553"}],"up":[{"embeddable":true,"href":"https:\/\/www.apen.es\/ca\/wp-json\/wp\/v2\/pages\/13742"}],"wp:attachment":[{"href":"https:\/\/www.apen.es\/ca\/wp-json\/wp\/v2\/media?parent=13807"}],"curies":[{"name":"wp","href":"https:\/\/api.w.org\/{rel}","templated":true}]}}