{"id":13805,"date":"2019-04-15T08:27:23","date_gmt":"2019-04-15T08:27:23","guid":{"rendered":"https:\/\/www.apen.es\/?page_id=13805"},"modified":"2025-03-31T06:15:09","modified_gmt":"2025-03-31T06:15:09","slug":"manteniment-de-xarxes-informatiques","status":"publish","type":"page","link":"https:\/\/www.apen.es\/ca\/mantenimiento-informatico\/mantenimiento-de-redes-informaticas\/","title":{"rendered":"Manteniment de xarxes inform\u00e0tiques"},"content":{"rendered":"<p>El&nbsp;<strong>manteniment de xarxes inform\u00e0tiques<\/strong>&nbsp;\u00e9s un factor imprescindible per al bon funcionament dels equips de qualsevol empresa. Suposa una garantia per mantenir fora de perill la informaci\u00f3, les dades i la productivitat del treball del teu PIME. Si descurem el manteniment dels equips ens estem arriscant a patir greus conseq\u00fc\u00e8ncies referents al funcionament dels ordinadors de la nostra empresa i, en conseq\u00fc\u00e8ncia, a la gesti\u00f3 empresarial.<\/p>\n\n\n\n<p>A Apen comptem amb m\u00e9s de 25 anys d&#039;experi\u00e8ncia al sector i com a especialistes en el manteniment i la seguretat inform\u00e0tica, podem garantir-te el millor&nbsp;<strong>manteniment de xarxes inform\u00e0tiques<\/strong>&nbsp;per als teus equips. Un manteniment professional, comprom\u00e8s i efica\u00e7, gr\u00e0cies a les habilitats i el coneixement del nostre equip t\u00e8cnic que est\u00e0 altament qualificat per exercir aquest treball.<\/p>\n\n\n\n<p>Perqu\u00e8 els teus equips puguin mantenir-se en un estat \u00f2ptim durant molt de temps haur\u00e0s de protegir-los i contractar el servei especialitzat d&#039;una empresa, que s&#039;ocupi de dur a terme&nbsp;<strong>manteniment de xarxes inform\u00e0tiques<\/strong>. Perqu\u00e8 aquestes xarxes s\u00f3n les que fan possible la connexi\u00f3 entre els teus equips, la compartici\u00f3 de recursos de maquinari, programari i possibilitat d&#039;intercanviar informaci\u00f3, impressora, executar programes, etc. El bon funcionament de les xarxes inform\u00e0tiques permet una millor comunicaci\u00f3 entre els treballadors, redueix despeses anuals a la teva empresa, crea una gesti\u00f3 d&#039;equips intel\u00b7ligents i permet la seguretat i la integritat de les dades, aix\u00ed com de l&#039;acc\u00e9s a la informaci\u00f3.<\/p>\n\n\n\n<p>M\u00faltiples avantatges que us permetran gaudir d&#039;un sistema intel\u00b7ligent i professional, adaptat a les necessitats de la vostra empresa, segur, fiable i estable, que us far\u00e0 gaudir de tots els beneficis d&#039;uns equips d&#039;\u00faltima generaci\u00f3 sense haver de preocupar-vos per fallades t\u00e8cniques ni per anomalies, que us obliguin a disminuir la productivitat de la vostra feina ni us deixin penjats en moments. A la nostra web et mostrem tots els detalls dels nostres productes i serveis, tals com el&nbsp;<strong>manteniment de xarxes inform\u00e0tiques<\/strong>, seguretat inform\u00e0tica, implantaci\u00f3 d&#039;un programari de gesti\u00f3, solucions d&#039;impressi\u00f3, etc. Perqu\u00e8 puguis con\u00e8ixer una mica m\u00e9s en qu\u00e8 consisteixen i con\u00e8ixer m\u00e9s detalls de la nostra filosofia d&#039;empresa. A la web tamb\u00e9 disposes d&#039;un bloc on publiquem not\u00edcies, articles i informacions relacionades amb aquest sector, per ajudar-te a millorar la gesti\u00f3 i la productivitat a la teva empresa de la manera m\u00e9s senzilla, c\u00f2moda i intel\u00b7ligent possible.<\/p>\n\n\n\n<p>Si vols millorar el&nbsp;<strong>manteniment de xarxes inform\u00e0tiques<\/strong>&nbsp;a la teva empresa o demanar un pressupost de qualsevol altre servei inform\u00e0tic a Apen estarem encantats d&#039;ajudar-te. Analitzarem de primera m\u00e0 les necessitats reals de la teva empresa per poder dissenyar i formular la millor soluci\u00f3 personalitzada per al teu PIME, amb qu\u00e8 et veur\u00e0s beneficiat des del primer dia.<\/p>","protected":false},"excerpt":{"rendered":"<p>El&nbsp;mantenimiento de redes inform\u00e1ticas&nbsp;es un factor imprescindible para el buen funcionamiento de los equipos de cualquier empresa. Supone una garant\u00eda para mantener a salvo la informaci\u00f3n, los datos y la productividad del trabajo de tu PYME. Si descuidamos el mantenimiento de los equipos nos estamos arriesgando a sufrir graves consecuencias referentes al funcionamiento de los&#8230;<\/p>","protected":false},"author":4,"featured_media":0,"parent":1357,"menu_order":0,"comment_status":"closed","ping_status":"closed","template":"page-servicio-informatico.php","meta":{"_acf_changed":false,"_kad_blocks_custom_css":"","_kad_blocks_head_custom_js":"","_kad_blocks_body_custom_js":"","_kad_blocks_footer_custom_js":"","_kad_post_transparent":"","_kad_post_title":"","_kad_post_layout":"","_kad_post_sidebar_id":"","_kad_post_content_style":"","_kad_post_vertical_padding":"","_kad_post_feature":"","_kad_post_feature_position":"","_kad_post_header":false,"_kad_post_footer":false,"_kad_post_classname":"","footnotes":""},"class_list":["post-13805","page","type-page","status-publish","hentry"],"acf":[],"yoast_head":"<!-- This site is optimized with the Yoast SEO plugin v27.4 - https:\/\/yoast.com\/product\/yoast-seo-wordpress\/ -->\n<title>Mantenimiento de redes inform\u00e1ticas - Apen Inform\u00e1tica<\/title>\n<meta name=\"description\" content=\"Mantenimiento para redes inform\u00e1ticas de Pymes en toda la provincia de Barcelona. Soluciones tecnolog\u00edcas: Software, mantenimiento inform\u00e1tico\u2026\" \/>\n<meta name=\"robots\" content=\"index, follow, max-snippet:-1, max-image-preview:large, max-video-preview:-1\" \/>\n<link rel=\"canonical\" href=\"https:\/\/www.apen.es\/ca\/manteniment-informatic\/manteniment-de-xarxes-informatiques\/\" \/>\n<meta property=\"og:locale\" content=\"ca_ES\" \/>\n<meta property=\"og:type\" content=\"article\" \/>\n<meta property=\"og:title\" content=\"Mantenimiento de redes inform\u00e1ticas - Apen Inform\u00e1tica\" \/>\n<meta property=\"og:description\" content=\"Mantenimiento para redes inform\u00e1ticas de Pymes en toda la provincia de Barcelona. Soluciones tecnolog\u00edcas: Software, mantenimiento inform\u00e1tico\u2026\" \/>\n<meta property=\"og:url\" content=\"https:\/\/www.apen.es\/ca\/manteniment-informatic\/manteniment-de-xarxes-informatiques\/\" \/>\n<meta property=\"og:site_name\" content=\"Apen Inform\u00e1tica\" \/>\n<meta property=\"article:publisher\" content=\"https:\/\/www.facebook.com\/apensolucions\" \/>\n<meta property=\"article:modified_time\" content=\"2025-03-31T06:15:09+00:00\" \/>\n<meta property=\"og:image\" content=\"https:\/\/www.apen.es\/wp-content\/uploads\/2016\/05\/logo-apen-231x82-trasparent.png\" \/>\n\t<meta property=\"og:image:width\" content=\"231\" \/>\n\t<meta property=\"og:image:height\" content=\"82\" \/>\n\t<meta property=\"og:image:type\" content=\"image\/png\" \/>\n<meta name=\"twitter:card\" content=\"summary_large_image\" \/>\n<meta name=\"twitter:label1\" content=\"Temps estimat de lectura\" \/>\n\t<meta name=\"twitter:data1\" content=\"10 minuts\" \/>\n<script type=\"application\/ld+json\" class=\"yoast-schema-graph\">{\"@context\":\"https:\\\/\\\/schema.org\",\"@graph\":[{\"@type\":\"WebPage\",\"@id\":\"https:\\\/\\\/www.apen.es\\\/mantenimiento-informatico\\\/mantenimiento-de-redes-informaticas\\\/\",\"url\":\"https:\\\/\\\/www.apen.es\\\/mantenimiento-informatico\\\/mantenimiento-de-redes-informaticas\\\/\",\"name\":\"Mantenimiento de redes inform\u00e1ticas - Apen Inform\u00e1tica\",\"isPartOf\":{\"@id\":\"https:\\\/\\\/www.apen.es\\\/#website\"},\"datePublished\":\"2019-04-15T08:27:23+00:00\",\"dateModified\":\"2025-03-31T06:15:09+00:00\",\"description\":\"Mantenimiento para redes inform\u00e1ticas de Pymes en toda la provincia de Barcelona. Soluciones tecnolog\u00edcas: Software, mantenimiento inform\u00e1tico\u2026\",\"breadcrumb\":{\"@id\":\"https:\\\/\\\/www.apen.es\\\/mantenimiento-informatico\\\/mantenimiento-de-redes-informaticas\\\/#breadcrumb\"},\"inLanguage\":\"ca\",\"potentialAction\":[{\"@type\":\"ReadAction\",\"target\":[\"https:\\\/\\\/www.apen.es\\\/mantenimiento-informatico\\\/mantenimiento-de-redes-informaticas\\\/\"]}]},{\"@type\":\"BreadcrumbList\",\"@id\":\"https:\\\/\\\/www.apen.es\\\/mantenimiento-informatico\\\/mantenimiento-de-redes-informaticas\\\/#breadcrumb\",\"itemListElement\":[{\"@type\":\"ListItem\",\"position\":1,\"name\":\"Portada\",\"item\":\"https:\\\/\\\/www.apen.es\\\/\"},{\"@type\":\"ListItem\",\"position\":2,\"name\":\"Mantenimiento inform\u00e1tico\",\"item\":\"https:\\\/\\\/www.apen.es\\\/mantenimiento-informatico\\\/\"},{\"@type\":\"ListItem\",\"position\":3,\"name\":\"Mantenimiento de redes inform\u00e1ticas\"}]},{\"@type\":\"WebSite\",\"@id\":\"https:\\\/\\\/www.apen.es\\\/#website\",\"url\":\"https:\\\/\\\/www.apen.es\\\/\",\"name\":\"Apen Inform\u00e1tica\",\"description\":\"Mantenimiento Inform\u00e1tico , Software de Gesti\u00f3n, Soluciones de impresi\u00f3n\",\"publisher\":{\"@id\":\"https:\\\/\\\/www.apen.es\\\/#organization\"},\"potentialAction\":[{\"@type\":\"SearchAction\",\"target\":{\"@type\":\"EntryPoint\",\"urlTemplate\":\"https:\\\/\\\/www.apen.es\\\/?s={search_term_string}\"},\"query-input\":{\"@type\":\"PropertyValueSpecification\",\"valueRequired\":true,\"valueName\":\"search_term_string\"}}],\"inLanguage\":\"ca\"},{\"@type\":\"Organization\",\"@id\":\"https:\\\/\\\/www.apen.es\\\/#organization\",\"name\":\"Apen: Soluciones inform\u00e1ticas\",\"url\":\"https:\\\/\\\/www.apen.es\\\/\",\"logo\":{\"@type\":\"ImageObject\",\"inLanguage\":\"ca\",\"@id\":\"https:\\\/\\\/www.apen.es\\\/#\\\/schema\\\/logo\\\/image\\\/\",\"url\":\"https:\\\/\\\/www.apen.es\\\/wp-content\\\/uploads\\\/2022\\\/08\\\/logo-apenok-231x82-1.png\",\"contentUrl\":\"https:\\\/\\\/www.apen.es\\\/wp-content\\\/uploads\\\/2022\\\/08\\\/logo-apenok-231x82-1.png\",\"width\":231,\"height\":82,\"caption\":\"Apen: Soluciones inform\u00e1ticas\"},\"image\":{\"@id\":\"https:\\\/\\\/www.apen.es\\\/#\\\/schema\\\/logo\\\/image\\\/\"},\"sameAs\":[\"https:\\\/\\\/www.facebook.com\\\/apensolucions\",\"https:\\\/\\\/www.youtube.com\\\/user\\\/ApenCentreInformatic\",\"https:\\\/\\\/www.linkedin.com\\\/company\\\/1021771?trk=tyah&trkInfo=clickedVerticalcompanyclickedEntityId1021771idx2-1-2tarId1464195271196tasapenin\"]}]}<\/script>\n<!-- \/ Yoast SEO plugin. -->","yoast_head_json":{"title":"Manteniment de xarxes inform\u00e0tiques - Apen Inform\u00e0tica","description":"Manteniment per a xarxes inform\u00e0tiques de Pimes a tota la prov\u00edncia de Barcelona. Solucions tecnol\u00f2giques: Programari, manteniment inform\u00e0tic\u2026","robots":{"index":"index","follow":"follow","max-snippet":"max-snippet:-1","max-image-preview":"max-image-preview:large","max-video-preview":"max-video-preview:-1"},"canonical":"https:\/\/www.apen.es\/ca\/manteniment-informatic\/manteniment-de-xarxes-informatiques\/","og_locale":"ca_ES","og_type":"article","og_title":"Mantenimiento de redes inform\u00e1ticas - Apen Inform\u00e1tica","og_description":"Mantenimiento para redes inform\u00e1ticas de Pymes en toda la provincia de Barcelona. Soluciones tecnolog\u00edcas: Software, mantenimiento inform\u00e1tico\u2026","og_url":"https:\/\/www.apen.es\/ca\/manteniment-informatic\/manteniment-de-xarxes-informatiques\/","og_site_name":"Apen Inform\u00e1tica","article_publisher":"https:\/\/www.facebook.com\/apensolucions","article_modified_time":"2025-03-31T06:15:09+00:00","og_image":[{"width":231,"height":82,"url":"https:\/\/www.apen.es\/wp-content\/uploads\/2016\/05\/logo-apen-231x82-trasparent.png","type":"image\/png"}],"twitter_card":"summary_large_image","twitter_misc":{"Temps estimat de lectura":"10 minuts"},"schema":{"@context":"https:\/\/schema.org","@graph":[{"@type":"WebPage","@id":"https:\/\/www.apen.es\/mantenimiento-informatico\/mantenimiento-de-redes-informaticas\/","url":"https:\/\/www.apen.es\/mantenimiento-informatico\/mantenimiento-de-redes-informaticas\/","name":"Manteniment de xarxes inform\u00e0tiques - Apen Inform\u00e0tica","isPartOf":{"@id":"https:\/\/www.apen.es\/#website"},"datePublished":"2019-04-15T08:27:23+00:00","dateModified":"2025-03-31T06:15:09+00:00","description":"Manteniment per a xarxes inform\u00e0tiques de Pimes a tota la prov\u00edncia de Barcelona. Solucions tecnol\u00f2giques: Programari, manteniment inform\u00e0tic\u2026","breadcrumb":{"@id":"https:\/\/www.apen.es\/mantenimiento-informatico\/mantenimiento-de-redes-informaticas\/#breadcrumb"},"inLanguage":"ca","potentialAction":[{"@type":"ReadAction","target":["https:\/\/www.apen.es\/mantenimiento-informatico\/mantenimiento-de-redes-informaticas\/"]}]},{"@type":"BreadcrumbList","@id":"https:\/\/www.apen.es\/mantenimiento-informatico\/mantenimiento-de-redes-informaticas\/#breadcrumb","itemListElement":[{"@type":"ListItem","position":1,"name":"Portada","item":"https:\/\/www.apen.es\/"},{"@type":"ListItem","position":2,"name":"Mantenimiento inform\u00e1tico","item":"https:\/\/www.apen.es\/mantenimiento-informatico\/"},{"@type":"ListItem","position":3,"name":"Mantenimiento de redes inform\u00e1ticas"}]},{"@type":"WebSite","@id":"https:\/\/www.apen.es\/#website","url":"https:\/\/www.apen.es\/","name":"Apen Inform\u00e0tica","description":"Manteniment inform\u00e0tic , programari de gesti\u00f3, solucions d&#039;impressi\u00f3","publisher":{"@id":"https:\/\/www.apen.es\/#organization"},"potentialAction":[{"@type":"SearchAction","target":{"@type":"EntryPoint","urlTemplate":"https:\/\/www.apen.es\/?s={search_term_string}"},"query-input":{"@type":"PropertyValueSpecification","valueRequired":true,"valueName":"search_term_string"}}],"inLanguage":"ca"},{"@type":"Organization","@id":"https:\/\/www.apen.es\/#organization","name":"Apen: Solucions inform\u00e0tiques","url":"https:\/\/www.apen.es\/","logo":{"@type":"ImageObject","inLanguage":"ca","@id":"https:\/\/www.apen.es\/#\/schema\/logo\/image\/","url":"https:\/\/www.apen.es\/wp-content\/uploads\/2022\/08\/logo-apenok-231x82-1.png","contentUrl":"https:\/\/www.apen.es\/wp-content\/uploads\/2022\/08\/logo-apenok-231x82-1.png","width":231,"height":82,"caption":"Apen: Soluciones inform\u00e1ticas"},"image":{"@id":"https:\/\/www.apen.es\/#\/schema\/logo\/image\/"},"sameAs":["https:\/\/www.facebook.com\/apensolucions","https:\/\/www.youtube.com\/user\/ApenCentreInformatic","https:\/\/www.linkedin.com\/company\/1021771?trk=tyah&trkInfo=clickedVerticalcompanyclickedEntityId1021771idx2-1-2tarId1464195271196tasapenin"]}]}},"taxonomy_info":[],"featured_image_src_large":false,"author_info":{"display_name":"marqueting","author_link":"https:\/\/www.apen.es\/ca\/blog\/author\/marqueting\/"},"comment_info":0,"_links":{"self":[{"href":"https:\/\/www.apen.es\/ca\/wp-json\/wp\/v2\/pages\/13805","targetHints":{"allow":["GET"]}}],"collection":[{"href":"https:\/\/www.apen.es\/ca\/wp-json\/wp\/v2\/pages"}],"about":[{"href":"https:\/\/www.apen.es\/ca\/wp-json\/wp\/v2\/types\/page"}],"author":[{"embeddable":true,"href":"https:\/\/www.apen.es\/ca\/wp-json\/wp\/v2\/users\/4"}],"replies":[{"embeddable":true,"href":"https:\/\/www.apen.es\/ca\/wp-json\/wp\/v2\/comments?post=13805"}],"version-history":[{"count":4,"href":"https:\/\/www.apen.es\/ca\/wp-json\/wp\/v2\/pages\/13805\/revisions"}],"predecessor-version":[{"id":54472,"href":"https:\/\/www.apen.es\/ca\/wp-json\/wp\/v2\/pages\/13805\/revisions\/54472"}],"up":[{"embeddable":true,"href":"https:\/\/www.apen.es\/ca\/wp-json\/wp\/v2\/pages\/1357"}],"wp:attachment":[{"href":"https:\/\/www.apen.es\/ca\/wp-json\/wp\/v2\/media?parent=13805"}],"curies":[{"name":"wp","href":"https:\/\/api.w.org\/{rel}","templated":true}]}}