{"id":13793,"date":"2019-04-15T08:08:26","date_gmt":"2019-04-15T08:08:26","guid":{"rendered":"https:\/\/www.apen.es\/?page_id=13793"},"modified":"2025-03-31T06:14:45","modified_gmt":"2025-03-31T06:14:45","slug":"instal%c2%b7lacio-de-xarxes-informatiques","status":"publish","type":"page","link":"https:\/\/www.apen.es\/ca\/mantenimiento-informatico\/instalacion-de-redes-informaticas\/","title":{"rendered":"Instal\u00b7laci\u00f3 de xarxes inform\u00e0tiques"},"content":{"rendered":"<p>A Apen podr\u00e0s aconseguir una&nbsp;<strong>instal\u00b7laci\u00f3 de xarxes inform\u00e0tiques<\/strong>&nbsp;professional per a la teva empresa, amb la qual aconseguir\u00e0s una gesti\u00f3 millorada dels teus equips inform\u00e0tics a tots els departaments de la teva empresa. Si treballes a una petita oficina o b\u00e9 a una gran empresa, en ambd\u00f3s casos, \u00e9s interessant disposar d&#039;una&nbsp;<strong>instal\u00b7laci\u00f3 de xarxes inform\u00e0tiques<\/strong>&nbsp;per treballar de manera m\u00e9s productiva, eficient i proactiva.<\/p>\n\n\n\n<p>La&nbsp;<strong>instal\u00b7laci\u00f3 de xarxes inform\u00e0tiques<\/strong>&nbsp;suposa la connexi\u00f3 entre dos o m\u00e9s ordinadors que comparteixen recursos de maquinari o programari i ofereix la possibilitat que diversos usuaris puguin intercanviar informaci\u00f3, fitxers, compartir impressora, executar programes, etc.&nbsp;<strong>La instal\u00b7laci\u00f3 de xarxes inform\u00e0tiques&nbsp;<\/strong>a la teva empresa podr\u00e0 facilitar la comunicaci\u00f3 entre els treballadors, reduir les despeses anuals de l&#039;empresa, crear una gesti\u00f3 d&#039;equips intel\u00b7ligents, millorar la integritat i la seguretat de les dades i tamb\u00e9 de l&#039;acc\u00e9s a la informaci\u00f3.<\/p>\n\n\n\n<p>Perqu\u00e8 aquesta instal\u00b7laci\u00f3 pugui ser efica\u00e7 el primer que haur\u00e0s de fer \u00e9s contractar els serveis d&#039;una empresa especialitzada en el manteniment i la seguretat inform\u00e0tica, com ho som a Apen. Despr\u00e9s de m\u00e9s de 25 anys d&#039;experi\u00e8ncia en aquest sector podem garantir-te un servei de m\u00e0xima qualitat que mantindr\u00e0 tots els teus equips inform\u00e0tics fora de perill de virus, atacs inform\u00e0tics, arrencades lentes, errors en el sistema i tot tipus d&#039;anomalies t\u00e8cniques. Tot aix\u00f2 ser\u00e0 gr\u00e0cies a la intervenci\u00f3 professional del nostre equip t\u00e8cnic, altament qualificat, que s&#039;ocupar\u00e0 de treballar de la manera m\u00e9s r\u00e0pida i efica\u00e7 possible en cadascuna d&#039;aquestes situacions possibles.<\/p>\n\n\n\n<p>Comptem amb tres tipus de manteniment; Base, Outsourcing i Premium, perqu\u00e8 puguis triar l&#039;opci\u00f3 que creguis m\u00e9s adequada per als teus equips. Encara que volem que s\u00e0pigues que les tres opcions es poden reajustar per cobrir les necessitats de cada PIME, de manera que les possibilitats es tornen infinites, per protegir i salvaguardar els teus equips inform\u00e0tics.<\/p>\n\n\n\n<p>Les nostres \u00e0rees principals de manteniment inform\u00e0tic es basen en el manteniment d&#039;ordinadors i tots aquells problemes que puguin sorgir al maquinari i programari, de xarxes inform\u00e0tiques, aix\u00ed com els problemes de seguretat inform\u00e0tica. Tamb\u00e9 treballem de manera habitual en el manteniment de servidors com l&#039;administraci\u00f3, la gesti\u00f3 i el monitoratge de servidors de l&#039;empresa, que sol ser una part molt sensible i important del negoci que ha de comptar, sempre, amb un manteniment professional i adaptat per a cada cas.<\/p>\n\n\n\n<p>A Apen sempre recomanem el manteniment preventiu dels equips, despr\u00e9s de la&nbsp;<strong>instal\u00b7laci\u00f3 de xarxes inform\u00e0tiques<\/strong>. Pel que fa a les xarxes, \u00e9s imprescindible parar atenci\u00f3 al cablejat, perqu\u00e8 \u00e9s la base perqu\u00e8 hi hagi una bona comunicaci\u00f3 entre els equips i un bon rendiment en l&#039;acc\u00e9s als recursos compartits.<\/p>","protected":false},"excerpt":{"rendered":"<p>En Apen podr\u00e1s conseguir una&nbsp;instalaci\u00f3n de redes inform\u00e1ticas&nbsp;profesional para tu empresa, con la que lograr\u00e1s una gesti\u00f3n mejorada de tus equipos inform\u00e1ticos en todos los departamentos de tu empresa. Si trabajas en una peque\u00f1a oficina o bien en una gran empresa, en ambos casos, es interesante disponer de una&nbsp;instalaci\u00f3n de redes inform\u00e1ticas&nbsp;para trabajar de una&#8230;<\/p>","protected":false},"author":4,"featured_media":0,"parent":1357,"menu_order":0,"comment_status":"closed","ping_status":"closed","template":"page-servicio-informatico.php","meta":{"_acf_changed":false,"_kad_blocks_custom_css":"","_kad_blocks_head_custom_js":"","_kad_blocks_body_custom_js":"","_kad_blocks_footer_custom_js":"","_kad_post_transparent":"","_kad_post_title":"","_kad_post_layout":"","_kad_post_sidebar_id":"","_kad_post_content_style":"","_kad_post_vertical_padding":"","_kad_post_feature":"","_kad_post_feature_position":"","_kad_post_header":false,"_kad_post_footer":false,"_kad_post_classname":"","footnotes":""},"class_list":["post-13793","page","type-page","status-publish","hentry"],"acf":[],"yoast_head":"<!-- This site is optimized with the Yoast SEO plugin v27.4 - https:\/\/yoast.com\/product\/yoast-seo-wordpress\/ -->\n<title>Instalaci\u00f3n de redes inform\u00e1ticas - Apen Inform\u00e1tica<\/title>\n<meta name=\"description\" content=\"Instalaci\u00f3n de redes inform\u00e1ticas en Empresas. Ofrecemos soluciones tecnolog\u00edcas que ayudamos a las empresas a digitalizarse. Contacta con Apen ahora.\" \/>\n<meta name=\"robots\" content=\"index, follow, max-snippet:-1, max-image-preview:large, max-video-preview:-1\" \/>\n<link rel=\"canonical\" href=\"https:\/\/www.apen.es\/ca\/manteniment-informatic\/instal\u00b7lacio-de-xarxes-informatiques\/\" \/>\n<meta property=\"og:locale\" content=\"ca_ES\" \/>\n<meta property=\"og:type\" content=\"article\" \/>\n<meta property=\"og:title\" content=\"Instalaci\u00f3n de redes inform\u00e1ticas - Apen Inform\u00e1tica\" \/>\n<meta property=\"og:description\" content=\"Instalaci\u00f3n de redes inform\u00e1ticas en Empresas. Ofrecemos soluciones tecnolog\u00edcas que ayudamos a las empresas a digitalizarse. Contacta con Apen ahora.\" \/>\n<meta property=\"og:url\" content=\"https:\/\/www.apen.es\/ca\/manteniment-informatic\/instal\u00b7lacio-de-xarxes-informatiques\/\" \/>\n<meta property=\"og:site_name\" content=\"Apen Inform\u00e1tica\" \/>\n<meta property=\"article:publisher\" content=\"https:\/\/www.facebook.com\/apensolucions\" \/>\n<meta property=\"article:modified_time\" content=\"2025-03-31T06:14:45+00:00\" \/>\n<meta property=\"og:image\" content=\"https:\/\/www.apen.es\/wp-content\/uploads\/2016\/05\/logo-apen-231x82-trasparent.png\" \/>\n\t<meta property=\"og:image:width\" content=\"231\" \/>\n\t<meta property=\"og:image:height\" content=\"82\" \/>\n\t<meta property=\"og:image:type\" content=\"image\/png\" \/>\n<meta name=\"twitter:card\" content=\"summary_large_image\" \/>\n<meta name=\"twitter:label1\" content=\"Temps estimat de lectura\" \/>\n\t<meta name=\"twitter:data1\" content=\"10 minuts\" \/>\n<script type=\"application\/ld+json\" class=\"yoast-schema-graph\">{\"@context\":\"https:\\\/\\\/schema.org\",\"@graph\":[{\"@type\":\"WebPage\",\"@id\":\"https:\\\/\\\/www.apen.es\\\/mantenimiento-informatico\\\/instalacion-de-redes-informaticas\\\/\",\"url\":\"https:\\\/\\\/www.apen.es\\\/mantenimiento-informatico\\\/instalacion-de-redes-informaticas\\\/\",\"name\":\"Instalaci\u00f3n de redes inform\u00e1ticas - Apen Inform\u00e1tica\",\"isPartOf\":{\"@id\":\"https:\\\/\\\/www.apen.es\\\/#website\"},\"datePublished\":\"2019-04-15T08:08:26+00:00\",\"dateModified\":\"2025-03-31T06:14:45+00:00\",\"description\":\"Instalaci\u00f3n de redes inform\u00e1ticas en Empresas. Ofrecemos soluciones tecnolog\u00edcas que ayudamos a las empresas a digitalizarse. Contacta con Apen ahora.\",\"breadcrumb\":{\"@id\":\"https:\\\/\\\/www.apen.es\\\/mantenimiento-informatico\\\/instalacion-de-redes-informaticas\\\/#breadcrumb\"},\"inLanguage\":\"ca\",\"potentialAction\":[{\"@type\":\"ReadAction\",\"target\":[\"https:\\\/\\\/www.apen.es\\\/mantenimiento-informatico\\\/instalacion-de-redes-informaticas\\\/\"]}]},{\"@type\":\"BreadcrumbList\",\"@id\":\"https:\\\/\\\/www.apen.es\\\/mantenimiento-informatico\\\/instalacion-de-redes-informaticas\\\/#breadcrumb\",\"itemListElement\":[{\"@type\":\"ListItem\",\"position\":1,\"name\":\"Portada\",\"item\":\"https:\\\/\\\/www.apen.es\\\/\"},{\"@type\":\"ListItem\",\"position\":2,\"name\":\"Mantenimiento inform\u00e1tico\",\"item\":\"https:\\\/\\\/www.apen.es\\\/mantenimiento-informatico\\\/\"},{\"@type\":\"ListItem\",\"position\":3,\"name\":\"Instalaci\u00f3n de redes inform\u00e1ticas\"}]},{\"@type\":\"WebSite\",\"@id\":\"https:\\\/\\\/www.apen.es\\\/#website\",\"url\":\"https:\\\/\\\/www.apen.es\\\/\",\"name\":\"Apen Inform\u00e1tica\",\"description\":\"Mantenimiento Inform\u00e1tico , Software de Gesti\u00f3n, Soluciones de impresi\u00f3n\",\"publisher\":{\"@id\":\"https:\\\/\\\/www.apen.es\\\/#organization\"},\"potentialAction\":[{\"@type\":\"SearchAction\",\"target\":{\"@type\":\"EntryPoint\",\"urlTemplate\":\"https:\\\/\\\/www.apen.es\\\/?s={search_term_string}\"},\"query-input\":{\"@type\":\"PropertyValueSpecification\",\"valueRequired\":true,\"valueName\":\"search_term_string\"}}],\"inLanguage\":\"ca\"},{\"@type\":\"Organization\",\"@id\":\"https:\\\/\\\/www.apen.es\\\/#organization\",\"name\":\"Apen: Soluciones inform\u00e1ticas\",\"url\":\"https:\\\/\\\/www.apen.es\\\/\",\"logo\":{\"@type\":\"ImageObject\",\"inLanguage\":\"ca\",\"@id\":\"https:\\\/\\\/www.apen.es\\\/#\\\/schema\\\/logo\\\/image\\\/\",\"url\":\"https:\\\/\\\/www.apen.es\\\/wp-content\\\/uploads\\\/2022\\\/08\\\/logo-apenok-231x82-1.png\",\"contentUrl\":\"https:\\\/\\\/www.apen.es\\\/wp-content\\\/uploads\\\/2022\\\/08\\\/logo-apenok-231x82-1.png\",\"width\":231,\"height\":82,\"caption\":\"Apen: Soluciones inform\u00e1ticas\"},\"image\":{\"@id\":\"https:\\\/\\\/www.apen.es\\\/#\\\/schema\\\/logo\\\/image\\\/\"},\"sameAs\":[\"https:\\\/\\\/www.facebook.com\\\/apensolucions\",\"https:\\\/\\\/www.youtube.com\\\/user\\\/ApenCentreInformatic\",\"https:\\\/\\\/www.linkedin.com\\\/company\\\/1021771?trk=tyah&trkInfo=clickedVerticalcompanyclickedEntityId1021771idx2-1-2tarId1464195271196tasapenin\"]}]}<\/script>\n<!-- \/ Yoast SEO plugin. -->","yoast_head_json":{"title":"Instal\u00b7laci\u00f3 de xarxes inform\u00e0tiques - Apen Inform\u00e0tica","description":"Instal\u00b7laci\u00f3 de xarxes inform\u00e0tiques a Empreses. Oferim solucions tecnol\u00f2giques que ajudem les empreses a digitalitzar-se. Contacta amb Apen ara.","robots":{"index":"index","follow":"follow","max-snippet":"max-snippet:-1","max-image-preview":"max-image-preview:large","max-video-preview":"max-video-preview:-1"},"canonical":"https:\/\/www.apen.es\/ca\/manteniment-informatic\/instal\u00b7lacio-de-xarxes-informatiques\/","og_locale":"ca_ES","og_type":"article","og_title":"Instalaci\u00f3n de redes inform\u00e1ticas - Apen Inform\u00e1tica","og_description":"Instalaci\u00f3n de redes inform\u00e1ticas en Empresas. Ofrecemos soluciones tecnolog\u00edcas que ayudamos a las empresas a digitalizarse. Contacta con Apen ahora.","og_url":"https:\/\/www.apen.es\/ca\/manteniment-informatic\/instal\u00b7lacio-de-xarxes-informatiques\/","og_site_name":"Apen Inform\u00e1tica","article_publisher":"https:\/\/www.facebook.com\/apensolucions","article_modified_time":"2025-03-31T06:14:45+00:00","og_image":[{"width":231,"height":82,"url":"https:\/\/www.apen.es\/wp-content\/uploads\/2016\/05\/logo-apen-231x82-trasparent.png","type":"image\/png"}],"twitter_card":"summary_large_image","twitter_misc":{"Temps estimat de lectura":"10 minuts"},"schema":{"@context":"https:\/\/schema.org","@graph":[{"@type":"WebPage","@id":"https:\/\/www.apen.es\/mantenimiento-informatico\/instalacion-de-redes-informaticas\/","url":"https:\/\/www.apen.es\/mantenimiento-informatico\/instalacion-de-redes-informaticas\/","name":"Instal\u00b7laci\u00f3 de xarxes inform\u00e0tiques - Apen Inform\u00e0tica","isPartOf":{"@id":"https:\/\/www.apen.es\/#website"},"datePublished":"2019-04-15T08:08:26+00:00","dateModified":"2025-03-31T06:14:45+00:00","description":"Instal\u00b7laci\u00f3 de xarxes inform\u00e0tiques a Empreses. Oferim solucions tecnol\u00f2giques que ajudem les empreses a digitalitzar-se. Contacta amb Apen ara.","breadcrumb":{"@id":"https:\/\/www.apen.es\/mantenimiento-informatico\/instalacion-de-redes-informaticas\/#breadcrumb"},"inLanguage":"ca","potentialAction":[{"@type":"ReadAction","target":["https:\/\/www.apen.es\/mantenimiento-informatico\/instalacion-de-redes-informaticas\/"]}]},{"@type":"BreadcrumbList","@id":"https:\/\/www.apen.es\/mantenimiento-informatico\/instalacion-de-redes-informaticas\/#breadcrumb","itemListElement":[{"@type":"ListItem","position":1,"name":"Portada","item":"https:\/\/www.apen.es\/"},{"@type":"ListItem","position":2,"name":"Mantenimiento inform\u00e1tico","item":"https:\/\/www.apen.es\/mantenimiento-informatico\/"},{"@type":"ListItem","position":3,"name":"Instalaci\u00f3n de redes inform\u00e1ticas"}]},{"@type":"WebSite","@id":"https:\/\/www.apen.es\/#website","url":"https:\/\/www.apen.es\/","name":"Apen Inform\u00e0tica","description":"Manteniment inform\u00e0tic , programari de gesti\u00f3, solucions d&#039;impressi\u00f3","publisher":{"@id":"https:\/\/www.apen.es\/#organization"},"potentialAction":[{"@type":"SearchAction","target":{"@type":"EntryPoint","urlTemplate":"https:\/\/www.apen.es\/?s={search_term_string}"},"query-input":{"@type":"PropertyValueSpecification","valueRequired":true,"valueName":"search_term_string"}}],"inLanguage":"ca"},{"@type":"Organization","@id":"https:\/\/www.apen.es\/#organization","name":"Apen: Solucions inform\u00e0tiques","url":"https:\/\/www.apen.es\/","logo":{"@type":"ImageObject","inLanguage":"ca","@id":"https:\/\/www.apen.es\/#\/schema\/logo\/image\/","url":"https:\/\/www.apen.es\/wp-content\/uploads\/2022\/08\/logo-apenok-231x82-1.png","contentUrl":"https:\/\/www.apen.es\/wp-content\/uploads\/2022\/08\/logo-apenok-231x82-1.png","width":231,"height":82,"caption":"Apen: Soluciones inform\u00e1ticas"},"image":{"@id":"https:\/\/www.apen.es\/#\/schema\/logo\/image\/"},"sameAs":["https:\/\/www.facebook.com\/apensolucions","https:\/\/www.youtube.com\/user\/ApenCentreInformatic","https:\/\/www.linkedin.com\/company\/1021771?trk=tyah&trkInfo=clickedVerticalcompanyclickedEntityId1021771idx2-1-2tarId1464195271196tasapenin"]}]}},"taxonomy_info":[],"featured_image_src_large":false,"author_info":{"display_name":"marqueting","author_link":"https:\/\/www.apen.es\/ca\/blog\/author\/marqueting\/"},"comment_info":0,"_links":{"self":[{"href":"https:\/\/www.apen.es\/ca\/wp-json\/wp\/v2\/pages\/13793","targetHints":{"allow":["GET"]}}],"collection":[{"href":"https:\/\/www.apen.es\/ca\/wp-json\/wp\/v2\/pages"}],"about":[{"href":"https:\/\/www.apen.es\/ca\/wp-json\/wp\/v2\/types\/page"}],"author":[{"embeddable":true,"href":"https:\/\/www.apen.es\/ca\/wp-json\/wp\/v2\/users\/4"}],"replies":[{"embeddable":true,"href":"https:\/\/www.apen.es\/ca\/wp-json\/wp\/v2\/comments?post=13793"}],"version-history":[{"count":3,"href":"https:\/\/www.apen.es\/ca\/wp-json\/wp\/v2\/pages\/13793\/revisions"}],"predecessor-version":[{"id":54470,"href":"https:\/\/www.apen.es\/ca\/wp-json\/wp\/v2\/pages\/13793\/revisions\/54470"}],"up":[{"embeddable":true,"href":"https:\/\/www.apen.es\/ca\/wp-json\/wp\/v2\/pages\/1357"}],"wp:attachment":[{"href":"https:\/\/www.apen.es\/ca\/wp-json\/wp\/v2\/media?parent=13793"}],"curies":[{"name":"wp","href":"https:\/\/api.w.org\/{rel}","templated":true}]}}