{"id":13791,"date":"2019-04-15T08:05:49","date_gmt":"2019-04-15T08:05:49","guid":{"rendered":"https:\/\/www.apen.es\/?page_id=13791"},"modified":"2025-03-31T06:59:28","modified_gmt":"2025-03-31T06:59:28","slug":"informatica-vic","status":"publish","type":"page","link":"https:\/\/www.apen.es\/ca\/mantenimiento-informatico\/informatica\/informatica-vic\/","title":{"rendered":"Inform\u00e0tica Vic"},"content":{"rendered":"<p>Aconsegueix tenir tots els avantatges que ofereixen els equips de darrera generaci\u00f3 de les primeres marques del mercat, gr\u00e0cies al servei de&nbsp;<strong>inform\u00e0tica<\/strong>&nbsp;d&#039;Apen a&nbsp;<strong>Vic<\/strong>. Funcionalitats i prestacions de tota mena, capaces d&#039;adaptar-se perfectament a tot tipus de PIMES des del primer dia de la instal\u00b7laci\u00f3 i configuraci\u00f3.<\/p>\n\n\n\n<p>La nostra llarga i experimentada traject\u00f2ria, de m\u00e9s de 25 anys, ens ha perm\u00e8s veure, observar i seguir aprenent sobre totes les possibilitats que ofereix el sector de la&nbsp;<strong>inform\u00e0tica<\/strong>&nbsp;a&nbsp;<strong>Vic<\/strong>. Actualment comptem amb un equip t\u00e8cnic altament qualificat i especialitzat en la seguretat i el manteniment inform\u00e0tic, que ens permet garantir el millor assessorament personalitzat i els millors resultats als nostres clients. Amb nosaltres podr\u00e0s trobar una proposta feta a mida per a la teva empresa que et permetr\u00e0 millorar la productivitat, controlar d&#039;una manera m\u00e9s competitiva la gesti\u00f3 de la teva empresa, realitzar treballs amb la m\u00e0xima qualitat, tenir sempre en bon estat els teus equips i despreocupar-te dels problemes t\u00e8cnics, comptar amb equips de darrera generaci\u00f3 de primeres marques a trav\u00e9s d&#039;un servei de r\u00e8nting, tenir sempre l&#039;ajuda i el suport t\u00e8cnic de persones especials. Una infinitat d&#039;avantatges que podreu gaudir des del primer dia amb el servei de&nbsp;<strong>inform\u00e0tica<\/strong>&nbsp;a&nbsp;<strong>Vic<\/strong>&nbsp;d&#039;Apen.<\/p>\n\n\n\n<p>Tenim tres tipus de manteniment inform\u00e0tic, depenent de les vostres necessitats, requisits, prefer\u00e8ncies o pressupost. D&#039;una banda trobem un manteniment Base, que \u00e9s l&#039;opci\u00f3 m\u00e9s b\u00e0sica encara que molt efectiva i va dirigida a empreses que tenen un interlocutor que s&#039;ocupa del servei de&nbsp;<strong>inform\u00e0tica<\/strong>&nbsp;a&nbsp;<strong>Vic<\/strong>&nbsp;i que est\u00e0 buscant disponibilitat, servei i preus competitius; Un manteniment Outsourcing, que posa a l&#039;abast dels nostres clients un suport t\u00e8cnic professional i va dirigit a aquelles empreses que no compten amb un departament inform\u00e0tic propi o b\u00e9 a grans corporacions que vulguin refor\u00e7ar aquest departament, per comptar amb m\u00e9s seguretat als seus equips. I un tercer tipus de manteniment inform\u00e0tic anomenat Premium, que ofereix un servei de gran qualitat basat en la monitoritzaci\u00f3 dels sistemes, la prevenci\u00f3 i la reducci\u00f3 de riscos i despeses per a l&#039;empresa. Tot i ser serveis de diferent complexitat, tots ells tenen la possibilitat de readaptar-se per aconseguir una proposta personalitzada i feta a mida per a cada PIME. I aix\u00f2 ens permet treballar amb m\u00e9s llibertat i una millorada atenci\u00f3 a tots els nostres clients.<\/p>\n\n\n\n<p>Si vols gaudir d&#039;un servei segur i rendible de&nbsp;<strong>inform\u00e0tica<\/strong>&nbsp;a&nbsp;<strong>Vic<\/strong>, a Apen podem oferir-t&#039;ho. Posant a disposici\u00f3 un servei de m\u00e0xima qualitat de la m\u00e0 dels millors t\u00e8cnics que sempre respondran davant de qualsevol anomalia t\u00e8cnica o qualsevol dubte, problema o adversitat que es presenti, relacionada amb el servei de&nbsp;<strong>inform\u00e0tica<\/strong>&nbsp;a&nbsp;<strong>Vic<\/strong>.<\/p>","protected":false},"excerpt":{"rendered":"<p>Consigue tener todas las ventajas que ofrecen los equipos de \u00faltima generaci\u00f3n de las primeras marcas del mercado, gracias al servicio de&nbsp;inform\u00e1tica&nbsp;de Apen en&nbsp;Vic. Funcionalidades y prestaciones de todo tipo, capaces de adaptarse perfectamente a todo tipo de PYMES desde el primer d\u00eda de su instalaci\u00f3n y configuraci\u00f3n. Nuestra larga y experimentada trayectoria, de m\u00e1s&#8230;<\/p>","protected":false},"author":4,"featured_media":0,"parent":13773,"menu_order":0,"comment_status":"closed","ping_status":"closed","template":"page-servicio-informatico.php","meta":{"_acf_changed":false,"_kad_blocks_custom_css":"","_kad_blocks_head_custom_js":"","_kad_blocks_body_custom_js":"","_kad_blocks_footer_custom_js":"","_kad_post_transparent":"","_kad_post_title":"","_kad_post_layout":"","_kad_post_sidebar_id":"","_kad_post_content_style":"","_kad_post_vertical_padding":"","_kad_post_feature":"","_kad_post_feature_position":"","_kad_post_header":false,"_kad_post_footer":false,"_kad_post_classname":"","footnotes":""},"class_list":["post-13791","page","type-page","status-publish","hentry"],"acf":[],"yoast_head":"<!-- This site is optimized with the Yoast SEO plugin v27.4 - https:\/\/yoast.com\/product\/yoast-seo-wordpress\/ -->\n<title>Inform\u00e1tica Vic - Apen Inform\u00e1tica<\/title>\n<meta name=\"description\" content=\"Inform\u00e1tica Vic para Empresas. Somos una empresa de inform\u00e1tica y soluciones tecnolog\u00edcas que ayudamos a las empresas a digitalizarse.\" \/>\n<meta name=\"robots\" content=\"index, follow, max-snippet:-1, max-image-preview:large, max-video-preview:-1\" \/>\n<link rel=\"canonical\" href=\"https:\/\/www.apen.es\/ca\/manteniment-informatic\/informatica\/informatica-vic\/\" \/>\n<meta property=\"og:locale\" content=\"ca_ES\" \/>\n<meta property=\"og:type\" content=\"article\" \/>\n<meta property=\"og:title\" content=\"Inform\u00e1tica Vic - Apen Inform\u00e1tica\" \/>\n<meta property=\"og:description\" content=\"Inform\u00e1tica Vic para Empresas. Somos una empresa de inform\u00e1tica y soluciones tecnolog\u00edcas que ayudamos a las empresas a digitalizarse.\" \/>\n<meta property=\"og:url\" content=\"https:\/\/www.apen.es\/ca\/manteniment-informatic\/informatica\/informatica-vic\/\" \/>\n<meta property=\"og:site_name\" content=\"Apen Inform\u00e1tica\" \/>\n<meta property=\"article:publisher\" content=\"https:\/\/www.facebook.com\/apensolucions\" \/>\n<meta property=\"article:modified_time\" content=\"2025-03-31T06:59:28+00:00\" \/>\n<meta property=\"og:image\" content=\"https:\/\/www.apen.es\/wp-content\/uploads\/2016\/05\/logo-apen-231x82-trasparent.png\" \/>\n\t<meta property=\"og:image:width\" content=\"231\" \/>\n\t<meta property=\"og:image:height\" content=\"82\" \/>\n\t<meta property=\"og:image:type\" content=\"image\/png\" \/>\n<meta name=\"twitter:card\" content=\"summary_large_image\" \/>\n<meta name=\"twitter:label1\" content=\"Temps estimat de lectura\" \/>\n\t<meta name=\"twitter:data1\" content=\"10 minuts\" \/>\n<script type=\"application\/ld+json\" class=\"yoast-schema-graph\">{\"@context\":\"https:\\\/\\\/schema.org\",\"@graph\":[{\"@type\":\"WebPage\",\"@id\":\"https:\\\/\\\/www.apen.es\\\/mantenimiento-informatico\\\/informatica\\\/informatica-vic\\\/\",\"url\":\"https:\\\/\\\/www.apen.es\\\/mantenimiento-informatico\\\/informatica\\\/informatica-vic\\\/\",\"name\":\"Inform\u00e1tica Vic - Apen Inform\u00e1tica\",\"isPartOf\":{\"@id\":\"https:\\\/\\\/www.apen.es\\\/#website\"},\"datePublished\":\"2019-04-15T08:05:49+00:00\",\"dateModified\":\"2025-03-31T06:59:28+00:00\",\"description\":\"Inform\u00e1tica Vic para Empresas. Somos una empresa de inform\u00e1tica y soluciones tecnolog\u00edcas que ayudamos a las empresas a digitalizarse.\",\"breadcrumb\":{\"@id\":\"https:\\\/\\\/www.apen.es\\\/mantenimiento-informatico\\\/informatica\\\/informatica-vic\\\/#breadcrumb\"},\"inLanguage\":\"ca\",\"potentialAction\":[{\"@type\":\"ReadAction\",\"target\":[\"https:\\\/\\\/www.apen.es\\\/mantenimiento-informatico\\\/informatica\\\/informatica-vic\\\/\"]}]},{\"@type\":\"BreadcrumbList\",\"@id\":\"https:\\\/\\\/www.apen.es\\\/mantenimiento-informatico\\\/informatica\\\/informatica-vic\\\/#breadcrumb\",\"itemListElement\":[{\"@type\":\"ListItem\",\"position\":1,\"name\":\"Portada\",\"item\":\"https:\\\/\\\/www.apen.es\\\/\"},{\"@type\":\"ListItem\",\"position\":2,\"name\":\"Mantenimiento inform\u00e1tico\",\"item\":\"https:\\\/\\\/www.apen.es\\\/mantenimiento-informatico\\\/\"},{\"@type\":\"ListItem\",\"position\":3,\"name\":\"Inform\u00e1tica\",\"item\":\"https:\\\/\\\/www.apen.es\\\/mantenimiento-informatico\\\/informatica\\\/\"},{\"@type\":\"ListItem\",\"position\":4,\"name\":\"Inform\u00e1tica Vic\"}]},{\"@type\":\"WebSite\",\"@id\":\"https:\\\/\\\/www.apen.es\\\/#website\",\"url\":\"https:\\\/\\\/www.apen.es\\\/\",\"name\":\"Apen Inform\u00e1tica\",\"description\":\"Mantenimiento Inform\u00e1tico , Software de Gesti\u00f3n, Soluciones de impresi\u00f3n\",\"publisher\":{\"@id\":\"https:\\\/\\\/www.apen.es\\\/#organization\"},\"potentialAction\":[{\"@type\":\"SearchAction\",\"target\":{\"@type\":\"EntryPoint\",\"urlTemplate\":\"https:\\\/\\\/www.apen.es\\\/?s={search_term_string}\"},\"query-input\":{\"@type\":\"PropertyValueSpecification\",\"valueRequired\":true,\"valueName\":\"search_term_string\"}}],\"inLanguage\":\"ca\"},{\"@type\":\"Organization\",\"@id\":\"https:\\\/\\\/www.apen.es\\\/#organization\",\"name\":\"Apen: Soluciones inform\u00e1ticas\",\"url\":\"https:\\\/\\\/www.apen.es\\\/\",\"logo\":{\"@type\":\"ImageObject\",\"inLanguage\":\"ca\",\"@id\":\"https:\\\/\\\/www.apen.es\\\/#\\\/schema\\\/logo\\\/image\\\/\",\"url\":\"https:\\\/\\\/www.apen.es\\\/wp-content\\\/uploads\\\/2022\\\/08\\\/logo-apenok-231x82-1.png\",\"contentUrl\":\"https:\\\/\\\/www.apen.es\\\/wp-content\\\/uploads\\\/2022\\\/08\\\/logo-apenok-231x82-1.png\",\"width\":231,\"height\":82,\"caption\":\"Apen: Soluciones inform\u00e1ticas\"},\"image\":{\"@id\":\"https:\\\/\\\/www.apen.es\\\/#\\\/schema\\\/logo\\\/image\\\/\"},\"sameAs\":[\"https:\\\/\\\/www.facebook.com\\\/apensolucions\",\"https:\\\/\\\/www.youtube.com\\\/user\\\/ApenCentreInformatic\",\"https:\\\/\\\/www.linkedin.com\\\/company\\\/1021771?trk=tyah&trkInfo=clickedVerticalcompanyclickedEntityId1021771idx2-1-2tarId1464195271196tasapenin\"]}]}<\/script>\n<!-- \/ Yoast SEO plugin. -->","yoast_head_json":{"title":"Inform\u00e0tica Vic - Apen Inform\u00e0tica","description":"Inform\u00e0tica Vic per a Empreses. Som una empresa d&#039;inform\u00e0tica i solucions tecnol\u00f2giques que ajudem les empreses a digitalitzar-se.","robots":{"index":"index","follow":"follow","max-snippet":"max-snippet:-1","max-image-preview":"max-image-preview:large","max-video-preview":"max-video-preview:-1"},"canonical":"https:\/\/www.apen.es\/ca\/manteniment-informatic\/informatica\/informatica-vic\/","og_locale":"ca_ES","og_type":"article","og_title":"Inform\u00e1tica Vic - Apen Inform\u00e1tica","og_description":"Inform\u00e1tica Vic para Empresas. Somos una empresa de inform\u00e1tica y soluciones tecnolog\u00edcas que ayudamos a las empresas a digitalizarse.","og_url":"https:\/\/www.apen.es\/ca\/manteniment-informatic\/informatica\/informatica-vic\/","og_site_name":"Apen Inform\u00e1tica","article_publisher":"https:\/\/www.facebook.com\/apensolucions","article_modified_time":"2025-03-31T06:59:28+00:00","og_image":[{"width":231,"height":82,"url":"https:\/\/www.apen.es\/wp-content\/uploads\/2016\/05\/logo-apen-231x82-trasparent.png","type":"image\/png"}],"twitter_card":"summary_large_image","twitter_misc":{"Temps estimat de lectura":"10 minuts"},"schema":{"@context":"https:\/\/schema.org","@graph":[{"@type":"WebPage","@id":"https:\/\/www.apen.es\/mantenimiento-informatico\/informatica\/informatica-vic\/","url":"https:\/\/www.apen.es\/mantenimiento-informatico\/informatica\/informatica-vic\/","name":"Inform\u00e0tica Vic - Apen Inform\u00e0tica","isPartOf":{"@id":"https:\/\/www.apen.es\/#website"},"datePublished":"2019-04-15T08:05:49+00:00","dateModified":"2025-03-31T06:59:28+00:00","description":"Inform\u00e0tica Vic per a Empreses. Som una empresa d&#039;inform\u00e0tica i solucions tecnol\u00f2giques que ajudem les empreses a digitalitzar-se.","breadcrumb":{"@id":"https:\/\/www.apen.es\/mantenimiento-informatico\/informatica\/informatica-vic\/#breadcrumb"},"inLanguage":"ca","potentialAction":[{"@type":"ReadAction","target":["https:\/\/www.apen.es\/mantenimiento-informatico\/informatica\/informatica-vic\/"]}]},{"@type":"BreadcrumbList","@id":"https:\/\/www.apen.es\/mantenimiento-informatico\/informatica\/informatica-vic\/#breadcrumb","itemListElement":[{"@type":"ListItem","position":1,"name":"Portada","item":"https:\/\/www.apen.es\/"},{"@type":"ListItem","position":2,"name":"Mantenimiento inform\u00e1tico","item":"https:\/\/www.apen.es\/mantenimiento-informatico\/"},{"@type":"ListItem","position":3,"name":"Inform\u00e1tica","item":"https:\/\/www.apen.es\/mantenimiento-informatico\/informatica\/"},{"@type":"ListItem","position":4,"name":"Inform\u00e1tica Vic"}]},{"@type":"WebSite","@id":"https:\/\/www.apen.es\/#website","url":"https:\/\/www.apen.es\/","name":"Apen Inform\u00e0tica","description":"Manteniment inform\u00e0tic , programari de gesti\u00f3, solucions d&#039;impressi\u00f3","publisher":{"@id":"https:\/\/www.apen.es\/#organization"},"potentialAction":[{"@type":"SearchAction","target":{"@type":"EntryPoint","urlTemplate":"https:\/\/www.apen.es\/?s={search_term_string}"},"query-input":{"@type":"PropertyValueSpecification","valueRequired":true,"valueName":"search_term_string"}}],"inLanguage":"ca"},{"@type":"Organization","@id":"https:\/\/www.apen.es\/#organization","name":"Apen: Solucions inform\u00e0tiques","url":"https:\/\/www.apen.es\/","logo":{"@type":"ImageObject","inLanguage":"ca","@id":"https:\/\/www.apen.es\/#\/schema\/logo\/image\/","url":"https:\/\/www.apen.es\/wp-content\/uploads\/2022\/08\/logo-apenok-231x82-1.png","contentUrl":"https:\/\/www.apen.es\/wp-content\/uploads\/2022\/08\/logo-apenok-231x82-1.png","width":231,"height":82,"caption":"Apen: Soluciones inform\u00e1ticas"},"image":{"@id":"https:\/\/www.apen.es\/#\/schema\/logo\/image\/"},"sameAs":["https:\/\/www.facebook.com\/apensolucions","https:\/\/www.youtube.com\/user\/ApenCentreInformatic","https:\/\/www.linkedin.com\/company\/1021771?trk=tyah&trkInfo=clickedVerticalcompanyclickedEntityId1021771idx2-1-2tarId1464195271196tasapenin"]}]}},"taxonomy_info":[],"featured_image_src_large":false,"author_info":{"display_name":"marqueting","author_link":"https:\/\/www.apen.es\/ca\/blog\/author\/marqueting\/"},"comment_info":0,"_links":{"self":[{"href":"https:\/\/www.apen.es\/ca\/wp-json\/wp\/v2\/pages\/13791","targetHints":{"allow":["GET"]}}],"collection":[{"href":"https:\/\/www.apen.es\/ca\/wp-json\/wp\/v2\/pages"}],"about":[{"href":"https:\/\/www.apen.es\/ca\/wp-json\/wp\/v2\/types\/page"}],"author":[{"embeddable":true,"href":"https:\/\/www.apen.es\/ca\/wp-json\/wp\/v2\/users\/4"}],"replies":[{"embeddable":true,"href":"https:\/\/www.apen.es\/ca\/wp-json\/wp\/v2\/comments?post=13791"}],"version-history":[{"count":2,"href":"https:\/\/www.apen.es\/ca\/wp-json\/wp\/v2\/pages\/13791\/revisions"}],"predecessor-version":[{"id":54570,"href":"https:\/\/www.apen.es\/ca\/wp-json\/wp\/v2\/pages\/13791\/revisions\/54570"}],"up":[{"embeddable":true,"href":"https:\/\/www.apen.es\/ca\/wp-json\/wp\/v2\/pages\/13773"}],"wp:attachment":[{"href":"https:\/\/www.apen.es\/ca\/wp-json\/wp\/v2\/media?parent=13791"}],"curies":[{"name":"wp","href":"https:\/\/api.w.org\/{rel}","templated":true}]}}