{"id":13775,"date":"2019-04-15T07:47:31","date_gmt":"2019-04-15T07:47:31","guid":{"rendered":"https:\/\/www.apen.es\/?page_id=13775"},"modified":"2025-03-31T06:57:01","modified_gmt":"2025-03-31T06:57:01","slug":"informatica-barcelona","status":"publish","type":"page","link":"https:\/\/www.apen.es\/ca\/mantenimiento-informatico\/informatica\/informatica-barcelona\/","title":{"rendered":"Inform\u00e0tica Barcelona"},"content":{"rendered":"<p>Rep una assist\u00e8ncia professional d&#039;inform\u00e0tica a Barcelona gr\u00e0cies a l&#039;equip t\u00e8cnic d&#039;Apen. Despr\u00e9s de m\u00e9s de 25 anys d&#039;experi\u00e8ncia, comptem amb un equip altament qualificat i especialitzat en el manteniment i la seguretat inform\u00e0tica, la instal\u00b7laci\u00f3 i la configuraci\u00f3 d&#039;equips, la implantaci\u00f3 de programes de gesti\u00f3 empresarial, solucions d&#039;impressi\u00f3, etc. S\u00f3n persones molt preparades i compromeses amb la seva feina, que podran resoldre qualsevol anomalia t\u00e8cnica que es presenti al servei d&#039;inform\u00e0tica a Barcelona.<\/p>\n\n\n\n<p>Hem estudiat les transformacions digitals per brindar les millors solucions d&#039;inform\u00e0tica a Barcelona, oferint serveis fets a la mida de cada empresa, sense importar-ne la mida o el sector en qu\u00e8 es desenvolupin. Els nostres serveis permeten que cada empresa estigui preparada per comptar amb els millors equips i el millor acompanyament, que asseguren la m\u00e0xima efic\u00e0cia en les tasques del dia a dia.<\/p>\n\n\n\n<p>El servei d&#039;inform\u00e0tica a Barcelona que us proposem a Apen posa a la vostra disposici\u00f3 una proposta integral de m\u00e0xima qualitat, que s&#039;adapta de forma personalitzada a les necessitats de la vostra empresa. \u00c9s una particularitat que ens fa diferenciar-nos d&#039;altres empreses del sector i que ens posiciona com una de les empreses referents de la ciutat comtal. Som una de les empreses m\u00e9s innovadores a la ind\u00fastria d&#039;inform\u00e0tica a Barcelona a causa del nostre servei r\u00e0pid i fiable.<\/p>\n\n\n\n<p>Les nostres solucions inform\u00e0tiques permeten ajudar a millorar l&#039;efici\u00e8ncia de les empreses i agilitzar el seu creixement amb els nostres serveis de revisi\u00f3 i optimitzaci\u00f3 d&#039;equips, juntament amb l&#039;eliminaci\u00f3 de troians amena\u00e7adors i les nostres m\u00faltiples ofertes de suport t\u00e8cnic, totes brindades per professionals preparats, responsables i preparats per respondre totes les vostres preguntes i comentaris.<\/p>\n\n\n\n<p>El fet de comptar amb una empresa inform\u00e0tica de confian\u00e7a a la teva empresa de Barcelona, capa\u00e7 de resoldre anomalies, problemes, dubtes o aportar solucions d&#039;inform\u00e0tica intel\u00b7ligents et permetr\u00e0 obtenir molts beneficis, comen\u00e7ant per un augment en la productivitat o millorar la imatge competitiva de la teva empresa. Comptar amb equips multifuncionals d&#039;\u00faltima generaci\u00f3 us permet desenvolupar les capacitats de la vostra empresa d&#039;una forma exponencial, utilitzant eines adequades i obtenint els beneficis de comptar amb un servei d&#039;inform\u00e0tica a Barcelona completament personalitzat. Gr\u00e0cies al nostre equip t\u00e8cnic podr\u00e0s gaudir d&#039;equips d&#039;inform\u00e0tica d&#039;\u00faltima generaci\u00f3 de primeres marques durant molt de temps, sense haver de preocupar-te del manteniment, perqu\u00e8 des d&#039;Apen ens en farem c\u00e0rrec de la manera m\u00e9s professional i efica\u00e7 possible.<\/p>\n\n\n\n<p>A m\u00e9s, els nostres serveis d\u00b4inform\u00e0tica a Barcelona tamb\u00e9 inclouen la disposici\u00f3 de t\u00e8cnics per a la reparaci\u00f3 d\u00b4equips. El nostre staff t\u00e9 ampli estudi, coneixement i experi\u00e8ncia en totes les marques disponibles al mercat: Dell, Acer, Asus, Lenovo, HP, Sony i fins i tot Apple. De la mateixa manera, en cas de necessitar algun component per a la seva total reparaci\u00f3, ens encarreguem de buscar opcions noves i usades, de forma r\u00e0pida i brindat als nostres clients la possibilitat d&#039;escollir l&#039;alternativa que s&#039;adapti a les vostres necessitats i pressupost.<\/p>\n\n\n\n<p>Confiar en el servei d&#039;inform\u00e0tica a Barcelona d&#039;Apen \u00e9s confiar en un sistema segur, comprom\u00e8s, \u00fatil, intel\u00b7ligent i assequible per a la teva empresa. Gr\u00e0cies a la nostra experi\u00e8ncia i la qualitat de tots els nostres productes podem garantir-te uns equips potents i multifuncionals, que es convertiran en eines de treball imprescindibles des del primer dia que s&#039;instal\u00b7lin a la teva empresa. A m\u00e9s, donin Apen pots gaudir d&#039;un servei de r\u00e8nting d&#039;equips si el que busques \u00e9s un nou model de finan\u00e7ament que permeti obtenir els equips inform\u00e0tics sense haver de comprar-los.<\/p>\n\n\n\n<p>Des del primer dia, el nostre objectiu \u00e9s servir als nostres clients tan b\u00e9 com sigui possible. Estudiem cada cas i creem plans d&#039;atenci\u00f3, trobant maneres d&#039;estalviar diners als clients en cada oportunitat sense posar en risc un servei de la millor qualitat. Afegit a aix\u00f2, sempre donem bons consells i recomanem reparacions que tinguin sentit segons les necessitats immediata ia futur de cada cas, tenint en compte el sector on es desenvolupi l&#039;empresa. Aquesta estrat\u00e8gia comercial ha funcionat amb \u00e8xit per m\u00e9s de 25 anys i esperem poder servir qualsevol persona i companyia que pugui necessitar dels nostres serveis. Els nostres fidels clients s\u00f3n la millor garantia d&#039;un servei de qualitat i confian\u00e7a.<\/p>\n\n\n\n<p>Si entreu a la nostra p\u00e0gina web podreu con\u00e8ixer tots els detalls d&#039;aquest servei d&#039;inform\u00e0tica a Barcelona, que us proposa tres maneres de gaudir del manteniment inform\u00e0tic a trav\u00e9s d&#039;un manteniment Base, manteniment Outsourcing i manteniment Premium. Tres opcions diferents per\u00f2 flexibles, que faran que els teus equips rebin la millor atenci\u00f3 sempre que ho necessitin. No dubteu a contactar amb nosaltres, els nostres experts prendran el temps descoltar les seves necessitats i crear la soluci\u00f3 perfecta per a vost\u00e8.<\/p>\n\n\n\n<p>A la nostra web tamb\u00e9 podr\u00e0s descobrir alguns casos d&#039;\u00e8xits, d&#039;empreses que ja han provat o est\u00e0s provant els nostres productes i serveis i, tamb\u00e9, seguir el nostre bloc on publiquem not\u00edcies i articles relacionats amb aquest sector.<\/p>\n\n\n\n<h2 class=\"wp-block-heading\"><strong>Serveis inform\u00e0tics per a empreses<\/strong><\/h2>\n\n\n\n<p>En l&#039;actualitat, comptar amb una companyia de confian\u00e7a que ofereix serveis inform\u00e0tics per a empreses \u00e9s fonamental. Aix\u00f2 assegurar\u00e0 que els equips siguin fiables i que l&#039;empresa estigui en funcionament constant, brindat un servei de qualitat i millorar-ne l&#039;efic\u00e0cia.<\/p>\n\n\n\n<p>Els serveis inform\u00e0tics per a empreses es realitzen per especialistes a l&#039;\u00e0rea que brinden suport en el moment necessari. Per aix\u00f2, es compta amb professionals amb coneixements sobre sistemes inform\u00e0tics generals, plataformes al n\u00favol, maquinari electr\u00f2nic, xarxes de dispositius i aplicacions de programari. A m\u00e9s, els serveis inform\u00e0tics per a empreses poden oferir una gran selecci\u00f3 de serveis de suport tecnol\u00f2gic que cobreixen totes i cadascuna de les demandes que una empresa pugui tenir. Els t\u00e8cnics brinden suport de primer nivell per tel\u00e8fon, en persona, videotrucada o correu electr\u00f2nic per als problemes experimentats.<\/p>\n\n\n\n<p>Els serveis inform\u00e0tics per a empreses tenen dues grans \u00e0rees de treball: solucionar problemes tecnol\u00f2gics immediats i implementar mesures preventives contra futurs problemes. A m\u00e9s, us poden ajudar a crear una estrat\u00e8gia per a les vostres necessitats actuals i futures per brindar un servei efica\u00e7 i eficient. Per exemple, si una companyia presenta falles a la seva xarxa o servits, els experts de serveis inform\u00e0tics per a empreses rebran una alerta per analitzar i diagnosticar el problema, aconseguint resoldre&#039;l el m\u00e9s r\u00e0pid possible. L&#039;objectiu sempre ser\u00e0 reduir el temps d&#039;inactivitat a gaireb\u00e9 zero perqu\u00e8 no es perdi temps, diners ni oportunitats de venda durant la decisi\u00f3. De la mateixa manera, els serveis inform\u00e0tics per a l&#039;empresa s&#039;encarregaran d&#039;atendre les necessitats de la companyia ja sigui en cas de qualsevol pregunta o assist\u00e8ncia general. Segons el tipus d&#039;assist\u00e8ncia necess\u00e0ria, el t\u00e8cnic treballar\u00e0 remotament o enviar\u00e0 un expert in situ al lloc.<\/p>\n\n\n\n<p>Perqu\u00e8 els serveis inform\u00e0tics de l&#039;empresa ajudin al creixement de la mateixa, aquests desenvolupen una estrat\u00e8gia que funcioni en conjunt amb el seu pla comercial. Els serveis inform\u00e0tics per a empreses no s&#039;encarreguen nom\u00e9s d&#039;arreglar els errors tecnol\u00f2gics, sin\u00f3 que s\u00f3n solucions intel\u00b7ligents per a les necessitats comercials actuals i futures, ja que tenen com a objectiu augmentar l&#039;efici\u00e8ncia i la productivitat de les empreses, brindant-li m\u00e9s guanys i m\u00e9s satisfacci\u00f3 del client.<\/p>\n\n\n\n<p>Els serveis inform\u00e0tics per a empreses tamb\u00e9 desenvolupen planificaci\u00f3 preventiva, que inclou el desenvolupament de plans per evitar fallades en les operacions di\u00e0ries o en les activitats de seguretat. Per exemple, s&#039;ofereixen solucions de suport de dades (respatller de xarxa, suport del servidor, suport de l&#039;estaci\u00f3 de treball) perqu\u00e8, en cas de falla, no es perdi cap informaci\u00f3 comercial valuosa i pugui tornar a l&#039;acci\u00f3 gaireb\u00e9 a l&#039;instant.<\/p>\n\n\n\n<p>El contractar serveis inform\u00e0tics per a empreses us brinda beneficis i seguretat per al vostre negoci. La instal\u00b7laci\u00f3, configuraci\u00f3 i administraci\u00f3 d&#039;una xarxa a tota l&#039;empresa \u00e9s una part fonamental de les operacions de la majoria de les empreses. El manteniment i la gesti\u00f3 de la xarxa constitueixen una gran part del treball que fan les empreses de suport tecnol\u00f2gic. Una xarxa ben dissenyada proporciona acc\u00e9s a les dades de lempresa des de totes les estacions de treball autoritzades de lempresa. La xarxa se supervisa remotament les 24 hores del dia per mantenir-la operativa i optimitzar el temps d&#039;activitat i l&#039;efici\u00e8ncia de la xarxa. Els protocols de seguretat de xarxa ajuden a defensar els seus sistemes de pirates inform\u00e0tics, virus i programari espia. Demaneu informaci\u00f3 per contactar amb els experts d&#039;Apen i oferir-vos la millor soluci\u00f3.<\/p>","protected":false},"excerpt":{"rendered":"<p>Recibe una asistencia profesional de inform\u00e1tica en Barcelona, gracias al equipo t\u00e9cnico de Apen. Tras m\u00e1s de 25 a\u00f1os de experiencia, contamos con un equipo altamente cualificado y especializado en el mantenimiento y la seguridad inform\u00e1tica, la instalaci\u00f3n y configuraci\u00f3n de equipos, la implantaci\u00f3n de programas de gesti\u00f3n empresarial, soluciones de impresi\u00f3n, etc. Son personas&#8230;<\/p>","protected":false},"author":4,"featured_media":0,"parent":13773,"menu_order":0,"comment_status":"closed","ping_status":"closed","template":"page-servicio-informatico.php","meta":{"_acf_changed":false,"_kad_blocks_custom_css":"","_kad_blocks_head_custom_js":"","_kad_blocks_body_custom_js":"","_kad_blocks_footer_custom_js":"","_kad_post_transparent":"","_kad_post_title":"","_kad_post_layout":"","_kad_post_sidebar_id":"","_kad_post_content_style":"","_kad_post_vertical_padding":"","_kad_post_feature":"","_kad_post_feature_position":"","_kad_post_header":false,"_kad_post_footer":false,"_kad_post_classname":"","footnotes":""},"class_list":["post-13775","page","type-page","status-publish","hentry"],"acf":[],"yoast_head":"<!-- This site is optimized with the Yoast SEO plugin v27.4 - https:\/\/yoast.com\/product\/yoast-seo-wordpress\/ -->\n<title>Inform\u00e1tica Barcelona - Apen Inform\u00e1tica<\/title>\n<meta name=\"description\" content=\"Inform\u00e1tica Barcelona para Empresas. Somos una empresa de inform\u00e1tica y soluciones tecnolog\u00edcas que ayudamos a las empresas a digitalizarse.\" \/>\n<meta name=\"robots\" content=\"index, follow, max-snippet:-1, max-image-preview:large, max-video-preview:-1\" \/>\n<link rel=\"canonical\" href=\"https:\/\/www.apen.es\/ca\/manteniment-informatic\/informatica\/informatica-barcelona\/\" \/>\n<meta property=\"og:locale\" content=\"ca_ES\" \/>\n<meta property=\"og:type\" content=\"article\" \/>\n<meta property=\"og:title\" content=\"Inform\u00e1tica Barcelona - Apen Inform\u00e1tica\" \/>\n<meta property=\"og:description\" content=\"Inform\u00e1tica Barcelona para Empresas. Somos una empresa de inform\u00e1tica y soluciones tecnolog\u00edcas que ayudamos a las empresas a digitalizarse.\" \/>\n<meta property=\"og:url\" content=\"https:\/\/www.apen.es\/ca\/manteniment-informatic\/informatica\/informatica-barcelona\/\" \/>\n<meta property=\"og:site_name\" content=\"Apen Inform\u00e1tica\" \/>\n<meta property=\"article:publisher\" content=\"https:\/\/www.facebook.com\/apensolucions\" \/>\n<meta property=\"article:modified_time\" content=\"2025-03-31T06:57:01+00:00\" \/>\n<meta property=\"og:image\" content=\"https:\/\/www.apen.es\/wp-content\/uploads\/2016\/05\/logo-apen-231x82-trasparent.png\" \/>\n\t<meta property=\"og:image:width\" content=\"231\" \/>\n\t<meta property=\"og:image:height\" content=\"82\" \/>\n\t<meta property=\"og:image:type\" content=\"image\/png\" \/>\n<meta name=\"twitter:card\" content=\"summary_large_image\" \/>\n<meta name=\"twitter:label1\" content=\"Temps estimat de lectura\" \/>\n\t<meta name=\"twitter:data1\" content=\"10 minuts\" \/>\n<script type=\"application\/ld+json\" class=\"yoast-schema-graph\">{\"@context\":\"https:\\\/\\\/schema.org\",\"@graph\":[{\"@type\":\"WebPage\",\"@id\":\"https:\\\/\\\/www.apen.es\\\/mantenimiento-informatico\\\/informatica\\\/informatica-barcelona\\\/\",\"url\":\"https:\\\/\\\/www.apen.es\\\/mantenimiento-informatico\\\/informatica\\\/informatica-barcelona\\\/\",\"name\":\"Inform\u00e1tica Barcelona - Apen Inform\u00e1tica\",\"isPartOf\":{\"@id\":\"https:\\\/\\\/www.apen.es\\\/#website\"},\"datePublished\":\"2019-04-15T07:47:31+00:00\",\"dateModified\":\"2025-03-31T06:57:01+00:00\",\"description\":\"Inform\u00e1tica Barcelona para Empresas. Somos una empresa de inform\u00e1tica y soluciones tecnolog\u00edcas que ayudamos a las empresas a digitalizarse.\",\"breadcrumb\":{\"@id\":\"https:\\\/\\\/www.apen.es\\\/mantenimiento-informatico\\\/informatica\\\/informatica-barcelona\\\/#breadcrumb\"},\"inLanguage\":\"ca\",\"potentialAction\":[{\"@type\":\"ReadAction\",\"target\":[\"https:\\\/\\\/www.apen.es\\\/mantenimiento-informatico\\\/informatica\\\/informatica-barcelona\\\/\"]}]},{\"@type\":\"BreadcrumbList\",\"@id\":\"https:\\\/\\\/www.apen.es\\\/mantenimiento-informatico\\\/informatica\\\/informatica-barcelona\\\/#breadcrumb\",\"itemListElement\":[{\"@type\":\"ListItem\",\"position\":1,\"name\":\"Portada\",\"item\":\"https:\\\/\\\/www.apen.es\\\/\"},{\"@type\":\"ListItem\",\"position\":2,\"name\":\"Mantenimiento inform\u00e1tico\",\"item\":\"https:\\\/\\\/www.apen.es\\\/mantenimiento-informatico\\\/\"},{\"@type\":\"ListItem\",\"position\":3,\"name\":\"Inform\u00e1tica\",\"item\":\"https:\\\/\\\/www.apen.es\\\/mantenimiento-informatico\\\/informatica\\\/\"},{\"@type\":\"ListItem\",\"position\":4,\"name\":\"Inform\u00e1tica Barcelona\"}]},{\"@type\":\"WebSite\",\"@id\":\"https:\\\/\\\/www.apen.es\\\/#website\",\"url\":\"https:\\\/\\\/www.apen.es\\\/\",\"name\":\"Apen Inform\u00e1tica\",\"description\":\"Mantenimiento Inform\u00e1tico , Software de Gesti\u00f3n, Soluciones de impresi\u00f3n\",\"publisher\":{\"@id\":\"https:\\\/\\\/www.apen.es\\\/#organization\"},\"potentialAction\":[{\"@type\":\"SearchAction\",\"target\":{\"@type\":\"EntryPoint\",\"urlTemplate\":\"https:\\\/\\\/www.apen.es\\\/?s={search_term_string}\"},\"query-input\":{\"@type\":\"PropertyValueSpecification\",\"valueRequired\":true,\"valueName\":\"search_term_string\"}}],\"inLanguage\":\"ca\"},{\"@type\":\"Organization\",\"@id\":\"https:\\\/\\\/www.apen.es\\\/#organization\",\"name\":\"Apen: Soluciones inform\u00e1ticas\",\"url\":\"https:\\\/\\\/www.apen.es\\\/\",\"logo\":{\"@type\":\"ImageObject\",\"inLanguage\":\"ca\",\"@id\":\"https:\\\/\\\/www.apen.es\\\/#\\\/schema\\\/logo\\\/image\\\/\",\"url\":\"https:\\\/\\\/www.apen.es\\\/wp-content\\\/uploads\\\/2022\\\/08\\\/logo-apenok-231x82-1.png\",\"contentUrl\":\"https:\\\/\\\/www.apen.es\\\/wp-content\\\/uploads\\\/2022\\\/08\\\/logo-apenok-231x82-1.png\",\"width\":231,\"height\":82,\"caption\":\"Apen: Soluciones inform\u00e1ticas\"},\"image\":{\"@id\":\"https:\\\/\\\/www.apen.es\\\/#\\\/schema\\\/logo\\\/image\\\/\"},\"sameAs\":[\"https:\\\/\\\/www.facebook.com\\\/apensolucions\",\"https:\\\/\\\/www.youtube.com\\\/user\\\/ApenCentreInformatic\",\"https:\\\/\\\/www.linkedin.com\\\/company\\\/1021771?trk=tyah&trkInfo=clickedVerticalcompanyclickedEntityId1021771idx2-1-2tarId1464195271196tasapenin\"]}]}<\/script>\n<!-- \/ Yoast SEO plugin. -->","yoast_head_json":{"title":"Inform\u00e0tica Barcelona - Apen Inform\u00e0tica","description":"Inform\u00e0tica Barcelona per a Empreses. Som una empresa d&#039;inform\u00e0tica i solucions tecnol\u00f2giques que ajudem les empreses a digitalitzar-se.","robots":{"index":"index","follow":"follow","max-snippet":"max-snippet:-1","max-image-preview":"max-image-preview:large","max-video-preview":"max-video-preview:-1"},"canonical":"https:\/\/www.apen.es\/ca\/manteniment-informatic\/informatica\/informatica-barcelona\/","og_locale":"ca_ES","og_type":"article","og_title":"Inform\u00e1tica Barcelona - Apen Inform\u00e1tica","og_description":"Inform\u00e1tica Barcelona para Empresas. Somos una empresa de inform\u00e1tica y soluciones tecnolog\u00edcas que ayudamos a las empresas a digitalizarse.","og_url":"https:\/\/www.apen.es\/ca\/manteniment-informatic\/informatica\/informatica-barcelona\/","og_site_name":"Apen Inform\u00e1tica","article_publisher":"https:\/\/www.facebook.com\/apensolucions","article_modified_time":"2025-03-31T06:57:01+00:00","og_image":[{"width":231,"height":82,"url":"https:\/\/www.apen.es\/wp-content\/uploads\/2016\/05\/logo-apen-231x82-trasparent.png","type":"image\/png"}],"twitter_card":"summary_large_image","twitter_misc":{"Temps estimat de lectura":"10 minuts"},"schema":{"@context":"https:\/\/schema.org","@graph":[{"@type":"WebPage","@id":"https:\/\/www.apen.es\/mantenimiento-informatico\/informatica\/informatica-barcelona\/","url":"https:\/\/www.apen.es\/mantenimiento-informatico\/informatica\/informatica-barcelona\/","name":"Inform\u00e0tica Barcelona - Apen Inform\u00e0tica","isPartOf":{"@id":"https:\/\/www.apen.es\/#website"},"datePublished":"2019-04-15T07:47:31+00:00","dateModified":"2025-03-31T06:57:01+00:00","description":"Inform\u00e0tica Barcelona per a Empreses. Som una empresa d&#039;inform\u00e0tica i solucions tecnol\u00f2giques que ajudem les empreses a digitalitzar-se.","breadcrumb":{"@id":"https:\/\/www.apen.es\/mantenimiento-informatico\/informatica\/informatica-barcelona\/#breadcrumb"},"inLanguage":"ca","potentialAction":[{"@type":"ReadAction","target":["https:\/\/www.apen.es\/mantenimiento-informatico\/informatica\/informatica-barcelona\/"]}]},{"@type":"BreadcrumbList","@id":"https:\/\/www.apen.es\/mantenimiento-informatico\/informatica\/informatica-barcelona\/#breadcrumb","itemListElement":[{"@type":"ListItem","position":1,"name":"Portada","item":"https:\/\/www.apen.es\/"},{"@type":"ListItem","position":2,"name":"Mantenimiento inform\u00e1tico","item":"https:\/\/www.apen.es\/mantenimiento-informatico\/"},{"@type":"ListItem","position":3,"name":"Inform\u00e1tica","item":"https:\/\/www.apen.es\/mantenimiento-informatico\/informatica\/"},{"@type":"ListItem","position":4,"name":"Inform\u00e1tica Barcelona"}]},{"@type":"WebSite","@id":"https:\/\/www.apen.es\/#website","url":"https:\/\/www.apen.es\/","name":"Apen Inform\u00e0tica","description":"Manteniment inform\u00e0tic , programari de gesti\u00f3, solucions d&#039;impressi\u00f3","publisher":{"@id":"https:\/\/www.apen.es\/#organization"},"potentialAction":[{"@type":"SearchAction","target":{"@type":"EntryPoint","urlTemplate":"https:\/\/www.apen.es\/?s={search_term_string}"},"query-input":{"@type":"PropertyValueSpecification","valueRequired":true,"valueName":"search_term_string"}}],"inLanguage":"ca"},{"@type":"Organization","@id":"https:\/\/www.apen.es\/#organization","name":"Apen: Solucions inform\u00e0tiques","url":"https:\/\/www.apen.es\/","logo":{"@type":"ImageObject","inLanguage":"ca","@id":"https:\/\/www.apen.es\/#\/schema\/logo\/image\/","url":"https:\/\/www.apen.es\/wp-content\/uploads\/2022\/08\/logo-apenok-231x82-1.png","contentUrl":"https:\/\/www.apen.es\/wp-content\/uploads\/2022\/08\/logo-apenok-231x82-1.png","width":231,"height":82,"caption":"Apen: Soluciones inform\u00e1ticas"},"image":{"@id":"https:\/\/www.apen.es\/#\/schema\/logo\/image\/"},"sameAs":["https:\/\/www.facebook.com\/apensolucions","https:\/\/www.youtube.com\/user\/ApenCentreInformatic","https:\/\/www.linkedin.com\/company\/1021771?trk=tyah&trkInfo=clickedVerticalcompanyclickedEntityId1021771idx2-1-2tarId1464195271196tasapenin"]}]}},"taxonomy_info":[],"featured_image_src_large":false,"author_info":{"display_name":"marqueting","author_link":"https:\/\/www.apen.es\/ca\/blog\/author\/marqueting\/"},"comment_info":0,"_links":{"self":[{"href":"https:\/\/www.apen.es\/ca\/wp-json\/wp\/v2\/pages\/13775","targetHints":{"allow":["GET"]}}],"collection":[{"href":"https:\/\/www.apen.es\/ca\/wp-json\/wp\/v2\/pages"}],"about":[{"href":"https:\/\/www.apen.es\/ca\/wp-json\/wp\/v2\/types\/page"}],"author":[{"embeddable":true,"href":"https:\/\/www.apen.es\/ca\/wp-json\/wp\/v2\/users\/4"}],"replies":[{"embeddable":true,"href":"https:\/\/www.apen.es\/ca\/wp-json\/wp\/v2\/comments?post=13775"}],"version-history":[{"count":2,"href":"https:\/\/www.apen.es\/ca\/wp-json\/wp\/v2\/pages\/13775\/revisions"}],"predecessor-version":[{"id":54561,"href":"https:\/\/www.apen.es\/ca\/wp-json\/wp\/v2\/pages\/13775\/revisions\/54561"}],"up":[{"embeddable":true,"href":"https:\/\/www.apen.es\/ca\/wp-json\/wp\/v2\/pages\/13773"}],"wp:attachment":[{"href":"https:\/\/www.apen.es\/ca\/wp-json\/wp\/v2\/media?parent=13775"}],"curies":[{"name":"wp","href":"https:\/\/api.w.org\/{rel}","templated":true}]}}