{"id":13773,"date":"2019-04-15T07:44:57","date_gmt":"2019-04-15T07:44:57","guid":{"rendered":"https:\/\/www.apen.es\/?page_id=13773"},"modified":"2025-03-31T06:56:41","modified_gmt":"2025-03-31T06:56:41","slug":"informatica","status":"publish","type":"page","link":"https:\/\/www.apen.es\/ca\/mantenimiento-informatico\/informatica\/","title":{"rendered":"Inform\u00e0tica"},"content":{"rendered":"<p>A Apen oferim un servei integral de&nbsp;<strong>inform\u00e0tica<\/strong>&nbsp;amb qu\u00e8 podr\u00e0s disposar d&#039;equips d&#039;\u00faltima generaci\u00f3, que compten amb les prestacions i funcionalitats que necessites per millorar la gesti\u00f3 a la teva empresa.<\/p>\n\n\n\n<p>A trav\u00e9s del nostre servei de&nbsp;<strong>inform\u00e0tica<\/strong>&nbsp;podr\u00e0s gaudir de tots els avantatges que ofereixen els nostres equips de primeres marques des del primer dia i aconseguir una millor gesti\u00f3 empresarial a preus realment competitius. Nosaltres, com a especialistes en el manteniment i la seguretat&nbsp;<strong>inform\u00e0tica<\/strong>&nbsp;tenim com a objectiu prestar un servei global d&#039;inform\u00e0tica a tot tipus de PIMES, perqu\u00e8 puguin gaudir d&#039;un servei professional adaptat a elles. Els nostres t\u00e8cnics, altament qualificats, assessoraran i ajudaran els clients perqu\u00e8 obtinguin la millor assist\u00e8ncia t\u00e8cnica sempre que ho necessitin.<\/p>\n\n\n\n<p>Oferim tres paquets de manteniment inform\u00e0tic. Les empreses podran escollir entre un manteniment Base, un manteniment Outsourcing i un manteniment Premium i, tot i que cadascun compta amb unes particularitats diferents, s\u00f3n m\u00e8todes flexibles que es poden readaptar i ajustar perfectament a diverses necessitats empresarials.<\/p>\n\n\n\n<p>El manteniment Base serveix perqu\u00e8 les empreses client puguin donar resposta als problemes inform\u00e0tics d&#039;urg\u00e8ncia, perqu\u00e8 podran rebre un t\u00e8cnic especialitzat a la seva empresa en menys de quatre hores. Tamb\u00e9 inclou una auditoria anual que garanteix el bon funcionament inform\u00e0tic dels equips, el pr\u00e9stec d&#039;equips inform\u00e0tics i l&#039;assist\u00e8ncia d&#039;un t\u00e8cnic altament qualificat.<\/p>\n\n\n\n<p>Pel que fa al manteniment Outsourcing, tamb\u00e9 inclou el cost del despla\u00e7ament dels t\u00e8cnics inform\u00e0tics que l&#039;empresa necessiti i tamb\u00e9 la cobertura del manteniment inform\u00e0tic de cinc dies durant 10 hores cada dia.<\/p>\n\n\n\n<p>I finalment, el servei de manteniment Premium permet que l&#039;empresa pugui gaudir d&#039;un servei de&nbsp;<strong>inform\u00e0tica<\/strong>&nbsp;professional que ofereix solucions inform\u00e0tiques addicionals al propi manteniment, com ara tots els serveis correctius i preventius, atenci\u00f3 amb control remot d&#039;alt nivell, etc.<\/p>\n\n\n\n<p>Podem oferir-te molts tipus de solucions de&nbsp;<strong>inform\u00e0tica<\/strong>, com ara solucions d&#039;impressi\u00f3, manteniment d&#039;ordinadors, servidors i sistemes inform\u00e0tics, instal\u00b7laci\u00f3 de sistemes antivirus, implantaci\u00f3 de programari de gesti\u00f3 ERP, c\u00f2pies de seguretat, instal\u00b7laci\u00f3 de programes inform\u00e0tics, detecci\u00f3 i eliminaci\u00f3 de codi malici\u00f3s, instal\u00b7laci\u00f3 i manteniment de xarxes locals, etc. Per con\u00e8ixer tots els detalls de cadascun d&#039;aquests serveis, entra a la nostra p\u00e0gina web i contacta amb nosaltres. Estarem encantats de parlar amb tu i de con\u00e8ixer la teva empresa!<\/p>\n\n\n\n<p>A Apen som especialistes en la implantaci\u00f3 i manteniment d&#039;equips inform\u00e0tics, aportant sempre les millors solucions adaptades i personalitzades per a cada client. Sempre intentem aportar propostes que permetin millorar la gesti\u00f3 empresarial de totes les PIMES, que tinguin com a objectiu millorar la pr\u00f2pia capacitat competitiva.<\/p>\n\n\n\n<p>Una llarga i experimentada traject\u00f2ria de m\u00e9s de vint-i-cinc anys, ens ha perm\u00e8s aprendre i seguir millorant els nostres productes i serveis dia a dia. Sempre pendents de les millores tecnol\u00f2giques, de les demandes que exigeix el mercat i de totes les innovacions que van sorgint i que poden aportar noves i interessants solucions per al sector de la&nbsp;<strong>inform\u00e0tica<\/strong>.<\/p>","protected":false},"excerpt":{"rendered":"<p>En Apen ofrecemos un servicio integral de&nbsp;inform\u00e1tica&nbsp;con el que podr\u00e1s disponer de equipos de \u00faltima generaci\u00f3n, que cuentan con las prestaciones y funcionalidades que necesitas para mejorar la gesti\u00f3n en tu empresa. A trav\u00e9s de nuestro servicio de&nbsp;inform\u00e1tica&nbsp;podr\u00e1s disfrutar de todas las ventajas que ofrecen nuestros equipos de primeras marcas desde el primer d\u00eda y&#8230;<\/p>","protected":false},"author":4,"featured_media":0,"parent":1357,"menu_order":0,"comment_status":"closed","ping_status":"closed","template":"page-servicio-informatico.php","meta":{"_acf_changed":false,"_kad_blocks_custom_css":"","_kad_blocks_head_custom_js":"","_kad_blocks_body_custom_js":"","_kad_blocks_footer_custom_js":"","_kad_post_transparent":"","_kad_post_title":"","_kad_post_layout":"","_kad_post_sidebar_id":"","_kad_post_content_style":"","_kad_post_vertical_padding":"","_kad_post_feature":"","_kad_post_feature_position":"","_kad_post_header":false,"_kad_post_footer":false,"_kad_post_classname":"","footnotes":""},"class_list":["post-13773","page","type-page","status-publish","hentry"],"acf":[],"yoast_head":"<!-- This site is optimized with the Yoast SEO plugin v27.4 - https:\/\/yoast.com\/product\/yoast-seo-wordpress\/ -->\n<title>Inform\u00e1tica - Apen Inform\u00e1tica<\/title>\n<meta name=\"description\" content=\"Inform\u00e1tica para empresas. Somos una empresa de inform\u00e1tica y soluciones tecnolog\u00edcas que ayudamos a las empresas a digitalizarse. Conf\u00eda en Apen.\" \/>\n<meta name=\"robots\" content=\"index, follow, max-snippet:-1, max-image-preview:large, max-video-preview:-1\" \/>\n<link rel=\"canonical\" href=\"https:\/\/www.apen.es\/ca\/manteniment-informatic\/informatica\/\" \/>\n<meta property=\"og:locale\" content=\"ca_ES\" \/>\n<meta property=\"og:type\" content=\"article\" \/>\n<meta property=\"og:title\" content=\"Inform\u00e1tica - Apen Inform\u00e1tica\" \/>\n<meta property=\"og:description\" content=\"Inform\u00e1tica para empresas. Somos una empresa de inform\u00e1tica y soluciones tecnolog\u00edcas que ayudamos a las empresas a digitalizarse. Conf\u00eda en Apen.\" \/>\n<meta property=\"og:url\" content=\"https:\/\/www.apen.es\/ca\/manteniment-informatic\/informatica\/\" \/>\n<meta property=\"og:site_name\" content=\"Apen Inform\u00e1tica\" \/>\n<meta property=\"article:publisher\" content=\"https:\/\/www.facebook.com\/apensolucions\" \/>\n<meta property=\"article:modified_time\" content=\"2025-03-31T06:56:41+00:00\" \/>\n<meta property=\"og:image\" content=\"https:\/\/www.apen.es\/wp-content\/uploads\/2016\/05\/logo-apen-231x82-trasparent.png\" \/>\n\t<meta property=\"og:image:width\" content=\"231\" \/>\n\t<meta property=\"og:image:height\" content=\"82\" \/>\n\t<meta property=\"og:image:type\" content=\"image\/png\" \/>\n<meta name=\"twitter:card\" content=\"summary_large_image\" \/>\n<meta name=\"twitter:label1\" content=\"Temps estimat de lectura\" \/>\n\t<meta name=\"twitter:data1\" content=\"10 minuts\" \/>\n<script type=\"application\/ld+json\" class=\"yoast-schema-graph\">{\"@context\":\"https:\\\/\\\/schema.org\",\"@graph\":[{\"@type\":\"WebPage\",\"@id\":\"https:\\\/\\\/www.apen.es\\\/mantenimiento-informatico\\\/informatica\\\/\",\"url\":\"https:\\\/\\\/www.apen.es\\\/mantenimiento-informatico\\\/informatica\\\/\",\"name\":\"Inform\u00e1tica - Apen Inform\u00e1tica\",\"isPartOf\":{\"@id\":\"https:\\\/\\\/www.apen.es\\\/#website\"},\"datePublished\":\"2019-04-15T07:44:57+00:00\",\"dateModified\":\"2025-03-31T06:56:41+00:00\",\"description\":\"Inform\u00e1tica para empresas. Somos una empresa de inform\u00e1tica y soluciones tecnolog\u00edcas que ayudamos a las empresas a digitalizarse. Conf\u00eda en Apen.\",\"breadcrumb\":{\"@id\":\"https:\\\/\\\/www.apen.es\\\/mantenimiento-informatico\\\/informatica\\\/#breadcrumb\"},\"inLanguage\":\"ca\",\"potentialAction\":[{\"@type\":\"ReadAction\",\"target\":[\"https:\\\/\\\/www.apen.es\\\/mantenimiento-informatico\\\/informatica\\\/\"]}]},{\"@type\":\"BreadcrumbList\",\"@id\":\"https:\\\/\\\/www.apen.es\\\/mantenimiento-informatico\\\/informatica\\\/#breadcrumb\",\"itemListElement\":[{\"@type\":\"ListItem\",\"position\":1,\"name\":\"Portada\",\"item\":\"https:\\\/\\\/www.apen.es\\\/\"},{\"@type\":\"ListItem\",\"position\":2,\"name\":\"Mantenimiento inform\u00e1tico\",\"item\":\"https:\\\/\\\/www.apen.es\\\/mantenimiento-informatico\\\/\"},{\"@type\":\"ListItem\",\"position\":3,\"name\":\"Inform\u00e1tica\"}]},{\"@type\":\"WebSite\",\"@id\":\"https:\\\/\\\/www.apen.es\\\/#website\",\"url\":\"https:\\\/\\\/www.apen.es\\\/\",\"name\":\"Apen Inform\u00e1tica\",\"description\":\"Mantenimiento Inform\u00e1tico , Software de Gesti\u00f3n, Soluciones de impresi\u00f3n\",\"publisher\":{\"@id\":\"https:\\\/\\\/www.apen.es\\\/#organization\"},\"potentialAction\":[{\"@type\":\"SearchAction\",\"target\":{\"@type\":\"EntryPoint\",\"urlTemplate\":\"https:\\\/\\\/www.apen.es\\\/?s={search_term_string}\"},\"query-input\":{\"@type\":\"PropertyValueSpecification\",\"valueRequired\":true,\"valueName\":\"search_term_string\"}}],\"inLanguage\":\"ca\"},{\"@type\":\"Organization\",\"@id\":\"https:\\\/\\\/www.apen.es\\\/#organization\",\"name\":\"Apen: Soluciones inform\u00e1ticas\",\"url\":\"https:\\\/\\\/www.apen.es\\\/\",\"logo\":{\"@type\":\"ImageObject\",\"inLanguage\":\"ca\",\"@id\":\"https:\\\/\\\/www.apen.es\\\/#\\\/schema\\\/logo\\\/image\\\/\",\"url\":\"https:\\\/\\\/www.apen.es\\\/wp-content\\\/uploads\\\/2022\\\/08\\\/logo-apenok-231x82-1.png\",\"contentUrl\":\"https:\\\/\\\/www.apen.es\\\/wp-content\\\/uploads\\\/2022\\\/08\\\/logo-apenok-231x82-1.png\",\"width\":231,\"height\":82,\"caption\":\"Apen: Soluciones inform\u00e1ticas\"},\"image\":{\"@id\":\"https:\\\/\\\/www.apen.es\\\/#\\\/schema\\\/logo\\\/image\\\/\"},\"sameAs\":[\"https:\\\/\\\/www.facebook.com\\\/apensolucions\",\"https:\\\/\\\/www.youtube.com\\\/user\\\/ApenCentreInformatic\",\"https:\\\/\\\/www.linkedin.com\\\/company\\\/1021771?trk=tyah&trkInfo=clickedVerticalcompanyclickedEntityId1021771idx2-1-2tarId1464195271196tasapenin\"]}]}<\/script>\n<!-- \/ Yoast SEO plugin. -->","yoast_head_json":{"title":"Inform\u00e0tica - Apen Inform\u00e0tica","description":"Inform\u00e0tica per a empreses. Som una empresa d&#039;inform\u00e0tica i solucions tecnol\u00f2giques que ajudem les empreses a digitalitzar-se. Confia en Apen.","robots":{"index":"index","follow":"follow","max-snippet":"max-snippet:-1","max-image-preview":"max-image-preview:large","max-video-preview":"max-video-preview:-1"},"canonical":"https:\/\/www.apen.es\/ca\/manteniment-informatic\/informatica\/","og_locale":"ca_ES","og_type":"article","og_title":"Inform\u00e1tica - Apen Inform\u00e1tica","og_description":"Inform\u00e1tica para empresas. Somos una empresa de inform\u00e1tica y soluciones tecnolog\u00edcas que ayudamos a las empresas a digitalizarse. Conf\u00eda en Apen.","og_url":"https:\/\/www.apen.es\/ca\/manteniment-informatic\/informatica\/","og_site_name":"Apen Inform\u00e1tica","article_publisher":"https:\/\/www.facebook.com\/apensolucions","article_modified_time":"2025-03-31T06:56:41+00:00","og_image":[{"width":231,"height":82,"url":"https:\/\/www.apen.es\/wp-content\/uploads\/2016\/05\/logo-apen-231x82-trasparent.png","type":"image\/png"}],"twitter_card":"summary_large_image","twitter_misc":{"Temps estimat de lectura":"10 minuts"},"schema":{"@context":"https:\/\/schema.org","@graph":[{"@type":"WebPage","@id":"https:\/\/www.apen.es\/mantenimiento-informatico\/informatica\/","url":"https:\/\/www.apen.es\/mantenimiento-informatico\/informatica\/","name":"Inform\u00e0tica - Apen Inform\u00e0tica","isPartOf":{"@id":"https:\/\/www.apen.es\/#website"},"datePublished":"2019-04-15T07:44:57+00:00","dateModified":"2025-03-31T06:56:41+00:00","description":"Inform\u00e0tica per a empreses. Som una empresa d&#039;inform\u00e0tica i solucions tecnol\u00f2giques que ajudem les empreses a digitalitzar-se. Confia en Apen.","breadcrumb":{"@id":"https:\/\/www.apen.es\/mantenimiento-informatico\/informatica\/#breadcrumb"},"inLanguage":"ca","potentialAction":[{"@type":"ReadAction","target":["https:\/\/www.apen.es\/mantenimiento-informatico\/informatica\/"]}]},{"@type":"BreadcrumbList","@id":"https:\/\/www.apen.es\/mantenimiento-informatico\/informatica\/#breadcrumb","itemListElement":[{"@type":"ListItem","position":1,"name":"Portada","item":"https:\/\/www.apen.es\/"},{"@type":"ListItem","position":2,"name":"Mantenimiento inform\u00e1tico","item":"https:\/\/www.apen.es\/mantenimiento-informatico\/"},{"@type":"ListItem","position":3,"name":"Inform\u00e1tica"}]},{"@type":"WebSite","@id":"https:\/\/www.apen.es\/#website","url":"https:\/\/www.apen.es\/","name":"Apen Inform\u00e0tica","description":"Manteniment inform\u00e0tic , programari de gesti\u00f3, solucions d&#039;impressi\u00f3","publisher":{"@id":"https:\/\/www.apen.es\/#organization"},"potentialAction":[{"@type":"SearchAction","target":{"@type":"EntryPoint","urlTemplate":"https:\/\/www.apen.es\/?s={search_term_string}"},"query-input":{"@type":"PropertyValueSpecification","valueRequired":true,"valueName":"search_term_string"}}],"inLanguage":"ca"},{"@type":"Organization","@id":"https:\/\/www.apen.es\/#organization","name":"Apen: Solucions inform\u00e0tiques","url":"https:\/\/www.apen.es\/","logo":{"@type":"ImageObject","inLanguage":"ca","@id":"https:\/\/www.apen.es\/#\/schema\/logo\/image\/","url":"https:\/\/www.apen.es\/wp-content\/uploads\/2022\/08\/logo-apenok-231x82-1.png","contentUrl":"https:\/\/www.apen.es\/wp-content\/uploads\/2022\/08\/logo-apenok-231x82-1.png","width":231,"height":82,"caption":"Apen: Soluciones inform\u00e1ticas"},"image":{"@id":"https:\/\/www.apen.es\/#\/schema\/logo\/image\/"},"sameAs":["https:\/\/www.facebook.com\/apensolucions","https:\/\/www.youtube.com\/user\/ApenCentreInformatic","https:\/\/www.linkedin.com\/company\/1021771?trk=tyah&trkInfo=clickedVerticalcompanyclickedEntityId1021771idx2-1-2tarId1464195271196tasapenin"]}]}},"taxonomy_info":[],"featured_image_src_large":false,"author_info":{"display_name":"marqueting","author_link":"https:\/\/www.apen.es\/ca\/blog\/author\/marqueting\/"},"comment_info":0,"_links":{"self":[{"href":"https:\/\/www.apen.es\/ca\/wp-json\/wp\/v2\/pages\/13773","targetHints":{"allow":["GET"]}}],"collection":[{"href":"https:\/\/www.apen.es\/ca\/wp-json\/wp\/v2\/pages"}],"about":[{"href":"https:\/\/www.apen.es\/ca\/wp-json\/wp\/v2\/types\/page"}],"author":[{"embeddable":true,"href":"https:\/\/www.apen.es\/ca\/wp-json\/wp\/v2\/users\/4"}],"replies":[{"embeddable":true,"href":"https:\/\/www.apen.es\/ca\/wp-json\/wp\/v2\/comments?post=13773"}],"version-history":[{"count":2,"href":"https:\/\/www.apen.es\/ca\/wp-json\/wp\/v2\/pages\/13773\/revisions"}],"predecessor-version":[{"id":54559,"href":"https:\/\/www.apen.es\/ca\/wp-json\/wp\/v2\/pages\/13773\/revisions\/54559"}],"up":[{"embeddable":true,"href":"https:\/\/www.apen.es\/ca\/wp-json\/wp\/v2\/pages\/1357"}],"wp:attachment":[{"href":"https:\/\/www.apen.es\/ca\/wp-json\/wp\/v2\/media?parent=13773"}],"curies":[{"name":"wp","href":"https:\/\/api.w.org\/{rel}","templated":true}]}}