{"id":13771,"date":"2019-04-15T07:41:57","date_gmt":"2019-04-15T07:41:57","guid":{"rendered":"https:\/\/www.apen.es\/?page_id=13771"},"modified":"2025-03-31T06:56:30","modified_gmt":"2025-03-31T06:56:30","slug":"equips-informatics-per-a-empreses","status":"publish","type":"page","link":"https:\/\/www.apen.es\/ca\/mantenimiento-informatico\/equipos-informaticos-para-empresas\/","title":{"rendered":"Equips inform\u00e0tics per a empreses"},"content":{"rendered":"<p>A Apen posem la millor tecnologia al vostre abast, amb equips de darrera generaci\u00f3 de primeres marques que podran satisfer totes les vostres exig\u00e8ncies i necessitats empresarials. S\u00f3n&nbsp;<strong>equips inform\u00e0tics<\/strong>&nbsp;<strong>per a empreses<\/strong>&nbsp;adaptats, optimitzats i testats per oferir un bon rendiment i funcionament a qualsevol tipus de PIME.<\/p>\n\n\n\n<p>A Apen podr\u00e0s trobar&nbsp;<strong>equips inform\u00e0tics per a empreses<\/strong>&nbsp;fets a mida pel teu PIME, amb prestacions i funcionalitats ajustades i pensades per millorar la productivitat, la gesti\u00f3 empresarial, la competitivitat i fins i tot estalviar en els costos anuals de la teva empresa. Grans avantatges que notar\u00e0s des del primer dia de la seva instal\u00b7laci\u00f3 i configuraci\u00f3 i que et permetran gaudir de tots els beneficis que suposa tenir a la teva empresa&nbsp;<strong>equips inform\u00e0tics per a empreses<\/strong>&nbsp;darrera generaci\u00f3, de les primeres marques del sector.<\/p>\n\n\n\n<p>Gr\u00e0cies a l&#039;atenci\u00f3 personalitzada dels&nbsp;<strong>equips inform\u00e0tics<\/strong>&nbsp;professionals&nbsp;<strong>per a empreses<\/strong>&nbsp;d&#039;Apen, aconseguir\u00e0s una gesti\u00f3 inform\u00e0tica segura, estable i rendible, que aconseguir\u00e0 que sempre puguis disposar dels teus equips al m\u00e0xim nivell i mai no perdis el ritme. \u00c9s la millor manera de gaudir durant el major temps possible dels teus equips inform\u00e0tics, tenint sempre la seguretat de disposar del millor equip t\u00e8cnic especialitzat.<\/p>\n\n\n\n<p>Podem oferir tres tipus de manteniment inform\u00e0tic, que poden acomodar-se perfectament a tot tipus d&#039;empreses. Es tracta d\u00b4un manteniment Base, un manteniment Outsourcing i un manteniment Premium. Tres categories diverses amb diferent complexitat, que es poden readaptar i reajustar a les necessitats de cada client. Totes elles compten amb el treball professional del nostre equip t\u00e8cnic altament qualificat, que donar\u00e0 el suport necessari davant de qualsevol anomalia o problema t\u00e8cnic en els&nbsp;<strong>equips inform\u00e0tics per a empreses<\/strong>.<\/p>\n\n\n\n<p>Els nostres valors d&#039;empresa es basen en una atenci\u00f3 al client personalitzada i propera, accessible i transparent. A m\u00e9s a m\u00e9s de prestar un assessorament totalment especialitzat i amb l&#039;experi\u00e8ncia que ens han aportat aquests m\u00e9s de 25 anys de treball en aquest sector. La qualitat dels nostres serveis i una assist\u00e8ncia t\u00e8cnica professional, a m\u00e9s de proposar uns preus realment assequibles, ens fan posicionar-nos com a empresa referent amb els millors&nbsp;<strong>equips inform\u00e0tics per a empreses<\/strong>.<\/p>\n\n\n\n<p>A la nostra p\u00e0gina web podr\u00e0s veure tot el que podem fer per tu i per la teva empresa, des d&#039;un manteniment preventiu fins a resoldre tot tipus d&#039;avaries o anomalies relacionades amb la seguretat inform\u00e0tica a la teva empresa. Tamb\u00e9 ens ocupem d&#039;oferir-te solucions d&#039;impressi\u00f3 fetes a mida, fer c\u00f2pies de seguretat, detectar i eliminar codi malici\u00f3s (malware), implantar un programari de gesti\u00f3 fet a mida per al teu PIME i amb el qual aconseguir\u00e0s unificar totes les \u00e0rees de la teva empresa o disposar d&#039;un r\u00e8nting tecnol\u00f2gic, que et far\u00e0 gaudir de tots els avantatges dels nostres&nbsp;<strong>equips inform\u00e0tics per a empreses<\/strong>, d&#039;\u00faltima generaci\u00f3, des del primer dia sense tenir l&#039;obligaci\u00f3 d&#039;adquirir-los.<\/p>","protected":false},"excerpt":{"rendered":"<p>A Apen posem la millor tecnologia al vostre abast, amb equips de darrera generaci\u00f3 de primeres marques que podran satisfer totes les vostres exig\u00e8ncies i necessitats empresarials. S\u00f3n equips inform\u00e0tics per a empreses adaptats, optimitzats i testats per oferir un bon rendiment i funcionament a qualsevol tipus de PIME. A Apen podr\u00e0s trobar equips inform\u00e0tics per a empreses fets a mida\u2026<\/p>","protected":false},"author":4,"featured_media":0,"parent":1357,"menu_order":0,"comment_status":"closed","ping_status":"closed","template":"page-servicio-informatico.php","meta":{"_acf_changed":false,"_kad_blocks_custom_css":"","_kad_blocks_head_custom_js":"","_kad_blocks_body_custom_js":"","_kad_blocks_footer_custom_js":"","_kad_post_transparent":"","_kad_post_title":"","_kad_post_layout":"","_kad_post_sidebar_id":"","_kad_post_content_style":"","_kad_post_vertical_padding":"","_kad_post_feature":"","_kad_post_feature_position":"","_kad_post_header":false,"_kad_post_footer":false,"_kad_post_classname":"","footnotes":""},"class_list":["post-13771","page","type-page","status-publish","hentry"],"acf":[],"yoast_head":"<!-- This site is optimized with the Yoast SEO plugin v27.4 - https:\/\/yoast.com\/product\/yoast-seo-wordpress\/ -->\n<title>Equipos inform\u00e1ticos para empresas - Apen Inform\u00e1tica<\/title>\n<meta name=\"description\" content=\"\u00bfNecesitas equipos inform\u00e1ticos para tu empresa? Somos una empresa de inform\u00e1tica y tecnolog\u00eda que ayudamos a las empresas a digitalizarse.\" \/>\n<meta name=\"robots\" content=\"index, follow, max-snippet:-1, max-image-preview:large, max-video-preview:-1\" \/>\n<link rel=\"canonical\" href=\"https:\/\/www.apen.es\/ca\/manteniment-informatic\/equips-informatics-per-a-empreses\/\" \/>\n<meta property=\"og:locale\" content=\"ca_ES\" \/>\n<meta property=\"og:type\" content=\"article\" \/>\n<meta property=\"og:title\" content=\"Equipos inform\u00e1ticos para empresas - Apen Inform\u00e1tica\" \/>\n<meta property=\"og:description\" content=\"\u00bfNecesitas equipos inform\u00e1ticos para tu empresa? Somos una empresa de inform\u00e1tica y tecnolog\u00eda que ayudamos a las empresas a digitalizarse.\" \/>\n<meta property=\"og:url\" content=\"https:\/\/www.apen.es\/ca\/manteniment-informatic\/equips-informatics-per-a-empreses\/\" \/>\n<meta property=\"og:site_name\" content=\"Apen Inform\u00e1tica\" \/>\n<meta property=\"article:publisher\" content=\"https:\/\/www.facebook.com\/apensolucions\" \/>\n<meta property=\"article:modified_time\" content=\"2025-03-31T06:56:30+00:00\" \/>\n<meta property=\"og:image\" content=\"https:\/\/www.apen.es\/wp-content\/uploads\/2016\/05\/logo-apen-231x82-trasparent.png\" \/>\n\t<meta property=\"og:image:width\" content=\"231\" \/>\n\t<meta property=\"og:image:height\" content=\"82\" \/>\n\t<meta property=\"og:image:type\" content=\"image\/png\" \/>\n<meta name=\"twitter:card\" content=\"summary_large_image\" \/>\n<meta name=\"twitter:label1\" content=\"Temps estimat de lectura\" \/>\n\t<meta name=\"twitter:data1\" content=\"10 minuts\" \/>\n<script type=\"application\/ld+json\" class=\"yoast-schema-graph\">{\"@context\":\"https:\\\/\\\/schema.org\",\"@graph\":[{\"@type\":\"WebPage\",\"@id\":\"https:\\\/\\\/www.apen.es\\\/mantenimiento-informatico\\\/equipos-informaticos-para-empresas\\\/\",\"url\":\"https:\\\/\\\/www.apen.es\\\/mantenimiento-informatico\\\/equipos-informaticos-para-empresas\\\/\",\"name\":\"Equipos inform\u00e1ticos para empresas - Apen Inform\u00e1tica\",\"isPartOf\":{\"@id\":\"https:\\\/\\\/www.apen.es\\\/#website\"},\"datePublished\":\"2019-04-15T07:41:57+00:00\",\"dateModified\":\"2025-03-31T06:56:30+00:00\",\"description\":\"\u00bfNecesitas equipos inform\u00e1ticos para tu empresa? Somos una empresa de inform\u00e1tica y tecnolog\u00eda que ayudamos a las empresas a digitalizarse.\",\"breadcrumb\":{\"@id\":\"https:\\\/\\\/www.apen.es\\\/mantenimiento-informatico\\\/equipos-informaticos-para-empresas\\\/#breadcrumb\"},\"inLanguage\":\"ca\",\"potentialAction\":[{\"@type\":\"ReadAction\",\"target\":[\"https:\\\/\\\/www.apen.es\\\/mantenimiento-informatico\\\/equipos-informaticos-para-empresas\\\/\"]}]},{\"@type\":\"BreadcrumbList\",\"@id\":\"https:\\\/\\\/www.apen.es\\\/mantenimiento-informatico\\\/equipos-informaticos-para-empresas\\\/#breadcrumb\",\"itemListElement\":[{\"@type\":\"ListItem\",\"position\":1,\"name\":\"Portada\",\"item\":\"https:\\\/\\\/www.apen.es\\\/\"},{\"@type\":\"ListItem\",\"position\":2,\"name\":\"Mantenimiento inform\u00e1tico\",\"item\":\"https:\\\/\\\/www.apen.es\\\/mantenimiento-informatico\\\/\"},{\"@type\":\"ListItem\",\"position\":3,\"name\":\"Equipos inform\u00e1ticos para empresas\"}]},{\"@type\":\"WebSite\",\"@id\":\"https:\\\/\\\/www.apen.es\\\/#website\",\"url\":\"https:\\\/\\\/www.apen.es\\\/\",\"name\":\"Apen Inform\u00e1tica\",\"description\":\"Mantenimiento Inform\u00e1tico , Software de Gesti\u00f3n, Soluciones de impresi\u00f3n\",\"publisher\":{\"@id\":\"https:\\\/\\\/www.apen.es\\\/#organization\"},\"potentialAction\":[{\"@type\":\"SearchAction\",\"target\":{\"@type\":\"EntryPoint\",\"urlTemplate\":\"https:\\\/\\\/www.apen.es\\\/?s={search_term_string}\"},\"query-input\":{\"@type\":\"PropertyValueSpecification\",\"valueRequired\":true,\"valueName\":\"search_term_string\"}}],\"inLanguage\":\"ca\"},{\"@type\":\"Organization\",\"@id\":\"https:\\\/\\\/www.apen.es\\\/#organization\",\"name\":\"Apen: Soluciones inform\u00e1ticas\",\"url\":\"https:\\\/\\\/www.apen.es\\\/\",\"logo\":{\"@type\":\"ImageObject\",\"inLanguage\":\"ca\",\"@id\":\"https:\\\/\\\/www.apen.es\\\/#\\\/schema\\\/logo\\\/image\\\/\",\"url\":\"https:\\\/\\\/www.apen.es\\\/wp-content\\\/uploads\\\/2022\\\/08\\\/logo-apenok-231x82-1.png\",\"contentUrl\":\"https:\\\/\\\/www.apen.es\\\/wp-content\\\/uploads\\\/2022\\\/08\\\/logo-apenok-231x82-1.png\",\"width\":231,\"height\":82,\"caption\":\"Apen: Soluciones inform\u00e1ticas\"},\"image\":{\"@id\":\"https:\\\/\\\/www.apen.es\\\/#\\\/schema\\\/logo\\\/image\\\/\"},\"sameAs\":[\"https:\\\/\\\/www.facebook.com\\\/apensolucions\",\"https:\\\/\\\/www.youtube.com\\\/user\\\/ApenCentreInformatic\",\"https:\\\/\\\/www.linkedin.com\\\/company\\\/1021771?trk=tyah&trkInfo=clickedVerticalcompanyclickedEntityId1021771idx2-1-2tarId1464195271196tasapenin\"]}]}<\/script>\n<!-- \/ Yoast SEO plugin. -->","yoast_head_json":{"title":"Equips inform\u00e0tics per a empreses - Apen Inform\u00e0tica","description":"Necessites equips inform\u00e0tics per a la teva empresa? Som una empresa d&#039;inform\u00e0tica i tecnologia que ajudem les empreses a digitalitzar-se.","robots":{"index":"index","follow":"follow","max-snippet":"max-snippet:-1","max-image-preview":"max-image-preview:large","max-video-preview":"max-video-preview:-1"},"canonical":"https:\/\/www.apen.es\/ca\/manteniment-informatic\/equips-informatics-per-a-empreses\/","og_locale":"ca_ES","og_type":"article","og_title":"Equipos inform\u00e1ticos para empresas - Apen Inform\u00e1tica","og_description":"\u00bfNecesitas equipos inform\u00e1ticos para tu empresa? Somos una empresa de inform\u00e1tica y tecnolog\u00eda que ayudamos a las empresas a digitalizarse.","og_url":"https:\/\/www.apen.es\/ca\/manteniment-informatic\/equips-informatics-per-a-empreses\/","og_site_name":"Apen Inform\u00e1tica","article_publisher":"https:\/\/www.facebook.com\/apensolucions","article_modified_time":"2025-03-31T06:56:30+00:00","og_image":[{"width":231,"height":82,"url":"https:\/\/www.apen.es\/wp-content\/uploads\/2016\/05\/logo-apen-231x82-trasparent.png","type":"image\/png"}],"twitter_card":"summary_large_image","twitter_misc":{"Temps estimat de lectura":"10 minuts"},"schema":{"@context":"https:\/\/schema.org","@graph":[{"@type":"WebPage","@id":"https:\/\/www.apen.es\/mantenimiento-informatico\/equipos-informaticos-para-empresas\/","url":"https:\/\/www.apen.es\/mantenimiento-informatico\/equipos-informaticos-para-empresas\/","name":"Equips inform\u00e0tics per a empreses - Apen Inform\u00e0tica","isPartOf":{"@id":"https:\/\/www.apen.es\/#website"},"datePublished":"2019-04-15T07:41:57+00:00","dateModified":"2025-03-31T06:56:30+00:00","description":"Necessites equips inform\u00e0tics per a la teva empresa? Som una empresa d&#039;inform\u00e0tica i tecnologia que ajudem les empreses a digitalitzar-se.","breadcrumb":{"@id":"https:\/\/www.apen.es\/mantenimiento-informatico\/equipos-informaticos-para-empresas\/#breadcrumb"},"inLanguage":"ca","potentialAction":[{"@type":"ReadAction","target":["https:\/\/www.apen.es\/mantenimiento-informatico\/equipos-informaticos-para-empresas\/"]}]},{"@type":"BreadcrumbList","@id":"https:\/\/www.apen.es\/mantenimiento-informatico\/equipos-informaticos-para-empresas\/#breadcrumb","itemListElement":[{"@type":"ListItem","position":1,"name":"Portada","item":"https:\/\/www.apen.es\/"},{"@type":"ListItem","position":2,"name":"Mantenimiento inform\u00e1tico","item":"https:\/\/www.apen.es\/mantenimiento-informatico\/"},{"@type":"ListItem","position":3,"name":"Equipos inform\u00e1ticos para empresas"}]},{"@type":"WebSite","@id":"https:\/\/www.apen.es\/#website","url":"https:\/\/www.apen.es\/","name":"Apen Inform\u00e0tica","description":"Manteniment inform\u00e0tic , programari de gesti\u00f3, solucions d&#039;impressi\u00f3","publisher":{"@id":"https:\/\/www.apen.es\/#organization"},"potentialAction":[{"@type":"SearchAction","target":{"@type":"EntryPoint","urlTemplate":"https:\/\/www.apen.es\/?s={search_term_string}"},"query-input":{"@type":"PropertyValueSpecification","valueRequired":true,"valueName":"search_term_string"}}],"inLanguage":"ca"},{"@type":"Organization","@id":"https:\/\/www.apen.es\/#organization","name":"Apen: Solucions inform\u00e0tiques","url":"https:\/\/www.apen.es\/","logo":{"@type":"ImageObject","inLanguage":"ca","@id":"https:\/\/www.apen.es\/#\/schema\/logo\/image\/","url":"https:\/\/www.apen.es\/wp-content\/uploads\/2022\/08\/logo-apenok-231x82-1.png","contentUrl":"https:\/\/www.apen.es\/wp-content\/uploads\/2022\/08\/logo-apenok-231x82-1.png","width":231,"height":82,"caption":"Apen: Soluciones inform\u00e1ticas"},"image":{"@id":"https:\/\/www.apen.es\/#\/schema\/logo\/image\/"},"sameAs":["https:\/\/www.facebook.com\/apensolucions","https:\/\/www.youtube.com\/user\/ApenCentreInformatic","https:\/\/www.linkedin.com\/company\/1021771?trk=tyah&trkInfo=clickedVerticalcompanyclickedEntityId1021771idx2-1-2tarId1464195271196tasapenin"]}]}},"taxonomy_info":[],"featured_image_src_large":false,"author_info":{"display_name":"marqueting","author_link":"https:\/\/www.apen.es\/ca\/blog\/author\/marqueting\/"},"comment_info":0,"_links":{"self":[{"href":"https:\/\/www.apen.es\/ca\/wp-json\/wp\/v2\/pages\/13771","targetHints":{"allow":["GET"]}}],"collection":[{"href":"https:\/\/www.apen.es\/ca\/wp-json\/wp\/v2\/pages"}],"about":[{"href":"https:\/\/www.apen.es\/ca\/wp-json\/wp\/v2\/types\/page"}],"author":[{"embeddable":true,"href":"https:\/\/www.apen.es\/ca\/wp-json\/wp\/v2\/users\/4"}],"replies":[{"embeddable":true,"href":"https:\/\/www.apen.es\/ca\/wp-json\/wp\/v2\/comments?post=13771"}],"version-history":[{"count":2,"href":"https:\/\/www.apen.es\/ca\/wp-json\/wp\/v2\/pages\/13771\/revisions"}],"predecessor-version":[{"id":54558,"href":"https:\/\/www.apen.es\/ca\/wp-json\/wp\/v2\/pages\/13771\/revisions\/54558"}],"up":[{"embeddable":true,"href":"https:\/\/www.apen.es\/ca\/wp-json\/wp\/v2\/pages\/1357"}],"wp:attachment":[{"href":"https:\/\/www.apen.es\/ca\/wp-json\/wp\/v2\/media?parent=13771"}],"curies":[{"name":"wp","href":"https:\/\/api.w.org\/{rel}","templated":true}]}}