{"id":13751,"date":"2019-04-15T07:12:09","date_gmt":"2019-04-15T07:12:09","guid":{"rendered":"https:\/\/www.apen.es\/?page_id=13751"},"modified":"2025-03-31T06:11:31","modified_gmt":"2025-03-31T06:11:31","slug":"empresa-dinformatica-per-a-empreses","status":"publish","type":"page","link":"https:\/\/www.apen.es\/ca\/mantenimiento-informatico\/empresa-de-informatica-para-empresas\/","title":{"rendered":"Empresa d&#039;inform\u00e0tica per a empreses"},"content":{"rendered":"<p>Si vols mantenir els teus equips inform\u00e0tics en un estat \u00f2ptim durant el major temps possible, el millor que pots fer \u00e9s contractar-ne una&nbsp;<strong>empresa d&#039;inform\u00e0tica per a empreses<\/strong>, que estigui especialitzada en el manteniment i la seguretat inform\u00e0tica. A Apen podem garantir-te un servei de qualitat que respon en el menor temps possible i amb la m\u00e0xima efic\u00e0cia, gr\u00e0cies al nostre equip t\u00e8cnic altament qualificat. D&#039;aquesta manera, aconseguir\u00e0s que els teus equips sempre tinguin una atenci\u00f3 t\u00e8cnica professional i no haur\u00e0s d&#039;estar patint per anomalies t\u00e8cniques, virus o mal funcionament dels teus equips inform\u00e0tics. A Apen comptem amb un equip t\u00e8cnic professional i lliurat a la seva feina. Sempre saben trobar la millor soluci\u00f3 per a cada cas i resoldre, de manera efica\u00e7, i r\u00e0pida qualsevol anomalia t\u00e8cnica que se&#039;ls presenti. Per aix\u00f2, podem garantir als nostres clients un servei inform\u00e0tic de m\u00e0xima qualitat a preus assequibles, posicionant-nos com una&nbsp;<strong>empresa d&#039;inform\u00e0tica<\/strong>&nbsp;referent donant suport t\u00e8cnic per a totes les&nbsp;<strong>empreses<\/strong>&nbsp;que ho sol\u00b7licitin.<\/p>\n\n\n\n<p>A m\u00e9s d&#039;oferir aquest servei t\u00e8cnic, a Apen podr\u00e0s trobar equips d&#039;\u00faltima generaci\u00f3 disposats a oferir prestacions i funcionalitats totalment adaptades a les necessitats reals del teu PIME. Volem con\u00e8ixer-te en persona per descobrir tot all\u00f2 que podem fer per tu perqu\u00e8 puguis millorar la gesti\u00f3 empresarial, la salut dels teus equips inform\u00e0tics, la teva imatge corporativa, estalviar en els costos anuals, etc. Perqu\u00e8 a Apen som una&nbsp;<strong>empresa d&#039;inform\u00e0tica<\/strong>&nbsp;disposada&nbsp;<strong>per<\/strong>&nbsp;ajudar altres&nbsp;<strong>empreses<\/strong>&nbsp;a trav\u00e9s dels nostres serveis de solucions d&#039;impressi\u00f3, manteniment i seguretat inform\u00e0tica, implantaci\u00f3 de programari de gesti\u00f3, r\u00e8nting tecnol\u00f2gic, etc.<\/p>\n\n\n\n<p>Comptem amb un manteniment inform\u00e0tic Base, un manteniment Outsourcing i un manteniment Premium, tres opcions diferents que es poden readaptar a les necessitats de cada client. El manteniment inform\u00e0tic preventiu a la teva empresa pot suposar una soluci\u00f3 imprescindible per evitar el mal funcionament dels teus equips, virus o atacs inform\u00e0tics, manca d&#039;espai, lentitud d&#039;arrencada i tota mena d&#039;errors al sistema. Amb Apen, com&nbsp;<strong>empresa d&#039;inform\u00e0tica<\/strong>&nbsp;dedicada a prestar solucions personalitzades&nbsp;<strong>per a empreses<\/strong>, podem ajudar-te a resoldre aquesta q\u00fcesti\u00f3 de manera pr\u00e0ctica, eficient i duradora des del primer dia i fins que decideixis continuar confiant en nosaltres.<\/p>\n\n\n\n<p>A la nostra p\u00e0gina web pots trobar m\u00e9s detalls i les caracter\u00edstiques t\u00e8cniques de cadascun dels serveis que oferim, a m\u00e9s d&#039;una secci\u00f3 on observar\u00e0s casos d&#039;\u00e8xit d&#039;empreses reals, la nostra hist\u00f2ria d&#039;empresa i un bloc. En aquest bloc publiquem informacions i articles relacionats amb els aven\u00e7os tecnol\u00f2gics, el manteniment i la seguretat inform\u00e0tica, la gesti\u00f3 empresarial, plataformes, eines i apps d&#039;inter\u00e8s per a l&#039;emmagatzematge en l\u00ednia o per facilitar la vida de les PIMES, trucs per millorar el rendiment i la productivitat a l&#039;empresa, etc.<\/p>","protected":false},"excerpt":{"rendered":"<p>Si quieres mantener tus equipos inform\u00e1ticos en un estado \u00f3ptimo durante el mayor tiempo posible, lo mejor que puedes hacer es contratar una&nbsp;empresa de inform\u00e1tica para empresas, que est\u00e9 especializada en el mantenimiento y la seguridad inform\u00e1tica. En Apen podemos garantizarte un servicio de calidad que responde en el menor tiempo posible y con la&#8230;<\/p>","protected":false},"author":4,"featured_media":0,"parent":1357,"menu_order":0,"comment_status":"closed","ping_status":"closed","template":"page-servicio-informatico.php","meta":{"_acf_changed":false,"_kad_blocks_custom_css":"","_kad_blocks_head_custom_js":"","_kad_blocks_body_custom_js":"","_kad_blocks_footer_custom_js":"","_kad_post_transparent":"","_kad_post_title":"","_kad_post_layout":"","_kad_post_sidebar_id":"","_kad_post_content_style":"","_kad_post_vertical_padding":"","_kad_post_feature":"","_kad_post_feature_position":"","_kad_post_header":false,"_kad_post_footer":false,"_kad_post_classname":"","footnotes":""},"class_list":["post-13751","page","type-page","status-publish","hentry"],"acf":[],"yoast_head":"<!-- This site is optimized with the Yoast SEO plugin v27.4 - https:\/\/yoast.com\/product\/yoast-seo-wordpress\/ -->\n<title>Empresa de inform\u00e1tica para empresas - Apen Inform\u00e1tica<\/title>\n<meta name=\"description\" content=\"Somos una empresa de inform\u00e1tica y soluciones tecnolog\u00edcas que ayudamos a las empresas a digitalizarse. Contacta con Apen para obtener informaci\u00f3n.\" \/>\n<meta name=\"robots\" content=\"index, follow, max-snippet:-1, max-image-preview:large, max-video-preview:-1\" \/>\n<link rel=\"canonical\" href=\"https:\/\/www.apen.es\/ca\/manteniment-informatic\/empresa-dinformatica-per-a-empreses\/\" \/>\n<meta property=\"og:locale\" content=\"ca_ES\" \/>\n<meta property=\"og:type\" content=\"article\" \/>\n<meta property=\"og:title\" content=\"Empresa de inform\u00e1tica para empresas - Apen Inform\u00e1tica\" \/>\n<meta property=\"og:description\" content=\"Somos una empresa de inform\u00e1tica y soluciones tecnolog\u00edcas que ayudamos a las empresas a digitalizarse. Contacta con Apen para obtener informaci\u00f3n.\" \/>\n<meta property=\"og:url\" content=\"https:\/\/www.apen.es\/ca\/manteniment-informatic\/empresa-dinformatica-per-a-empreses\/\" \/>\n<meta property=\"og:site_name\" content=\"Apen Inform\u00e1tica\" \/>\n<meta property=\"article:publisher\" content=\"https:\/\/www.facebook.com\/apensolucions\" \/>\n<meta property=\"article:modified_time\" content=\"2025-03-31T06:11:31+00:00\" \/>\n<meta property=\"og:image\" content=\"https:\/\/www.apen.es\/wp-content\/uploads\/2016\/05\/logo-apen-231x82-trasparent.png\" \/>\n\t<meta property=\"og:image:width\" content=\"231\" \/>\n\t<meta property=\"og:image:height\" content=\"82\" \/>\n\t<meta property=\"og:image:type\" content=\"image\/png\" \/>\n<meta name=\"twitter:card\" content=\"summary_large_image\" \/>\n<meta name=\"twitter:label1\" content=\"Temps estimat de lectura\" \/>\n\t<meta name=\"twitter:data1\" content=\"10 minuts\" \/>\n<script type=\"application\/ld+json\" class=\"yoast-schema-graph\">{\"@context\":\"https:\\\/\\\/schema.org\",\"@graph\":[{\"@type\":\"WebPage\",\"@id\":\"https:\\\/\\\/www.apen.es\\\/mantenimiento-informatico\\\/empresa-de-informatica-para-empresas\\\/\",\"url\":\"https:\\\/\\\/www.apen.es\\\/mantenimiento-informatico\\\/empresa-de-informatica-para-empresas\\\/\",\"name\":\"Empresa de inform\u00e1tica para empresas - Apen Inform\u00e1tica\",\"isPartOf\":{\"@id\":\"https:\\\/\\\/www.apen.es\\\/#website\"},\"datePublished\":\"2019-04-15T07:12:09+00:00\",\"dateModified\":\"2025-03-31T06:11:31+00:00\",\"description\":\"Somos una empresa de inform\u00e1tica y soluciones tecnolog\u00edcas que ayudamos a las empresas a digitalizarse. Contacta con Apen para obtener informaci\u00f3n.\",\"breadcrumb\":{\"@id\":\"https:\\\/\\\/www.apen.es\\\/mantenimiento-informatico\\\/empresa-de-informatica-para-empresas\\\/#breadcrumb\"},\"inLanguage\":\"ca\",\"potentialAction\":[{\"@type\":\"ReadAction\",\"target\":[\"https:\\\/\\\/www.apen.es\\\/mantenimiento-informatico\\\/empresa-de-informatica-para-empresas\\\/\"]}]},{\"@type\":\"BreadcrumbList\",\"@id\":\"https:\\\/\\\/www.apen.es\\\/mantenimiento-informatico\\\/empresa-de-informatica-para-empresas\\\/#breadcrumb\",\"itemListElement\":[{\"@type\":\"ListItem\",\"position\":1,\"name\":\"Portada\",\"item\":\"https:\\\/\\\/www.apen.es\\\/\"},{\"@type\":\"ListItem\",\"position\":2,\"name\":\"Mantenimiento inform\u00e1tico\",\"item\":\"https:\\\/\\\/www.apen.es\\\/mantenimiento-informatico\\\/\"},{\"@type\":\"ListItem\",\"position\":3,\"name\":\"Empresa de inform\u00e1tica para empresas\"}]},{\"@type\":\"WebSite\",\"@id\":\"https:\\\/\\\/www.apen.es\\\/#website\",\"url\":\"https:\\\/\\\/www.apen.es\\\/\",\"name\":\"Apen Inform\u00e1tica\",\"description\":\"Mantenimiento Inform\u00e1tico , Software de Gesti\u00f3n, Soluciones de impresi\u00f3n\",\"publisher\":{\"@id\":\"https:\\\/\\\/www.apen.es\\\/#organization\"},\"potentialAction\":[{\"@type\":\"SearchAction\",\"target\":{\"@type\":\"EntryPoint\",\"urlTemplate\":\"https:\\\/\\\/www.apen.es\\\/?s={search_term_string}\"},\"query-input\":{\"@type\":\"PropertyValueSpecification\",\"valueRequired\":true,\"valueName\":\"search_term_string\"}}],\"inLanguage\":\"ca\"},{\"@type\":\"Organization\",\"@id\":\"https:\\\/\\\/www.apen.es\\\/#organization\",\"name\":\"Apen: Soluciones inform\u00e1ticas\",\"url\":\"https:\\\/\\\/www.apen.es\\\/\",\"logo\":{\"@type\":\"ImageObject\",\"inLanguage\":\"ca\",\"@id\":\"https:\\\/\\\/www.apen.es\\\/#\\\/schema\\\/logo\\\/image\\\/\",\"url\":\"https:\\\/\\\/www.apen.es\\\/wp-content\\\/uploads\\\/2022\\\/08\\\/logo-apenok-231x82-1.png\",\"contentUrl\":\"https:\\\/\\\/www.apen.es\\\/wp-content\\\/uploads\\\/2022\\\/08\\\/logo-apenok-231x82-1.png\",\"width\":231,\"height\":82,\"caption\":\"Apen: Soluciones inform\u00e1ticas\"},\"image\":{\"@id\":\"https:\\\/\\\/www.apen.es\\\/#\\\/schema\\\/logo\\\/image\\\/\"},\"sameAs\":[\"https:\\\/\\\/www.facebook.com\\\/apensolucions\",\"https:\\\/\\\/www.youtube.com\\\/user\\\/ApenCentreInformatic\",\"https:\\\/\\\/www.linkedin.com\\\/company\\\/1021771?trk=tyah&trkInfo=clickedVerticalcompanyclickedEntityId1021771idx2-1-2tarId1464195271196tasapenin\"]}]}<\/script>\n<!-- \/ Yoast SEO plugin. -->","yoast_head_json":{"title":"Empresa d&#039;inform\u00e0tica per a empreses - Apen Inform\u00e0tica","description":"Som una empresa d&#039;inform\u00e0tica i solucions tecnol\u00f2giques que ajudem les empreses a digitalitzar-se. Contacta amb Apen per obtenir informaci\u00f3.","robots":{"index":"index","follow":"follow","max-snippet":"max-snippet:-1","max-image-preview":"max-image-preview:large","max-video-preview":"max-video-preview:-1"},"canonical":"https:\/\/www.apen.es\/ca\/manteniment-informatic\/empresa-dinformatica-per-a-empreses\/","og_locale":"ca_ES","og_type":"article","og_title":"Empresa de inform\u00e1tica para empresas - Apen Inform\u00e1tica","og_description":"Somos una empresa de inform\u00e1tica y soluciones tecnolog\u00edcas que ayudamos a las empresas a digitalizarse. Contacta con Apen para obtener informaci\u00f3n.","og_url":"https:\/\/www.apen.es\/ca\/manteniment-informatic\/empresa-dinformatica-per-a-empreses\/","og_site_name":"Apen Inform\u00e1tica","article_publisher":"https:\/\/www.facebook.com\/apensolucions","article_modified_time":"2025-03-31T06:11:31+00:00","og_image":[{"width":231,"height":82,"url":"https:\/\/www.apen.es\/wp-content\/uploads\/2016\/05\/logo-apen-231x82-trasparent.png","type":"image\/png"}],"twitter_card":"summary_large_image","twitter_misc":{"Temps estimat de lectura":"10 minuts"},"schema":{"@context":"https:\/\/schema.org","@graph":[{"@type":"WebPage","@id":"https:\/\/www.apen.es\/mantenimiento-informatico\/empresa-de-informatica-para-empresas\/","url":"https:\/\/www.apen.es\/mantenimiento-informatico\/empresa-de-informatica-para-empresas\/","name":"Empresa d&#039;inform\u00e0tica per a empreses - Apen Inform\u00e0tica","isPartOf":{"@id":"https:\/\/www.apen.es\/#website"},"datePublished":"2019-04-15T07:12:09+00:00","dateModified":"2025-03-31T06:11:31+00:00","description":"Som una empresa d&#039;inform\u00e0tica i solucions tecnol\u00f2giques que ajudem les empreses a digitalitzar-se. Contacta amb Apen per obtenir informaci\u00f3.","breadcrumb":{"@id":"https:\/\/www.apen.es\/mantenimiento-informatico\/empresa-de-informatica-para-empresas\/#breadcrumb"},"inLanguage":"ca","potentialAction":[{"@type":"ReadAction","target":["https:\/\/www.apen.es\/mantenimiento-informatico\/empresa-de-informatica-para-empresas\/"]}]},{"@type":"BreadcrumbList","@id":"https:\/\/www.apen.es\/mantenimiento-informatico\/empresa-de-informatica-para-empresas\/#breadcrumb","itemListElement":[{"@type":"ListItem","position":1,"name":"Portada","item":"https:\/\/www.apen.es\/"},{"@type":"ListItem","position":2,"name":"Mantenimiento inform\u00e1tico","item":"https:\/\/www.apen.es\/mantenimiento-informatico\/"},{"@type":"ListItem","position":3,"name":"Empresa de inform\u00e1tica para empresas"}]},{"@type":"WebSite","@id":"https:\/\/www.apen.es\/#website","url":"https:\/\/www.apen.es\/","name":"Apen Inform\u00e0tica","description":"Manteniment inform\u00e0tic , programari de gesti\u00f3, solucions d&#039;impressi\u00f3","publisher":{"@id":"https:\/\/www.apen.es\/#organization"},"potentialAction":[{"@type":"SearchAction","target":{"@type":"EntryPoint","urlTemplate":"https:\/\/www.apen.es\/?s={search_term_string}"},"query-input":{"@type":"PropertyValueSpecification","valueRequired":true,"valueName":"search_term_string"}}],"inLanguage":"ca"},{"@type":"Organization","@id":"https:\/\/www.apen.es\/#organization","name":"Apen: Solucions inform\u00e0tiques","url":"https:\/\/www.apen.es\/","logo":{"@type":"ImageObject","inLanguage":"ca","@id":"https:\/\/www.apen.es\/#\/schema\/logo\/image\/","url":"https:\/\/www.apen.es\/wp-content\/uploads\/2022\/08\/logo-apenok-231x82-1.png","contentUrl":"https:\/\/www.apen.es\/wp-content\/uploads\/2022\/08\/logo-apenok-231x82-1.png","width":231,"height":82,"caption":"Apen: Soluciones inform\u00e1ticas"},"image":{"@id":"https:\/\/www.apen.es\/#\/schema\/logo\/image\/"},"sameAs":["https:\/\/www.facebook.com\/apensolucions","https:\/\/www.youtube.com\/user\/ApenCentreInformatic","https:\/\/www.linkedin.com\/company\/1021771?trk=tyah&trkInfo=clickedVerticalcompanyclickedEntityId1021771idx2-1-2tarId1464195271196tasapenin"]}]}},"taxonomy_info":[],"featured_image_src_large":false,"author_info":{"display_name":"marqueting","author_link":"https:\/\/www.apen.es\/ca\/blog\/author\/marqueting\/"},"comment_info":0,"_links":{"self":[{"href":"https:\/\/www.apen.es\/ca\/wp-json\/wp\/v2\/pages\/13751","targetHints":{"allow":["GET"]}}],"collection":[{"href":"https:\/\/www.apen.es\/ca\/wp-json\/wp\/v2\/pages"}],"about":[{"href":"https:\/\/www.apen.es\/ca\/wp-json\/wp\/v2\/types\/page"}],"author":[{"embeddable":true,"href":"https:\/\/www.apen.es\/ca\/wp-json\/wp\/v2\/users\/4"}],"replies":[{"embeddable":true,"href":"https:\/\/www.apen.es\/ca\/wp-json\/wp\/v2\/comments?post=13751"}],"version-history":[{"count":3,"href":"https:\/\/www.apen.es\/ca\/wp-json\/wp\/v2\/pages\/13751\/revisions"}],"predecessor-version":[{"id":54459,"href":"https:\/\/www.apen.es\/ca\/wp-json\/wp\/v2\/pages\/13751\/revisions\/54459"}],"up":[{"embeddable":true,"href":"https:\/\/www.apen.es\/ca\/wp-json\/wp\/v2\/pages\/1357"}],"wp:attachment":[{"href":"https:\/\/www.apen.es\/ca\/wp-json\/wp\/v2\/media?parent=13751"}],"curies":[{"name":"wp","href":"https:\/\/api.w.org\/{rel}","templated":true}]}}