{"id":13746,"date":"2019-04-12T16:07:12","date_gmt":"2019-04-12T16:07:12","guid":{"rendered":"https:\/\/www.apen.es\/?page_id=13746"},"modified":"2025-03-31T06:55:10","modified_gmt":"2025-03-31T06:55:10","slug":"manteniment-de-xarxes-terrassa","status":"publish","type":"page","link":"https:\/\/www.apen.es\/ca\/mantenimiento-informatico\/mantenimiento-de-redes\/mantenimiento-de-redes-terrassa\/","title":{"rendered":"Manteniment de xarxes Terrassa"},"content":{"rendered":"<p>A Apen hem obtingut molts \u00e8xits, que ens han servit per continuar creixent i donar respostes a les demandes del nostre p\u00fablic ia la pr\u00f2pia evoluci\u00f3 del mercat respecte a les necessitats inform\u00e0tiques ia la gesti\u00f3 empresarial. Gr\u00e0cies al comprom\u00eds i la vocaci\u00f3 dels nostres professionals, hem aconseguit traspassar els obstacles que hem trobat pel cam\u00ed i aconseguit assolir aquelles metes que ens hem proposat al llarg d&#039;aquests anys. Vetllem sempre per satisfer al m\u00e0xim les necessitats dels nostres clients i superar les seves expectatives. Oferim serveis d&#039;alta qualitat com el&nbsp;<strong>manteniment de xarxes&nbsp;<\/strong>a<strong>&nbsp;Terrassa<\/strong>.  Brindem als nostres clients una cobertura de 365 dies a l&#039;any les 24 hores i oferim una garantia total per a les empreses que no estan segures sobre el rendiment dels sistemes inform\u00e0tics.<\/p>\n\n\n\n<h2 class=\"wp-block-heading\"><strong>La nostra filosofia empresarial es basa en la satisfacci\u00f3 dels nostres clients<\/strong><\/h2>\n\n\n\n<p>El&nbsp;<strong>manteniment de xarxes&nbsp;<\/strong>a<strong>&nbsp;Terrassa<\/strong>&nbsp;\u00e9s per a aquelles persones que resideixin a Terrassa i necessitin un sistema que millor s&#039;adapti a les seves condicions tant econ\u00f2miques com per comoditat o gustos. Disposem de diferents tipus de&nbsp;<strong>manteniment de xarxes&nbsp;<\/strong>a<strong>&nbsp;Terrassa<\/strong>: El manteniment base que ens facilita una auditoria anual, el manteniment Outsourcing que inclou la intervenci\u00f3 d&#039;un professional, encara que amb un cost previ, i per \u00faltim el manteniment Premium SPC, que \u00e9s molt m\u00e9s complet que els dos anteriors, ja que ens ofereix tots els serveis correctius i preventius. Cada tipus de&nbsp;<strong>manteniment de xarxes&nbsp;<\/strong>a<strong>&nbsp;Terrassa<\/strong>&nbsp;ofereix un servei o un altre, per\u00f2 perqu\u00e8 us feu una idea podeu optar per si necessiteu algunes de les seg\u00fcents opcions que la nostra empresa pot realitzar a la vostra xarxa.<\/p>\n\n\n\n<p>Verificar la connexi\u00f3: Els nostres professionals revisen que el cablejat estigui en bones condicions, mira si transmet sense cap problema i tramiten proves en la continu\u00eftat d&#039;atenuaci\u00f3 i la imped\u00e0ncia.<\/p>\n\n\n\n<p>Connexions correctes: Realitzem una observaci\u00f3 amb cautela i precisi\u00f3 per verificar que no tinguin falsos contactes que poden arribar a afectar el rendiment.<\/p>\n\n\n\n<p>Comprovaci\u00f3 dels equips de comunicaci\u00f3: Comprovem que els equips de comunicaci\u00f3, com els swithcs, els hubs o els encaminadors funcionin correctament.<\/p>\n\n\n\n<p>Comprovaci\u00f3 de l&#039;estat de la targeta de xarxa: Realitzem una comprovaci\u00f3 de l&#039;estat de la targeta de xarxa, i tamb\u00e9 dels servidors com de les estacions de treball.<\/p>\n\n\n\n<p>Verifiquem de possibles col\u00b7lisions: El nostre t\u00e8cnic revisa que hi hagi el menor nombre de col\u00b7lisions i per a ells utilitza diferents eines.<\/p>\n\n\n\n<p>Observaci\u00f3 dels serveis a la xarxa: Observem si a la xarxa hi ha serveis innecessaris que puguin estar generant tr\u00e0nsit a la xarxa i aix\u00f2 comporta a col\u00b7lapsar les comunicacions.<\/p>\n\n\n\n<p>Verificaci\u00f3 dels recursos de xarxa compartits: Verifiquem que els recursos de xarxa compartits com les impressores, servidors o carpetes compartides funcions correctament i que tots hi tenen acc\u00e9s.<\/p>\n\n\n\n<p>Aplicant un&nbsp;<strong>manteniment de xarxes&nbsp;<\/strong>a<strong>&nbsp;Terrassa<\/strong>&nbsp;fareu un pas crucial per aprofitar els recursos a disposici\u00f3 de tots els usuaris autoritzats i us permetr\u00e0 detectar qualsevol anomalia i solucionar-la.<\/p>","protected":false},"excerpt":{"rendered":"<p>En Apen hemos obtenido muchos \u00e9xitos, que nos han servido para seguir creciendo e ir dando respuestas a las demandas de nuestro p\u00fablico y a la propia evoluci\u00f3n del mercado respecto a las necesidades inform\u00e1ticas y a la gesti\u00f3n empresarial. Gracias al compromiso y vocaci\u00f3n de nuestros profesionales, hemos conseguido traspasar los obst\u00e1culos que hemos&#8230;<\/p>","protected":false},"author":4,"featured_media":0,"parent":13742,"menu_order":0,"comment_status":"closed","ping_status":"closed","template":"page-servicio-informatico.php","meta":{"_acf_changed":false,"_kad_blocks_custom_css":"","_kad_blocks_head_custom_js":"","_kad_blocks_body_custom_js":"","_kad_blocks_footer_custom_js":"","_kad_post_transparent":"","_kad_post_title":"","_kad_post_layout":"","_kad_post_sidebar_id":"","_kad_post_content_style":"","_kad_post_vertical_padding":"","_kad_post_feature":"","_kad_post_feature_position":"","_kad_post_header":false,"_kad_post_footer":false,"_kad_post_classname":"","footnotes":""},"class_list":["post-13746","page","type-page","status-publish","hentry"],"acf":[],"yoast_head":"<!-- This site is optimized with the Yoast SEO plugin v27.4 - https:\/\/yoast.com\/product\/yoast-seo-wordpress\/ -->\n<title>Mantenimiento de redes Terrassa - Apen Inform\u00e1tica<\/title>\n<meta name=\"description\" content=\"Servicio de mantenieminto de redes inform\u00e1ticas en Terrassa. Disponemos de personal especializado en el mantenimiento y reparaci\u00f3n de redes.\" \/>\n<meta name=\"robots\" content=\"index, follow, max-snippet:-1, max-image-preview:large, max-video-preview:-1\" \/>\n<link rel=\"canonical\" href=\"https:\/\/www.apen.es\/ca\/manteniment-informatic\/manteniment-de-xarxes\/manteniment-de-xarxes-terrassa\/\" \/>\n<meta property=\"og:locale\" content=\"ca_ES\" \/>\n<meta property=\"og:type\" content=\"article\" \/>\n<meta property=\"og:title\" content=\"Mantenimiento de redes Terrassa - Apen Inform\u00e1tica\" \/>\n<meta property=\"og:description\" content=\"Servicio de mantenieminto de redes inform\u00e1ticas en Terrassa. Disponemos de personal especializado en el mantenimiento y reparaci\u00f3n de redes.\" \/>\n<meta property=\"og:url\" content=\"https:\/\/www.apen.es\/ca\/manteniment-informatic\/manteniment-de-xarxes\/manteniment-de-xarxes-terrassa\/\" \/>\n<meta property=\"og:site_name\" content=\"Apen Inform\u00e1tica\" \/>\n<meta property=\"article:publisher\" content=\"https:\/\/www.facebook.com\/apensolucions\" \/>\n<meta property=\"article:modified_time\" content=\"2025-03-31T06:55:10+00:00\" \/>\n<meta property=\"og:image\" content=\"https:\/\/www.apen.es\/wp-content\/uploads\/2016\/05\/logo-apen-231x82-trasparent.png\" \/>\n\t<meta property=\"og:image:width\" content=\"231\" \/>\n\t<meta property=\"og:image:height\" content=\"82\" \/>\n\t<meta property=\"og:image:type\" content=\"image\/png\" \/>\n<meta name=\"twitter:card\" content=\"summary_large_image\" \/>\n<meta name=\"twitter:label1\" content=\"Temps estimat de lectura\" \/>\n\t<meta name=\"twitter:data1\" content=\"10 minuts\" \/>\n<script type=\"application\/ld+json\" class=\"yoast-schema-graph\">{\"@context\":\"https:\\\/\\\/schema.org\",\"@graph\":[{\"@type\":\"WebPage\",\"@id\":\"https:\\\/\\\/www.apen.es\\\/mantenimiento-informatico\\\/mantenimiento-de-redes\\\/mantenimiento-de-redes-terrassa\\\/\",\"url\":\"https:\\\/\\\/www.apen.es\\\/mantenimiento-informatico\\\/mantenimiento-de-redes\\\/mantenimiento-de-redes-terrassa\\\/\",\"name\":\"Mantenimiento de redes Terrassa - Apen Inform\u00e1tica\",\"isPartOf\":{\"@id\":\"https:\\\/\\\/www.apen.es\\\/#website\"},\"datePublished\":\"2019-04-12T16:07:12+00:00\",\"dateModified\":\"2025-03-31T06:55:10+00:00\",\"description\":\"Servicio de mantenieminto de redes inform\u00e1ticas en Terrassa. Disponemos de personal especializado en el mantenimiento y reparaci\u00f3n de redes.\",\"breadcrumb\":{\"@id\":\"https:\\\/\\\/www.apen.es\\\/mantenimiento-informatico\\\/mantenimiento-de-redes\\\/mantenimiento-de-redes-terrassa\\\/#breadcrumb\"},\"inLanguage\":\"ca\",\"potentialAction\":[{\"@type\":\"ReadAction\",\"target\":[\"https:\\\/\\\/www.apen.es\\\/mantenimiento-informatico\\\/mantenimiento-de-redes\\\/mantenimiento-de-redes-terrassa\\\/\"]}]},{\"@type\":\"BreadcrumbList\",\"@id\":\"https:\\\/\\\/www.apen.es\\\/mantenimiento-informatico\\\/mantenimiento-de-redes\\\/mantenimiento-de-redes-terrassa\\\/#breadcrumb\",\"itemListElement\":[{\"@type\":\"ListItem\",\"position\":1,\"name\":\"Portada\",\"item\":\"https:\\\/\\\/www.apen.es\\\/\"},{\"@type\":\"ListItem\",\"position\":2,\"name\":\"Mantenimiento inform\u00e1tico\",\"item\":\"https:\\\/\\\/www.apen.es\\\/mantenimiento-informatico\\\/\"},{\"@type\":\"ListItem\",\"position\":3,\"name\":\"Mantenimiento de redes\",\"item\":\"https:\\\/\\\/www.apen.es\\\/mantenimiento-informatico\\\/mantenimiento-de-redes\\\/\"},{\"@type\":\"ListItem\",\"position\":4,\"name\":\"Mantenimiento de redes Terrassa\"}]},{\"@type\":\"WebSite\",\"@id\":\"https:\\\/\\\/www.apen.es\\\/#website\",\"url\":\"https:\\\/\\\/www.apen.es\\\/\",\"name\":\"Apen Inform\u00e1tica\",\"description\":\"Mantenimiento Inform\u00e1tico , Software de Gesti\u00f3n, Soluciones de impresi\u00f3n\",\"publisher\":{\"@id\":\"https:\\\/\\\/www.apen.es\\\/#organization\"},\"potentialAction\":[{\"@type\":\"SearchAction\",\"target\":{\"@type\":\"EntryPoint\",\"urlTemplate\":\"https:\\\/\\\/www.apen.es\\\/?s={search_term_string}\"},\"query-input\":{\"@type\":\"PropertyValueSpecification\",\"valueRequired\":true,\"valueName\":\"search_term_string\"}}],\"inLanguage\":\"ca\"},{\"@type\":\"Organization\",\"@id\":\"https:\\\/\\\/www.apen.es\\\/#organization\",\"name\":\"Apen: Soluciones inform\u00e1ticas\",\"url\":\"https:\\\/\\\/www.apen.es\\\/\",\"logo\":{\"@type\":\"ImageObject\",\"inLanguage\":\"ca\",\"@id\":\"https:\\\/\\\/www.apen.es\\\/#\\\/schema\\\/logo\\\/image\\\/\",\"url\":\"https:\\\/\\\/www.apen.es\\\/wp-content\\\/uploads\\\/2022\\\/08\\\/logo-apenok-231x82-1.png\",\"contentUrl\":\"https:\\\/\\\/www.apen.es\\\/wp-content\\\/uploads\\\/2022\\\/08\\\/logo-apenok-231x82-1.png\",\"width\":231,\"height\":82,\"caption\":\"Apen: Soluciones inform\u00e1ticas\"},\"image\":{\"@id\":\"https:\\\/\\\/www.apen.es\\\/#\\\/schema\\\/logo\\\/image\\\/\"},\"sameAs\":[\"https:\\\/\\\/www.facebook.com\\\/apensolucions\",\"https:\\\/\\\/www.youtube.com\\\/user\\\/ApenCentreInformatic\",\"https:\\\/\\\/www.linkedin.com\\\/company\\\/1021771?trk=tyah&trkInfo=clickedVerticalcompanyclickedEntityId1021771idx2-1-2tarId1464195271196tasapenin\"]}]}<\/script>\n<!-- \/ Yoast SEO plugin. -->","yoast_head_json":{"title":"Manteniment de xarxes Terrassa - Apen Inform\u00e0tica","description":"Servei de manteniment de xarxes inform\u00e0tiques a Terrassa. Disposem de personal especialitzat en el manteniment i la reparaci\u00f3 de xarxes.","robots":{"index":"index","follow":"follow","max-snippet":"max-snippet:-1","max-image-preview":"max-image-preview:large","max-video-preview":"max-video-preview:-1"},"canonical":"https:\/\/www.apen.es\/ca\/manteniment-informatic\/manteniment-de-xarxes\/manteniment-de-xarxes-terrassa\/","og_locale":"ca_ES","og_type":"article","og_title":"Mantenimiento de redes Terrassa - Apen Inform\u00e1tica","og_description":"Servicio de mantenieminto de redes inform\u00e1ticas en Terrassa. Disponemos de personal especializado en el mantenimiento y reparaci\u00f3n de redes.","og_url":"https:\/\/www.apen.es\/ca\/manteniment-informatic\/manteniment-de-xarxes\/manteniment-de-xarxes-terrassa\/","og_site_name":"Apen Inform\u00e1tica","article_publisher":"https:\/\/www.facebook.com\/apensolucions","article_modified_time":"2025-03-31T06:55:10+00:00","og_image":[{"width":231,"height":82,"url":"https:\/\/www.apen.es\/wp-content\/uploads\/2016\/05\/logo-apen-231x82-trasparent.png","type":"image\/png"}],"twitter_card":"summary_large_image","twitter_misc":{"Temps estimat de lectura":"10 minuts"},"schema":{"@context":"https:\/\/schema.org","@graph":[{"@type":"WebPage","@id":"https:\/\/www.apen.es\/mantenimiento-informatico\/mantenimiento-de-redes\/mantenimiento-de-redes-terrassa\/","url":"https:\/\/www.apen.es\/mantenimiento-informatico\/mantenimiento-de-redes\/mantenimiento-de-redes-terrassa\/","name":"Manteniment de xarxes Terrassa - Apen Inform\u00e0tica","isPartOf":{"@id":"https:\/\/www.apen.es\/#website"},"datePublished":"2019-04-12T16:07:12+00:00","dateModified":"2025-03-31T06:55:10+00:00","description":"Servei de manteniment de xarxes inform\u00e0tiques a Terrassa. Disposem de personal especialitzat en el manteniment i la reparaci\u00f3 de xarxes.","breadcrumb":{"@id":"https:\/\/www.apen.es\/mantenimiento-informatico\/mantenimiento-de-redes\/mantenimiento-de-redes-terrassa\/#breadcrumb"},"inLanguage":"ca","potentialAction":[{"@type":"ReadAction","target":["https:\/\/www.apen.es\/mantenimiento-informatico\/mantenimiento-de-redes\/mantenimiento-de-redes-terrassa\/"]}]},{"@type":"BreadcrumbList","@id":"https:\/\/www.apen.es\/mantenimiento-informatico\/mantenimiento-de-redes\/mantenimiento-de-redes-terrassa\/#breadcrumb","itemListElement":[{"@type":"ListItem","position":1,"name":"Portada","item":"https:\/\/www.apen.es\/"},{"@type":"ListItem","position":2,"name":"Mantenimiento inform\u00e1tico","item":"https:\/\/www.apen.es\/mantenimiento-informatico\/"},{"@type":"ListItem","position":3,"name":"Mantenimiento de redes","item":"https:\/\/www.apen.es\/mantenimiento-informatico\/mantenimiento-de-redes\/"},{"@type":"ListItem","position":4,"name":"Mantenimiento de redes Terrassa"}]},{"@type":"WebSite","@id":"https:\/\/www.apen.es\/#website","url":"https:\/\/www.apen.es\/","name":"Apen Inform\u00e0tica","description":"Manteniment inform\u00e0tic , programari de gesti\u00f3, solucions d&#039;impressi\u00f3","publisher":{"@id":"https:\/\/www.apen.es\/#organization"},"potentialAction":[{"@type":"SearchAction","target":{"@type":"EntryPoint","urlTemplate":"https:\/\/www.apen.es\/?s={search_term_string}"},"query-input":{"@type":"PropertyValueSpecification","valueRequired":true,"valueName":"search_term_string"}}],"inLanguage":"ca"},{"@type":"Organization","@id":"https:\/\/www.apen.es\/#organization","name":"Apen: Solucions inform\u00e0tiques","url":"https:\/\/www.apen.es\/","logo":{"@type":"ImageObject","inLanguage":"ca","@id":"https:\/\/www.apen.es\/#\/schema\/logo\/image\/","url":"https:\/\/www.apen.es\/wp-content\/uploads\/2022\/08\/logo-apenok-231x82-1.png","contentUrl":"https:\/\/www.apen.es\/wp-content\/uploads\/2022\/08\/logo-apenok-231x82-1.png","width":231,"height":82,"caption":"Apen: Soluciones inform\u00e1ticas"},"image":{"@id":"https:\/\/www.apen.es\/#\/schema\/logo\/image\/"},"sameAs":["https:\/\/www.facebook.com\/apensolucions","https:\/\/www.youtube.com\/user\/ApenCentreInformatic","https:\/\/www.linkedin.com\/company\/1021771?trk=tyah&trkInfo=clickedVerticalcompanyclickedEntityId1021771idx2-1-2tarId1464195271196tasapenin"]}]}},"taxonomy_info":[],"featured_image_src_large":false,"author_info":{"display_name":"marqueting","author_link":"https:\/\/www.apen.es\/ca\/blog\/author\/marqueting\/"},"comment_info":0,"_links":{"self":[{"href":"https:\/\/www.apen.es\/ca\/wp-json\/wp\/v2\/pages\/13746","targetHints":{"allow":["GET"]}}],"collection":[{"href":"https:\/\/www.apen.es\/ca\/wp-json\/wp\/v2\/pages"}],"about":[{"href":"https:\/\/www.apen.es\/ca\/wp-json\/wp\/v2\/types\/page"}],"author":[{"embeddable":true,"href":"https:\/\/www.apen.es\/ca\/wp-json\/wp\/v2\/users\/4"}],"replies":[{"embeddable":true,"href":"https:\/\/www.apen.es\/ca\/wp-json\/wp\/v2\/comments?post=13746"}],"version-history":[{"count":2,"href":"https:\/\/www.apen.es\/ca\/wp-json\/wp\/v2\/pages\/13746\/revisions"}],"predecessor-version":[{"id":54548,"href":"https:\/\/www.apen.es\/ca\/wp-json\/wp\/v2\/pages\/13746\/revisions\/54548"}],"up":[{"embeddable":true,"href":"https:\/\/www.apen.es\/ca\/wp-json\/wp\/v2\/pages\/13742"}],"wp:attachment":[{"href":"https:\/\/www.apen.es\/ca\/wp-json\/wp\/v2\/media?parent=13746"}],"curies":[{"name":"wp","href":"https:\/\/api.w.org\/{rel}","templated":true}]}}