{"id":12946,"date":"2019-02-07T14:22:27","date_gmt":"2019-02-07T14:22:27","guid":{"rendered":"https:\/\/www.apen.es\/?page_id=12946"},"modified":"2025-05-23T08:15:40","modified_gmt":"2025-05-23T08:15:40","slug":"lloguer-sabadell","status":"publish","type":"page","link":"https:\/\/www.apen.es\/ca\/multifuncion\/alquiler-multifuncion-kyocera\/alquiler-sabadell\/","title":{"rendered":"Lloguer multifunci\u00f3 Kyocera Sabadell"},"content":{"rendered":"<p>Tant grans com petites empreses solen necessitar lajuda dels millors dispositius amb la finalitat de poder oferir als seus clients els millors documents i amb una rapidesa totalment efectiva. Per aquest motiu, a Apen hem creat un servei de&nbsp;<strong>lloguer multifunci\u00f3 Kyocera a Sabadell<\/strong>, aquests aparells es lloguen als clients durant un temps determinat, i passat aquest temps, s&#039;ha de tornar sense cap tipus de cost afegit. D&#039;aquesta manera, tots els negocis que ho requereixin, podran gaudir de la tecnologia m\u00e9s alta sense haver de comprar-la, cosa que suposaria un cost exagerat i moltes vegades inassequible.<\/p>\n\n\n\n<p>Moltes de les empreses que contacten amb nosaltres amb la intenci\u00f3 d&#039;adquirir el nostre&nbsp;<strong>lloguer multifunci\u00f3 Kyocera a Sabadell<\/strong>, ho fan amb la intenci\u00f3 de con\u00e8ixer b\u00e9 l&#039;aparell abans de comprar-ho. Despr\u00e9s d&#039;utilitzar-lo durant uns mesos, el client pot saber si realment aquest aparell \u00e9s idoni per realitzar les tasques que s\u00f3n necess\u00e0ries en el seu negoci, si \u00e9s aix\u00ed, despr\u00e9s del lloguer, el m\u00e9s segur \u00e9s que procedeixin a comprar-ne un, i si no, sempre poden llogar un altre aparell fins a trobar el que realment satisfaci totes les seves necessitats.<\/p>\n\n\n\n<p>En altres casos, les empreses m\u00e9s petites, adquireixen el nostre servei de&nbsp;<strong>lloguer multifunci\u00f3 Kyocera a Sabadell<\/strong>&nbsp;amb la finalitat de gaudir d\u00b4un producte de m\u00e0xima qualitat sense haver d\u00b4assumir els costos de compra que aix\u00f2 comporta. Les empreses petites o que encara no disposen d&#039;uns grans beneficis, no es poden permetre comprar tot tipus d&#039;aparells d&#039;alta gamma, per\u00f2 s\u00ed que els necessiten per fer la feina d&#039;una manera r\u00e0pida i efectiva. En aquest moment, el nostre servei de&nbsp;<strong>lloguer multifunci\u00f3 Kyocera a Sabadell<\/strong>&nbsp;pot ser la millor soluci\u00f3. Hem de tenir en compte que aquest lloguer permet que les empreses no disposin de despeses imprevistes, ja que el manteniment i les possibles reparacions corren al nostre compte, sempre que no sigui degut a un mal \u00fas de l&#039;aparell.<\/p>\n\n\n\n<p>La majoria de negocis que acudeixen a nosaltres ho fan amb la intenci\u00f3 que els donem les millors solucions d&#039;impressi\u00f3. D&#039;aquesta manera, nosaltres disposem d&#039;un gran equip de professionals altament qualificats que s&#039;encarreguen de con\u00e8ixer totes les caracter\u00edstiques dels nostres productes, i aix\u00ed atorgar-los als nostres clients, tenint sempre en compte les seves necessitats i prefer\u00e8ncies. Al nostre servei de&nbsp;<strong>lloguer multifunci\u00f3 Kyocera a Sabadell<\/strong>&nbsp;oferim un assessorament totalment personalitzat perqu\u00e8 cada empresa disposi dels dispositius que millor els puguin funcionar. Si voleu con\u00e8ixer m\u00e9s sobre nosaltres o sobre els nostres serveis i productes, no dubteu a posar-vos en contacte amb la nostra empresa, estarem encantats d&#039;atendre-us i resoldre tot tipus de dubtes que pugueu tenir.<\/p>","protected":false},"excerpt":{"rendered":"<p>Tanto grandes como peque\u00f1as empresas suelen necesitar la ayuda de los mejores dispositivos con la finalidad de poder ofrecer a sus clientes los mejores documentos y con una rapidez totalmente efectiva. Por este motivo, en Apen hemos creado un servicio de&nbsp;alquiler multifunci\u00f3n Kyocera en Sabadell, estos aparatos se alquilan a los clientes durante un tiempo&#8230;<\/p>","protected":false},"author":4,"featured_media":0,"parent":12604,"menu_order":0,"comment_status":"closed","ping_status":"closed","template":"page-renting-impresoras.php","meta":{"_acf_changed":false,"_kad_blocks_custom_css":"","_kad_blocks_head_custom_js":"","_kad_blocks_body_custom_js":"","_kad_blocks_footer_custom_js":"","_kad_post_transparent":"","_kad_post_title":"","_kad_post_layout":"","_kad_post_sidebar_id":"","_kad_post_content_style":"","_kad_post_vertical_padding":"","_kad_post_feature":"","_kad_post_feature_position":"","_kad_post_header":false,"_kad_post_footer":false,"_kad_post_classname":"","footnotes":""},"class_list":["post-12946","page","type-page","status-publish","hentry"],"acf":[],"yoast_head":"<!-- This site is optimized with the Yoast SEO plugin v27.4 - https:\/\/yoast.com\/product\/yoast-seo-wordpress\/ -->\n<title>Alquiler multifunci\u00f3n Kyocera Sabadell - Apen Inform\u00e1tica<\/title>\n<meta name=\"description\" content=\"Ahora puedes alquilar una multifunci\u00f3n Kyocera en Sabadell para mejorar las prestaciones de tu actual impresora a un coste muy bajo para tu empresa.\" \/>\n<meta name=\"robots\" content=\"index, follow, max-snippet:-1, max-image-preview:large, max-video-preview:-1\" \/>\n<link rel=\"canonical\" href=\"https:\/\/www.apen.es\/ca\/multifuncio\/lloguer-multifuncio-kyocera\/lloguer-sabadell\/\" \/>\n<meta property=\"og:locale\" content=\"ca_ES\" \/>\n<meta property=\"og:type\" content=\"article\" \/>\n<meta property=\"og:title\" content=\"Alquiler multifunci\u00f3n Kyocera Sabadell - Apen Inform\u00e1tica\" \/>\n<meta property=\"og:description\" content=\"Ahora puedes alquilar una multifunci\u00f3n Kyocera en Sabadell para mejorar las prestaciones de tu actual impresora a un coste muy bajo para tu empresa.\" \/>\n<meta property=\"og:url\" content=\"https:\/\/www.apen.es\/ca\/multifuncio\/lloguer-multifuncio-kyocera\/lloguer-sabadell\/\" \/>\n<meta property=\"og:site_name\" content=\"Apen Inform\u00e1tica\" \/>\n<meta property=\"article:publisher\" content=\"https:\/\/www.facebook.com\/apensolucions\" \/>\n<meta property=\"article:modified_time\" content=\"2025-05-23T08:15:40+00:00\" \/>\n<meta property=\"og:image\" content=\"https:\/\/www.apen.es\/wp-content\/uploads\/2016\/05\/logo-apen-231x82-trasparent.png\" \/>\n\t<meta property=\"og:image:width\" content=\"231\" \/>\n\t<meta property=\"og:image:height\" content=\"82\" \/>\n\t<meta property=\"og:image:type\" content=\"image\/png\" \/>\n<meta name=\"twitter:card\" content=\"summary_large_image\" \/>\n<meta name=\"twitter:label1\" content=\"Temps estimat de lectura\" \/>\n\t<meta name=\"twitter:data1\" content=\"8 minuts\" \/>\n<script type=\"application\/ld+json\" class=\"yoast-schema-graph\">{\"@context\":\"https:\\\/\\\/schema.org\",\"@graph\":[{\"@type\":\"WebPage\",\"@id\":\"https:\\\/\\\/www.apen.es\\\/multifuncion\\\/alquiler-multifuncion-kyocera\\\/alquiler-sabadell\\\/\",\"url\":\"https:\\\/\\\/www.apen.es\\\/multifuncion\\\/alquiler-multifuncion-kyocera\\\/alquiler-sabadell\\\/\",\"name\":\"Alquiler multifunci\u00f3n Kyocera Sabadell - Apen Inform\u00e1tica\",\"isPartOf\":{\"@id\":\"https:\\\/\\\/www.apen.es\\\/#website\"},\"datePublished\":\"2019-02-07T14:22:27+00:00\",\"dateModified\":\"2025-05-23T08:15:40+00:00\",\"description\":\"Ahora puedes alquilar una multifunci\u00f3n Kyocera en Sabadell para mejorar las prestaciones de tu actual impresora a un coste muy bajo para tu empresa.\",\"breadcrumb\":{\"@id\":\"https:\\\/\\\/www.apen.es\\\/multifuncion\\\/alquiler-multifuncion-kyocera\\\/alquiler-sabadell\\\/#breadcrumb\"},\"inLanguage\":\"ca\",\"potentialAction\":[{\"@type\":\"ReadAction\",\"target\":[\"https:\\\/\\\/www.apen.es\\\/multifuncion\\\/alquiler-multifuncion-kyocera\\\/alquiler-sabadell\\\/\"]}]},{\"@type\":\"BreadcrumbList\",\"@id\":\"https:\\\/\\\/www.apen.es\\\/multifuncion\\\/alquiler-multifuncion-kyocera\\\/alquiler-sabadell\\\/#breadcrumb\",\"itemListElement\":[{\"@type\":\"ListItem\",\"position\":1,\"name\":\"Portada\",\"item\":\"https:\\\/\\\/www.apen.es\\\/\"},{\"@type\":\"ListItem\",\"position\":2,\"name\":\"Multifunci\u00f3n\",\"item\":\"https:\\\/\\\/www.apen.es\\\/multifuncion\\\/\"},{\"@type\":\"ListItem\",\"position\":3,\"name\":\"Alquiler multifunci\u00f3n KYOCERA\",\"item\":\"https:\\\/\\\/www.apen.es\\\/multifuncion\\\/alquiler-multifuncion-kyocera\\\/\"},{\"@type\":\"ListItem\",\"position\":4,\"name\":\"Alquiler multifunci\u00f3n Kyocera Sabadell\"}]},{\"@type\":\"WebSite\",\"@id\":\"https:\\\/\\\/www.apen.es\\\/#website\",\"url\":\"https:\\\/\\\/www.apen.es\\\/\",\"name\":\"Apen Inform\u00e1tica\",\"description\":\"Mantenimiento Inform\u00e1tico , Software de Gesti\u00f3n, Soluciones de impresi\u00f3n\",\"publisher\":{\"@id\":\"https:\\\/\\\/www.apen.es\\\/#organization\"},\"potentialAction\":[{\"@type\":\"SearchAction\",\"target\":{\"@type\":\"EntryPoint\",\"urlTemplate\":\"https:\\\/\\\/www.apen.es\\\/?s={search_term_string}\"},\"query-input\":{\"@type\":\"PropertyValueSpecification\",\"valueRequired\":true,\"valueName\":\"search_term_string\"}}],\"inLanguage\":\"ca\"},{\"@type\":\"Organization\",\"@id\":\"https:\\\/\\\/www.apen.es\\\/#organization\",\"name\":\"Apen: Soluciones inform\u00e1ticas\",\"url\":\"https:\\\/\\\/www.apen.es\\\/\",\"logo\":{\"@type\":\"ImageObject\",\"inLanguage\":\"ca\",\"@id\":\"https:\\\/\\\/www.apen.es\\\/#\\\/schema\\\/logo\\\/image\\\/\",\"url\":\"https:\\\/\\\/www.apen.es\\\/wp-content\\\/uploads\\\/2022\\\/08\\\/logo-apenok-231x82-1.png\",\"contentUrl\":\"https:\\\/\\\/www.apen.es\\\/wp-content\\\/uploads\\\/2022\\\/08\\\/logo-apenok-231x82-1.png\",\"width\":231,\"height\":82,\"caption\":\"Apen: Soluciones inform\u00e1ticas\"},\"image\":{\"@id\":\"https:\\\/\\\/www.apen.es\\\/#\\\/schema\\\/logo\\\/image\\\/\"},\"sameAs\":[\"https:\\\/\\\/www.facebook.com\\\/apensolucions\",\"https:\\\/\\\/www.youtube.com\\\/user\\\/ApenCentreInformatic\",\"https:\\\/\\\/www.linkedin.com\\\/company\\\/1021771?trk=tyah&trkInfo=clickedVerticalcompanyclickedEntityId1021771idx2-1-2tarId1464195271196tasapenin\"]}]}<\/script>\n<!-- \/ Yoast SEO plugin. -->","yoast_head_json":{"title":"Lloguer multifunci\u00f3 Kyocera Sabadell - Apen Inform\u00e0tica","description":"Ara pots llogar una multifunci\u00f3 Kyocera a Sabadell per millorar les prestacions de la teva impressora actual a un cost molt baix per a la teva empresa.","robots":{"index":"index","follow":"follow","max-snippet":"max-snippet:-1","max-image-preview":"max-image-preview:large","max-video-preview":"max-video-preview:-1"},"canonical":"https:\/\/www.apen.es\/ca\/multifuncio\/lloguer-multifuncio-kyocera\/lloguer-sabadell\/","og_locale":"ca_ES","og_type":"article","og_title":"Alquiler multifunci\u00f3n Kyocera Sabadell - Apen Inform\u00e1tica","og_description":"Ahora puedes alquilar una multifunci\u00f3n Kyocera en Sabadell para mejorar las prestaciones de tu actual impresora a un coste muy bajo para tu empresa.","og_url":"https:\/\/www.apen.es\/ca\/multifuncio\/lloguer-multifuncio-kyocera\/lloguer-sabadell\/","og_site_name":"Apen Inform\u00e1tica","article_publisher":"https:\/\/www.facebook.com\/apensolucions","article_modified_time":"2025-05-23T08:15:40+00:00","og_image":[{"width":231,"height":82,"url":"https:\/\/www.apen.es\/wp-content\/uploads\/2016\/05\/logo-apen-231x82-trasparent.png","type":"image\/png"}],"twitter_card":"summary_large_image","twitter_misc":{"Temps estimat de lectura":"8 minuts"},"schema":{"@context":"https:\/\/schema.org","@graph":[{"@type":"WebPage","@id":"https:\/\/www.apen.es\/multifuncion\/alquiler-multifuncion-kyocera\/alquiler-sabadell\/","url":"https:\/\/www.apen.es\/multifuncion\/alquiler-multifuncion-kyocera\/alquiler-sabadell\/","name":"Lloguer multifunci\u00f3 Kyocera Sabadell - Apen Inform\u00e0tica","isPartOf":{"@id":"https:\/\/www.apen.es\/#website"},"datePublished":"2019-02-07T14:22:27+00:00","dateModified":"2025-05-23T08:15:40+00:00","description":"Ara pots llogar una multifunci\u00f3 Kyocera a Sabadell per millorar les prestacions de la teva impressora actual a un cost molt baix per a la teva empresa.","breadcrumb":{"@id":"https:\/\/www.apen.es\/multifuncion\/alquiler-multifuncion-kyocera\/alquiler-sabadell\/#breadcrumb"},"inLanguage":"ca","potentialAction":[{"@type":"ReadAction","target":["https:\/\/www.apen.es\/multifuncion\/alquiler-multifuncion-kyocera\/alquiler-sabadell\/"]}]},{"@type":"BreadcrumbList","@id":"https:\/\/www.apen.es\/multifuncion\/alquiler-multifuncion-kyocera\/alquiler-sabadell\/#breadcrumb","itemListElement":[{"@type":"ListItem","position":1,"name":"Portada","item":"https:\/\/www.apen.es\/"},{"@type":"ListItem","position":2,"name":"Multifunci\u00f3n","item":"https:\/\/www.apen.es\/multifuncion\/"},{"@type":"ListItem","position":3,"name":"Alquiler multifunci\u00f3n KYOCERA","item":"https:\/\/www.apen.es\/multifuncion\/alquiler-multifuncion-kyocera\/"},{"@type":"ListItem","position":4,"name":"Alquiler multifunci\u00f3n Kyocera Sabadell"}]},{"@type":"WebSite","@id":"https:\/\/www.apen.es\/#website","url":"https:\/\/www.apen.es\/","name":"Apen Inform\u00e0tica","description":"Manteniment inform\u00e0tic , programari de gesti\u00f3, solucions d&#039;impressi\u00f3","publisher":{"@id":"https:\/\/www.apen.es\/#organization"},"potentialAction":[{"@type":"SearchAction","target":{"@type":"EntryPoint","urlTemplate":"https:\/\/www.apen.es\/?s={search_term_string}"},"query-input":{"@type":"PropertyValueSpecification","valueRequired":true,"valueName":"search_term_string"}}],"inLanguage":"ca"},{"@type":"Organization","@id":"https:\/\/www.apen.es\/#organization","name":"Apen: Solucions inform\u00e0tiques","url":"https:\/\/www.apen.es\/","logo":{"@type":"ImageObject","inLanguage":"ca","@id":"https:\/\/www.apen.es\/#\/schema\/logo\/image\/","url":"https:\/\/www.apen.es\/wp-content\/uploads\/2022\/08\/logo-apenok-231x82-1.png","contentUrl":"https:\/\/www.apen.es\/wp-content\/uploads\/2022\/08\/logo-apenok-231x82-1.png","width":231,"height":82,"caption":"Apen: Soluciones inform\u00e1ticas"},"image":{"@id":"https:\/\/www.apen.es\/#\/schema\/logo\/image\/"},"sameAs":["https:\/\/www.facebook.com\/apensolucions","https:\/\/www.youtube.com\/user\/ApenCentreInformatic","https:\/\/www.linkedin.com\/company\/1021771?trk=tyah&trkInfo=clickedVerticalcompanyclickedEntityId1021771idx2-1-2tarId1464195271196tasapenin"]}]}},"taxonomy_info":[],"featured_image_src_large":false,"author_info":{"display_name":"marqueting","author_link":"https:\/\/www.apen.es\/ca\/blog\/author\/marqueting\/"},"comment_info":0,"_links":{"self":[{"href":"https:\/\/www.apen.es\/ca\/wp-json\/wp\/v2\/pages\/12946","targetHints":{"allow":["GET"]}}],"collection":[{"href":"https:\/\/www.apen.es\/ca\/wp-json\/wp\/v2\/pages"}],"about":[{"href":"https:\/\/www.apen.es\/ca\/wp-json\/wp\/v2\/types\/page"}],"author":[{"embeddable":true,"href":"https:\/\/www.apen.es\/ca\/wp-json\/wp\/v2\/users\/4"}],"replies":[{"embeddable":true,"href":"https:\/\/www.apen.es\/ca\/wp-json\/wp\/v2\/comments?post=12946"}],"version-history":[{"count":2,"href":"https:\/\/www.apen.es\/ca\/wp-json\/wp\/v2\/pages\/12946\/revisions"}],"predecessor-version":[{"id":54851,"href":"https:\/\/www.apen.es\/ca\/wp-json\/wp\/v2\/pages\/12946\/revisions\/54851"}],"up":[{"embeddable":true,"href":"https:\/\/www.apen.es\/ca\/wp-json\/wp\/v2\/pages\/12604"}],"wp:attachment":[{"href":"https:\/\/www.apen.es\/ca\/wp-json\/wp\/v2\/media?parent=12946"}],"curies":[{"name":"wp","href":"https:\/\/api.w.org\/{rel}","templated":true}]}}