{"id":12943,"date":"2019-02-07T14:03:30","date_gmt":"2019-02-07T14:03:30","guid":{"rendered":"https:\/\/www.apen.es\/?page_id=12943"},"modified":"2025-05-23T08:31:16","modified_gmt":"2025-05-23T08:31:16","slug":"lloguer-barcelona","status":"publish","type":"page","link":"https:\/\/www.apen.es\/ca\/multifuncion\/alquiler-multifuncion-kyocera\/alquiler-barcelona\/","title":{"rendered":"Lloguer multifunci\u00f3 Kyocera Barcelona"},"content":{"rendered":"<p>Perqu\u00e8 els negocis funcionin correctament, necessiten un gran equip de professionals que treballin de manera r\u00e0pida i efectiva, i aix\u00f2, nom\u00e9s pot ser possible si disposen d&#039;aparells i dispositius que els ho permetin. A la nostra empresa som especialistes en oferir les millors solucions als nostres clients, per aquest motiu, disposem d&#039;un servei de&nbsp;<strong>lloguer multifunci\u00f3 Kyocera a Barcelona<\/strong>. Aquest servei \u00e9s ideal per a tot tipus d&#039;empreses, independentment de la mida i del sector al qual es dediquin. A Apen ens esforcem dia rere dia per trobar aquells productes que realment puguin ser \u00fatils i oferir grans avantatges a totes les empreses que componen el mercat.<\/p>\n\n\n\n<p>Tot i que totes les empreses necessiten aquests dispositius, el cert \u00e9s que no totes es poden permetre la compra. Aix\u00f2 \u00e9s degut al fet que, si compren un producte, el cost \u00e9s molt elevat i despr\u00e9s han de carregar amb els costos de manteniment i reparaci\u00f3. D&#039;aquesta manera, a la nostra empresa oferim un servei de&nbsp;<strong>lloguer multifunci\u00f3 Kyocera a Barcelona<\/strong>, el qual \u00e9s idoni per a aquelles empreses que no es puguin permetre una compra total, per\u00f2 necessitin les prestacions i caracter\u00edstiques dels dispositius de m\u00e0xima qualitat.<\/p>\n\n\n\n<p>D&#039;altra banda, moltes empreses tamb\u00e9 utilitzen aquest servei en moments de transici\u00f3 o quan no estan realment segures de quin \u00e9s el producte que cal adquirir. S\u00f3n moltes les caracter\u00edstiques que poden variar dun aparell a un altre, per la qual cosa \u00e9s molt important estar segur que \u00e9s idoni per al negoci abans de comprar-lo. D&#039;aquesta manera, el nostre servei de&nbsp;<strong>lloguer multifunci\u00f3 Kyocera a Barcelona<\/strong>&nbsp;serveix com una eina perqu\u00e8 els nostres clients puguin con\u00e8ixer el funcionament diari del dispositiu, i finalment decidir si realment volen o no fer la compra, ja que aix\u00f2 comporta una gran despesa. El millor d&#039;aquest servei \u00e9s que el client no ha de preocupar-se per res m\u00e9s que gaudir del producte, ja que nosaltres ens encarreguem del manteniment i les reparacions en cas que siguin necess\u00e0ries.<\/p>\n\n\n\n<p>A Apen ens comprometem a oferir nom\u00e9s productes de les millors marques, aix\u00ed com amb una qualitat i prestacions excepcionals. D&#039;aquesta manera, el nostre gran equip de professionals coneix cadascun d&#039;ells per poder aconsellar els nostres clients sobre quin \u00e9s millor per a cada tipus d&#039;empresa i sector, la nostra ajuda i assessorament \u00e9s totalment personalitzat i gratu\u00eft. Si voleu con\u00e8ixer m\u00e9s sobre la nostra empresa o sobre el nostre servei de&nbsp;<strong>lloguer multifuncional Kyocera a Barcelona<\/strong>, no dubteu a posar-vos en contacte amb nosaltres, estarem encantats d&#039;atendre&#039;l, resoldre tots els vostres dubtes i oferir-vos tota la informaci\u00f3 necess\u00e0ria sense cap mena de comprom\u00eds.<\/p>","protected":false},"excerpt":{"rendered":"<p>Para que los negocios funcionen correctamente, necesitan un gran equipo de profesionales que trabajen de uno forma r\u00e1pida y efectiva, y esto, solo puede ser posible si disponen de aparatos y dispositivos que se lo permitan. En nuestra empresa somos especialistas en ofrecer las mejores soluciones a nuestros clientes, por este motivo, disponemos de un&#8230;<\/p>","protected":false},"author":4,"featured_media":0,"parent":12604,"menu_order":0,"comment_status":"closed","ping_status":"closed","template":"page-renting-impresoras.php","meta":{"_acf_changed":false,"_kad_blocks_custom_css":"","_kad_blocks_head_custom_js":"","_kad_blocks_body_custom_js":"","_kad_blocks_footer_custom_js":"","_kad_post_transparent":"","_kad_post_title":"","_kad_post_layout":"","_kad_post_sidebar_id":"","_kad_post_content_style":"","_kad_post_vertical_padding":"","_kad_post_feature":"","_kad_post_feature_position":"","_kad_post_header":false,"_kad_post_footer":false,"_kad_post_classname":"","footnotes":""},"class_list":["post-12943","page","type-page","status-publish","hentry"],"acf":[],"yoast_head":"<!-- This site is optimized with the Yoast SEO plugin v27.4 - https:\/\/yoast.com\/product\/yoast-seo-wordpress\/ -->\n<title>Alquiler multifunci\u00f3n Kyocera Barcelona - Apen Inform\u00e1tica<\/title>\n<meta name=\"description\" content=\"Ahora puedes alquilar una multifunci\u00f3n Kyocera en Barcelona para mejorar las prestaciones de tu actual impresora a un coste muy bajo para tu empresa.\" \/>\n<meta name=\"robots\" content=\"index, follow, max-snippet:-1, max-image-preview:large, max-video-preview:-1\" \/>\n<link rel=\"canonical\" href=\"https:\/\/www.apen.es\/ca\/multifuncio\/lloguer-multifuncio-kyocera\/lloguer-barcelona\/\" \/>\n<meta property=\"og:locale\" content=\"ca_ES\" \/>\n<meta property=\"og:type\" content=\"article\" \/>\n<meta property=\"og:title\" content=\"Alquiler multifunci\u00f3n Kyocera Barcelona - Apen Inform\u00e1tica\" \/>\n<meta property=\"og:description\" content=\"Ahora puedes alquilar una multifunci\u00f3n Kyocera en Barcelona para mejorar las prestaciones de tu actual impresora a un coste muy bajo para tu empresa.\" \/>\n<meta property=\"og:url\" content=\"https:\/\/www.apen.es\/ca\/multifuncio\/lloguer-multifuncio-kyocera\/lloguer-barcelona\/\" \/>\n<meta property=\"og:site_name\" content=\"Apen Inform\u00e1tica\" \/>\n<meta property=\"article:publisher\" content=\"https:\/\/www.facebook.com\/apensolucions\" \/>\n<meta property=\"article:modified_time\" content=\"2025-05-23T08:31:16+00:00\" \/>\n<meta property=\"og:image\" content=\"https:\/\/www.apen.es\/wp-content\/uploads\/2016\/05\/logo-apen-231x82-trasparent.png\" \/>\n\t<meta property=\"og:image:width\" content=\"231\" \/>\n\t<meta property=\"og:image:height\" content=\"82\" \/>\n\t<meta property=\"og:image:type\" content=\"image\/png\" \/>\n<meta name=\"twitter:card\" content=\"summary_large_image\" \/>\n<meta name=\"twitter:label1\" content=\"Temps estimat de lectura\" \/>\n\t<meta name=\"twitter:data1\" content=\"7 minuts\" \/>\n<script type=\"application\/ld+json\" class=\"yoast-schema-graph\">{\"@context\":\"https:\\\/\\\/schema.org\",\"@graph\":[{\"@type\":\"WebPage\",\"@id\":\"https:\\\/\\\/www.apen.es\\\/multifuncion\\\/alquiler-multifuncion-kyocera\\\/alquiler-barcelona\\\/\",\"url\":\"https:\\\/\\\/www.apen.es\\\/multifuncion\\\/alquiler-multifuncion-kyocera\\\/alquiler-barcelona\\\/\",\"name\":\"Alquiler multifunci\u00f3n Kyocera Barcelona - Apen Inform\u00e1tica\",\"isPartOf\":{\"@id\":\"https:\\\/\\\/www.apen.es\\\/#website\"},\"datePublished\":\"2019-02-07T14:03:30+00:00\",\"dateModified\":\"2025-05-23T08:31:16+00:00\",\"description\":\"Ahora puedes alquilar una multifunci\u00f3n Kyocera en Barcelona para mejorar las prestaciones de tu actual impresora a un coste muy bajo para tu empresa.\",\"breadcrumb\":{\"@id\":\"https:\\\/\\\/www.apen.es\\\/multifuncion\\\/alquiler-multifuncion-kyocera\\\/alquiler-barcelona\\\/#breadcrumb\"},\"inLanguage\":\"ca\",\"potentialAction\":[{\"@type\":\"ReadAction\",\"target\":[\"https:\\\/\\\/www.apen.es\\\/multifuncion\\\/alquiler-multifuncion-kyocera\\\/alquiler-barcelona\\\/\"]}]},{\"@type\":\"BreadcrumbList\",\"@id\":\"https:\\\/\\\/www.apen.es\\\/multifuncion\\\/alquiler-multifuncion-kyocera\\\/alquiler-barcelona\\\/#breadcrumb\",\"itemListElement\":[{\"@type\":\"ListItem\",\"position\":1,\"name\":\"Portada\",\"item\":\"https:\\\/\\\/www.apen.es\\\/\"},{\"@type\":\"ListItem\",\"position\":2,\"name\":\"Multifunci\u00f3n\",\"item\":\"https:\\\/\\\/www.apen.es\\\/multifuncion\\\/\"},{\"@type\":\"ListItem\",\"position\":3,\"name\":\"Alquiler multifunci\u00f3n KYOCERA\",\"item\":\"https:\\\/\\\/www.apen.es\\\/multifuncion\\\/alquiler-multifuncion-kyocera\\\/\"},{\"@type\":\"ListItem\",\"position\":4,\"name\":\"Alquiler multifunci\u00f3n Kyocera Barcelona\"}]},{\"@type\":\"WebSite\",\"@id\":\"https:\\\/\\\/www.apen.es\\\/#website\",\"url\":\"https:\\\/\\\/www.apen.es\\\/\",\"name\":\"Apen Inform\u00e1tica\",\"description\":\"Mantenimiento Inform\u00e1tico , Software de Gesti\u00f3n, Soluciones de impresi\u00f3n\",\"publisher\":{\"@id\":\"https:\\\/\\\/www.apen.es\\\/#organization\"},\"potentialAction\":[{\"@type\":\"SearchAction\",\"target\":{\"@type\":\"EntryPoint\",\"urlTemplate\":\"https:\\\/\\\/www.apen.es\\\/?s={search_term_string}\"},\"query-input\":{\"@type\":\"PropertyValueSpecification\",\"valueRequired\":true,\"valueName\":\"search_term_string\"}}],\"inLanguage\":\"ca\"},{\"@type\":\"Organization\",\"@id\":\"https:\\\/\\\/www.apen.es\\\/#organization\",\"name\":\"Apen: Soluciones inform\u00e1ticas\",\"url\":\"https:\\\/\\\/www.apen.es\\\/\",\"logo\":{\"@type\":\"ImageObject\",\"inLanguage\":\"ca\",\"@id\":\"https:\\\/\\\/www.apen.es\\\/#\\\/schema\\\/logo\\\/image\\\/\",\"url\":\"https:\\\/\\\/www.apen.es\\\/wp-content\\\/uploads\\\/2022\\\/08\\\/logo-apenok-231x82-1.png\",\"contentUrl\":\"https:\\\/\\\/www.apen.es\\\/wp-content\\\/uploads\\\/2022\\\/08\\\/logo-apenok-231x82-1.png\",\"width\":231,\"height\":82,\"caption\":\"Apen: Soluciones inform\u00e1ticas\"},\"image\":{\"@id\":\"https:\\\/\\\/www.apen.es\\\/#\\\/schema\\\/logo\\\/image\\\/\"},\"sameAs\":[\"https:\\\/\\\/www.facebook.com\\\/apensolucions\",\"https:\\\/\\\/www.youtube.com\\\/user\\\/ApenCentreInformatic\",\"https:\\\/\\\/www.linkedin.com\\\/company\\\/1021771?trk=tyah&trkInfo=clickedVerticalcompanyclickedEntityId1021771idx2-1-2tarId1464195271196tasapenin\"]}]}<\/script>\n<!-- \/ Yoast SEO plugin. -->","yoast_head_json":{"title":"Lloguer multifunci\u00f3 Kyocera Barcelona - Apen Inform\u00e0tica","description":"Ara pots llogar una multifunci\u00f3 Kyocera a Barcelona per millorar les prestacions de la teva impressora actual a un cost molt baix per a la teva empresa.","robots":{"index":"index","follow":"follow","max-snippet":"max-snippet:-1","max-image-preview":"max-image-preview:large","max-video-preview":"max-video-preview:-1"},"canonical":"https:\/\/www.apen.es\/ca\/multifuncio\/lloguer-multifuncio-kyocera\/lloguer-barcelona\/","og_locale":"ca_ES","og_type":"article","og_title":"Alquiler multifunci\u00f3n Kyocera Barcelona - Apen Inform\u00e1tica","og_description":"Ahora puedes alquilar una multifunci\u00f3n Kyocera en Barcelona para mejorar las prestaciones de tu actual impresora a un coste muy bajo para tu empresa.","og_url":"https:\/\/www.apen.es\/ca\/multifuncio\/lloguer-multifuncio-kyocera\/lloguer-barcelona\/","og_site_name":"Apen Inform\u00e1tica","article_publisher":"https:\/\/www.facebook.com\/apensolucions","article_modified_time":"2025-05-23T08:31:16+00:00","og_image":[{"width":231,"height":82,"url":"https:\/\/www.apen.es\/wp-content\/uploads\/2016\/05\/logo-apen-231x82-trasparent.png","type":"image\/png"}],"twitter_card":"summary_large_image","twitter_misc":{"Temps estimat de lectura":"7 minuts"},"schema":{"@context":"https:\/\/schema.org","@graph":[{"@type":"WebPage","@id":"https:\/\/www.apen.es\/multifuncion\/alquiler-multifuncion-kyocera\/alquiler-barcelona\/","url":"https:\/\/www.apen.es\/multifuncion\/alquiler-multifuncion-kyocera\/alquiler-barcelona\/","name":"Lloguer multifunci\u00f3 Kyocera Barcelona - Apen Inform\u00e0tica","isPartOf":{"@id":"https:\/\/www.apen.es\/#website"},"datePublished":"2019-02-07T14:03:30+00:00","dateModified":"2025-05-23T08:31:16+00:00","description":"Ara pots llogar una multifunci\u00f3 Kyocera a Barcelona per millorar les prestacions de la teva impressora actual a un cost molt baix per a la teva empresa.","breadcrumb":{"@id":"https:\/\/www.apen.es\/multifuncion\/alquiler-multifuncion-kyocera\/alquiler-barcelona\/#breadcrumb"},"inLanguage":"ca","potentialAction":[{"@type":"ReadAction","target":["https:\/\/www.apen.es\/multifuncion\/alquiler-multifuncion-kyocera\/alquiler-barcelona\/"]}]},{"@type":"BreadcrumbList","@id":"https:\/\/www.apen.es\/multifuncion\/alquiler-multifuncion-kyocera\/alquiler-barcelona\/#breadcrumb","itemListElement":[{"@type":"ListItem","position":1,"name":"Portada","item":"https:\/\/www.apen.es\/"},{"@type":"ListItem","position":2,"name":"Multifunci\u00f3n","item":"https:\/\/www.apen.es\/multifuncion\/"},{"@type":"ListItem","position":3,"name":"Alquiler multifunci\u00f3n KYOCERA","item":"https:\/\/www.apen.es\/multifuncion\/alquiler-multifuncion-kyocera\/"},{"@type":"ListItem","position":4,"name":"Alquiler multifunci\u00f3n Kyocera Barcelona"}]},{"@type":"WebSite","@id":"https:\/\/www.apen.es\/#website","url":"https:\/\/www.apen.es\/","name":"Apen Inform\u00e0tica","description":"Manteniment inform\u00e0tic , programari de gesti\u00f3, solucions d&#039;impressi\u00f3","publisher":{"@id":"https:\/\/www.apen.es\/#organization"},"potentialAction":[{"@type":"SearchAction","target":{"@type":"EntryPoint","urlTemplate":"https:\/\/www.apen.es\/?s={search_term_string}"},"query-input":{"@type":"PropertyValueSpecification","valueRequired":true,"valueName":"search_term_string"}}],"inLanguage":"ca"},{"@type":"Organization","@id":"https:\/\/www.apen.es\/#organization","name":"Apen: Solucions inform\u00e0tiques","url":"https:\/\/www.apen.es\/","logo":{"@type":"ImageObject","inLanguage":"ca","@id":"https:\/\/www.apen.es\/#\/schema\/logo\/image\/","url":"https:\/\/www.apen.es\/wp-content\/uploads\/2022\/08\/logo-apenok-231x82-1.png","contentUrl":"https:\/\/www.apen.es\/wp-content\/uploads\/2022\/08\/logo-apenok-231x82-1.png","width":231,"height":82,"caption":"Apen: Soluciones inform\u00e1ticas"},"image":{"@id":"https:\/\/www.apen.es\/#\/schema\/logo\/image\/"},"sameAs":["https:\/\/www.facebook.com\/apensolucions","https:\/\/www.youtube.com\/user\/ApenCentreInformatic","https:\/\/www.linkedin.com\/company\/1021771?trk=tyah&trkInfo=clickedVerticalcompanyclickedEntityId1021771idx2-1-2tarId1464195271196tasapenin"]}]}},"taxonomy_info":[],"featured_image_src_large":false,"author_info":{"display_name":"marqueting","author_link":"https:\/\/www.apen.es\/ca\/blog\/author\/marqueting\/"},"comment_info":0,"_links":{"self":[{"href":"https:\/\/www.apen.es\/ca\/wp-json\/wp\/v2\/pages\/12943","targetHints":{"allow":["GET"]}}],"collection":[{"href":"https:\/\/www.apen.es\/ca\/wp-json\/wp\/v2\/pages"}],"about":[{"href":"https:\/\/www.apen.es\/ca\/wp-json\/wp\/v2\/types\/page"}],"author":[{"embeddable":true,"href":"https:\/\/www.apen.es\/ca\/wp-json\/wp\/v2\/users\/4"}],"replies":[{"embeddable":true,"href":"https:\/\/www.apen.es\/ca\/wp-json\/wp\/v2\/comments?post=12943"}],"version-history":[{"count":2,"href":"https:\/\/www.apen.es\/ca\/wp-json\/wp\/v2\/pages\/12943\/revisions"}],"predecessor-version":[{"id":54926,"href":"https:\/\/www.apen.es\/ca\/wp-json\/wp\/v2\/pages\/12943\/revisions\/54926"}],"up":[{"embeddable":true,"href":"https:\/\/www.apen.es\/ca\/wp-json\/wp\/v2\/pages\/12604"}],"wp:attachment":[{"href":"https:\/\/www.apen.es\/ca\/wp-json\/wp\/v2\/media?parent=12943"}],"curies":[{"name":"wp","href":"https:\/\/api.w.org\/{rel}","templated":true}]}}