{"id":12937,"date":"2019-02-07T13:55:22","date_gmt":"2019-02-07T13:55:22","guid":{"rendered":"https:\/\/www.apen.es\/?page_id=12937"},"modified":"2025-05-23T08:31:57","modified_gmt":"2025-05-23T08:31:57","slug":"lloguer-granollers","status":"publish","type":"page","link":"https:\/\/www.apen.es\/ca\/fotocopiadora\/alquiler-fotocopiadora-kyocera\/alquiler-granollers\/","title":{"rendered":"Lloguer fotocopiadora Kyocera Granollers"},"content":{"rendered":"<p>Perqu\u00e8 les tasques d&#039;un negoci es duguin a terme correctament i d&#039;una manera molt r\u00e0pida i senzilla, cal que l&#039;oficina disposi de les eines necess\u00e0ries, \u00e9s a dir, els dispositius i els aparells que faran possible aquestes tasques. D&#039;aquesta manera, a Apen oferim un servei de&nbsp;<strong>lloguer de fotocopiadora Kyocera a Granollers<\/strong>, el qual va destinat a totes aquelles empreses que requereixin solucions r\u00e0pides i efectives. A la nostra empresa disposem d\u00b4una gran experi\u00e8ncia que ens avala al\u00b4hora d\u00b4oferir aquest tipus de serveis i tots els nostres productes, gr\u00e0cies a aix\u00f2, cada vegada s\u00f3n m\u00e9s les empreses que contacten amb nosaltres.<\/p>\n\n\n\n<p>Tant els productes com els serveis que oferim a la nostra empresa s\u00f3n de m\u00e0xima qualitat, per aquest motiu, totes les marques amb qu\u00e8 contactem i comercialitzem s\u00f3n l\u00edders al sector de la impressi\u00f3 i les comunicacions. Aix\u00f2 fa que, siguin moltes les empreses que confi\u00efn en els nostres serveis i els vulguin adquirir. Entre els serveis m\u00e9s demandats actualment es troba el&nbsp;<strong>lloguer de fotocopiadora Kyocera a Granollers<\/strong>, moltes empreses contacten amb nosaltres per obtenir productes de m\u00e0xima qualitat a un preu assequible, tal com passa amb aquest servei.<\/p>\n\n\n\n<p>La majoria de negocis que acudeixen a nosaltres amb la idea de&nbsp;<strong>llogar una fotocopiadora Kyocera a Granollers<\/strong>, ho fan perqu\u00e8 la compra suposa un cost massa elevat, i moltes vegades, inaccessible. Hem de tenir en compte que aquest servei tamb\u00e9 inclou el manteniment i les reparacions sempre que no siguin causades per un mal \u00fas de laparell. D&#039;aquesta manera, el client nom\u00e9s ha de pagar una quota mensual que pr\u00e8viament s&#039;estableix entre les dues parts. Despr\u00e9s d&#039;aquests pagaments, el client no ha de preocupar-se de cap despesa imprevista, ja que serem nosaltres els que ens ocuparem de la resta de tasques relacionades amb el producte.<\/p>\n\n\n\n<p>Altres vegades, moltes empreses acudeixen a nosaltres amb la idea d&#039;utilitzar el nostre&nbsp;<strong>lloguer de fotocopiadora Kyocera a Granollers<\/strong>&nbsp;per provar el producte abans de decidir-se a comprar-lo. Com hem dit anteriorment, el cost d&#039;aquests aparells pot ser for\u00e7a elevat, per la qual cosa el client ha d&#039;estar segur del producte que triar\u00e0 abans de fer la compra. A la nostra empresa disposem d\u00b4un gran equip de professionals que coneix perfectament tots els nostres productes i ofereix un servei totalment personalitzat per tal que cada client obtingui aquell producte que m\u00e9s s\u00b4adapti a les seves prefer\u00e8ncies i necessitats. De totes maneres, si voleu saber m\u00e9s sobre la nostra empresa o voleu m\u00e9s informaci\u00f3 sobre els nostres productes i serveis, no dubteu a posar-vos en contacte amb nosaltres, estarem encantats d&#039;atendre&#039;l i resoldre qualsevol dubte que pugui tenir sense cap tipus de comprom\u00eds.<\/p>","protected":false},"excerpt":{"rendered":"<p>Para que las tareas de un negocio se lleven a cabo correctamente y de una forma muy r\u00e1pida y sencilla, es necesario que la oficina disponga de las herramientas necesarias, es decir, los dispositivos y aparatos que har\u00e1n posible estas labores. De esta forma, en Apen ofrecemos un servicio de&nbsp;alquiler de fotocopiadora Kyocera en Granollers,&#8230;<\/p>","protected":false},"author":4,"featured_media":0,"parent":12887,"menu_order":0,"comment_status":"closed","ping_status":"closed","template":"page-renting-impresoras.php","meta":{"_acf_changed":false,"_kad_blocks_custom_css":"","_kad_blocks_head_custom_js":"","_kad_blocks_body_custom_js":"","_kad_blocks_footer_custom_js":"","_kad_post_transparent":"","_kad_post_title":"","_kad_post_layout":"","_kad_post_sidebar_id":"","_kad_post_content_style":"","_kad_post_vertical_padding":"","_kad_post_feature":"","_kad_post_feature_position":"","_kad_post_header":false,"_kad_post_footer":false,"_kad_post_classname":"","footnotes":""},"class_list":["post-12937","page","type-page","status-publish","hentry"],"acf":[],"yoast_head":"<!-- This site is optimized with the Yoast SEO plugin v27.4 - https:\/\/yoast.com\/product\/yoast-seo-wordpress\/ -->\n<title>Alquiler fotocopiadora Kyocera Granollers - Apen Inform\u00e1tica<\/title>\n<meta name=\"description\" content=\"Alquiler de fotocopiadoras de la marca Kyocera en Granollers. Soluciones de impresi\u00f3n para empresas. Renting y Alquiler de impresoras y fotocopiadora.\" \/>\n<meta name=\"robots\" content=\"index, follow, max-snippet:-1, max-image-preview:large, max-video-preview:-1\" \/>\n<link rel=\"canonical\" href=\"https:\/\/www.apen.es\/ca\/fotocopiadora\/lloguer-fotocopiadora-kyocera\/lloguer-granollers\/\" \/>\n<meta property=\"og:locale\" content=\"ca_ES\" \/>\n<meta property=\"og:type\" content=\"article\" \/>\n<meta property=\"og:title\" content=\"Alquiler fotocopiadora Kyocera Granollers - Apen Inform\u00e1tica\" \/>\n<meta property=\"og:description\" content=\"Alquiler de fotocopiadoras de la marca Kyocera en Granollers. Soluciones de impresi\u00f3n para empresas. Renting y Alquiler de impresoras y fotocopiadora.\" \/>\n<meta property=\"og:url\" content=\"https:\/\/www.apen.es\/ca\/fotocopiadora\/lloguer-fotocopiadora-kyocera\/lloguer-granollers\/\" \/>\n<meta property=\"og:site_name\" content=\"Apen Inform\u00e1tica\" \/>\n<meta property=\"article:publisher\" content=\"https:\/\/www.facebook.com\/apensolucions\" \/>\n<meta property=\"article:modified_time\" content=\"2025-05-23T08:31:57+00:00\" \/>\n<meta property=\"og:image\" content=\"https:\/\/www.apen.es\/wp-content\/uploads\/2016\/05\/logo-apen-231x82-trasparent.png\" \/>\n\t<meta property=\"og:image:width\" content=\"231\" \/>\n\t<meta property=\"og:image:height\" content=\"82\" \/>\n\t<meta property=\"og:image:type\" content=\"image\/png\" \/>\n<meta name=\"twitter:card\" content=\"summary_large_image\" \/>\n<meta name=\"twitter:label1\" content=\"Temps estimat de lectura\" \/>\n\t<meta name=\"twitter:data1\" content=\"7 minuts\" \/>\n<script type=\"application\/ld+json\" class=\"yoast-schema-graph\">{\"@context\":\"https:\\\/\\\/schema.org\",\"@graph\":[{\"@type\":\"WebPage\",\"@id\":\"https:\\\/\\\/www.apen.es\\\/fotocopiadora\\\/alquiler-fotocopiadora-kyocera\\\/alquiler-granollers\\\/\",\"url\":\"https:\\\/\\\/www.apen.es\\\/fotocopiadora\\\/alquiler-fotocopiadora-kyocera\\\/alquiler-granollers\\\/\",\"name\":\"Alquiler fotocopiadora Kyocera Granollers - Apen Inform\u00e1tica\",\"isPartOf\":{\"@id\":\"https:\\\/\\\/www.apen.es\\\/#website\"},\"datePublished\":\"2019-02-07T13:55:22+00:00\",\"dateModified\":\"2025-05-23T08:31:57+00:00\",\"description\":\"Alquiler de fotocopiadoras de la marca Kyocera en Granollers. Soluciones de impresi\u00f3n para empresas. Renting y Alquiler de impresoras y fotocopiadora.\",\"breadcrumb\":{\"@id\":\"https:\\\/\\\/www.apen.es\\\/fotocopiadora\\\/alquiler-fotocopiadora-kyocera\\\/alquiler-granollers\\\/#breadcrumb\"},\"inLanguage\":\"ca\",\"potentialAction\":[{\"@type\":\"ReadAction\",\"target\":[\"https:\\\/\\\/www.apen.es\\\/fotocopiadora\\\/alquiler-fotocopiadora-kyocera\\\/alquiler-granollers\\\/\"]}]},{\"@type\":\"BreadcrumbList\",\"@id\":\"https:\\\/\\\/www.apen.es\\\/fotocopiadora\\\/alquiler-fotocopiadora-kyocera\\\/alquiler-granollers\\\/#breadcrumb\",\"itemListElement\":[{\"@type\":\"ListItem\",\"position\":1,\"name\":\"Portada\",\"item\":\"https:\\\/\\\/www.apen.es\\\/\"},{\"@type\":\"ListItem\",\"position\":2,\"name\":\"Fotocopiadora\",\"item\":\"https:\\\/\\\/www.apen.es\\\/fotocopiadora\\\/\"},{\"@type\":\"ListItem\",\"position\":3,\"name\":\"Alquiler fotocopiadora KYOCERA\",\"item\":\"https:\\\/\\\/www.apen.es\\\/fotocopiadora\\\/alquiler-fotocopiadora-kyocera\\\/\"},{\"@type\":\"ListItem\",\"position\":4,\"name\":\"Alquiler fotocopiadora Kyocera Granollers\"}]},{\"@type\":\"WebSite\",\"@id\":\"https:\\\/\\\/www.apen.es\\\/#website\",\"url\":\"https:\\\/\\\/www.apen.es\\\/\",\"name\":\"Apen Inform\u00e1tica\",\"description\":\"Mantenimiento Inform\u00e1tico , Software de Gesti\u00f3n, Soluciones de impresi\u00f3n\",\"publisher\":{\"@id\":\"https:\\\/\\\/www.apen.es\\\/#organization\"},\"potentialAction\":[{\"@type\":\"SearchAction\",\"target\":{\"@type\":\"EntryPoint\",\"urlTemplate\":\"https:\\\/\\\/www.apen.es\\\/?s={search_term_string}\"},\"query-input\":{\"@type\":\"PropertyValueSpecification\",\"valueRequired\":true,\"valueName\":\"search_term_string\"}}],\"inLanguage\":\"ca\"},{\"@type\":\"Organization\",\"@id\":\"https:\\\/\\\/www.apen.es\\\/#organization\",\"name\":\"Apen: Soluciones inform\u00e1ticas\",\"url\":\"https:\\\/\\\/www.apen.es\\\/\",\"logo\":{\"@type\":\"ImageObject\",\"inLanguage\":\"ca\",\"@id\":\"https:\\\/\\\/www.apen.es\\\/#\\\/schema\\\/logo\\\/image\\\/\",\"url\":\"https:\\\/\\\/www.apen.es\\\/wp-content\\\/uploads\\\/2022\\\/08\\\/logo-apenok-231x82-1.png\",\"contentUrl\":\"https:\\\/\\\/www.apen.es\\\/wp-content\\\/uploads\\\/2022\\\/08\\\/logo-apenok-231x82-1.png\",\"width\":231,\"height\":82,\"caption\":\"Apen: Soluciones inform\u00e1ticas\"},\"image\":{\"@id\":\"https:\\\/\\\/www.apen.es\\\/#\\\/schema\\\/logo\\\/image\\\/\"},\"sameAs\":[\"https:\\\/\\\/www.facebook.com\\\/apensolucions\",\"https:\\\/\\\/www.youtube.com\\\/user\\\/ApenCentreInformatic\",\"https:\\\/\\\/www.linkedin.com\\\/company\\\/1021771?trk=tyah&trkInfo=clickedVerticalcompanyclickedEntityId1021771idx2-1-2tarId1464195271196tasapenin\"]}]}<\/script>\n<!-- \/ Yoast SEO plugin. -->","yoast_head_json":{"title":"Lloguer fotocopiadora Kyocera Granollers - Apen Inform\u00e0tica","description":"Lloguer de fotocopiadores de la marca Kyocera a Granollers. Solucions d\u00b4impressi\u00f3 per a empreses. R\u00e8nting i lloguer d&#039;impressores i fotocopiadora.","robots":{"index":"index","follow":"follow","max-snippet":"max-snippet:-1","max-image-preview":"max-image-preview:large","max-video-preview":"max-video-preview:-1"},"canonical":"https:\/\/www.apen.es\/ca\/fotocopiadora\/lloguer-fotocopiadora-kyocera\/lloguer-granollers\/","og_locale":"ca_ES","og_type":"article","og_title":"Alquiler fotocopiadora Kyocera Granollers - Apen Inform\u00e1tica","og_description":"Alquiler de fotocopiadoras de la marca Kyocera en Granollers. Soluciones de impresi\u00f3n para empresas. Renting y Alquiler de impresoras y fotocopiadora.","og_url":"https:\/\/www.apen.es\/ca\/fotocopiadora\/lloguer-fotocopiadora-kyocera\/lloguer-granollers\/","og_site_name":"Apen Inform\u00e1tica","article_publisher":"https:\/\/www.facebook.com\/apensolucions","article_modified_time":"2025-05-23T08:31:57+00:00","og_image":[{"width":231,"height":82,"url":"https:\/\/www.apen.es\/wp-content\/uploads\/2016\/05\/logo-apen-231x82-trasparent.png","type":"image\/png"}],"twitter_card":"summary_large_image","twitter_misc":{"Temps estimat de lectura":"7 minuts"},"schema":{"@context":"https:\/\/schema.org","@graph":[{"@type":"WebPage","@id":"https:\/\/www.apen.es\/fotocopiadora\/alquiler-fotocopiadora-kyocera\/alquiler-granollers\/","url":"https:\/\/www.apen.es\/fotocopiadora\/alquiler-fotocopiadora-kyocera\/alquiler-granollers\/","name":"Lloguer fotocopiadora Kyocera Granollers - Apen Inform\u00e0tica","isPartOf":{"@id":"https:\/\/www.apen.es\/#website"},"datePublished":"2019-02-07T13:55:22+00:00","dateModified":"2025-05-23T08:31:57+00:00","description":"Lloguer de fotocopiadores de la marca Kyocera a Granollers. Solucions d\u00b4impressi\u00f3 per a empreses. R\u00e8nting i lloguer d&#039;impressores i fotocopiadora.","breadcrumb":{"@id":"https:\/\/www.apen.es\/fotocopiadora\/alquiler-fotocopiadora-kyocera\/alquiler-granollers\/#breadcrumb"},"inLanguage":"ca","potentialAction":[{"@type":"ReadAction","target":["https:\/\/www.apen.es\/fotocopiadora\/alquiler-fotocopiadora-kyocera\/alquiler-granollers\/"]}]},{"@type":"BreadcrumbList","@id":"https:\/\/www.apen.es\/fotocopiadora\/alquiler-fotocopiadora-kyocera\/alquiler-granollers\/#breadcrumb","itemListElement":[{"@type":"ListItem","position":1,"name":"Portada","item":"https:\/\/www.apen.es\/"},{"@type":"ListItem","position":2,"name":"Fotocopiadora","item":"https:\/\/www.apen.es\/fotocopiadora\/"},{"@type":"ListItem","position":3,"name":"Alquiler fotocopiadora KYOCERA","item":"https:\/\/www.apen.es\/fotocopiadora\/alquiler-fotocopiadora-kyocera\/"},{"@type":"ListItem","position":4,"name":"Alquiler fotocopiadora Kyocera Granollers"}]},{"@type":"WebSite","@id":"https:\/\/www.apen.es\/#website","url":"https:\/\/www.apen.es\/","name":"Apen Inform\u00e0tica","description":"Manteniment inform\u00e0tic , programari de gesti\u00f3, solucions d&#039;impressi\u00f3","publisher":{"@id":"https:\/\/www.apen.es\/#organization"},"potentialAction":[{"@type":"SearchAction","target":{"@type":"EntryPoint","urlTemplate":"https:\/\/www.apen.es\/?s={search_term_string}"},"query-input":{"@type":"PropertyValueSpecification","valueRequired":true,"valueName":"search_term_string"}}],"inLanguage":"ca"},{"@type":"Organization","@id":"https:\/\/www.apen.es\/#organization","name":"Apen: Solucions inform\u00e0tiques","url":"https:\/\/www.apen.es\/","logo":{"@type":"ImageObject","inLanguage":"ca","@id":"https:\/\/www.apen.es\/#\/schema\/logo\/image\/","url":"https:\/\/www.apen.es\/wp-content\/uploads\/2022\/08\/logo-apenok-231x82-1.png","contentUrl":"https:\/\/www.apen.es\/wp-content\/uploads\/2022\/08\/logo-apenok-231x82-1.png","width":231,"height":82,"caption":"Apen: Soluciones inform\u00e1ticas"},"image":{"@id":"https:\/\/www.apen.es\/#\/schema\/logo\/image\/"},"sameAs":["https:\/\/www.facebook.com\/apensolucions","https:\/\/www.youtube.com\/user\/ApenCentreInformatic","https:\/\/www.linkedin.com\/company\/1021771?trk=tyah&trkInfo=clickedVerticalcompanyclickedEntityId1021771idx2-1-2tarId1464195271196tasapenin"]}]}},"taxonomy_info":[],"featured_image_src_large":false,"author_info":{"display_name":"marqueting","author_link":"https:\/\/www.apen.es\/ca\/blog\/author\/marqueting\/"},"comment_info":0,"_links":{"self":[{"href":"https:\/\/www.apen.es\/ca\/wp-json\/wp\/v2\/pages\/12937","targetHints":{"allow":["GET"]}}],"collection":[{"href":"https:\/\/www.apen.es\/ca\/wp-json\/wp\/v2\/pages"}],"about":[{"href":"https:\/\/www.apen.es\/ca\/wp-json\/wp\/v2\/types\/page"}],"author":[{"embeddable":true,"href":"https:\/\/www.apen.es\/ca\/wp-json\/wp\/v2\/users\/4"}],"replies":[{"embeddable":true,"href":"https:\/\/www.apen.es\/ca\/wp-json\/wp\/v2\/comments?post=12937"}],"version-history":[{"count":2,"href":"https:\/\/www.apen.es\/ca\/wp-json\/wp\/v2\/pages\/12937\/revisions"}],"predecessor-version":[{"id":54942,"href":"https:\/\/www.apen.es\/ca\/wp-json\/wp\/v2\/pages\/12937\/revisions\/54942"}],"up":[{"embeddable":true,"href":"https:\/\/www.apen.es\/ca\/wp-json\/wp\/v2\/pages\/12887"}],"wp:attachment":[{"href":"https:\/\/www.apen.es\/ca\/wp-json\/wp\/v2\/media?parent=12937"}],"curies":[{"name":"wp","href":"https:\/\/api.w.org\/{rel}","templated":true}]}}