{"id":12934,"date":"2019-02-07T13:49:37","date_gmt":"2019-02-07T13:49:37","guid":{"rendered":"https:\/\/www.apen.es\/?page_id=12934"},"modified":"2025-05-23T08:15:21","modified_gmt":"2025-05-23T08:15:21","slug":"lloguer-vic","status":"publish","type":"page","link":"https:\/\/www.apen.es\/ca\/fotocopiadora\/alquiler-fotocopiadora-oki\/alquiler-vic\/","title":{"rendered":"Lloguer fotocopiadora OKI Vic"},"content":{"rendered":"<p>Si voleu disposar de la millor soluci\u00f3 d&#039;impressi\u00f3 per a la vostra empresa, a Apen segur que podrem trobar-la. Treballem i som distribu\u00efdors de les millors marques en solucions d&#039;impressi\u00f3 com s\u00f3n OKI, HP, KONICA MINOLTA i KYOCERA i aix\u00f2 ens permet remenar moltes opcions per poder trobar l&#039;opci\u00f3 que m\u00e9s s&#039;ajusti a les necessitats reals de la teva empresa, al teu pressupost i als teus objectius empresarials.<\/p>\n\n\n\n<p>Sempre fem un estudi previ de l&#039;empresa del client per valorar totes les opcions que hi ha i crear, aix\u00ed, una proposta professional feta a mesura que compti amb totes les prestacions i funcionalitats possibles, perqu\u00e8 l&#039;empresa pugui gaudir d&#039;una soluci\u00f3 viable, professional, competitiva, eficient i c\u00f2moda.<\/p>\n\n\n\n<p>El&nbsp;<strong>lloguer<\/strong>&nbsp;de la&nbsp;<strong>fotocopiadora<\/strong>&nbsp;<strong>OKI<\/strong>&nbsp;a&nbsp;<strong>Vic<\/strong>&nbsp;d&#039;Apen \u00e9s una opci\u00f3 perfecta per gaudir de totes les prestacions d&#039;una marca excepcional, que us oferir\u00e0 impressions de m\u00e0xima qualitat i una infinitat de possibilitats com l&#039;escaneig de documents, enviar fax, fer fotoc\u00f2pies, etc. Notar\u00e0s tots els avantatges d&#039;aquest servei de r\u00e8nting des del primer dia, perqu\u00e8 a m\u00e9s funciona amb el m\u00e8tode \u201cpreu per c\u00f2pia\u201d, amb qu\u00e8 \u00fanicament haur\u00e0s de pagar per aquelles p\u00e0gines que imprimeixis i el consum el\u00e8ctric de l&#039;equip, sense tenir l&#039;obligaci\u00f3 de comprar l&#039;equip.<\/p>\n\n\n\n<p>A Apen, com a caracter\u00edstica difer\u00e8ncia d&#039;altres empreses del sector, oferim un servei extra que podr\u00e0s gaudir amb el&nbsp;<strong>lloguer<\/strong>&nbsp;de la&nbsp;<strong>fotocopiadora<\/strong>&nbsp;<strong>OKI<\/strong>&nbsp;a&nbsp;<strong>Vic<\/strong>, sense haver de pagar cap tipus de cost addicional per aix\u00f2. Es tracta d&#039;un servei t\u00e8cnic professional basat en el manteniment i la seguretat inform\u00e0tica de l&#039;equip amb qu\u00e8 fas aquest servei de r\u00e8nting. Nosaltres ens ocuparem de la instal\u00b7laci\u00f3 i de la configuraci\u00f3 de l&#039;equip, de l&#039;assessorament personalitzat, de l&#039;assist\u00e8ncia t\u00e8cnica en menys de quatre hores, del recanvi de peces i de consumibles, de la reparaci\u00f3 i la substituci\u00f3 de l&#039;equip en cas d&#039;avaries, etc. Totes aquestes prestacions estaran incloses dins del preu que pagues pel servei de&nbsp;<strong>lloguer<\/strong>&nbsp;de la&nbsp;<strong>fotocopiadora<\/strong>&nbsp;<strong>OKI<\/strong>&nbsp;a&nbsp;<strong>Vic<\/strong>&nbsp;d&#039;Apen.<\/p>\n\n\n\n<p>Visita la nostra p\u00e0gina web per con\u00e8ixer en profunditat tots els detalls del&nbsp;<strong>lloguer<\/strong>&nbsp;de la&nbsp;<strong>fotocopiadora<\/strong>&nbsp;<strong>OKI<\/strong>&nbsp;a&nbsp;<strong>Vic<\/strong>&nbsp;d&#039;Apen i de tots els serveis que et podem oferir, com ara el programari de gesti\u00f3 empresarial a3ERP amb qu\u00e8 podr\u00e0s gestionar totes les \u00e0rees de la teva empresa des d&#039;un \u00fanic programa, cosa que et facilitar\u00e0, considerablement, realitzar una supervisi\u00f3 i un control de la teva empresa d&#039;una forma r\u00e0pida, pr\u00e0ctica i professional.<\/p>\n\n\n\n<p>A Apen tamb\u00e9 comptem amb un bloc, on podr\u00e0s llegir articles relacionats amb el manteniment i la seguretat inform\u00e0tica, solucions d&#039;impressi\u00f3, gesti\u00f3 empresarial, apps, plataformes, ciberatacs, etc.<\/p>","protected":false},"excerpt":{"rendered":"<p>Si quieres disponer de la mejor soluci\u00f3n de impresi\u00f3n para tu empresa, en Apen seguro que podremos encontrarla. Trabajamos y somos distribuidores de las mejores marcas en soluciones de impresi\u00f3n como son OKI, HP, KONICA MINOLTA y KYOCERA y esto nos permite barajar un sinf\u00edn de opciones para poder encontrar la opci\u00f3n que m\u00e1s se&#8230;<\/p>","protected":false},"author":4,"featured_media":0,"parent":12912,"menu_order":0,"comment_status":"closed","ping_status":"closed","template":"page-renting-impresoras.php","meta":{"_acf_changed":false,"_kad_blocks_custom_css":"","_kad_blocks_head_custom_js":"","_kad_blocks_body_custom_js":"","_kad_blocks_footer_custom_js":"","_kad_post_transparent":"","_kad_post_title":"","_kad_post_layout":"","_kad_post_sidebar_id":"","_kad_post_content_style":"","_kad_post_vertical_padding":"","_kad_post_feature":"","_kad_post_feature_position":"","_kad_post_header":false,"_kad_post_footer":false,"_kad_post_classname":"","footnotes":""},"class_list":["post-12934","page","type-page","status-publish","hentry"],"acf":[],"yoast_head":"<!-- This site is optimized with the Yoast SEO plugin v27.4 - https:\/\/yoast.com\/product\/yoast-seo-wordpress\/ -->\n<title>Alquiler fotocopiadora OKI Vic - Apen Inform\u00e1tica<\/title>\n<meta name=\"description\" content=\"Alquiler de fotocopiadoras de la marca OKI en Vic. Soluciones de impresi\u00f3n para empresas. Renting y Alquiler de impresoras y fotocopiadora.\" \/>\n<meta name=\"robots\" content=\"index, follow, max-snippet:-1, max-image-preview:large, max-video-preview:-1\" \/>\n<link rel=\"canonical\" href=\"https:\/\/www.apen.es\/ca\/fotocopiadora\/lloguer-fotocopiadora-oki\/lloguer-vic\/\" \/>\n<meta property=\"og:locale\" content=\"ca_ES\" \/>\n<meta property=\"og:type\" content=\"article\" \/>\n<meta property=\"og:title\" content=\"Alquiler fotocopiadora OKI Vic - Apen Inform\u00e1tica\" \/>\n<meta property=\"og:description\" content=\"Alquiler de fotocopiadoras de la marca OKI en Vic. Soluciones de impresi\u00f3n para empresas. Renting y Alquiler de impresoras y fotocopiadora.\" \/>\n<meta property=\"og:url\" content=\"https:\/\/www.apen.es\/ca\/fotocopiadora\/lloguer-fotocopiadora-oki\/lloguer-vic\/\" \/>\n<meta property=\"og:site_name\" content=\"Apen Inform\u00e1tica\" \/>\n<meta property=\"article:publisher\" content=\"https:\/\/www.facebook.com\/apensolucions\" \/>\n<meta property=\"article:modified_time\" content=\"2025-05-23T08:15:21+00:00\" \/>\n<meta property=\"og:image\" content=\"https:\/\/www.apen.es\/wp-content\/uploads\/2016\/05\/logo-apen-231x82-trasparent.png\" \/>\n\t<meta property=\"og:image:width\" content=\"231\" \/>\n\t<meta property=\"og:image:height\" content=\"82\" \/>\n\t<meta property=\"og:image:type\" content=\"image\/png\" \/>\n<meta name=\"twitter:card\" content=\"summary_large_image\" \/>\n<meta name=\"twitter:label1\" content=\"Temps estimat de lectura\" \/>\n\t<meta name=\"twitter:data1\" content=\"8 minuts\" \/>\n<script type=\"application\/ld+json\" class=\"yoast-schema-graph\">{\"@context\":\"https:\\\/\\\/schema.org\",\"@graph\":[{\"@type\":\"WebPage\",\"@id\":\"https:\\\/\\\/www.apen.es\\\/fotocopiadora\\\/alquiler-fotocopiadora-oki\\\/alquiler-vic\\\/\",\"url\":\"https:\\\/\\\/www.apen.es\\\/fotocopiadora\\\/alquiler-fotocopiadora-oki\\\/alquiler-vic\\\/\",\"name\":\"Alquiler fotocopiadora OKI Vic - Apen Inform\u00e1tica\",\"isPartOf\":{\"@id\":\"https:\\\/\\\/www.apen.es\\\/#website\"},\"datePublished\":\"2019-02-07T13:49:37+00:00\",\"dateModified\":\"2025-05-23T08:15:21+00:00\",\"description\":\"Alquiler de fotocopiadoras de la marca OKI en Vic. Soluciones de impresi\u00f3n para empresas. Renting y Alquiler de impresoras y fotocopiadora.\",\"breadcrumb\":{\"@id\":\"https:\\\/\\\/www.apen.es\\\/fotocopiadora\\\/alquiler-fotocopiadora-oki\\\/alquiler-vic\\\/#breadcrumb\"},\"inLanguage\":\"ca\",\"potentialAction\":[{\"@type\":\"ReadAction\",\"target\":[\"https:\\\/\\\/www.apen.es\\\/fotocopiadora\\\/alquiler-fotocopiadora-oki\\\/alquiler-vic\\\/\"]}]},{\"@type\":\"BreadcrumbList\",\"@id\":\"https:\\\/\\\/www.apen.es\\\/fotocopiadora\\\/alquiler-fotocopiadora-oki\\\/alquiler-vic\\\/#breadcrumb\",\"itemListElement\":[{\"@type\":\"ListItem\",\"position\":1,\"name\":\"Portada\",\"item\":\"https:\\\/\\\/www.apen.es\\\/\"},{\"@type\":\"ListItem\",\"position\":2,\"name\":\"Fotocopiadora\",\"item\":\"https:\\\/\\\/www.apen.es\\\/fotocopiadora\\\/\"},{\"@type\":\"ListItem\",\"position\":3,\"name\":\"Alquiler fotocopiadora OKI\",\"item\":\"https:\\\/\\\/www.apen.es\\\/fotocopiadora\\\/alquiler-fotocopiadora-oki\\\/\"},{\"@type\":\"ListItem\",\"position\":4,\"name\":\"Alquiler fotocopiadora OKI Vic\"}]},{\"@type\":\"WebSite\",\"@id\":\"https:\\\/\\\/www.apen.es\\\/#website\",\"url\":\"https:\\\/\\\/www.apen.es\\\/\",\"name\":\"Apen Inform\u00e1tica\",\"description\":\"Mantenimiento Inform\u00e1tico , Software de Gesti\u00f3n, Soluciones de impresi\u00f3n\",\"publisher\":{\"@id\":\"https:\\\/\\\/www.apen.es\\\/#organization\"},\"potentialAction\":[{\"@type\":\"SearchAction\",\"target\":{\"@type\":\"EntryPoint\",\"urlTemplate\":\"https:\\\/\\\/www.apen.es\\\/?s={search_term_string}\"},\"query-input\":{\"@type\":\"PropertyValueSpecification\",\"valueRequired\":true,\"valueName\":\"search_term_string\"}}],\"inLanguage\":\"ca\"},{\"@type\":\"Organization\",\"@id\":\"https:\\\/\\\/www.apen.es\\\/#organization\",\"name\":\"Apen: Soluciones inform\u00e1ticas\",\"url\":\"https:\\\/\\\/www.apen.es\\\/\",\"logo\":{\"@type\":\"ImageObject\",\"inLanguage\":\"ca\",\"@id\":\"https:\\\/\\\/www.apen.es\\\/#\\\/schema\\\/logo\\\/image\\\/\",\"url\":\"https:\\\/\\\/www.apen.es\\\/wp-content\\\/uploads\\\/2022\\\/08\\\/logo-apenok-231x82-1.png\",\"contentUrl\":\"https:\\\/\\\/www.apen.es\\\/wp-content\\\/uploads\\\/2022\\\/08\\\/logo-apenok-231x82-1.png\",\"width\":231,\"height\":82,\"caption\":\"Apen: Soluciones inform\u00e1ticas\"},\"image\":{\"@id\":\"https:\\\/\\\/www.apen.es\\\/#\\\/schema\\\/logo\\\/image\\\/\"},\"sameAs\":[\"https:\\\/\\\/www.facebook.com\\\/apensolucions\",\"https:\\\/\\\/www.youtube.com\\\/user\\\/ApenCentreInformatic\",\"https:\\\/\\\/www.linkedin.com\\\/company\\\/1021771?trk=tyah&trkInfo=clickedVerticalcompanyclickedEntityId1021771idx2-1-2tarId1464195271196tasapenin\"]}]}<\/script>\n<!-- \/ Yoast SEO plugin. -->","yoast_head_json":{"title":"Lloguer fotocopiadora OKI Vic - Apen Inform\u00e0tica","description":"Lloguer de fotocopiadores de la marca OKI a Vic. Solucions d&#039;impressi\u00f3 per a empreses. R\u00e8nting i lloguer d&#039;impressores i fotocopiadora.","robots":{"index":"index","follow":"follow","max-snippet":"max-snippet:-1","max-image-preview":"max-image-preview:large","max-video-preview":"max-video-preview:-1"},"canonical":"https:\/\/www.apen.es\/ca\/fotocopiadora\/lloguer-fotocopiadora-oki\/lloguer-vic\/","og_locale":"ca_ES","og_type":"article","og_title":"Alquiler fotocopiadora OKI Vic - Apen Inform\u00e1tica","og_description":"Alquiler de fotocopiadoras de la marca OKI en Vic. Soluciones de impresi\u00f3n para empresas. Renting y Alquiler de impresoras y fotocopiadora.","og_url":"https:\/\/www.apen.es\/ca\/fotocopiadora\/lloguer-fotocopiadora-oki\/lloguer-vic\/","og_site_name":"Apen Inform\u00e1tica","article_publisher":"https:\/\/www.facebook.com\/apensolucions","article_modified_time":"2025-05-23T08:15:21+00:00","og_image":[{"width":231,"height":82,"url":"https:\/\/www.apen.es\/wp-content\/uploads\/2016\/05\/logo-apen-231x82-trasparent.png","type":"image\/png"}],"twitter_card":"summary_large_image","twitter_misc":{"Temps estimat de lectura":"8 minuts"},"schema":{"@context":"https:\/\/schema.org","@graph":[{"@type":"WebPage","@id":"https:\/\/www.apen.es\/fotocopiadora\/alquiler-fotocopiadora-oki\/alquiler-vic\/","url":"https:\/\/www.apen.es\/fotocopiadora\/alquiler-fotocopiadora-oki\/alquiler-vic\/","name":"Lloguer fotocopiadora OKI Vic - Apen Inform\u00e0tica","isPartOf":{"@id":"https:\/\/www.apen.es\/#website"},"datePublished":"2019-02-07T13:49:37+00:00","dateModified":"2025-05-23T08:15:21+00:00","description":"Lloguer de fotocopiadores de la marca OKI a Vic. Solucions d&#039;impressi\u00f3 per a empreses. R\u00e8nting i lloguer d&#039;impressores i fotocopiadora.","breadcrumb":{"@id":"https:\/\/www.apen.es\/fotocopiadora\/alquiler-fotocopiadora-oki\/alquiler-vic\/#breadcrumb"},"inLanguage":"ca","potentialAction":[{"@type":"ReadAction","target":["https:\/\/www.apen.es\/fotocopiadora\/alquiler-fotocopiadora-oki\/alquiler-vic\/"]}]},{"@type":"BreadcrumbList","@id":"https:\/\/www.apen.es\/fotocopiadora\/alquiler-fotocopiadora-oki\/alquiler-vic\/#breadcrumb","itemListElement":[{"@type":"ListItem","position":1,"name":"Portada","item":"https:\/\/www.apen.es\/"},{"@type":"ListItem","position":2,"name":"Fotocopiadora","item":"https:\/\/www.apen.es\/fotocopiadora\/"},{"@type":"ListItem","position":3,"name":"Alquiler fotocopiadora OKI","item":"https:\/\/www.apen.es\/fotocopiadora\/alquiler-fotocopiadora-oki\/"},{"@type":"ListItem","position":4,"name":"Alquiler fotocopiadora OKI Vic"}]},{"@type":"WebSite","@id":"https:\/\/www.apen.es\/#website","url":"https:\/\/www.apen.es\/","name":"Apen Inform\u00e0tica","description":"Manteniment inform\u00e0tic , programari de gesti\u00f3, solucions d&#039;impressi\u00f3","publisher":{"@id":"https:\/\/www.apen.es\/#organization"},"potentialAction":[{"@type":"SearchAction","target":{"@type":"EntryPoint","urlTemplate":"https:\/\/www.apen.es\/?s={search_term_string}"},"query-input":{"@type":"PropertyValueSpecification","valueRequired":true,"valueName":"search_term_string"}}],"inLanguage":"ca"},{"@type":"Organization","@id":"https:\/\/www.apen.es\/#organization","name":"Apen: Solucions inform\u00e0tiques","url":"https:\/\/www.apen.es\/","logo":{"@type":"ImageObject","inLanguage":"ca","@id":"https:\/\/www.apen.es\/#\/schema\/logo\/image\/","url":"https:\/\/www.apen.es\/wp-content\/uploads\/2022\/08\/logo-apenok-231x82-1.png","contentUrl":"https:\/\/www.apen.es\/wp-content\/uploads\/2022\/08\/logo-apenok-231x82-1.png","width":231,"height":82,"caption":"Apen: Soluciones inform\u00e1ticas"},"image":{"@id":"https:\/\/www.apen.es\/#\/schema\/logo\/image\/"},"sameAs":["https:\/\/www.facebook.com\/apensolucions","https:\/\/www.youtube.com\/user\/ApenCentreInformatic","https:\/\/www.linkedin.com\/company\/1021771?trk=tyah&trkInfo=clickedVerticalcompanyclickedEntityId1021771idx2-1-2tarId1464195271196tasapenin"]}]}},"taxonomy_info":[],"featured_image_src_large":false,"author_info":{"display_name":"marqueting","author_link":"https:\/\/www.apen.es\/ca\/blog\/author\/marqueting\/"},"comment_info":0,"_links":{"self":[{"href":"https:\/\/www.apen.es\/ca\/wp-json\/wp\/v2\/pages\/12934","targetHints":{"allow":["GET"]}}],"collection":[{"href":"https:\/\/www.apen.es\/ca\/wp-json\/wp\/v2\/pages"}],"about":[{"href":"https:\/\/www.apen.es\/ca\/wp-json\/wp\/v2\/types\/page"}],"author":[{"embeddable":true,"href":"https:\/\/www.apen.es\/ca\/wp-json\/wp\/v2\/users\/4"}],"replies":[{"embeddable":true,"href":"https:\/\/www.apen.es\/ca\/wp-json\/wp\/v2\/comments?post=12934"}],"version-history":[{"count":3,"href":"https:\/\/www.apen.es\/ca\/wp-json\/wp\/v2\/pages\/12934\/revisions"}],"predecessor-version":[{"id":54849,"href":"https:\/\/www.apen.es\/ca\/wp-json\/wp\/v2\/pages\/12934\/revisions\/54849"}],"up":[{"embeddable":true,"href":"https:\/\/www.apen.es\/ca\/wp-json\/wp\/v2\/pages\/12912"}],"wp:attachment":[{"href":"https:\/\/www.apen.es\/ca\/wp-json\/wp\/v2\/media?parent=12934"}],"curies":[{"name":"wp","href":"https:\/\/api.w.org\/{rel}","templated":true}]}}