{"id":12932,"date":"2019-02-07T13:47:16","date_gmt":"2019-02-07T13:47:16","guid":{"rendered":"https:\/\/www.apen.es\/?page_id=12932"},"modified":"2025-05-23T08:15:12","modified_gmt":"2025-05-23T08:15:12","slug":"lloguer-terrassa","status":"publish","type":"page","link":"https:\/\/www.apen.es\/ca\/fotocopiadora\/alquiler-fotocopiadora-oki\/alquiler-terrassa\/","title":{"rendered":"Lloguer fotocopiadora OKI Terrassa"},"content":{"rendered":"<p>Descobreix totes les possibilitats que t&#039;ofereix el nostre servei de&nbsp;<strong>lloguer<\/strong>&nbsp;de la&nbsp;<strong>fotocopiadora<\/strong>&nbsp;<strong>OKI<\/strong>&nbsp;a&nbsp;<strong>Terrassa<\/strong>&nbsp;per a la teva empresa. Una opci\u00f3 alternativa a la compra d&#039;un equip amb el qual podreu estalviar, considerablement, els costos anuals d&#039;impressi\u00f3 de la vostra empresa i gaudir des del primer dia de totes les prestacions i funcionalitats d&#039;\u00faltima generaci\u00f3, permetent desenvolupar multitasques des d&#039;un mateix lloc, a m\u00e9s de disposar d&#039;impressions de m\u00e0xima qualitat.<\/p>\n\n\n\n<p>Som distribu\u00efdors de les marques l\u00edders en els sectors d&#039;impressi\u00f3, com OKI, KYOCERA, KONICA MINOLTA i HP, amb la qual cosa podem garantir-te els millors resultats possibles si obtens alguna de les nostres solucions d&#039;impressi\u00f3, com ara&nbsp;<strong>lloguer<\/strong>&nbsp;de la&nbsp;<strong>fotocopiadora<\/strong>&nbsp;<strong>OKI<\/strong>&nbsp;a&nbsp;<strong>Terrassa<\/strong>.<\/p>\n\n\n\n<p>A Apen realitzem un estudi per con\u00e8ixer les necessitats reals de l&#039;empresa i donar aix\u00ed amb la millor soluci\u00f3 possible per a cada cas. El fet de treballar amb les millors marques ens permet disposar d&#039;un gran ventall de possibilitats quant a les prestacions que exposa cadascuna. D&#039;aquesta manera podem crear solucions d&#039;impressi\u00f3 fetes a mida per ajustar-nos el m\u00e0xim possible a les circumst\u00e0ncies que suggereix cada cas.<\/p>\n\n\n\n<p>El servei de&nbsp;<strong>lloguer<\/strong>&nbsp;de la&nbsp;<strong>fotocopiadora<\/strong>&nbsp;<strong>OKI<\/strong>&nbsp;a&nbsp;<strong>Terrassa<\/strong>&nbsp;d&#039;Apen no \u00e9s nom\u00e9s un servei de r\u00e8nting, sin\u00f3 que tamb\u00e9 us permet disposar, pel mateix preu, d&#039;un dels millors serveis t\u00e8cnics especialitzats de tota la prov\u00edncia de Barcelona. El nostre equip t\u00e8cnic s&#039;ocupar\u00e0 d&#039;instal\u00b7lar i configurar l&#039;equip, el manteniment, les reparacions i la substituci\u00f3 de l&#039;equip en cas d&#039;avaries, del recanvi de peces i de consumibles, de l&#039;assessorament, de l&#039;assist\u00e8ncia t\u00e8cnica en menys de quatre hores i de tot all\u00f2 que necessitis. Tot pel mateix preu amb qu\u00e8 contractes el servei de&nbsp;<strong>lloguer<\/strong>&nbsp;de la&nbsp;<strong>fotocopiadora<\/strong>&nbsp;<strong>OKI<\/strong>&nbsp;a&nbsp;<strong>Terrassa<\/strong>.<\/p>\n\n\n\n<p>El&nbsp;<strong>lloguer<\/strong>&nbsp;de la&nbsp;<strong>fotocopiadora<\/strong>&nbsp;<strong>OKI<\/strong>&nbsp;a&nbsp;<strong>Terrassa<\/strong>&nbsp;funciona a trav\u00e9s del m\u00e8tode \u201cpreu per c\u00f2pia\u201d, en qu\u00e8 el client nom\u00e9s ha de pagar per les p\u00e0gines que imprimeix i el consum el\u00e8ctric de l&#039;equip, de manera que permet gaudir de totes les prestacions de la impressora multifuncional sense la necessitat de comprar-la. A m\u00e9s, es tradueix en un nou model de consum basat en l&#039;economia circular en qu\u00e8 el client paga pel servei i no per l&#039;adquisici\u00f3 del producte, allargant-ne el cicle de vida gr\u00e0cies al manteniment t\u00e8cnic professional que oferim a Apen. Tamb\u00e9 es converteix en una opci\u00f3 sostenible, perqu\u00e8 promou les impressions conscients i lluita contra el balafiament de paper, a m\u00e9s de tenir en compte el correcte reciclatge dels consumibles.<\/p>\n\n\n\n<p>Visita la nostra p\u00e0gina web per con\u00e8ixer tots els nostres productes i serveis, a m\u00e9s de poder seguir el nostre bloc amb qu\u00e8 estar\u00e0s informat de totes les novetats relacionades amb la seguretat i el manteniment inform\u00e0tic, la gesti\u00f3 empresarial, eines tecnol\u00f2giques, etc.<\/p>","protected":false},"excerpt":{"rendered":"<p>Descubre todas las posibilidades que te ofrece nuestro servicio de&nbsp;alquiler&nbsp;de la&nbsp;fotocopiadora&nbsp;OKI&nbsp;en&nbsp;Terrassa&nbsp;para tu empresa. Una opci\u00f3n alternativa a la compra de un equipo con el que podr\u00e1s ahorrar, considerablemente, en los costes anuales de impresi\u00f3n de tu empresa y disfrutar desde el primer d\u00eda de todas sus prestaciones y funcionalidades de \u00faltima generaci\u00f3n, permiti\u00e9ndote desarrollar multitareas&#8230;<\/p>","protected":false},"author":4,"featured_media":0,"parent":12912,"menu_order":0,"comment_status":"closed","ping_status":"closed","template":"page-renting-impresoras.php","meta":{"_acf_changed":false,"_kad_blocks_custom_css":"","_kad_blocks_head_custom_js":"","_kad_blocks_body_custom_js":"","_kad_blocks_footer_custom_js":"","_kad_post_transparent":"","_kad_post_title":"","_kad_post_layout":"","_kad_post_sidebar_id":"","_kad_post_content_style":"","_kad_post_vertical_padding":"","_kad_post_feature":"","_kad_post_feature_position":"","_kad_post_header":false,"_kad_post_footer":false,"_kad_post_classname":"","footnotes":""},"class_list":["post-12932","page","type-page","status-publish","hentry"],"acf":[],"yoast_head":"<!-- This site is optimized with the Yoast SEO plugin v27.4 - https:\/\/yoast.com\/product\/yoast-seo-wordpress\/ -->\n<title>Alquiler fotocopiadora OKI Terrassa - Apen Inform\u00e1tica<\/title>\n<meta name=\"description\" content=\"Alquiler de fotocopiadoras de la marca OKI en Terrassa. Soluciones de impresi\u00f3n para empresas. Renting y Alquiler de impresoras y fotocopiadora.\" \/>\n<meta name=\"robots\" content=\"index, follow, max-snippet:-1, max-image-preview:large, max-video-preview:-1\" \/>\n<link rel=\"canonical\" href=\"https:\/\/www.apen.es\/ca\/fotocopiadora\/lloguer-fotocopiadora-oki\/lloguer-terrassa\/\" \/>\n<meta property=\"og:locale\" content=\"ca_ES\" \/>\n<meta property=\"og:type\" content=\"article\" \/>\n<meta property=\"og:title\" content=\"Alquiler fotocopiadora OKI Terrassa - Apen Inform\u00e1tica\" \/>\n<meta property=\"og:description\" content=\"Alquiler de fotocopiadoras de la marca OKI en Terrassa. Soluciones de impresi\u00f3n para empresas. Renting y Alquiler de impresoras y fotocopiadora.\" \/>\n<meta property=\"og:url\" content=\"https:\/\/www.apen.es\/ca\/fotocopiadora\/lloguer-fotocopiadora-oki\/lloguer-terrassa\/\" \/>\n<meta property=\"og:site_name\" content=\"Apen Inform\u00e1tica\" \/>\n<meta property=\"article:publisher\" content=\"https:\/\/www.facebook.com\/apensolucions\" \/>\n<meta property=\"article:modified_time\" content=\"2025-05-23T08:15:12+00:00\" \/>\n<meta property=\"og:image\" content=\"https:\/\/www.apen.es\/wp-content\/uploads\/2016\/05\/logo-apen-231x82-trasparent.png\" \/>\n\t<meta property=\"og:image:width\" content=\"231\" \/>\n\t<meta property=\"og:image:height\" content=\"82\" \/>\n\t<meta property=\"og:image:type\" content=\"image\/png\" \/>\n<meta name=\"twitter:card\" content=\"summary_large_image\" \/>\n<meta name=\"twitter:label1\" content=\"Temps estimat de lectura\" \/>\n\t<meta name=\"twitter:data1\" content=\"8 minuts\" \/>\n<script type=\"application\/ld+json\" class=\"yoast-schema-graph\">{\"@context\":\"https:\\\/\\\/schema.org\",\"@graph\":[{\"@type\":\"WebPage\",\"@id\":\"https:\\\/\\\/www.apen.es\\\/fotocopiadora\\\/alquiler-fotocopiadora-oki\\\/alquiler-terrassa\\\/\",\"url\":\"https:\\\/\\\/www.apen.es\\\/fotocopiadora\\\/alquiler-fotocopiadora-oki\\\/alquiler-terrassa\\\/\",\"name\":\"Alquiler fotocopiadora OKI Terrassa - Apen Inform\u00e1tica\",\"isPartOf\":{\"@id\":\"https:\\\/\\\/www.apen.es\\\/#website\"},\"datePublished\":\"2019-02-07T13:47:16+00:00\",\"dateModified\":\"2025-05-23T08:15:12+00:00\",\"description\":\"Alquiler de fotocopiadoras de la marca OKI en Terrassa. Soluciones de impresi\u00f3n para empresas. Renting y Alquiler de impresoras y fotocopiadora.\",\"breadcrumb\":{\"@id\":\"https:\\\/\\\/www.apen.es\\\/fotocopiadora\\\/alquiler-fotocopiadora-oki\\\/alquiler-terrassa\\\/#breadcrumb\"},\"inLanguage\":\"ca\",\"potentialAction\":[{\"@type\":\"ReadAction\",\"target\":[\"https:\\\/\\\/www.apen.es\\\/fotocopiadora\\\/alquiler-fotocopiadora-oki\\\/alquiler-terrassa\\\/\"]}]},{\"@type\":\"BreadcrumbList\",\"@id\":\"https:\\\/\\\/www.apen.es\\\/fotocopiadora\\\/alquiler-fotocopiadora-oki\\\/alquiler-terrassa\\\/#breadcrumb\",\"itemListElement\":[{\"@type\":\"ListItem\",\"position\":1,\"name\":\"Portada\",\"item\":\"https:\\\/\\\/www.apen.es\\\/\"},{\"@type\":\"ListItem\",\"position\":2,\"name\":\"Fotocopiadora\",\"item\":\"https:\\\/\\\/www.apen.es\\\/fotocopiadora\\\/\"},{\"@type\":\"ListItem\",\"position\":3,\"name\":\"Alquiler fotocopiadora OKI\",\"item\":\"https:\\\/\\\/www.apen.es\\\/fotocopiadora\\\/alquiler-fotocopiadora-oki\\\/\"},{\"@type\":\"ListItem\",\"position\":4,\"name\":\"Alquiler fotocopiadora OKI Terrassa\"}]},{\"@type\":\"WebSite\",\"@id\":\"https:\\\/\\\/www.apen.es\\\/#website\",\"url\":\"https:\\\/\\\/www.apen.es\\\/\",\"name\":\"Apen Inform\u00e1tica\",\"description\":\"Mantenimiento Inform\u00e1tico , Software de Gesti\u00f3n, Soluciones de impresi\u00f3n\",\"publisher\":{\"@id\":\"https:\\\/\\\/www.apen.es\\\/#organization\"},\"potentialAction\":[{\"@type\":\"SearchAction\",\"target\":{\"@type\":\"EntryPoint\",\"urlTemplate\":\"https:\\\/\\\/www.apen.es\\\/?s={search_term_string}\"},\"query-input\":{\"@type\":\"PropertyValueSpecification\",\"valueRequired\":true,\"valueName\":\"search_term_string\"}}],\"inLanguage\":\"ca\"},{\"@type\":\"Organization\",\"@id\":\"https:\\\/\\\/www.apen.es\\\/#organization\",\"name\":\"Apen: Soluciones inform\u00e1ticas\",\"url\":\"https:\\\/\\\/www.apen.es\\\/\",\"logo\":{\"@type\":\"ImageObject\",\"inLanguage\":\"ca\",\"@id\":\"https:\\\/\\\/www.apen.es\\\/#\\\/schema\\\/logo\\\/image\\\/\",\"url\":\"https:\\\/\\\/www.apen.es\\\/wp-content\\\/uploads\\\/2022\\\/08\\\/logo-apenok-231x82-1.png\",\"contentUrl\":\"https:\\\/\\\/www.apen.es\\\/wp-content\\\/uploads\\\/2022\\\/08\\\/logo-apenok-231x82-1.png\",\"width\":231,\"height\":82,\"caption\":\"Apen: Soluciones inform\u00e1ticas\"},\"image\":{\"@id\":\"https:\\\/\\\/www.apen.es\\\/#\\\/schema\\\/logo\\\/image\\\/\"},\"sameAs\":[\"https:\\\/\\\/www.facebook.com\\\/apensolucions\",\"https:\\\/\\\/www.youtube.com\\\/user\\\/ApenCentreInformatic\",\"https:\\\/\\\/www.linkedin.com\\\/company\\\/1021771?trk=tyah&trkInfo=clickedVerticalcompanyclickedEntityId1021771idx2-1-2tarId1464195271196tasapenin\"]}]}<\/script>\n<!-- \/ Yoast SEO plugin. -->","yoast_head_json":{"title":"Lloguer fotocopiadora OKI Terrassa - Apen Inform\u00e0tica","description":"Lloguer de fotocopiadores de la marca OKI a Terrassa. Solucions d\u00b4impressi\u00f3 per a empreses. R\u00e8nting i lloguer d&#039;impressores i fotocopiadora.","robots":{"index":"index","follow":"follow","max-snippet":"max-snippet:-1","max-image-preview":"max-image-preview:large","max-video-preview":"max-video-preview:-1"},"canonical":"https:\/\/www.apen.es\/ca\/fotocopiadora\/lloguer-fotocopiadora-oki\/lloguer-terrassa\/","og_locale":"ca_ES","og_type":"article","og_title":"Alquiler fotocopiadora OKI Terrassa - Apen Inform\u00e1tica","og_description":"Alquiler de fotocopiadoras de la marca OKI en Terrassa. Soluciones de impresi\u00f3n para empresas. Renting y Alquiler de impresoras y fotocopiadora.","og_url":"https:\/\/www.apen.es\/ca\/fotocopiadora\/lloguer-fotocopiadora-oki\/lloguer-terrassa\/","og_site_name":"Apen Inform\u00e1tica","article_publisher":"https:\/\/www.facebook.com\/apensolucions","article_modified_time":"2025-05-23T08:15:12+00:00","og_image":[{"width":231,"height":82,"url":"https:\/\/www.apen.es\/wp-content\/uploads\/2016\/05\/logo-apen-231x82-trasparent.png","type":"image\/png"}],"twitter_card":"summary_large_image","twitter_misc":{"Temps estimat de lectura":"8 minuts"},"schema":{"@context":"https:\/\/schema.org","@graph":[{"@type":"WebPage","@id":"https:\/\/www.apen.es\/fotocopiadora\/alquiler-fotocopiadora-oki\/alquiler-terrassa\/","url":"https:\/\/www.apen.es\/fotocopiadora\/alquiler-fotocopiadora-oki\/alquiler-terrassa\/","name":"Lloguer fotocopiadora OKI Terrassa - Apen Inform\u00e0tica","isPartOf":{"@id":"https:\/\/www.apen.es\/#website"},"datePublished":"2019-02-07T13:47:16+00:00","dateModified":"2025-05-23T08:15:12+00:00","description":"Lloguer de fotocopiadores de la marca OKI a Terrassa. Solucions d\u00b4impressi\u00f3 per a empreses. R\u00e8nting i lloguer d&#039;impressores i fotocopiadora.","breadcrumb":{"@id":"https:\/\/www.apen.es\/fotocopiadora\/alquiler-fotocopiadora-oki\/alquiler-terrassa\/#breadcrumb"},"inLanguage":"ca","potentialAction":[{"@type":"ReadAction","target":["https:\/\/www.apen.es\/fotocopiadora\/alquiler-fotocopiadora-oki\/alquiler-terrassa\/"]}]},{"@type":"BreadcrumbList","@id":"https:\/\/www.apen.es\/fotocopiadora\/alquiler-fotocopiadora-oki\/alquiler-terrassa\/#breadcrumb","itemListElement":[{"@type":"ListItem","position":1,"name":"Portada","item":"https:\/\/www.apen.es\/"},{"@type":"ListItem","position":2,"name":"Fotocopiadora","item":"https:\/\/www.apen.es\/fotocopiadora\/"},{"@type":"ListItem","position":3,"name":"Alquiler fotocopiadora OKI","item":"https:\/\/www.apen.es\/fotocopiadora\/alquiler-fotocopiadora-oki\/"},{"@type":"ListItem","position":4,"name":"Alquiler fotocopiadora OKI Terrassa"}]},{"@type":"WebSite","@id":"https:\/\/www.apen.es\/#website","url":"https:\/\/www.apen.es\/","name":"Apen Inform\u00e0tica","description":"Manteniment inform\u00e0tic , programari de gesti\u00f3, solucions d&#039;impressi\u00f3","publisher":{"@id":"https:\/\/www.apen.es\/#organization"},"potentialAction":[{"@type":"SearchAction","target":{"@type":"EntryPoint","urlTemplate":"https:\/\/www.apen.es\/?s={search_term_string}"},"query-input":{"@type":"PropertyValueSpecification","valueRequired":true,"valueName":"search_term_string"}}],"inLanguage":"ca"},{"@type":"Organization","@id":"https:\/\/www.apen.es\/#organization","name":"Apen: Solucions inform\u00e0tiques","url":"https:\/\/www.apen.es\/","logo":{"@type":"ImageObject","inLanguage":"ca","@id":"https:\/\/www.apen.es\/#\/schema\/logo\/image\/","url":"https:\/\/www.apen.es\/wp-content\/uploads\/2022\/08\/logo-apenok-231x82-1.png","contentUrl":"https:\/\/www.apen.es\/wp-content\/uploads\/2022\/08\/logo-apenok-231x82-1.png","width":231,"height":82,"caption":"Apen: Soluciones inform\u00e1ticas"},"image":{"@id":"https:\/\/www.apen.es\/#\/schema\/logo\/image\/"},"sameAs":["https:\/\/www.facebook.com\/apensolucions","https:\/\/www.youtube.com\/user\/ApenCentreInformatic","https:\/\/www.linkedin.com\/company\/1021771?trk=tyah&trkInfo=clickedVerticalcompanyclickedEntityId1021771idx2-1-2tarId1464195271196tasapenin"]}]}},"taxonomy_info":[],"featured_image_src_large":false,"author_info":{"display_name":"marqueting","author_link":"https:\/\/www.apen.es\/ca\/blog\/author\/marqueting\/"},"comment_info":0,"_links":{"self":[{"href":"https:\/\/www.apen.es\/ca\/wp-json\/wp\/v2\/pages\/12932","targetHints":{"allow":["GET"]}}],"collection":[{"href":"https:\/\/www.apen.es\/ca\/wp-json\/wp\/v2\/pages"}],"about":[{"href":"https:\/\/www.apen.es\/ca\/wp-json\/wp\/v2\/types\/page"}],"author":[{"embeddable":true,"href":"https:\/\/www.apen.es\/ca\/wp-json\/wp\/v2\/users\/4"}],"replies":[{"embeddable":true,"href":"https:\/\/www.apen.es\/ca\/wp-json\/wp\/v2\/comments?post=12932"}],"version-history":[{"count":4,"href":"https:\/\/www.apen.es\/ca\/wp-json\/wp\/v2\/pages\/12932\/revisions"}],"predecessor-version":[{"id":54848,"href":"https:\/\/www.apen.es\/ca\/wp-json\/wp\/v2\/pages\/12932\/revisions\/54848"}],"up":[{"embeddable":true,"href":"https:\/\/www.apen.es\/ca\/wp-json\/wp\/v2\/pages\/12912"}],"wp:attachment":[{"href":"https:\/\/www.apen.es\/ca\/wp-json\/wp\/v2\/media?parent=12932"}],"curies":[{"name":"wp","href":"https:\/\/api.w.org\/{rel}","templated":true}]}}