{"id":12926,"date":"2019-02-07T13:40:46","date_gmt":"2019-02-07T13:40:46","guid":{"rendered":"https:\/\/www.apen.es\/?page_id=12926"},"modified":"2025-05-23T08:14:46","modified_gmt":"2025-05-23T08:14:46","slug":"lloguer-granollers","status":"publish","type":"page","link":"https:\/\/www.apen.es\/ca\/fotocopiadora\/alquiler-fotocopiadora-oki\/alquiler-granollers\/","title":{"rendered":"Lloguer fotocopiadora OKI Granollers"},"content":{"rendered":"<p>A Apen podreu trobar els millors serveis de r\u00e8nting de tota la prov\u00edncia de Barcelona, com ara el&nbsp;<strong>lloguer<\/strong>&nbsp;de la&nbsp;<strong>fotocopiadora<\/strong>&nbsp;<strong>OKI<\/strong>&nbsp;a&nbsp;<strong>Granollers<\/strong>, amb qu\u00e8 podreu gaudir d&#039;un servei molt pr\u00e0ctic, eficient, c\u00f2mode, productiu i multifuncional, d&#039;una manera senzilla, accessible i molt beneficiosa per a la vostra empresa.<\/p>\n\n\n\n<p>\u00c9s un tipus de r\u00e8nting que es converteix en un servei integral, perqu\u00e8 a Apen et proposem un servei t\u00e8cnic professional sempre que ho necessitis durant aquest per\u00edode de lloguer, sense haver de pagar un cost addicional. Podr\u00e0s disposar del nostre servei t\u00e8cnic professional sempre que ho necessitis durant el per\u00edode que duri el contracte del&nbsp;<strong>lloguer<\/strong>&nbsp;de la&nbsp;<strong>fotocopiadora<\/strong>&nbsp;<strong>OKI<\/strong>&nbsp;a&nbsp;<strong>Granollers<\/strong>. Aix\u00f2 vol dir que el client rebr\u00e0, dins del preu d&#039;aquest r\u00e8nting, la instal\u00b7laci\u00f3 i configuraci\u00f3 de l&#039;equip, el manteniment, l&#039;assessorament, l&#039;assist\u00e8ncia t\u00e8cnica en menys de 4 hores, les reparacions i la substituci\u00f3 de l&#039;equip en cas d&#039;avaria, el recanvi de peces i de consumibles i ajuda en tot all\u00f2 que tingui a veure amb la seguretat i el manteniment inform\u00e0tic de l&#039;equip. Es tracta d&#039;un gran avantatge que, possiblement, no puguis trobar en altres empreses que t&#039;ofereixin el servei de r\u00e8nting d&#039;una impressora d&#039;\u00faltima generaci\u00f3, on haur\u00e0s de contractar el servei t\u00e8cnic a part.<\/p>\n\n\n\n<p>A Apen sempre fem un estudi de l&#039;empresa dels nostres clients amb el objectiu ferm de trobar la soluci\u00f3 m\u00e9s adequada, la que s&#039;adapti perfectament a les necessitats reals de l&#039;empresa. Sent distribu\u00efdors de les marques capdavanteres en solucions d&#039;impressi\u00f3, com s\u00f3n OKI, KYOCERA, HP i KONICA MINOLTA podem escollir entre un gran ventall de possibilitats per trobar la soluci\u00f3 feta a mida per a tu i per a la teva empresa. Disposem de moltes propostes, funcionalitats i prestacions per trobar la millor opci\u00f3 de r\u00e8nting per a la teva empresa, com \u00e9s el&nbsp;<strong>lloguer<\/strong>&nbsp;de la&nbsp;<strong>fotocopiadora<\/strong>&nbsp;<strong>OKI<\/strong>&nbsp;a&nbsp;<strong>Granollers<\/strong>.<\/p>\n\n\n\n<p>A m\u00e9s del&nbsp;<strong>lloguer<\/strong>&nbsp;de la&nbsp;<strong>fotocopiadora<\/strong>&nbsp;<strong>OKI<\/strong>&nbsp;a&nbsp;<strong>Granollers<\/strong>, tamb\u00e9 disposem d&#039;altres serveis multifuncionals que milloraran la teva gesti\u00f3 empresarial, com ara el programari a3ERP amb qu\u00e8 podr\u00e0s gaudir d&#039;un programa que unifica tots els departaments de la teva empresa i amb qu\u00e8 podr\u00e0s supervisar, f\u00e0cilment, tot el que passa. Si vols descobrir tots els avantatges que et poden proporcionar els nostres serveis, t&#039;animem a visitar la nostra p\u00e0gina web on podr\u00e0s descobrir productes multifuncionals, nous i \u00fatils amb qu\u00e8 gaudir d&#039;una gesti\u00f3 empresarial molt m\u00e9s productiva, eficient, pr\u00e0ctica, competitiva i professional, sense haver de fer una gran inversi\u00f3.<\/p>\n\n\n\n<p>Tamb\u00e9 disposem d&#039;un bloc on podr\u00e0s informar-te de totes les novetats relacionades amb les eines tecnol\u00f2giques que tens al teu abast, la seguretat inform\u00e0tica, el manteniment, els atacs inform\u00e0tics, les apps que et poden ajudar, les solucions d&#039;impressi\u00f3, m\u00e8todes d&#039;emmagatzematge online, etc.<\/p>","protected":false},"excerpt":{"rendered":"<p>En Apen podr\u00e9is encontrar los mejores servicios de renting de toda la provincia de Barcelona, tales como el&nbsp;alquiler&nbsp;de la&nbsp;fotocopiadora&nbsp;OKI&nbsp;en&nbsp;Granollers, con el que podr\u00e9is disfrutar de un servicio muy pr\u00e1ctico, eficiente, c\u00f3modo, productivo y multifuncional, de una forma sencilla, accesible y muy beneficiosa para tu empresa. Es un tipo de renting que se convierte en un&#8230;<\/p>","protected":false},"author":4,"featured_media":0,"parent":12912,"menu_order":0,"comment_status":"closed","ping_status":"closed","template":"page-renting-impresoras.php","meta":{"_acf_changed":false,"_kad_blocks_custom_css":"","_kad_blocks_head_custom_js":"","_kad_blocks_body_custom_js":"","_kad_blocks_footer_custom_js":"","_kad_post_transparent":"","_kad_post_title":"","_kad_post_layout":"","_kad_post_sidebar_id":"","_kad_post_content_style":"","_kad_post_vertical_padding":"","_kad_post_feature":"","_kad_post_feature_position":"","_kad_post_header":false,"_kad_post_footer":false,"_kad_post_classname":"","footnotes":""},"class_list":["post-12926","page","type-page","status-publish","hentry"],"acf":[],"yoast_head":"<!-- This site is optimized with the Yoast SEO plugin v27.4 - https:\/\/yoast.com\/product\/yoast-seo-wordpress\/ -->\n<title>Alquiler fotocopiadora OKI Granollers - Apen Inform\u00e1tica<\/title>\n<meta name=\"description\" content=\"Alquiler de fotocopiadoras de la marca OKI en Granollers Soluciones de impresi\u00f3n para empresas. Renting y Alquiler de impresoras y fotocopiadora.\" \/>\n<meta name=\"robots\" content=\"index, follow, max-snippet:-1, max-image-preview:large, max-video-preview:-1\" \/>\n<link rel=\"canonical\" href=\"https:\/\/www.apen.es\/ca\/fotocopiadora\/lloguer-fotocopiadora-oki\/lloguer-granollers\/\" \/>\n<meta property=\"og:locale\" content=\"ca_ES\" \/>\n<meta property=\"og:type\" content=\"article\" \/>\n<meta property=\"og:title\" content=\"Alquiler fotocopiadora OKI Granollers - Apen Inform\u00e1tica\" \/>\n<meta property=\"og:description\" content=\"Alquiler de fotocopiadoras de la marca OKI en Granollers Soluciones de impresi\u00f3n para empresas. Renting y Alquiler de impresoras y fotocopiadora.\" \/>\n<meta property=\"og:url\" content=\"https:\/\/www.apen.es\/ca\/fotocopiadora\/lloguer-fotocopiadora-oki\/lloguer-granollers\/\" \/>\n<meta property=\"og:site_name\" content=\"Apen Inform\u00e1tica\" \/>\n<meta property=\"article:publisher\" content=\"https:\/\/www.facebook.com\/apensolucions\" \/>\n<meta property=\"article:modified_time\" content=\"2025-05-23T08:14:46+00:00\" \/>\n<meta property=\"og:image\" content=\"https:\/\/www.apen.es\/wp-content\/uploads\/2016\/05\/logo-apen-231x82-trasparent.png\" \/>\n\t<meta property=\"og:image:width\" content=\"231\" \/>\n\t<meta property=\"og:image:height\" content=\"82\" \/>\n\t<meta property=\"og:image:type\" content=\"image\/png\" \/>\n<meta name=\"twitter:card\" content=\"summary_large_image\" \/>\n<meta name=\"twitter:label1\" content=\"Temps estimat de lectura\" \/>\n\t<meta name=\"twitter:data1\" content=\"8 minuts\" \/>\n<script type=\"application\/ld+json\" class=\"yoast-schema-graph\">{\"@context\":\"https:\\\/\\\/schema.org\",\"@graph\":[{\"@type\":\"WebPage\",\"@id\":\"https:\\\/\\\/www.apen.es\\\/fotocopiadora\\\/alquiler-fotocopiadora-oki\\\/alquiler-granollers\\\/\",\"url\":\"https:\\\/\\\/www.apen.es\\\/fotocopiadora\\\/alquiler-fotocopiadora-oki\\\/alquiler-granollers\\\/\",\"name\":\"Alquiler fotocopiadora OKI Granollers - Apen Inform\u00e1tica\",\"isPartOf\":{\"@id\":\"https:\\\/\\\/www.apen.es\\\/#website\"},\"datePublished\":\"2019-02-07T13:40:46+00:00\",\"dateModified\":\"2025-05-23T08:14:46+00:00\",\"description\":\"Alquiler de fotocopiadoras de la marca OKI en Granollers Soluciones de impresi\u00f3n para empresas. Renting y Alquiler de impresoras y fotocopiadora.\",\"breadcrumb\":{\"@id\":\"https:\\\/\\\/www.apen.es\\\/fotocopiadora\\\/alquiler-fotocopiadora-oki\\\/alquiler-granollers\\\/#breadcrumb\"},\"inLanguage\":\"ca\",\"potentialAction\":[{\"@type\":\"ReadAction\",\"target\":[\"https:\\\/\\\/www.apen.es\\\/fotocopiadora\\\/alquiler-fotocopiadora-oki\\\/alquiler-granollers\\\/\"]}]},{\"@type\":\"BreadcrumbList\",\"@id\":\"https:\\\/\\\/www.apen.es\\\/fotocopiadora\\\/alquiler-fotocopiadora-oki\\\/alquiler-granollers\\\/#breadcrumb\",\"itemListElement\":[{\"@type\":\"ListItem\",\"position\":1,\"name\":\"Portada\",\"item\":\"https:\\\/\\\/www.apen.es\\\/\"},{\"@type\":\"ListItem\",\"position\":2,\"name\":\"Fotocopiadora\",\"item\":\"https:\\\/\\\/www.apen.es\\\/fotocopiadora\\\/\"},{\"@type\":\"ListItem\",\"position\":3,\"name\":\"Alquiler fotocopiadora OKI\",\"item\":\"https:\\\/\\\/www.apen.es\\\/fotocopiadora\\\/alquiler-fotocopiadora-oki\\\/\"},{\"@type\":\"ListItem\",\"position\":4,\"name\":\"Alquiler fotocopiadora OKI Granollers\"}]},{\"@type\":\"WebSite\",\"@id\":\"https:\\\/\\\/www.apen.es\\\/#website\",\"url\":\"https:\\\/\\\/www.apen.es\\\/\",\"name\":\"Apen Inform\u00e1tica\",\"description\":\"Mantenimiento Inform\u00e1tico , Software de Gesti\u00f3n, Soluciones de impresi\u00f3n\",\"publisher\":{\"@id\":\"https:\\\/\\\/www.apen.es\\\/#organization\"},\"potentialAction\":[{\"@type\":\"SearchAction\",\"target\":{\"@type\":\"EntryPoint\",\"urlTemplate\":\"https:\\\/\\\/www.apen.es\\\/?s={search_term_string}\"},\"query-input\":{\"@type\":\"PropertyValueSpecification\",\"valueRequired\":true,\"valueName\":\"search_term_string\"}}],\"inLanguage\":\"ca\"},{\"@type\":\"Organization\",\"@id\":\"https:\\\/\\\/www.apen.es\\\/#organization\",\"name\":\"Apen: Soluciones inform\u00e1ticas\",\"url\":\"https:\\\/\\\/www.apen.es\\\/\",\"logo\":{\"@type\":\"ImageObject\",\"inLanguage\":\"ca\",\"@id\":\"https:\\\/\\\/www.apen.es\\\/#\\\/schema\\\/logo\\\/image\\\/\",\"url\":\"https:\\\/\\\/www.apen.es\\\/wp-content\\\/uploads\\\/2022\\\/08\\\/logo-apenok-231x82-1.png\",\"contentUrl\":\"https:\\\/\\\/www.apen.es\\\/wp-content\\\/uploads\\\/2022\\\/08\\\/logo-apenok-231x82-1.png\",\"width\":231,\"height\":82,\"caption\":\"Apen: Soluciones inform\u00e1ticas\"},\"image\":{\"@id\":\"https:\\\/\\\/www.apen.es\\\/#\\\/schema\\\/logo\\\/image\\\/\"},\"sameAs\":[\"https:\\\/\\\/www.facebook.com\\\/apensolucions\",\"https:\\\/\\\/www.youtube.com\\\/user\\\/ApenCentreInformatic\",\"https:\\\/\\\/www.linkedin.com\\\/company\\\/1021771?trk=tyah&trkInfo=clickedVerticalcompanyclickedEntityId1021771idx2-1-2tarId1464195271196tasapenin\"]}]}<\/script>\n<!-- \/ Yoast SEO plugin. -->","yoast_head_json":{"title":"Lloguer fotocopiadora OKI Granollers - Apen Inform\u00e0tica","description":"Lloguer de fotocopiadores de la marca OKI a Granollers Solucions d\u00b4impressi\u00f3 per a empreses. R\u00e8nting i lloguer d&#039;impressores i fotocopiadora.","robots":{"index":"index","follow":"follow","max-snippet":"max-snippet:-1","max-image-preview":"max-image-preview:large","max-video-preview":"max-video-preview:-1"},"canonical":"https:\/\/www.apen.es\/ca\/fotocopiadora\/lloguer-fotocopiadora-oki\/lloguer-granollers\/","og_locale":"ca_ES","og_type":"article","og_title":"Alquiler fotocopiadora OKI Granollers - Apen Inform\u00e1tica","og_description":"Alquiler de fotocopiadoras de la marca OKI en Granollers Soluciones de impresi\u00f3n para empresas. Renting y Alquiler de impresoras y fotocopiadora.","og_url":"https:\/\/www.apen.es\/ca\/fotocopiadora\/lloguer-fotocopiadora-oki\/lloguer-granollers\/","og_site_name":"Apen Inform\u00e1tica","article_publisher":"https:\/\/www.facebook.com\/apensolucions","article_modified_time":"2025-05-23T08:14:46+00:00","og_image":[{"width":231,"height":82,"url":"https:\/\/www.apen.es\/wp-content\/uploads\/2016\/05\/logo-apen-231x82-trasparent.png","type":"image\/png"}],"twitter_card":"summary_large_image","twitter_misc":{"Temps estimat de lectura":"8 minuts"},"schema":{"@context":"https:\/\/schema.org","@graph":[{"@type":"WebPage","@id":"https:\/\/www.apen.es\/fotocopiadora\/alquiler-fotocopiadora-oki\/alquiler-granollers\/","url":"https:\/\/www.apen.es\/fotocopiadora\/alquiler-fotocopiadora-oki\/alquiler-granollers\/","name":"Lloguer fotocopiadora OKI Granollers - Apen Inform\u00e0tica","isPartOf":{"@id":"https:\/\/www.apen.es\/#website"},"datePublished":"2019-02-07T13:40:46+00:00","dateModified":"2025-05-23T08:14:46+00:00","description":"Lloguer de fotocopiadores de la marca OKI a Granollers Solucions d\u00b4impressi\u00f3 per a empreses. R\u00e8nting i lloguer d&#039;impressores i fotocopiadora.","breadcrumb":{"@id":"https:\/\/www.apen.es\/fotocopiadora\/alquiler-fotocopiadora-oki\/alquiler-granollers\/#breadcrumb"},"inLanguage":"ca","potentialAction":[{"@type":"ReadAction","target":["https:\/\/www.apen.es\/fotocopiadora\/alquiler-fotocopiadora-oki\/alquiler-granollers\/"]}]},{"@type":"BreadcrumbList","@id":"https:\/\/www.apen.es\/fotocopiadora\/alquiler-fotocopiadora-oki\/alquiler-granollers\/#breadcrumb","itemListElement":[{"@type":"ListItem","position":1,"name":"Portada","item":"https:\/\/www.apen.es\/"},{"@type":"ListItem","position":2,"name":"Fotocopiadora","item":"https:\/\/www.apen.es\/fotocopiadora\/"},{"@type":"ListItem","position":3,"name":"Alquiler fotocopiadora OKI","item":"https:\/\/www.apen.es\/fotocopiadora\/alquiler-fotocopiadora-oki\/"},{"@type":"ListItem","position":4,"name":"Alquiler fotocopiadora OKI Granollers"}]},{"@type":"WebSite","@id":"https:\/\/www.apen.es\/#website","url":"https:\/\/www.apen.es\/","name":"Apen Inform\u00e0tica","description":"Manteniment inform\u00e0tic , programari de gesti\u00f3, solucions d&#039;impressi\u00f3","publisher":{"@id":"https:\/\/www.apen.es\/#organization"},"potentialAction":[{"@type":"SearchAction","target":{"@type":"EntryPoint","urlTemplate":"https:\/\/www.apen.es\/?s={search_term_string}"},"query-input":{"@type":"PropertyValueSpecification","valueRequired":true,"valueName":"search_term_string"}}],"inLanguage":"ca"},{"@type":"Organization","@id":"https:\/\/www.apen.es\/#organization","name":"Apen: Solucions inform\u00e0tiques","url":"https:\/\/www.apen.es\/","logo":{"@type":"ImageObject","inLanguage":"ca","@id":"https:\/\/www.apen.es\/#\/schema\/logo\/image\/","url":"https:\/\/www.apen.es\/wp-content\/uploads\/2022\/08\/logo-apenok-231x82-1.png","contentUrl":"https:\/\/www.apen.es\/wp-content\/uploads\/2022\/08\/logo-apenok-231x82-1.png","width":231,"height":82,"caption":"Apen: Soluciones inform\u00e1ticas"},"image":{"@id":"https:\/\/www.apen.es\/#\/schema\/logo\/image\/"},"sameAs":["https:\/\/www.facebook.com\/apensolucions","https:\/\/www.youtube.com\/user\/ApenCentreInformatic","https:\/\/www.linkedin.com\/company\/1021771?trk=tyah&trkInfo=clickedVerticalcompanyclickedEntityId1021771idx2-1-2tarId1464195271196tasapenin"]}]}},"taxonomy_info":[],"featured_image_src_large":false,"author_info":{"display_name":"marqueting","author_link":"https:\/\/www.apen.es\/ca\/blog\/author\/marqueting\/"},"comment_info":0,"_links":{"self":[{"href":"https:\/\/www.apen.es\/ca\/wp-json\/wp\/v2\/pages\/12926","targetHints":{"allow":["GET"]}}],"collection":[{"href":"https:\/\/www.apen.es\/ca\/wp-json\/wp\/v2\/pages"}],"about":[{"href":"https:\/\/www.apen.es\/ca\/wp-json\/wp\/v2\/types\/page"}],"author":[{"embeddable":true,"href":"https:\/\/www.apen.es\/ca\/wp-json\/wp\/v2\/users\/4"}],"replies":[{"embeddable":true,"href":"https:\/\/www.apen.es\/ca\/wp-json\/wp\/v2\/comments?post=12926"}],"version-history":[{"count":3,"href":"https:\/\/www.apen.es\/ca\/wp-json\/wp\/v2\/pages\/12926\/revisions"}],"predecessor-version":[{"id":54845,"href":"https:\/\/www.apen.es\/ca\/wp-json\/wp\/v2\/pages\/12926\/revisions\/54845"}],"up":[{"embeddable":true,"href":"https:\/\/www.apen.es\/ca\/wp-json\/wp\/v2\/pages\/12912"}],"wp:attachment":[{"href":"https:\/\/www.apen.es\/ca\/wp-json\/wp\/v2\/media?parent=12926"}],"curies":[{"name":"wp","href":"https:\/\/api.w.org\/{rel}","templated":true}]}}