{"id":12923,"date":"2019-02-07T13:37:03","date_gmt":"2019-02-07T13:37:03","guid":{"rendered":"https:\/\/www.apen.es\/?page_id=12923"},"modified":"2025-05-23T08:32:35","modified_gmt":"2025-05-23T08:32:35","slug":"lloguer-vic","status":"publish","type":"page","link":"https:\/\/www.apen.es\/ca\/fotocopiadora\/alquiler-fotocopiadora-hp\/alquiler-vic\/","title":{"rendered":"Lloguer fotocopiadora HP Vic"},"content":{"rendered":"<p>Gaudeix de tots els avantatges que et pot proporcionar el nostre&nbsp;<strong>lloguer<\/strong>&nbsp;de la&nbsp;<strong>fotocopiadora<\/strong>&nbsp;multifunci\u00f3&nbsp;<strong>HP<\/strong>&nbsp;a&nbsp;<strong>Vic<\/strong>, amb les prestacions i funcionalitats que ofereixen les impressores de darrera generaci\u00f3 de les marques capdavanteres en aquest sector i de les quals tenim la sort de ser distribu\u00efdors.<\/p>\n\n\n\n<p>Aquest r\u00e8nting funciona a trav\u00e9s del m\u00e8tode &quot;preu per c\u00f2pia&quot;, que permet al client gaudir d&#039;un servei excepcional a un preu molt competitiu i nom\u00e9s haur\u00e0 de pagar per les p\u00e0gines que imprimeixi i pel consum el\u00e8ctric de l&#039;equip. Aix\u00f2 permet que l&#039;empresa client pugui estalviar, considerablement, els costos anuals d&#039;impressi\u00f3 i aconseguir un m\u00e8tode de treball m\u00e9s productiu, competitiu i eficient, podent desenvolupar m\u00faltiples tasques des d&#039;un \u00fanic lloc.<\/p>\n\n\n\n<p>A Apen, despr\u00e9s de m\u00e9s de 25 anys d&#039;experi\u00e8ncia en el manteniment i la seguretat inform\u00e0tica, sabem que perqu\u00e8 un equip pugui allargar el cicle de vida en perfecte estat, hem de tenir molt en compte el manteniment preventiu. \u00c9s per aix\u00f2 que hem decidit incloure un servei d&#039;assist\u00e8ncia t\u00e8cnica professional en contractar el servei de&nbsp;<strong>lloguer<\/strong>&nbsp;de la&nbsp;<strong>fotocopiadora<\/strong>&nbsp;<strong>HP<\/strong>&nbsp;a&nbsp;<strong>Vic<\/strong>, sense que el client hagi de pagar cap tipus de cost addicional per aix\u00f2. Aquest servei t\u00e8cnic inclou el manteniment de l&#039;equip, la instal\u00b7laci\u00f3 i la configuraci\u00f3, el recanvi de peces i de consumibles, la reparaci\u00f3 i la substituci\u00f3 de l&#039;equip en cas d&#039;avaria, l&#039;assessorament, l&#039;assist\u00e8ncia t\u00e8cnica en menys de quatre hores i tot el que tingui a veure amb la seguretat i el manteniment inform\u00e0tic.<\/p>\n\n\n\n<p>El&nbsp;<strong>lloguer<\/strong>&nbsp;de la&nbsp;<strong>fotocopiadora<\/strong>&nbsp;<strong>HP<\/strong>&nbsp;a&nbsp;<strong>Vic<\/strong>&nbsp;suposa un nou model de finan\u00e7ament innovador i molt interessant per a tot tipus d&#039;empreses, que poden tenir una impressora d&#039;\u00faltima generaci\u00f3 de manera molt accessible i eficient. A m\u00e9s, \u00e9s un servei de r\u00e8nting sostenible, que fomenta les impressions conscients lluitant contra el malbaratament de paper i promou una economia m\u00e9s justa, que permet al client pagar pel servei i no per l&#039;adquisici\u00f3 de l&#039;equip.<\/p>\n\n\n\n<p>Si vols con\u00e8ixer tots els detalls sobre el nostre servei de&nbsp;<strong>lloguer<\/strong>&nbsp;de la&nbsp;<strong>fotocopiadora<\/strong>&nbsp;multifunci\u00f3&nbsp;<strong>HP<\/strong>&nbsp;a&nbsp;<strong>Vic<\/strong>&nbsp;i de la resta dels nostres productes i serveis, us animem a visitar la nostra p\u00e0gina web. All\u00e0 podr\u00e0s con\u00e8ixer m\u00e9s serveis multifuncionals com ara el programari de gesti\u00f3 empresarial a3ERP, que permet unificar tots els departaments de l&#039;empresa en un \u00fanic programa, per poder realitzar una supervisi\u00f3 molt m\u00e9s professional, pr\u00e0ctica, c\u00f2moda i eficient, sense haver de disposar de m\u00faltiples programes.<\/p>\n\n\n\n<p>A la nostra p\u00e0gina web tamb\u00e9 pots seguir el nostre bloc, per mantenir-te al dia de tot el que passa en relaci\u00f3 amb la gesti\u00f3 empresarial, el manteniment i la seguretat inform\u00e0tica, apps i eines digitals, etc.<\/p>","protected":false},"excerpt":{"rendered":"<p>Disfruta de todas las ventajas que puede proporcionarte nuestro&nbsp;alquiler&nbsp;de la&nbsp;fotocopiadora&nbsp;multifunci\u00f3n&nbsp;HP&nbsp;en&nbsp;Vic, con las prestaciones y funcionalidades que ofrecen las impresoras de \u00faltima generaci\u00f3n de las marcas l\u00edderes en este sector y de las cuales tenemos la suerte de ser distribuidores. Este renting funciona a trav\u00e9s del m\u00e9todo \u201cprecio por copia\u201d, que permite al cliente disfrutar de&#8230;<\/p>","protected":false},"author":4,"featured_media":0,"parent":12907,"menu_order":0,"comment_status":"closed","ping_status":"closed","template":"page-renting-impresoras.php","meta":{"_acf_changed":false,"_kad_blocks_custom_css":"","_kad_blocks_head_custom_js":"","_kad_blocks_body_custom_js":"","_kad_blocks_footer_custom_js":"","_kad_post_transparent":"","_kad_post_title":"","_kad_post_layout":"","_kad_post_sidebar_id":"","_kad_post_content_style":"","_kad_post_vertical_padding":"","_kad_post_feature":"","_kad_post_feature_position":"","_kad_post_header":false,"_kad_post_footer":false,"_kad_post_classname":"","footnotes":""},"class_list":["post-12923","page","type-page","status-publish","hentry"],"acf":[],"yoast_head":"<!-- This site is optimized with the Yoast SEO plugin v27.4 - https:\/\/yoast.com\/product\/yoast-seo-wordpress\/ -->\n<title>Alquiler fotocopiadora HP Vic - Apen Inform\u00e1tica<\/title>\n<meta name=\"description\" content=\"Alquiler de fotocopiadoras de la marca HP en Vic. Soluciones de impresi\u00f3n para empresas. Renting y Alquiler de impreosras, multifunci\u00f3n y fotocopiadora.\" \/>\n<meta name=\"robots\" content=\"index, follow, max-snippet:-1, max-image-preview:large, max-video-preview:-1\" \/>\n<link rel=\"canonical\" href=\"https:\/\/www.apen.es\/ca\/fotocopiadora\/lloguer-fotocopiadora-hp\/lloguer-vic\/\" \/>\n<meta property=\"og:locale\" content=\"ca_ES\" \/>\n<meta property=\"og:type\" content=\"article\" \/>\n<meta property=\"og:title\" content=\"Alquiler fotocopiadora HP Vic - Apen Inform\u00e1tica\" \/>\n<meta property=\"og:description\" content=\"Alquiler de fotocopiadoras de la marca HP en Vic. Soluciones de impresi\u00f3n para empresas. Renting y Alquiler de impreosras, multifunci\u00f3n y fotocopiadora.\" \/>\n<meta property=\"og:url\" content=\"https:\/\/www.apen.es\/ca\/fotocopiadora\/lloguer-fotocopiadora-hp\/lloguer-vic\/\" \/>\n<meta property=\"og:site_name\" content=\"Apen Inform\u00e1tica\" \/>\n<meta property=\"article:publisher\" content=\"https:\/\/www.facebook.com\/apensolucions\" \/>\n<meta property=\"article:modified_time\" content=\"2025-05-23T08:32:35+00:00\" \/>\n<meta property=\"og:image\" content=\"https:\/\/www.apen.es\/wp-content\/uploads\/2016\/05\/logo-apen-231x82-trasparent.png\" \/>\n\t<meta property=\"og:image:width\" content=\"231\" \/>\n\t<meta property=\"og:image:height\" content=\"82\" \/>\n\t<meta property=\"og:image:type\" content=\"image\/png\" \/>\n<meta name=\"twitter:card\" content=\"summary_large_image\" \/>\n<meta name=\"twitter:label1\" content=\"Temps estimat de lectura\" \/>\n\t<meta name=\"twitter:data1\" content=\"8 minuts\" \/>\n<script type=\"application\/ld+json\" class=\"yoast-schema-graph\">{\"@context\":\"https:\\\/\\\/schema.org\",\"@graph\":[{\"@type\":\"WebPage\",\"@id\":\"https:\\\/\\\/www.apen.es\\\/fotocopiadora\\\/alquiler-fotocopiadora-hp\\\/alquiler-vic\\\/\",\"url\":\"https:\\\/\\\/www.apen.es\\\/fotocopiadora\\\/alquiler-fotocopiadora-hp\\\/alquiler-vic\\\/\",\"name\":\"Alquiler fotocopiadora HP Vic - Apen Inform\u00e1tica\",\"isPartOf\":{\"@id\":\"https:\\\/\\\/www.apen.es\\\/#website\"},\"datePublished\":\"2019-02-07T13:37:03+00:00\",\"dateModified\":\"2025-05-23T08:32:35+00:00\",\"description\":\"Alquiler de fotocopiadoras de la marca HP en Vic. Soluciones de impresi\u00f3n para empresas. Renting y Alquiler de impreosras, multifunci\u00f3n y fotocopiadora.\",\"breadcrumb\":{\"@id\":\"https:\\\/\\\/www.apen.es\\\/fotocopiadora\\\/alquiler-fotocopiadora-hp\\\/alquiler-vic\\\/#breadcrumb\"},\"inLanguage\":\"ca\",\"potentialAction\":[{\"@type\":\"ReadAction\",\"target\":[\"https:\\\/\\\/www.apen.es\\\/fotocopiadora\\\/alquiler-fotocopiadora-hp\\\/alquiler-vic\\\/\"]}]},{\"@type\":\"BreadcrumbList\",\"@id\":\"https:\\\/\\\/www.apen.es\\\/fotocopiadora\\\/alquiler-fotocopiadora-hp\\\/alquiler-vic\\\/#breadcrumb\",\"itemListElement\":[{\"@type\":\"ListItem\",\"position\":1,\"name\":\"Portada\",\"item\":\"https:\\\/\\\/www.apen.es\\\/\"},{\"@type\":\"ListItem\",\"position\":2,\"name\":\"Fotocopiadora\",\"item\":\"https:\\\/\\\/www.apen.es\\\/fotocopiadora\\\/\"},{\"@type\":\"ListItem\",\"position\":3,\"name\":\"Alquiler fotocopiadora HP\",\"item\":\"https:\\\/\\\/www.apen.es\\\/fotocopiadora\\\/alquiler-fotocopiadora-hp\\\/\"},{\"@type\":\"ListItem\",\"position\":4,\"name\":\"Alquiler fotocopiadora HP Vic\"}]},{\"@type\":\"WebSite\",\"@id\":\"https:\\\/\\\/www.apen.es\\\/#website\",\"url\":\"https:\\\/\\\/www.apen.es\\\/\",\"name\":\"Apen Inform\u00e1tica\",\"description\":\"Mantenimiento Inform\u00e1tico , Software de Gesti\u00f3n, Soluciones de impresi\u00f3n\",\"publisher\":{\"@id\":\"https:\\\/\\\/www.apen.es\\\/#organization\"},\"potentialAction\":[{\"@type\":\"SearchAction\",\"target\":{\"@type\":\"EntryPoint\",\"urlTemplate\":\"https:\\\/\\\/www.apen.es\\\/?s={search_term_string}\"},\"query-input\":{\"@type\":\"PropertyValueSpecification\",\"valueRequired\":true,\"valueName\":\"search_term_string\"}}],\"inLanguage\":\"ca\"},{\"@type\":\"Organization\",\"@id\":\"https:\\\/\\\/www.apen.es\\\/#organization\",\"name\":\"Apen: Soluciones inform\u00e1ticas\",\"url\":\"https:\\\/\\\/www.apen.es\\\/\",\"logo\":{\"@type\":\"ImageObject\",\"inLanguage\":\"ca\",\"@id\":\"https:\\\/\\\/www.apen.es\\\/#\\\/schema\\\/logo\\\/image\\\/\",\"url\":\"https:\\\/\\\/www.apen.es\\\/wp-content\\\/uploads\\\/2022\\\/08\\\/logo-apenok-231x82-1.png\",\"contentUrl\":\"https:\\\/\\\/www.apen.es\\\/wp-content\\\/uploads\\\/2022\\\/08\\\/logo-apenok-231x82-1.png\",\"width\":231,\"height\":82,\"caption\":\"Apen: Soluciones inform\u00e1ticas\"},\"image\":{\"@id\":\"https:\\\/\\\/www.apen.es\\\/#\\\/schema\\\/logo\\\/image\\\/\"},\"sameAs\":[\"https:\\\/\\\/www.facebook.com\\\/apensolucions\",\"https:\\\/\\\/www.youtube.com\\\/user\\\/ApenCentreInformatic\",\"https:\\\/\\\/www.linkedin.com\\\/company\\\/1021771?trk=tyah&trkInfo=clickedVerticalcompanyclickedEntityId1021771idx2-1-2tarId1464195271196tasapenin\"]}]}<\/script>\n<!-- \/ Yoast SEO plugin. -->","yoast_head_json":{"title":"Lloguer fotocopiadora HP Vic - Apen Inform\u00e0tica","description":"Lloguer de fotocopiadores de la marca HP a Vic. Solucions d&#039;impressi\u00f3 per a empreses. R\u00e8nting i lloguer d&#039;impresores, multifunci\u00f3 i fotocopiadora.","robots":{"index":"index","follow":"follow","max-snippet":"max-snippet:-1","max-image-preview":"max-image-preview:large","max-video-preview":"max-video-preview:-1"},"canonical":"https:\/\/www.apen.es\/ca\/fotocopiadora\/lloguer-fotocopiadora-hp\/lloguer-vic\/","og_locale":"ca_ES","og_type":"article","og_title":"Alquiler fotocopiadora HP Vic - Apen Inform\u00e1tica","og_description":"Alquiler de fotocopiadoras de la marca HP en Vic. Soluciones de impresi\u00f3n para empresas. Renting y Alquiler de impreosras, multifunci\u00f3n y fotocopiadora.","og_url":"https:\/\/www.apen.es\/ca\/fotocopiadora\/lloguer-fotocopiadora-hp\/lloguer-vic\/","og_site_name":"Apen Inform\u00e1tica","article_publisher":"https:\/\/www.facebook.com\/apensolucions","article_modified_time":"2025-05-23T08:32:35+00:00","og_image":[{"width":231,"height":82,"url":"https:\/\/www.apen.es\/wp-content\/uploads\/2016\/05\/logo-apen-231x82-trasparent.png","type":"image\/png"}],"twitter_card":"summary_large_image","twitter_misc":{"Temps estimat de lectura":"8 minuts"},"schema":{"@context":"https:\/\/schema.org","@graph":[{"@type":"WebPage","@id":"https:\/\/www.apen.es\/fotocopiadora\/alquiler-fotocopiadora-hp\/alquiler-vic\/","url":"https:\/\/www.apen.es\/fotocopiadora\/alquiler-fotocopiadora-hp\/alquiler-vic\/","name":"Lloguer fotocopiadora HP Vic - Apen Inform\u00e0tica","isPartOf":{"@id":"https:\/\/www.apen.es\/#website"},"datePublished":"2019-02-07T13:37:03+00:00","dateModified":"2025-05-23T08:32:35+00:00","description":"Lloguer de fotocopiadores de la marca HP a Vic. Solucions d&#039;impressi\u00f3 per a empreses. R\u00e8nting i lloguer d&#039;impresores, multifunci\u00f3 i fotocopiadora.","breadcrumb":{"@id":"https:\/\/www.apen.es\/fotocopiadora\/alquiler-fotocopiadora-hp\/alquiler-vic\/#breadcrumb"},"inLanguage":"ca","potentialAction":[{"@type":"ReadAction","target":["https:\/\/www.apen.es\/fotocopiadora\/alquiler-fotocopiadora-hp\/alquiler-vic\/"]}]},{"@type":"BreadcrumbList","@id":"https:\/\/www.apen.es\/fotocopiadora\/alquiler-fotocopiadora-hp\/alquiler-vic\/#breadcrumb","itemListElement":[{"@type":"ListItem","position":1,"name":"Portada","item":"https:\/\/www.apen.es\/"},{"@type":"ListItem","position":2,"name":"Fotocopiadora","item":"https:\/\/www.apen.es\/fotocopiadora\/"},{"@type":"ListItem","position":3,"name":"Alquiler fotocopiadora HP","item":"https:\/\/www.apen.es\/fotocopiadora\/alquiler-fotocopiadora-hp\/"},{"@type":"ListItem","position":4,"name":"Alquiler fotocopiadora HP Vic"}]},{"@type":"WebSite","@id":"https:\/\/www.apen.es\/#website","url":"https:\/\/www.apen.es\/","name":"Apen Inform\u00e0tica","description":"Manteniment inform\u00e0tic , programari de gesti\u00f3, solucions d&#039;impressi\u00f3","publisher":{"@id":"https:\/\/www.apen.es\/#organization"},"potentialAction":[{"@type":"SearchAction","target":{"@type":"EntryPoint","urlTemplate":"https:\/\/www.apen.es\/?s={search_term_string}"},"query-input":{"@type":"PropertyValueSpecification","valueRequired":true,"valueName":"search_term_string"}}],"inLanguage":"ca"},{"@type":"Organization","@id":"https:\/\/www.apen.es\/#organization","name":"Apen: Solucions inform\u00e0tiques","url":"https:\/\/www.apen.es\/","logo":{"@type":"ImageObject","inLanguage":"ca","@id":"https:\/\/www.apen.es\/#\/schema\/logo\/image\/","url":"https:\/\/www.apen.es\/wp-content\/uploads\/2022\/08\/logo-apenok-231x82-1.png","contentUrl":"https:\/\/www.apen.es\/wp-content\/uploads\/2022\/08\/logo-apenok-231x82-1.png","width":231,"height":82,"caption":"Apen: Soluciones inform\u00e1ticas"},"image":{"@id":"https:\/\/www.apen.es\/#\/schema\/logo\/image\/"},"sameAs":["https:\/\/www.facebook.com\/apensolucions","https:\/\/www.youtube.com\/user\/ApenCentreInformatic","https:\/\/www.linkedin.com\/company\/1021771?trk=tyah&trkInfo=clickedVerticalcompanyclickedEntityId1021771idx2-1-2tarId1464195271196tasapenin"]}]}},"taxonomy_info":[],"featured_image_src_large":false,"author_info":{"display_name":"marqueting","author_link":"https:\/\/www.apen.es\/ca\/blog\/author\/marqueting\/"},"comment_info":0,"_links":{"self":[{"href":"https:\/\/www.apen.es\/ca\/wp-json\/wp\/v2\/pages\/12923","targetHints":{"allow":["GET"]}}],"collection":[{"href":"https:\/\/www.apen.es\/ca\/wp-json\/wp\/v2\/pages"}],"about":[{"href":"https:\/\/www.apen.es\/ca\/wp-json\/wp\/v2\/types\/page"}],"author":[{"embeddable":true,"href":"https:\/\/www.apen.es\/ca\/wp-json\/wp\/v2\/users\/4"}],"replies":[{"embeddable":true,"href":"https:\/\/www.apen.es\/ca\/wp-json\/wp\/v2\/comments?post=12923"}],"version-history":[{"count":4,"href":"https:\/\/www.apen.es\/ca\/wp-json\/wp\/v2\/pages\/12923\/revisions"}],"predecessor-version":[{"id":54946,"href":"https:\/\/www.apen.es\/ca\/wp-json\/wp\/v2\/pages\/12923\/revisions\/54946"}],"up":[{"embeddable":true,"href":"https:\/\/www.apen.es\/ca\/wp-json\/wp\/v2\/pages\/12907"}],"wp:attachment":[{"href":"https:\/\/www.apen.es\/ca\/wp-json\/wp\/v2\/media?parent=12923"}],"curies":[{"name":"wp","href":"https:\/\/api.w.org\/{rel}","templated":true}]}}