{"id":12918,"date":"2019-02-07T13:21:36","date_gmt":"2019-02-07T13:21:36","guid":{"rendered":"https:\/\/www.apen.es\/?page_id=12918"},"modified":"2025-05-23T08:31:39","modified_gmt":"2025-05-23T08:31:39","slug":"lloguer-vic","status":"publish","type":"page","link":"https:\/\/www.apen.es\/ca\/fotocopiadora\/alquiler-fotocopiadora-kyocera\/alquiler-vic\/","title":{"rendered":"Lloguer fotocopiadora KYOCERA Vic"},"content":{"rendered":"<p>Som distribu\u00efdors de les marques l\u00edders al sector de les solucions d&#039;impressi\u00f3, cosa que ens permet garantir-te els millors resultats per a la teva empresa en aquest sector. Treballem amb KYOCERA, OKI, HP i KONICA MINOLTA i aix\u00f2 ens permet formular solucions d&#039;impressi\u00f3 personalitzades i fetes a mida per als nostres clients, perqu\u00e8 podem triar entre un ampli ventall de possibilitats, com ara&nbsp;<strong>lloguer<\/strong>&nbsp;de la&nbsp;<strong>fotocopiadora<\/strong>&nbsp;multifunci\u00f3&nbsp;<strong>KYOCERA<\/strong>&nbsp;a&nbsp;<strong>Vic<\/strong>.<\/p>\n\n\n\n<p>\u00c9s un servei de r\u00e8nting que funciona a trav\u00e9s del sistema &quot;preu per c\u00f2pia&quot;, un nou model de finan\u00e7ament que permet gaudir de totes les prestacions i funcionalitats d&#039;una impressora d&#039;\u00fatlima generaci\u00f3, pagant \u00fanicament per les p\u00e0gines que imprimeixis i pel consum el\u00e8ctric de l&#039;equip. No tens cap mena de comprom\u00eds de perman\u00e8ncia ni est\u00e0s obligat a comprar l&#039;equip, ja que es tracta d&#039;un servei de&nbsp;<strong>lloguer<\/strong>&nbsp;de la&nbsp;<strong>fotocopiadora<\/strong>&nbsp;<strong>KYOCERA<\/strong>&nbsp;a&nbsp;<strong>Vic<\/strong>, que pots gaudir durant el temps que necessitis.<\/p>\n\n\n\n<p>Des d&#039;Apen, com a servei complementari, afegim un servei t\u00e8cnic professional que va incl\u00f2s en contractar el&nbsp;<strong>lloguer<\/strong>&nbsp;de la&nbsp;<strong>fotocopiadora<\/strong>&nbsp;<strong>KYOCERA<\/strong>&nbsp;a&nbsp;<strong>Vic<\/strong>&nbsp;d&#039;Apen. Aix\u00f2 vol dir que el nostre equip de t\u00e8cnics, experts en el manteniment i la seguretat inform\u00e0tica, s&#039;ocuparan d&#039;ajudar-te en aquest sentit amb tot all\u00f2 que necessitis. En aquest servei t\u00e8cnic incloem la instal\u00b7laci\u00f3 i configuraci\u00f3 de l&#039;equip, l&#039;assessorament, l&#039;assist\u00e8ncia t\u00e8cnica en menys de quatre hores, el recanvi de peces i de consumibles, la reparaci\u00f3 i la substituci\u00f3 de l&#039;equip en cas d&#039;avaries, etc. Pel que si contractes el&nbsp;<strong>lloguer<\/strong>&nbsp;de la&nbsp;<strong>fotocopiadora<\/strong>&nbsp;<strong>KYOCERA<\/strong>&nbsp;a&nbsp;<strong>Vic<\/strong>&nbsp;amb nosaltres rebr\u00e0s un servei integral, molt complet, per un preu realment competitiu.<\/p>\n\n\n\n<p>Descobreix amb el&nbsp;<strong>lloguer<\/strong>&nbsp;de la&nbsp;<strong>fotocopiadora<\/strong>&nbsp;<strong>KYOCERA<\/strong>&nbsp;a&nbsp;<strong>Vic<\/strong>&nbsp;d&#039;Apen una f\u00f3rmula efectiva de millorar la gesti\u00f3 de les impressions, podent realitzar m\u00faltiples tasques des d&#039;un mateix equip; impressions de qualitat, escaneig de documents, serveis intel\u00b7ligents, enviar fax, fer fotoc\u00f2pies, etc. Estalviant no nom\u00e9s temps sin\u00f3 tamb\u00e9 diners, en els costos anuals d&#039;impressi\u00f3 de la teva empresa.<\/p>\n\n\n\n<p>A Apen apostem per serveis multifuncionals que puguin facilitar el dia a dia de l&#039;empresa, a m\u00e9s de millorar-ne la productivitat i l&#039;efici\u00e8ncia. Per aix\u00f2, a la nostra p\u00e0gina web tamb\u00e9 podr\u00e0s con\u00e8ixer altres productes i serveis com el programari de gesti\u00f3 a3ERP, amb el qual podr\u00e0s unificar tots els departaments de la teva empresa de manera senzilla i molt \u00fatil. Per\u00f2 si vols con\u00e8ixer tot el que et podem oferir t&#039;animem a visitar la nostra p\u00e0gina web, on tamb\u00e9 descobrir\u00e0s un interessant bloc sobre totes les not\u00edcies i novetats sobre el manteniment i la seguretat inform\u00e0tica, la gesti\u00f3 empresarial, eines digitals, apps i plataformes interessants, av\u00eds de virus inform\u00e0tics, etc.<\/p>","protected":false},"excerpt":{"rendered":"<p>Somos distribuidores de las marcas l\u00edderes en el sector de las soluciones de impresi\u00f3n, lo que nos permite garantizarte los mejores resultados para tu empresa en este sector. Trabajamos con KYOCERA, OKI, HP y KONICA MINOLTA y esto nos permite formular soluciones de impresi\u00f3n personalizadas y hechas a medida para nuestros clientes, porque podemos elegir&#8230;<\/p>","protected":false},"author":4,"featured_media":0,"parent":12887,"menu_order":0,"comment_status":"closed","ping_status":"closed","template":"page-renting-impresoras.php","meta":{"_acf_changed":false,"_kad_blocks_custom_css":"","_kad_blocks_head_custom_js":"","_kad_blocks_body_custom_js":"","_kad_blocks_footer_custom_js":"","_kad_post_transparent":"","_kad_post_title":"","_kad_post_layout":"","_kad_post_sidebar_id":"","_kad_post_content_style":"","_kad_post_vertical_padding":"","_kad_post_feature":"","_kad_post_feature_position":"","_kad_post_header":false,"_kad_post_footer":false,"_kad_post_classname":"","footnotes":""},"class_list":["post-12918","page","type-page","status-publish","hentry"],"acf":[],"yoast_head":"<!-- This site is optimized with the Yoast SEO plugin v27.4 - https:\/\/yoast.com\/product\/yoast-seo-wordpress\/ -->\n<title>Alquiler fotocopiadora KYOCERA Vic - Apen Inform\u00e1tica<\/title>\n<meta name=\"description\" content=\"Alquiler de fotocopiadoras de la marca Kyocera en Vic. Soluciones de impresi\u00f3n para empresas. Renting y Alquiler de impresoras y fotocopiadora.\" \/>\n<meta name=\"robots\" content=\"index, follow, max-snippet:-1, max-image-preview:large, max-video-preview:-1\" \/>\n<link rel=\"canonical\" href=\"https:\/\/www.apen.es\/ca\/fotocopiadora\/lloguer-fotocopiadora-kyocera\/lloguer-vic\/\" \/>\n<meta property=\"og:locale\" content=\"ca_ES\" \/>\n<meta property=\"og:type\" content=\"article\" \/>\n<meta property=\"og:title\" content=\"Alquiler fotocopiadora KYOCERA Vic - Apen Inform\u00e1tica\" \/>\n<meta property=\"og:description\" content=\"Alquiler de fotocopiadoras de la marca Kyocera en Vic. Soluciones de impresi\u00f3n para empresas. Renting y Alquiler de impresoras y fotocopiadora.\" \/>\n<meta property=\"og:url\" content=\"https:\/\/www.apen.es\/ca\/fotocopiadora\/lloguer-fotocopiadora-kyocera\/lloguer-vic\/\" \/>\n<meta property=\"og:site_name\" content=\"Apen Inform\u00e1tica\" \/>\n<meta property=\"article:publisher\" content=\"https:\/\/www.facebook.com\/apensolucions\" \/>\n<meta property=\"article:modified_time\" content=\"2025-05-23T08:31:39+00:00\" \/>\n<meta property=\"og:image\" content=\"https:\/\/www.apen.es\/wp-content\/uploads\/2016\/05\/logo-apen-231x82-trasparent.png\" \/>\n\t<meta property=\"og:image:width\" content=\"231\" \/>\n\t<meta property=\"og:image:height\" content=\"82\" \/>\n\t<meta property=\"og:image:type\" content=\"image\/png\" \/>\n<meta name=\"twitter:card\" content=\"summary_large_image\" \/>\n<meta name=\"twitter:label1\" content=\"Temps estimat de lectura\" \/>\n\t<meta name=\"twitter:data1\" content=\"8 minuts\" \/>\n<script type=\"application\/ld+json\" class=\"yoast-schema-graph\">{\"@context\":\"https:\\\/\\\/schema.org\",\"@graph\":[{\"@type\":\"WebPage\",\"@id\":\"https:\\\/\\\/www.apen.es\\\/fotocopiadora\\\/alquiler-fotocopiadora-kyocera\\\/alquiler-vic\\\/\",\"url\":\"https:\\\/\\\/www.apen.es\\\/fotocopiadora\\\/alquiler-fotocopiadora-kyocera\\\/alquiler-vic\\\/\",\"name\":\"Alquiler fotocopiadora KYOCERA Vic - Apen Inform\u00e1tica\",\"isPartOf\":{\"@id\":\"https:\\\/\\\/www.apen.es\\\/#website\"},\"datePublished\":\"2019-02-07T13:21:36+00:00\",\"dateModified\":\"2025-05-23T08:31:39+00:00\",\"description\":\"Alquiler de fotocopiadoras de la marca Kyocera en Vic. Soluciones de impresi\u00f3n para empresas. Renting y Alquiler de impresoras y fotocopiadora.\",\"breadcrumb\":{\"@id\":\"https:\\\/\\\/www.apen.es\\\/fotocopiadora\\\/alquiler-fotocopiadora-kyocera\\\/alquiler-vic\\\/#breadcrumb\"},\"inLanguage\":\"ca\",\"potentialAction\":[{\"@type\":\"ReadAction\",\"target\":[\"https:\\\/\\\/www.apen.es\\\/fotocopiadora\\\/alquiler-fotocopiadora-kyocera\\\/alquiler-vic\\\/\"]}]},{\"@type\":\"BreadcrumbList\",\"@id\":\"https:\\\/\\\/www.apen.es\\\/fotocopiadora\\\/alquiler-fotocopiadora-kyocera\\\/alquiler-vic\\\/#breadcrumb\",\"itemListElement\":[{\"@type\":\"ListItem\",\"position\":1,\"name\":\"Portada\",\"item\":\"https:\\\/\\\/www.apen.es\\\/\"},{\"@type\":\"ListItem\",\"position\":2,\"name\":\"Fotocopiadora\",\"item\":\"https:\\\/\\\/www.apen.es\\\/fotocopiadora\\\/\"},{\"@type\":\"ListItem\",\"position\":3,\"name\":\"Alquiler fotocopiadora KYOCERA\",\"item\":\"https:\\\/\\\/www.apen.es\\\/fotocopiadora\\\/alquiler-fotocopiadora-kyocera\\\/\"},{\"@type\":\"ListItem\",\"position\":4,\"name\":\"Alquiler fotocopiadora KYOCERA Vic\"}]},{\"@type\":\"WebSite\",\"@id\":\"https:\\\/\\\/www.apen.es\\\/#website\",\"url\":\"https:\\\/\\\/www.apen.es\\\/\",\"name\":\"Apen Inform\u00e1tica\",\"description\":\"Mantenimiento Inform\u00e1tico , Software de Gesti\u00f3n, Soluciones de impresi\u00f3n\",\"publisher\":{\"@id\":\"https:\\\/\\\/www.apen.es\\\/#organization\"},\"potentialAction\":[{\"@type\":\"SearchAction\",\"target\":{\"@type\":\"EntryPoint\",\"urlTemplate\":\"https:\\\/\\\/www.apen.es\\\/?s={search_term_string}\"},\"query-input\":{\"@type\":\"PropertyValueSpecification\",\"valueRequired\":true,\"valueName\":\"search_term_string\"}}],\"inLanguage\":\"ca\"},{\"@type\":\"Organization\",\"@id\":\"https:\\\/\\\/www.apen.es\\\/#organization\",\"name\":\"Apen: Soluciones inform\u00e1ticas\",\"url\":\"https:\\\/\\\/www.apen.es\\\/\",\"logo\":{\"@type\":\"ImageObject\",\"inLanguage\":\"ca\",\"@id\":\"https:\\\/\\\/www.apen.es\\\/#\\\/schema\\\/logo\\\/image\\\/\",\"url\":\"https:\\\/\\\/www.apen.es\\\/wp-content\\\/uploads\\\/2022\\\/08\\\/logo-apenok-231x82-1.png\",\"contentUrl\":\"https:\\\/\\\/www.apen.es\\\/wp-content\\\/uploads\\\/2022\\\/08\\\/logo-apenok-231x82-1.png\",\"width\":231,\"height\":82,\"caption\":\"Apen: Soluciones inform\u00e1ticas\"},\"image\":{\"@id\":\"https:\\\/\\\/www.apen.es\\\/#\\\/schema\\\/logo\\\/image\\\/\"},\"sameAs\":[\"https:\\\/\\\/www.facebook.com\\\/apensolucions\",\"https:\\\/\\\/www.youtube.com\\\/user\\\/ApenCentreInformatic\",\"https:\\\/\\\/www.linkedin.com\\\/company\\\/1021771?trk=tyah&trkInfo=clickedVerticalcompanyclickedEntityId1021771idx2-1-2tarId1464195271196tasapenin\"]}]}<\/script>\n<!-- \/ Yoast SEO plugin. -->","yoast_head_json":{"title":"Lloguer fotocopiadora KYOCERA Vic - Apen Inform\u00e0tica","description":"Lloguer de fotocopiadores de la marca Kyocera a Vic. Solucions d&#039;impressi\u00f3 per a empreses. R\u00e8nting i lloguer d&#039;impressores i fotocopiadora.","robots":{"index":"index","follow":"follow","max-snippet":"max-snippet:-1","max-image-preview":"max-image-preview:large","max-video-preview":"max-video-preview:-1"},"canonical":"https:\/\/www.apen.es\/ca\/fotocopiadora\/lloguer-fotocopiadora-kyocera\/lloguer-vic\/","og_locale":"ca_ES","og_type":"article","og_title":"Alquiler fotocopiadora KYOCERA Vic - Apen Inform\u00e1tica","og_description":"Alquiler de fotocopiadoras de la marca Kyocera en Vic. Soluciones de impresi\u00f3n para empresas. Renting y Alquiler de impresoras y fotocopiadora.","og_url":"https:\/\/www.apen.es\/ca\/fotocopiadora\/lloguer-fotocopiadora-kyocera\/lloguer-vic\/","og_site_name":"Apen Inform\u00e1tica","article_publisher":"https:\/\/www.facebook.com\/apensolucions","article_modified_time":"2025-05-23T08:31:39+00:00","og_image":[{"width":231,"height":82,"url":"https:\/\/www.apen.es\/wp-content\/uploads\/2016\/05\/logo-apen-231x82-trasparent.png","type":"image\/png"}],"twitter_card":"summary_large_image","twitter_misc":{"Temps estimat de lectura":"8 minuts"},"schema":{"@context":"https:\/\/schema.org","@graph":[{"@type":"WebPage","@id":"https:\/\/www.apen.es\/fotocopiadora\/alquiler-fotocopiadora-kyocera\/alquiler-vic\/","url":"https:\/\/www.apen.es\/fotocopiadora\/alquiler-fotocopiadora-kyocera\/alquiler-vic\/","name":"Lloguer fotocopiadora KYOCERA Vic - Apen Inform\u00e0tica","isPartOf":{"@id":"https:\/\/www.apen.es\/#website"},"datePublished":"2019-02-07T13:21:36+00:00","dateModified":"2025-05-23T08:31:39+00:00","description":"Lloguer de fotocopiadores de la marca Kyocera a Vic. Solucions d&#039;impressi\u00f3 per a empreses. R\u00e8nting i lloguer d&#039;impressores i fotocopiadora.","breadcrumb":{"@id":"https:\/\/www.apen.es\/fotocopiadora\/alquiler-fotocopiadora-kyocera\/alquiler-vic\/#breadcrumb"},"inLanguage":"ca","potentialAction":[{"@type":"ReadAction","target":["https:\/\/www.apen.es\/fotocopiadora\/alquiler-fotocopiadora-kyocera\/alquiler-vic\/"]}]},{"@type":"BreadcrumbList","@id":"https:\/\/www.apen.es\/fotocopiadora\/alquiler-fotocopiadora-kyocera\/alquiler-vic\/#breadcrumb","itemListElement":[{"@type":"ListItem","position":1,"name":"Portada","item":"https:\/\/www.apen.es\/"},{"@type":"ListItem","position":2,"name":"Fotocopiadora","item":"https:\/\/www.apen.es\/fotocopiadora\/"},{"@type":"ListItem","position":3,"name":"Alquiler fotocopiadora KYOCERA","item":"https:\/\/www.apen.es\/fotocopiadora\/alquiler-fotocopiadora-kyocera\/"},{"@type":"ListItem","position":4,"name":"Alquiler fotocopiadora KYOCERA Vic"}]},{"@type":"WebSite","@id":"https:\/\/www.apen.es\/#website","url":"https:\/\/www.apen.es\/","name":"Apen Inform\u00e0tica","description":"Manteniment inform\u00e0tic , programari de gesti\u00f3, solucions d&#039;impressi\u00f3","publisher":{"@id":"https:\/\/www.apen.es\/#organization"},"potentialAction":[{"@type":"SearchAction","target":{"@type":"EntryPoint","urlTemplate":"https:\/\/www.apen.es\/?s={search_term_string}"},"query-input":{"@type":"PropertyValueSpecification","valueRequired":true,"valueName":"search_term_string"}}],"inLanguage":"ca"},{"@type":"Organization","@id":"https:\/\/www.apen.es\/#organization","name":"Apen: Solucions inform\u00e0tiques","url":"https:\/\/www.apen.es\/","logo":{"@type":"ImageObject","inLanguage":"ca","@id":"https:\/\/www.apen.es\/#\/schema\/logo\/image\/","url":"https:\/\/www.apen.es\/wp-content\/uploads\/2022\/08\/logo-apenok-231x82-1.png","contentUrl":"https:\/\/www.apen.es\/wp-content\/uploads\/2022\/08\/logo-apenok-231x82-1.png","width":231,"height":82,"caption":"Apen: Soluciones inform\u00e1ticas"},"image":{"@id":"https:\/\/www.apen.es\/#\/schema\/logo\/image\/"},"sameAs":["https:\/\/www.facebook.com\/apensolucions","https:\/\/www.youtube.com\/user\/ApenCentreInformatic","https:\/\/www.linkedin.com\/company\/1021771?trk=tyah&trkInfo=clickedVerticalcompanyclickedEntityId1021771idx2-1-2tarId1464195271196tasapenin"]}]}},"taxonomy_info":[],"featured_image_src_large":false,"author_info":{"display_name":"marqueting","author_link":"https:\/\/www.apen.es\/ca\/blog\/author\/marqueting\/"},"comment_info":0,"_links":{"self":[{"href":"https:\/\/www.apen.es\/ca\/wp-json\/wp\/v2\/pages\/12918","targetHints":{"allow":["GET"]}}],"collection":[{"href":"https:\/\/www.apen.es\/ca\/wp-json\/wp\/v2\/pages"}],"about":[{"href":"https:\/\/www.apen.es\/ca\/wp-json\/wp\/v2\/types\/page"}],"author":[{"embeddable":true,"href":"https:\/\/www.apen.es\/ca\/wp-json\/wp\/v2\/users\/4"}],"replies":[{"embeddable":true,"href":"https:\/\/www.apen.es\/ca\/wp-json\/wp\/v2\/comments?post=12918"}],"version-history":[{"count":2,"href":"https:\/\/www.apen.es\/ca\/wp-json\/wp\/v2\/pages\/12918\/revisions"}],"predecessor-version":[{"id":54939,"href":"https:\/\/www.apen.es\/ca\/wp-json\/wp\/v2\/pages\/12918\/revisions\/54939"}],"up":[{"embeddable":true,"href":"https:\/\/www.apen.es\/ca\/wp-json\/wp\/v2\/pages\/12887"}],"wp:attachment":[{"href":"https:\/\/www.apen.es\/ca\/wp-json\/wp\/v2\/media?parent=12918"}],"curies":[{"name":"wp","href":"https:\/\/api.w.org\/{rel}","templated":true}]}}