{"id":12916,"date":"2019-02-07T13:19:27","date_gmt":"2019-02-07T13:19:27","guid":{"rendered":"https:\/\/www.apen.es\/?page_id=12916"},"modified":"2025-05-23T08:14:37","modified_gmt":"2025-05-23T08:14:37","slug":"lloguer-sabadell","status":"publish","type":"page","link":"https:\/\/www.apen.es\/ca\/fotocopiadora\/alquiler-fotocopiadora-oki\/alquiler-sabadell\/","title":{"rendered":"Lloguer fotocopiadora OKI Sabadell"},"content":{"rendered":"<p>A Apen pots trobar un servei excepcional en contractar el&nbsp;<strong>lloguer<\/strong>&nbsp;de la&nbsp;<strong>fotocopiadora<\/strong>&nbsp;<strong>OKI<\/strong>&nbsp;a&nbsp;<strong>Sabadell<\/strong>, perqu\u00e8 \u00e9s una manera de disposar de dos serveis en un. A Apen us proposem un servei de r\u00e8nting d&#039;una de les nostres impressores multifuncionals d&#039;\u00faltima generaci\u00f3, amb la qual podreu obtenir impressions de m\u00e0xima qualitat, realitzar m\u00faltiples tasques gr\u00e0cies a totes les prestacions i funcionalitats de qu\u00e8 disposa, generar impressions m\u00e9s conscients i estalviar en els costos anuals d&#039;impressi\u00f3.<\/p>\n\n\n\n<p>A m\u00e9s, en contractar el&nbsp;<strong>lloguer<\/strong>&nbsp;de la&nbsp;<strong>fotocopiadora<\/strong>&nbsp;<strong>OKI<\/strong>&nbsp;a&nbsp;<strong>Sabadell<\/strong>&nbsp;tamb\u00e9 disposar\u00e0s d&#039;una ajuda professional pel que fa al suport t\u00e8cnic. A Apen incloem el nostre servei t\u00e8cnic sempre que ho necessitis, incl\u00f2s al preu d&#039;aquest servei de r\u00e8nting. Es tracta d&#039;un servei professional que complementa aquest&nbsp;<strong>lloguer<\/strong>&nbsp;de la&nbsp;<strong>fotocopiadora<\/strong>&nbsp;<strong>OKI<\/strong>&nbsp;a&nbsp;<strong>Sabadell<\/strong>, sense que el client hagi de pagar cap tipus de cost addicional.<\/p>\n\n\n\n<p>Nosaltres ens ocuparem de la instal\u00b7laci\u00f3 i la configuraci\u00f3 de l&#039;equip, del manteniment t\u00e8cnic, de l&#039;assessorament, de l&#039;assist\u00e8ncia t\u00e8cnica en menys de quatre hores, dels recanvis de peces i de consumibles, de la reparaci\u00f3 i substituci\u00f3 de l&#039;equip en cas d&#039;avaria, del reciclatge dels consumibles, etc.<\/p>\n\n\n\n<p>Funciona a trav\u00e9s del sistema de \u201cpreu per c\u00f2pia\u201d, amb el qual gaudir\u00e0s d&#039;un nou model de finan\u00e7ament que permet pagar \u00fanicament per all\u00f2 que utilitzes, en aquest cas per les p\u00e0gines que imprimeixes i pel consum el\u00e8ctric de l&#039;equip. Una manera m\u00e9s justa i econ\u00f2mica de gaudir d\u00b4una impressora multifuncional d\u00b4\u00faltima generaci\u00f3, sense tenir l\u00b4obligaci\u00f3 de comprar-la i apostant per un sistema m\u00e9s sostenible amb el medi ambient, ja que lluita contra el malbaratament de paper mitjan\u00e7ant impressions m\u00e9s conscients. A m\u00e9s, a Apen ens ocupem d&#039;allargar el cicle de vida dels nostres equips mitjan\u00e7ant el nostre servei professional de manteniment t\u00e8cnic i tamb\u00e9 del reciclatge correcte dels consumibles.<\/p>\n\n\n\n<p>Aposta per un m\u00e8tode innovador i efica\u00e7 en solucions d&#039;impressi\u00f3, com \u00e9s el&nbsp;<strong>lloguer<\/strong>&nbsp;de la&nbsp;<strong>fotocopiadora<\/strong>&nbsp;<strong>OKI<\/strong>&nbsp;a&nbsp;<strong>Sabadell<\/strong>&nbsp;d&#039;Apen, per trobar una proposta feta a mida per a la teva empresa, amb la qual aconseguir\u00e0s un major rendiment i productivitat a la feina i un servei sense cap mena de comprom\u00eds de perman\u00e8ncia, ja que podr\u00e0s disposar d&#039;aquest sistema de r\u00e8nting durant el per\u00edode que necessitis.<\/p>\n\n\n\n<p>Entra a la nostra p\u00e0gina web i descobreix tots els serveis i productes que et podem oferir, a m\u00e9s del&nbsp;<strong>lloguer<\/strong>&nbsp;de la&nbsp;<strong>fotocopiadora<\/strong>&nbsp;multifunci\u00f3 de&nbsp;<strong>OKI<\/strong>&nbsp;a&nbsp;<strong>Sabadell<\/strong>. Tamb\u00e9 podeu disposar d&#039;un altre tipus de serveis multifuncionals com ara el programari a3ERP, que unifica tots els departaments de l&#039;empresa en un \u00fanic programa. Tamb\u00e9 pots visitar el nostre bloc, per mantenir-te al dia de totes les novetats que es publiquin sobre manteniment i seguretat inform\u00e0tica, gesti\u00f3 empresarial, eines o apps interessants, etc.<\/p>","protected":false},"excerpt":{"rendered":"<p>En Apen puedes encontrar un servicio excepcional al contratar el&nbsp;alquiler&nbsp;de la&nbsp;fotocopiadora&nbsp;OKI&nbsp;en&nbsp;Sabadell, porque es una forma de disponer de dos servicios en uno. En Apen te proponemos un servicio de renting de una de nuestras impresoras multifuncionales de \u00faltima generaci\u00f3n, con la que podr\u00e1s obtener impresiones de m\u00e1xima calidad, realizar m\u00faltiples tareas gracias a todas las&#8230;<\/p>","protected":false},"author":4,"featured_media":0,"parent":12912,"menu_order":0,"comment_status":"closed","ping_status":"closed","template":"page-renting-impresoras.php","meta":{"_acf_changed":false,"_kad_blocks_custom_css":"","_kad_blocks_head_custom_js":"","_kad_blocks_body_custom_js":"","_kad_blocks_footer_custom_js":"","_kad_post_transparent":"","_kad_post_title":"","_kad_post_layout":"","_kad_post_sidebar_id":"","_kad_post_content_style":"","_kad_post_vertical_padding":"","_kad_post_feature":"","_kad_post_feature_position":"","_kad_post_header":false,"_kad_post_footer":false,"_kad_post_classname":"","footnotes":""},"class_list":["post-12916","page","type-page","status-publish","hentry"],"acf":[],"yoast_head":"<!-- This site is optimized with the Yoast SEO plugin v27.4 - https:\/\/yoast.com\/product\/yoast-seo-wordpress\/ -->\n<title>Alquiler fotocopiadora OKI Sabadell - Apen Inform\u00e1tica<\/title>\n<meta name=\"description\" content=\"Alquiler de fotocopiadoras de la marca OKI en sabadell. Soluciones de impresi\u00f3n para empresas. Renting y Alquiler de impresoras y fotocopiadora.\" \/>\n<meta name=\"robots\" content=\"index, follow, max-snippet:-1, max-image-preview:large, max-video-preview:-1\" \/>\n<link rel=\"canonical\" href=\"https:\/\/www.apen.es\/ca\/fotocopiadora\/lloguer-fotocopiadora-oki\/lloguer-sabadell\/\" \/>\n<meta property=\"og:locale\" content=\"ca_ES\" \/>\n<meta property=\"og:type\" content=\"article\" \/>\n<meta property=\"og:title\" content=\"Alquiler fotocopiadora OKI Sabadell - Apen Inform\u00e1tica\" \/>\n<meta property=\"og:description\" content=\"Alquiler de fotocopiadoras de la marca OKI en sabadell. Soluciones de impresi\u00f3n para empresas. Renting y Alquiler de impresoras y fotocopiadora.\" \/>\n<meta property=\"og:url\" content=\"https:\/\/www.apen.es\/ca\/fotocopiadora\/lloguer-fotocopiadora-oki\/lloguer-sabadell\/\" \/>\n<meta property=\"og:site_name\" content=\"Apen Inform\u00e1tica\" \/>\n<meta property=\"article:publisher\" content=\"https:\/\/www.facebook.com\/apensolucions\" \/>\n<meta property=\"article:modified_time\" content=\"2025-05-23T08:14:37+00:00\" \/>\n<meta property=\"og:image\" content=\"https:\/\/www.apen.es\/wp-content\/uploads\/2016\/05\/logo-apen-231x82-trasparent.png\" \/>\n\t<meta property=\"og:image:width\" content=\"231\" \/>\n\t<meta property=\"og:image:height\" content=\"82\" \/>\n\t<meta property=\"og:image:type\" content=\"image\/png\" \/>\n<meta name=\"twitter:card\" content=\"summary_large_image\" \/>\n<meta name=\"twitter:label1\" content=\"Temps estimat de lectura\" \/>\n\t<meta name=\"twitter:data1\" content=\"8 minuts\" \/>\n<script type=\"application\/ld+json\" class=\"yoast-schema-graph\">{\"@context\":\"https:\\\/\\\/schema.org\",\"@graph\":[{\"@type\":\"WebPage\",\"@id\":\"https:\\\/\\\/www.apen.es\\\/fotocopiadora\\\/alquiler-fotocopiadora-oki\\\/alquiler-sabadell\\\/\",\"url\":\"https:\\\/\\\/www.apen.es\\\/fotocopiadora\\\/alquiler-fotocopiadora-oki\\\/alquiler-sabadell\\\/\",\"name\":\"Alquiler fotocopiadora OKI Sabadell - Apen Inform\u00e1tica\",\"isPartOf\":{\"@id\":\"https:\\\/\\\/www.apen.es\\\/#website\"},\"datePublished\":\"2019-02-07T13:19:27+00:00\",\"dateModified\":\"2025-05-23T08:14:37+00:00\",\"description\":\"Alquiler de fotocopiadoras de la marca OKI en sabadell. Soluciones de impresi\u00f3n para empresas. Renting y Alquiler de impresoras y fotocopiadora.\",\"breadcrumb\":{\"@id\":\"https:\\\/\\\/www.apen.es\\\/fotocopiadora\\\/alquiler-fotocopiadora-oki\\\/alquiler-sabadell\\\/#breadcrumb\"},\"inLanguage\":\"ca\",\"potentialAction\":[{\"@type\":\"ReadAction\",\"target\":[\"https:\\\/\\\/www.apen.es\\\/fotocopiadora\\\/alquiler-fotocopiadora-oki\\\/alquiler-sabadell\\\/\"]}]},{\"@type\":\"BreadcrumbList\",\"@id\":\"https:\\\/\\\/www.apen.es\\\/fotocopiadora\\\/alquiler-fotocopiadora-oki\\\/alquiler-sabadell\\\/#breadcrumb\",\"itemListElement\":[{\"@type\":\"ListItem\",\"position\":1,\"name\":\"Portada\",\"item\":\"https:\\\/\\\/www.apen.es\\\/\"},{\"@type\":\"ListItem\",\"position\":2,\"name\":\"Fotocopiadora\",\"item\":\"https:\\\/\\\/www.apen.es\\\/fotocopiadora\\\/\"},{\"@type\":\"ListItem\",\"position\":3,\"name\":\"Alquiler fotocopiadora OKI\",\"item\":\"https:\\\/\\\/www.apen.es\\\/fotocopiadora\\\/alquiler-fotocopiadora-oki\\\/\"},{\"@type\":\"ListItem\",\"position\":4,\"name\":\"Alquiler fotocopiadora OKI Sabadell\"}]},{\"@type\":\"WebSite\",\"@id\":\"https:\\\/\\\/www.apen.es\\\/#website\",\"url\":\"https:\\\/\\\/www.apen.es\\\/\",\"name\":\"Apen Inform\u00e1tica\",\"description\":\"Mantenimiento Inform\u00e1tico , Software de Gesti\u00f3n, Soluciones de impresi\u00f3n\",\"publisher\":{\"@id\":\"https:\\\/\\\/www.apen.es\\\/#organization\"},\"potentialAction\":[{\"@type\":\"SearchAction\",\"target\":{\"@type\":\"EntryPoint\",\"urlTemplate\":\"https:\\\/\\\/www.apen.es\\\/?s={search_term_string}\"},\"query-input\":{\"@type\":\"PropertyValueSpecification\",\"valueRequired\":true,\"valueName\":\"search_term_string\"}}],\"inLanguage\":\"ca\"},{\"@type\":\"Organization\",\"@id\":\"https:\\\/\\\/www.apen.es\\\/#organization\",\"name\":\"Apen: Soluciones inform\u00e1ticas\",\"url\":\"https:\\\/\\\/www.apen.es\\\/\",\"logo\":{\"@type\":\"ImageObject\",\"inLanguage\":\"ca\",\"@id\":\"https:\\\/\\\/www.apen.es\\\/#\\\/schema\\\/logo\\\/image\\\/\",\"url\":\"https:\\\/\\\/www.apen.es\\\/wp-content\\\/uploads\\\/2022\\\/08\\\/logo-apenok-231x82-1.png\",\"contentUrl\":\"https:\\\/\\\/www.apen.es\\\/wp-content\\\/uploads\\\/2022\\\/08\\\/logo-apenok-231x82-1.png\",\"width\":231,\"height\":82,\"caption\":\"Apen: Soluciones inform\u00e1ticas\"},\"image\":{\"@id\":\"https:\\\/\\\/www.apen.es\\\/#\\\/schema\\\/logo\\\/image\\\/\"},\"sameAs\":[\"https:\\\/\\\/www.facebook.com\\\/apensolucions\",\"https:\\\/\\\/www.youtube.com\\\/user\\\/ApenCentreInformatic\",\"https:\\\/\\\/www.linkedin.com\\\/company\\\/1021771?trk=tyah&trkInfo=clickedVerticalcompanyclickedEntityId1021771idx2-1-2tarId1464195271196tasapenin\"]}]}<\/script>\n<!-- \/ Yoast SEO plugin. -->","yoast_head_json":{"title":"Lloguer fotocopiadora OKI Sabadell - Apen Inform\u00e0tica","description":"Lloguer de fotocopiadores de la marca OKI a sabadell. Solucions d\u00b4impressi\u00f3 per a empreses. R\u00e8nting i lloguer d&#039;impressores i fotocopiadora.","robots":{"index":"index","follow":"follow","max-snippet":"max-snippet:-1","max-image-preview":"max-image-preview:large","max-video-preview":"max-video-preview:-1"},"canonical":"https:\/\/www.apen.es\/ca\/fotocopiadora\/lloguer-fotocopiadora-oki\/lloguer-sabadell\/","og_locale":"ca_ES","og_type":"article","og_title":"Alquiler fotocopiadora OKI Sabadell - Apen Inform\u00e1tica","og_description":"Alquiler de fotocopiadoras de la marca OKI en sabadell. Soluciones de impresi\u00f3n para empresas. Renting y Alquiler de impresoras y fotocopiadora.","og_url":"https:\/\/www.apen.es\/ca\/fotocopiadora\/lloguer-fotocopiadora-oki\/lloguer-sabadell\/","og_site_name":"Apen Inform\u00e1tica","article_publisher":"https:\/\/www.facebook.com\/apensolucions","article_modified_time":"2025-05-23T08:14:37+00:00","og_image":[{"width":231,"height":82,"url":"https:\/\/www.apen.es\/wp-content\/uploads\/2016\/05\/logo-apen-231x82-trasparent.png","type":"image\/png"}],"twitter_card":"summary_large_image","twitter_misc":{"Temps estimat de lectura":"8 minuts"},"schema":{"@context":"https:\/\/schema.org","@graph":[{"@type":"WebPage","@id":"https:\/\/www.apen.es\/fotocopiadora\/alquiler-fotocopiadora-oki\/alquiler-sabadell\/","url":"https:\/\/www.apen.es\/fotocopiadora\/alquiler-fotocopiadora-oki\/alquiler-sabadell\/","name":"Lloguer fotocopiadora OKI Sabadell - Apen Inform\u00e0tica","isPartOf":{"@id":"https:\/\/www.apen.es\/#website"},"datePublished":"2019-02-07T13:19:27+00:00","dateModified":"2025-05-23T08:14:37+00:00","description":"Lloguer de fotocopiadores de la marca OKI a sabadell. Solucions d\u00b4impressi\u00f3 per a empreses. R\u00e8nting i lloguer d&#039;impressores i fotocopiadora.","breadcrumb":{"@id":"https:\/\/www.apen.es\/fotocopiadora\/alquiler-fotocopiadora-oki\/alquiler-sabadell\/#breadcrumb"},"inLanguage":"ca","potentialAction":[{"@type":"ReadAction","target":["https:\/\/www.apen.es\/fotocopiadora\/alquiler-fotocopiadora-oki\/alquiler-sabadell\/"]}]},{"@type":"BreadcrumbList","@id":"https:\/\/www.apen.es\/fotocopiadora\/alquiler-fotocopiadora-oki\/alquiler-sabadell\/#breadcrumb","itemListElement":[{"@type":"ListItem","position":1,"name":"Portada","item":"https:\/\/www.apen.es\/"},{"@type":"ListItem","position":2,"name":"Fotocopiadora","item":"https:\/\/www.apen.es\/fotocopiadora\/"},{"@type":"ListItem","position":3,"name":"Alquiler fotocopiadora OKI","item":"https:\/\/www.apen.es\/fotocopiadora\/alquiler-fotocopiadora-oki\/"},{"@type":"ListItem","position":4,"name":"Alquiler fotocopiadora OKI Sabadell"}]},{"@type":"WebSite","@id":"https:\/\/www.apen.es\/#website","url":"https:\/\/www.apen.es\/","name":"Apen Inform\u00e0tica","description":"Manteniment inform\u00e0tic , programari de gesti\u00f3, solucions d&#039;impressi\u00f3","publisher":{"@id":"https:\/\/www.apen.es\/#organization"},"potentialAction":[{"@type":"SearchAction","target":{"@type":"EntryPoint","urlTemplate":"https:\/\/www.apen.es\/?s={search_term_string}"},"query-input":{"@type":"PropertyValueSpecification","valueRequired":true,"valueName":"search_term_string"}}],"inLanguage":"ca"},{"@type":"Organization","@id":"https:\/\/www.apen.es\/#organization","name":"Apen: Solucions inform\u00e0tiques","url":"https:\/\/www.apen.es\/","logo":{"@type":"ImageObject","inLanguage":"ca","@id":"https:\/\/www.apen.es\/#\/schema\/logo\/image\/","url":"https:\/\/www.apen.es\/wp-content\/uploads\/2022\/08\/logo-apenok-231x82-1.png","contentUrl":"https:\/\/www.apen.es\/wp-content\/uploads\/2022\/08\/logo-apenok-231x82-1.png","width":231,"height":82,"caption":"Apen: Soluciones inform\u00e1ticas"},"image":{"@id":"https:\/\/www.apen.es\/#\/schema\/logo\/image\/"},"sameAs":["https:\/\/www.facebook.com\/apensolucions","https:\/\/www.youtube.com\/user\/ApenCentreInformatic","https:\/\/www.linkedin.com\/company\/1021771?trk=tyah&trkInfo=clickedVerticalcompanyclickedEntityId1021771idx2-1-2tarId1464195271196tasapenin"]}]}},"taxonomy_info":[],"featured_image_src_large":false,"author_info":{"display_name":"marqueting","author_link":"https:\/\/www.apen.es\/ca\/blog\/author\/marqueting\/"},"comment_info":0,"_links":{"self":[{"href":"https:\/\/www.apen.es\/ca\/wp-json\/wp\/v2\/pages\/12916","targetHints":{"allow":["GET"]}}],"collection":[{"href":"https:\/\/www.apen.es\/ca\/wp-json\/wp\/v2\/pages"}],"about":[{"href":"https:\/\/www.apen.es\/ca\/wp-json\/wp\/v2\/types\/page"}],"author":[{"embeddable":true,"href":"https:\/\/www.apen.es\/ca\/wp-json\/wp\/v2\/users\/4"}],"replies":[{"embeddable":true,"href":"https:\/\/www.apen.es\/ca\/wp-json\/wp\/v2\/comments?post=12916"}],"version-history":[{"count":3,"href":"https:\/\/www.apen.es\/ca\/wp-json\/wp\/v2\/pages\/12916\/revisions"}],"predecessor-version":[{"id":54844,"href":"https:\/\/www.apen.es\/ca\/wp-json\/wp\/v2\/pages\/12916\/revisions\/54844"}],"up":[{"embeddable":true,"href":"https:\/\/www.apen.es\/ca\/wp-json\/wp\/v2\/pages\/12912"}],"wp:attachment":[{"href":"https:\/\/www.apen.es\/ca\/wp-json\/wp\/v2\/media?parent=12916"}],"curies":[{"name":"wp","href":"https:\/\/api.w.org\/{rel}","templated":true}]}}