{"id":12914,"date":"2019-02-07T13:17:10","date_gmt":"2019-02-07T13:17:10","guid":{"rendered":"https:\/\/www.apen.es\/?page_id=12914"},"modified":"2025-05-23T08:14:27","modified_gmt":"2025-05-23T08:14:27","slug":"lloguer-barcelona","status":"publish","type":"page","link":"https:\/\/www.apen.es\/ca\/fotocopiadora\/alquiler-fotocopiadora-oki\/alquiler-barcelona\/","title":{"rendered":"Lloguer fotocopiadora OKI Barcelona"},"content":{"rendered":"<p>El&nbsp;<strong>lloguer<\/strong>&nbsp;de la&nbsp;<strong>fotocopiadora<\/strong>&nbsp;<strong>OKI<\/strong>&nbsp;a&nbsp;<strong>Barcelona<\/strong>&nbsp;d&#039;Apen us permetr\u00e0 disposar de m\u00faltiples avantatges, com ara un gran estalvi econ\u00f2mic en els costos d&#039;impressi\u00f3 anuals de la vostra empresa. A m\u00e9s de dur a terme una feina m\u00e9s productiva, eficient i de gran qualitat gr\u00e0cies a les impressores multifuncionals d&#039;\u00faltima generaci\u00f3 que oferim a Apen. Fa m\u00e9s de 25 anys que treballem amb les millors marques en solucions d&#039;impressi\u00f3 com s\u00f3n OKI, KYOCERA, HP i KONICA MINOLTA, de les quals som distribu\u00efdors. Aix\u00f2 ens permet crear solucions de gran qualitat i personalitzades per a cada empresa client, podent triar entre totes les prestacions i funcionalitats que ens ofereixen aquestes quatre potents i experimentades marques.<\/p>\n\n\n\n<p>Si decideixes contractar un servei de r\u00e8nting, a Apen aconseguir\u00e0s m\u00e9s avantatges que a qualsevol altra empresa del sector, perqu\u00e8 et proposem un servei integral que en realitat s\u00f3n dos serveis en un. En contractar el servei de&nbsp;<strong>lloguer<\/strong>&nbsp;de la&nbsp;<strong>fotocopiadora<\/strong>&nbsp;<strong>OKI<\/strong>&nbsp;a&nbsp;<strong>Barcelona<\/strong>&nbsp;rebr\u00e0s tamb\u00e9 el nostre servei d&#039;assist\u00e8ncia t\u00e8cnica professional, sense haver de pagar un cost addicional. Aix\u00f2 es tradueix en un servei amb m\u00faltiples avantatges per a la teva empresa, com ara el fet de disposar d&#039;una impressora multifuncional d&#039;\u00faltima generaci\u00f3 d&#039;una manera r\u00e0pida, c\u00f2moda i econ\u00f2mica i sense preocupar-te pels problemes t\u00e8cnics. Nosaltres ens ocupem de la instal\u00b7laci\u00f3 i la configuraci\u00f3 de l&#039;equip, de l&#039;assessorament, de l&#039;assist\u00e8ncia t\u00e8cnica en menys de quatre hores, del manteniment, del recanvi de peces i de consumibles, de la reparaci\u00f3 i la substituci\u00f3 de l&#039;equip en cas d&#039;avaria, etc.<\/p>\n\n\n\n<p>El&nbsp;<strong>lloguer<\/strong>&nbsp;de la&nbsp;<strong>fotocopiadora<\/strong>&nbsp;<strong>OKI<\/strong>&nbsp;a&nbsp;<strong>Barcelona<\/strong>&nbsp;pot suposar un abans i un despr\u00e9s a la teva empresa, perqu\u00e8 a m\u00e9s de gestionar de manera m\u00e9s adequada les teves impressions, tamb\u00e9 podr\u00e0s gaudir d&#039;un nou model de finan\u00e7ament anomenat \u201cpreu per c\u00f2pia\u201d, amb el qual nom\u00e9s haur\u00e0s de pagar per aquelles p\u00e0gines que imprimeixis i pel consum el\u00e8ctric de l&#039;equip, sense haver de preocupar-te per res m\u00e9s. Un nou m\u00e8tode que a m\u00e9s de ser m\u00e9s just i sostenible per a tu tamb\u00e9 esdev\u00e9 un sistema m\u00e9s just i sostenible per al planeta, perqu\u00e8 crea impressions m\u00e9s conscients i lluita contra el malbaratament de paper. A m\u00e9s, des d&#039;Apen, ens ocupem de reciclar correctament els consumibles perqu\u00e8 no generin residus nocius al medi ambient.<\/p>\n\n\n\n<p>Si vols con\u00e8ixer tots els detalls del&nbsp;<strong>lloguer<\/strong>&nbsp;de la&nbsp;<strong>fotocopiadora<\/strong>&nbsp;<strong>OKI<\/strong>&nbsp;a&nbsp;<strong>Barcelona<\/strong>&nbsp;i de tots els serveis i productes que et podem oferir, t&#039;animem a visitar la nostra p\u00e0gina web. Tamb\u00e9 disposem d&#039;un bloc perqu\u00e8 pugueu estar al dia de totes les novetats i informacions que vagin sorgint sobre la gesti\u00f3 empresarial, el manteniment inform\u00e0tic, la seguretat inform\u00e0tica, etc.<\/p>","protected":false},"excerpt":{"rendered":"<p>El&nbsp;alquiler&nbsp;de la&nbsp;fotocopiadora&nbsp;OKI&nbsp;en&nbsp;Barcelona&nbsp;de Apen te permitir\u00e1 disponer de m\u00faltiples ventajas, como por ejemplo un gran ahorro econ\u00f3mico en los costes de impresi\u00f3n anuales de tu empresa. Adem\u00e1s de llevar a cabo un trabajo m\u00e1s productivo, eficiente y de gran calidad gracias a las impresoras multifuncionales de \u00faltima generaci\u00f3n que ofrecemos en Apen. Llevamos m\u00e1s de 25&#8230;<\/p>","protected":false},"author":4,"featured_media":0,"parent":12912,"menu_order":0,"comment_status":"closed","ping_status":"closed","template":"page-renting-impresoras.php","meta":{"_acf_changed":false,"_kad_blocks_custom_css":"","_kad_blocks_head_custom_js":"","_kad_blocks_body_custom_js":"","_kad_blocks_footer_custom_js":"","_kad_post_transparent":"","_kad_post_title":"","_kad_post_layout":"","_kad_post_sidebar_id":"","_kad_post_content_style":"","_kad_post_vertical_padding":"","_kad_post_feature":"","_kad_post_feature_position":"","_kad_post_header":false,"_kad_post_footer":false,"_kad_post_classname":"","footnotes":""},"class_list":["post-12914","page","type-page","status-publish","hentry"],"acf":[],"yoast_head":"<!-- This site is optimized with the Yoast SEO plugin v27.4 - https:\/\/yoast.com\/product\/yoast-seo-wordpress\/ -->\n<title>Alquiler fotocopiadora OKI Barcelona - Apen Inform\u00e1tica<\/title>\n<meta name=\"description\" content=\"Alquiler de fotocopiadoras de la marca OKI en Barcelona. Soluciones de impresi\u00f3n para empresas. Renting y Alquiler de impresoras y fotocopiadora.\" \/>\n<meta name=\"robots\" content=\"index, follow, max-snippet:-1, max-image-preview:large, max-video-preview:-1\" \/>\n<link rel=\"canonical\" href=\"https:\/\/www.apen.es\/ca\/fotocopiadora\/lloguer-fotocopiadora-oki\/lloguer-barcelona\/\" \/>\n<meta property=\"og:locale\" content=\"ca_ES\" \/>\n<meta property=\"og:type\" content=\"article\" \/>\n<meta property=\"og:title\" content=\"Alquiler fotocopiadora OKI Barcelona - Apen Inform\u00e1tica\" \/>\n<meta property=\"og:description\" content=\"Alquiler de fotocopiadoras de la marca OKI en Barcelona. Soluciones de impresi\u00f3n para empresas. Renting y Alquiler de impresoras y fotocopiadora.\" \/>\n<meta property=\"og:url\" content=\"https:\/\/www.apen.es\/ca\/fotocopiadora\/lloguer-fotocopiadora-oki\/lloguer-barcelona\/\" \/>\n<meta property=\"og:site_name\" content=\"Apen Inform\u00e1tica\" \/>\n<meta property=\"article:publisher\" content=\"https:\/\/www.facebook.com\/apensolucions\" \/>\n<meta property=\"article:modified_time\" content=\"2025-05-23T08:14:27+00:00\" \/>\n<meta property=\"og:image\" content=\"https:\/\/www.apen.es\/wp-content\/uploads\/2016\/05\/logo-apen-231x82-trasparent.png\" \/>\n\t<meta property=\"og:image:width\" content=\"231\" \/>\n\t<meta property=\"og:image:height\" content=\"82\" \/>\n\t<meta property=\"og:image:type\" content=\"image\/png\" \/>\n<meta name=\"twitter:card\" content=\"summary_large_image\" \/>\n<meta name=\"twitter:label1\" content=\"Temps estimat de lectura\" \/>\n\t<meta name=\"twitter:data1\" content=\"8 minuts\" \/>\n<script type=\"application\/ld+json\" class=\"yoast-schema-graph\">{\"@context\":\"https:\\\/\\\/schema.org\",\"@graph\":[{\"@type\":\"WebPage\",\"@id\":\"https:\\\/\\\/www.apen.es\\\/fotocopiadora\\\/alquiler-fotocopiadora-oki\\\/alquiler-barcelona\\\/\",\"url\":\"https:\\\/\\\/www.apen.es\\\/fotocopiadora\\\/alquiler-fotocopiadora-oki\\\/alquiler-barcelona\\\/\",\"name\":\"Alquiler fotocopiadora OKI Barcelona - Apen Inform\u00e1tica\",\"isPartOf\":{\"@id\":\"https:\\\/\\\/www.apen.es\\\/#website\"},\"datePublished\":\"2019-02-07T13:17:10+00:00\",\"dateModified\":\"2025-05-23T08:14:27+00:00\",\"description\":\"Alquiler de fotocopiadoras de la marca OKI en Barcelona. Soluciones de impresi\u00f3n para empresas. Renting y Alquiler de impresoras y fotocopiadora.\",\"breadcrumb\":{\"@id\":\"https:\\\/\\\/www.apen.es\\\/fotocopiadora\\\/alquiler-fotocopiadora-oki\\\/alquiler-barcelona\\\/#breadcrumb\"},\"inLanguage\":\"ca\",\"potentialAction\":[{\"@type\":\"ReadAction\",\"target\":[\"https:\\\/\\\/www.apen.es\\\/fotocopiadora\\\/alquiler-fotocopiadora-oki\\\/alquiler-barcelona\\\/\"]}]},{\"@type\":\"BreadcrumbList\",\"@id\":\"https:\\\/\\\/www.apen.es\\\/fotocopiadora\\\/alquiler-fotocopiadora-oki\\\/alquiler-barcelona\\\/#breadcrumb\",\"itemListElement\":[{\"@type\":\"ListItem\",\"position\":1,\"name\":\"Portada\",\"item\":\"https:\\\/\\\/www.apen.es\\\/\"},{\"@type\":\"ListItem\",\"position\":2,\"name\":\"Fotocopiadora\",\"item\":\"https:\\\/\\\/www.apen.es\\\/fotocopiadora\\\/\"},{\"@type\":\"ListItem\",\"position\":3,\"name\":\"Alquiler fotocopiadora OKI\",\"item\":\"https:\\\/\\\/www.apen.es\\\/fotocopiadora\\\/alquiler-fotocopiadora-oki\\\/\"},{\"@type\":\"ListItem\",\"position\":4,\"name\":\"Alquiler fotocopiadora OKI Barcelona\"}]},{\"@type\":\"WebSite\",\"@id\":\"https:\\\/\\\/www.apen.es\\\/#website\",\"url\":\"https:\\\/\\\/www.apen.es\\\/\",\"name\":\"Apen Inform\u00e1tica\",\"description\":\"Mantenimiento Inform\u00e1tico , Software de Gesti\u00f3n, Soluciones de impresi\u00f3n\",\"publisher\":{\"@id\":\"https:\\\/\\\/www.apen.es\\\/#organization\"},\"potentialAction\":[{\"@type\":\"SearchAction\",\"target\":{\"@type\":\"EntryPoint\",\"urlTemplate\":\"https:\\\/\\\/www.apen.es\\\/?s={search_term_string}\"},\"query-input\":{\"@type\":\"PropertyValueSpecification\",\"valueRequired\":true,\"valueName\":\"search_term_string\"}}],\"inLanguage\":\"ca\"},{\"@type\":\"Organization\",\"@id\":\"https:\\\/\\\/www.apen.es\\\/#organization\",\"name\":\"Apen: Soluciones inform\u00e1ticas\",\"url\":\"https:\\\/\\\/www.apen.es\\\/\",\"logo\":{\"@type\":\"ImageObject\",\"inLanguage\":\"ca\",\"@id\":\"https:\\\/\\\/www.apen.es\\\/#\\\/schema\\\/logo\\\/image\\\/\",\"url\":\"https:\\\/\\\/www.apen.es\\\/wp-content\\\/uploads\\\/2022\\\/08\\\/logo-apenok-231x82-1.png\",\"contentUrl\":\"https:\\\/\\\/www.apen.es\\\/wp-content\\\/uploads\\\/2022\\\/08\\\/logo-apenok-231x82-1.png\",\"width\":231,\"height\":82,\"caption\":\"Apen: Soluciones inform\u00e1ticas\"},\"image\":{\"@id\":\"https:\\\/\\\/www.apen.es\\\/#\\\/schema\\\/logo\\\/image\\\/\"},\"sameAs\":[\"https:\\\/\\\/www.facebook.com\\\/apensolucions\",\"https:\\\/\\\/www.youtube.com\\\/user\\\/ApenCentreInformatic\",\"https:\\\/\\\/www.linkedin.com\\\/company\\\/1021771?trk=tyah&trkInfo=clickedVerticalcompanyclickedEntityId1021771idx2-1-2tarId1464195271196tasapenin\"]}]}<\/script>\n<!-- \/ Yoast SEO plugin. -->","yoast_head_json":{"title":"Lloguer fotocopiadora OKI Barcelona - Apen Inform\u00e0tica","description":"Lloguer de fotocopiadores de la marca OKI a Barcelona. Solucions d\u00b4impressi\u00f3 per a empreses. R\u00e8nting i lloguer d&#039;impressores i fotocopiadora.","robots":{"index":"index","follow":"follow","max-snippet":"max-snippet:-1","max-image-preview":"max-image-preview:large","max-video-preview":"max-video-preview:-1"},"canonical":"https:\/\/www.apen.es\/ca\/fotocopiadora\/lloguer-fotocopiadora-oki\/lloguer-barcelona\/","og_locale":"ca_ES","og_type":"article","og_title":"Alquiler fotocopiadora OKI Barcelona - Apen Inform\u00e1tica","og_description":"Alquiler de fotocopiadoras de la marca OKI en Barcelona. Soluciones de impresi\u00f3n para empresas. Renting y Alquiler de impresoras y fotocopiadora.","og_url":"https:\/\/www.apen.es\/ca\/fotocopiadora\/lloguer-fotocopiadora-oki\/lloguer-barcelona\/","og_site_name":"Apen Inform\u00e1tica","article_publisher":"https:\/\/www.facebook.com\/apensolucions","article_modified_time":"2025-05-23T08:14:27+00:00","og_image":[{"width":231,"height":82,"url":"https:\/\/www.apen.es\/wp-content\/uploads\/2016\/05\/logo-apen-231x82-trasparent.png","type":"image\/png"}],"twitter_card":"summary_large_image","twitter_misc":{"Temps estimat de lectura":"8 minuts"},"schema":{"@context":"https:\/\/schema.org","@graph":[{"@type":"WebPage","@id":"https:\/\/www.apen.es\/fotocopiadora\/alquiler-fotocopiadora-oki\/alquiler-barcelona\/","url":"https:\/\/www.apen.es\/fotocopiadora\/alquiler-fotocopiadora-oki\/alquiler-barcelona\/","name":"Lloguer fotocopiadora OKI Barcelona - Apen Inform\u00e0tica","isPartOf":{"@id":"https:\/\/www.apen.es\/#website"},"datePublished":"2019-02-07T13:17:10+00:00","dateModified":"2025-05-23T08:14:27+00:00","description":"Lloguer de fotocopiadores de la marca OKI a Barcelona. Solucions d\u00b4impressi\u00f3 per a empreses. R\u00e8nting i lloguer d&#039;impressores i fotocopiadora.","breadcrumb":{"@id":"https:\/\/www.apen.es\/fotocopiadora\/alquiler-fotocopiadora-oki\/alquiler-barcelona\/#breadcrumb"},"inLanguage":"ca","potentialAction":[{"@type":"ReadAction","target":["https:\/\/www.apen.es\/fotocopiadora\/alquiler-fotocopiadora-oki\/alquiler-barcelona\/"]}]},{"@type":"BreadcrumbList","@id":"https:\/\/www.apen.es\/fotocopiadora\/alquiler-fotocopiadora-oki\/alquiler-barcelona\/#breadcrumb","itemListElement":[{"@type":"ListItem","position":1,"name":"Portada","item":"https:\/\/www.apen.es\/"},{"@type":"ListItem","position":2,"name":"Fotocopiadora","item":"https:\/\/www.apen.es\/fotocopiadora\/"},{"@type":"ListItem","position":3,"name":"Alquiler fotocopiadora OKI","item":"https:\/\/www.apen.es\/fotocopiadora\/alquiler-fotocopiadora-oki\/"},{"@type":"ListItem","position":4,"name":"Alquiler fotocopiadora OKI Barcelona"}]},{"@type":"WebSite","@id":"https:\/\/www.apen.es\/#website","url":"https:\/\/www.apen.es\/","name":"Apen Inform\u00e0tica","description":"Manteniment inform\u00e0tic , programari de gesti\u00f3, solucions d&#039;impressi\u00f3","publisher":{"@id":"https:\/\/www.apen.es\/#organization"},"potentialAction":[{"@type":"SearchAction","target":{"@type":"EntryPoint","urlTemplate":"https:\/\/www.apen.es\/?s={search_term_string}"},"query-input":{"@type":"PropertyValueSpecification","valueRequired":true,"valueName":"search_term_string"}}],"inLanguage":"ca"},{"@type":"Organization","@id":"https:\/\/www.apen.es\/#organization","name":"Apen: Solucions inform\u00e0tiques","url":"https:\/\/www.apen.es\/","logo":{"@type":"ImageObject","inLanguage":"ca","@id":"https:\/\/www.apen.es\/#\/schema\/logo\/image\/","url":"https:\/\/www.apen.es\/wp-content\/uploads\/2022\/08\/logo-apenok-231x82-1.png","contentUrl":"https:\/\/www.apen.es\/wp-content\/uploads\/2022\/08\/logo-apenok-231x82-1.png","width":231,"height":82,"caption":"Apen: Soluciones inform\u00e1ticas"},"image":{"@id":"https:\/\/www.apen.es\/#\/schema\/logo\/image\/"},"sameAs":["https:\/\/www.facebook.com\/apensolucions","https:\/\/www.youtube.com\/user\/ApenCentreInformatic","https:\/\/www.linkedin.com\/company\/1021771?trk=tyah&trkInfo=clickedVerticalcompanyclickedEntityId1021771idx2-1-2tarId1464195271196tasapenin"]}]}},"taxonomy_info":[],"featured_image_src_large":false,"author_info":{"display_name":"marqueting","author_link":"https:\/\/www.apen.es\/ca\/blog\/author\/marqueting\/"},"comment_info":0,"_links":{"self":[{"href":"https:\/\/www.apen.es\/ca\/wp-json\/wp\/v2\/pages\/12914","targetHints":{"allow":["GET"]}}],"collection":[{"href":"https:\/\/www.apen.es\/ca\/wp-json\/wp\/v2\/pages"}],"about":[{"href":"https:\/\/www.apen.es\/ca\/wp-json\/wp\/v2\/types\/page"}],"author":[{"embeddable":true,"href":"https:\/\/www.apen.es\/ca\/wp-json\/wp\/v2\/users\/4"}],"replies":[{"embeddable":true,"href":"https:\/\/www.apen.es\/ca\/wp-json\/wp\/v2\/comments?post=12914"}],"version-history":[{"count":3,"href":"https:\/\/www.apen.es\/ca\/wp-json\/wp\/v2\/pages\/12914\/revisions"}],"predecessor-version":[{"id":54843,"href":"https:\/\/www.apen.es\/ca\/wp-json\/wp\/v2\/pages\/12914\/revisions\/54843"}],"up":[{"embeddable":true,"href":"https:\/\/www.apen.es\/ca\/wp-json\/wp\/v2\/pages\/12912"}],"wp:attachment":[{"href":"https:\/\/www.apen.es\/ca\/wp-json\/wp\/v2\/media?parent=12914"}],"curies":[{"name":"wp","href":"https:\/\/api.w.org\/{rel}","templated":true}]}}