{"id":12909,"date":"2019-02-07T13:10:12","date_gmt":"2019-02-07T13:10:12","guid":{"rendered":"https:\/\/www.apen.es\/?page_id=12909"},"modified":"2025-05-23T08:15:31","modified_gmt":"2025-05-23T08:15:31","slug":"lloguer-multifuncio-oki","status":"publish","type":"page","link":"https:\/\/www.apen.es\/ca\/multifuncion\/alquiler-multifuncion-oki\/","title":{"rendered":"Lloguer multifunci\u00f3 OKI"},"content":{"rendered":"<p>A Apen som distribu\u00efdors de les marques capdavanteres en el sector de les solucions d&#039;impressi\u00f3, com OKI, KYOCERA, HP i KONICA MINOLTA. S\u00f3n marques amb qu\u00e8 portem treballant molts anys i sempre ens han donat molt bons resultats, a m\u00e9s d&#039;oferir una infinitat de prestacions i de possibilitats, que ens permeten crear solucions adaptades i personalitzades per a cada empresa.<\/p>\n\n\n\n<p>A Apen prestem diferents tipus de serveis enfocats a millorar la gesti\u00f3 empresarial. Un d&#039;ells \u00e9s el&nbsp;<strong>lloguer multifunci\u00f3 OKI<\/strong>, que \u00e9s un dels nostres productes estrella perqu\u00e8 permet gaudir de molts avantatges a un preu assequible. El client contracta un servei de r\u00e8nting amb Apen amb la marca que s&#039;hagi estipulat i es fa un contracte perqu\u00e8 aquest lloguer sigui efectiu, pagant una quota mensual o trimestral.<\/p>\n\n\n\n<p>El&nbsp;<strong>lloguer multifunci\u00f3 OKI<\/strong>&nbsp;permet al client disposar d\u00b4una impressora polivalent d\u00b4\u00faltima generaci\u00f3, amb la qual pot realitzar moltes funcionalitats i disposar d\u00b4impressions de m\u00e0xima qualitat, sense tenir la necessitat de comprar-la. El r\u00e8nting permet gaudir de l&#039;equip pagant nom\u00e9s per all\u00f2 que es gasta, en aquest cas el paper. \u00c9s un m\u00e8tode anomenat \u201cpreu per c\u00f2pia\u201d i proposa un nou model de finan\u00e7ament en qu\u00e8 el client paga pel que fa servir, en aquest cas per les p\u00e0gines que imprimeix, de manera que no s&#039;ha de fer c\u00e0rrec de cap altre cost addicional, m\u00e9s que no pas del consum el\u00e8ctric que tingui l&#039;equip.<\/p>\n\n\n\n<p>El servei de&nbsp;<strong>lloguer multifunci\u00f3 OKI<\/strong>&nbsp;que t&#039;oferim a Apen es diferencia d&#039;altres tipus de r\u00e8nting que puguis trobar avui dia al mercat, perqu\u00e8 es presenta com un servei integral, que tamb\u00e9 engloba el servei d&#039;assist\u00e8ncia t\u00e8cnica dins del mateix preu sense afegir cap tipus de cost addicional per al client.<\/p>\n\n\n\n<p>Aix\u00f2 es tradueix en una opci\u00f3 molt beneficiosa i justa per al client, que pot triar durant quant de temps disposar d&#039;aquest r\u00e8nting, gaudir de tots els avantatges des del primer dia, despreocupar-se dels problemes t\u00e8cnics i del manteniment de l&#039;equip, millorar la seva gesti\u00f3 en les impressions, ser m\u00e9s pr\u00e0ctics, multifuncionals i eficients a la feina, controlar la despesa de paper i no haver de fer un gran de comprar lequip.<\/p>\n\n\n\n<p>El servei t\u00e8cnic que est\u00e0 incl\u00f2s dins del&nbsp;<strong>lloguer multifunci\u00f3 OKI<\/strong>&nbsp;d&#039;Apen compta amb la instal\u00b7laci\u00f3 i configuraci\u00f3 de la impressora, l&#039;assist\u00e8ncia t\u00e8cnica en menys de 4 hores, el manteniment, l&#039;assessorament, la reparaci\u00f3, el recanvi de peces i consumibles, etc. Per aix\u00f2 resulta realment interessant per a qualsevol tipus d&#039;empresa, sobretot per a aquelles que comencen i no compten amb un pressupost massa elevat.<\/p>","protected":false},"excerpt":{"rendered":"<p>En Apen somos distribuidores de las marcas l\u00edderes en el sector de las soluciones de impresi\u00f3n, tales como OKI, KYOCERA, HP y KONICA MINOLTA. Son marcas con las que llevamos trabajando muchos a\u00f1os y siempre nos han dado muy buenos resultados, adem\u00e1s de ofrecer un sinf\u00edn de prestaciones y de posibilidades, que nos permiten crear&#8230;<\/p>","protected":false},"author":4,"featured_media":0,"parent":12347,"menu_order":0,"comment_status":"closed","ping_status":"closed","template":"page-renting-impresoras.php","meta":{"_acf_changed":false,"_kad_blocks_custom_css":"","_kad_blocks_head_custom_js":"","_kad_blocks_body_custom_js":"","_kad_blocks_footer_custom_js":"","_kad_post_transparent":"","_kad_post_title":"","_kad_post_layout":"","_kad_post_sidebar_id":"","_kad_post_content_style":"","_kad_post_vertical_padding":"","_kad_post_feature":"","_kad_post_feature_position":"","_kad_post_header":false,"_kad_post_footer":false,"_kad_post_classname":"","footnotes":""},"class_list":["post-12909","page","type-page","status-publish","hentry"],"acf":[],"yoast_head":"<!-- This site is optimized with the Yoast SEO plugin v27.4 - https:\/\/yoast.com\/product\/yoast-seo-wordpress\/ -->\n<title>Alquiler multifunci\u00f3n OKI - Apen Inform\u00e1tica<\/title>\n<meta name=\"description\" content=\"Ahora puedes alquilar una multifunci\u00f3n OKI en Catalunya para mejorar las prestaciones de tu actual impresora a un coste muy bajo para tu empresa.\" \/>\n<meta name=\"robots\" content=\"index, follow, max-snippet:-1, max-image-preview:large, max-video-preview:-1\" \/>\n<link rel=\"canonical\" href=\"https:\/\/www.apen.es\/ca\/multifuncio\/lloguer-multifuncio-oki\/\" \/>\n<meta property=\"og:locale\" content=\"ca_ES\" \/>\n<meta property=\"og:type\" content=\"article\" \/>\n<meta property=\"og:title\" content=\"Alquiler multifunci\u00f3n OKI - Apen Inform\u00e1tica\" \/>\n<meta property=\"og:description\" content=\"Ahora puedes alquilar una multifunci\u00f3n OKI en Catalunya para mejorar las prestaciones de tu actual impresora a un coste muy bajo para tu empresa.\" \/>\n<meta property=\"og:url\" content=\"https:\/\/www.apen.es\/ca\/multifuncio\/lloguer-multifuncio-oki\/\" \/>\n<meta property=\"og:site_name\" content=\"Apen Inform\u00e1tica\" \/>\n<meta property=\"article:publisher\" content=\"https:\/\/www.facebook.com\/apensolucions\" \/>\n<meta property=\"article:modified_time\" content=\"2025-05-23T08:15:31+00:00\" \/>\n<meta property=\"og:image\" content=\"https:\/\/www.apen.es\/wp-content\/uploads\/2016\/05\/logo-apen-231x82-trasparent.png\" \/>\n\t<meta property=\"og:image:width\" content=\"231\" \/>\n\t<meta property=\"og:image:height\" content=\"82\" \/>\n\t<meta property=\"og:image:type\" content=\"image\/png\" \/>\n<meta name=\"twitter:card\" content=\"summary_large_image\" \/>\n<meta name=\"twitter:label1\" content=\"Temps estimat de lectura\" \/>\n\t<meta name=\"twitter:data1\" content=\"8 minuts\" \/>\n<script type=\"application\/ld+json\" class=\"yoast-schema-graph\">{\"@context\":\"https:\\\/\\\/schema.org\",\"@graph\":[{\"@type\":\"WebPage\",\"@id\":\"https:\\\/\\\/www.apen.es\\\/multifuncion\\\/alquiler-multifuncion-oki\\\/\",\"url\":\"https:\\\/\\\/www.apen.es\\\/multifuncion\\\/alquiler-multifuncion-oki\\\/\",\"name\":\"Alquiler multifunci\u00f3n OKI - Apen Inform\u00e1tica\",\"isPartOf\":{\"@id\":\"https:\\\/\\\/www.apen.es\\\/#website\"},\"datePublished\":\"2019-02-07T13:10:12+00:00\",\"dateModified\":\"2025-05-23T08:15:31+00:00\",\"description\":\"Ahora puedes alquilar una multifunci\u00f3n OKI en Catalunya para mejorar las prestaciones de tu actual impresora a un coste muy bajo para tu empresa.\",\"breadcrumb\":{\"@id\":\"https:\\\/\\\/www.apen.es\\\/multifuncion\\\/alquiler-multifuncion-oki\\\/#breadcrumb\"},\"inLanguage\":\"ca\",\"potentialAction\":[{\"@type\":\"ReadAction\",\"target\":[\"https:\\\/\\\/www.apen.es\\\/multifuncion\\\/alquiler-multifuncion-oki\\\/\"]}]},{\"@type\":\"BreadcrumbList\",\"@id\":\"https:\\\/\\\/www.apen.es\\\/multifuncion\\\/alquiler-multifuncion-oki\\\/#breadcrumb\",\"itemListElement\":[{\"@type\":\"ListItem\",\"position\":1,\"name\":\"Portada\",\"item\":\"https:\\\/\\\/www.apen.es\\\/\"},{\"@type\":\"ListItem\",\"position\":2,\"name\":\"Multifunci\u00f3n\",\"item\":\"https:\\\/\\\/www.apen.es\\\/multifuncion\\\/\"},{\"@type\":\"ListItem\",\"position\":3,\"name\":\"Alquiler multifunci\u00f3n OKI\"}]},{\"@type\":\"WebSite\",\"@id\":\"https:\\\/\\\/www.apen.es\\\/#website\",\"url\":\"https:\\\/\\\/www.apen.es\\\/\",\"name\":\"Apen Inform\u00e1tica\",\"description\":\"Mantenimiento Inform\u00e1tico , Software de Gesti\u00f3n, Soluciones de impresi\u00f3n\",\"publisher\":{\"@id\":\"https:\\\/\\\/www.apen.es\\\/#organization\"},\"potentialAction\":[{\"@type\":\"SearchAction\",\"target\":{\"@type\":\"EntryPoint\",\"urlTemplate\":\"https:\\\/\\\/www.apen.es\\\/?s={search_term_string}\"},\"query-input\":{\"@type\":\"PropertyValueSpecification\",\"valueRequired\":true,\"valueName\":\"search_term_string\"}}],\"inLanguage\":\"ca\"},{\"@type\":\"Organization\",\"@id\":\"https:\\\/\\\/www.apen.es\\\/#organization\",\"name\":\"Apen: Soluciones inform\u00e1ticas\",\"url\":\"https:\\\/\\\/www.apen.es\\\/\",\"logo\":{\"@type\":\"ImageObject\",\"inLanguage\":\"ca\",\"@id\":\"https:\\\/\\\/www.apen.es\\\/#\\\/schema\\\/logo\\\/image\\\/\",\"url\":\"https:\\\/\\\/www.apen.es\\\/wp-content\\\/uploads\\\/2022\\\/08\\\/logo-apenok-231x82-1.png\",\"contentUrl\":\"https:\\\/\\\/www.apen.es\\\/wp-content\\\/uploads\\\/2022\\\/08\\\/logo-apenok-231x82-1.png\",\"width\":231,\"height\":82,\"caption\":\"Apen: Soluciones inform\u00e1ticas\"},\"image\":{\"@id\":\"https:\\\/\\\/www.apen.es\\\/#\\\/schema\\\/logo\\\/image\\\/\"},\"sameAs\":[\"https:\\\/\\\/www.facebook.com\\\/apensolucions\",\"https:\\\/\\\/www.youtube.com\\\/user\\\/ApenCentreInformatic\",\"https:\\\/\\\/www.linkedin.com\\\/company\\\/1021771?trk=tyah&trkInfo=clickedVerticalcompanyclickedEntityId1021771idx2-1-2tarId1464195271196tasapenin\"]}]}<\/script>\n<!-- \/ Yoast SEO plugin. -->","yoast_head_json":{"title":"Lloguer multifunci\u00f3 OKI - Apen Inform\u00e0tica","description":"Ara pots llogar una multifunci\u00f3 OKI a Catalunya per millorar les prestacions de la teva impressora actual a un cost molt baix per a la teva empresa.","robots":{"index":"index","follow":"follow","max-snippet":"max-snippet:-1","max-image-preview":"max-image-preview:large","max-video-preview":"max-video-preview:-1"},"canonical":"https:\/\/www.apen.es\/ca\/multifuncio\/lloguer-multifuncio-oki\/","og_locale":"ca_ES","og_type":"article","og_title":"Alquiler multifunci\u00f3n OKI - Apen Inform\u00e1tica","og_description":"Ahora puedes alquilar una multifunci\u00f3n OKI en Catalunya para mejorar las prestaciones de tu actual impresora a un coste muy bajo para tu empresa.","og_url":"https:\/\/www.apen.es\/ca\/multifuncio\/lloguer-multifuncio-oki\/","og_site_name":"Apen Inform\u00e1tica","article_publisher":"https:\/\/www.facebook.com\/apensolucions","article_modified_time":"2025-05-23T08:15:31+00:00","og_image":[{"width":231,"height":82,"url":"https:\/\/www.apen.es\/wp-content\/uploads\/2016\/05\/logo-apen-231x82-trasparent.png","type":"image\/png"}],"twitter_card":"summary_large_image","twitter_misc":{"Temps estimat de lectura":"8 minuts"},"schema":{"@context":"https:\/\/schema.org","@graph":[{"@type":"WebPage","@id":"https:\/\/www.apen.es\/multifuncion\/alquiler-multifuncion-oki\/","url":"https:\/\/www.apen.es\/multifuncion\/alquiler-multifuncion-oki\/","name":"Lloguer multifunci\u00f3 OKI - Apen Inform\u00e0tica","isPartOf":{"@id":"https:\/\/www.apen.es\/#website"},"datePublished":"2019-02-07T13:10:12+00:00","dateModified":"2025-05-23T08:15:31+00:00","description":"Ara pots llogar una multifunci\u00f3 OKI a Catalunya per millorar les prestacions de la teva impressora actual a un cost molt baix per a la teva empresa.","breadcrumb":{"@id":"https:\/\/www.apen.es\/multifuncion\/alquiler-multifuncion-oki\/#breadcrumb"},"inLanguage":"ca","potentialAction":[{"@type":"ReadAction","target":["https:\/\/www.apen.es\/multifuncion\/alquiler-multifuncion-oki\/"]}]},{"@type":"BreadcrumbList","@id":"https:\/\/www.apen.es\/multifuncion\/alquiler-multifuncion-oki\/#breadcrumb","itemListElement":[{"@type":"ListItem","position":1,"name":"Portada","item":"https:\/\/www.apen.es\/"},{"@type":"ListItem","position":2,"name":"Multifunci\u00f3n","item":"https:\/\/www.apen.es\/multifuncion\/"},{"@type":"ListItem","position":3,"name":"Alquiler multifunci\u00f3n OKI"}]},{"@type":"WebSite","@id":"https:\/\/www.apen.es\/#website","url":"https:\/\/www.apen.es\/","name":"Apen Inform\u00e0tica","description":"Manteniment inform\u00e0tic , programari de gesti\u00f3, solucions d&#039;impressi\u00f3","publisher":{"@id":"https:\/\/www.apen.es\/#organization"},"potentialAction":[{"@type":"SearchAction","target":{"@type":"EntryPoint","urlTemplate":"https:\/\/www.apen.es\/?s={search_term_string}"},"query-input":{"@type":"PropertyValueSpecification","valueRequired":true,"valueName":"search_term_string"}}],"inLanguage":"ca"},{"@type":"Organization","@id":"https:\/\/www.apen.es\/#organization","name":"Apen: Solucions inform\u00e0tiques","url":"https:\/\/www.apen.es\/","logo":{"@type":"ImageObject","inLanguage":"ca","@id":"https:\/\/www.apen.es\/#\/schema\/logo\/image\/","url":"https:\/\/www.apen.es\/wp-content\/uploads\/2022\/08\/logo-apenok-231x82-1.png","contentUrl":"https:\/\/www.apen.es\/wp-content\/uploads\/2022\/08\/logo-apenok-231x82-1.png","width":231,"height":82,"caption":"Apen: Soluciones inform\u00e1ticas"},"image":{"@id":"https:\/\/www.apen.es\/#\/schema\/logo\/image\/"},"sameAs":["https:\/\/www.facebook.com\/apensolucions","https:\/\/www.youtube.com\/user\/ApenCentreInformatic","https:\/\/www.linkedin.com\/company\/1021771?trk=tyah&trkInfo=clickedVerticalcompanyclickedEntityId1021771idx2-1-2tarId1464195271196tasapenin"]}]}},"taxonomy_info":[],"featured_image_src_large":false,"author_info":{"display_name":"marqueting","author_link":"https:\/\/www.apen.es\/ca\/blog\/author\/marqueting\/"},"comment_info":0,"_links":{"self":[{"href":"https:\/\/www.apen.es\/ca\/wp-json\/wp\/v2\/pages\/12909","targetHints":{"allow":["GET"]}}],"collection":[{"href":"https:\/\/www.apen.es\/ca\/wp-json\/wp\/v2\/pages"}],"about":[{"href":"https:\/\/www.apen.es\/ca\/wp-json\/wp\/v2\/types\/page"}],"author":[{"embeddable":true,"href":"https:\/\/www.apen.es\/ca\/wp-json\/wp\/v2\/users\/4"}],"replies":[{"embeddable":true,"href":"https:\/\/www.apen.es\/ca\/wp-json\/wp\/v2\/comments?post=12909"}],"version-history":[{"count":3,"href":"https:\/\/www.apen.es\/ca\/wp-json\/wp\/v2\/pages\/12909\/revisions"}],"predecessor-version":[{"id":54850,"href":"https:\/\/www.apen.es\/ca\/wp-json\/wp\/v2\/pages\/12909\/revisions\/54850"}],"up":[{"embeddable":true,"href":"https:\/\/www.apen.es\/ca\/wp-json\/wp\/v2\/pages\/12347"}],"wp:attachment":[{"href":"https:\/\/www.apen.es\/ca\/wp-json\/wp\/v2\/media?parent=12909"}],"curies":[{"name":"wp","href":"https:\/\/api.w.org\/{rel}","templated":true}]}}