{"id":12896,"date":"2019-02-06T14:20:33","date_gmt":"2019-02-06T14:20:33","guid":{"rendered":"https:\/\/www.apen.es\/?page_id=12896"},"modified":"2025-05-23T08:14:07","modified_gmt":"2025-05-23T08:14:07","slug":"alquiler-barcelona","status":"publish","type":"page","link":"https:\/\/www.apen.es\/ca\/fotocopiadora\/alquiler-fotocopiadora-konica-minolta\/alquiler-barcelona\/","title":{"rendered":"Lloguer fotocopiadora KONICA MINOLTA Barcelona"},"content":{"rendered":"<p>El&nbsp;<strong>lloguer<\/strong>&nbsp;de la&nbsp;<strong>fotocopiadora<\/strong>&nbsp;<strong>KONICA MINOLTA<\/strong>&nbsp;a&nbsp;<strong>Barcelona<\/strong>&nbsp;\u00e9s un dels serveis estrella que podeu trobar a Apen, ja que representa una opci\u00f3 alternativa a la compra \u00fanica d&#039;una impressora multifuncional. Consisteix en un servei de r\u00e8nting que permet al client gaudir de totes les prestacions i les funcionalitats d&#039;una impressora polivalent d&#039;\u00faltima generaci\u00f3 d&#039;una forma econ\u00f2mica, accessible, pr\u00e0ctica i eficient.<\/p>\n\n\n\n<p>El&nbsp;<strong>lloguer<\/strong>&nbsp;de la&nbsp;<strong>fotocopiadora<\/strong>&nbsp;<strong>KONICA MINOLTA<\/strong>&nbsp;a&nbsp;<strong>Barcelona<\/strong>&nbsp;d&#039;Apen ha esdevingut una gran opci\u00f3 per a moltes empreses; Petites, mitjanes o grans. Perqu\u00e8 ofereix molts avantatges i no obliga el client a fer un gran desemborsament inicial, si no disposa d&#039;un gran pressupost pel que fa a solucions d&#039;impressi\u00f3, ja que no est\u00e0 obligat a comprar l&#039;equip.<\/p>\n\n\n\n<p>A m\u00e9s, com a element diferenciador, a Apen proposem un servei t\u00e8cnic professional que posem a disposici\u00f3 del client de forma gratu\u00efta en contractar aquest servei de&nbsp;<strong>lloguer<\/strong>&nbsp;de la&nbsp;<strong>fotocopiadora<\/strong>&nbsp;<strong>KONICA MINOLTA<\/strong>&nbsp;a Barcelona. Un servei molt \u00fatil per a qualsevol empresa, que permetr\u00e0 que no us hagueu de preocupar en aquest sentit, podent gaudir de tots els avantatges que us ofereix la impressora multifuncional d&#039;Apen.<\/p>\n\n\n\n<p>Un servei t\u00e8cnic que inclou la instal\u00b7laci\u00f3 i configuraci\u00f3 de l&#039;equip, les reparacions i la substituci\u00f3 de la impressora en cas d&#039;avaria, l&#039;assist\u00e8ncia en menys de quatre hores, els recanvis de peces i de consumibles, l&#039;assessorament sempre que ho sol\u00b7licite, el manteniment, la seguretat inform\u00e0tica, etc. Tot aix\u00f2 incl\u00f2s en contractar el servei de&nbsp;<strong>lloguer<\/strong>&nbsp;de la&nbsp;<strong>fotocopiadora<\/strong>&nbsp;<strong>KONICA MINOLTA<\/strong>&nbsp;a&nbsp;<strong>Barcelona<\/strong>.<\/p>\n\n\n\n<p>Si est\u00e0s buscant una soluci\u00f3 d&#039;impressi\u00f3 definitiva per a la teva empresa amb la qual puguis gestionar les impressions d&#039;una forma efectiva i gaudint d&#039;un servei competitiu i professional et recomanem que apostis pel r\u00e8nting, perqu\u00e8 aconseguir\u00e0s una soluci\u00f3 feta a mesura que et permetr\u00e0 gaudir d&#039;unes impressions de m\u00e0xima qualitat i de la realitzaci\u00f3 de multitasques des d&#039;un \u00fanic lloc, podent fer el treball.<\/p>\n\n\n\n<p>A m\u00e9s, el&nbsp;<strong>lloguer<\/strong>&nbsp;de la&nbsp;<strong>fotocopiadora<\/strong>&nbsp;<strong>KONICA MINOLTA<\/strong>&nbsp;a&nbsp;<strong>Barcelona<\/strong>&nbsp;aposta per la sostenibilitat, fomentant impressions m\u00e9s conscients. Perqu\u00e8 funciona a trav\u00e9s del m\u00e8tode \u201cpreu per c\u00f2pia\u201d, amb qu\u00e8 el client \u00fanicament ha de pagar per aquelles p\u00e0gines que imprimeixi i aix\u00f2 es tradueix en un \u00fas m\u00e9s sostenible de la despesa del paper. A Apen tamb\u00e9 ens ocupem del correcte reciclatge dels consumibles, per no generar residus nocius per al medi ambient i fer un servei m\u00e9s just per a tothom.<\/p>\n\n\n\n<p>Amb el&nbsp;<strong>lloguer<\/strong>&nbsp;de la&nbsp;<strong>fotocopiadora<\/strong>&nbsp;<strong>KONICA MINOLTA<\/strong>&nbsp;a&nbsp;<strong>Barcelona<\/strong>&nbsp;podr\u00e0s gaudir d\u00b4un servei integral a un preu realment competitiu, que et permetr\u00e0 aprofitar tots els seus avantatges i et proporcionar\u00e0 un gran estalvi en els costos anuals d\u00b4impressi\u00f3 de la teva empresa.<\/p>","protected":false},"excerpt":{"rendered":"<p>El&nbsp;alquiler&nbsp;de la&nbsp;fotocopiadora&nbsp;KONICA MINOLTA&nbsp;en&nbsp;Barcelona&nbsp;es uno de los servicios estrella que puedes encontrar en Apen, ya que representa una opci\u00f3n alternativa a la compra \u00fanica de una impresora multifuncional. Consiste en un servicio de renting que permite al cliente disfrutar de todas las prestaciones y funcionalidades de una impresora polivalente de \u00faltima generaci\u00f3n de una forma econ\u00f3mica,&#8230;<\/p>","protected":false},"author":4,"featured_media":0,"parent":12848,"menu_order":0,"comment_status":"closed","ping_status":"closed","template":"page-renting-impresoras.php","meta":{"_acf_changed":false,"_kad_blocks_custom_css":"","_kad_blocks_head_custom_js":"","_kad_blocks_body_custom_js":"","_kad_blocks_footer_custom_js":"","_kad_post_transparent":"","_kad_post_title":"","_kad_post_layout":"","_kad_post_sidebar_id":"","_kad_post_content_style":"","_kad_post_vertical_padding":"","_kad_post_feature":"","_kad_post_feature_position":"","_kad_post_header":false,"_kad_post_footer":false,"_kad_post_classname":"","footnotes":""},"class_list":["post-12896","page","type-page","status-publish","hentry"],"acf":[],"yoast_head":"<!-- This site is optimized with the Yoast SEO plugin v27.4 - https:\/\/yoast.com\/product\/yoast-seo-wordpress\/ -->\n<title>Alquiler fotocopiadora KONICA MINOLTA Barcelona - Apen Inform\u00e1tica<\/title>\n<meta name=\"description\" content=\"Alquiler de fotocopiadoras de la marca Konica Minolta en Barcelona. Impresi\u00f3n para empresas. Renting y Alquiler de impresoras y fotocopiadora.\" \/>\n<meta name=\"robots\" content=\"index, follow, max-snippet:-1, max-image-preview:large, max-video-preview:-1\" \/>\n<link rel=\"canonical\" href=\"https:\/\/www.apen.es\/ca\/fotocopiadora\/alquiler-fotocopiadora-konica-minolta\/alquiler-barcelona\/\" \/>\n<meta property=\"og:locale\" content=\"ca_ES\" \/>\n<meta property=\"og:type\" content=\"article\" \/>\n<meta property=\"og:title\" content=\"Alquiler fotocopiadora KONICA MINOLTA Barcelona - Apen Inform\u00e1tica\" \/>\n<meta property=\"og:description\" content=\"Alquiler de fotocopiadoras de la marca Konica Minolta en Barcelona. Impresi\u00f3n para empresas. Renting y Alquiler de impresoras y fotocopiadora.\" \/>\n<meta property=\"og:url\" content=\"https:\/\/www.apen.es\/ca\/fotocopiadora\/alquiler-fotocopiadora-konica-minolta\/alquiler-barcelona\/\" \/>\n<meta property=\"og:site_name\" content=\"Apen Inform\u00e1tica\" \/>\n<meta property=\"article:publisher\" content=\"https:\/\/www.facebook.com\/apensolucions\" \/>\n<meta property=\"article:modified_time\" content=\"2025-05-23T08:14:07+00:00\" \/>\n<meta property=\"og:image\" content=\"https:\/\/www.apen.es\/wp-content\/uploads\/2016\/05\/logo-apen-231x82-trasparent.png\" \/>\n\t<meta property=\"og:image:width\" content=\"231\" \/>\n\t<meta property=\"og:image:height\" content=\"82\" \/>\n\t<meta property=\"og:image:type\" content=\"image\/png\" \/>\n<meta name=\"twitter:card\" content=\"summary_large_image\" \/>\n<meta name=\"twitter:label1\" content=\"Temps estimat de lectura\" \/>\n\t<meta name=\"twitter:data1\" content=\"8 minuts\" \/>\n<script type=\"application\/ld+json\" class=\"yoast-schema-graph\">{\"@context\":\"https:\\\/\\\/schema.org\",\"@graph\":[{\"@type\":\"WebPage\",\"@id\":\"https:\\\/\\\/www.apen.es\\\/fotocopiadora\\\/alquiler-fotocopiadora-konica-minolta\\\/alquiler-barcelona\\\/\",\"url\":\"https:\\\/\\\/www.apen.es\\\/fotocopiadora\\\/alquiler-fotocopiadora-konica-minolta\\\/alquiler-barcelona\\\/\",\"name\":\"Alquiler fotocopiadora KONICA MINOLTA Barcelona - Apen Inform\u00e1tica\",\"isPartOf\":{\"@id\":\"https:\\\/\\\/www.apen.es\\\/#website\"},\"datePublished\":\"2019-02-06T14:20:33+00:00\",\"dateModified\":\"2025-05-23T08:14:07+00:00\",\"description\":\"Alquiler de fotocopiadoras de la marca Konica Minolta en Barcelona. Impresi\u00f3n para empresas. Renting y Alquiler de impresoras y fotocopiadora.\",\"breadcrumb\":{\"@id\":\"https:\\\/\\\/www.apen.es\\\/fotocopiadora\\\/alquiler-fotocopiadora-konica-minolta\\\/alquiler-barcelona\\\/#breadcrumb\"},\"inLanguage\":\"ca\",\"potentialAction\":[{\"@type\":\"ReadAction\",\"target\":[\"https:\\\/\\\/www.apen.es\\\/fotocopiadora\\\/alquiler-fotocopiadora-konica-minolta\\\/alquiler-barcelona\\\/\"]}]},{\"@type\":\"BreadcrumbList\",\"@id\":\"https:\\\/\\\/www.apen.es\\\/fotocopiadora\\\/alquiler-fotocopiadora-konica-minolta\\\/alquiler-barcelona\\\/#breadcrumb\",\"itemListElement\":[{\"@type\":\"ListItem\",\"position\":1,\"name\":\"Portada\",\"item\":\"https:\\\/\\\/www.apen.es\\\/\"},{\"@type\":\"ListItem\",\"position\":2,\"name\":\"Fotocopiadora\",\"item\":\"https:\\\/\\\/www.apen.es\\\/fotocopiadora\\\/\"},{\"@type\":\"ListItem\",\"position\":3,\"name\":\"Alquiler fotocopiadora KONICA MINOLTA\",\"item\":\"https:\\\/\\\/www.apen.es\\\/fotocopiadora\\\/alquiler-fotocopiadora-konica-minolta\\\/\"},{\"@type\":\"ListItem\",\"position\":4,\"name\":\"Alquiler fotocopiadora KONICA MINOLTA Barcelona\"}]},{\"@type\":\"WebSite\",\"@id\":\"https:\\\/\\\/www.apen.es\\\/#website\",\"url\":\"https:\\\/\\\/www.apen.es\\\/\",\"name\":\"Apen Inform\u00e1tica\",\"description\":\"Mantenimiento Inform\u00e1tico , Software de Gesti\u00f3n, Soluciones de impresi\u00f3n\",\"publisher\":{\"@id\":\"https:\\\/\\\/www.apen.es\\\/#organization\"},\"potentialAction\":[{\"@type\":\"SearchAction\",\"target\":{\"@type\":\"EntryPoint\",\"urlTemplate\":\"https:\\\/\\\/www.apen.es\\\/?s={search_term_string}\"},\"query-input\":{\"@type\":\"PropertyValueSpecification\",\"valueRequired\":true,\"valueName\":\"search_term_string\"}}],\"inLanguage\":\"ca\"},{\"@type\":\"Organization\",\"@id\":\"https:\\\/\\\/www.apen.es\\\/#organization\",\"name\":\"Apen: Soluciones inform\u00e1ticas\",\"url\":\"https:\\\/\\\/www.apen.es\\\/\",\"logo\":{\"@type\":\"ImageObject\",\"inLanguage\":\"ca\",\"@id\":\"https:\\\/\\\/www.apen.es\\\/#\\\/schema\\\/logo\\\/image\\\/\",\"url\":\"https:\\\/\\\/www.apen.es\\\/wp-content\\\/uploads\\\/2022\\\/08\\\/logo-apenok-231x82-1.png\",\"contentUrl\":\"https:\\\/\\\/www.apen.es\\\/wp-content\\\/uploads\\\/2022\\\/08\\\/logo-apenok-231x82-1.png\",\"width\":231,\"height\":82,\"caption\":\"Apen: Soluciones inform\u00e1ticas\"},\"image\":{\"@id\":\"https:\\\/\\\/www.apen.es\\\/#\\\/schema\\\/logo\\\/image\\\/\"},\"sameAs\":[\"https:\\\/\\\/www.facebook.com\\\/apensolucions\",\"https:\\\/\\\/www.youtube.com\\\/user\\\/ApenCentreInformatic\",\"https:\\\/\\\/www.linkedin.com\\\/company\\\/1021771?trk=tyah&trkInfo=clickedVerticalcompanyclickedEntityId1021771idx2-1-2tarId1464195271196tasapenin\"]}]}<\/script>\n<!-- \/ Yoast SEO plugin. -->","yoast_head_json":{"title":"Alquiler fotocopiadora KONICA MINOLTA Barcelona - Apen Inform\u00e1tica","description":"Alquiler de fotocopiadoras de la marca Konica Minolta en Barcelona. Impresi\u00f3n para empresas. Renting y Alquiler de impresoras y fotocopiadora.","robots":{"index":"index","follow":"follow","max-snippet":"max-snippet:-1","max-image-preview":"max-image-preview:large","max-video-preview":"max-video-preview:-1"},"canonical":"https:\/\/www.apen.es\/ca\/fotocopiadora\/alquiler-fotocopiadora-konica-minolta\/alquiler-barcelona\/","og_locale":"ca_ES","og_type":"article","og_title":"Alquiler fotocopiadora KONICA MINOLTA Barcelona - Apen Inform\u00e1tica","og_description":"Alquiler de fotocopiadoras de la marca Konica Minolta en Barcelona. Impresi\u00f3n para empresas. Renting y Alquiler de impresoras y fotocopiadora.","og_url":"https:\/\/www.apen.es\/ca\/fotocopiadora\/alquiler-fotocopiadora-konica-minolta\/alquiler-barcelona\/","og_site_name":"Apen Inform\u00e1tica","article_publisher":"https:\/\/www.facebook.com\/apensolucions","article_modified_time":"2025-05-23T08:14:07+00:00","og_image":[{"width":231,"height":82,"url":"https:\/\/www.apen.es\/wp-content\/uploads\/2016\/05\/logo-apen-231x82-trasparent.png","type":"image\/png"}],"twitter_card":"summary_large_image","twitter_misc":{"Temps estimat de lectura":"8 minuts"},"schema":{"@context":"https:\/\/schema.org","@graph":[{"@type":"WebPage","@id":"https:\/\/www.apen.es\/fotocopiadora\/alquiler-fotocopiadora-konica-minolta\/alquiler-barcelona\/","url":"https:\/\/www.apen.es\/fotocopiadora\/alquiler-fotocopiadora-konica-minolta\/alquiler-barcelona\/","name":"Alquiler fotocopiadora KONICA MINOLTA Barcelona - Apen Inform\u00e1tica","isPartOf":{"@id":"https:\/\/www.apen.es\/#website"},"datePublished":"2019-02-06T14:20:33+00:00","dateModified":"2025-05-23T08:14:07+00:00","description":"Alquiler de fotocopiadoras de la marca Konica Minolta en Barcelona. Impresi\u00f3n para empresas. Renting y Alquiler de impresoras y fotocopiadora.","breadcrumb":{"@id":"https:\/\/www.apen.es\/fotocopiadora\/alquiler-fotocopiadora-konica-minolta\/alquiler-barcelona\/#breadcrumb"},"inLanguage":"ca","potentialAction":[{"@type":"ReadAction","target":["https:\/\/www.apen.es\/fotocopiadora\/alquiler-fotocopiadora-konica-minolta\/alquiler-barcelona\/"]}]},{"@type":"BreadcrumbList","@id":"https:\/\/www.apen.es\/fotocopiadora\/alquiler-fotocopiadora-konica-minolta\/alquiler-barcelona\/#breadcrumb","itemListElement":[{"@type":"ListItem","position":1,"name":"Portada","item":"https:\/\/www.apen.es\/"},{"@type":"ListItem","position":2,"name":"Fotocopiadora","item":"https:\/\/www.apen.es\/fotocopiadora\/"},{"@type":"ListItem","position":3,"name":"Alquiler fotocopiadora KONICA MINOLTA","item":"https:\/\/www.apen.es\/fotocopiadora\/alquiler-fotocopiadora-konica-minolta\/"},{"@type":"ListItem","position":4,"name":"Alquiler fotocopiadora KONICA MINOLTA Barcelona"}]},{"@type":"WebSite","@id":"https:\/\/www.apen.es\/#website","url":"https:\/\/www.apen.es\/","name":"Apen Inform\u00e0tica","description":"Manteniment inform\u00e0tic , programari de gesti\u00f3, solucions d&#039;impressi\u00f3","publisher":{"@id":"https:\/\/www.apen.es\/#organization"},"potentialAction":[{"@type":"SearchAction","target":{"@type":"EntryPoint","urlTemplate":"https:\/\/www.apen.es\/?s={search_term_string}"},"query-input":{"@type":"PropertyValueSpecification","valueRequired":true,"valueName":"search_term_string"}}],"inLanguage":"ca"},{"@type":"Organization","@id":"https:\/\/www.apen.es\/#organization","name":"Apen: Solucions inform\u00e0tiques","url":"https:\/\/www.apen.es\/","logo":{"@type":"ImageObject","inLanguage":"ca","@id":"https:\/\/www.apen.es\/#\/schema\/logo\/image\/","url":"https:\/\/www.apen.es\/wp-content\/uploads\/2022\/08\/logo-apenok-231x82-1.png","contentUrl":"https:\/\/www.apen.es\/wp-content\/uploads\/2022\/08\/logo-apenok-231x82-1.png","width":231,"height":82,"caption":"Apen: Soluciones inform\u00e1ticas"},"image":{"@id":"https:\/\/www.apen.es\/#\/schema\/logo\/image\/"},"sameAs":["https:\/\/www.facebook.com\/apensolucions","https:\/\/www.youtube.com\/user\/ApenCentreInformatic","https:\/\/www.linkedin.com\/company\/1021771?trk=tyah&trkInfo=clickedVerticalcompanyclickedEntityId1021771idx2-1-2tarId1464195271196tasapenin"]}]}},"taxonomy_info":[],"featured_image_src_large":false,"author_info":{"display_name":"marqueting","author_link":"https:\/\/www.apen.es\/ca\/blog\/author\/marqueting\/"},"comment_info":0,"_links":{"self":[{"href":"https:\/\/www.apen.es\/ca\/wp-json\/wp\/v2\/pages\/12896","targetHints":{"allow":["GET"]}}],"collection":[{"href":"https:\/\/www.apen.es\/ca\/wp-json\/wp\/v2\/pages"}],"about":[{"href":"https:\/\/www.apen.es\/ca\/wp-json\/wp\/v2\/types\/page"}],"author":[{"embeddable":true,"href":"https:\/\/www.apen.es\/ca\/wp-json\/wp\/v2\/users\/4"}],"replies":[{"embeddable":true,"href":"https:\/\/www.apen.es\/ca\/wp-json\/wp\/v2\/comments?post=12896"}],"version-history":[{"count":5,"href":"https:\/\/www.apen.es\/ca\/wp-json\/wp\/v2\/pages\/12896\/revisions"}],"predecessor-version":[{"id":54840,"href":"https:\/\/www.apen.es\/ca\/wp-json\/wp\/v2\/pages\/12896\/revisions\/54840"}],"up":[{"embeddable":true,"href":"https:\/\/www.apen.es\/ca\/wp-json\/wp\/v2\/pages\/12848"}],"wp:attachment":[{"href":"https:\/\/www.apen.es\/ca\/wp-json\/wp\/v2\/media?parent=12896"}],"curies":[{"name":"wp","href":"https:\/\/api.w.org\/{rel}","templated":true}]}}