{"id":12893,"date":"2019-02-06T14:15:15","date_gmt":"2019-02-06T14:15:15","guid":{"rendered":"https:\/\/www.apen.es\/?page_id=12893"},"modified":"2025-05-23T08:31:24","modified_gmt":"2025-05-23T08:31:24","slug":"lloguer-terrassa","status":"publish","type":"page","link":"https:\/\/www.apen.es\/ca\/fotocopiadora\/alquiler-fotocopiadora-kyocera\/alquiler-terrassa\/","title":{"rendered":"Lloguer fotocopiadora KYOCERA Terrassa"},"content":{"rendered":"<p>Si voleu disposar d&#039;una impressora multifuncional d&#039;\u00faltima generaci\u00f3 sense haver de fer un gran desemborsament inicial, us proposem contractar el servei de&nbsp;<strong>lloguer<\/strong>&nbsp;de la&nbsp;<strong>fotocopiadora<\/strong>&nbsp;<strong>KYOCERA<\/strong>&nbsp;a&nbsp;<strong>Terrassa<\/strong>&nbsp;d&#039;Apen, amb qu\u00e8 podr\u00e0s gaudir d&#039;una infinitat d&#039;avantatges des del primer dia. Som distribu\u00efdors de les marques capdavanteres en el sector de les solucions d&#039;impressi\u00f3, com ara OKI, HP, KONICA MINOLTA i KYOCERA, per la qual cosa podem garantir-te que trobarem la millor soluci\u00f3 d&#039;impressi\u00f3 per a la teva empresa.<\/p>\n\n\n\n<p>Es tracta d&#039;un servei de r\u00e8nting basat en el sistema de \u201cpreu per c\u00f2pia\u201d, amb qu\u00e8 el client nom\u00e9s ha de pagar per aquelles p\u00e0gines que imprimeix i pel consum el\u00e8ctric de l&#039;equip. D&#039;aquesta manera, el client pot gaudir de totes les funcionalitats i prestacions del&nbsp;<strong>lloguer<\/strong>&nbsp;de la&nbsp;<strong>fotocopiadora<\/strong>&nbsp;<strong>KYOCERA<\/strong>&nbsp;a&nbsp;<strong>Terrassa<\/strong>, sense tenir l&#039;obligaci\u00f3 de comprar la impressora. Una impressora d&#039;\u00faltima generaci\u00f3 que us permet realitzar multitasques des d&#039;un \u00fanic lloc; fer impressions de m\u00e0xima qualitat, escanejar documents, fer fotoc\u00f2pies, enviar fax, etc.<\/p>\n\n\n\n<p>Si contracteu aquest r\u00e8nting amb nosaltres gaudireu d&#039;un servei global. Perqu\u00e8 a m\u00e9s d&#039;aconseguir tots els avantatges que suposa gaudir d&#039;una impressora multifuncional, amb el&nbsp;<strong>lloguer<\/strong>&nbsp;de la&nbsp;<strong>fotocopiadora<\/strong>&nbsp;<strong>KYOCERA<\/strong>&nbsp;a&nbsp;<strong>Terrassa<\/strong>&nbsp;tamb\u00e9 podr\u00e0s tenir un servei t\u00e8cnic professional, sempre que ho necessitis. A Apen ens ocupem de prestar assist\u00e8ncia t\u00e8cnica als nostres clients en menys de quatre hores sense fer-los pagar m\u00e9s per aix\u00f2, perqu\u00e8 ho incloem en contractar el servei de&nbsp;<strong>lloguer<\/strong>&nbsp;de la&nbsp;<strong>fotocopiadora<\/strong>&nbsp;<strong>KYOCERA<\/strong>&nbsp;a&nbsp;<strong>Terrassa<\/strong>.<\/p>\n\n\n\n<p>\u00c9s un servei t\u00e8cnic dut a terme pel nostre equip especialista en el manteniment i la seguretat inform\u00e0tica. S&#039;ocuparan de la instal\u00b7laci\u00f3 i la configuraci\u00f3 de l&#039;equip, de l&#039;assessorament sempre que ho sol\u00b7liciteu, dels recanvis de peces i de consumibles, de les reparacions i substituci\u00f3 de l&#039;equip en cas d&#039;avaria, del manteniment i de tot all\u00f2 que estigui relacionat amb l&#039;assist\u00e8ncia t\u00e8cnica.<\/p>\n\n\n\n<p>Descobreix tots els detalls sobre el&nbsp;<strong>lloguer<\/strong>&nbsp;de la&nbsp;<strong>fotocopiadora<\/strong>&nbsp;<strong>KYOCERA<\/strong>&nbsp;a&nbsp;<strong>Terrassa<\/strong>&nbsp;i de la resta dels nostres productes i serveis a la nostra p\u00e0gina web. Podr\u00e0s con\u00e8ixer altres serveis multifunci\u00f3 com ara el programari de gesti\u00f3 empresarial a3ERP, que et permetr\u00e0 unificar tots els departaments de la teva empresa en un \u00fanic programa, per aconseguir una millor supervisi\u00f3 i gesti\u00f3 del treball que es duu a terme a cada \u00e0rea empresarial, entre molts altres avantatges.<\/p>\n\n\n\n<p>Tamb\u00e9 disposem d&#039;un bloc, amb el qual podreu estar al dia de totes les not\u00edcies i informacions relacionades amb el manteniment inform\u00e0tic i la seguretat inform\u00e0tica, aix\u00ed com la gesti\u00f3 empresarial, els atacs inform\u00e0tics, apps i eines digitals i tot all\u00f2 que pugui ser d&#039;inter\u00e8s general per a les empreses d&#039;avui dia.<\/p>","protected":false},"excerpt":{"rendered":"<p>Si quieres disponer de una impresora multifuncional de \u00faltima generaci\u00f3n sin tener que hacer un gran desembolso inicial, te proponemos contratar el servicio de&nbsp;alquiler&nbsp;de la&nbsp;fotocopiadora&nbsp;KYOCERA&nbsp;en&nbsp;Terrassa&nbsp;de Apen, con el que podr\u00e1s disfrutar de un sinf\u00edn de ventajas desde el primer d\u00eda. Somos distribuidores de las marcas l\u00edderes en el sector de las soluciones de impresi\u00f3n, tales&#8230;<\/p>","protected":false},"author":4,"featured_media":0,"parent":12887,"menu_order":0,"comment_status":"closed","ping_status":"closed","template":"page-renting-impresoras.php","meta":{"_acf_changed":false,"_kad_blocks_custom_css":"","_kad_blocks_head_custom_js":"","_kad_blocks_body_custom_js":"","_kad_blocks_footer_custom_js":"","_kad_post_transparent":"","_kad_post_title":"","_kad_post_layout":"","_kad_post_sidebar_id":"","_kad_post_content_style":"","_kad_post_vertical_padding":"","_kad_post_feature":"","_kad_post_feature_position":"","_kad_post_header":false,"_kad_post_footer":false,"_kad_post_classname":"","footnotes":""},"class_list":["post-12893","page","type-page","status-publish","hentry"],"acf":[],"yoast_head":"<!-- This site is optimized with the Yoast SEO plugin v27.4 - https:\/\/yoast.com\/product\/yoast-seo-wordpress\/ -->\n<title>Alquiler fotocopiadora KYOCERA Terrassa - Apen Inform\u00e1tica<\/title>\n<meta name=\"description\" content=\"Alquiler de fotocopiadoras de la marca Kyocera en Terrassa. Soluciones de impresi\u00f3n para empresas. Renting y Alquiler de impresoras y fotocopiadora.\" \/>\n<meta name=\"robots\" content=\"index, follow, max-snippet:-1, max-image-preview:large, max-video-preview:-1\" \/>\n<link rel=\"canonical\" href=\"https:\/\/www.apen.es\/ca\/fotocopiadora\/lloguer-fotocopiadora-kyocera\/lloguer-terrassa\/\" \/>\n<meta property=\"og:locale\" content=\"ca_ES\" \/>\n<meta property=\"og:type\" content=\"article\" \/>\n<meta property=\"og:title\" content=\"Alquiler fotocopiadora KYOCERA Terrassa - Apen Inform\u00e1tica\" \/>\n<meta property=\"og:description\" content=\"Alquiler de fotocopiadoras de la marca Kyocera en Terrassa. Soluciones de impresi\u00f3n para empresas. Renting y Alquiler de impresoras y fotocopiadora.\" \/>\n<meta property=\"og:url\" content=\"https:\/\/www.apen.es\/ca\/fotocopiadora\/lloguer-fotocopiadora-kyocera\/lloguer-terrassa\/\" \/>\n<meta property=\"og:site_name\" content=\"Apen Inform\u00e1tica\" \/>\n<meta property=\"article:publisher\" content=\"https:\/\/www.facebook.com\/apensolucions\" \/>\n<meta property=\"article:modified_time\" content=\"2025-05-23T08:31:24+00:00\" \/>\n<meta property=\"og:image\" content=\"https:\/\/www.apen.es\/wp-content\/uploads\/2016\/05\/logo-apen-231x82-trasparent.png\" \/>\n\t<meta property=\"og:image:width\" content=\"231\" \/>\n\t<meta property=\"og:image:height\" content=\"82\" \/>\n\t<meta property=\"og:image:type\" content=\"image\/png\" \/>\n<meta name=\"twitter:card\" content=\"summary_large_image\" \/>\n<meta name=\"twitter:label1\" content=\"Temps estimat de lectura\" \/>\n\t<meta name=\"twitter:data1\" content=\"8 minuts\" \/>\n<script type=\"application\/ld+json\" class=\"yoast-schema-graph\">{\"@context\":\"https:\\\/\\\/schema.org\",\"@graph\":[{\"@type\":\"WebPage\",\"@id\":\"https:\\\/\\\/www.apen.es\\\/fotocopiadora\\\/alquiler-fotocopiadora-kyocera\\\/alquiler-terrassa\\\/\",\"url\":\"https:\\\/\\\/www.apen.es\\\/fotocopiadora\\\/alquiler-fotocopiadora-kyocera\\\/alquiler-terrassa\\\/\",\"name\":\"Alquiler fotocopiadora KYOCERA Terrassa - Apen Inform\u00e1tica\",\"isPartOf\":{\"@id\":\"https:\\\/\\\/www.apen.es\\\/#website\"},\"datePublished\":\"2019-02-06T14:15:15+00:00\",\"dateModified\":\"2025-05-23T08:31:24+00:00\",\"description\":\"Alquiler de fotocopiadoras de la marca Kyocera en Terrassa. Soluciones de impresi\u00f3n para empresas. Renting y Alquiler de impresoras y fotocopiadora.\",\"breadcrumb\":{\"@id\":\"https:\\\/\\\/www.apen.es\\\/fotocopiadora\\\/alquiler-fotocopiadora-kyocera\\\/alquiler-terrassa\\\/#breadcrumb\"},\"inLanguage\":\"ca\",\"potentialAction\":[{\"@type\":\"ReadAction\",\"target\":[\"https:\\\/\\\/www.apen.es\\\/fotocopiadora\\\/alquiler-fotocopiadora-kyocera\\\/alquiler-terrassa\\\/\"]}]},{\"@type\":\"BreadcrumbList\",\"@id\":\"https:\\\/\\\/www.apen.es\\\/fotocopiadora\\\/alquiler-fotocopiadora-kyocera\\\/alquiler-terrassa\\\/#breadcrumb\",\"itemListElement\":[{\"@type\":\"ListItem\",\"position\":1,\"name\":\"Portada\",\"item\":\"https:\\\/\\\/www.apen.es\\\/\"},{\"@type\":\"ListItem\",\"position\":2,\"name\":\"Fotocopiadora\",\"item\":\"https:\\\/\\\/www.apen.es\\\/fotocopiadora\\\/\"},{\"@type\":\"ListItem\",\"position\":3,\"name\":\"Alquiler fotocopiadora KYOCERA\",\"item\":\"https:\\\/\\\/www.apen.es\\\/fotocopiadora\\\/alquiler-fotocopiadora-kyocera\\\/\"},{\"@type\":\"ListItem\",\"position\":4,\"name\":\"Alquiler fotocopiadora KYOCERA Terrassa\"}]},{\"@type\":\"WebSite\",\"@id\":\"https:\\\/\\\/www.apen.es\\\/#website\",\"url\":\"https:\\\/\\\/www.apen.es\\\/\",\"name\":\"Apen Inform\u00e1tica\",\"description\":\"Mantenimiento Inform\u00e1tico , Software de Gesti\u00f3n, Soluciones de impresi\u00f3n\",\"publisher\":{\"@id\":\"https:\\\/\\\/www.apen.es\\\/#organization\"},\"potentialAction\":[{\"@type\":\"SearchAction\",\"target\":{\"@type\":\"EntryPoint\",\"urlTemplate\":\"https:\\\/\\\/www.apen.es\\\/?s={search_term_string}\"},\"query-input\":{\"@type\":\"PropertyValueSpecification\",\"valueRequired\":true,\"valueName\":\"search_term_string\"}}],\"inLanguage\":\"ca\"},{\"@type\":\"Organization\",\"@id\":\"https:\\\/\\\/www.apen.es\\\/#organization\",\"name\":\"Apen: Soluciones inform\u00e1ticas\",\"url\":\"https:\\\/\\\/www.apen.es\\\/\",\"logo\":{\"@type\":\"ImageObject\",\"inLanguage\":\"ca\",\"@id\":\"https:\\\/\\\/www.apen.es\\\/#\\\/schema\\\/logo\\\/image\\\/\",\"url\":\"https:\\\/\\\/www.apen.es\\\/wp-content\\\/uploads\\\/2022\\\/08\\\/logo-apenok-231x82-1.png\",\"contentUrl\":\"https:\\\/\\\/www.apen.es\\\/wp-content\\\/uploads\\\/2022\\\/08\\\/logo-apenok-231x82-1.png\",\"width\":231,\"height\":82,\"caption\":\"Apen: Soluciones inform\u00e1ticas\"},\"image\":{\"@id\":\"https:\\\/\\\/www.apen.es\\\/#\\\/schema\\\/logo\\\/image\\\/\"},\"sameAs\":[\"https:\\\/\\\/www.facebook.com\\\/apensolucions\",\"https:\\\/\\\/www.youtube.com\\\/user\\\/ApenCentreInformatic\",\"https:\\\/\\\/www.linkedin.com\\\/company\\\/1021771?trk=tyah&trkInfo=clickedVerticalcompanyclickedEntityId1021771idx2-1-2tarId1464195271196tasapenin\"]}]}<\/script>\n<!-- \/ Yoast SEO plugin. -->","yoast_head_json":{"title":"Lloguer fotocopiadora KYOCERA Terrassa - Apen Inform\u00e0tica","description":"Lloguer de fotocopiadores de la marca Kyocera a Terrassa. Solucions d\u00b4impressi\u00f3 per a empreses. R\u00e8nting i lloguer d&#039;impressores i fotocopiadora.","robots":{"index":"index","follow":"follow","max-snippet":"max-snippet:-1","max-image-preview":"max-image-preview:large","max-video-preview":"max-video-preview:-1"},"canonical":"https:\/\/www.apen.es\/ca\/fotocopiadora\/lloguer-fotocopiadora-kyocera\/lloguer-terrassa\/","og_locale":"ca_ES","og_type":"article","og_title":"Alquiler fotocopiadora KYOCERA Terrassa - Apen Inform\u00e1tica","og_description":"Alquiler de fotocopiadoras de la marca Kyocera en Terrassa. Soluciones de impresi\u00f3n para empresas. Renting y Alquiler de impresoras y fotocopiadora.","og_url":"https:\/\/www.apen.es\/ca\/fotocopiadora\/lloguer-fotocopiadora-kyocera\/lloguer-terrassa\/","og_site_name":"Apen Inform\u00e1tica","article_publisher":"https:\/\/www.facebook.com\/apensolucions","article_modified_time":"2025-05-23T08:31:24+00:00","og_image":[{"width":231,"height":82,"url":"https:\/\/www.apen.es\/wp-content\/uploads\/2016\/05\/logo-apen-231x82-trasparent.png","type":"image\/png"}],"twitter_card":"summary_large_image","twitter_misc":{"Temps estimat de lectura":"8 minuts"},"schema":{"@context":"https:\/\/schema.org","@graph":[{"@type":"WebPage","@id":"https:\/\/www.apen.es\/fotocopiadora\/alquiler-fotocopiadora-kyocera\/alquiler-terrassa\/","url":"https:\/\/www.apen.es\/fotocopiadora\/alquiler-fotocopiadora-kyocera\/alquiler-terrassa\/","name":"Lloguer fotocopiadora KYOCERA Terrassa - Apen Inform\u00e0tica","isPartOf":{"@id":"https:\/\/www.apen.es\/#website"},"datePublished":"2019-02-06T14:15:15+00:00","dateModified":"2025-05-23T08:31:24+00:00","description":"Lloguer de fotocopiadores de la marca Kyocera a Terrassa. Solucions d\u00b4impressi\u00f3 per a empreses. R\u00e8nting i lloguer d&#039;impressores i fotocopiadora.","breadcrumb":{"@id":"https:\/\/www.apen.es\/fotocopiadora\/alquiler-fotocopiadora-kyocera\/alquiler-terrassa\/#breadcrumb"},"inLanguage":"ca","potentialAction":[{"@type":"ReadAction","target":["https:\/\/www.apen.es\/fotocopiadora\/alquiler-fotocopiadora-kyocera\/alquiler-terrassa\/"]}]},{"@type":"BreadcrumbList","@id":"https:\/\/www.apen.es\/fotocopiadora\/alquiler-fotocopiadora-kyocera\/alquiler-terrassa\/#breadcrumb","itemListElement":[{"@type":"ListItem","position":1,"name":"Portada","item":"https:\/\/www.apen.es\/"},{"@type":"ListItem","position":2,"name":"Fotocopiadora","item":"https:\/\/www.apen.es\/fotocopiadora\/"},{"@type":"ListItem","position":3,"name":"Alquiler fotocopiadora KYOCERA","item":"https:\/\/www.apen.es\/fotocopiadora\/alquiler-fotocopiadora-kyocera\/"},{"@type":"ListItem","position":4,"name":"Alquiler fotocopiadora KYOCERA Terrassa"}]},{"@type":"WebSite","@id":"https:\/\/www.apen.es\/#website","url":"https:\/\/www.apen.es\/","name":"Apen Inform\u00e0tica","description":"Manteniment inform\u00e0tic , programari de gesti\u00f3, solucions d&#039;impressi\u00f3","publisher":{"@id":"https:\/\/www.apen.es\/#organization"},"potentialAction":[{"@type":"SearchAction","target":{"@type":"EntryPoint","urlTemplate":"https:\/\/www.apen.es\/?s={search_term_string}"},"query-input":{"@type":"PropertyValueSpecification","valueRequired":true,"valueName":"search_term_string"}}],"inLanguage":"ca"},{"@type":"Organization","@id":"https:\/\/www.apen.es\/#organization","name":"Apen: Solucions inform\u00e0tiques","url":"https:\/\/www.apen.es\/","logo":{"@type":"ImageObject","inLanguage":"ca","@id":"https:\/\/www.apen.es\/#\/schema\/logo\/image\/","url":"https:\/\/www.apen.es\/wp-content\/uploads\/2022\/08\/logo-apenok-231x82-1.png","contentUrl":"https:\/\/www.apen.es\/wp-content\/uploads\/2022\/08\/logo-apenok-231x82-1.png","width":231,"height":82,"caption":"Apen: Soluciones inform\u00e1ticas"},"image":{"@id":"https:\/\/www.apen.es\/#\/schema\/logo\/image\/"},"sameAs":["https:\/\/www.facebook.com\/apensolucions","https:\/\/www.youtube.com\/user\/ApenCentreInformatic","https:\/\/www.linkedin.com\/company\/1021771?trk=tyah&trkInfo=clickedVerticalcompanyclickedEntityId1021771idx2-1-2tarId1464195271196tasapenin"]}]}},"taxonomy_info":[],"featured_image_src_large":false,"author_info":{"display_name":"marqueting","author_link":"https:\/\/www.apen.es\/ca\/blog\/author\/marqueting\/"},"comment_info":0,"_links":{"self":[{"href":"https:\/\/www.apen.es\/ca\/wp-json\/wp\/v2\/pages\/12893","targetHints":{"allow":["GET"]}}],"collection":[{"href":"https:\/\/www.apen.es\/ca\/wp-json\/wp\/v2\/pages"}],"about":[{"href":"https:\/\/www.apen.es\/ca\/wp-json\/wp\/v2\/types\/page"}],"author":[{"embeddable":true,"href":"https:\/\/www.apen.es\/ca\/wp-json\/wp\/v2\/users\/4"}],"replies":[{"embeddable":true,"href":"https:\/\/www.apen.es\/ca\/wp-json\/wp\/v2\/comments?post=12893"}],"version-history":[{"count":2,"href":"https:\/\/www.apen.es\/ca\/wp-json\/wp\/v2\/pages\/12893\/revisions"}],"predecessor-version":[{"id":54936,"href":"https:\/\/www.apen.es\/ca\/wp-json\/wp\/v2\/pages\/12893\/revisions\/54936"}],"up":[{"embeddable":true,"href":"https:\/\/www.apen.es\/ca\/wp-json\/wp\/v2\/pages\/12887"}],"wp:attachment":[{"href":"https:\/\/www.apen.es\/ca\/wp-json\/wp\/v2\/media?parent=12893"}],"curies":[{"name":"wp","href":"https:\/\/api.w.org\/{rel}","templated":true}]}}