{"id":12889,"date":"2019-02-06T14:11:10","date_gmt":"2019-02-06T14:11:10","guid":{"rendered":"https:\/\/www.apen.es\/?page_id=12889"},"modified":"2025-05-23T08:31:33","modified_gmt":"2025-05-23T08:31:33","slug":"lloguer-barcelona","status":"publish","type":"page","link":"https:\/\/www.apen.es\/ca\/fotocopiadora\/alquiler-fotocopiadora-kyocera\/alquiler-barcelona\/","title":{"rendered":"Lloguer fotocopiadora KYOCERA Barcelona"},"content":{"rendered":"<p>Gaudeix del millor servei de&nbsp;<strong>lloguer<\/strong>&nbsp;de la&nbsp;<strong>fotocopiadora<\/strong>&nbsp;<strong>KYOCERA<\/strong>&nbsp;a&nbsp;<strong>Barcelona<\/strong>, que pots trobar a Apen. Nosaltres tenim la sort de ser distribu\u00efdors de les marques capdavanteres en el sector de les solucions d&#039;impressi\u00f3, com ara KYOCERA, OKI, KONICA MINOLTA i HP, per la qual cosa podem garantir-te els millors resultats i propostes fetes a mida per cobrir les necessitats reals de la teva empresa.<\/p>\n\n\n\n<p>Com a especialistes en la seguretat i el manteniment inform\u00e0tic t&#039;oferim un servei t\u00e8cnic professional que va incl\u00f2s dins del servei de&nbsp;<strong>lloguer<\/strong>&nbsp;de la&nbsp;<strong>fotocopiadora<\/strong>&nbsp;<strong>KYOCERA<\/strong>&nbsp;a&nbsp;<strong>Barcelona<\/strong>. Per un preu realment competitiu podreu disposar d&#039;una impressora multifunci\u00f3 d&#039;\u00faltima generaci\u00f3 de les millors marques del sector, a m\u00e9s d&#039;obtenir un servei d&#039;assist\u00e8ncia t\u00e8cnica professional, pel mateix preu.<\/p>\n\n\n\n<p>Nosaltres ens ocuparem de dur a terme la instal\u00b7laci\u00f3 i la configuraci\u00f3 de l&#039;equip, del manteniment, de l&#039;assist\u00e8ncia t\u00e8cnica en menys de quatre hores, de l&#039;assessorament, del recanvi de peces i de consumibles o de les reparacions i substituci\u00f3 de l&#039;equip en cas d&#039;avaria, etc. En definitiva, t&#039;ajudarem amb tot all\u00f2 que necessitis i estigui relacionat amb el manteniment i la seguretat inform\u00e0tica.<\/p>\n\n\n\n<p>El&nbsp;<strong>lloguer<\/strong>&nbsp;de la&nbsp;<strong>fotocopiadora<\/strong>&nbsp;<strong>KYOCERA<\/strong>&nbsp;a&nbsp;<strong>Barcelona<\/strong>&nbsp;et proporcionar\u00e0 grans avantatges, que et permetran millorar la productivitat i la competitivitat de la teva empresa gr\u00e0cies a la possibilitat de realitzar multitasques des d&#039;un mateix equip, de fer impressions de m\u00e0xima qualitat, escanejar documents i gaudir de totes les prestacions i funcionalitats d&#039;aquests equips tan polivalents.<\/p>\n\n\n\n<p>\u00c9s un servei que funciona a trav\u00e9s del sistema de \u201cpreu per c\u00f2pia\u201d amb qu\u00e8 el client pot gaudir de totes les prestacions que ofereix el servei de&nbsp;<strong>lloguer<\/strong>&nbsp;de la&nbsp;<strong>fotocopiadora<\/strong>&nbsp;<strong>KYOCERA<\/strong>&nbsp;a&nbsp;<strong>Barcelona<\/strong>, pagant \u00fanicament per les p\u00e0gines que imprimeix i pel consum el\u00e8ctric que faci de lequip. De la resta, all\u00f2 que t\u00e9 a veure amb la part t\u00e8cnica de la impressora, ens ocupem nosaltres. \u00c9s un sistema innovador, econ\u00f2mic i m\u00e9s sostenible per al client i per al planeta, perqu\u00e8 permet dur a terme impressions m\u00e9s conscients per lluitar contra el malbaratament del paper ia m\u00e9s, des d&#039;Apen, ens ocupem de reciclar correctament els consumibles, per no generar residus nocius al medi ambient.<\/p>\n\n\n\n<p>Entra a la nostra p\u00e0gina web per descobrir tots els detalls sobre el&nbsp;<strong>lloguer<\/strong>&nbsp;de la&nbsp;<strong>fotocopiadora<\/strong>&nbsp;<strong>KYOCERA<\/strong>&nbsp;a&nbsp;<strong>Barcelona<\/strong>&nbsp;i de tots els nostres productes i serveis. Estem segurs que podr\u00e0s descobrir noves eines que et podran facilitar la vida i ajudar-te a millorar la teva gesti\u00f3 empresarial, d&#039;una manera c\u00f2moda, eficient, productiva i professional, sense haver de gastar m\u00e9s diners del compte.<\/p>\n\n\n\n<p>Tamb\u00e9 pots seguir el nostre bloc per estar al dia de totes les novetats i informacions relacionades amb la gesti\u00f3 empresarial, el manteniment i la seguretat inform\u00e0tica.<\/p>","protected":false},"excerpt":{"rendered":"<p>Disfruta del mejor servicio de&nbsp;alquiler&nbsp;de la&nbsp;fotocopiadora&nbsp;KYOCERA&nbsp;en&nbsp;Barcelona, que puedes encontrar en Apen. Nosotros tenemos la suerte de ser distribuidores de las marcas l\u00edderes en el sector de las soluciones de impresi\u00f3n, tales como KYOCERA, OKI, KONICA MINOLTA y HP, por lo que podemos garantizarte los mejores resultados y propuestas hechas a medida para cubrir las necesidades&#8230;<\/p>","protected":false},"author":4,"featured_media":0,"parent":12887,"menu_order":0,"comment_status":"closed","ping_status":"closed","template":"page-renting-impresoras.php","meta":{"_acf_changed":false,"_kad_blocks_custom_css":"","_kad_blocks_head_custom_js":"","_kad_blocks_body_custom_js":"","_kad_blocks_footer_custom_js":"","_kad_post_transparent":"","_kad_post_title":"","_kad_post_layout":"","_kad_post_sidebar_id":"","_kad_post_content_style":"","_kad_post_vertical_padding":"","_kad_post_feature":"","_kad_post_feature_position":"","_kad_post_header":false,"_kad_post_footer":false,"_kad_post_classname":"","footnotes":""},"class_list":["post-12889","page","type-page","status-publish","hentry"],"acf":[],"yoast_head":"<!-- This site is optimized with the Yoast SEO plugin v27.4 - https:\/\/yoast.com\/product\/yoast-seo-wordpress\/ -->\n<title>Alquiler fotocopiadora KYOCERA Barcelona - Apen Inform\u00e1tica<\/title>\n<meta name=\"description\" content=\"Alquiler de fotocopiadoras de la marca Kyocera en Barcelona. Soluciones de impresi\u00f3n para empresas. Renting y Alquiler de impresoras y fotocopiadora.\" \/>\n<meta name=\"robots\" content=\"index, follow, max-snippet:-1, max-image-preview:large, max-video-preview:-1\" \/>\n<link rel=\"canonical\" href=\"https:\/\/www.apen.es\/ca\/fotocopiadora\/lloguer-fotocopiadora-kyocera\/lloguer-barcelona\/\" \/>\n<meta property=\"og:locale\" content=\"ca_ES\" \/>\n<meta property=\"og:type\" content=\"article\" \/>\n<meta property=\"og:title\" content=\"Alquiler fotocopiadora KYOCERA Barcelona - Apen Inform\u00e1tica\" \/>\n<meta property=\"og:description\" content=\"Alquiler de fotocopiadoras de la marca Kyocera en Barcelona. Soluciones de impresi\u00f3n para empresas. Renting y Alquiler de impresoras y fotocopiadora.\" \/>\n<meta property=\"og:url\" content=\"https:\/\/www.apen.es\/ca\/fotocopiadora\/lloguer-fotocopiadora-kyocera\/lloguer-barcelona\/\" \/>\n<meta property=\"og:site_name\" content=\"Apen Inform\u00e1tica\" \/>\n<meta property=\"article:publisher\" content=\"https:\/\/www.facebook.com\/apensolucions\" \/>\n<meta property=\"article:modified_time\" content=\"2025-05-23T08:31:33+00:00\" \/>\n<meta property=\"og:image\" content=\"https:\/\/www.apen.es\/wp-content\/uploads\/2016\/05\/logo-apen-231x82-trasparent.png\" \/>\n\t<meta property=\"og:image:width\" content=\"231\" \/>\n\t<meta property=\"og:image:height\" content=\"82\" \/>\n\t<meta property=\"og:image:type\" content=\"image\/png\" \/>\n<meta name=\"twitter:card\" content=\"summary_large_image\" \/>\n<meta name=\"twitter:label1\" content=\"Temps estimat de lectura\" \/>\n\t<meta name=\"twitter:data1\" content=\"8 minuts\" \/>\n<script type=\"application\/ld+json\" class=\"yoast-schema-graph\">{\"@context\":\"https:\\\/\\\/schema.org\",\"@graph\":[{\"@type\":\"WebPage\",\"@id\":\"https:\\\/\\\/www.apen.es\\\/fotocopiadora\\\/alquiler-fotocopiadora-kyocera\\\/alquiler-barcelona\\\/\",\"url\":\"https:\\\/\\\/www.apen.es\\\/fotocopiadora\\\/alquiler-fotocopiadora-kyocera\\\/alquiler-barcelona\\\/\",\"name\":\"Alquiler fotocopiadora KYOCERA Barcelona - Apen Inform\u00e1tica\",\"isPartOf\":{\"@id\":\"https:\\\/\\\/www.apen.es\\\/#website\"},\"datePublished\":\"2019-02-06T14:11:10+00:00\",\"dateModified\":\"2025-05-23T08:31:33+00:00\",\"description\":\"Alquiler de fotocopiadoras de la marca Kyocera en Barcelona. Soluciones de impresi\u00f3n para empresas. Renting y Alquiler de impresoras y fotocopiadora.\",\"breadcrumb\":{\"@id\":\"https:\\\/\\\/www.apen.es\\\/fotocopiadora\\\/alquiler-fotocopiadora-kyocera\\\/alquiler-barcelona\\\/#breadcrumb\"},\"inLanguage\":\"ca\",\"potentialAction\":[{\"@type\":\"ReadAction\",\"target\":[\"https:\\\/\\\/www.apen.es\\\/fotocopiadora\\\/alquiler-fotocopiadora-kyocera\\\/alquiler-barcelona\\\/\"]}]},{\"@type\":\"BreadcrumbList\",\"@id\":\"https:\\\/\\\/www.apen.es\\\/fotocopiadora\\\/alquiler-fotocopiadora-kyocera\\\/alquiler-barcelona\\\/#breadcrumb\",\"itemListElement\":[{\"@type\":\"ListItem\",\"position\":1,\"name\":\"Portada\",\"item\":\"https:\\\/\\\/www.apen.es\\\/\"},{\"@type\":\"ListItem\",\"position\":2,\"name\":\"Fotocopiadora\",\"item\":\"https:\\\/\\\/www.apen.es\\\/fotocopiadora\\\/\"},{\"@type\":\"ListItem\",\"position\":3,\"name\":\"Alquiler fotocopiadora KYOCERA\",\"item\":\"https:\\\/\\\/www.apen.es\\\/fotocopiadora\\\/alquiler-fotocopiadora-kyocera\\\/\"},{\"@type\":\"ListItem\",\"position\":4,\"name\":\"Alquiler fotocopiadora KYOCERA Barcelona\"}]},{\"@type\":\"WebSite\",\"@id\":\"https:\\\/\\\/www.apen.es\\\/#website\",\"url\":\"https:\\\/\\\/www.apen.es\\\/\",\"name\":\"Apen Inform\u00e1tica\",\"description\":\"Mantenimiento Inform\u00e1tico , Software de Gesti\u00f3n, Soluciones de impresi\u00f3n\",\"publisher\":{\"@id\":\"https:\\\/\\\/www.apen.es\\\/#organization\"},\"potentialAction\":[{\"@type\":\"SearchAction\",\"target\":{\"@type\":\"EntryPoint\",\"urlTemplate\":\"https:\\\/\\\/www.apen.es\\\/?s={search_term_string}\"},\"query-input\":{\"@type\":\"PropertyValueSpecification\",\"valueRequired\":true,\"valueName\":\"search_term_string\"}}],\"inLanguage\":\"ca\"},{\"@type\":\"Organization\",\"@id\":\"https:\\\/\\\/www.apen.es\\\/#organization\",\"name\":\"Apen: Soluciones inform\u00e1ticas\",\"url\":\"https:\\\/\\\/www.apen.es\\\/\",\"logo\":{\"@type\":\"ImageObject\",\"inLanguage\":\"ca\",\"@id\":\"https:\\\/\\\/www.apen.es\\\/#\\\/schema\\\/logo\\\/image\\\/\",\"url\":\"https:\\\/\\\/www.apen.es\\\/wp-content\\\/uploads\\\/2022\\\/08\\\/logo-apenok-231x82-1.png\",\"contentUrl\":\"https:\\\/\\\/www.apen.es\\\/wp-content\\\/uploads\\\/2022\\\/08\\\/logo-apenok-231x82-1.png\",\"width\":231,\"height\":82,\"caption\":\"Apen: Soluciones inform\u00e1ticas\"},\"image\":{\"@id\":\"https:\\\/\\\/www.apen.es\\\/#\\\/schema\\\/logo\\\/image\\\/\"},\"sameAs\":[\"https:\\\/\\\/www.facebook.com\\\/apensolucions\",\"https:\\\/\\\/www.youtube.com\\\/user\\\/ApenCentreInformatic\",\"https:\\\/\\\/www.linkedin.com\\\/company\\\/1021771?trk=tyah&trkInfo=clickedVerticalcompanyclickedEntityId1021771idx2-1-2tarId1464195271196tasapenin\"]}]}<\/script>\n<!-- \/ Yoast SEO plugin. -->","yoast_head_json":{"title":"Lloguer fotocopiadora KYOCERA Barcelona - Apen Inform\u00e0tica","description":"Lloguer de fotocopiadores de la marca Kyocera a Barcelona. Solucions d\u00b4impressi\u00f3 per a empreses. R\u00e8nting i lloguer d&#039;impressores i fotocopiadora.","robots":{"index":"index","follow":"follow","max-snippet":"max-snippet:-1","max-image-preview":"max-image-preview:large","max-video-preview":"max-video-preview:-1"},"canonical":"https:\/\/www.apen.es\/ca\/fotocopiadora\/lloguer-fotocopiadora-kyocera\/lloguer-barcelona\/","og_locale":"ca_ES","og_type":"article","og_title":"Alquiler fotocopiadora KYOCERA Barcelona - Apen Inform\u00e1tica","og_description":"Alquiler de fotocopiadoras de la marca Kyocera en Barcelona. Soluciones de impresi\u00f3n para empresas. Renting y Alquiler de impresoras y fotocopiadora.","og_url":"https:\/\/www.apen.es\/ca\/fotocopiadora\/lloguer-fotocopiadora-kyocera\/lloguer-barcelona\/","og_site_name":"Apen Inform\u00e1tica","article_publisher":"https:\/\/www.facebook.com\/apensolucions","article_modified_time":"2025-05-23T08:31:33+00:00","og_image":[{"width":231,"height":82,"url":"https:\/\/www.apen.es\/wp-content\/uploads\/2016\/05\/logo-apen-231x82-trasparent.png","type":"image\/png"}],"twitter_card":"summary_large_image","twitter_misc":{"Temps estimat de lectura":"8 minuts"},"schema":{"@context":"https:\/\/schema.org","@graph":[{"@type":"WebPage","@id":"https:\/\/www.apen.es\/fotocopiadora\/alquiler-fotocopiadora-kyocera\/alquiler-barcelona\/","url":"https:\/\/www.apen.es\/fotocopiadora\/alquiler-fotocopiadora-kyocera\/alquiler-barcelona\/","name":"Lloguer fotocopiadora KYOCERA Barcelona - Apen Inform\u00e0tica","isPartOf":{"@id":"https:\/\/www.apen.es\/#website"},"datePublished":"2019-02-06T14:11:10+00:00","dateModified":"2025-05-23T08:31:33+00:00","description":"Lloguer de fotocopiadores de la marca Kyocera a Barcelona. Solucions d\u00b4impressi\u00f3 per a empreses. R\u00e8nting i lloguer d&#039;impressores i fotocopiadora.","breadcrumb":{"@id":"https:\/\/www.apen.es\/fotocopiadora\/alquiler-fotocopiadora-kyocera\/alquiler-barcelona\/#breadcrumb"},"inLanguage":"ca","potentialAction":[{"@type":"ReadAction","target":["https:\/\/www.apen.es\/fotocopiadora\/alquiler-fotocopiadora-kyocera\/alquiler-barcelona\/"]}]},{"@type":"BreadcrumbList","@id":"https:\/\/www.apen.es\/fotocopiadora\/alquiler-fotocopiadora-kyocera\/alquiler-barcelona\/#breadcrumb","itemListElement":[{"@type":"ListItem","position":1,"name":"Portada","item":"https:\/\/www.apen.es\/"},{"@type":"ListItem","position":2,"name":"Fotocopiadora","item":"https:\/\/www.apen.es\/fotocopiadora\/"},{"@type":"ListItem","position":3,"name":"Alquiler fotocopiadora KYOCERA","item":"https:\/\/www.apen.es\/fotocopiadora\/alquiler-fotocopiadora-kyocera\/"},{"@type":"ListItem","position":4,"name":"Alquiler fotocopiadora KYOCERA Barcelona"}]},{"@type":"WebSite","@id":"https:\/\/www.apen.es\/#website","url":"https:\/\/www.apen.es\/","name":"Apen Inform\u00e0tica","description":"Manteniment inform\u00e0tic , programari de gesti\u00f3, solucions d&#039;impressi\u00f3","publisher":{"@id":"https:\/\/www.apen.es\/#organization"},"potentialAction":[{"@type":"SearchAction","target":{"@type":"EntryPoint","urlTemplate":"https:\/\/www.apen.es\/?s={search_term_string}"},"query-input":{"@type":"PropertyValueSpecification","valueRequired":true,"valueName":"search_term_string"}}],"inLanguage":"ca"},{"@type":"Organization","@id":"https:\/\/www.apen.es\/#organization","name":"Apen: Solucions inform\u00e0tiques","url":"https:\/\/www.apen.es\/","logo":{"@type":"ImageObject","inLanguage":"ca","@id":"https:\/\/www.apen.es\/#\/schema\/logo\/image\/","url":"https:\/\/www.apen.es\/wp-content\/uploads\/2022\/08\/logo-apenok-231x82-1.png","contentUrl":"https:\/\/www.apen.es\/wp-content\/uploads\/2022\/08\/logo-apenok-231x82-1.png","width":231,"height":82,"caption":"Apen: Soluciones inform\u00e1ticas"},"image":{"@id":"https:\/\/www.apen.es\/#\/schema\/logo\/image\/"},"sameAs":["https:\/\/www.facebook.com\/apensolucions","https:\/\/www.youtube.com\/user\/ApenCentreInformatic","https:\/\/www.linkedin.com\/company\/1021771?trk=tyah&trkInfo=clickedVerticalcompanyclickedEntityId1021771idx2-1-2tarId1464195271196tasapenin"]}]}},"taxonomy_info":[],"featured_image_src_large":false,"author_info":{"display_name":"marqueting","author_link":"https:\/\/www.apen.es\/ca\/blog\/author\/marqueting\/"},"comment_info":0,"_links":{"self":[{"href":"https:\/\/www.apen.es\/ca\/wp-json\/wp\/v2\/pages\/12889","targetHints":{"allow":["GET"]}}],"collection":[{"href":"https:\/\/www.apen.es\/ca\/wp-json\/wp\/v2\/pages"}],"about":[{"href":"https:\/\/www.apen.es\/ca\/wp-json\/wp\/v2\/types\/page"}],"author":[{"embeddable":true,"href":"https:\/\/www.apen.es\/ca\/wp-json\/wp\/v2\/users\/4"}],"replies":[{"embeddable":true,"href":"https:\/\/www.apen.es\/ca\/wp-json\/wp\/v2\/comments?post=12889"}],"version-history":[{"count":2,"href":"https:\/\/www.apen.es\/ca\/wp-json\/wp\/v2\/pages\/12889\/revisions"}],"predecessor-version":[{"id":54938,"href":"https:\/\/www.apen.es\/ca\/wp-json\/wp\/v2\/pages\/12889\/revisions\/54938"}],"up":[{"embeddable":true,"href":"https:\/\/www.apen.es\/ca\/wp-json\/wp\/v2\/pages\/12887"}],"wp:attachment":[{"href":"https:\/\/www.apen.es\/ca\/wp-json\/wp\/v2\/media?parent=12889"}],"curies":[{"name":"wp","href":"https:\/\/api.w.org\/{rel}","templated":true}]}}