{"id":12884,"date":"2019-02-06T13:58:15","date_gmt":"2019-02-06T13:58:15","guid":{"rendered":"https:\/\/www.apen.es\/?page_id=12884"},"modified":"2025-05-23T08:16:12","modified_gmt":"2025-05-23T08:16:12","slug":"lloguer-mataro","status":"publish","type":"page","link":"https:\/\/www.apen.es\/ca\/fotocopiadora\/alquiler-fotocopiadora-konica-minolta\/alquiler-mataro\/","title":{"rendered":"Lloguer fotocopiadora KONICA MINOLTA Matar\u00f3"},"content":{"rendered":"<p>Amb m\u00e9s de 25 anys d&#039;experi\u00e8ncia en el manteniment i la seguretat inform\u00e0tica i treballant sempre amb les marques capdavanteres en solucions d&#039;impressi\u00f3, podem garantir-te un servei professional de&nbsp;<strong>lloguer<\/strong>&nbsp;de la&nbsp;<strong>fotocopiadora<\/strong>&nbsp;<strong>KONICA MINOLTA<\/strong>&nbsp;a&nbsp;<strong>Matar\u00f3<\/strong>. Les marques amb qu\u00e8 treballem s\u00f3n OKI, KYOCERA, KONICA MINOLTA i HP, de les quals tenim la sort de ser distribu\u00efdors. Aix\u00f2 ens permet treballar de manera professional i garantir les millors solucions d&#039;impressi\u00f3 als nostres clients, perqu\u00e8 podem fer una proposta a mida per a cada empresa, escollint entre totes les opcions d&#039;impressi\u00f3 multifuncional que ens presenten aquestes quatre marques. Sempre fem un estudi previ de l&#039;empresa dels clients, per proporcionar una soluci\u00f3 d&#039;impressi\u00f3 personalitzada, que s&#039;adapti a les necessitats reals de l&#039;empresa, com ara&nbsp;<strong>lloguer<\/strong>&nbsp;de la&nbsp;<strong>fotocopiadora<\/strong>&nbsp;<strong>KONICA MINOLTA<\/strong>&nbsp;a&nbsp;<strong>Matar\u00f3<\/strong>.<\/p>\n\n\n\n<p>\u00c9s un servei de r\u00e8nting que funciona a trav\u00e9s del sistema de preu per c\u00f2pia, amb qu\u00e8 el client nom\u00e9s haur\u00e0 de pagar per les p\u00e0gines que imprimeix i pel consum el\u00e8ctric de l&#039;equip, podent gaudir de totes les prestacions i funcionalitats del servei de&nbsp;<strong>lloguer<\/strong>&nbsp;de la&nbsp;<strong>fotocopiadora<\/strong>&nbsp;<strong>KONICA MINOLTA<\/strong>&nbsp;a&nbsp;<strong>Matar\u00f3<\/strong>, des del primer dia.<\/p>\n\n\n\n<p>A m\u00e9s, dins aquest servei nosaltres incloem l&#039;assist\u00e8ncia t\u00e8cnica professional, sense que el client hagi de pagar cap tipus de cost addicional. Aix\u00f2 vol dir que nosaltres ens ocupem de la instal\u00b7laci\u00f3 i la configuraci\u00f3 de l&#039;equip, l&#039;assessorament, el manteniment inform\u00e0tic, l&#039;assist\u00e8ncia inform\u00e0tica en menys de quatre hores, les reparacions i la substituci\u00f3 de l&#039;equip en cas d&#039;avaria o els recanvis de peces i de consumibles i tot el que tingui a veure amb el manteniment i la seguretat inform\u00e0tica.<\/p>\n\n\n\n<p>El&nbsp;<strong>lloguer<\/strong>&nbsp;de la&nbsp;<strong>fotocopiadora<\/strong>&nbsp;<strong>KONICA MINOLTA<\/strong>&nbsp;a&nbsp;<strong>Matar\u00f3<\/strong>&nbsp;\u00e9s un servei professional, intu\u00eftiu, eficient i competitiu, just i sostenible. \u00c9s una opci\u00f3 perfecta per a totes aquelles empreses que vulguin treballar amb una impressora multifunci\u00f3 d&#039;\u00faltima generaci\u00f3, sense haver de comprar-la, a m\u00e9s d&#039;obtenir un servei integral que inclou la gesti\u00f3 de les impressions i un servei t\u00e8cnic professional. \u00c9s un servei de r\u00e8nting que fomenta unes impressions m\u00e9s conscients, lluitant contra el malbaratament del paper i tamb\u00e9 reciclant correctament els consumibles, per no generar residus nocius al medi ambient. A m\u00e9s de proporcionar un estalvi energ\u00e8tic i econ\u00f2mic pel que fa als costos anuals de l&#039;empresa del client.<\/p>\n\n\n\n<p>Si vols con\u00e8ixer tot sobre aquest i d&#039;altres serveis t&#039;animem a visitar la nostra p\u00e0gina web, on descobrir\u00e0s tots els avantatges que et poden oferir els equips multifunci\u00f3. No nom\u00e9s pel que fa al&nbsp;<strong>lloguer<\/strong>&nbsp;de la&nbsp;<strong>fotocopiadora<\/strong>&nbsp;<strong>KONICA MINOLTA<\/strong>&nbsp;a Matar\u00f3 de Apen, sin\u00f3 tamb\u00e9 a altres serveis enfocats a millorar la gesti\u00f3 empresarial com el nostre programari a3ERP, amb el qual podr\u00e0s unificar totes les \u00e0rees de l&#039;empresa en un \u00fanic programa.<\/p>","protected":false},"excerpt":{"rendered":"<p>Con m\u00e1s de 25 a\u00f1os de experiencia en el mantenimiento y la seguridad inform\u00e1tica y trabajando siempre con las marcas l\u00edderes en soluciones de impresi\u00f3n, podemos garantizarte un servicio profesional de&nbsp;alquiler&nbsp;de la&nbsp;fotocopiadora&nbsp;KONICA MINOLTA&nbsp;en&nbsp;Matar\u00f3. Las marcas con las que trabajamos son OKI, KYOCERA, KONICA MINOLTA y HP, de las cuales tenemos la suerte de ser distribuidores&#8230;.<\/p>","protected":false},"author":4,"featured_media":0,"parent":12848,"menu_order":0,"comment_status":"closed","ping_status":"closed","template":"page-renting-impresoras.php","meta":{"_acf_changed":false,"_kad_blocks_custom_css":"","_kad_blocks_head_custom_js":"","_kad_blocks_body_custom_js":"","_kad_blocks_footer_custom_js":"","_kad_post_transparent":"","_kad_post_title":"","_kad_post_layout":"","_kad_post_sidebar_id":"","_kad_post_content_style":"","_kad_post_vertical_padding":"","_kad_post_feature":"","_kad_post_feature_position":"","_kad_post_header":false,"_kad_post_footer":false,"_kad_post_classname":"","footnotes":""},"class_list":["post-12884","page","type-page","status-publish","hentry"],"acf":[],"yoast_head":"<!-- This site is optimized with the Yoast SEO plugin v27.4 - https:\/\/yoast.com\/product\/yoast-seo-wordpress\/ -->\n<title>Alquiler fotocopiadora KONICA MINOLTA Matar\u00f3 - Apen Inform\u00e1tica<\/title>\n<meta name=\"description\" content=\"Alquiler de fotocopiadoras de la marca Konica Minolta en Mataro. Impresi\u00f3n para empresas. Renting y Alquiler de impresoras y fotocopiadora.\" \/>\n<meta name=\"robots\" content=\"index, follow, max-snippet:-1, max-image-preview:large, max-video-preview:-1\" \/>\n<link rel=\"canonical\" href=\"https:\/\/www.apen.es\/ca\/fotocopiadora\/lloguer-fotocopiadora-konica-minolta\/lloguer-mataro\/\" \/>\n<meta property=\"og:locale\" content=\"ca_ES\" \/>\n<meta property=\"og:type\" content=\"article\" \/>\n<meta property=\"og:title\" content=\"Alquiler fotocopiadora KONICA MINOLTA Matar\u00f3 - Apen Inform\u00e1tica\" \/>\n<meta property=\"og:description\" content=\"Alquiler de fotocopiadoras de la marca Konica Minolta en Mataro. Impresi\u00f3n para empresas. Renting y Alquiler de impresoras y fotocopiadora.\" \/>\n<meta property=\"og:url\" content=\"https:\/\/www.apen.es\/ca\/fotocopiadora\/lloguer-fotocopiadora-konica-minolta\/lloguer-mataro\/\" \/>\n<meta property=\"og:site_name\" content=\"Apen Inform\u00e1tica\" \/>\n<meta property=\"article:publisher\" content=\"https:\/\/www.facebook.com\/apensolucions\" \/>\n<meta property=\"article:modified_time\" content=\"2025-05-23T08:16:12+00:00\" \/>\n<meta property=\"og:image\" content=\"https:\/\/www.apen.es\/wp-content\/uploads\/2016\/05\/logo-apen-231x82-trasparent.png\" \/>\n\t<meta property=\"og:image:width\" content=\"231\" \/>\n\t<meta property=\"og:image:height\" content=\"82\" \/>\n\t<meta property=\"og:image:type\" content=\"image\/png\" \/>\n<meta name=\"twitter:card\" content=\"summary_large_image\" \/>\n<meta name=\"twitter:label1\" content=\"Temps estimat de lectura\" \/>\n\t<meta name=\"twitter:data1\" content=\"8 minuts\" \/>\n<script type=\"application\/ld+json\" class=\"yoast-schema-graph\">{\"@context\":\"https:\\\/\\\/schema.org\",\"@graph\":[{\"@type\":\"WebPage\",\"@id\":\"https:\\\/\\\/www.apen.es\\\/fotocopiadora\\\/alquiler-fotocopiadora-konica-minolta\\\/alquiler-mataro\\\/\",\"url\":\"https:\\\/\\\/www.apen.es\\\/fotocopiadora\\\/alquiler-fotocopiadora-konica-minolta\\\/alquiler-mataro\\\/\",\"name\":\"Alquiler fotocopiadora KONICA MINOLTA Matar\u00f3 - Apen Inform\u00e1tica\",\"isPartOf\":{\"@id\":\"https:\\\/\\\/www.apen.es\\\/#website\"},\"datePublished\":\"2019-02-06T13:58:15+00:00\",\"dateModified\":\"2025-05-23T08:16:12+00:00\",\"description\":\"Alquiler de fotocopiadoras de la marca Konica Minolta en Mataro. Impresi\u00f3n para empresas. Renting y Alquiler de impresoras y fotocopiadora.\",\"breadcrumb\":{\"@id\":\"https:\\\/\\\/www.apen.es\\\/fotocopiadora\\\/alquiler-fotocopiadora-konica-minolta\\\/alquiler-mataro\\\/#breadcrumb\"},\"inLanguage\":\"ca\",\"potentialAction\":[{\"@type\":\"ReadAction\",\"target\":[\"https:\\\/\\\/www.apen.es\\\/fotocopiadora\\\/alquiler-fotocopiadora-konica-minolta\\\/alquiler-mataro\\\/\"]}]},{\"@type\":\"BreadcrumbList\",\"@id\":\"https:\\\/\\\/www.apen.es\\\/fotocopiadora\\\/alquiler-fotocopiadora-konica-minolta\\\/alquiler-mataro\\\/#breadcrumb\",\"itemListElement\":[{\"@type\":\"ListItem\",\"position\":1,\"name\":\"Portada\",\"item\":\"https:\\\/\\\/www.apen.es\\\/\"},{\"@type\":\"ListItem\",\"position\":2,\"name\":\"Fotocopiadora\",\"item\":\"https:\\\/\\\/www.apen.es\\\/fotocopiadora\\\/\"},{\"@type\":\"ListItem\",\"position\":3,\"name\":\"Alquiler fotocopiadora KONICA MINOLTA\",\"item\":\"https:\\\/\\\/www.apen.es\\\/fotocopiadora\\\/alquiler-fotocopiadora-konica-minolta\\\/\"},{\"@type\":\"ListItem\",\"position\":4,\"name\":\"Alquiler fotocopiadora KONICA MINOLTA Matar\u00f3\"}]},{\"@type\":\"WebSite\",\"@id\":\"https:\\\/\\\/www.apen.es\\\/#website\",\"url\":\"https:\\\/\\\/www.apen.es\\\/\",\"name\":\"Apen Inform\u00e1tica\",\"description\":\"Mantenimiento Inform\u00e1tico , Software de Gesti\u00f3n, Soluciones de impresi\u00f3n\",\"publisher\":{\"@id\":\"https:\\\/\\\/www.apen.es\\\/#organization\"},\"potentialAction\":[{\"@type\":\"SearchAction\",\"target\":{\"@type\":\"EntryPoint\",\"urlTemplate\":\"https:\\\/\\\/www.apen.es\\\/?s={search_term_string}\"},\"query-input\":{\"@type\":\"PropertyValueSpecification\",\"valueRequired\":true,\"valueName\":\"search_term_string\"}}],\"inLanguage\":\"ca\"},{\"@type\":\"Organization\",\"@id\":\"https:\\\/\\\/www.apen.es\\\/#organization\",\"name\":\"Apen: Soluciones inform\u00e1ticas\",\"url\":\"https:\\\/\\\/www.apen.es\\\/\",\"logo\":{\"@type\":\"ImageObject\",\"inLanguage\":\"ca\",\"@id\":\"https:\\\/\\\/www.apen.es\\\/#\\\/schema\\\/logo\\\/image\\\/\",\"url\":\"https:\\\/\\\/www.apen.es\\\/wp-content\\\/uploads\\\/2022\\\/08\\\/logo-apenok-231x82-1.png\",\"contentUrl\":\"https:\\\/\\\/www.apen.es\\\/wp-content\\\/uploads\\\/2022\\\/08\\\/logo-apenok-231x82-1.png\",\"width\":231,\"height\":82,\"caption\":\"Apen: Soluciones inform\u00e1ticas\"},\"image\":{\"@id\":\"https:\\\/\\\/www.apen.es\\\/#\\\/schema\\\/logo\\\/image\\\/\"},\"sameAs\":[\"https:\\\/\\\/www.facebook.com\\\/apensolucions\",\"https:\\\/\\\/www.youtube.com\\\/user\\\/ApenCentreInformatic\",\"https:\\\/\\\/www.linkedin.com\\\/company\\\/1021771?trk=tyah&trkInfo=clickedVerticalcompanyclickedEntityId1021771idx2-1-2tarId1464195271196tasapenin\"]}]}<\/script>\n<!-- \/ Yoast SEO plugin. -->","yoast_head_json":{"title":"Lloguer fotocopiadora KONICA MINOLTA Matar\u00f3 - Apen Inform\u00e0tica","description":"Lloguer de fotocopiadores de la marca Konica Minolta a Mataro. Impressi\u00f3 per a empreses. R\u00e8nting i lloguer d&#039;impressores i fotocopiadora.","robots":{"index":"index","follow":"follow","max-snippet":"max-snippet:-1","max-image-preview":"max-image-preview:large","max-video-preview":"max-video-preview:-1"},"canonical":"https:\/\/www.apen.es\/ca\/fotocopiadora\/lloguer-fotocopiadora-konica-minolta\/lloguer-mataro\/","og_locale":"ca_ES","og_type":"article","og_title":"Alquiler fotocopiadora KONICA MINOLTA Matar\u00f3 - Apen Inform\u00e1tica","og_description":"Alquiler de fotocopiadoras de la marca Konica Minolta en Mataro. Impresi\u00f3n para empresas. Renting y Alquiler de impresoras y fotocopiadora.","og_url":"https:\/\/www.apen.es\/ca\/fotocopiadora\/lloguer-fotocopiadora-konica-minolta\/lloguer-mataro\/","og_site_name":"Apen Inform\u00e1tica","article_publisher":"https:\/\/www.facebook.com\/apensolucions","article_modified_time":"2025-05-23T08:16:12+00:00","og_image":[{"width":231,"height":82,"url":"https:\/\/www.apen.es\/wp-content\/uploads\/2016\/05\/logo-apen-231x82-trasparent.png","type":"image\/png"}],"twitter_card":"summary_large_image","twitter_misc":{"Temps estimat de lectura":"8 minuts"},"schema":{"@context":"https:\/\/schema.org","@graph":[{"@type":"WebPage","@id":"https:\/\/www.apen.es\/fotocopiadora\/alquiler-fotocopiadora-konica-minolta\/alquiler-mataro\/","url":"https:\/\/www.apen.es\/fotocopiadora\/alquiler-fotocopiadora-konica-minolta\/alquiler-mataro\/","name":"Lloguer fotocopiadora KONICA MINOLTA Matar\u00f3 - Apen Inform\u00e0tica","isPartOf":{"@id":"https:\/\/www.apen.es\/#website"},"datePublished":"2019-02-06T13:58:15+00:00","dateModified":"2025-05-23T08:16:12+00:00","description":"Lloguer de fotocopiadores de la marca Konica Minolta a Mataro. Impressi\u00f3 per a empreses. R\u00e8nting i lloguer d&#039;impressores i fotocopiadora.","breadcrumb":{"@id":"https:\/\/www.apen.es\/fotocopiadora\/alquiler-fotocopiadora-konica-minolta\/alquiler-mataro\/#breadcrumb"},"inLanguage":"ca","potentialAction":[{"@type":"ReadAction","target":["https:\/\/www.apen.es\/fotocopiadora\/alquiler-fotocopiadora-konica-minolta\/alquiler-mataro\/"]}]},{"@type":"BreadcrumbList","@id":"https:\/\/www.apen.es\/fotocopiadora\/alquiler-fotocopiadora-konica-minolta\/alquiler-mataro\/#breadcrumb","itemListElement":[{"@type":"ListItem","position":1,"name":"Portada","item":"https:\/\/www.apen.es\/"},{"@type":"ListItem","position":2,"name":"Fotocopiadora","item":"https:\/\/www.apen.es\/fotocopiadora\/"},{"@type":"ListItem","position":3,"name":"Alquiler fotocopiadora KONICA MINOLTA","item":"https:\/\/www.apen.es\/fotocopiadora\/alquiler-fotocopiadora-konica-minolta\/"},{"@type":"ListItem","position":4,"name":"Alquiler fotocopiadora KONICA MINOLTA Matar\u00f3"}]},{"@type":"WebSite","@id":"https:\/\/www.apen.es\/#website","url":"https:\/\/www.apen.es\/","name":"Apen Inform\u00e0tica","description":"Manteniment inform\u00e0tic , programari de gesti\u00f3, solucions d&#039;impressi\u00f3","publisher":{"@id":"https:\/\/www.apen.es\/#organization"},"potentialAction":[{"@type":"SearchAction","target":{"@type":"EntryPoint","urlTemplate":"https:\/\/www.apen.es\/?s={search_term_string}"},"query-input":{"@type":"PropertyValueSpecification","valueRequired":true,"valueName":"search_term_string"}}],"inLanguage":"ca"},{"@type":"Organization","@id":"https:\/\/www.apen.es\/#organization","name":"Apen: Solucions inform\u00e0tiques","url":"https:\/\/www.apen.es\/","logo":{"@type":"ImageObject","inLanguage":"ca","@id":"https:\/\/www.apen.es\/#\/schema\/logo\/image\/","url":"https:\/\/www.apen.es\/wp-content\/uploads\/2022\/08\/logo-apenok-231x82-1.png","contentUrl":"https:\/\/www.apen.es\/wp-content\/uploads\/2022\/08\/logo-apenok-231x82-1.png","width":231,"height":82,"caption":"Apen: Soluciones inform\u00e1ticas"},"image":{"@id":"https:\/\/www.apen.es\/#\/schema\/logo\/image\/"},"sameAs":["https:\/\/www.facebook.com\/apensolucions","https:\/\/www.youtube.com\/user\/ApenCentreInformatic","https:\/\/www.linkedin.com\/company\/1021771?trk=tyah&trkInfo=clickedVerticalcompanyclickedEntityId1021771idx2-1-2tarId1464195271196tasapenin"]}]}},"taxonomy_info":[],"featured_image_src_large":false,"author_info":{"display_name":"marqueting","author_link":"https:\/\/www.apen.es\/ca\/blog\/author\/marqueting\/"},"comment_info":0,"_links":{"self":[{"href":"https:\/\/www.apen.es\/ca\/wp-json\/wp\/v2\/pages\/12884","targetHints":{"allow":["GET"]}}],"collection":[{"href":"https:\/\/www.apen.es\/ca\/wp-json\/wp\/v2\/pages"}],"about":[{"href":"https:\/\/www.apen.es\/ca\/wp-json\/wp\/v2\/types\/page"}],"author":[{"embeddable":true,"href":"https:\/\/www.apen.es\/ca\/wp-json\/wp\/v2\/users\/4"}],"replies":[{"embeddable":true,"href":"https:\/\/www.apen.es\/ca\/wp-json\/wp\/v2\/comments?post=12884"}],"version-history":[{"count":5,"href":"https:\/\/www.apen.es\/ca\/wp-json\/wp\/v2\/pages\/12884\/revisions"}],"predecessor-version":[{"id":54855,"href":"https:\/\/www.apen.es\/ca\/wp-json\/wp\/v2\/pages\/12884\/revisions\/54855"}],"up":[{"embeddable":true,"href":"https:\/\/www.apen.es\/ca\/wp-json\/wp\/v2\/pages\/12848"}],"wp:attachment":[{"href":"https:\/\/www.apen.es\/ca\/wp-json\/wp\/v2\/media?parent=12884"}],"curies":[{"name":"wp","href":"https:\/\/api.w.org\/{rel}","templated":true}]}}